{"id":21183,"date":"2021-08-14T15:40:34","date_gmt":"2021-08-14T08:40:34","guid":{"rendered":"https:\/\/havamall.vn\/?post_type=product&#038;p=21183"},"modified":"2022-06-14T15:19:42","modified_gmt":"2022-06-14T08:19:42","slug":"ngu-coc-socola-dang-manh-sottolestelle-chocolate-cereal-flakes-300g","status":"publish","type":"product","link":"https:\/\/havamall.vn\/en\/shop\/ngu-coc-socola-dang-manh-sottolestelle-chocolate-cereal-flakes-300g\/","title":{"rendered":"Ng\u0169 C\u1ed1c Socola D\u1ea1ng M\u1ea3nh &#8211; Sottolestelle Chocolate Cereal Flakes 300g"},"content":{"rendered":"<h3><strong>TH\u00d4NG TIN S\u1ea2N PH\u1ea8M<\/strong><\/h3>\n<table>\n<tbody>\n<tr>\n<td>Th\u01b0\u01a1ng hi\u1ec7u<\/td>\n<td>Sottolestelle<\/td>\n<\/tr>\n<tr>\n<td>Xu\u1ea5t x\u1ee9<\/td>\n<td>\u00dd<\/td>\n<\/tr>\n<tr>\n<td>Th\u00e0nh ph\u1ea7n<\/td>\n<td>B\u1ed9t ng\u0169 c\u1ed1c, \u0111\u01b0\u1eddng m\u00eda, b\u1ed9t cacao t\u00e1ch b\u00e9o, siro g\u1ea1o,&#8230;<\/td>\n<\/tr>\n<tr>\n<td>H\u1ea1n s\u1eed d\u1ee5ng<\/td>\n<td>24 th\u00e1ng k\u1ec3 t\u1eeb ng\u00e0y s\u1ea3n xu\u1ea5t.<\/td>\n<\/tr>\n<tr>\n<td>B\u1ea3o qu\u1ea3n<\/td>\n<td>\u0110\u1ec3 n\u01a1i kh\u00f4 r\u00e1o, tho\u00e1ng m\u00e1t, tr\u00e1nh \u00e1nh n\u1eafng tr\u1ef1c ti\u1ebfp<\/td>\n<\/tr>\n<tr>\n<td>Kh\u1ed1i l\u01b0\u1ee3ng t\u1ecbnh<\/td>\n<td>300g<\/td>\n<\/tr>\n<\/tbody>\n<\/table>\n<p>\u00dd l\u00e0 m\u1ed9t trong 10 qu\u1ed1c gia h\u00e0ng \u0111\u1ea7u v\u1ec1 s\u1ea3n xu\u1ea5t th\u1ef1c ph\u1ea9m h\u1eefu c\u01a1 tr\u00ean th\u1ebf gi\u1edbi. N\u0103m 2018, t\u1ed5ng di\u1ec7n t\u00edch N\u00f4ng nghi\u1ec7p h\u1eefu c\u01a1 \u0111\u00e3 v\u01b0\u1ee3t 2 tri\u1ec7u ha, chi\u1ebfm 15,5% di\u1ec7n t\u00edch n\u00f4ng nghi\u1ec7p tr\u00ean c\u1ea3 n\u01b0\u1edbc. N\u1eb1m trong s\u1ed1 nh\u00e0 cung c\u1ea5p trong chu\u1ed7i h\u1eefu c\u01a1 n\u00e0y th\u00ec Sottolestelle \u0111\u01b0\u1ee3c xem nh\u01b0 bi\u1ec3u tr\u01b0ng l\u1edbn nh\u1ea5t t\u1ea1i \u00dd hi\u1ec7n nay. Sottolestelle \u0111\u01b0\u1ee3c th\u00e0nh l\u1eadp n\u0103m 1992 t\u1ea1i v\u00f9ng \u0111\u1ed3ng qu\u00ea Gargano (Puglia) ph\u00eda \u0110\u00f4ng Nam n\u01b0\u1edbc \u00dd, v\u1edbi \u0111\u1ecbnh h\u01b0\u1edbng ph\u00e1t tri\u1ec3n theo m\u00f4 h\u00ecnh kh\u00e9p k\u00edn, g\u1ed3m 4 nh\u00f3m c\u1ea5u tr\u00fac: trang tr\u1ea1i, s\u1ea3n xu\u1ea5t, \u0111\u00f3ng g\u00f3i v\u00e0 ph\u00e2n ph\u1ed1i.<\/p>\n<p><img fetchpriority=\"high\" decoding=\"async\" class=\"wp-image-21189 aligncenter\" src=\"https:\/\/havamall.vn\/wp-content\/uploads\/2021\/08\/luo-1-260x300.png\" alt=\"\" width=\"701\" height=\"809\" srcset=\"https:\/\/havamall.vn\/wp-content\/uploads\/2021\/08\/luo-1-260x300.png 260w, https:\/\/havamall.vn\/wp-content\/uploads\/2021\/08\/luo-1-430x495.png 430w, https:\/\/havamall.vn\/wp-content\/uploads\/2021\/08\/luo-1-150x173.png 150w, https:\/\/havamall.vn\/wp-content\/uploads\/2021\/08\/luo-1-700x807.png 700w, https:\/\/havamall.vn\/wp-content\/uploads\/2021\/08\/luo-1-768x885.png 768w, https:\/\/havamall.vn\/wp-content\/uploads\/2021\/08\/luo-1-1200x1383.png 1200w, https:\/\/havamall.vn\/wp-content\/uploads\/2021\/08\/luo-1-600x691.png 600w, https:\/\/havamall.vn\/wp-content\/uploads\/2021\/08\/luo-1.png 1413w\" sizes=\"(max-width: 701px) 100vw, 701px\" \/><\/p>\n<p>Ng\u0169 c\u1ed1c h\u1eefu c\u01a1 socola d\u1ea1ng m\u1ea3nh Sottolestelle \u0111\u01b0\u1ee3c l\u00e0m t\u1eeb nguy\u00ean li\u1ec7u t\u1ef1 nhi\u00ean gi\u00e0u dinh d\u01b0\u1ee1ng t\u1ed1t cho c\u01a1 th\u1ec3 nh\u01b0: b\u1ed9t l\u00faa m\u1ef3, b\u1ed9t g\u1ea1o, b\u1ed9t ng\u00f4, b\u1ed9t cacao, siro, \u0111\u01b0\u1eddng m\u00eda, vani. T\u1ea5t c\u1ea3 k\u1ebft h\u1ee3p v\u1edbi nhau \u0111\u1ec3 \u0111\u1ea3m b\u1ea3o l\u00e0 lo\u1ea1i ng\u0169 c\u1ed1c th\u01a1m ngon, ch\u1ea5t l\u01b0\u1ee3ng h\u00e0ng \u0111\u1ea7u, c\u1ef1c k\u1ef3 l\u00fd t\u01b0\u1edfng cho b\u1eefa \u0103n s\u00e1ng nhanh m\u00e0 v\u1eabn \u0111\u00e1p \u1ee9ng \u0111\u1ea7y \u0111\u1ee7 nhu c\u1ea7u d\u01b0\u1ee1ng ch\u1ea5t m\u1ed9t c\u00e1ch t\u1ef1 nhi\u00ean nh\u1ea5t.<\/p>\n<p><img decoding=\"async\" class=\"wp-image-21188 aligncenter\" src=\"https:\/\/havamall.vn\/wp-content\/uploads\/2021\/08\/kl-300x295.png\" alt=\"\" width=\"698\" height=\"687\" srcset=\"https:\/\/havamall.vn\/wp-content\/uploads\/2021\/08\/kl-300x295.png 300w, https:\/\/havamall.vn\/wp-content\/uploads\/2021\/08\/kl-430x422.png 430w, https:\/\/havamall.vn\/wp-content\/uploads\/2021\/08\/kl-150x147.png 150w, https:\/\/havamall.vn\/wp-content\/uploads\/2021\/08\/kl-700x688.png 700w, https:\/\/havamall.vn\/wp-content\/uploads\/2021\/08\/kl-768x755.png 768w, https:\/\/havamall.vn\/wp-content\/uploads\/2021\/08\/kl-1024x1006.png 1024w, https:\/\/havamall.vn\/wp-content\/uploads\/2021\/08\/kl-1200x1179.png 1200w, https:\/\/havamall.vn\/wp-content\/uploads\/2021\/08\/kl.png 1423w\" sizes=\"(max-width: 698px) 100vw, 698px\" \/><\/p>\n<p>Ng\u0169 c\u1ed1c h\u1eefu c\u01a1 socola d\u1ea1ng m\u1ea3nh Sottolestelle lad l\u1ef1a ch\u1ecdn l\u00fd t\u01b0\u1edfng cho b\u1eefa \u0103n nh\u1eb9 ho\u1eb7c \u0103n s\u00e1ng c\u00f9ng v\u1edb s\u1eefa chua, s\u1eefa, n\u01b0\u1edbc \u00e9p. S\u1ea3n ph\u1ea9m kh\u00f4ng ch\u1ee9a ch\u1ea5t \u0111\u1ed9c h\u1ea1i, kh\u00f4ng gluten, ph\u00ec h\u1ee3p v\u1edb ng\u01b0\u1eddi l\u1edbn v\u00e0 tr\u1ebb em tr\u00ean 1 tu\u1ed5i.<\/p>\n<p><img decoding=\"async\" class=\"wp-image-21186 aligncenter\" src=\"https:\/\/havamall.vn\/wp-content\/uploads\/2021\/08\/tyth-244x300.png\" alt=\"\" width=\"705\" height=\"866\" srcset=\"https:\/\/havamall.vn\/wp-content\/uploads\/2021\/08\/tyth-244x300.png 244w, https:\/\/havamall.vn\/wp-content\/uploads\/2021\/08\/tyth-430x528.png 430w, https:\/\/havamall.vn\/wp-content\/uploads\/2021\/08\/tyth-150x184.png 150w, https:\/\/havamall.vn\/wp-content\/uploads\/2021\/08\/tyth-700x859.png 700w, https:\/\/havamall.vn\/wp-content\/uploads\/2021\/08\/tyth-768x942.png 768w, https:\/\/havamall.vn\/wp-content\/uploads\/2021\/08\/tyth-834x1024.png 834w, https:\/\/havamall.vn\/wp-content\/uploads\/2021\/08\/tyth-1200x1473.png 1200w, https:\/\/havamall.vn\/wp-content\/uploads\/2021\/08\/tyth-600x736.png 600w, https:\/\/havamall.vn\/wp-content\/uploads\/2021\/08\/tyth.png 1440w\" sizes=\"(max-width: 705px) 100vw, 705px\" \/><\/p>\n<p>Ng\u0169 c\u1ed1c h\u1eefu c\u01a1 socola d\u1ea1ng m\u1ea3nh Sottolestelle c\u00f3 c\u00e1c th\u00e0nh ph\u1ea7n ch\u1ee9a nhi\u1ec1u dinh d\u01b0\u1ee1ng.H\u01b0\u01a1ng v\u1ecb th\u01a1m ngon, b\u1ed5 d\u01b0\u1ee1ng. \u0110\u01b0\u1ee3c s\u1ea3n xu\u1ea5t tr\u00ean d\u00e2y chuy\u1ec1n c\u00f4ng ngh\u1ec7 hi\u1ec7n \u0111\u1ea1i c\u1ee7a \u00dd. Ng\u0169 c\u1ed1c h\u1eefu c\u01a1 socola d\u1ea1ng m\u1ea3nh Sottolestelle\u00a0b\u1ed5 sung m\u1ed9t s\u1ed1 d\u01b0\u1ee1ng ch\u1ea5t t\u1ed1t cho c\u01a1 th\u1ec3 ng\u01b0\u1eddi d\u00f9ng. Ng\u0169 c\u1ed1c dinh d\u01b0\u1ee1ng v\u1edbi h\u01b0\u01a1ng socola th\u01a1m ngon, ng\u1ecdt d\u1ecbu ph\u00f9 h\u1ee3p kh\u1ea9u v\u1ecb c\u1ee7a nhi\u1ec1u ng\u01b0\u1eddi ti\u00eau d\u00f9ng.<\/p>\n<p><img loading=\"lazy\" decoding=\"async\" class=\"wp-image-21187 aligncenter\" src=\"https:\/\/havamall.vn\/wp-content\/uploads\/2021\/08\/ui87u7-300x153.jpg\" alt=\"\" width=\"712\" height=\"363\" srcset=\"https:\/\/havamall.vn\/wp-content\/uploads\/2021\/08\/ui87u7-300x153.jpg 300w, https:\/\/havamall.vn\/wp-content\/uploads\/2021\/08\/ui87u7-430x220.jpg 430w, https:\/\/havamall.vn\/wp-content\/uploads\/2021\/08\/ui87u7-150x77.jpg 150w, https:\/\/havamall.vn\/wp-content\/uploads\/2021\/08\/ui87u7-700x358.jpg 700w, https:\/\/havamall.vn\/wp-content\/uploads\/2021\/08\/ui87u7-768x392.jpg 768w, https:\/\/havamall.vn\/wp-content\/uploads\/2021\/08\/ui87u7-600x306.jpg 600w, https:\/\/havamall.vn\/wp-content\/uploads\/2021\/08\/ui87u7.jpg 1020w\" sizes=\"(max-width: 712px) 100vw, 712px\" \/><\/p>\n<h4><strong>\u0110\u1eb7c \u0111i\u1ec3m n\u1ed5i b\u1eadt c\u1ee7a s\u1ea3n ph\u1ea9m:<\/strong><\/h4>\n<p>&#8211; S\u1ea3n ph\u1ea9m c\u00f3 h\u01b0\u01a1ng v\u1ecb th\u01a1m ngon \u0111\u1eb7c tr\u01b0ng c\u00f9ng v\u1ecb b\u00f9i b\u00e9o t\u1ef1 nhi\u00ean c\u1ee7a ng\u0169 c\u1ed1c mang l\u1ea1i c\u1ea3m gi\u00e1c ngon mi\u1ec7ng khi \u0103n.<br \/>\n&#8211; S\u1ea3n ph\u1ea9m c\u00f3 t\u00ednh ti\u1ec7n d\u1ee5ng cao gi\u00fap b\u1ea1n kh\u00f4ng m\u1ea5t qu\u00e1 nhi\u1ec1u th\u1eddi gian nh\u01b0ng v\u1eabn c\u00f3 b\u1eefa \u0103n \u0111\u1ea7y \u0111\u1ee7 dinh d\u01b0\u1ee1ng.<br \/>\n&#8211; S\u1ea3n ph\u1ea9m c\u00f3 d\u1ea1ng vi\u00ean, ti\u1ec7n l\u1ee3i cho vi\u1ec7c mang theo khi l\u00e0m vi\u1ec7c, \u0111i h\u1ecdc, picnic<\/p>\n<p>S\u1ea3n ph\u1ea9m hi\u1ec7n \u0111\u00e3 c\u00f3 m\u1eb7t t\u1ea1i nh\u00e0 Havamall.<\/p>","protected":false},"excerpt":{"rendered":"<p>TH\u00d4NG TIN S\u1ea2N PH\u1ea8M Th\u01b0\u01a1ng hi\u1ec7u Sottolestelle Xu\u1ea5t x\u1ee9 \u00dd Th\u00e0nh ph\u1ea7n B\u1ed9t ng\u0169 c\u1ed1c, \u0111\u01b0\u1eddng m\u00eda, b\u1ed9t cacao t\u00e1ch<\/p>","protected":false},"featured_media":21184,"comment_status":"open","ping_status":"closed","template":"","meta":[],"product_brand":[],"product_cat":[256,36,133,134],"product_tag":[],"class_list":{"0":"post-21183","1":"product","2":"type-product","3":"status-publish","4":"has-post-thumbnail","6":"product_cat-thuc-pham-huu-co","7":"product_cat-thuc-pham-tieu-dung","8":"product_cat-banh-keo-chocolate","9":"product_cat-thucpham-saykho","10":"pa_brand-sottolestell","12":"first","13":"outofstock","14":"sale","15":"shipping-taxable","16":"purchasable","17":"product-type-simple"},"_links":{"self":[{"href":"https:\/\/havamall.vn\/en\/wp-json\/wp\/v2\/product\/21183"}],"collection":[{"href":"https:\/\/havamall.vn\/en\/wp-json\/wp\/v2\/product"}],"about":[{"href":"https:\/\/havamall.vn\/en\/wp-json\/wp\/v2\/types\/product"}],"replies":[{"embeddable":true,"href":"https:\/\/havamall.vn\/en\/wp-json\/wp\/v2\/comments?post=21183"}],"version-history":[{"count":0,"href":"https:\/\/havamall.vn\/en\/wp-json\/wp\/v2\/product\/21183\/revisions"}],"wp:featuredmedia":[{"embeddable":true,"href":"https:\/\/havamall.vn\/en\/wp-json\/wp\/v2\/media\/21184"}],"wp:attachment":[{"href":"https:\/\/havamall.vn\/en\/wp-json\/wp\/v2\/media?parent=21183"}],"wp:term":[{"taxonomy":"product_brand","embeddable":true,"href":"https:\/\/havamall.vn\/en\/wp-json\/wp\/v2\/product_brand?post=21183"},{"taxonomy":"product_cat","embeddable":true,"href":"https:\/\/havamall.vn\/en\/wp-json\/wp\/v2\/product_cat?post=21183"},{"taxonomy":"product_tag","embeddable":true,"href":"https:\/\/havamall.vn\/en\/wp-json\/wp\/v2\/product_tag?post=21183"}],"curies":[{"name":"wp","href":"https:\/\/api.w.org\/{rel}","templated":true}]}}