{"id":21182,"date":"2021-08-14T16:12:51","date_gmt":"2021-08-14T09:12:51","guid":{"rendered":"https:\/\/havamall.vn\/?post_type=product&#038;p=21182"},"modified":"2022-11-02T11:08:34","modified_gmt":"2022-11-02T04:08:34","slug":"gao-thom-huu-co-vietsuisse-1kg-organic-fragrant-rice","status":"publish","type":"product","link":"https:\/\/havamall.vn\/en\/shop\/gao-thom-huu-co-vietsuisse-1kg-organic-fragrant-rice\/","title":{"rendered":"G\u1ea1o Th\u01a1m H\u1eefu C\u01a1 VietSuisse 1kg &#8211; Organic Fragrant Rice"},"content":{"rendered":"<p>T\u1ea1i v\u00f9ng h\u1ea1 l\u01b0u s\u00f4ng Mekong thu\u1ed9c t\u1ec9nh Tr\u00e0 Vinh, v\u1edbi kh\u00ed h\u1eadu \u0111\u1eb7c th\u00f9, m\u1ed9t m\u00f9a n\u01b0\u1edbc m\u1eb7n v\u00e0 m\u1ed9t m\u00f9a n\u01b0\u1edbc ng\u1ecdt, \u0111\u00e3 h\u00ecnh th\u00e0nh t\u1eadp qu\u00e1n canh t\u00e1c l\u00faa xen canh v\u1edbi nu\u00f4i t\u00f4m t\u1ef1 nhi\u00ean. Xu\u1ea5t ph\u00e1t t\u1eeb \u0111i\u1ec1u ki\u1ec7n thu\u1eadn l\u1ee3i \u0111\u00f3, c\u00f4ng ty VSOA v\u1eadn \u0111\u1ed9ng b\u00e0 con n\u00f4ng d\u00e2n th\u1ef1c hi\u1ec7n d\u1ef1 \u00e1n s\u1ea3n xu\u1ea5t l\u00faa h\u1eefu c\u01a1 theo ti\u00eau chu\u1ea9n Ch\u00e2u \u00c2u ( Eu), M\u1ef9 (USDA) v\u00e0 Nh\u1eadt B\u1ea3n (JAS).<\/p>\n<p>S\u1ef1 k\u1ebft h\u1ee3p c\u1ee7a c\u00e1c gi\u1ed1ng l\u00faa \u0111\u1eb7c s\u1ea3n, quy tr\u00ecnh s\u1ea3n xu\u1ea5t l\u00faa h\u1eefu c\u01a1 nghi\u00eam ng\u1eb7t v\u00e0 \u0111i\u1ec1u ki\u1ec7n t\u1ef1 nhi\u00ean \u0111\u1eb7c th\u00f9 \u0111\u00e3 g\u00f3p ph\u1ea7n l\u00e0m cho ch\u1ea5t l\u01b0\u1ee3ng g\u1ea1o h\u1eefu c\u01a1 Vietsuisse th\u01a1m, d\u1ebbo, v\u1ecb \u0111\u1eadm \u0111\u00e0, gi\u00e0u kho\u00e1ng ch\u1ea5t t\u1ef1 nhi\u00ean.<\/p>\n<p><img fetchpriority=\"high\" decoding=\"async\" class=\"wp-image-21198 aligncenter\" src=\"https:\/\/havamall.vn\/wp-content\/uploads\/2021\/08\/gao-huu-co-la-gi-va-co-thuc-su-an-toan-de-su-dung-hay-khong-201910081621578738-300x189.jpg\" alt=\"\" width=\"656\" height=\"413\" srcset=\"https:\/\/havamall.vn\/wp-content\/uploads\/2021\/08\/gao-huu-co-la-gi-va-co-thuc-su-an-toan-de-su-dung-hay-khong-201910081621578738-300x189.jpg 300w, https:\/\/havamall.vn\/wp-content\/uploads\/2021\/08\/gao-huu-co-la-gi-va-co-thuc-su-an-toan-de-su-dung-hay-khong-201910081621578738-430x271.jpg 430w, https:\/\/havamall.vn\/wp-content\/uploads\/2021\/08\/gao-huu-co-la-gi-va-co-thuc-su-an-toan-de-su-dung-hay-khong-201910081621578738-150x95.jpg 150w, https:\/\/havamall.vn\/wp-content\/uploads\/2021\/08\/gao-huu-co-la-gi-va-co-thuc-su-an-toan-de-su-dung-hay-khong-201910081621578738-700x441.jpg 700w, https:\/\/havamall.vn\/wp-content\/uploads\/2021\/08\/gao-huu-co-la-gi-va-co-thuc-su-an-toan-de-su-dung-hay-khong-201910081621578738-768x484.jpg 768w, https:\/\/havamall.vn\/wp-content\/uploads\/2021\/08\/gao-huu-co-la-gi-va-co-thuc-su-an-toan-de-su-dung-hay-khong-201910081621578738-600x378.jpg 600w, https:\/\/havamall.vn\/wp-content\/uploads\/2021\/08\/gao-huu-co-la-gi-va-co-thuc-su-an-toan-de-su-dung-hay-khong-201910081621578738.jpg 800w\" sizes=\"(max-width: 656px) 100vw, 656px\" \/><\/p>\n<div dir=\"auto\">G\u1ea1o h\u1eefu c\u01a1 VietSuisse hi\u1ec7n c\u00f3 c\u00e1c d\u00f2ng: G\u1ea1o Tr\u1eafng h\u1eefu c\u01a1 v\u00e0 g\u1ea1o l\u1ee9t h\u1eefu c\u01a1 \u0111\u01b0\u1ee3c s\u1ea3n xu\u1ea5t t\u1eeb gi\u1ed1ng l\u00faa \u0111\u1eb7c s\u1ea3n ST25, gi\u1ed1ng l\u00faa cho ra \u0111\u1eddi lo\u1ea1i g\u1ea1o \u0111\u01b0\u1ee3c vinh danh \u201cTOP 1 G\u1ea0O NGON NH\u1ea4T TH\u1ebe GI\u1edaI\u201d v\u00e0o n\u0103m 2019. Nay \u0111\u00e3 c\u00f3 m\u1eb7t t\u1ea1i Havamall.<\/div>\n<div dir=\"auto\"><\/div>\n<div dir=\"auto\"><img decoding=\"async\" class=\"wp-image-21196 aligncenter\" src=\"https:\/\/havamall.vn\/wp-content\/uploads\/2021\/08\/G\u1ea0O-300x200.jpg\" alt=\"\" width=\"654\" height=\"436\" srcset=\"https:\/\/havamall.vn\/wp-content\/uploads\/2021\/08\/G\u1ea0O-300x200.jpg 300w, https:\/\/havamall.vn\/wp-content\/uploads\/2021\/08\/G\u1ea0O-430x287.jpg 430w, https:\/\/havamall.vn\/wp-content\/uploads\/2021\/08\/G\u1ea0O-150x100.jpg 150w, https:\/\/havamall.vn\/wp-content\/uploads\/2021\/08\/G\u1ea0O-700x467.jpg 700w, https:\/\/havamall.vn\/wp-content\/uploads\/2021\/08\/G\u1ea0O-768x512.jpg 768w, https:\/\/havamall.vn\/wp-content\/uploads\/2021\/08\/G\u1ea0O-1024x683.jpg 1024w, https:\/\/havamall.vn\/wp-content\/uploads\/2021\/08\/G\u1ea0O-1200x800.jpg 1200w, https:\/\/havamall.vn\/wp-content\/uploads\/2021\/08\/G\u1ea0O-600x400.jpg 600w, https:\/\/havamall.vn\/wp-content\/uploads\/2021\/08\/G\u1ea0O.jpg 2048w\" sizes=\"(max-width: 654px) 100vw, 654px\" \/><\/div>\n<h3><strong>\u0110\u1eb6C \u0110I\u1ec2M S\u1ea2N PH\u1ea8M<\/strong><\/h3>\n<ul>\n<li>G\u1ea1o h\u1eefu c\u01a1 VietSuisse \u0111\u01b0\u1ee3c \u0111\u00f3ng g\u00f3i b\u1eb1ng c\u00f4ng ngh\u1ec7 h\u00fat ch\u00e2n kh\u00f4ng. L\u1ee3i \u00edch c\u1ee7a vi\u1ec7c \u0111\u01b0\u1ee3c h\u00fat ch\u00e2n kh\u00f4ng l\u00e0 Oxy \u0111\u01b0\u1ee3c h\u00fat ra kh\u1ecfi th\u1ef1c ph\u1ea9m, gi\u00fap h\u1ea1n ch\u1ebf vi sinh v\u1eadt ph\u00e1t tri\u1ec3n \u0111\u1ed3ng th\u1eddi h\u1ea1n ch\u1ebf \u0111\u1ed9 \u1ea9m c\u00f3 trong kh\u00f4ng kh\u00ed t\u1ea1o \u0111i\u1ec1u ki\u1ec7n cho vi khu\u1ea9n ph\u00e1t tri\u1ec3n, \u0111\u1ed3ng ngh\u0129a v\u1edbi vi\u1ec7c k\u00e9o d\u00e0i th\u1eddi gian b\u1ea3o qu\u1ea3n g\u1ea1o.<\/li>\n<li>Ngo\u00e0i c\u00f4ng ngh\u1ec7 h\u00fat ch\u00e2n kh\u00f4ng, m\u1ed7i t\u00fai g\u1ea1o h\u1eefu c\u01a1 VietSuisse c\u00f2n \u0111\u01b0\u1ee3c b\u1ed5 sung th\u00eam 1 g\u00f3i h\u00fat O2 c\u00f3 nguy\u00ean li\u1ec7u ho\u00e0n t\u1ef1 nhi\u00ean gi\u00fap vi\u1ec7c lo\u1ea1i b\u1ecf oxy trong t\u00fai g\u1ea1o g\u1ea7n nh\u01b0 l\u00e0 tuy\u1ec7t \u0111\u1ed1i, Oxy c\u00f2n x\u00f3t l\u1ea1i sau qu\u00e1 tr\u00ecnh h\u00fat ch\u00e2n kh\u00f4ng s\u1ebd \u0111\u01b0\u1ee3c lo\u1ea1i b\u1ecf th\u00eam b\u1edfi t\u00fai h\u00fat O2 n\u00e0y, \u0111\u1ed3ng ngh\u0129 v\u1edbi vi\u1ec7c th\u1eddi gian b\u1ea3o qu\u1ea3n g\u1ea1o s\u1ebd \u0111\u01b0\u1ee3c t\u0103ng th\u00eam.<\/li>\n<li>G\u1ea1o h\u1eefu c\u01a1 VietSuisse \u0111\u01b0\u1ee3c tr\u1ed3ng tr\u1ecdt t\u1ea1i v\u00f9ng ng\u1eadp m\u1eb7n, h\u1ea1 l\u01b0u s\u00f4ng Mekong thu\u1ed9c t\u1ec9nh Tr\u00e0 Vinh, v\u1edbi kh\u00ed h\u1eadu \u0111\u1eb7c th\u00f9, k\u1ebft h\u1ee3p quy tr\u00ecnh ch\u0103m s\u00f3c h\u1eefu c\u01a1 nghi\u00eam ng\u1eb7t gi\u00fap cho g\u1ea1o h\u1eefu c\u01a1 VietSuisse c\u00f3 h\u01b0\u01a1ng &#8211; v\u1ecb th\u01a1m ngon \u0111\u1eadm \u0111\u00e0.<\/li>\n<\/ul>\n<p>G\u00f3p tinh hoa t\u1eeb \u0111\u1ea5t, k\u1ebft h\u1ee3p ng\u00e0n h\u01b0\u01a1ng t\u1eeb tr\u1eddi, h\u1ea1t g\u1ea1o h\u1eefu c\u01a1 VietSuisse \u0111\u01b0\u1ee3c s\u1ea3n xu\u1ea5t theo quy tr\u00ecnh ti\u00eau chu\u1ea9n, l\u01b0u gi\u1eef h\u01b0\u01a1ng th\u01a1m \u0111\u1eb7c tr\u01b0ng v\u00e0 v\u1ecb \u0111\u1eadm \u0111\u00e0 ti\u00eau bi\u1ec3u c\u1ee7a l\u00faa n\u01b0\u1edbc.<\/p>\n<p>G\u1ea1o h\u1eefu c\u01a1 c\u00f3 h\u1ea1t g\u1ea1o tr\u1eafng, \u0111\u1eb9p, d\u1ec5 n\u1ea5u. G\u1ea1o khi n\u1ea5u ch\u00edn cho c\u01a1m m\u1ec1m, x\u1ed1p, s\u0103n c\u01a1m, v\u1ecb \u0111\u1eadm \u0111\u00e1p \u1ee9ng \u0111\u01b0\u1ee3c nhu c\u1ea7u \u0111a d\u1ea1ng c\u1ee7a ng\u01b0\u1eddi ti\u00eau d\u00f9ng.<\/p>\n<p><img decoding=\"async\" class=\"wp-image-21195 aligncenter\" src=\"https:\/\/havamall.vn\/wp-content\/uploads\/2021\/08\/G\u1ea0O-1-300x300.jpg\" alt=\"\" width=\"655\" height=\"655\" srcset=\"https:\/\/havamall.vn\/wp-content\/uploads\/2021\/08\/G\u1ea0O-1-300x300.jpg 300w, https:\/\/havamall.vn\/wp-content\/uploads\/2021\/08\/G\u1ea0O-1-430x430.jpg 430w, https:\/\/havamall.vn\/wp-content\/uploads\/2021\/08\/G\u1ea0O-1-150x150.jpg 150w, https:\/\/havamall.vn\/wp-content\/uploads\/2021\/08\/G\u1ea0O-1-700x700.jpg 700w, https:\/\/havamall.vn\/wp-content\/uploads\/2021\/08\/G\u1ea0O-1-768x768.jpg 768w, https:\/\/havamall.vn\/wp-content\/uploads\/2021\/08\/G\u1ea0O-1-600x600.jpg 600w, https:\/\/havamall.vn\/wp-content\/uploads\/2021\/08\/G\u1ea0O-1-100x100.jpg 100w, https:\/\/havamall.vn\/wp-content\/uploads\/2021\/08\/G\u1ea0O-1.jpg 900w\" sizes=\"(max-width: 655px) 100vw, 655px\" \/><\/p>\n<h3><strong>H\u01af\u1edaNG D\u1eaaN S\u1eec D\u1ee4NG<\/strong><\/h3>\n<ul>\n<li>Vo g\u1ea1o m\u1ed9t l\u1ea7n<\/li>\n<li>G\u1ea1o v\u00e0 n\u01b0\u1edbc theo t\u1ec9 l\u1ec7 1:1 (l\u01b0\u1ee3ng n\u01b0\u1edbc c\u00f3 th\u1ec3 \u0111i\u1ec1u ch\u1ec9nh t\u00f9y thu\u1ed9c v\u00e0o kh\u1ea9u v\u1ecb)<\/li>\n<li>N\u1ea5u trong v\u00f2ng 30 ph\u00fat<\/li>\n<\/ul>\n<p><img loading=\"lazy\" decoding=\"async\" class=\"alignnone wp-image-21197 aligncenter\" src=\"https:\/\/havamall.vn\/wp-content\/uploads\/2021\/08\/jasmine-rice-with-garlic-ginger-and-cilantro-300x199.jpg\" alt=\"\" width=\"656\" height=\"435\" srcset=\"https:\/\/havamall.vn\/wp-content\/uploads\/2021\/08\/jasmine-rice-with-garlic-ginger-and-cilantro-300x199.jpg 300w, https:\/\/havamall.vn\/wp-content\/uploads\/2021\/08\/jasmine-rice-with-garlic-ginger-and-cilantro-430x286.jpg 430w, https:\/\/havamall.vn\/wp-content\/uploads\/2021\/08\/jasmine-rice-with-garlic-ginger-and-cilantro-150x100.jpg 150w, https:\/\/havamall.vn\/wp-content\/uploads\/2021\/08\/jasmine-rice-with-garlic-ginger-and-cilantro-700x465.jpg 700w, https:\/\/havamall.vn\/wp-content\/uploads\/2021\/08\/jasmine-rice-with-garlic-ginger-and-cilantro-768x510.jpg 768w, https:\/\/havamall.vn\/wp-content\/uploads\/2021\/08\/jasmine-rice-with-garlic-ginger-and-cilantro-600x398.jpg 600w, https:\/\/havamall.vn\/wp-content\/uploads\/2021\/08\/jasmine-rice-with-garlic-ginger-and-cilantro.jpg 1000w\" sizes=\"(max-width: 656px) 100vw, 656px\" \/><\/p>\n<h3><strong>TH\u00d4NG TIN S\u1ea2N PH\u1ea8M<\/strong><\/h3>\n<table>\n<tbody>\n<tr>\n<td>Th\u01b0\u01a1ng hi\u1ec7u<\/td>\n<td>VietSuisse<\/td>\n<\/tr>\n<tr>\n<td>Quy c\u00e1ch \u0111\u00f3ng g\u00f3i<\/td>\n<td>1Kg<\/td>\n<\/tr>\n<tr>\n<td>Th\u00e0nh ph\u1ea7n<\/td>\n<td>100% g\u1ea1o th\u01a1m h\u1eefu c\u01a1, kh\u00f4ng bi\u1ebfn \u0111\u1ed5i gen<\/td>\n<\/tr>\n<tr>\n<td>H\u1ea1n s\u1eed d\u1ee5ng<\/td>\n<td>Xem tr\u00ean bao b\u00ec<\/td>\n<\/tr>\n<tr>\n<td>H\u01b0\u1edbng d\u1eabn s\u1eed d\u1ee5ng<\/td>\n<td>D\u00f9ng \u0111\u1ec3 n\u1ea5u c\u01a1m, ch\u00e1o, l\u00e0m kimpap,..<\/td>\n<\/tr>\n<tr>\n<td>B\u1ea3o qu\u1ea3n<\/td>\n<td>-B\u1ea3o qu\u1ea3n n\u01a1i kh\u00f4 r\u00e1o tho\u00e1ng m\u00e1t, tr\u00e1nh \u00e1nh n\u1eafng m\u1eb7t tr\u1eddi chi\u1ebfu tr\u1ef1c ti\u1ebfp.<\/p>\n<p>-Kh\u00f4ng s\u1eed d\u1ee5ng s\u1ea3n ph\u1ea9m qu\u00e1 h\u1ea1n theo c\u00f4ng b\u1ed1.<\/td>\n<\/tr>\n<\/tbody>\n<\/table>\n<p><img loading=\"lazy\" decoding=\"async\" class=\"aligncenter\" src=\"https:\/\/havamall.vn\/wp-content\/uploads\/2021\/08\/Vietsuisse-33.jpg\" alt=\"G\u1ea1o Vietsuisse\" width=\"695\" height=\"463\" \/><\/p>","protected":false},"excerpt":{"rendered":"<ul>\n<li>G\u1ea1o h\u1eefu c\u01a1 VietSuisse \u0111\u1ea1t:<\/li>\n<\/ul>\n<div dir=\"auto\">&#8211; Ch\u1ee9ng nh\u1eadn ch\u1ea5t l\u01b0\u1ee3ng h\u1eefu c\u01a1 Hoa K\u1ef3 USDA<\/div>\n<div dir=\"auto\"><span class=\"pq6dq46d tbxw36s4 knj5qynh kvgmc6g5 ditlmg2l oygrvhab nvdbi5me sf5mxxl7 gl3lb2sf hhz5lgdu\">&#8211; <\/span>Ch\u1ee9ng nh\u1eadn h\u1eefu c\u01a1 Ch\u00e2u EU<\/div>\n<div dir=\"auto\"><span class=\"pq6dq46d tbxw36s4 knj5qynh kvgmc6g5 ditlmg2l oygrvhab nvdbi5me sf5mxxl7 gl3lb2sf hhz5lgdu\">&#8211; <\/span>Ch\u1ee9ng nh\u1eadn h\u1eefu c\u01a1 JAS Nh\u1eadt B\u1ea3n.<\/div>\n<ul>\n<li>L\u00faa \u0111\u01b0\u1ee3c canh t\u00e1c theo quy tr\u00ecnh h\u1eefu c\u01a1 \u0111\u1ea1t ti\u00eau chu\u1ea9n qu\u1ed1c t\u1ebf, \u0111\u1ea3m b\u1ea3o ho\u00e0n to\u00e0n kh\u00f4ng s\u1eed d\u1ee5ng h\u00f3a ch\u1ea5t.<\/li>\n<li>S\u1ea3n ph\u1ea9m \u0111\u01b0\u1ee3c \u00e1p d\u1ee5ng 2 c\u00f4ng ngh\u1ec7 b\u1ea3o qu\u1ea3n an to\u00e0n nh\u1ea5t hi\u1ec7n nay \u0111\u00f3 l\u00e0 c\u00f4ng ngh\u1ec7 h\u00fat ch\u00e2n kh\u00f4ng v\u00e0 s\u1eed d\u1ee5ng t\u00fai oxy.<\/li>\n<\/ul>","protected":false},"featured_media":21202,"comment_status":"open","ping_status":"closed","template":"","meta":[],"product_brand":[],"product_cat":[256,36],"product_tag":[],"class_list":{"0":"post-21182","1":"product","2":"type-product","3":"status-publish","4":"has-post-thumbnail","6":"product_cat-thuc-pham-huu-co","7":"product_cat-thuc-pham-tieu-dung","9":"first","10":"outofstock","11":"sale","12":"shipping-taxable","13":"purchasable","14":"product-type-variable"},"_links":{"self":[{"href":"https:\/\/havamall.vn\/en\/wp-json\/wp\/v2\/product\/21182"}],"collection":[{"href":"https:\/\/havamall.vn\/en\/wp-json\/wp\/v2\/product"}],"about":[{"href":"https:\/\/havamall.vn\/en\/wp-json\/wp\/v2\/types\/product"}],"replies":[{"embeddable":true,"href":"https:\/\/havamall.vn\/en\/wp-json\/wp\/v2\/comments?post=21182"}],"version-history":[{"count":0,"href":"https:\/\/havamall.vn\/en\/wp-json\/wp\/v2\/product\/21182\/revisions"}],"wp:featuredmedia":[{"embeddable":true,"href":"https:\/\/havamall.vn\/en\/wp-json\/wp\/v2\/media\/21202"}],"wp:attachment":[{"href":"https:\/\/havamall.vn\/en\/wp-json\/wp\/v2\/media?parent=21182"}],"wp:term":[{"taxonomy":"product_brand","embeddable":true,"href":"https:\/\/havamall.vn\/en\/wp-json\/wp\/v2\/product_brand?post=21182"},{"taxonomy":"product_cat","embeddable":true,"href":"https:\/\/havamall.vn\/en\/wp-json\/wp\/v2\/product_cat?post=21182"},{"taxonomy":"product_tag","embeddable":true,"href":"https:\/\/havamall.vn\/en\/wp-json\/wp\/v2\/product_tag?post=21182"}],"curies":[{"name":"wp","href":"https:\/\/api.w.org\/{rel}","templated":true}]}}