{"id":21088,"date":"2021-07-30T19:54:10","date_gmt":"2021-07-30T12:54:10","guid":{"rendered":"https:\/\/havamall.vn\/?post_type=product&#038;p=21088"},"modified":"2021-07-30T19:54:10","modified_gmt":"2021-07-30T12:54:10","slug":"manh-tre-cuon-sushi-co-lon","status":"publish","type":"product","link":"https:\/\/havamall.vn\/en\/shop\/manh-tre-cuon-sushi-co-lon\/","title":{"rendered":"M\u00e0nh Tre Cu\u1ed1n Sushi C\u1ee1 L\u1edbn"},"content":{"rendered":"<div id=\"content_tab_description\" class=\"tab-content tab-description\">\n<div class=\"tab-content-inner\">\n<div class=\"tab-content-scroll\">\n<p>Sushi hay c\u00f2n g\u1ecdi l\u00e0 Kimpap l\u00e0 m\u00f3n \u0103n c\u1ee7a H\u00e0n Qu\u1ed1c \u0111\u01b0\u1ee3c ng\u01b0\u1eddi d\u00e2n Vi\u1ec7t Nam r\u1ea5t \u01b0a chu\u1ed9ng. M\u00f3n \u0103n d\u1ec5 \u0103n c\u0169ng v\u00f4 c\u00f9ng ngon mi\u1ec7ng, nguy\u00ean li\u1ec7u ch\u00ednh l\u00e0 rong bi\u1ec3n, c\u01a1m, v\u00e0 c\u00e1c lo\u1ea1i nh\u00e2n b\u1ea1n \u0103n k\u00e8m nh\u01b0 rau ch\u00e2n v\u1ecbt, tr\u1ee9ng, th\u1ecbt , gi\u00f2, x\u00fac x\u00edch, c\u00e0 r\u1ed1t&#8230;.Sushi th\u01b0\u1eddng \u0111\u01b0\u1ee3c cu\u1ed9n th\u00e0nh h\u00ecnh tr\u00f2n v\u00e0 c\u1eaft mi\u1ebfng d\u1ec5 \u0103n. M\u00e0nh cu\u1ed1n sushi gi\u00fap b\u1ea1n cu\u1ed1n sushi \u0111\u1ec1u tay, ch\u1ed1ng b\u1ecb n\u00f3ng khi cu\u1ed1n v\u1edbi c\u01a1m n\u00f3ng.<\/p>\n<p><img fetchpriority=\"high\" decoding=\"async\" class=\"wp-image-21089 aligncenter\" src=\"https:\/\/havamall.vn\/wp-content\/uploads\/2021\/07\/hghtr-300x169.png\" alt=\"\" width=\"716\" height=\"403\" srcset=\"https:\/\/havamall.vn\/wp-content\/uploads\/2021\/07\/hghtr-300x169.png 300w, https:\/\/havamall.vn\/wp-content\/uploads\/2021\/07\/hghtr-430x242.png 430w, https:\/\/havamall.vn\/wp-content\/uploads\/2021\/07\/hghtr-150x84.png 150w, https:\/\/havamall.vn\/wp-content\/uploads\/2021\/07\/hghtr-700x394.png 700w, https:\/\/havamall.vn\/wp-content\/uploads\/2021\/07\/hghtr-768x432.png 768w, https:\/\/havamall.vn\/wp-content\/uploads\/2021\/07\/hghtr-1024x576.png 1024w, https:\/\/havamall.vn\/wp-content\/uploads\/2021\/07\/hghtr-1200x675.png 1200w, https:\/\/havamall.vn\/wp-content\/uploads\/2021\/07\/hghtr-600x338.png 600w, https:\/\/havamall.vn\/wp-content\/uploads\/2021\/07\/hghtr.png 1280w\" sizes=\"(max-width: 716px) 100vw, 716px\" \/><\/p>\n<p><span style=\"font-size: 12pt\">Hi\u1ec7n nay c\u00f3 r\u1ea5t nhi\u1ec1u b\u1ea1n \u0111am m\u00ea \u0111\u1ed3 Nh\u1eadt. \u0110\u01b0\u01a1ng nhi\u00ean kh\u00f4ng th\u1ec3 kh\u00f4ng nh\u1eafc \u0111\u1ebfn c\u01a1m cu\u1ed9n, \u0111\u1ec3 l\u00e0m n\u00ean m\u00f3n shushi Nh\u1eadt hay m\u00f3n Gimbap c\u01a1m cu\u1ed9n H\u00e0n Qu\u1ed1c th\u01a1m ng\u1ecdn l\u1ea1 m\u1eaft th\u00ec m\u1ed9t d\u1ee5ng c\u1ee5 kh\u00f4ng th\u1ec3 thi\u1ebfu \u0111\u00f3 l\u00e0 m\u00e0nh cu\u1ed9n c\u01a1m tre.<\/span><\/p>\n<p>\u0110\u1ec3 l\u00e0m \u0111\u01b0\u1ee3c m\u00f3n \u0103n n\u00e0y, kh\u00f4ng \u0111\u01a1n thu\u1ea7n l\u00e0 d\u00f9ng rong bi\u1ec3n kh\u00f4 qu\u1ea5n v\u1edbi c\u00e1c nguy\u00ean li\u1ec7u \u0111\u00f3, \u0111\u01a1n gi\u1ea3n v\u00ec rong bi\u1ec3n kh\u00f4 kh\u00e1 gi\u00f2n, kh\u00f4ng th\u1ec3 cu\u1ed1n tr\u1ef1c ti\u1ebfp \u0111\u01b0\u1ee3c m\u00e0 ph\u1ea3i th\u00f4ng qua 1 d\u1ee5ng c\u1ee5 \u0111\u00f3 l\u00e0 m\u00e0nh tre cu\u1ed1n sushi ho\u1eb7c kimbap.<\/p>\n<p><img decoding=\"async\" class=\"wp-image-21090 aligncenter\" src=\"https:\/\/havamall.vn\/wp-content\/uploads\/2021\/07\/eyt-300x244.png\" alt=\"\" width=\"701\" height=\"570\" srcset=\"https:\/\/havamall.vn\/wp-content\/uploads\/2021\/07\/eyt-300x244.png 300w, https:\/\/havamall.vn\/wp-content\/uploads\/2021\/07\/eyt-430x350.png 430w, https:\/\/havamall.vn\/wp-content\/uploads\/2021\/07\/eyt-150x122.png 150w, https:\/\/havamall.vn\/wp-content\/uploads\/2021\/07\/eyt-700x569.png 700w, https:\/\/havamall.vn\/wp-content\/uploads\/2021\/07\/eyt-768x625.png 768w, https:\/\/havamall.vn\/wp-content\/uploads\/2021\/07\/eyt-600x488.png 600w, https:\/\/havamall.vn\/wp-content\/uploads\/2021\/07\/eyt.png 799w\" sizes=\"(max-width: 701px) 100vw, 701px\" \/><\/p>\n<\/div>\n<\/div>\n<\/div>\n<p><span style=\"font-size: 12pt\">V\u1edbi m\u00e0nh cu\u1ed1n c\u01a1m tre l\u1ea1t tr\u00f2n, b\u1ea1n c\u00f3 tha h\u1ed3 s\u00e1ng t\u1ea1o v\u1edbi m\u00f3n sushi y\u00eau th\u00edch c\u1ee7a m\u00ecnh h\u00e0ng ng\u00e0y m\u00e0 ch\u1eb3ng lo sushi v\u1ee1, r\u00e1ch l\u00e1 hay kh\u00f4ng \u0111\u1eb9p n\u1eefa. \u0110\u1ea3m b\u1ea3o c\u00f2n ngon v\u00e0 \u0111\u1eb9p h\u01a1n ngo\u00e0i ti\u1ec7m.<\/span><\/p>\n<p><img decoding=\"async\" class=\"wp-image-21091 aligncenter\" src=\"https:\/\/havamall.vn\/wp-content\/uploads\/2021\/07\/rgre-1-300x300.png\" alt=\"\" width=\"702\" height=\"702\" srcset=\"https:\/\/havamall.vn\/wp-content\/uploads\/2021\/07\/rgre-1-300x300.png 300w, https:\/\/havamall.vn\/wp-content\/uploads\/2021\/07\/rgre-1-430x430.png 430w, https:\/\/havamall.vn\/wp-content\/uploads\/2021\/07\/rgre-1-150x150.png 150w, https:\/\/havamall.vn\/wp-content\/uploads\/2021\/07\/rgre-1-700x700.png 700w, https:\/\/havamall.vn\/wp-content\/uploads\/2021\/07\/rgre-1-768x768.png 768w, https:\/\/havamall.vn\/wp-content\/uploads\/2021\/07\/rgre-1-600x600.png 600w, https:\/\/havamall.vn\/wp-content\/uploads\/2021\/07\/rgre-1-100x100.png 100w, https:\/\/havamall.vn\/wp-content\/uploads\/2021\/07\/rgre-1.png 1000w\" sizes=\"(max-width: 702px) 100vw, 702px\" \/><\/p>\n<p>M\u00e0nh cu\u1ed9n c\u01a1m tre l\u1ea1t tr\u00f2n\u00a0\u0111\u01b0\u1ee3c l\u00e0m t\u1eeb tre m\u1ea3nh, \u0111\u1ed9 d\u1ebbo cao, d\u00e2y bu\u1ed9c ch\u1eafc ch\u1eafn, gi\u00fap b\u1ea1n cu\u1ed9n sushi \u0111\u01b0\u1ee3c d\u1ec5 d\u00e0ng h\u01a1n, cu\u1ed9n sushi th\u00e0nh ph\u1ea9m \u0111\u01b0\u1ee3c ch\u1eafc ch\u1eafn h\u01a1n, d\u1ec5 c\u1eaft, l\u00e1t c\u1eaft kh\u00f4ng b\u1ecb r\u1eddi r\u1ea1c c\u00e1c th\u00e0nh ph\u1ea7n v\u1edbi nhau.<\/p>\n<p><img loading=\"lazy\" decoding=\"async\" class=\"wp-image-21092 aligncenter\" src=\"https:\/\/havamall.vn\/wp-content\/uploads\/2021\/07\/\u1ee5-300x300.png\" alt=\"\" width=\"715\" height=\"715\" srcset=\"https:\/\/havamall.vn\/wp-content\/uploads\/2021\/07\/\u1ee5-300x300.png 300w, https:\/\/havamall.vn\/wp-content\/uploads\/2021\/07\/\u1ee5-430x430.png 430w, https:\/\/havamall.vn\/wp-content\/uploads\/2021\/07\/\u1ee5-150x150.png 150w, https:\/\/havamall.vn\/wp-content\/uploads\/2021\/07\/\u1ee5-700x700.png 700w, https:\/\/havamall.vn\/wp-content\/uploads\/2021\/07\/\u1ee5-768x768.png 768w, https:\/\/havamall.vn\/wp-content\/uploads\/2021\/07\/\u1ee5-600x600.png 600w, https:\/\/havamall.vn\/wp-content\/uploads\/2021\/07\/\u1ee5-100x100.png 100w, https:\/\/havamall.vn\/wp-content\/uploads\/2021\/07\/\u1ee5.png 1001w\" sizes=\"(max-width: 715px) 100vw, 715px\" \/><\/p>\n<h4><strong>H\u01b0\u1edbng d\u1eabn c\u00e1ch l\u00e0m sushi \u0111\u01a1n gi\u1ea3n:<\/strong><\/h4>\n<p>Nguy\u00ean li\u1ec7u: l\u00e1 rong bi\u1ec3n, c\u01a1m tr\u1eafng, tr\u1ee9ng, d\u01b0a chu\u1ed9t, c\u00e0 r\u1ed1t, rau c\u1ea3i, x\u00fac x\u00edch\u2026b\u1ea1n c\u00f3 th\u1ec3 t\u1ef1 ch\u1ecdn nguy\u00ean li\u1ec7u m\u00ecnh th\u00edch nha, m\u00e0nh cu\u1ed9n.<\/p>\n<p>B\u01b0\u1edbc 1: s\u01a1 ch\u1ebf c\u00e1c nguy\u00ean li\u1ec7u. Tr\u1ee9ng tr\u00e1ng m\u1ecfng d\u00e0n \u0111\u1ec1u, c\u01a1m tr\u1eafng l\u01b0u \u00fd n\u00ean n\u1ea5u m\u1ec1m d\u1ebbo, d\u01b0a chu\u1ed9t v\u00e0 c\u00e0 r\u1ed1t c\u1eaft th\u00e0nh kh\u00fac nh\u1ecf, rau c\u1ea3i lu\u1ed9c s\u01a1 v\u00e0 b\u00e0y nguy\u00ean li\u1ec7u ra \u0111\u0129a.<\/p>\n<p>B\u01b0\u1edbc 2: Tr\u1ea3i m\u00e0nh cu\u1ed9n ra b\u1ec1 m\u1eb7t ph\u1eb3ng, ti\u1ebfp \u0111\u1ebfn l\u00e0 l\u00e1 rong bi\u1ec3n. Sau \u0111\u00f3 tr\u1ea3i \u0111\u1ec1u c\u01a1m tr\u00ean b\u1ec1 m\u1eb7t rong bi\u1ec3n v\u00e0 c\u00e1c nguy\u00ean li\u1ec7u \u0111\u00e3 chu\u1ea9n b\u1ecb l\u00ean tr\u00ean c\u01a1m sao cho g\u1ecdn.<\/p>\n<p>B\u01b0\u1edbc 3: Ti\u1ebfn h\u00e0nh cu\u1ed1n, l\u01b0u \u00fd cu\u1ed1n ch\u1eb7t tay v\u00e0 b\u00e0y ra \u0111\u0129a, c\u00f3 th\u1ec3 ch\u1ea5m c\u00f9ng t\u01b0\u01a1ng, s\u1ed1t kh\u00e1c nhau. Khi \u0103n c\u1eaft th\u00e0nh c\u00e1c kh\u00fac nh\u1ecf v\u1eeba mi\u1ec7ng.<\/p>\n<p>S\u1ea3n ph\u1ea9m hi\u1ec7n \u0111\u00e3 c\u00f3 m\u1eb7t t\u1ea1i Havamall.<\/p>","protected":false},"excerpt":{"rendered":"<p>Sushi hay c\u00f2n g\u1ecdi l\u00e0 Kimpap l\u00e0 m\u00f3n \u0103n c\u1ee7a H\u00e0n Qu\u1ed1c \u0111\u01b0\u1ee3c ng\u01b0\u1eddi d\u00e2n Vi\u1ec7t Nam r\u1ea5t \u01b0a chu\u1ed9ng.<\/p>","protected":false},"featured_media":21093,"comment_status":"open","ping_status":"closed","template":"","meta":[],"product_brand":[],"product_cat":[393,35],"product_tag":[],"class_list":{"0":"post-21088","1":"product","2":"type-product","3":"status-publish","4":"has-post-thumbnail","6":"product_cat-bep-phong-an","7":"product_cat-nha-cua-doi-song","9":"first","10":"instock","11":"sale","12":"shipping-taxable","13":"purchasable","14":"product-type-simple"},"_links":{"self":[{"href":"https:\/\/havamall.vn\/en\/wp-json\/wp\/v2\/product\/21088"}],"collection":[{"href":"https:\/\/havamall.vn\/en\/wp-json\/wp\/v2\/product"}],"about":[{"href":"https:\/\/havamall.vn\/en\/wp-json\/wp\/v2\/types\/product"}],"replies":[{"embeddable":true,"href":"https:\/\/havamall.vn\/en\/wp-json\/wp\/v2\/comments?post=21088"}],"version-history":[{"count":0,"href":"https:\/\/havamall.vn\/en\/wp-json\/wp\/v2\/product\/21088\/revisions"}],"wp:featuredmedia":[{"embeddable":true,"href":"https:\/\/havamall.vn\/en\/wp-json\/wp\/v2\/media\/21093"}],"wp:attachment":[{"href":"https:\/\/havamall.vn\/en\/wp-json\/wp\/v2\/media?parent=21088"}],"wp:term":[{"taxonomy":"product_brand","embeddable":true,"href":"https:\/\/havamall.vn\/en\/wp-json\/wp\/v2\/product_brand?post=21088"},{"taxonomy":"product_cat","embeddable":true,"href":"https:\/\/havamall.vn\/en\/wp-json\/wp\/v2\/product_cat?post=21088"},{"taxonomy":"product_tag","embeddable":true,"href":"https:\/\/havamall.vn\/en\/wp-json\/wp\/v2\/product_tag?post=21088"}],"curies":[{"name":"wp","href":"https:\/\/api.w.org\/{rel}","templated":true}]}}