{"id":21080,"date":"2021-07-29T11:29:31","date_gmt":"2021-07-29T04:29:31","guid":{"rendered":"https:\/\/havamall.vn\/?post_type=product&#038;p=21080"},"modified":"2022-07-13T14:30:53","modified_gmt":"2022-07-13T07:30:53","slug":"sua-dac-co-duong-larosee-500g-nap-giut-tien-loi","status":"publish","type":"product","link":"https:\/\/havamall.vn\/en\/shop\/sua-dac-co-duong-larosee-500g-nap-giut-tien-loi\/","title":{"rendered":"S\u1eefa \u0110\u1eb7c C\u00f3 \u0110\u01b0\u1eddng LaRos\u00e9e 500g N\u1eafp Gi\u1ef1t Ti\u1ec7n L\u1ee3i"},"content":{"rendered":"<table>\n<tbody>\n<tr>\n<td>Th\u01b0\u01a1ng hi\u1ec7u<\/td>\n<td>LaRos\u00e9e<\/td>\n<\/tr>\n<tr>\n<td>Xu\u1ea5t x\u1ee9<\/td>\n<td>Malaysia<\/td>\n<\/tr>\n<tr>\n<td>Th\u00e0nh ph\u1ea7n<\/td>\n<td>B\u1ed9t s\u1eefa , \u0110\u01b0\u1eddng , N\u01b0\u1edbc tinh khi\u1ebft , Vitamin<\/td>\n<\/tr>\n<tr>\n<td>H\u1ea1n s\u1eed d\u1ee5ng<\/td>\n<td>15 th\u00e1ng k\u1ec3 t\u1eeb ng\u00e0y s\u1ea3n xu\u1ea5t.<\/td>\n<\/tr>\n<tr>\n<td>B\u1ea3o qu\u1ea3n<\/td>\n<td>B\u1ea3o qu\u1ea3n n\u01a1i kh\u00f4 r\u00e1o, tho\u00e1ng m\u00e1t<\/td>\n<\/tr>\n<tr>\n<td>Kh\u1ed1i l\u01b0\u1ee3ng t\u1ecbnh<\/td>\n<td>500g<\/td>\n<\/tr>\n<\/tbody>\n<\/table>\n<p><span style=\"font-weight: 400;\">S\u1eefa \u0111\u1eb7c c\u00f3 \u0111\u01b0\u1eddng LaRos\u00e9e l\u00e0 s\u1ea3n ph\u1ea9m \u0111\u1ebfn t\u1eeb th\u01b0\u01a1ng hi\u1ec7u LaRos\u00e9s, \u0111\u00e2y l\u00e0 s\u1ea3n ph\u1ea9m \u0111\u01b0\u1ee3c s\u1eed d\u1ee5ng h\u1ea7u h\u1ebft trong c\u00e1c qu\u00e1n cafe t\u1ea1i Malaysia.\u00a0<\/span><\/p>\n<p><img fetchpriority=\"high\" decoding=\"async\" class=\"aligncenter\" src=\"https:\/\/havamall.vn\/wp-content\/uploads\/2019\/03\/201811154739_e13023718bd86b8632c9.jpg\" width=\"622\" height=\"430\" \/><\/p>\n<p><span style=\"font-weight: 400;\">V\u1edbi h\u01b0\u01a1ng v\u1ecb ng\u1ecdt ng\u00e0o, \u0111\u1eadm \u0111\u00e0 nh\u01b0ng kh\u00f4ng qu\u00e1 ng\u1eady b\u00e9o, \u201cb\u1ea1n n\u00e0y\u201d s\u1ebd khi\u1ebfn b\u1ea1n v\u00f4 c\u00f9ng y\u00eau th\u00edch v\u1edbi nh\u1eefng \u01b0u \u0111i\u1ec3m v\u00f4 c\u00f9ng n\u1ed5i tr\u1ed9i\u00a0<\/span><\/p>\n<p><img decoding=\"async\" class=\"wp-image-21082 aligncenter\" src=\"https:\/\/havamall.vn\/wp-content\/uploads\/2021\/07\/Hinh_4-1-300x200.jpg\" alt=\"\" width=\"621\" height=\"415\" srcset=\"https:\/\/havamall.vn\/wp-content\/uploads\/2021\/07\/Hinh_4-1-300x200.jpg 300w, https:\/\/havamall.vn\/wp-content\/uploads\/2021\/07\/Hinh_4-1-430x287.jpg 430w, https:\/\/havamall.vn\/wp-content\/uploads\/2021\/07\/Hinh_4-1-150x100.jpg 150w, https:\/\/havamall.vn\/wp-content\/uploads\/2021\/07\/Hinh_4-1-700x467.jpg 700w, https:\/\/havamall.vn\/wp-content\/uploads\/2021\/07\/Hinh_4-1-768x512.jpg 768w, https:\/\/havamall.vn\/wp-content\/uploads\/2021\/07\/Hinh_4-1-1024x683.jpg 1024w, https:\/\/havamall.vn\/wp-content\/uploads\/2021\/07\/Hinh_4-1-1200x800.jpg 1200w, https:\/\/havamall.vn\/wp-content\/uploads\/2021\/07\/Hinh_4-1-600x400.jpg 600w, https:\/\/havamall.vn\/wp-content\/uploads\/2021\/07\/Hinh_4-1.jpg 1225w\" sizes=\"(max-width: 621px) 100vw, 621px\" \/><\/p>\n<p><span style=\"font-weight: 400;\">Trong c\u00e1c d\u00f2ng s\u1eefa \u0111\u1eb7c quen thu\u1ed9c, kh\u00f4ng th\u1ec3 kh\u00f4ng k\u1ec3 \u0111\u1ebfn s\u1ea3n ph\u1ea9m S\u1eefa \u0111\u1eb7c c\u00f3 \u0111\u01b0\u1eddng LaRos\u00e9e \u2013 m\u1ed9t s\u1ea3n ph\u1ea9m c\u1ee7a th\u01b0\u01a1ng hi\u1ec7u s\u1eefa \u0111\u1eb7c LaRos\u00e9e \u0111\u01b0\u1ee3c tin d\u00f9ng qua nhi\u1ec1u th\u1ebf h\u1ec7 ng\u01b0\u1eddi ti\u00eau d\u00f9ng t\u1ea1i Malaysia v\u00e0 hi\u1ec7n \u0111\u00e3 tr\u1edf n\u00ean g\u1ea7n g\u0169i v\u1edbi ng\u01b0\u1eddi d\u00e2n Vi\u1ec7t Nam ta.<\/span><\/p>\n<p><img decoding=\"async\" class=\"aligncenter\" src=\"https:\/\/havamall.vn\/wp-content\/uploads\/2020\/12\/3-1956.jpg\" alt=\"Nh\u1eefng l\u1ee3i \u00edch tuy\u1ec7t v\u1eddi cho s\u1ee9c kh\u1ecfe \u0111\u1ebfn t\u1eeb vi\u1ec7c \u0103n s\u1eefa chua m\u1ed7i ng\u00e0y\" width=\"623\" height=\"373\" \/><\/p>\n<p>LaRos\u00e9e c\u00f3 m\u00e0u s\u1eafc tr\u1eafng ng\u00e0 c\u1ee7a s\u1eefa, m\u00f9i th\u01a1m \u0111\u1eb7c tr\u01b0ng, v\u1ecb ng\u1ecdt b\u00e9o nh\u01b0ng kh\u00f4ng ng\u1eady. Th\u00e0nh ph\u1ea7n g\u1ed3m b\u1ed9t s\u1eefa, \u0111\u01b0\u1eddng, n\u01b0\u1edbc tinh khi\u1ebft, vitamin ti\u00eau chu\u1ea9n ch\u1ea5t l\u01b0\u1ee3ng.<\/p>\n<p>Ngo\u00e0i ra c\u00f2n c\u00f3 h\u00e0m l\u01b0\u1ee3ng Protein 2-2,51g.<\/p>\n<p>H\u00e0m l\u01b0\u1ee3ng Lipit: 10,1%<\/p>\n<p>H\u00e0m l\u01b0\u1ee3ng Cacbonhydrat: 56,2%<\/p>\n<p><img loading=\"lazy\" decoding=\"async\" class=\"aligncenter\" src=\"https:\/\/havamall.vn\/wp-content\/uploads\/2020\/12\/01.jpg\" alt=\"\u0102n nh\u1eefng m\u00f3n n\u00e0y v\u00e0o, s\u1eefa m\u1eb9 v\u1ec1 \u00e0o \u00e0o! C\u00e1c m\u1eb9 b\u1ed5 sung v\u00e0o th\u1ef1c \u0111\u01a1n ngay \u0111\u1ec3 c\u00f3 s\u1eefa cho con b\u00fa nh\u00e9!\uff5cMami \u0110\u1ea3m \u0110ang | MamiBuy\" width=\"638\" height=\"479\" \/><\/p>\n<p><span style=\"font-weight: 400;\">S\u1eefa \u0111\u1eb7c l\u00e0 m\u1ed9t trong nh\u1eefng s\u1ea3n ph\u1ea9m t\u1eeb l\u00e2u \u0111\u00e3 tr\u1edf th\u00e0nh m\u1ed9t ph\u1ea7n trong cu\u1ed9c s\u1ed1ng th\u01b0\u1eddng nh\u1eadt c\u1ee7a m\u1ed7i gia \u0111\u00ecnh Vi\u1ec7t Nam b\u1edfi t\u00ednh \u1ee9ng d\u1ee5ng cao c\u1ee7a s\u1ea3n ph\u1ea9m.<\/span><\/p>\n<p><img loading=\"lazy\" decoding=\"async\" class=\"aligncenter\" src=\"https:\/\/havamall.vn\/wp-content\/uploads\/2020\/12\/S\u1eefa-\u0111\u1eb7c-pha-v\u1edbi-n\u01b0\u1edbc-n\u00f3ng.png\" alt=\"U\u1ed1ng s\u1eefa \u0111\u1eb7c c\u00f3 t\u1ed1t kh\u00f4ng ? N\u00ean u\u1ed1ng v\u00e0o th\u1eddi gian n\u00e0o trong ng\u00e0y.\" width=\"639\" height=\"398\" \/><\/p>\n<h3><strong>\u01afu \u0111i\u1ec3m s\u1ea3n ph\u1ea9m:<\/strong><\/h3>\n<p><span style=\"font-weight: 400;\">\u2013 S\u1eefa \u0111\u1eb7c c\u00f3 \u0111\u01b0\u1eddng LaRos\u00e9e m\u1ed9t trong nh\u1eefng th\u01b0\u01a1ng hi\u1ec7u n\u1ed5i ti\u1ebfng v\u00e0 \u0111\u01b0\u1ee3c s\u1eed d\u1ee5ng ph\u1ed5 bi\u1ebfn h\u1ea7u h\u1ebft t\u1ea1i c\u00e1c qu\u00e1n c\u00e0 ph\u00ea \u1edf Malaysia.\u00a0<\/span><\/p>\n<p><span style=\"font-weight: 400;\">\u2013 S\u1eefa c\u00f3 v\u1ecb ng\u1ecdt thanh, kh\u00f4ng t\u1ea1o c\u1ea3m gi\u00e1c ng\u00e1n, qu\u00e1 ng\u1ecdt cho khi s\u1eed d\u1ee5ng v\u00e0 v\u1eabn gi\u1eef \u0111\u01b0\u1ee3c h\u01b0\u01a1ng th\u01a1m t\u1ef1 nhi\u00ean c\u1ee7a s\u1eefa.\u00a0<\/span><\/p>\n<p><span style=\"font-weight: 400;\">\u2013 S\u1eefa \u0111\u01b0\u1ee3c s\u1ea3n xu\u1ea5t tr\u00ean d\u00e2y chuy\u1ec1n c\u00f4ng ngh\u1ec7 hi\u1ec7n \u0111\u1ea1i \u0111\u1ea3m b\u1ea3o s\u1ef1 an to\u00e0n cho s\u1ee9c kh\u1ecfe ng\u01b0\u1eddi ti\u00eau d\u00f9ng.<\/span><\/p>\n<p><span style=\"font-weight: 400;\">\u2013 S\u1ea3n ph\u1ea9m \u0111\u01b0\u1ee3c \u0111\u00f3ng lon s\u1eaft nh\u1ecf g\u1ecdn gi\u00fap b\u1ea1n d\u1ec5 d\u00e0ng di chuy\u1ec3n v\u00e0 s\u1eed d\u1ee5ng, tr\u1ecdng l\u01b0\u1ee3ng ch\u1ec9 500g ph\u00f9 h\u1ee3p v\u1edbi c\u00e1c b\u1ea1n c\u00f3 nhu c\u1ea7u s\u1eed d\u1ee5ng \u00edt gi\u00fap ti\u1ebft ki\u1ec7m t\u1ed1i \u0111a chi ph\u00ed.<\/span><\/p>\n<p><img loading=\"lazy\" decoding=\"async\" class=\"aligncenter\" src=\"https:\/\/havamall.vn\/wp-content\/uploads\/2020\/12\/cach-pha-ca-phe-sua-ngon_1.jpg\" alt=\"C\u00e1ch Pha C\u00e0 Ph\u00ea S\u1eefa Ngon Ai C\u0169ng L\u00e0m \u0110\u01b0\u1ee3c\" width=\"623\" height=\"415\" \/><\/p>\n<h3><strong>C\u00f4ng d\u1ee5ng:\u00a0<\/strong><\/h3>\n<p><span style=\"font-weight: 400;\">\u2013 S\u1eefa \u0111\u1eb7c c\u00f3 \u0111\u01b0\u1eddng LaRos\u00e9e b\u1ed5 sung th\u00eam nhi\u1ec1u ch\u1ea5t dinh d\u01b0\u1ee1ng v\u00e0 n\u0103ng l\u01b0\u1ee3ng c\u1ea7n thi\u1ebft cho m\u1ed9t ng\u00e0y n\u0103ng \u0111\u1ed9ng.\u00a0<\/span><\/p>\n<p><span style=\"font-weight: 400;\">\u2013 S\u1eefa \u0111\u1eb7c c\u00f3 c\u00e1c th\u00e0nh ph\u1ea7n d\u01b0\u1ee1ng ch\u1ea5t gi\u00e0u canxi gi\u00fap t\u0103ng c\u01b0\u1eddng m\u1eadt \u0111\u1ed9 x\u01b0\u01a1ng v\u00e0 gi\u00fap r\u0103ng ch\u1eafc kh\u1ecfe.<\/span><\/p>\n<p><span style=\"font-weight: 400;\">\u2013 S\u1eefa l\u00e0 m\u1ed9t th\u1ef1c ph\u1ea9m r\u1ea5t gi\u00e0u vitamin D c\u00f3 t\u00e1c d\u1ee5ng l\u00e0m gi\u1ea3m vi\u00eam nhi\u1ec5m v\u00e0 t\u0103ng c\u01b0\u1eddng h\u1ec7 mi\u1ec5n d\u1ecbch.<\/span><\/p>\n<p><span style=\"font-weight: 400;\">\u2013 S\u1ea3n ph\u1ea9m th\u00edch h\u1ee3p \u0111\u1ec3 \u0103n k\u00e8m v\u1edbi b\u00e1nh m\u00ec, l\u00e0m s\u1eefa chua, l\u00e0m c\u00e1c lo\u1ea1i b\u00e1nh, pha c\u00e0 ph\u00ea s\u1eefa cho h\u01b0\u01a1ng v\u1ecb \u0111\u1ed9c \u0111\u00e1o kh\u00f3 qu\u00ean.<\/span><\/p>\n<h3><strong>H\u01b0\u1edbng d\u1eabn s\u1eed d\u1ee5ng:<\/strong><\/h3>\n<p><span style=\"font-weight: 400;\">&#8211; S\u1eed d\u1ee5ng tr\u1ef1c ti\u1ebfp s\u1ea3n ph\u1ea9m ho\u1eb7c h\u00f2a tan s\u1ea3n ph\u1ea9m v\u1edbi c\u00e1c nguy\u00ean li\u1ec7u \u01b0\u1edbt kh\u00e1c trong c\u00f4ng th\u1ee9c n\u1ea5u \u0103n v\u00e0 l\u00e0m b\u00e1nh.<\/span><\/p>\n<p>S\u1ea3n ph\u1ea9m hi\u1ec7n \u0111\u00e3 c\u00f3 m\u1eb7t t\u1ea1i Havamall<\/p>","protected":false},"excerpt":{"rendered":"<p>Th\u01b0\u01a1ng hi\u1ec7u LaRos\u00e9e Xu\u1ea5t x\u1ee9 Malaysia Th\u00e0nh ph\u1ea7n B\u1ed9t s\u1eefa , \u0110\u01b0\u1eddng , N\u01b0\u1edbc tinh khi\u1ebft , Vitamin H\u1ea1n s\u1eed<\/p>","protected":false},"featured_media":21081,"comment_status":"open","ping_status":"closed","template":"","meta":[],"product_brand":[],"product_cat":[36,135,143],"product_tag":[],"class_list":{"0":"post-21080","1":"product","2":"type-product","3":"status-publish","4":"has-post-thumbnail","6":"product_cat-thuc-pham-tieu-dung","7":"product_cat-sua-do-uong","8":"product_cat-thuc-pham-dong-hop","9":"pa_brand-la-rosee","11":"first","12":"instock","13":"sale","14":"shipping-taxable","15":"purchasable","16":"product-type-simple"},"_links":{"self":[{"href":"https:\/\/havamall.vn\/en\/wp-json\/wp\/v2\/product\/21080"}],"collection":[{"href":"https:\/\/havamall.vn\/en\/wp-json\/wp\/v2\/product"}],"about":[{"href":"https:\/\/havamall.vn\/en\/wp-json\/wp\/v2\/types\/product"}],"replies":[{"embeddable":true,"href":"https:\/\/havamall.vn\/en\/wp-json\/wp\/v2\/comments?post=21080"}],"version-history":[{"count":0,"href":"https:\/\/havamall.vn\/en\/wp-json\/wp\/v2\/product\/21080\/revisions"}],"wp:featuredmedia":[{"embeddable":true,"href":"https:\/\/havamall.vn\/en\/wp-json\/wp\/v2\/media\/21081"}],"wp:attachment":[{"href":"https:\/\/havamall.vn\/en\/wp-json\/wp\/v2\/media?parent=21080"}],"wp:term":[{"taxonomy":"product_brand","embeddable":true,"href":"https:\/\/havamall.vn\/en\/wp-json\/wp\/v2\/product_brand?post=21080"},{"taxonomy":"product_cat","embeddable":true,"href":"https:\/\/havamall.vn\/en\/wp-json\/wp\/v2\/product_cat?post=21080"},{"taxonomy":"product_tag","embeddable":true,"href":"https:\/\/havamall.vn\/en\/wp-json\/wp\/v2\/product_tag?post=21080"}],"curies":[{"name":"wp","href":"https:\/\/api.w.org\/{rel}","templated":true}]}}