{"id":21074,"date":"2021-07-29T11:19:46","date_gmt":"2021-07-29T04:19:46","guid":{"rendered":"https:\/\/havamall.vn\/?post_type=product&#038;p=21074"},"modified":"2022-05-10T09:51:01","modified_gmt":"2022-05-10T02:51:01","slug":"cay-lan-bot-bang-go-wod-rolling-pole","status":"publish","type":"product","link":"https:\/\/havamall.vn\/en\/shop\/cay-lan-bot-bang-go-wod-rolling-pole\/","title":{"rendered":"C\u00e2y L\u0103n B\u1ed9t B\u1eb1ng G\u1ed7 &#8211; Wood Rolling Pole"},"content":{"rendered":"<p>\u0110\u1ec3 \u0111\u1ea3m b\u1ea3o \u0111\u1ea7y \u0111\u1ee7 ch\u1ea5t dinh d\u01b0\u1ee1ng trong b\u1eefa \u0103n, m\u00e0 kh\u00f4ng \u0111em l\u1ea1i c\u1ea3m gi\u00e1c nh\u00e0m ch\u00e1n, b\u1ea1n c\u00f3 th\u1ec3 n\u1ea5u c\u00e1c m\u00f3n b\u00e1nh hay th\u1ef1c ph\u1ea9m l\u00e0m t\u1eeb b\u1ed9t nh\u01b0 b\u00e1nh bao, s\u1ee7i c\u00e1o, b\u00e1nh pizza, m\u00ec\u2026.C\u00e2y l\u0103n b\u1ed9t c\u1ea7m tay b\u1eb1ng g\u1ed7 tr\u01a1n s\u1ebd l\u00e0 s\u1ea3n ph\u1ea9m kh\u00f4ng th\u1ec3 thi\u1ebfu trong gian b\u1ebfp d\u00e0nh cho b\u1ea1n.<\/p>\n<p>C\u00e2y l\u0103n b\u1ed9t\u00a0r\u1ea5t ti\u1ec7n l\u1ee3i, ph\u00f9 h\u1ee3p v\u1edbi c\u00e1c h\u1ed9 gia \u0111\u00ecnh truy\u1ec1n th\u1ed1ng l\u1eabn hi\u1ec7n \u0111\u1ea1i. V\u1edbi thi\u1ebft k\u1ebf c\u1ef1c k\u1ef3 tinh t\u1ebf v\u00e0 chu \u0111\u00e1o, ngo\u1ea1i h\u00ecnh tr\u01a1n, \u0111\u01a1n gi\u1ea3n, kh\u00f4ng nhi\u1ec1u chi ti\u1ebft r\u01b0\u1eddm r\u00e0, gi\u00fap mang l\u1ea1i c\u1ea3m gi\u00e1c tho\u1ea3i m\u00e1i cho tay.<\/p>\n<p><img fetchpriority=\"high\" decoding=\"async\" class=\"wp-image-21076 aligncenter\" src=\"https:\/\/havamall.vn\/wp-content\/uploads\/2021\/07\/tgdf-300x270.png\" alt=\"\" width=\"687\" height=\"618\" srcset=\"https:\/\/havamall.vn\/wp-content\/uploads\/2021\/07\/tgdf-300x270.png 300w, https:\/\/havamall.vn\/wp-content\/uploads\/2021\/07\/tgdf-430x387.png 430w, https:\/\/havamall.vn\/wp-content\/uploads\/2021\/07\/tgdf-150x135.png 150w, https:\/\/havamall.vn\/wp-content\/uploads\/2021\/07\/tgdf-700x630.png 700w, https:\/\/havamall.vn\/wp-content\/uploads\/2021\/07\/tgdf-768x691.png 768w, https:\/\/havamall.vn\/wp-content\/uploads\/2021\/07\/tgdf-600x540.png 600w, https:\/\/havamall.vn\/wp-content\/uploads\/2021\/07\/tgdf.png 800w\" sizes=\"(max-width: 687px) 100vw, 687px\" \/><\/p>\n<p>C\u00e2y l\u0103n b\u1ed9t \u0111\u01b0\u1ee3c l\u00e0m b\u1eb1ng g\u1ed7 b\u1ec1n, ch\u1eafc ch\u1eafn v\u00e0 tho\u1ea3i m\u00e1i khi s\u1eed d\u1ee5ng, \u0111\u1ea3m b\u1ea3o b\u1ea1n s\u1ebd c\u00f3 th\u1ec3 s\u1eed d\u1ee5ng t\u1ed1i \u0111a \u00e1p l\u1ef1c. B\u1ec1 m\u1eb7t nh\u1eb5n kh\u00f4ng d\u1ec5 d\u00ednh b\u1ed9t, d\u1ec5 c\u00e1n b\u1ed9t nhanh h\u01a1n, c\u0169ng ti\u1ec7n ti\u1ec7n v\u1ec7 sinh. B\u1ea1n c\u0169ng c\u00f3 th\u1ec3 s\u1eed d\u1ee5ng \u0111\u1ec3 l\u00e0m b\u00e1nh m\u00ec, b\u00e1nh bao v\u00e0 c\u00e1c lo\u1ea1i b\u00e1nh ng\u1ecdt kh\u00e1c. S\u1ea3n ph\u1ea9m c\u0169ng th\u00edch h\u1ee3p tuy\u1ec7t v\u1eddi \u0111\u1ec3 l\u00e0m b\u00e1nh k\u1eb9o m\u1ec1m, \u0111\u01b0\u1eddng d\u00e1n ho\u1eb7c trang tr\u00ed n\u1ea5u \u0103n. M\u1ed9t d\u1ee5ng c\u1ee5 c\u00e1n t\u1ed1t c\u00f3 th\u1ec3 gi\u00fap b\u1ea1n ti\u1ebft ki\u1ec7m r\u1ea5t nhi\u1ec1u th\u1eddi gian, ph\u00f9 h\u1ee3p \u0111\u1ec3 n\u01b0\u1edbng b\u00e1nh, b\u00e1nh quy c\u1ee7a ri\u00eang b\u1ea1n.<\/p>\n<p><img decoding=\"async\" class=\"wp-image-21077 aligncenter\" src=\"https:\/\/havamall.vn\/wp-content\/uploads\/2021\/07\/fed-300x300.png\" alt=\"\" width=\"697\" height=\"696\" srcset=\"https:\/\/havamall.vn\/wp-content\/uploads\/2021\/07\/fed-300x300.png 300w, https:\/\/havamall.vn\/wp-content\/uploads\/2021\/07\/fed-430x430.png 430w, https:\/\/havamall.vn\/wp-content\/uploads\/2021\/07\/fed-150x150.png 150w, https:\/\/havamall.vn\/wp-content\/uploads\/2021\/07\/fed-700x700.png 700w, https:\/\/havamall.vn\/wp-content\/uploads\/2021\/07\/fed-768x768.png 768w, https:\/\/havamall.vn\/wp-content\/uploads\/2021\/07\/fed-600x600.png 600w, https:\/\/havamall.vn\/wp-content\/uploads\/2021\/07\/fed-100x100.png 100w, https:\/\/havamall.vn\/wp-content\/uploads\/2021\/07\/fed.png 800w\" sizes=\"(max-width: 697px) 100vw, 697px\" \/><\/p>\n<p>C\u00e1n b\u1ed9t \u0111\u01b0\u1ee3c d\u00f9ng nhi\u1ec1u khi l\u00e0m b\u00e1nh quy, c\u00e1n b\u1ed9t ng\u00e0n l\u1edbp, b\u00e1nh m\u1ef3, fondant\u2026 K\u00edch th\u01b0\u1edbc 28cm v\u1eeba tay c\u1ea7m v\u1edbi ch\u1ea5t li\u1ec7u g\u1ed7 ch\u1eafc ch\u1eafn.<\/p>\n<p>C\u00e1ch s\u1eed d\u1ee5ng c\u00e1n l\u0103n b\u1ed9t: D\u00f9ng c\u00e1n g\u1ed7 ph\u1eb3ng l\u0103n b\u1ed9t t\u1eeb trung t\u00e2m ra ngo\u00e0i. Ti\u1ebfp t\u1ee5c l\u0103n k\u00e9o b\u1ed9t \u0111\u1ebfn khi b\u1ed9t kh\u00f4ng gi\u00e3n th\u00eam \u0111\u01b0\u1ee3c n\u1eefa th\u00ec g\u1eadp b\u1ed9t l\u1ea1i v\u00e0 c\u00e1n th\u00eam v\u00e0i l\u1ea7n. \u0110\u00e2y l\u00e0 c\u00e1ch l\u00e0m \u00e1p d\u1ee5ng \u0111\u1ec3 c\u00e1n b\u1ed9t l\u00e0m \u0111\u1ebf b\u00e1nh pizza, \u0111\u1ebf b\u00e1nh m\u1ef3..<\/p>\n<p><img decoding=\"async\" class=\"wp-image-21078 aligncenter\" src=\"https:\/\/havamall.vn\/wp-content\/uploads\/2021\/07\/gfgdf-300x300.png\" alt=\"\" width=\"681\" height=\"681\" srcset=\"https:\/\/havamall.vn\/wp-content\/uploads\/2021\/07\/gfgdf-300x300.png 300w, https:\/\/havamall.vn\/wp-content\/uploads\/2021\/07\/gfgdf-430x430.png 430w, https:\/\/havamall.vn\/wp-content\/uploads\/2021\/07\/gfgdf-150x150.png 150w, https:\/\/havamall.vn\/wp-content\/uploads\/2021\/07\/gfgdf-700x700.png 700w, https:\/\/havamall.vn\/wp-content\/uploads\/2021\/07\/gfgdf-768x768.png 768w, https:\/\/havamall.vn\/wp-content\/uploads\/2021\/07\/gfgdf-600x600.png 600w, https:\/\/havamall.vn\/wp-content\/uploads\/2021\/07\/gfgdf-100x100.png 100w, https:\/\/havamall.vn\/wp-content\/uploads\/2021\/07\/gfgdf.png 800w\" sizes=\"(max-width: 681px) 100vw, 681px\" \/><\/p>\n<p>C\u00e1n g\u1ed7 n\u00ean kh\u00f4ng d\u00ednh b\u1ed9t, tuy v\u1eady \u0111\u1ec3 ch\u1eafc ch\u1eafn khi l\u0103n b\u1ed9t b\u1ea1n n\u00ean ph\u1ee7 m\u1ed9t l\u1edbp b\u1ed9t \u00e1o l\u00ean c\u00e1n nh\u00e9. \u0110i\u1ec1u n\u00e0y r\u1ea5t quan tr\u1ecdng khi c\u00e1n c\u00e1c lo\u1ea1i b\u1ed9t l\u00e0m b\u00e1nh d\u1ebbo, b\u00e1nh n\u01b0\u1edbng trung thu ho\u1eb7c pie tart. Gi\u00fap b\u1ed9t d\u00e0n \u0111\u1ec1u v\u00e0 ch\u00edn \u0111\u1ec1u.<\/p>\n<h4><strong>L\u1ee3i \u00edch c\u1ee7a s\u1ea3n ph\u1ea9m:<\/strong><\/h4>\n<p>&#8211; Ti\u1ebft ki\u1ec7m c\u00f4ng s\u1ee9c<\/p>\n<p>&#8211; Ti\u1ebft ki\u1ec7m th\u1eddi gian<\/p>\n<p>&#8211; N\u00e2ng cao ch\u1ea5t l\u01b0\u1ee3ng s\u1ea3n ph\u1ea9m<\/p>\n<p><img loading=\"lazy\" decoding=\"async\" class=\"wp-image-21079 aligncenter\" src=\"https:\/\/havamall.vn\/wp-content\/uploads\/2021\/07\/hhjt-300x204.png\" alt=\"\" width=\"679\" height=\"462\" srcset=\"https:\/\/havamall.vn\/wp-content\/uploads\/2021\/07\/hhjt-300x204.png 300w, https:\/\/havamall.vn\/wp-content\/uploads\/2021\/07\/hhjt-430x293.png 430w, https:\/\/havamall.vn\/wp-content\/uploads\/2021\/07\/hhjt-150x102.png 150w, https:\/\/havamall.vn\/wp-content\/uploads\/2021\/07\/hhjt-700x476.png 700w, https:\/\/havamall.vn\/wp-content\/uploads\/2021\/07\/hhjt-768x523.png 768w, https:\/\/havamall.vn\/wp-content\/uploads\/2021\/07\/hhjt.png 1024w, https:\/\/havamall.vn\/wp-content\/uploads\/2021\/07\/hhjt-600x408.png 600w\" sizes=\"(max-width: 679px) 100vw, 679px\" \/><\/p>\n<h4><strong>\u0110\u1eb7c \u0111i\u1ec3m n\u1ed5i b\u1eadt c\u1ee7a s\u1ea3n ph\u1ea9m:<\/strong><\/h4>\n<p>&#8211; B\u1ea3o v\u1ec7 \u0111\u00f4i tay ng\u01b0\u1eddi s\u1eed d\u1ee5ng<\/p>\n<p>&#8211; K\u1ebft c\u1ea5u ch\u1eafc ch\u1eafn, an to\u00e0n<\/p>\n<p>&#8211; D\u1ec5 dang s\u1ee7 d\u1ee5ng<\/p>\n<p>&#8211; Gi\u00e1 r\u1ebb<\/p>\n<p>s\u1ea3n ph\u1ea9m \u0111\u00e3 c\u00f3 m\u1eb7t t\u1ea1i Havamall.<\/p>","protected":false},"excerpt":{"rendered":"<p>\u0110\u1ec3 \u0111\u1ea3m b\u1ea3o \u0111\u1ea7y \u0111\u1ee7 ch\u1ea5t dinh d\u01b0\u1ee1ng trong b\u1eefa \u0103n, m\u00e0 kh\u00f4ng \u0111em l\u1ea1i c\u1ea3m gi\u00e1c nh\u00e0m ch\u00e1n, b\u1ea1n<\/p>","protected":false},"featured_media":21075,"comment_status":"open","ping_status":"closed","template":"","meta":[],"product_brand":[],"product_cat":[393,255,35],"product_tag":[],"class_list":{"0":"post-21074","1":"product","2":"type-product","3":"status-publish","4":"has-post-thumbnail","6":"product_cat-bep-phong-an","7":"product_cat-nguyen-lieu-lam-banh","8":"product_cat-nha-cua-doi-song","10":"first","11":"instock","12":"sale","13":"shipping-taxable","14":"purchasable","15":"product-type-simple"},"_links":{"self":[{"href":"https:\/\/havamall.vn\/en\/wp-json\/wp\/v2\/product\/21074"}],"collection":[{"href":"https:\/\/havamall.vn\/en\/wp-json\/wp\/v2\/product"}],"about":[{"href":"https:\/\/havamall.vn\/en\/wp-json\/wp\/v2\/types\/product"}],"replies":[{"embeddable":true,"href":"https:\/\/havamall.vn\/en\/wp-json\/wp\/v2\/comments?post=21074"}],"version-history":[{"count":0,"href":"https:\/\/havamall.vn\/en\/wp-json\/wp\/v2\/product\/21074\/revisions"}],"wp:featuredmedia":[{"embeddable":true,"href":"https:\/\/havamall.vn\/en\/wp-json\/wp\/v2\/media\/21075"}],"wp:attachment":[{"href":"https:\/\/havamall.vn\/en\/wp-json\/wp\/v2\/media?parent=21074"}],"wp:term":[{"taxonomy":"product_brand","embeddable":true,"href":"https:\/\/havamall.vn\/en\/wp-json\/wp\/v2\/product_brand?post=21074"},{"taxonomy":"product_cat","embeddable":true,"href":"https:\/\/havamall.vn\/en\/wp-json\/wp\/v2\/product_cat?post=21074"},{"taxonomy":"product_tag","embeddable":true,"href":"https:\/\/havamall.vn\/en\/wp-json\/wp\/v2\/product_tag?post=21074"}],"curies":[{"name":"wp","href":"https:\/\/api.w.org\/{rel}","templated":true}]}}