{"id":21069,"date":"2021-07-29T10:55:44","date_gmt":"2021-07-29T03:55:44","guid":{"rendered":"https:\/\/havamall.vn\/?post_type=product&#038;p=21069"},"modified":"2022-05-10T09:51:07","modified_gmt":"2022-05-10T02:51:07","slug":"khuon-nuong-banh-mini-bang-silicon-12-cai-uncle-bills","status":"publish","type":"product","link":"https:\/\/havamall.vn\/en\/shop\/khuon-nuong-banh-mini-bang-silicon-12-cai-uncle-bills\/","title":{"rendered":"Khu\u00f4n N\u01b0\u1edbng B\u00e1nh Mini B\u1eb1ng Silicon 12 C\u00e1i Uncle Bills"},"content":{"rendered":"<p>Uncle Bills (UBL) cung c\u1ea5p h\u01a1n 1800 s\u1ea3n ph\u1ea9m ti\u00eau d\u00f9ng ti\u1ec7n \u00edch, t\u1ea5t c\u1ea3 \u0111\u1ec1u h\u1ea5p d\u1eabn, ti\u1ec7n l\u1ee3i v\u00e0 gi\u00e1 tr\u1ecb n\u1ed5i b\u1eadt x\u1ee9ng v\u1edbi s\u1ed1 ti\u1ec1n b\u1ecf ra. S\u1ea3n ph\u1ea9m bao g\u1ed3m nhi\u1ec1u lo\u1ea1i, t\u1eeb \u0111\u1ed3 d\u00f9ng nh\u00e0 b\u1ebfp, ch\u0103m s\u00f3c c\u00e1 nh\u00e2n, v\u1ec7 sinh v\u00e0 l\u01b0u tr\u1eef, d\u1ee5ng c\u1ee5 DIY (t\u1ef1 l\u00e0m), ngo\u00e0i tr\u1eddi, v\u0103n ph\u00f2ng ph\u1ea9m v\u00e0 \u0111\u1ed3 d\u00f9ng cho tr\u1ebb em.<\/p>\n<p>S\u1ea3n ph\u1ea9m c\u1ee7a UBL do Uncle Bills Australia ph\u00e1t tri\u1ec3n, gi\u00e1m s\u00e1t v\u00e0 ki\u1ec3m tra ch\u1ea5t l\u01b0\u1ee3ng. S\u1ea3n ph\u1ea9m \u0111\u00e3 \u0111\u01b0\u1ee3c b\u00e1n t\u1ea1i h\u01a1n 10,000 c\u1eeda h\u00e0ng tr\u00ean h\u01a1n 50 qu\u1ed1c gia, bao g\u1ed3m Ch\u00e2u \u00c2u, Ch\u00e2u \u00dac, Ch\u00e2u \u00c1 v\u00e0 Ch\u00e2u Phi.<\/p>\n<p><img fetchpriority=\"high\" decoding=\"async\" class=\"aligncenter\" src=\"https:\/\/cf.shopee.vn\/file\/f6797de1ee745a2dc0d45cb02727d617\" alt=\"T\u00fai \u0110\u1ef1ng R\u00e1c Th\u00fa C\u01b0ng T\u1ef1 Ph\u00e2n H\u1ee7y Uncle Bills PA3372 | Shopee Vi\u1ec7t Nam\" width=\"663\" height=\"663\" \/><\/p>\n<p>Khu\u00f4n b\u00e1nh silicon 12 c\u00e1i Uncle Bills \u0111\u01b0\u1ee3c l\u00e0m t\u1eeb Silicon ch\u1ea5t l\u01b0\u1ee3ng cao, t\u1ea3n nhi\u1ec7t t\u1ed1t, gi\u00fap b\u00e1nh ch\u00edn \u0111\u1ec1u, d\u1ec5 d\u00e0ng th\u00e1o b\u00e1nh kh\u1ecfi khay.khi b\u00e1nh ch\u00edn. V\u1edbi khu\u00f4n b\u00e1nh mini silicon 12 b\u1ea1n s\u1ebd lu\u00f4n l\u00e0m n\u00ean.nh\u1eefng chi\u1ebfc b\u00e1nh n\u01b0\u1edbng v\u1eeba th\u01a1m ngon v\u1eeba \u0111\u1eb9p m\u1eaft m\u00e0 m\u1ecdi ng\u01b0\u1eddi kh\u00f4ng.th\u1ec3 c\u01b0\u1ee1ng l\u1ea1i \u0111\u01b0\u1ee3c..H\u00e3y c\u00f9ng Uncle Bills v\u00e0o b\u1ebfp l\u00e0m nh\u1eefng chi\u1ebfc b\u00e1nh n\u01b0\u1edbng ngon.nh\u1ea5t \u0111\u1ec3 d\u00e0nh t\u1eb7ng cho nh\u1eefng ng\u01b0\u1eddi m\u00e0 b\u1ea1n y\u00eau qu\u00fd<\/p>\n<p><img decoding=\"async\" class=\"wp-image-21070 aligncenter\" src=\"https:\/\/havamall.vn\/wp-content\/uploads\/2021\/07\/thtr-300x300.png\" alt=\"\" width=\"650\" height=\"651\" srcset=\"https:\/\/havamall.vn\/wp-content\/uploads\/2021\/07\/thtr-300x300.png 300w, https:\/\/havamall.vn\/wp-content\/uploads\/2021\/07\/thtr-430x430.png 430w, https:\/\/havamall.vn\/wp-content\/uploads\/2021\/07\/thtr-150x150.png 150w, https:\/\/havamall.vn\/wp-content\/uploads\/2021\/07\/thtr-700x700.png 700w, https:\/\/havamall.vn\/wp-content\/uploads\/2021\/07\/thtr-768x768.png 768w, https:\/\/havamall.vn\/wp-content\/uploads\/2021\/07\/thtr-600x600.png 600w, https:\/\/havamall.vn\/wp-content\/uploads\/2021\/07\/thtr-100x100.png 100w, https:\/\/havamall.vn\/wp-content\/uploads\/2021\/07\/thtr.png 800w\" sizes=\"(max-width: 650px) 100vw, 650px\" \/><\/p>\n<p>Khu\u00f4n b\u00e1nh silicon 12 c\u00e1i Uncle Bills t\u1ef1 nhi\u00ean kh\u00f4ng d\u00ednh \u0111\u1ec3 l\u00e0m b\u1eadt ra kh\u1ecfi ho\u00e0n to\u00e0n h\u00ecnh N\u01b0\u1edbng \u0111\u1ed1i x\u1eed v\u1edbi m\u1ed9t l\u00e0n gi\u00f3. Ch\u00fang ta cupcake l\u00f3t \u0111\u01b0\u1ee3c thi\u1ebft k\u1ebf \u0111\u1ec3 ch\u1ecbu \u0111\u01b0\u1ee3c h\u00e0ng ng\u00e0n Times &#8220;C\u00e1ch s\u1eed d\u1ee5ng, ho\u00e0n to\u00e0n m\u1ed9t ti\u1ec1n ti\u1ebft ki\u1ec7mKh\u00f4ng d\u00ednh, kh\u00f4ng t\u00ec v\u1ebft v\u00e0 m\u00f9i h\u00f4i ch\u1ed1ng t\u00ednh n\u0103ng \u0111\u1ea3m b\u1ea3o Silicone cupcake l\u00f3t r\u1ea5t d\u1ec5 d\u00e0ng \u0111\u1ec3 l\u00e0m s\u1ea1ch. L\u00f2 vi s\u00f3ng, L\u00f2 N\u01b0\u1edbng, T\u1ee7 L\u1ea1nh, T\u1ee7 \u0110\u00f4ng L\u1ea1nh v\u00e0 M\u00e1y R\u1eeda Ch\u00e9n An To\u00e0n. Nhi\u1ec7t \u0111\u1ed9 An To\u00e0n t\u1eeb-40 \u00b0F \u0111\u1ebfn + 450 \u00b0F(-40 \u2103 \u0111\u1ebfn + 230 \u2103).<\/p>\n<p><img decoding=\"async\" class=\"wp-image-21709 aligncenter\" src=\"https:\/\/havamall.vn\/wp-content\/uploads\/2021\/07\/ght\u1ef5-300x300.png\" alt=\"\" width=\"651\" height=\"652\" srcset=\"https:\/\/havamall.vn\/wp-content\/uploads\/2021\/07\/ght\u1ef5-300x300.png 300w, https:\/\/havamall.vn\/wp-content\/uploads\/2021\/07\/ght\u1ef5-430x430.png 430w, https:\/\/havamall.vn\/wp-content\/uploads\/2021\/07\/ght\u1ef5-150x150.png 150w, https:\/\/havamall.vn\/wp-content\/uploads\/2021\/07\/ght\u1ef5-700x700.png 700w, https:\/\/havamall.vn\/wp-content\/uploads\/2021\/07\/ght\u1ef5-768x768.png 768w, https:\/\/havamall.vn\/wp-content\/uploads\/2021\/07\/ght\u1ef5-600x600.png 600w, https:\/\/havamall.vn\/wp-content\/uploads\/2021\/07\/ght\u1ef5-100x100.png 100w, https:\/\/havamall.vn\/wp-content\/uploads\/2021\/07\/ght\u1ef5.png 1000w\" sizes=\"(max-width: 651px) 100vw, 651px\" \/><\/p>\n<p>Khu\u00f4n b\u00e1nh silicon 12 c\u00e1i Uncle Bills l\u00e0 s\u1ef1 l\u1ef1a ch\u1ecdn tuy\u1ec7t v\u1eddi cho n\u1ea5u \u0103n tr\u1ee9ng, l\u00e0m b\u00e1nh muffin, tem c\u1eafm b\u00e1nh cupcake, v\u00e0 b\u00e1nh m\u00ec, chu\u1ea9n b\u1ecb \u0111\u00f3ng b\u0103ng \u0111i\u1ec1u tr\u1ecb, m\u00f3n tr\u00e1ng mi\u1ec7ng tr\u00ean m\u1ed9t n\u01b0\u1edbng t\u1ea5m, k\u1eb9o l\u00e0m. Ho\u00e0n h\u1ea3o d\u00e0nh cho ph\u00e2n lo\u1ea1i v\u1eadt d\u1ee5ng nh\u1ecf. Vui v\u1ebb cho sinh nh\u1eadt ho\u1eb7c l\u1ec5 \u0110\u1ea3ng, s\u1eefa t\u1eafm cho b\u00e9, hay \u0111\u00e1m c\u01b0\u1edbi! S\u1eed d\u1ee5ng \u0111\u1ec3 chu\u1ea9n b\u1ecb c\u00f4ng th\u1ee9c n\u1ea5u \u0103n cho b\u1eefa \u0103n s\u00e1ng, \u0103n tr\u01b0a, \u0103n t\u1ed1i, \u0103n nh\u1eb9 ho\u1eb7c Mealtime lan r\u1ed9ng. Thay th\u1ebf cho Gi\u1ea5y B\u00e1nh ly, muffin ch\u1ea3o ho\u1eb7c t\u00edn, v\u1edbi m\u00f4i tr\u01b0\u1eddng an to\u00e0n thay th\u1ebf.<\/p>\n<p><img loading=\"lazy\" decoding=\"async\" class=\"wp-image-21710 aligncenter\" src=\"https:\/\/havamall.vn\/wp-content\/uploads\/2021\/07\/034bdf3f601a7336db49ebe62ce6208f-300x300.jpg\" alt=\"\" width=\"660\" height=\"660\" srcset=\"https:\/\/havamall.vn\/wp-content\/uploads\/2021\/07\/034bdf3f601a7336db49ebe62ce6208f-300x300.jpg 300w, https:\/\/havamall.vn\/wp-content\/uploads\/2021\/07\/034bdf3f601a7336db49ebe62ce6208f-430x430.jpg 430w, https:\/\/havamall.vn\/wp-content\/uploads\/2021\/07\/034bdf3f601a7336db49ebe62ce6208f-150x150.jpg 150w, https:\/\/havamall.vn\/wp-content\/uploads\/2021\/07\/034bdf3f601a7336db49ebe62ce6208f-700x700.jpg 700w, https:\/\/havamall.vn\/wp-content\/uploads\/2021\/07\/034bdf3f601a7336db49ebe62ce6208f-768x768.jpg 768w, https:\/\/havamall.vn\/wp-content\/uploads\/2021\/07\/034bdf3f601a7336db49ebe62ce6208f-600x600.jpg 600w, https:\/\/havamall.vn\/wp-content\/uploads\/2021\/07\/034bdf3f601a7336db49ebe62ce6208f-100x100.jpg 100w, https:\/\/havamall.vn\/wp-content\/uploads\/2021\/07\/034bdf3f601a7336db49ebe62ce6208f.jpg 1000w\" sizes=\"(max-width: 660px) 100vw, 660px\" \/><\/p>\n<p>Thi\u1ebft k\u1ebf \u0111\u1eb9p, d\u1ec5 s\u1eed d\u1ee5ng.Khay c\u00f3 thi\u1ebft k\u1ebf \u0111\u01a1n gi\u1ea3n nh\u01b0ng kh\u00f4ng k\u00e9m ph\u1ea7n b\u1eaft m\u1eaft. N\u01b0\u1edbng \u0111\u01b0\u1ee3c.nhi\u1ec1u lo\u1ea1i b\u00e1nh kh\u00e1c nhau. S\u1eed d\u1ee5ng t\u1ed1t trong t\u1ee7 l\u1ea1nh, m\u00e1y r\u1eeda ch\u00e9n,.l\u00f2 vi s\u00f3ng, l\u00f2 n\u01b0\u1edbng, ch\u1ecbu nhi\u1ec7t \u0111\u1ed9 l\u00ean \u0111\u1ebfn 240oC.<\/p>\n<h4><strong>\u0110\u1eb7c \u0111i\u1ec3m n\u1ed5i b\u1eadt c\u1ee7a s\u1ea3n ph\u1ea9m:<\/strong><\/h4>\n<p>&#8211; Ch\u1ea5t l\u01b0\u1ee3ng cao c\u1ea5p<\/p>\n<p>&#8211; Linh ho\u1ea1t v\u00e0 ch\u1ed1ng d\u00ednh<\/p>\n<p>&#8211; D\u1ec5 d\u00e0ng l\u00e0m s\u1ea1ch<\/p>\n<p>&#8211; \u0110a n\u0103ng linh ho\u1ea1t<\/p>\n<p>S\u1ea3n ph\u1ea9m hi\u1ec7n \u0111\u00e3 c\u00f3 m\u1eb7t t\u1ea1i Havamall.<\/p>","protected":false},"excerpt":{"rendered":"<p>Uncle Bills (UBL) cung c\u1ea5p h\u01a1n 1800 s\u1ea3n ph\u1ea9m ti\u00eau d\u00f9ng ti\u1ec7n \u00edch, t\u1ea5t c\u1ea3 \u0111\u1ec1u h\u1ea5p d\u1eabn, ti\u1ec7n l\u1ee3i<\/p>","protected":false},"featured_media":21073,"comment_status":"open","ping_status":"closed","template":"","meta":[],"product_brand":[],"product_cat":[393,255,35],"product_tag":[],"class_list":{"0":"post-21069","1":"product","2":"type-product","3":"status-publish","4":"has-post-thumbnail","6":"product_cat-bep-phong-an","7":"product_cat-nguyen-lieu-lam-banh","8":"product_cat-nha-cua-doi-song","9":"pa_brand-uncle-bills","11":"first","12":"instock","13":"sale","14":"shipping-taxable","15":"purchasable","16":"product-type-simple"},"_links":{"self":[{"href":"https:\/\/havamall.vn\/en\/wp-json\/wp\/v2\/product\/21069"}],"collection":[{"href":"https:\/\/havamall.vn\/en\/wp-json\/wp\/v2\/product"}],"about":[{"href":"https:\/\/havamall.vn\/en\/wp-json\/wp\/v2\/types\/product"}],"replies":[{"embeddable":true,"href":"https:\/\/havamall.vn\/en\/wp-json\/wp\/v2\/comments?post=21069"}],"version-history":[{"count":0,"href":"https:\/\/havamall.vn\/en\/wp-json\/wp\/v2\/product\/21069\/revisions"}],"wp:featuredmedia":[{"embeddable":true,"href":"https:\/\/havamall.vn\/en\/wp-json\/wp\/v2\/media\/21073"}],"wp:attachment":[{"href":"https:\/\/havamall.vn\/en\/wp-json\/wp\/v2\/media?parent=21069"}],"wp:term":[{"taxonomy":"product_brand","embeddable":true,"href":"https:\/\/havamall.vn\/en\/wp-json\/wp\/v2\/product_brand?post=21069"},{"taxonomy":"product_cat","embeddable":true,"href":"https:\/\/havamall.vn\/en\/wp-json\/wp\/v2\/product_cat?post=21069"},{"taxonomy":"product_tag","embeddable":true,"href":"https:\/\/havamall.vn\/en\/wp-json\/wp\/v2\/product_tag?post=21069"}],"curies":[{"name":"wp","href":"https:\/\/api.w.org\/{rel}","templated":true}]}}