{"id":21064,"date":"2021-07-29T10:39:58","date_gmt":"2021-07-29T03:39:58","guid":{"rendered":"https:\/\/havamall.vn\/?post_type=product&#038;p=21064"},"modified":"2022-05-10T09:51:13","modified_gmt":"2022-05-10T02:51:13","slug":"nhiet-ke-lo-nuong-oven-thermometere","status":"publish","type":"product","link":"https:\/\/havamall.vn\/en\/shop\/nhiet-ke-lo-nuong-oven-thermometere\/","title":{"rendered":"Nhi\u1ec7t K\u1ebf L\u00f2 N\u01b0\u1edbng &#8211; Oven Thermometere"},"content":{"rendered":"<p>B\u1ea1n cho r\u1eb1ng sau khi cho v\u00e0o l\u00f2 n\u01b0\u1edbng th\u00ec ch\u1ec9 c\u1ea7n \u0111\u1ee3i b\u00e1nh ch\u00edn l\u00e0 xong, tuy nhi\u00ean n\u1ebfu kh\u00f4ng bi\u1ebft nhi\u1ec7t \u0111\u1ed9 l\u00f2 n\u01b0\u1edbng nh\u01b0 th\u1ebf n\u00e0o th\u00ec c\u00f3 th\u1ec3 b\u1ea1n s\u1ebd ph\u1ea3i th\u01b0\u1edfng th\u1ee9c chi\u1ebfc b\u00e1nh ch\u01b0a ch\u00edn hay ch\u00edn qu\u00e1. M\u1ed9t v\u1eadt d\u1ee5ng kh\u00f4ng th\u1ec3 thi\u1ebfu cho kh\u00e2u cu\u1ed1i c\u00f9ng n\u00e0y l\u00e0 chi\u1ebfc nhi\u1ec7t k\u1ebf l\u00f2.Vi\u1ec7c s\u1eed d\u1ee5ng l\u00f2 n\u01b0\u1edbng r\u1ea5t ti\u1ec7n l\u1ee3i \u1edf ch\u1ed7 n\u00f3 cho b\u1ea1n bi\u1ebft nhi\u1ec7t \u0111\u1ed9 ch\u00eanh l\u1ec7ch gi\u1eefa b\u00ean trong l\u00f2 v\u1edbi nhi\u1ec7t \u0111\u1ed9 m\u00f4i tr\u01b0\u1eddng v\u00e0 bi\u1ebft \u0111\u01b0\u1ee3c nhi\u1ec7t \u0111\u1ed9 th\u1ef1c t\u1ebf trong l\u00f2 \u0111\u1ec3 \u0111i\u1ec1u ch\u1ec9nh ph\u00f9 h\u1ee3p v\u1edbi \u0111\u1ed9 ch\u00edn mong mu\u1ed1n c\u1ee7a b\u1ea1n.<\/p>\n<p><img fetchpriority=\"high\" decoding=\"async\" class=\"wp-image-21065 aligncenter\" src=\"https:\/\/havamall.vn\/wp-content\/uploads\/2021\/07\/njgr-300x300.png\" alt=\"\" width=\"635\" height=\"635\" srcset=\"https:\/\/havamall.vn\/wp-content\/uploads\/2021\/07\/njgr-300x300.png 300w, https:\/\/havamall.vn\/wp-content\/uploads\/2021\/07\/njgr-430x430.png 430w, https:\/\/havamall.vn\/wp-content\/uploads\/2021\/07\/njgr-150x150.png 150w, https:\/\/havamall.vn\/wp-content\/uploads\/2021\/07\/njgr-700x700.png 700w, https:\/\/havamall.vn\/wp-content\/uploads\/2021\/07\/njgr-768x768.png 768w, https:\/\/havamall.vn\/wp-content\/uploads\/2021\/07\/njgr-600x600.png 600w, https:\/\/havamall.vn\/wp-content\/uploads\/2021\/07\/njgr-100x100.png 100w, https:\/\/havamall.vn\/wp-content\/uploads\/2021\/07\/njgr.png 1001w\" sizes=\"(max-width: 635px) 100vw, 635px\" \/><\/p>\n<div id=\"box-thongso\" class=\"col body-sepcs active\">\n<div>Nhi\u1ec7t \u0111\u1ed9 c\u1ee7a l\u00f2 n\u01b0\u1edbng c\u00f3 th\u1ec3 thay \u0111\u1ed5i sau m\u1ed9t th\u1eddi gian kh\u00f4ng s\u1eed d\u1ee5ng v\u00e0 c\u00f3 khi b\u1ecb sai l\u1ec7nh so v\u1edbi nhi\u1ec7t \u0111\u1ed9 tr\u00ean b\u1ea3ng \u0111i\u1ec1u khi\u1ec3n v\u00ec v\u1eady\u00a0nhi\u1ec7t k\u1ebf l\u00f2 n\u01b0\u1edbng Oven Thermometere c\u00f3 kh\u1ea3 n\u0103ng \u0111o ch\u00ednh x\u00e1c nhi\u1ec7t \u0111\u1ed9 trong l\u00f2 n\u01b0\u1edbng gi\u00fap cho vi\u1ec7c n\u01b0\u1edbng b\u00e1nh c\u1ee7a b\u1ea1n \u0111\u01b0\u1ee3c di\u1ec5n ra su\u00f4n s\u1ebb v\u00e0 ngon nh\u1ea5t. V\u00ec n\u01b0\u1edbng b\u00e1nh l\u00e0 quy tr\u00ecnh quan tr\u1ecdng trong qu\u00e1 tr\u00ecnh l\u00e0m b\u00e1nh, c\u1ea7n ph\u1ea3i c\u00f3 nhi\u1ec7t \u0111\u1ed9 ph\u00f9 h\u1ee3p th\u00ec m\u1edbi c\u00f3 \u0111\u01b0\u1ee3c m\u1ed9t m\u1ebb b\u00e1nh ngon, n\u1ebfu \u0111\u1ec3 nhi\u1ec7t \u0111\u1ed9 qu\u00e1 cao s\u1ebd l\u00e0m ch\u1ebft men \u0111\u1ed3ng th\u1eddi c\u00e1c s\u1ee3 gluten c\u1ee9ng l\u1ea1i, t\u1ea1o th\u00e0nh c\u00e1c th\u1ee3 b\u00e1nh c\u1ee9ng c\u00e1p v\u1edbi nhi\u1ec1u l\u1ed7 kh\u00ed b\u00ean trong.<\/div>\n<div><img decoding=\"async\" class=\"wp-image-21066 aligncenter\" src=\"https:\/\/havamall.vn\/wp-content\/uploads\/2021\/07\/trth-300x300.png\" alt=\"\" width=\"632\" height=\"632\" srcset=\"https:\/\/havamall.vn\/wp-content\/uploads\/2021\/07\/trth-300x300.png 300w, https:\/\/havamall.vn\/wp-content\/uploads\/2021\/07\/trth-430x430.png 430w, https:\/\/havamall.vn\/wp-content\/uploads\/2021\/07\/trth-150x150.png 150w, https:\/\/havamall.vn\/wp-content\/uploads\/2021\/07\/trth-700x700.png 700w, https:\/\/havamall.vn\/wp-content\/uploads\/2021\/07\/trth-768x768.png 768w, https:\/\/havamall.vn\/wp-content\/uploads\/2021\/07\/trth-600x600.png 600w, https:\/\/havamall.vn\/wp-content\/uploads\/2021\/07\/trth-100x100.png 100w, https:\/\/havamall.vn\/wp-content\/uploads\/2021\/07\/trth.png 1001w\" sizes=\"(max-width: 632px) 100vw, 632px\" \/><\/div>\n<\/div>\n<p>Nhi\u1ec7t k\u1ebf l\u00f2 n\u01b0\u1edbng ho\u00e0n to\u00e0n m\u1edbi v\u00e0 ch\u1ea5t l\u01b0\u1ee3ng cao. \u0110\u1ed9 ch\u00ednh x\u00e1c cao, \u0111\u1ecdc nhanh. Kh\u00f4ng c\u00f3 pin, ho\u1ea1t \u0111\u1ed9ng \u0111\u01a1n gi\u1ea3n v\u00e0 b\u1ec1n. Ch\u1ea5t li\u1ec7u ch\u1ecbu nhi\u1ec7t \u0111\u1ed9 cao, an to\u00e0n v\u00e0 b\u1ea3o v\u1ec7 m\u00f4i tr\u01b0\u1eddng.<\/p>\n<h4><strong>C\u00f4ng d\u1ee5ng c\u1ee7a s\u1ea3n ph\u1ea9m:<\/strong><\/h4>\n<p>&#8211; Nhi\u1ec7t k\u1ebf l\u00f2 n\u01b0\u1edbng Oven Thermometere v\u1edbi thi\u1ebft k\u1ebf th\u00f4ng minh v\u00e0 ti\u1ec7n d\u1ee5ng, l\u00e0 d\u1ee5ng c\u1ee5 kh\u00f4ng th\u1ec3 thi\u1ebfu cho nh\u1eefng ch\u1ecb em n\u1ed9i tr\u1ee3 trong gia \u0111\u00ecnh<\/p>\n<p>&#8211; T\u1ef7 l\u1ec7 th\u00e0nh c\u00f4ng trong l\u00e0m b\u00e1nh ph\u1ee5 thu\u1ed9c r\u1ea5t nhi\u1ec1u v\u00e0o nhi\u1ec7t \u0111\u1ed9 l\u00f2 n\u01b0\u1edbng.<\/p>\n<p>&#8211; \u0110\u1ec3 bi\u1ebft \u0111\u01b0\u1ee3c l\u00f2 n\u01b0\u1edbng c\u1ee7a b\u1ea1n c\u00f3 b\u1ecb ch\u00eanh nhi\u1ec7t kh\u00f4ng, hay c\u0103n \u0111\u01b0\u1ee3c nhi\u1ec7t \u0111\u1ed9 ch\u00ednh x\u00e1c, nhi\u1ec7t k\u1ebf l\u00f2 n\u01b0\u1edbng l\u00e0 m\u1ed9t c\u00f4ng c\u1ee5 h\u1eefu \u00edch.<\/p>\n<p><img decoding=\"async\" class=\"wp-image-21067 aligncenter\" src=\"https:\/\/havamall.vn\/wp-content\/uploads\/2021\/07\/tyhrh-300x300.png\" alt=\"\" width=\"622\" height=\"622\" srcset=\"https:\/\/havamall.vn\/wp-content\/uploads\/2021\/07\/tyhrh-300x300.png 300w, https:\/\/havamall.vn\/wp-content\/uploads\/2021\/07\/tyhrh-430x430.png 430w, https:\/\/havamall.vn\/wp-content\/uploads\/2021\/07\/tyhrh-150x150.png 150w, https:\/\/havamall.vn\/wp-content\/uploads\/2021\/07\/tyhrh-700x700.png 700w, https:\/\/havamall.vn\/wp-content\/uploads\/2021\/07\/tyhrh-768x768.png 768w, https:\/\/havamall.vn\/wp-content\/uploads\/2021\/07\/tyhrh-600x600.png 600w, https:\/\/havamall.vn\/wp-content\/uploads\/2021\/07\/tyhrh-100x100.png 100w, https:\/\/havamall.vn\/wp-content\/uploads\/2021\/07\/tyhrh.png 1020w\" sizes=\"(max-width: 622px) 100vw, 622px\" \/><\/p>\n<h4><strong>H\u01b0\u1edbng d\u1eabn s\u1eed d\u1ee5ng nhi\u1ec7t k\u1ebf l\u00f2 n\u01b0\u1edbng:<\/strong><\/h4>\n<p>&#8211; \u0110\u1eb7t nhi\u1ec7t k\u1ebf \u1edf r\u00e3nh gi\u1eefa c\u1ee7a l\u00f2 ngay khi ch\u01b0a kh\u1edfi \u0111\u1ed9ng l\u00f2. \u0110\u00f3ng c\u1eeda l\u00f2, m\u1edf nhi\u1ec7t \u0111\u1ed9 t\u1eeb n\u1ea5c th\u1ea5p ( t\u1ea7m 150 \u0111\u1ed9 )<br \/>\n&#8211; Tuy\u1ec7t \u0111\u1ed1i kh\u00f4ng m\u1edf nhi\u1ec7t \u0111\u1ed9 max l\u00e0 250 \u0111\u1ed9 v\u00ec nhi\u1ec7t k\u1ebf l\u00f2 c\u1ea7n th\u00edch nghi v\u1edbi nhi\u1ec7t \u0111\u1ed9 t\u0103ng t\u1eeb t\u1eeb, n\u1ebfu b\u1eadt nhi\u1ec7t \u0111\u1ed9 qu\u00e1 cao \u0111\u1ed3ng h\u1ed3 c\u1ee7a nhi\u1ec7t k\u1ebf l\u00f2 c\u00f3 th\u1ec3 b\u1ecb ch\u00e1y. Vi\u1ec7c cho nhi\u1ec7t k\u1ebf v\u00e0o t\u1eeb \u0111\u1ea7u r\u1ed3i m\u1edbi ch\u1ec9nh nhi\u1ec7t nh\u1eb1m m\u1ee5c \u0111\u00edch bi\u1ebft \u0111\u01b0\u1ee3c l\u00f2 m\u1ea5t bao l\u00e2u \u0111\u1ec3 l\u00ean nhi\u1ec7t \u0111\u1ed9 mong mu\u1ed1n.<\/p>\n<p>&#8211; V\u00ed d\u1ee5 : Ch\u1ec9nh nhi\u1ec7t \u0111\u1ed9 150 \u0111\u1ed9 C, quan s\u00e1t \u0111\u1ed3ng h\u1ed3 trong v\u00f2ng 10 &#8211; 15 ph\u00fat ( t\u00f9y l\u00f2) \u0111\u1ed3ng h\u1ed3 v\u1eabn hi\u1ec3n th\u1ecb 130 \u0111\u1ed9 C. M\u1ea5t 10 &#8211; 15 &#8216; \u0111\u1ec3 l\u00f2 n\u00f3ng 130 \u0111\u1ed9 C , v\u00e0 l\u00f2 b\u1ecb ch\u00eanh nhi\u1ec7t 20 \u0111\u1ed9 so v\u1edbi \u0111\u1ed9 mong mu\u1ed1n. Nh\u01b0 v\u1eady mu\u1ed1n \u0111\u1ea1t \u0111\u01b0\u1ee3c 150 \u0111\u1ed9 C ph\u1ea3i ch\u1ec9nh 170 \u0111\u1ed9 C. L\u01b0u \u00fd: ch\u00eanh nhi\u1ec7t \u0111\u1ed9 c\u00f3 th\u1ec3 hi\u1ec3u l\u00e0 nhi\u1ec7t \u0111\u1ed9 th\u1ea5p h\u01a1n ho\u1eb7c cao h\u01a1n nhi\u1ec7t \u0111\u1ed9 mong mu\u1ed1n.<\/p>\n<p>&#8211; S\u1ebd c\u00f3 tr\u01b0\u1eddng h\u1ee3p \u1edf c\u00e1c g\u00f3c l\u00f2 nhi\u1ec7t \u0111\u1ed9 c\u0169ng kh\u00e1c nhau, \u0111\u1ec3 ki\u1ec3m tra b\u1ea1n n\u00ean th\u1ef1c hi\u1ec7n thao t\u00e1c t\u01b0\u01a1ng t\u1ef1 nh\u01b0 tr\u00ean \u1edf c\u00e1c g\u00f3c b\u1ebfp \u0111\u1ec3 n\u1eafm \u0111\u01b0\u1ee3c nhi\u1ec7t \u0111\u1ed9 t\u1ed5ng th\u1ec3 c\u1ee7a l\u00f2.<\/p>\n<p>&#8211; C\u00e1ch v\u1ec7 sinh nhi\u1ec7t k\u1ebf: Khi \u0111em ra kh\u1ecfi l\u00f2, \u0111\u1ec3 nhi\u1ec7t k\u1ebf ngu\u1ed9i m\u1edbi d\u00f9ng kh\u0103n \u01b0\u1edbt lau s\u1ea1ch.<\/p>\n<p>S\u1ea3n ph\u1ea9m hi\u1ec7n \u0111\u00e3 c\u00f3 m\u1eb7t t\u1ea1i Havamall.<\/p>","protected":false},"excerpt":{"rendered":"<p>B\u1ea1n cho r\u1eb1ng sau khi cho v\u00e0o l\u00f2 n\u01b0\u1edbng th\u00ec ch\u1ec9 c\u1ea7n \u0111\u1ee3i b\u00e1nh ch\u00edn l\u00e0 xong, tuy nhi\u00ean n\u1ebfu<\/p>","protected":false},"featured_media":21068,"comment_status":"open","ping_status":"closed","template":"","meta":[],"product_brand":[],"product_cat":[393,255,35],"product_tag":[],"class_list":{"0":"post-21064","1":"product","2":"type-product","3":"status-publish","4":"has-post-thumbnail","6":"product_cat-bep-phong-an","7":"product_cat-nguyen-lieu-lam-banh","8":"product_cat-nha-cua-doi-song","10":"first","11":"instock","12":"sale","13":"shipping-taxable","14":"purchasable","15":"product-type-simple"},"_links":{"self":[{"href":"https:\/\/havamall.vn\/en\/wp-json\/wp\/v2\/product\/21064"}],"collection":[{"href":"https:\/\/havamall.vn\/en\/wp-json\/wp\/v2\/product"}],"about":[{"href":"https:\/\/havamall.vn\/en\/wp-json\/wp\/v2\/types\/product"}],"replies":[{"embeddable":true,"href":"https:\/\/havamall.vn\/en\/wp-json\/wp\/v2\/comments?post=21064"}],"version-history":[{"count":0,"href":"https:\/\/havamall.vn\/en\/wp-json\/wp\/v2\/product\/21064\/revisions"}],"wp:featuredmedia":[{"embeddable":true,"href":"https:\/\/havamall.vn\/en\/wp-json\/wp\/v2\/media\/21068"}],"wp:attachment":[{"href":"https:\/\/havamall.vn\/en\/wp-json\/wp\/v2\/media?parent=21064"}],"wp:term":[{"taxonomy":"product_brand","embeddable":true,"href":"https:\/\/havamall.vn\/en\/wp-json\/wp\/v2\/product_brand?post=21064"},{"taxonomy":"product_cat","embeddable":true,"href":"https:\/\/havamall.vn\/en\/wp-json\/wp\/v2\/product_cat?post=21064"},{"taxonomy":"product_tag","embeddable":true,"href":"https:\/\/havamall.vn\/en\/wp-json\/wp\/v2\/product_tag?post=21064"}],"curies":[{"name":"wp","href":"https:\/\/api.w.org\/{rel}","templated":true}]}}