{"id":21050,"date":"2021-07-29T09:34:51","date_gmt":"2021-07-29T02:34:51","guid":{"rendered":"https:\/\/havamall.vn\/?post_type=product&#038;p=21050"},"modified":"2022-06-13T11:34:22","modified_gmt":"2022-06-13T04:34:22","slug":"sua-dac-nguyen-chat-vi-chocolate-glavproduct-tuyp-320g","status":"publish","type":"product","link":"https:\/\/havamall.vn\/en\/shop\/sua-dac-nguyen-chat-vi-chocolate-glavproduct-tuyp-320g\/","title":{"rendered":"S\u1eefa \u0110\u1eb7c Nguy\u00ean Ch\u1ea5t V\u1ecb Chocolate Glavproduct Tu\u00fdp 320g"},"content":{"rendered":"<p>S\u1eefa \u0111\u1eb7c nguy\u00ean ch\u1ea5t socola GLAVPRODUCT \u0111\u01b0\u1ee3c l\u00e0m t\u1eeb c\u00e1c th\u00e0nh ph\u1ea7n t\u1ef1 nhi\u00ean nguy\u00ean ch\u1ea5t, mang \u0111\u1ebfn h\u01b0\u01a1ng v\u1ecb tuy\u1ec7t v\u1eddi gi\u00fap b\u1ea1n pha ch\u1ebf nhi\u1ec1u m\u00f3n th\u1ee9c u\u1ed1ng cho gia \u0111\u00ecnh. H\u01b0\u01a1ng v\u1ecb socola th\u1eadt l\u00e0 tuy\u1ec7t v\u1eddi.<\/p>\n<p><img fetchpriority=\"high\" decoding=\"async\" class=\"wp-image-21125 aligncenter\" src=\"https:\/\/havamall.vn\/wp-content\/uploads\/2021\/07\/jhhhhhhhhh-300x300.png\" alt=\"\" width=\"629\" height=\"629\" srcset=\"https:\/\/havamall.vn\/wp-content\/uploads\/2021\/07\/jhhhhhhhhh-300x300.png 300w, https:\/\/havamall.vn\/wp-content\/uploads\/2021\/07\/jhhhhhhhhh-430x430.png 430w, https:\/\/havamall.vn\/wp-content\/uploads\/2021\/07\/jhhhhhhhhh-150x150.png 150w, https:\/\/havamall.vn\/wp-content\/uploads\/2021\/07\/jhhhhhhhhh-700x700.png 700w, https:\/\/havamall.vn\/wp-content\/uploads\/2021\/07\/jhhhhhhhhh-768x768.png 768w, https:\/\/havamall.vn\/wp-content\/uploads\/2021\/07\/jhhhhhhhhh-1024x1024.png 1024w, https:\/\/havamall.vn\/wp-content\/uploads\/2021\/07\/jhhhhhhhhh-1200x1200.png 1200w, https:\/\/havamall.vn\/wp-content\/uploads\/2021\/07\/jhhhhhhhhh-600x600.png 600w, https:\/\/havamall.vn\/wp-content\/uploads\/2021\/07\/jhhhhhhhhh-100x100.png 100w, https:\/\/havamall.vn\/wp-content\/uploads\/2021\/07\/jhhhhhhhhh.png 1732w\" sizes=\"(max-width: 629px) 100vw, 629px\" \/><\/p>\n<p>\u0110\u01b0\u1ee3c s\u1ea3n xu\u1ea5t b\u1edfi Nh\u00e0 m\u00e1y \u0111\u00f3ng s\u1eefa h\u1ed9p Verkhovsky \u2013 m\u1ed9t trong nh\u1eefng nh\u00e0 m\u00e1y l\u1edbn nh\u1ea5t \u1edf Nga. Nh\u00e0 m\u00e1y \u0111\u01b0\u1ee3c ch\u1ee9ng nh\u1eadn tu\u00e2n th\u1ee7 03 ti\u00eau chu\u1ea9n qu\u1ed1c t\u1ebf GOST R ISO 9001-2008. S\u1ea3n ph\u1ea9m \u0111\u01b0\u1ee3c s\u1ea3n xu\u1ea5t tr\u00ean d\u00e2y chuy\u1ec1n hi\u1ec7n \u0111\u1ea1i, kh\u00f4ng ch\u1ee9a ch\u1ea5t b\u1ea3o qu\u1ea3n \u0111\u1ed9c h\u1ea1i cho ng\u01b0\u1eddi s\u1eed d\u1ee5ng. Ph\u00e2n ph\u1ed1i r\u1ed9ng kh\u1eafp c\u00e1c si\u00eau th\u1ecb l\u1edbn nh\u1ecf t\u1ea1i Nga v\u00e0 Ch\u00e2u \u00c2u.<\/p>\n<p><img decoding=\"async\" class=\"wp-image-21052 aligncenter\" src=\"https:\/\/havamall.vn\/wp-content\/uploads\/2021\/07\/shokoladnyi-krem-th-300x200.png\" alt=\"\" width=\"626\" height=\"416\" srcset=\"https:\/\/havamall.vn\/wp-content\/uploads\/2021\/07\/shokoladnyi-krem-th-300x200.png 300w, https:\/\/havamall.vn\/wp-content\/uploads\/2021\/07\/shokoladnyi-krem-th-430x287.png 430w, https:\/\/havamall.vn\/wp-content\/uploads\/2021\/07\/shokoladnyi-krem-th-150x100.png 150w, https:\/\/havamall.vn\/wp-content\/uploads\/2021\/07\/shokoladnyi-krem-th-768x512.png 768w, https:\/\/havamall.vn\/wp-content\/uploads\/2021\/07\/shokoladnyi-krem-th-1200x800.png 1200w, https:\/\/havamall.vn\/wp-content\/uploads\/2021\/07\/shokoladnyi-krem-th-600x400.png 600w, https:\/\/havamall.vn\/wp-content\/uploads\/2021\/07\/shokoladnyi-krem-th.png 1440w\" sizes=\"(max-width: 626px) 100vw, 626px\" \/><\/p>\n<p>S\u1eefa \u0111\u1eb7c nguy\u00ean ch\u1ea5t socola Glavproduct l\u00e0 s\u1ea3n ph\u1ea9m \u0111\u01b0\u1ee3c \u01b0a chu\u1ed9ng s\u1ed1 1 t\u1ea1i Nga. S\u1ea3n ph\u1ea9m mang v\u1ecb ngon c\u1ee7a s\u1eefa t\u01b0\u01a1i ti\u1ec7t tr\u00f9ng, \u0111\u1eadm \u0111\u00e0 h\u01b0\u01a1ng kem, gi\u00e0u canxi v\u00e0 protein, h\u00e0m l\u01b0\u1ee3ng ch\u1ea5t b\u00e9o trong kho\u1ea3ng 8.5%, t\u1ed1t cho s\u1ee9c kh\u1ecfe gia \u0111\u00ecnh.<\/p>\n<p>Th\u00e0nh ph\u1ea7n s\u1eefa bao g\u1ed3m s\u1eefa b\u00f2, ch\u1ea5t b\u00e9o, protein, \u0111\u01b0\u1eddng, socola. Nh\u1eefng th\u00e0nh ph\u1ea7n n\u00e0y \u0111\u1ec1u c\u00f3 l\u1ee3i cho qu\u00e1 tr\u00ecnh t\u0103ng c\u00e2n nhanh cho ng\u01b0\u1eddi g\u1ea7y, nh\u1eefng ng\u01b0\u1eddi k\u00e9n \u0103n, \u0103n kh\u00f4ng ti\u00eau, c\u01a1 th\u1ec3 kh\u00f3 h\u1ea5p th\u1ee5 d\u01b0\u1ee1ng ch\u1ea5t t\u1eeb th\u1ee9c \u0103n th\u00ec s\u1eefa \u0111\u1eb7c l\u1ea1i c\u00f3 th\u1ec3 l\u00e0m t\u1ed1t nhi\u1ec7m v\u1ee5 \u0111\u00f3.<\/p>\n<p><img decoding=\"async\" class=\"wp-image-21053 aligncenter\" src=\"https:\/\/havamall.vn\/wp-content\/uploads\/2021\/07\/tyey-300x225.png\" alt=\"\" width=\"643\" height=\"482\" srcset=\"https:\/\/havamall.vn\/wp-content\/uploads\/2021\/07\/tyey-300x225.png 300w, https:\/\/havamall.vn\/wp-content\/uploads\/2021\/07\/tyey-430x323.png 430w, https:\/\/havamall.vn\/wp-content\/uploads\/2021\/07\/tyey-150x113.png 150w, https:\/\/havamall.vn\/wp-content\/uploads\/2021\/07\/tyey-700x525.png 700w, https:\/\/havamall.vn\/wp-content\/uploads\/2021\/07\/tyey-768x576.png 768w, https:\/\/havamall.vn\/wp-content\/uploads\/2021\/07\/tyey-1024x768.png 1024w, https:\/\/havamall.vn\/wp-content\/uploads\/2021\/07\/tyey.png 1200w, https:\/\/havamall.vn\/wp-content\/uploads\/2021\/07\/tyey-600x450.png 600w\" sizes=\"(max-width: 643px) 100vw, 643px\" \/><\/p>\n<p>Pha s\u1eefa \u0111\u1eb7c nguy\u00ean ch\u1ea5t socola Glavproduct v\u1edbi n\u01b0\u1edbc \u1ea5m u\u1ed1ng v\u00e0o bu\u1ed5i s\u00e1ng, ch\u1ec9 c\u1ea7n \u0111\u1ed5 1 l\u01b0\u1ee3ng s\u1eefa \u0111\u1eb7c ra 1 c\u1ed1c v\u00e0 th\u00eam n\u01b0\u1edbc \u1ea5m, sau \u0111\u00f3 khu\u1ea5y \u0111\u1ec1u cho \u0111\u1ebfn khi s\u1eefa d\u01b0\u1edbi \u0111\u00e1y tan to\u00e0n b\u1ed9. \u0102n nh\u1eb9 v\u00e0o bu\u1ed5i s\u00e1ng v\u1edbi b\u00e1nh m\u00ec ch\u1ee9a tinh b\u1ed9t cung c\u1ea5p n\u0103ng l\u01b0\u1ee3ng cho ng\u00e0y m\u1edbi, \u0103n c\u00f9ng s\u1eefa \u0111\u1eb7c v\u1eeba d\u1ec5 \u0103n, v\u1eeba c\u00f3 th\u1ec3 gi\u00fap t\u0103ng c\u00e2n nhanh ch\u00f3ng.<\/p>\n<p><img loading=\"lazy\" decoding=\"async\" class=\"aligncenter\" src=\"https:\/\/havamall.vn\/wp-content\/uploads\/2021\/01\/thuc-uong-giam-can-tu-ca-cao-6-1000x658.png\" alt=\"Nh\u1eefng c\u00f4ng d\u1ee5ng c\u1ee7a ca cao nguy\u00ean ch\u1ea5t s\u1ebd l\u00e0m thay \u0111\u1ed5i cu\u1ed9c \u0111\u1eddi b\u1ea1n. - The Bitter Cacao Vi\u1ec7t Nam\" width=\"645\" height=\"424\" \/><\/p>\n<h4><strong>\u0110\u1eb7c \u0111i\u1ec3m n\u1ed5i b\u1eadt c\u1ee7a s\u1ea3n ph\u1ea9m:<\/strong><\/h4>\n<p>&#8211; H\u01b0\u01a1ng v\u1ecb th\u01a1m ngon, v\u1ecb ng\u1ecdt v\u1eeba ph\u1ea3i, v\u1ecb Socola \u0111\u1eadm \u0111\u00e0.<\/p>\n<p>&#8211; Thi\u1ebft k\u1ebf d\u1ea1ng tu\u00fdp ti\u1ec7n l\u1ee3i, d\u1ec5 d\u00e0ng \u0111em theo m\u1ecdi l\u00fac m\u1ecdi n\u01a1i v\u00e0 s\u1eed d\u1ee5ng.<\/p>\n<p>&#8211; Kh\u00f4ng ch\u1ee9a ch\u1ea5t b\u1ea3o qu\u1ea3n, h\u01b0\u01a1ng li\u1ec7u t\u1ea1o m\u00e0u nh\u00e2n t\u1ea1o.<\/p>\n<p><img loading=\"lazy\" decoding=\"async\" class=\"aligncenter\" src=\"https:\/\/havamall.vn\/wp-content\/uploads\/2021\/07\/banh-flan-socola-thom-ngon-ngot-ngao.jpg\" alt=\"C\u00e1ch l\u00e0m b\u00e1nh Flan tr\u1ee9ng v\u00e0 b\u00e1nh Flan socola ngon h\u1ea5p d\u1eabn\" width=\"668\" height=\"430\" \/><\/p>\n<h4><strong>H\u01b0\u1edbng d\u1eabn s\u1eed d\u1ee5ng:<\/strong><\/h4>\n<p>&#8211; C\u00f3 th\u1ec3 s\u1eed d\u1ee5ng tr\u1ef1c ti\u1ebfp \u0111\u1ec3 \u0103n v\u1edbi b\u00e1nh m\u1ef3, \u01b0\u1edbp th\u1ef1c ph\u1ea9m.<\/p>\n<p>&#8211; C\u00f3 th\u1ec3 d\u00f9ng \u0111\u1ec3 u\u1ed1ng tr\u1ef1c ti\u1ebfp ho\u1eb7c d\u00f9ng pha ch\u1ebf th\u1ee9c u\u1ed1ng, l\u00e0m b\u00e1nh, l\u00e0m kem, l\u00e0m s\u1eefa chua, pha caf\u00e9\u2026<\/p>\n<p>&#8211;\u00a0Ngo\u00e0i ra c\u00f2n c\u00f3 th\u1ec3 r\u01b0\u1edbi l\u00ean b\u00e1nh \u0111\u1ec3 t\u0103ng \u0111\u1ed9 b\u00e9o<\/p>\n<p>&#8211; \u0110\u1ec3 n\u01a1i kh\u00f4 r\u00e1o, tho\u00e1ng m\u00e1t, s\u1ea3n ph\u1ea9m n\u00ean b\u1ea3o qu\u1ea3n trong t\u1ee7 l\u1ea1nh sau khi m\u1edf n\u1eafp.<\/p>\n<p>S\u1ea3n ph\u1ea9m hi\u1ec7n \u0111\u00e3 c\u00f3 m\u1eb7t t\u1ea1i Havamall.<\/p>","protected":false},"excerpt":{"rendered":"<p>S\u1eefa \u0111\u1eb7c nguy\u00ean ch\u1ea5t socola GLAVPRODUCT \u0111\u01b0\u1ee3c l\u00e0m t\u1eeb c\u00e1c th\u00e0nh ph\u1ea7n t\u1ef1 nhi\u00ean nguy\u00ean ch\u1ea5t, mang \u0111\u1ebfn h\u01b0\u01a1ng v\u1ecb<\/p>","protected":false},"featured_media":21095,"comment_status":"open","ping_status":"closed","template":"","meta":[],"product_brand":[],"product_cat":[36,135,143],"product_tag":[],"class_list":{"0":"post-21050","1":"product","2":"type-product","3":"status-publish","4":"has-post-thumbnail","6":"product_cat-thuc-pham-tieu-dung","7":"product_cat-sua-do-uong","8":"product_cat-thuc-pham-dong-hop","10":"first","11":"outofstock","12":"sale","13":"shipping-taxable","14":"purchasable","15":"product-type-simple"},"_links":{"self":[{"href":"https:\/\/havamall.vn\/en\/wp-json\/wp\/v2\/product\/21050"}],"collection":[{"href":"https:\/\/havamall.vn\/en\/wp-json\/wp\/v2\/product"}],"about":[{"href":"https:\/\/havamall.vn\/en\/wp-json\/wp\/v2\/types\/product"}],"replies":[{"embeddable":true,"href":"https:\/\/havamall.vn\/en\/wp-json\/wp\/v2\/comments?post=21050"}],"version-history":[{"count":0,"href":"https:\/\/havamall.vn\/en\/wp-json\/wp\/v2\/product\/21050\/revisions"}],"wp:featuredmedia":[{"embeddable":true,"href":"https:\/\/havamall.vn\/en\/wp-json\/wp\/v2\/media\/21095"}],"wp:attachment":[{"href":"https:\/\/havamall.vn\/en\/wp-json\/wp\/v2\/media?parent=21050"}],"wp:term":[{"taxonomy":"product_brand","embeddable":true,"href":"https:\/\/havamall.vn\/en\/wp-json\/wp\/v2\/product_brand?post=21050"},{"taxonomy":"product_cat","embeddable":true,"href":"https:\/\/havamall.vn\/en\/wp-json\/wp\/v2\/product_cat?post=21050"},{"taxonomy":"product_tag","embeddable":true,"href":"https:\/\/havamall.vn\/en\/wp-json\/wp\/v2\/product_tag?post=21050"}],"curies":[{"name":"wp","href":"https:\/\/api.w.org\/{rel}","templated":true}]}}