{"id":21042,"date":"2021-07-28T20:18:21","date_gmt":"2021-07-28T13:18:21","guid":{"rendered":"https:\/\/havamall.vn\/?post_type=product&#038;p=21042"},"modified":"2022-06-14T11:49:58","modified_gmt":"2022-06-14T04:49:58","slug":"sua-dac-yubileinaya-glavproduct-tui-270g","status":"publish","type":"product","link":"https:\/\/havamall.vn\/en\/shop\/sua-dac-yubileinaya-glavproduct-tui-270g\/","title":{"rendered":"S\u1eefa \u0110\u1eb7c Yubileinaya Glavproduct T\u00fai 270g"},"content":{"rendered":"<p>S\u1eefa \u0111\u1eb7c Yubileinaya Glavproduct l\u00e0 s\u1ea3n ph\u1ea9m \u0111\u01b0\u1ee3c \u01b0a chu\u1ed9ng s\u1ed1 1 t\u1ea1i Nga. S\u1ea3n ph\u1ea9m mang v\u1ecb ngon c\u1ee7a s\u1eefa t\u01b0\u01a1i ti\u1ec7t tr\u00f9ng, \u0111\u1eadm \u0111\u00e0 h\u01b0\u01a1ng kem, gi\u00e0u canxi v\u00e0 protein, h\u00e0m l\u01b0\u1ee3ng ch\u1ea5t b\u00e9o trong kho\u1ea3ng 8.5%, t\u1ed1t cho s\u1ee9c kh\u1ecfe gia \u0111\u00ecnh.<\/p>\n<p><img fetchpriority=\"high\" decoding=\"async\" class=\"wp-image-21044 aligncenter\" src=\"https:\/\/havamall.vn\/wp-content\/uploads\/2021\/07\/RFGDFEW-300x300.png\" alt=\"\" width=\"704\" height=\"705\" srcset=\"https:\/\/havamall.vn\/wp-content\/uploads\/2021\/07\/RFGDFEW-300x300.png 300w, https:\/\/havamall.vn\/wp-content\/uploads\/2021\/07\/RFGDFEW-430x430.png 430w, https:\/\/havamall.vn\/wp-content\/uploads\/2021\/07\/RFGDFEW-150x150.png 150w, https:\/\/havamall.vn\/wp-content\/uploads\/2021\/07\/RFGDFEW-600x600.png 600w, https:\/\/havamall.vn\/wp-content\/uploads\/2021\/07\/RFGDFEW-100x100.png 100w, https:\/\/havamall.vn\/wp-content\/uploads\/2021\/07\/RFGDFEW.png 700w\" sizes=\"(max-width: 704px) 100vw, 704px\" \/><\/p>\n<p>S\u1eefa \u0111\u1eb7c Yubileinaya Glavproduct \u0111\u01b0\u1ee3c s\u1ea3n xu\u1ea5t b\u1edfi Nh\u00e0 m\u00e1y \u0111\u00f3ng s\u1eefa h\u1ed9p Verkhovsky \u2013 m\u1ed9t trong nh\u1eefng nh\u00e0 m\u00e1y l\u1edbn nh\u1ea5t \u1edf Nga. Nh\u00e0 m\u00e1y \u0111\u01b0\u1ee3c ch\u1ee9ng nh\u1eadn tu\u00e2n th\u1ee7 ti\u00eau chu\u1ea9n qu\u1ed1c t\u1ebf GOST R ISO 9001-2008. S\u1ea3n ph\u1ea9m \u0111\u01b0\u1ee3c s\u1ea3n xu\u1ea5t tr\u00ean d\u00e2y chuy\u1ec1n hi\u1ec7n \u0111\u1ea1i, kh\u00f4ng ch\u1ee9a ch\u1ea5t b\u1ea3o qu\u1ea3n \u0111\u1ed9c h\u1ea1i cho ng\u01b0\u1eddi s\u1eed d\u1ee5ng. \u0110\u01b0\u1ee3c s\u1eed d\u1ee5ng trong pha ch\u1ebf th\u1ee9c u\u1ed1ng ho\u1eb7c c\u00e1c m\u00f3n \u0103n nhanh, gi\u00fap b\u1ea1n ti\u1ebft ki\u1ec7m th\u1eddi gian.<\/p>\n<p><img decoding=\"async\" class=\"aligncenter\" src=\"https:\/\/havamall.vn\/wp-content\/uploads\/2020\/12\/3-1956.jpg\" alt=\"Nh\u1eefng l\u1ee3i \u00edch tuy\u1ec7t v\u1eddi cho s\u1ee9c kh\u1ecfe \u0111\u1ebfn t\u1eeb vi\u1ec7c \u0103n s\u1eefa chua m\u1ed7i ng\u00e0y\" width=\"704\" height=\"421\" \/><\/p>\n<p>S\u1eefa \u0111\u01b0\u1ee3c ch\u1ee9ng minh c\u00f3 t\u00e1c d\u1ee5ng t\u0103ng n\u0103ng l\u01b0\u1ee3ng sau m\u1ed9t ng\u00e0y l\u00e0m vi\u1ec7c m\u1ec7t m\u1ecfi. N\u00f3 l\u00e0 m\u1ed9t th\u1ef1c ph\u1ea9m r\u1ea5t t\u1ed1t l\u00e0m th\u01b0 gi\u00e3n c\u01a1 b\u1eafp c\u0169ng nh\u01b0 c\u00e1c ho\u1ea1t \u0111\u1ed9ng tr\u00ean d\u00e2y th\u1ea7n kinh. Ngo\u00e0i ra, m\u1ed9t ly s\u1eefa \u1ea5m v\u00e0o ban \u0111\u00eam c\u00f3 th\u1ec3 mang l\u1ea1i m\u1ed9t gi\u1ea5c ng\u1ee7 ngon.<\/p>\n<p><img decoding=\"async\" class=\"aligncenter\" src=\"https:\/\/anhungcoffee.com\/wp-content\/uploads\/2019\/09\/Ly-c%C3%A0-ph%C3%AA-%C4%91%E1%BA%B9p-cho-qu%C3%A1n-c%C3%A0-ph%C3%AA-03-1199x800.jpg\" alt=\"C\u00e1ch pha c\u00e0 ph\u00ea s\u1eefa m\u1edbi \u0111\u1eadm \u0111\u00e0 h\u01b0\u01a1ng v\u1ecb | AN H\u01afNG COFFEE\" width=\"719\" height=\"480\" \/><\/p>\n<p>Th\u00e0nh ph\u1ea7n s\u1eefa bao g\u1ed3m s\u1eefa b\u00f2, ch\u1ea5t b\u00e9o, protein, \u0111\u01b0\u1eddng. Nh\u1eefng th\u00e0nh ph\u1ea7n n\u00e0y \u0111\u1ec1u c\u00f3 l\u1ee3i cho qu\u00e1 tr\u00ecnh t\u0103ng c\u00e2n nhanh cho ng\u01b0\u1eddi g\u1ea7y, nh\u1eefng ng\u01b0\u1eddi k\u00e9n \u0103n, \u0103n kh\u00f4ng ti\u00eau, c\u01a1 th\u1ec3 kh\u00f3 h\u1ea5p th\u1ee5 d\u01b0\u1ee1ng ch\u1ea5t t\u1eeb th\u1ee9c \u0103n th\u00ec s\u1eefa \u0111\u1eb7c l\u1ea1i c\u00f3 th\u1ec3 l\u00e0m t\u1ed1t nhi\u1ec7m v\u1ee5 \u0111\u00f3.<\/p>\n<p><img loading=\"lazy\" decoding=\"async\" class=\"aligncenter\" src=\"https:\/\/havamall.vn\/wp-content\/uploads\/2021\/07\/How-to-Make-Yogurt-in-an-Instant-PotIMG_5455-copy.jpg\" alt=\"How to Make Yogurt in an Instant Pot - Damn Delicious\" width=\"718\" height=\"1076\" \/><br \/>\nPha s\u1eefa \u0111\u1eb7c Yubileinaya Glavproduct v\u1edbi n\u01b0\u1edbc \u1ea5m u\u1ed1ng v\u00e0o bu\u1ed5i s\u00e1ng, ch\u1ec9 c\u1ea7n \u0111\u1ed5 1 l\u01b0\u1ee3ng s\u1eefa \u0111\u1eb7c ra 1 c\u1ed1c v\u00e0 th\u00eam n\u01b0\u1edbc \u1ea5m, sau \u0111\u00f3 khu\u1ea5y \u0111\u1ec1u cho \u0111\u1ebfn khi s\u1eefa d\u01b0\u1edbi \u0111\u00e1y tan to\u00e0n b\u1ed9. \u0102n nh\u1eb9 v\u00e0o bu\u1ed5i s\u00e1ng v\u1edbi b\u00e1nh m\u00ec ch\u1ee9a tinh b\u1ed9t cung c\u1ea5p n\u0103ng l\u01b0\u1ee3ng cho ng\u00e0y m\u1edbi, \u0103n c\u00f9ng s\u1eefa \u0111\u1eb7c v\u1eeba d\u1ec5 \u0103n, v\u1eeba c\u00f3 th\u1ec3 gi\u00fap t\u0103ng c\u00e2n nhanh ch\u00f3ng.<\/p>\n<p><img loading=\"lazy\" decoding=\"async\" class=\"aligncenter\" src=\"https:\/\/havamall.vn\/wp-content\/uploads\/2020\/12\/cach-pha-ca-phe-sua-ngon_1.jpg\" alt=\"C\u00e1ch Pha C\u00e0 Ph\u00ea S\u1eefa Ngon Ai C\u0169ng L\u00e0m \u0110\u01b0\u1ee3c\" width=\"713\" height=\"475\" \/><\/p>\n<p>Ngo\u00e0i ra s\u1eefa codn gi\u00e0u protein, protein c\u00f3 trong s\u1eefa l\u00e0 \u0111i\u1ec1u c\u1ea7n thi\u1ebft cho s\u1ef1 t\u0103ng tr\u01b0\u1edfng c\u01a1 b\u1eafp. Nh\u1eefng ng\u01b0\u1eddi tham gia v\u00e0o c\u00e1c ho\u1ea1t \u0111\u1ed9ng th\u1ec3 ch\u1ea5t n\u00ean \u0111\u01b0a s\u1eefa v\u00e0o danh s\u00e1ch nh\u1eefng th\u1ef1c ph\u1ea9m thi\u1ebft y\u1ebfu h\u00e0ng ng\u00e0y. S\u1eefa gi\u00fap b\u1ea1n l\u1ea5y l\u1ea1i n\u01b0\u1edbc cho c\u01a1 th\u1ec3 m\u00e0 b\u1ea1n b\u1ecb m\u1ea5t sau khi t\u1eadp th\u1ec3 d\u1ee5c v\u00e0 l\u00e0m gi\u1ea3m \u0111au nh\u1ee9c c\u01a1 b\u1eafp.<\/p>\n<p><img loading=\"lazy\" decoding=\"async\" class=\"aligncenter\" src=\"https:\/\/havamall.vn\/wp-content\/uploads\/2020\/12\/S%E1%BB%AFa-%C4%91%E1%BA%B7c-pha-v%E1%BB%9Bi-n%C6%B0%E1%BB%9Bc-n%C3%B3ng.png\" alt=\"U\u1ed1ng s\u1eefa \u0111\u1eb7c c\u00f3 t\u1ed1t kh\u00f4ng ? N\u00ean u\u1ed1ng v\u00e0o th\u1eddi gian n\u00e0o trong ng\u00e0y.\" width=\"701\" height=\"437\" \/><\/p>\n<p>Thi\u1ebft k\u1ebf t\u00fai ti\u1ec7n d\u1ee5ng c\u0169ng nh\u01b0 b\u1ea3o qu\u1ea3n. V\u1ecf t\u00fai \u0111\u01b0\u1ee3c s\u1ea3n xu\u1ea5t t\u1eeb nguy\u00ean li\u1ec7u s\u1ea1ch, th\u00e2n thi\u1ec7n v\u1edbi m\u00f4i tr\u01b0\u1eddng, gi\u00fap b\u1ea3o qu\u1ea3n nguy\u00ean m\u00f9i v\u1ecb m\u00e0 kh\u00f4ng s\u1ee3 h\u1ecfng. C\u00f3 v\u00f2i v\u1eb7n ra v\u00e0o thu\u1eadn ti\u1ec7n b\u1ea3o qu\u1ea3n khi d\u00f9ng ko h\u1ebft.<\/p>\n<h4><strong>C\u00f4ng d\u1ee5ng c\u1ee7a s\u1ea3n ph\u1ea9m:<\/strong><\/h4>\n<p>&#8211; T\u0103ng c\u01b0\u1eddng m\u1eadt \u0111\u1ed9 x\u01b0\u01a1ng v\u00e0 gi\u00fap r\u0103ng ch\u1eafc kh\u1ecfe<\/p>\n<p>-Gi\u00e0u Vitamin D<\/p>\n<p>-Gi\u00fap gi\u1eef n\u01b0\u1edbc<\/p>\n<p>-Ph\u00e1t tri\u1ec3n c\u01a1 b\u1eafp<\/p>\n<p>&#8211; T\u1ed1t cho da: S\u1eefa r\u1ea5t gi\u00e0u c\u00e1c axit amin, gi\u00fap gi\u1eef \u1ea9m da v\u00e0 khi\u1ebfn da tr\u1edf n\u00ean m\u1ec1m m\u1ea1i.<\/p>\n<p>-Gi\u1ea3m c\u0103ng th\u1eb3ng<\/p>\n<p><img loading=\"lazy\" decoding=\"async\" class=\"aligncenter\" src=\"https:\/\/havamall.vn\/wp-content\/uploads\/2021\/07\/Hinh_4.jpg\" alt=\"5 bi\u1ebfn t\u1ea5u ngon, l\u1ea1 v\u1edbi s\u1eefa chua cho b\u00e9 | Vinamilk s\u1eefa chua\" width=\"713\" height=\"475\" \/><\/p>\n<h4><strong>H\u01b0\u1edbng d\u1eabn s\u1eed d\u1ee5ng:<\/strong><\/h4>\n<p>K\u1ebft h\u1ee3p s\u1eefa \u0111\u1eb7c v\u1edbi b\u1ea5t k\u1ef3 lo\u1ea1i tr\u00e1i c\u00e2y n\u00e0o b\u1ea1n mu\u1ed1n \u0111\u1ec3 bi\u1ebfn n\u00f3 th\u00e0nh m\u00f3n sinh t\u1ed1, b\u1edfi n\u00f3 s\u1ebd t\u0103ng \u0111\u1ed9 th\u01a1m, \u0111\u1eadm \u0111\u00e0, b\u00e9o nh\u01b0ng kh\u00f4ng ng\u1ea5y.<\/p>\n<p>S\u1ea3n ph\u1ea9m hi\u1ec7n \u0111\u00e3 c\u00f3 m\u1eb7t t\u1ea1i Havamall.<\/p>","protected":false},"excerpt":{"rendered":"<p>S\u1eefa \u0111\u1eb7c Yubileinaya Glavproduct l\u00e0 s\u1ea3n ph\u1ea9m \u0111\u01b0\u1ee3c \u01b0a chu\u1ed9ng s\u1ed1 1 t\u1ea1i Nga. S\u1ea3n ph\u1ea9m mang v\u1ecb ngon c\u1ee7a<\/p>","protected":false},"featured_media":21043,"comment_status":"open","ping_status":"closed","template":"","meta":[],"product_brand":[],"product_cat":[36,135,143],"product_tag":[],"class_list":{"0":"post-21042","1":"product","2":"type-product","3":"status-publish","4":"has-post-thumbnail","6":"product_cat-thuc-pham-tieu-dung","7":"product_cat-sua-do-uong","8":"product_cat-thuc-pham-dong-hop","10":"first","11":"outofstock","12":"sale","13":"shipping-taxable","14":"purchasable","15":"product-type-simple"},"_links":{"self":[{"href":"https:\/\/havamall.vn\/en\/wp-json\/wp\/v2\/product\/21042"}],"collection":[{"href":"https:\/\/havamall.vn\/en\/wp-json\/wp\/v2\/product"}],"about":[{"href":"https:\/\/havamall.vn\/en\/wp-json\/wp\/v2\/types\/product"}],"replies":[{"embeddable":true,"href":"https:\/\/havamall.vn\/en\/wp-json\/wp\/v2\/comments?post=21042"}],"version-history":[{"count":0,"href":"https:\/\/havamall.vn\/en\/wp-json\/wp\/v2\/product\/21042\/revisions"}],"wp:featuredmedia":[{"embeddable":true,"href":"https:\/\/havamall.vn\/en\/wp-json\/wp\/v2\/media\/21043"}],"wp:attachment":[{"href":"https:\/\/havamall.vn\/en\/wp-json\/wp\/v2\/media?parent=21042"}],"wp:term":[{"taxonomy":"product_brand","embeddable":true,"href":"https:\/\/havamall.vn\/en\/wp-json\/wp\/v2\/product_brand?post=21042"},{"taxonomy":"product_cat","embeddable":true,"href":"https:\/\/havamall.vn\/en\/wp-json\/wp\/v2\/product_cat?post=21042"},{"taxonomy":"product_tag","embeddable":true,"href":"https:\/\/havamall.vn\/en\/wp-json\/wp\/v2\/product_tag?post=21042"}],"curies":[{"name":"wp","href":"https:\/\/api.w.org\/{rel}","templated":true}]}}