{"id":21035,"date":"2021-07-28T19:32:43","date_gmt":"2021-07-28T12:32:43","guid":{"rendered":"https:\/\/havamall.vn\/?post_type=product&#038;p=21035"},"modified":"2021-12-01T16:48:34","modified_gmt":"2021-12-01T09:48:34","slug":"mi-soi-dai-dep-linguine-la-sicilia-linguine-pasta-500g","status":"publish","type":"product","link":"https:\/\/havamall.vn\/en\/shop\/mi-soi-dai-dep-linguine-la-sicilia-linguine-pasta-500g\/","title":{"rendered":"M\u00ec S\u1ee3i D\u00e0i D\u1eb9p Linguine &#8211; La Sicilia Linguine Pasta 500g"},"content":{"rendered":"<p>M\u00ec s\u1ee3i d\u00e0i d\u1eb9p Linguine La Sicilia l\u00e0 l\u00e0 m\u1ed9t lo\u1ea1i pasta\u00a0 s\u1ee3i d\u00e0i, d\u1eb9p, l\u00e0 m\u1ed9t trong nh\u1eefng d\u00f2ng s\u1ea3n ph\u1ea9m \u0111\u01b0\u1ee3c \u01b0a chu\u1ed9ng tr\u00ean to\u00e0n th\u1ebf gi\u1edbi. M\u00ec S\u1ee3i d\u00e0i La Sicilia \u2013 500g \u0111\u01b0\u1ee3c l\u00e0m t\u1eeb 100% l\u00faa m\u00ec c\u1ee9ng t\u1ef1 nhi\u00ean semolina, qua nhi\u1ec1u kh\u00e2u ki\u1ec3m \u0111\u1ecbnh nghi\u00eam ng\u1eb7t \u0111\u1ec3 t\u1ea1o th\u00e0nh nh\u1eefng h\u1ea1t b\u1ed9t m\u00ec m\u1ecbn v\u00e0 t\u1ed1t nh\u1ea5t. B\u1ed9t m\u00ec \u0111\u01b0\u1ee3c tr\u1ed9n v\u1edbi n\u01b0\u1edbc theo t\u1ef7 l\u1ec7 \u201cv\u00e0ng\u201d \u0111\u1ec3 t\u1ea1o ra nh\u1eefng s\u1ee3i m\u00ec d\u00e0i \u0111\u1ec1u, \u0111\u1eb9p v\u00e0 ngon.\u00a0 B\u1ea1n c\u00f3 th\u1ec3 ch\u1ebf bi\u1ebfn m\u00ec n\u00e0y v\u1edbi s\u1ed1t c\u00e0 chua l\u00e0 ph\u1ed5 bi\u1ebfn nh\u1ea5t, ho\u1eb7c k\u00e8m d\u1ea7u oliu, s\u1ed1t kem, s\u1ed1t tr\u1ee9ng mu\u1ed1i.<\/p>\n<p><img fetchpriority=\"high\" decoding=\"async\" class=\"wp-image-21036 aligncenter\" src=\"https:\/\/havamall.vn\/wp-content\/uploads\/2021\/07\/dstrgv-300x300.png\" alt=\"\" width=\"660\" height=\"660\" srcset=\"https:\/\/havamall.vn\/wp-content\/uploads\/2021\/07\/dstrgv-300x300.png 300w, https:\/\/havamall.vn\/wp-content\/uploads\/2021\/07\/dstrgv-430x430.png 430w, https:\/\/havamall.vn\/wp-content\/uploads\/2021\/07\/dstrgv-150x150.png 150w, https:\/\/havamall.vn\/wp-content\/uploads\/2021\/07\/dstrgv-700x700.png 700w, https:\/\/havamall.vn\/wp-content\/uploads\/2021\/07\/dstrgv-768x768.png 768w, https:\/\/havamall.vn\/wp-content\/uploads\/2021\/07\/dstrgv-1024x1024.png 1024w, https:\/\/havamall.vn\/wp-content\/uploads\/2021\/07\/dstrgv-1200x1200.png 1200w, https:\/\/havamall.vn\/wp-content\/uploads\/2021\/07\/dstrgv-600x600.png 600w, https:\/\/havamall.vn\/wp-content\/uploads\/2021\/07\/dstrgv-100x100.png 100w, https:\/\/havamall.vn\/wp-content\/uploads\/2021\/07\/dstrgv.png 1920w\" sizes=\"(max-width: 660px) 100vw, 660px\" \/><\/p>\n<p>M\u00ec s\u1ee3i d\u00e0i linguine c\u1ee7a La Sicilia \u0111\u01b0\u1ee3c l\u00e0m t\u1eeb 100% l\u00faa m\u00ec c\u1ee9ng t\u1ef1 nhi\u00ean. K\u00edch th\u01b0\u1edbc kh\u00e1c nhau, h\u00ecnh d\u1ea1ng, v\u00e0 c\u00e1c lo\u1ea1i m\u00ec \u1ed1ng c\u00f3 s\u1eb5n. La Sicilia Spaghetti Pasta l\u00e0 k\u1ebft qu\u1ea3 c\u1ee7a vi\u1ec7c l\u1ef1a ch\u1ecdn nh\u1eefng nguy\u00ean li\u1ec7u th\u00f4 m\u1ed9t c\u00e1ch xu\u1ea5t s\u1eafc, c\u00f4ng ngh\u1ec7 t\u1ed1t nh\u1ea5t v\u00e0 h\u01a1n 100 n\u0103m kinh nghi\u1ec7m.<\/p>\n<div>Tuy\u1ec7t v\u1eddi h\u01a1n l\u00e0 th\u01b0\u1edfng th\u1ee9c m\u00f3n m\u00ec n\u00e0y v\u1edbi s\u1ed1t th\u1ecbt g\u00e0 ho\u1eb7c h\u1ea3i s\u1ea3n. Ngo\u00e0i ra b\u1ea1n c\u00f3 th\u1ec3 d\u00f9ng s\u1ed1t b\u01a1 c\u0169ng r\u1ea5t ph\u00f9 h\u1ee3p. Nh\u1eefng lo\u1ea1i s\u1ed1t l\u1ecfng s\u1ebd r\u1ea5t th\u00edch h\u1ee3p v\u1edbi Linguine v\u00ec lo\u1ea1i m\u00ec n\u00e0y d\u00e0i v\u00e0 ng\u1ea5m \u0111\u1eadm v\u1edbi h\u01b0\u01a1ng v\u1ecb c\u1ee7a n\u01b0\u1edbc s\u1ed1t.<\/div>\n<div><img decoding=\"async\" class=\"wp-image-21037 aligncenter\" src=\"https:\/\/havamall.vn\/wp-content\/uploads\/2021\/07\/FGRR-1-280x300.png\" alt=\"\" width=\"651\" height=\"698\" srcset=\"https:\/\/havamall.vn\/wp-content\/uploads\/2021\/07\/FGRR-1-280x300.png 280w, https:\/\/havamall.vn\/wp-content\/uploads\/2021\/07\/FGRR-1-430x460.png 430w, https:\/\/havamall.vn\/wp-content\/uploads\/2021\/07\/FGRR-1-150x161.png 150w, https:\/\/havamall.vn\/wp-content\/uploads\/2021\/07\/FGRR-1-700x749.png 700w, https:\/\/havamall.vn\/wp-content\/uploads\/2021\/07\/FGRR-1-600x642.png 600w, https:\/\/havamall.vn\/wp-content\/uploads\/2021\/07\/FGRR-1.png 736w\" sizes=\"(max-width: 651px) 100vw, 651px\" \/><\/div>\n<div><\/div>\n<div>\u0110\u01b0\u1ee3c s\u1ea3n xu\u1ea5t tr\u00ean quy tr\u00ecnh c\u00f4ng ngh\u1ec7 hi\u1ec7n \u0111\u1ea1i, kh\u00e9p k\u00edn c\u1ee7a th\u01b0\u01a1ng hi\u1ec7u m\u00ec s\u1ee3i n\u1ed5i ti\u1ebfng La Sicilia, m\u00ec La Sicilia cam k\u1ebft \u0111\u1ea3m b\u1ea3o v\u1ec7 sinh an to\u00e0n th\u1ef1c ph\u1ea9m cho m\u1ecdi kh\u00e1ch h\u00e0ng. V\u1edbi th\u00e0nh ph\u1ea7n l\u00e0 l\u00faa m\u00ec c\u1ee9ng c\u1ee7a Semolina gi\u00fap s\u1ee3i m\u00ec c\u00f3 \u0111\u1ed9 dai ngon ho\u00e0n h\u1ea3o, \u0111\u1ea3m b\u1ea3o gi\u1eef \u0111\u01b0\u1ee3c h\u01b0\u01a1ng v\u1ecb th\u01a1m ngon t\u1ef1 nhi\u00ean cho m\u00f3n m\u00ec.chu\u1ea9n v\u1ecb \u00dd, gi\u00fap cho c\u00e1c m\u00f3n \u0103n c\u1ee7a b\u1ea1n th\u00eam ph\u1ea7n th\u01a1m ngon h\u1ea5p d\u1eabn, h\u1ec7t nh\u01b0 \u0111i \u0103n t\u1ea1i nh\u1eefng nh\u00e0 h\u00e0ng \u0111\u1eaft ti\u1ec1n.<\/div>\n<div><img decoding=\"async\" class=\"wp-image-21038 aligncenter\" src=\"https:\/\/havamall.vn\/wp-content\/uploads\/2021\/07\/lhkkiu-300x300.png\" alt=\"\" width=\"631\" height=\"631\" srcset=\"https:\/\/havamall.vn\/wp-content\/uploads\/2021\/07\/lhkkiu-300x300.png 300w, https:\/\/havamall.vn\/wp-content\/uploads\/2021\/07\/lhkkiu-430x430.png 430w, https:\/\/havamall.vn\/wp-content\/uploads\/2021\/07\/lhkkiu-150x150.png 150w, https:\/\/havamall.vn\/wp-content\/uploads\/2021\/07\/lhkkiu-700x700.png 700w, https:\/\/havamall.vn\/wp-content\/uploads\/2021\/07\/lhkkiu-768x768.png 768w, https:\/\/havamall.vn\/wp-content\/uploads\/2021\/07\/lhkkiu-600x600.png 600w, https:\/\/havamall.vn\/wp-content\/uploads\/2021\/07\/lhkkiu-100x100.png 100w, https:\/\/havamall.vn\/wp-content\/uploads\/2021\/07\/lhkkiu.png 960w\" sizes=\"(max-width: 631px) 100vw, 631px\" \/><\/div>\n<h4><strong>H\u01b0\u1edbng d\u1eabn s\u1eed d\u1ee5ng:<\/strong><\/h4>\n<div>\n<p><span style=\"font-weight: 400\">B\u01b0\u1edbc 1: Lu\u1ed9c m\u00ec<\/span><\/p>\n<p><span style=\"font-weight: 400\">\u2013 B\u1ea1n \u0111ong n\u01b0\u1edbc theo t\u1ec9 l\u1ec7: c\u1ee9 100 g m\u00ec th\u00ec d\u00f9ng 1L n\u01b0\u1edbc. \u0110un n\u01b0\u1edbc cho \u0111\u1ebfn khi s\u00f4i, b\u1ea1n ti\u1ebfn h\u00e0nh b\u1ecf mu\u1ed1i v\u00e0o theo t\u1ec9 l\u1ec7: c\u1ee9 1L n\u01b0\u1edbc th\u00ec t\u01b0\u01a1ng \u1ee9ng 5g mu\u1ed1i. Mu\u1ed1i tan, b\u1eadt b\u1ebfp to \u0111\u1ec3 n\u01b0\u1edbc s\u00f4i b\u00f9ng l\u00ean r\u1ed3i th\u1ea3 m\u00ec v\u00e0o.<\/span><\/p>\n<p><span style=\"font-weight: 400\">Th\u1eddi gian n\u1ea5u t\u1eeb 7-9 ph\u00fat<\/span><\/p>\n<p><span style=\"font-weight: 400\">\u2013 Khi n\u00e0o s\u1ee3i m\u00ec c\u1eafn h\u01a1i d\u1ebbo, kh\u00f4ng b\u1ecb s\u01b0\u1ee3ng l\u00e0 \u0111<\/span><\/p>\n<p><span style=\"font-weight: 400\">\u00e3 ch\u00edn t\u1edbi. B\u1ea1n v\u1edbt ra \u0111\u1ec3 r\u00e1o.<\/span><\/p>\n<p><span style=\"font-weight: 400\">B\u01b0\u1edbc 2: Ch\u1ebf bi\u1ebfn n\u01b0\u1edbc s\u1ed1t<\/span><\/p>\n<p><span style=\"font-weight: 400\">\u2013 T\u00f9y theo kh\u1ea9u v\u1ecb c\u1ee7a gia \u0111\u00ecnh, c\u00e1c b\u1ea1n c\u00f3 th\u1ec3 pha ch\u1ebf c\u00e1c lo\u1ea1i s\u1ed1t m\u00ec \u00dd quen thu\u1ed9c nh\u01b0: s\u1ed1t b\u00f2 b\u0103m, s\u1ed1t kem, s\u1ed1t h\u1ea3i s\u1ea3n,\u2026 tr\u1ed9n l\u00ean v\u1edbi m\u00ec \u0111\u00e3 lu\u1ed9c \u1edf tr\u00ean l\u00e0 \u0111\u00e3 ho\u00e0n th\u00e0nh m\u00f3n m\u00ec \u00dd ngon \u0111\u00fang chu\u1ea9n r\u1ed3i \u0111\u00f3 \u1ea1.<\/span><\/p>\n<\/div>\n<div><img loading=\"lazy\" decoding=\"async\" class=\"aligncenter\" src=\"https:\/\/havamall.vn\/wp-content\/uploads\/2021\/07\/c2ee2a119da626e957727c254b6543c153c88386_data.\" alt=\"Smokey tomato and salami linguine | Cook With M&amp;amp;S\" width=\"659\" height=\"660\" \/><\/div>\n<h4><strong>M\u1ed9t s\u1ed1 l\u01b0u \u00fd khi ch\u1ebf bi\u1ebfn m\u00ec \u00dd:<\/strong><\/h4>\n<div>\n<p><span style=\"font-weight: 400\">\u2013 Sau khi m\u00ec \u0111\u1ec3 r\u00e1o n\u01b0\u1edbc, b\u1ea1n c\u00f3 th\u1ec3 tr\u1ed9n m\u00ec v\u1edbi m\u1ed9t \u00edt d\u1ea7u \u00f4 liu ho\u1eb7c \u1ee7 m\u00ec v\u1edbi m\u1ed9t ch\u00fat b\u01a1, s\u1ee3i m\u00ec s\u1ebd r\u00e1o h\u01a1n, th\u01a1m h\u01a1n.<\/span><\/p>\n<p><span style=\"font-weight: 400\">\u2013 N\u1ebfu kh\u00f4ng may lu\u1ed9c m\u00ec qu\u00e1 k\u0129, b\u1ea1n c\u00f3 th\u1ec3 d\u1ed9i m\u00ec qua n\u01b0\u1edbc l\u1ea1nh, s\u1ee3i m\u00ec s\u1ebd c\u1ee9ng h\u01a1n.<\/span><\/p>\n<p><span style=\"font-weight: 400\">\u2013 Ngo\u00e0i ra, m\u00ec s\u1ee3i d\u00e0i d\u1eb9p Linguine La Sicilia 500g c\u00f3 \u0111\u1ed9 n\u1edf kh\u00e1 l\u1edbn n\u00ean c\u1ea7n \u0111\u1ecbnh l\u01b0\u1ee3ng k\u0129 l\u01b0\u1ee3ng c\u1ea7n n\u1ea5u t\u00f9y theo s\u1ee9c \u0103n c\u1ee7a m\u1ed7i ng\u01b0\u1eddi \u0111\u1ec3 b\u1ecb th\u1eeba, b\u1ecf ph\u00ed. Kinh nghi\u1ec7m \u0111\u1ed1i v\u1edbi ch\u00e2u \u00c1, m\u1ed7i ng\u01b0\u1eddi c\u00f3 th\u1ec3 ti\u00eau th\u1ee5 \u0111\u01b0\u1ee3c kho\u1ea3ng 80g m\u00ec\/b\u1eefa trong khi v\u1edbi ng\u01b0\u1eddi Ch\u00e2u \u00c2u \u2013 M\u1ef9 con s\u1ed1 n\u00e0y v\u00e0o kho\u1ea3ng 120g. \u0110\u00e2y l\u00e0 kh\u1ed1i l\u01b0\u1ee3ng m\u00ec kh\u00f4, b\u1ea1n c\u00f3 th\u1ec3 c\u00e2n tr\u01b0\u1edbc khi n\u1ea5u.<\/span><\/p>\n<\/div>\n<div>\n<div>S\u1ea3n ph\u1ea9m hi\u1ec7n \u0111\u00e3 c\u00f3 m\u1eb7t t\u1ea1i Havamall.<\/div>\n<\/div>","protected":false},"excerpt":{"rendered":"<p>M\u00ec s\u1ee3i d\u00e0i d\u1eb9p Linguine La Sicilia l\u00e0 l\u00e0 m\u1ed9t lo\u1ea1i pasta\u00a0 s\u1ee3i d\u00e0i, d\u1eb9p, l\u00e0 m\u1ed9t trong nh\u1eefng d\u00f2ng<\/p>","protected":false},"featured_media":24153,"comment_status":"open","ping_status":"closed","template":"","meta":[],"product_brand":[],"product_cat":[36,134],"product_tag":[],"class_list":{"0":"post-21035","1":"product","2":"type-product","3":"status-publish","4":"has-post-thumbnail","6":"product_cat-thuc-pham-tieu-dung","7":"product_cat-thucpham-saykho","9":"first","10":"instock","11":"sale","12":"shipping-taxable","13":"purchasable","14":"product-type-simple"},"_links":{"self":[{"href":"https:\/\/havamall.vn\/en\/wp-json\/wp\/v2\/product\/21035"}],"collection":[{"href":"https:\/\/havamall.vn\/en\/wp-json\/wp\/v2\/product"}],"about":[{"href":"https:\/\/havamall.vn\/en\/wp-json\/wp\/v2\/types\/product"}],"replies":[{"embeddable":true,"href":"https:\/\/havamall.vn\/en\/wp-json\/wp\/v2\/comments?post=21035"}],"version-history":[{"count":0,"href":"https:\/\/havamall.vn\/en\/wp-json\/wp\/v2\/product\/21035\/revisions"}],"wp:featuredmedia":[{"embeddable":true,"href":"https:\/\/havamall.vn\/en\/wp-json\/wp\/v2\/media\/24153"}],"wp:attachment":[{"href":"https:\/\/havamall.vn\/en\/wp-json\/wp\/v2\/media?parent=21035"}],"wp:term":[{"taxonomy":"product_brand","embeddable":true,"href":"https:\/\/havamall.vn\/en\/wp-json\/wp\/v2\/product_brand?post=21035"},{"taxonomy":"product_cat","embeddable":true,"href":"https:\/\/havamall.vn\/en\/wp-json\/wp\/v2\/product_cat?post=21035"},{"taxonomy":"product_tag","embeddable":true,"href":"https:\/\/havamall.vn\/en\/wp-json\/wp\/v2\/product_tag?post=21035"}],"curies":[{"name":"wp","href":"https:\/\/api.w.org\/{rel}","templated":true}]}}