{"id":21027,"date":"2021-07-28T17:35:35","date_gmt":"2021-07-28T10:35:35","guid":{"rendered":"https:\/\/havamall.vn\/?post_type=product&#038;p=21027"},"modified":"2023-10-17T09:54:43","modified_gmt":"2023-10-17T02:54:43","slug":"gao-y-lam-sushi-huu-co-probios-500g","status":"publish","type":"product","link":"https:\/\/havamall.vn\/en\/shop\/gao-y-lam-sushi-huu-co-probios-500g\/","title":{"rendered":"G\u1ea1o \u00dd L\u00e0m Sushi H\u1eefu C\u01a1 Probios 500g"},"content":{"rendered":"<h3><strong>TH\u00d4NG TIN S\u1ea2N PH\u1ea8M<\/strong><\/h3>\n<table>\n<tbody>\n<tr>\n<td>Th\u01b0\u01a1ng hi\u1ec7u<\/td>\n<td>Probios<\/td>\n<\/tr>\n<tr>\n<td>Xu\u1ea5t x\u1ee9<\/td>\n<td>\u00dd<\/td>\n<\/tr>\n<tr>\n<td>Th\u00e0nh ph\u1ea7n<\/td>\n<td>100% g\u1ea1o h\u1ea1t tr\u00f2n originario h\u1eefu c\u01a1<\/td>\n<\/tr>\n<tr>\n<td>H\u1ea1n s\u1eed d\u1ee5ng<\/td>\n<td>36 th\u00e1ng k\u1ec3 t\u1eeb ng\u00e0y s\u1ea3n xu\u1ea5t.<\/td>\n<\/tr>\n<tr>\n<td>B\u1ea3o qu\u1ea3n<\/td>\n<td>\u0110\u1ec3 n\u01a1i kh\u00f4 r\u00e1o, tho\u00e1ng m\u00e1t, tr\u00e1nh \u00e1nh n\u1eafng tr\u1ef1c ti\u1ebfp, \u0111\u1eady k\u00edn sau khi s\u1eed d\u1ee5ng<\/td>\n<\/tr>\n<tr>\n<td>Kh\u1ed1i l\u01b0\u1ee3ng t\u1ecbnh<\/td>\n<td>500g<\/td>\n<\/tr>\n<\/tbody>\n<\/table>\n<p>ProBios \u0111\u01b0\u1ee3c th\u00e0nh l\u1eadp t\u1eeb n\u0103m 1978 t\u1ea1i Florence \u2013 \u00dd. ProBios \u0111\u01b0\u1ee3c th\u00e0nh l\u1eadp v\u1edbi ni\u1ec1m tin r\u1eb1ng vi\u1ec7c b\u00e1n c\u00e1c s\u1ea3n ph\u1ea9m h\u1eefu c\u01a1 kh\u00f4ng ch\u1ec9 l\u00e0 l\u00fd do \u0111\u1ec3 kinh doanh m\u00e0 c\u00f2n th\u00fac \u0111\u1ea9y h\u00e0nh vi g\u00f3p ph\u1ea7n c\u1ea3i thi\u1ec7n th\u1ebf gi\u1edbi c\u1ee7a ch\u00fang ta.<\/p>\n<p>B\u00ean c\u1ea1nh m\u00f3n c\u00e1c lo\u1ea1i h\u1ea3i s\u1ea3n s\u1ed1ng t\u01b0\u01a1i ngon, th\u00ec lo\u1ea1i g\u1ea1o \u0111\u1ec3 d\u00f9ng n\u1ea5u c\u01a1m l\u00e0m sushi hay maki c\u0169ng l\u00e0 m\u1ed9t th\u00e0nh ph\u1ea7n ch\u00ednh v\u00e0 quan tr\u1ecdng kh\u00f4ng k\u00e9m \u0111\u1ec3 t\u1ea1o n\u00ean m\u1ed9t m\u00f3n sushi maki, nigiri hay chirashi ngon \u0111\u1eb7c tr\u01b0ng.<\/p>\n<p><img fetchpriority=\"high\" decoding=\"async\" class=\"wp-image-21028 aligncenter\" src=\"https:\/\/havamall.vn\/wp-content\/uploads\/2021\/07\/t\u1ef3g-300x300.png\" alt=\"\" width=\"672\" height=\"671\" srcset=\"https:\/\/havamall.vn\/wp-content\/uploads\/2021\/07\/t\u1ef3g-300x300.png 300w, https:\/\/havamall.vn\/wp-content\/uploads\/2021\/07\/t\u1ef3g-430x430.png 430w, https:\/\/havamall.vn\/wp-content\/uploads\/2021\/07\/t\u1ef3g-150x150.png 150w, https:\/\/havamall.vn\/wp-content\/uploads\/2021\/07\/t\u1ef3g-700x700.png 700w, https:\/\/havamall.vn\/wp-content\/uploads\/2021\/07\/t\u1ef3g-768x768.png 768w, https:\/\/havamall.vn\/wp-content\/uploads\/2021\/07\/t\u1ef3g-1024x1024.png 1024w, https:\/\/havamall.vn\/wp-content\/uploads\/2021\/07\/t\u1ef3g-600x600.png 600w, https:\/\/havamall.vn\/wp-content\/uploads\/2021\/07\/t\u1ef3g-100x100.png 100w, https:\/\/havamall.vn\/wp-content\/uploads\/2021\/07\/t\u1ef3g.png 1080w\" sizes=\"(max-width: 672px) 100vw, 672px\" \/><\/p>\n<p>Kh\u00e1c h\u1eb3n v\u1edbi c\u00e1c lo\u1ea1i g\u1ea1o Vi\u1ec7t Nam, g\u1ea1o Vi\u1ec7t th\u01b0\u1eddng th\u1ea5y \u1edf d\u1ea1ng h\u1ea1t d\u00e0i khi n\u1ea5u th\u01b0\u1eddng kh\u00f4 v\u00e0 c\u1ee9ng \u0111\u1ed1i ho\u1eb7c nh\u00e3o \u00edt \u0111\u1ed9 k\u1ebft d\u00ednh, ng\u01b0\u1ee3c l\u1ea1i g\u1ea1o\u00a0g\u1ea1o Probios sushi th\u00ec c\u00f3 d\u1ea1ng h\u1ea1t tr\u00f2n khi n\u1ea5u t\u1ea1o ra m\u00f9i th\u01a1m ph\u1ea3ng ph\u1ea5t, g\u1ea1o Nh\u1eadt c\u0169ng r\u1ea5t d\u1ebbo, kh\u00f4ng nh\u00e3o v\u00e0 \u0111\u1ed9 k\u1ebft d\u00ednh r\u1ea5t cao v\u00ec th\u1ebf n\u00f3 th\u01b0\u1eddng \u0111\u01b0\u1ee3c s\u1eed d\u1ee5ng \u0111\u1ec3 l\u00e0m g\u1ea1o Sushi trong c\u00e1c nh\u00e0 h\u00e0ng Nh\u1eadt B\u1ea3n.<\/p>\n<p><img decoding=\"async\" class=\"wp-image-21029 aligncenter\" src=\"https:\/\/havamall.vn\/wp-content\/uploads\/2021\/07\/190889732_11387-212x300.png\" alt=\"\" width=\"682\" height=\"964\" srcset=\"https:\/\/havamall.vn\/wp-content\/uploads\/2021\/07\/190889732_11387-212x300.png 212w, https:\/\/havamall.vn\/wp-content\/uploads\/2021\/07\/190889732_11387-430x609.png 430w, https:\/\/havamall.vn\/wp-content\/uploads\/2021\/07\/190889732_11387-150x212.png 150w, https:\/\/havamall.vn\/wp-content\/uploads\/2021\/07\/190889732_11387.png 565w\" sizes=\"(max-width: 682px) 100vw, 682px\" \/><\/p>\n<p>G\u1ea1o Probios sushi l\u00e0 lo\u1ea1i g\u1ea1o tr\u00f2n h\u1eefu c\u01a1 ch\u1ea5t l\u01b0\u1ee3ng c\u1ee7a \u00dd, ho\u00e0n h\u1ea3o \u0111\u1ec3 ch\u1ebf bi\u1ebfn m\u00f3n sushi t\u1ef1 l\u00e0m c\u1ee7a b\u1ea1n. T\u00ednh nh\u1ea5t qu\u00e1n c\u1ee7a n\u00f3 c\u00f3 \u0111\u01b0\u1ee3c t\u1eeb qu\u00e1 tr\u00ecnh ch\u1ebf bi\u1ebfn c\u1ea9n th\u1eadn khi\u1ebfn n\u00f3 tr\u1edf n\u00ean l\u00fd t\u01b0\u1edfng \u0111\u1ec3 ch\u1ebf bi\u1ebfn t\u1ea5t c\u1ea3 c\u00e1c bi\u1ebfn th\u1ec3 c\u1ee7a sushi, t\u1eeb maki, nigiri, \u0111\u1ebfn chirashi.<\/p>\n<p><img decoding=\"async\" class=\"wp-image-21034 aligncenter\" src=\"https:\/\/havamall.vn\/wp-content\/uploads\/2021\/07\/gfgfd-300x225.png\" alt=\"\" width=\"673\" height=\"505\" srcset=\"https:\/\/havamall.vn\/wp-content\/uploads\/2021\/07\/gfgfd-300x225.png 300w, https:\/\/havamall.vn\/wp-content\/uploads\/2021\/07\/gfgfd-430x322.png 430w, https:\/\/havamall.vn\/wp-content\/uploads\/2021\/07\/gfgfd-150x112.png 150w, https:\/\/havamall.vn\/wp-content\/uploads\/2021\/07\/gfgfd-700x525.png 700w, https:\/\/havamall.vn\/wp-content\/uploads\/2021\/07\/gfgfd-768x576.png 768w, https:\/\/havamall.vn\/wp-content\/uploads\/2021\/07\/gfgfd-1024x768.png 1024w, https:\/\/havamall.vn\/wp-content\/uploads\/2021\/07\/gfgfd-1200x900.png 1200w, https:\/\/havamall.vn\/wp-content\/uploads\/2021\/07\/gfgfd-600x450.png 600w\" sizes=\"(max-width: 673px) 100vw, 673px\" \/><\/p>\n<p>Gi\u1edd \u0111\u00e2y c\u00f4ng th\u1ee9c n\u1ea5u \u0103n truy\u1ec1n th\u1ed1ng c\u1ee7a Nh\u1eadt B\u1ea3n s\u1ebd kh\u00f4ng c\u00f2n b\u00ed m\u1eadt khi n\u00f3 \u1edf trong nh\u00e0 b\u1ebfp c\u1ee7a b\u1ea1n. Th\u00e0nh ph\u1ea7n ch\u00ednh l\u00e0 G\u1ea1o Originario c\u00f3 ngu\u1ed3n g\u1ed1c xu\u1ea5t x\u1ee9 \u0111\u01b0\u1ee3c ch\u1ecdn \u1edf \u00dd v\u00e0o \u0111\u1ea7u n\u0103m 1900, tuy nhi\u00ean v\u1eabn gi\u1eef \u0111\u01b0\u1ee3c nh\u1eefng n\u00e9t \u0111\u1eb7c tr\u01b0ng ban \u0111\u1ea7u c\u1ee7a Nh\u1eadt B\u1ea3n. H\u1ea1t ng\u1eafn, tr\u00f2n v\u00e0 l\u00ea c\u1ee7a n\u00f3 c\u00f3 kh\u1ea3 n\u0103ng h\u1ea5p th\u1ee5 cao.<\/p>\n<p><img loading=\"lazy\" decoding=\"async\" class=\"wp-image-21030 aligncenter\" src=\"https:\/\/havamall.vn\/wp-content\/uploads\/2021\/07\/rf-300x300.png\" alt=\"\" width=\"670\" height=\"671\" srcset=\"https:\/\/havamall.vn\/wp-content\/uploads\/2021\/07\/rf-300x300.png 300w, https:\/\/havamall.vn\/wp-content\/uploads\/2021\/07\/rf-430x430.png 430w, https:\/\/havamall.vn\/wp-content\/uploads\/2021\/07\/rf-150x150.png 150w, https:\/\/havamall.vn\/wp-content\/uploads\/2021\/07\/rf-700x700.png 700w, https:\/\/havamall.vn\/wp-content\/uploads\/2021\/07\/rf-768x768.png 768w, https:\/\/havamall.vn\/wp-content\/uploads\/2021\/07\/rf-1024x1024.png 1024w, https:\/\/havamall.vn\/wp-content\/uploads\/2021\/07\/rf.png 1200w, https:\/\/havamall.vn\/wp-content\/uploads\/2021\/07\/rf-600x600.png 600w, https:\/\/havamall.vn\/wp-content\/uploads\/2021\/07\/rf-100x100.png 100w\" sizes=\"(max-width: 670px) 100vw, 670px\" \/><\/p>\n<p>G\u1ea1o Originario ch\u1ee9a carbohydrate trong g\u1ea1o d\u1ec5 h\u1ea5p th\u1ee5, ti\u00eau h\u00f3a v\u00e0 ngay l\u1eadp t\u1ee9c \u0111\u01b0\u1ee3c bi\u1ebfn th\u00e0nh n\u0103ng l\u01b0\u1ee3ng s\u1eb5n c\u00f3.. B\u00ean c\u1ea1nh \u0111\u00f3, g\u1ea1o Originario c\u00f3 m\u1ed9t ngu\u1ed3n ch\u1ea5t x\u01a1 v\u00e0 kho\u00e1ng ch\u1ea5t t\u1ed1t nh\u01b0 ph\u1ed1t pho, selen v\u00e0 magi\u00ea. Ng\u01b0\u1eddi ta n\u00f3i r\u1eb1ng m\u1ed9t ph\u1ea7n g\u1ea1o nguy\u00ean c\u00e1m cung c\u1ea5p 100% nhu c\u1ea7u ch\u1ea5t x\u01a1 c\u01a1 b\u1ea3n h\u00e0ng ng\u00e0y.<\/p>\n<p><img loading=\"lazy\" decoding=\"async\" class=\"wp-image-21031 aligncenter\" src=\"https:\/\/havamall.vn\/wp-content\/uploads\/2021\/07\/dft\u1ebb-1-300x199.png\" alt=\"\" width=\"666\" height=\"442\" srcset=\"https:\/\/havamall.vn\/wp-content\/uploads\/2021\/07\/dft\u1ebb-1-300x199.png 300w, https:\/\/havamall.vn\/wp-content\/uploads\/2021\/07\/dft\u1ebb-1-430x285.png 430w, https:\/\/havamall.vn\/wp-content\/uploads\/2021\/07\/dft\u1ebb-1-150x99.png 150w, https:\/\/havamall.vn\/wp-content\/uploads\/2021\/07\/dft\u1ebb-1-700x464.png 700w, https:\/\/havamall.vn\/wp-content\/uploads\/2021\/07\/dft\u1ebb-1-768x509.png 768w, https:\/\/havamall.vn\/wp-content\/uploads\/2021\/07\/dft\u1ebb-1-600x398.png 600w, https:\/\/havamall.vn\/wp-content\/uploads\/2021\/07\/dft\u1ebb-1.png 960w\" sizes=\"(max-width: 666px) 100vw, 666px\" \/><\/p>\n<h4><strong>H\u01b0\u1edbng d\u1eabn s\u1eed d\u1ee5ng\u00a0:<\/strong><\/h4>\n<p>&#8211; Cho 100g g\u1ea1o v\u00e0o 100ml n\u01b0\u1edbc v\u00e0 d\u00f9ng tay khu\u1ea5y \u0111\u1ec1u n\u01b0\u1edbc th\u00e0nh v\u00f2ng tr\u00f2n nhi\u1ec1u l\u1ea7n. L\u00e0m nh\u01b0 v\u1eady t\u1eeb 2 \u0111\u1ebfn 3 l\u1ea7n. Ng\u00e2m g\u1ea1o trong kho\u1ea3ng 20 ph\u00fat. Sau \u0111\u00f3 \u0111\u1ed5 n\u01b0\u1edbc vo g\u1ea1o ra ngo\u00e0i, cho n\u01b0\u1edbc m\u1edbi v\u00e0o v\u00e0 b\u1eadt b\u1ebfp n\u1ea5u. C\u00f3 th\u1ec3 cho th\u00eam \u00edt l\u00e1 t\u1ea3o bi\u1ec3n \u0111\u1ec3 t\u0103ng h\u01b0\u01a1ng v\u1ecb.<\/p>\n<p>&#8211; L\u01b0\u1ee3ng n\u01b0\u1edbc cho v\u00e0o t\u1eeb 1 \u0111\u1ebfn 1,2 l\u1ea7n l\u01b0\u1ee3ng g\u1ea1o, sau v\u00e0i l\u1ea7n n\u1ea5u b\u1ea1n c\u00f3 th\u1ec3 \u0111i\u1ec1u ch\u1ec9nh l\u01b0\u1ee3ng n\u01b0\u1edbc cho ph\u00f9 h\u1ee3p v\u1edbi s\u1edf th\u00edch.<\/p>\n<p>S\u1ea3n ph\u1ea9m hi\u1ec7n \u0111\u00e3 c\u00f3 m\u1eb7t t\u1ea1i Havamall.<\/p>","protected":false},"excerpt":{"rendered":"<p>TH\u00d4NG TIN S\u1ea2N PH\u1ea8M Th\u01b0\u01a1ng hi\u1ec7u Probios Xu\u1ea5t x\u1ee9 \u00dd Th\u00e0nh ph\u1ea7n 100% g\u1ea1o h\u1ea1t tr\u00f2n originario h\u1eefu c\u01a1 H\u1ea1n<\/p>","protected":false},"featured_media":21032,"comment_status":"open","ping_status":"closed","template":"","meta":[],"product_brand":[],"product_cat":[256,36,143],"product_tag":[],"class_list":{"0":"post-21027","1":"product","2":"type-product","3":"status-publish","4":"has-post-thumbnail","6":"product_cat-thuc-pham-huu-co","7":"product_cat-thuc-pham-tieu-dung","8":"product_cat-thuc-pham-dong-hop","9":"pa_brand-probios","11":"first","12":"instock","13":"sale","14":"shipping-taxable","15":"purchasable","16":"product-type-simple"},"_links":{"self":[{"href":"https:\/\/havamall.vn\/en\/wp-json\/wp\/v2\/product\/21027"}],"collection":[{"href":"https:\/\/havamall.vn\/en\/wp-json\/wp\/v2\/product"}],"about":[{"href":"https:\/\/havamall.vn\/en\/wp-json\/wp\/v2\/types\/product"}],"replies":[{"embeddable":true,"href":"https:\/\/havamall.vn\/en\/wp-json\/wp\/v2\/comments?post=21027"}],"version-history":[{"count":0,"href":"https:\/\/havamall.vn\/en\/wp-json\/wp\/v2\/product\/21027\/revisions"}],"wp:featuredmedia":[{"embeddable":true,"href":"https:\/\/havamall.vn\/en\/wp-json\/wp\/v2\/media\/21032"}],"wp:attachment":[{"href":"https:\/\/havamall.vn\/en\/wp-json\/wp\/v2\/media?parent=21027"}],"wp:term":[{"taxonomy":"product_brand","embeddable":true,"href":"https:\/\/havamall.vn\/en\/wp-json\/wp\/v2\/product_brand?post=21027"},{"taxonomy":"product_cat","embeddable":true,"href":"https:\/\/havamall.vn\/en\/wp-json\/wp\/v2\/product_cat?post=21027"},{"taxonomy":"product_tag","embeddable":true,"href":"https:\/\/havamall.vn\/en\/wp-json\/wp\/v2\/product_tag?post=21027"}],"curies":[{"name":"wp","href":"https:\/\/api.w.org\/{rel}","templated":true}]}}