{"id":20998,"date":"2021-07-28T15:27:23","date_gmt":"2021-07-28T08:27:23","guid":{"rendered":"https:\/\/havamall.vn\/?post_type=product&#038;p=20998"},"modified":"2023-06-05T17:25:40","modified_gmt":"2023-06-05T10:25:40","slug":"socola-chip-huu-co-sottolestelle-organic-chocolate-chips-200g","status":"publish","type":"product","link":"https:\/\/havamall.vn\/en\/shop\/socola-chip-huu-co-sottolestelle-organic-chocolate-chips-200g\/","title":{"rendered":"Socola Chip H\u1eefu C\u01a1 &#8211; Sottolestelle Organic Chocolate Chips 200g"},"content":{"rendered":"<p>Socola chip Sottolestelle \u0111\u01b0\u1ee3c s\u1eed d\u1ee5ng r\u1ea5t nhi\u1ec1u trong trang tr\u00ed. V\u1edbi d\u1ea1ng vi\u00ean nh\u1ecf, ch\u00fang s\u1ebd g\u00f3p ph\u1ea7n t\u1ea1o th\u00eam h\u01b0\u01a1ng v\u1ecb cho s\u1ea3n ph\u1ea9m, kh\u00f4ng qu\u00e1 ng\u1ecdt hay qu\u00e1 \u0111\u1eadm v\u1ecb chocolate. \u0110\u1eb7c bi\u1ec7t, s\u1ef1 xu\u1ea5t hi\u1ec7n c\u1ee7a c\u00e1c h\u1ea1t t\u00ed hon n\u00e0y mang l\u1ea1i c\u1ea3m gi\u00e1c gi\u00f2n tan trong mi\u1ec7ng, khi\u1ebfn ng\u01b0\u1eddi \u0103n r\u1ea5t th\u00edch th\u00fa.<\/p>\n<p><img fetchpriority=\"high\" decoding=\"async\" class=\"wp-image-21000 aligncenter\" src=\"https:\/\/havamall.vn\/wp-content\/uploads\/2021\/07\/yhtet-212x300.png\" alt=\"\" width=\"719\" height=\"1018\" srcset=\"https:\/\/havamall.vn\/wp-content\/uploads\/2021\/07\/yhtet-212x300.png 212w, https:\/\/havamall.vn\/wp-content\/uploads\/2021\/07\/yhtet-430x608.png 430w, https:\/\/havamall.vn\/wp-content\/uploads\/2021\/07\/yhtet-150x212.png 150w, https:\/\/havamall.vn\/wp-content\/uploads\/2021\/07\/yhtet-700x990.png 700w, https:\/\/havamall.vn\/wp-content\/uploads\/2021\/07\/yhtet-768x1086.png 768w, https:\/\/havamall.vn\/wp-content\/uploads\/2021\/07\/yhtet-724x1024.png 724w, https:\/\/havamall.vn\/wp-content\/uploads\/2021\/07\/yhtet-1200x1697.png 1200w, https:\/\/havamall.vn\/wp-content\/uploads\/2021\/07\/yhtet-600x849.png 600w, https:\/\/havamall.vn\/wp-content\/uploads\/2021\/07\/yhtet.png 1240w\" sizes=\"(max-width: 719px) 100vw, 719px\" \/><\/p>\n<p>Chocolate chip \u0111\u01b0\u1ee3c s\u1eed d\u1ee5ng r\u1ea5t ph\u1ed5 bi\u1ebfn trong c\u00e1c lo\u1ea1i b\u00e1nh cookie, muffin, donut\u2026 Ngo\u00e0i ra, v\u1edbi h\u00ecnh d\u1ea1ng b\u00e9 b\u00e9 xinh xinh, n\u00f3 c\u00f2n \u0111\u01b0\u1ee3c d\u00f9ng \u0111\u1ec3 trang tr\u00ed c\u00e1c lo\u1ea1i b\u00e1nh ng\u1ecdt v\u00e0 b\u00e1nh kem, t\u1ea1o th\u00eam h\u01b0\u01a1ng v\u1ecb s\u00f4 c\u00f4 la th\u01a1m ngon v\u00e0 m\u00e0u s\u1eafc (\u0111\u1ed1i v\u1edbi lo\u1ea1i chocolate chip m\u00e0u). T\u1ea5t nhi\u00ean, th\u1ee9c u\u1ed1ng c\u0169ng s\u1ebd h\u1ea5p d\u1eabn h\u01a1n khi c\u00f3 chocolate chip l\u00e0m topping.<\/p>\n<p><img decoding=\"async\" class=\"wp-image-21001 aligncenter\" src=\"https:\/\/havamall.vn\/wp-content\/uploads\/2021\/07\/ty5-300x300.png\" alt=\"\" width=\"726\" height=\"726\" srcset=\"https:\/\/havamall.vn\/wp-content\/uploads\/2021\/07\/ty5-300x300.png 300w, https:\/\/havamall.vn\/wp-content\/uploads\/2021\/07\/ty5-430x430.png 430w, https:\/\/havamall.vn\/wp-content\/uploads\/2021\/07\/ty5-150x150.png 150w, https:\/\/havamall.vn\/wp-content\/uploads\/2021\/07\/ty5-700x700.png 700w, https:\/\/havamall.vn\/wp-content\/uploads\/2021\/07\/ty5-768x768.png 768w, https:\/\/havamall.vn\/wp-content\/uploads\/2021\/07\/ty5-600x600.png 600w, https:\/\/havamall.vn\/wp-content\/uploads\/2021\/07\/ty5-100x100.png 100w, https:\/\/havamall.vn\/wp-content\/uploads\/2021\/07\/ty5.png 1000w\" sizes=\"(max-width: 726px) 100vw, 726px\" \/><\/p>\n<p>Socola chip th\u01b0\u1eddng l\u00e0 s\u00f4 c\u00f4 la b\u00e1n ng\u1ecdt \u0111\u01b0\u1ee3c l\u00e0m t\u1eeb \u0111\u01b0\u1eddng, socola, b\u01a1 ca cao, ch\u1ea5t b\u00e9o s\u1eefa. Ch\u00fang c\u00f2n \u0111\u01b0\u1ee3c g\u1ecdi l\u00e0 morsels b\u00e1n ng\u1ecdt. Ssocola l\u00e0 m\u1ed9t trong s\u1ed1 \u00edt th\u1ef1c ph\u1ea9m c\u00f3 h\u01b0\u01a1ng v\u1ecb tuy\u1ec7t v\u1eddi \u0111\u1ed3ng th\u1eddi mang l\u1ea1i l\u1ee3i \u00edch s\u1ee9c kh\u1ecfe \u0111\u00e1ng k\u1ec3.<\/p>\n<p>V\u1edbi d\u1ea1ng vi\u00ean nh\u1ecf, ch\u00fang s\u1ebd g\u00f3p ph\u1ea7n t\u1ea1o th\u00eam h\u01b0\u01a1ng v\u1ecb cho s\u1ea3n ph\u1ea9m, kh\u00f4ng qu\u00e1 ng\u1ecdt hay qu\u00e1 \u0111\u1eadm v\u1ecb chocolate. \u0110\u1eb7c bi\u1ec7t, s\u1ef1 xu\u1ea5t hi\u1ec7n c\u1ee7a c\u00e1c h\u1ea1t\u00a0socola chip Sottolestelle n\u00e0y mang l\u1ea1i c\u1ea3m gi\u00e1c gi\u00f2n tan trong mi\u1ec7ng, khi\u1ebfn ng\u01b0\u1eddi \u0103n r\u1ea5t th\u00edch th\u00fa.<\/p>\n<p><img decoding=\"async\" class=\"wp-image-21002 aligncenter\" src=\"https:\/\/havamall.vn\/wp-content\/uploads\/2021\/07\/ht-225x300.png\" alt=\"\" width=\"738\" height=\"984\" srcset=\"https:\/\/havamall.vn\/wp-content\/uploads\/2021\/07\/ht-225x300.png 225w, https:\/\/havamall.vn\/wp-content\/uploads\/2021\/07\/ht-430x573.png 430w, https:\/\/havamall.vn\/wp-content\/uploads\/2021\/07\/ht-150x200.png 150w, https:\/\/havamall.vn\/wp-content\/uploads\/2021\/07\/ht-700x933.png 700w, https:\/\/havamall.vn\/wp-content\/uploads\/2021\/07\/ht-768x1024.png 768w, https:\/\/havamall.vn\/wp-content\/uploads\/2021\/07\/ht-1200x1600.png 1200w, https:\/\/havamall.vn\/wp-content\/uploads\/2021\/07\/ht-600x800.png 600w, https:\/\/havamall.vn\/wp-content\/uploads\/2021\/07\/ht.png 1536w\" sizes=\"(max-width: 738px) 100vw, 738px\" \/><\/p>\n<p>N\u1ebfu b\u1ea1n mu\u1ed1n g\u1eedi l\u1eddi y\u00eau th\u01b0\u01a1ng, l\u1eddi ch\u00fac m\u1eebng, hay th\u1eadm ch\u00ed l\u00e0 l\u1eddi c\u1ea7u h\u00f4n m\u00e0 kh\u00f4ng d\u00e1m th\u1ed5 l\u1ed9. Th\u00ec vi\u1ec7c t\u1ef1 tay l\u00e0m m\u1ed9t chi\u1ebfc b\u00e1nh cho ng\u01b0\u1eddi m\u00ecnh y\u00eau th\u01b0\u01a1ng l\u00e0 m\u1ed9t c\u00e1ch v\u00f4 c\u00f9ng ho\u00e0n h\u1ea3o. Tr\u00ean m\u1ed9t chi\u1ebfc b\u00e1nh, h\u00e3y s\u1eed d\u1ee5ng chocolate\u00a0chip\u00a0Sottolestelle \u0111\u1ec3 t\u1ea1o th\u00e0nh c\u00e1c ch\u1eef c\u00e1i tu\u1ef3 th\u00edch.<\/p>\n<p><img loading=\"lazy\" decoding=\"async\" class=\"wp-image-21003 aligncenter\" src=\"https:\/\/havamall.vn\/wp-content\/uploads\/2021\/07\/tgg-300x300.png\" alt=\"\" width=\"741\" height=\"741\" srcset=\"https:\/\/havamall.vn\/wp-content\/uploads\/2021\/07\/tgg-300x300.png 300w, https:\/\/havamall.vn\/wp-content\/uploads\/2021\/07\/tgg-430x430.png 430w, https:\/\/havamall.vn\/wp-content\/uploads\/2021\/07\/tgg-150x150.png 150w, https:\/\/havamall.vn\/wp-content\/uploads\/2021\/07\/tgg-700x700.png 700w, https:\/\/havamall.vn\/wp-content\/uploads\/2021\/07\/tgg-768x768.png 768w, https:\/\/havamall.vn\/wp-content\/uploads\/2021\/07\/tgg-1024x1024.png 1024w, https:\/\/havamall.vn\/wp-content\/uploads\/2021\/07\/tgg.png 1200w, https:\/\/havamall.vn\/wp-content\/uploads\/2021\/07\/tgg-600x600.png 600w, https:\/\/havamall.vn\/wp-content\/uploads\/2021\/07\/tgg-100x100.png 100w\" sizes=\"(max-width: 741px) 100vw, 741px\" \/><\/p>\n<h4><strong>C\u00f4ng d\u1ee5ng c\u1ee7a socola:<\/strong><\/h4>\n<p>&#8211; Ngu\u1ed3n ch\u1ea5t ch\u1ed1ng oxy h\u00f3a m\u1ea1nh m\u1ebd<\/p>\n<p>&#8211; C\u00e1c ch\u1ea5t ch\u1ed1ng oxy h\u00f3a trong s\u00f4 c\u00f4 la \u0111\u00e3 \u0111\u01b0\u1ee3c ph\u00e1t hi\u1ec7n l\u00e0 l\u00e0m t\u0103ng m\u1ee9c cholesterol lipoprotein m\u1eadt \u0111\u1ed9 cao \u2013 lo\u1ea1i cholesterol \u201ct\u1ed1t\u201d \u2013 g\u00f3p ph\u1ea7n v\u00e0o t\u00ecnh tr\u1ea1ng s\u1ee9c kh\u1ecfe tim m\u1ea1ch t\u1ed1t h\u01a1n<\/p>\n<p>&#8211; N\u00f3 ch\u1ee9a m\u1ed9t l\u01b0\u1ee3ng ch\u1ea5t x\u01a1 h\u00f2a tan v\u00e0 ch\u1ee9a nhi\u1ec1u kho\u00e1ng ch\u1ea5t.<\/p>\n<p>&#8211; C\u00f3 th\u1ec3 c\u1ea3i thi\u1ec7n l\u01b0u l\u01b0\u1ee3ng m\u00e1u v\u00e0 gi\u1ea3m huy\u1ebft \u00e1p<\/p>\n<p>&#8211; L\u00e0m gi\u1ea3m \u0111\u1ed9 nh\u1ea1y c\u1ea3m c\u1ee7a LDL \u0111\u1ed1i v\u1edbi t\u1ed5n th\u01b0\u01a1ng oxy h\u00f3a trong khi t\u0103ng HDL v\u00e0 c\u1ea3i thi\u1ec7n \u0111\u1ed9 nh\u1ea1y insulin.<\/p>\n<p>&#8211; C\u00f3 th\u1ec3 gi\u1ea3m nguy c\u01a1 b\u1ec7nh tim<\/p>\n<p><img loading=\"lazy\" decoding=\"async\" class=\"wp-image-21004 aligncenter\" src=\"https:\/\/havamall.vn\/wp-content\/uploads\/2021\/07\/hy\u1ebbtghn-300x171.png\" alt=\"\" width=\"760\" height=\"433\" srcset=\"https:\/\/havamall.vn\/wp-content\/uploads\/2021\/07\/hy\u1ebbtghn-300x171.png 300w, https:\/\/havamall.vn\/wp-content\/uploads\/2021\/07\/hy\u1ebbtghn-430x246.png 430w, https:\/\/havamall.vn\/wp-content\/uploads\/2021\/07\/hy\u1ebbtghn-150x86.png 150w, https:\/\/havamall.vn\/wp-content\/uploads\/2021\/07\/hy\u1ebbtghn-700x400.png 700w, https:\/\/havamall.vn\/wp-content\/uploads\/2021\/07\/hy\u1ebbtghn-768x439.png 768w, https:\/\/havamall.vn\/wp-content\/uploads\/2021\/07\/hy\u1ebbtghn-1024x585.png 1024w, https:\/\/havamall.vn\/wp-content\/uploads\/2021\/07\/hy\u1ebbtghn-1200x686.png 1200w, https:\/\/havamall.vn\/wp-content\/uploads\/2021\/07\/hy\u1ebbtghn-600x343.png 600w, https:\/\/havamall.vn\/wp-content\/uploads\/2021\/07\/hy\u1ebbtghn.png 1260w\" sizes=\"(max-width: 760px) 100vw, 760px\" \/><\/p>\n<h4><strong>H\u01b0\u1edbng d\u1eabn s\u1eed d\u1ee5ng\u00a0:<\/strong><\/h4>\n<p>&#8211; Socola chip Sottolestelle th\u01b0\u1eddng \u0111\u01b0\u1ee3c s\u1eed d\u1ee5ng trong l\u00e0m b\u00e1nh<\/p>\n<p>&#8211; Chuy\u00ean d\u00f9ng l\u00e0m nh\u00e2n b\u00e1nh cupcake, muffin, cookies, b\u00e1nh m\u00ec, b\u00e1nh ng\u1ecdt\u2026l\u00e0m chocolate do ti\u1ec7n l\u1ee3i v\u00e0 kh\u00f4ng c\u1ea7n b\u00e0o nh\u1ecf nh\u01b0 socola thanh<\/p>\n<p>&#8211; B\u1ea1n c\u00f3 th\u1ec3 r\u1eafc socola chip tr\u1ef1c ti\u1ebfp tr\u00ean m\u1eb7t b\u00e1nh, k\u1eb9o, kem.<\/p>\n<p>S\u1ea3n ph\u1ea9m hi\u1ec7n \u0111\u00e3 c\u00f3 m\u1eb7t t\u1ea1i Havamall.<\/p>","protected":false},"excerpt":{"rendered":"<p>Socola chip Sottolestelle \u0111\u01b0\u1ee3c s\u1eed d\u1ee5ng r\u1ea5t nhi\u1ec1u trong trang tr\u00ed. V\u1edbi d\u1ea1ng vi\u00ean nh\u1ecf, ch\u00fang s\u1ebd g\u00f3p ph\u1ea7n t\u1ea1o<\/p>","protected":false},"featured_media":21005,"comment_status":"open","ping_status":"closed","template":"","meta":[],"product_brand":[],"product_cat":[255,256,36],"product_tag":[],"class_list":{"0":"post-20998","1":"product","2":"type-product","3":"status-publish","4":"has-post-thumbnail","6":"product_cat-nguyen-lieu-lam-banh","7":"product_cat-thuc-pham-huu-co","8":"product_cat-thuc-pham-tieu-dung","9":"pa_brand-sottolestell","11":"first","12":"outofstock","13":"sale","14":"shipping-taxable","15":"purchasable","16":"product-type-simple"},"_links":{"self":[{"href":"https:\/\/havamall.vn\/en\/wp-json\/wp\/v2\/product\/20998"}],"collection":[{"href":"https:\/\/havamall.vn\/en\/wp-json\/wp\/v2\/product"}],"about":[{"href":"https:\/\/havamall.vn\/en\/wp-json\/wp\/v2\/types\/product"}],"replies":[{"embeddable":true,"href":"https:\/\/havamall.vn\/en\/wp-json\/wp\/v2\/comments?post=20998"}],"version-history":[{"count":0,"href":"https:\/\/havamall.vn\/en\/wp-json\/wp\/v2\/product\/20998\/revisions"}],"wp:featuredmedia":[{"embeddable":true,"href":"https:\/\/havamall.vn\/en\/wp-json\/wp\/v2\/media\/21005"}],"wp:attachment":[{"href":"https:\/\/havamall.vn\/en\/wp-json\/wp\/v2\/media?parent=20998"}],"wp:term":[{"taxonomy":"product_brand","embeddable":true,"href":"https:\/\/havamall.vn\/en\/wp-json\/wp\/v2\/product_brand?post=20998"},{"taxonomy":"product_cat","embeddable":true,"href":"https:\/\/havamall.vn\/en\/wp-json\/wp\/v2\/product_cat?post=20998"},{"taxonomy":"product_tag","embeddable":true,"href":"https:\/\/havamall.vn\/en\/wp-json\/wp\/v2\/product_tag?post=20998"}],"curies":[{"name":"wp","href":"https:\/\/api.w.org\/{rel}","templated":true}]}}