{"id":20992,"date":"2021-07-28T14:42:06","date_gmt":"2021-07-28T07:42:06","guid":{"rendered":"https:\/\/havamall.vn\/?post_type=product&#038;p=20992"},"modified":"2022-10-04T17:14:52","modified_gmt":"2022-10-04T10:14:52","slug":"bot-kem-beo-thuc-vat-hieu-golden-classic-1kg","status":"publish","type":"product","link":"https:\/\/havamall.vn\/en\/shop\/bot-kem-beo-thuc-vat-hieu-golden-classic-1kg\/","title":{"rendered":"B\u1ed9t Kem B\u00e9o Th\u1ef1c V\u1eadt Hi\u1ec7u Golden Classic 1kg"},"content":{"rendered":"<table>\n<tbody>\n<tr>\n<td>Th\u01b0\u01a1ng hi\u1ec7u<\/td>\n<td>Golden Clasic<\/td>\n<\/tr>\n<tr>\n<td>Xu\u1ea5t x\u1ee9<\/td>\n<td>Th\u00e1i Lan<\/td>\n<\/tr>\n<tr>\n<td>Th\u00e0nh ph\u1ea7n<\/td>\n<td>Siro glucozo, d\u1ea7uh\u1ea1t c\u1ecd, ch\u1ea5t d\u1eabn xu\u1ea5t s\u1eefa sodium caseinate,&#8230;<\/td>\n<\/tr>\n<tr>\n<td>H\u1ea1n s\u1eed d\u1ee5ng<\/td>\n<td>24 th\u00e1ng k\u1ec3 t\u1eeb ng\u00e0y s\u1ea3n xu\u1ea5t.<\/td>\n<\/tr>\n<tr>\n<td>B\u1ea3o qu\u1ea3n<\/td>\n<td>\u0110\u1ec3 n\u01a1i kh\u00f4 r\u00e1o, tho\u00e1ng m\u00e1t, tr\u00e1nh \u00e1nh n\u1eafng tr\u1ef1c ti\u1ebfp, \u0111\u1eady k\u00edn sau khi s\u1eed d\u1ee5ng<\/td>\n<\/tr>\n<tr>\n<td>Kh\u1ed1i l\u01b0\u1ee3ng t\u1ecbnh<\/td>\n<td>1kg<\/td>\n<\/tr>\n<\/tbody>\n<\/table>\n<p>B\u1ed9t kem b\u00e9o Golden Classic ph\u00f9 h\u1ee3p cho m\u1ecdi lo\u1ea1i tr\u00e0 s\u1eefa, s\u1eefa chua, c\u00e0 ph\u00ea\u2026L\u00e0 l\u1ef1a ch\u1ecdn ph\u1ed5 bi\u1ebfn c\u1ee7a nhi\u1ec1u c\u1eeda h\u00e0ng tr\u00e0 s\u1eefa, c\u00e0 ph\u00ea, s\u1eefa chua tr\u00e2n ch\u00e2u\u2026 B\u1ed9t Kem B\u00e9o Th\u1ef1c V\u1eadt Golden Classic gi\u00fap vi\u1ec7c pha tr\u00e0 s\u1eefa tr\u1edf n\u00ean nhanh ch\u00f3ng, thu\u1eadn ti\u1ec7n h\u01a1n, cho ra \u0111\u1eddi nh\u1eefng ly tr\u00e0 s\u1eefa th\u01a1m b\u00e9o chu\u1ea9n v\u1ecb, t\u00f4n l\u00ean v\u1ecb tr\u00e0 tinh t\u1ebf.<\/p>\n<p><img fetchpriority=\"high\" decoding=\"async\" class=\"wp-image-20994 aligncenter\" src=\"https:\/\/havamall.vn\/wp-content\/uploads\/2021\/07\/tytdfvg-300x200.png\" alt=\"\" width=\"707\" height=\"472\" srcset=\"https:\/\/havamall.vn\/wp-content\/uploads\/2021\/07\/tytdfvg-300x200.png 300w, https:\/\/havamall.vn\/wp-content\/uploads\/2021\/07\/tytdfvg-430x286.png 430w, https:\/\/havamall.vn\/wp-content\/uploads\/2021\/07\/tytdfvg-150x100.png 150w, https:\/\/havamall.vn\/wp-content\/uploads\/2021\/07\/tytdfvg-700x466.png 700w, https:\/\/havamall.vn\/wp-content\/uploads\/2021\/07\/tytdfvg-1024x682.png 1024w, https:\/\/havamall.vn\/wp-content\/uploads\/2021\/07\/tytdfvg-1200x799.png 1200w, https:\/\/havamall.vn\/wp-content\/uploads\/2021\/07\/tytdfvg.png 1280w\" sizes=\"(max-width: 707px) 100vw, 707px\" \/><\/p>\n<p>B\u1ed9t kem b\u00e9o th\u1ef1c v\u1eadt (Non-dairy creamers)\u00a0Golden Classic \u0111\u01b0\u1ee3c s\u1eed d\u1ee5ng \u0111\u1ec3 c\u1ea3i thi\u1ec7n h\u01b0\u01a1ng v\u1ecb trong nhi\u1ec1u lo\u1ea1i th\u1ef1c ph\u1ea9m, ch\u1eb3ng h\u1ea1n nh\u01b0 s\u1eefa b\u1ed9t, tr\u00e0 s\u1eefa, s\u1eefa \u0111\u1eadu n\u00e0nh, c\u00e0 ph\u00ea h\u00f2a tan, b\u1ed9t ng\u00f4 \u0103n li\u1ec1n, ng\u0169 c\u1ed1c\u2026 B\u1ed9t kem b\u00e9o th\u1ef1c v\u1eadt n\u1ebfu \u0111\u01b0\u1ee3c s\u1eed d\u1ee5ng \u0111\u00fang c\u00e1ch, v\u1edbi li\u1ec1u l\u01b0\u1ee3ng v\u1eeba ph\u1ea3i s\u1ebd gi\u00fap b\u1ea1n c\u00f3 m\u1ed9t s\u1ee9c kh\u1ecfe t\u1ed1t h\u01a1n.<\/p>\n<p><img decoding=\"async\" class=\"wp-image-20995 aligncenter\" src=\"https:\/\/havamall.vn\/wp-content\/uploads\/2021\/07\/b\u1ed9t-kem-300x200.png\" alt=\"\" width=\"711\" height=\"474\" srcset=\"https:\/\/havamall.vn\/wp-content\/uploads\/2021\/07\/b\u1ed9t-kem-300x200.png 300w, https:\/\/havamall.vn\/wp-content\/uploads\/2021\/07\/b\u1ed9t-kem-430x286.png 430w, https:\/\/havamall.vn\/wp-content\/uploads\/2021\/07\/b\u1ed9t-kem-150x100.png 150w, https:\/\/havamall.vn\/wp-content\/uploads\/2021\/07\/b\u1ed9t-kem-700x466.png 700w, https:\/\/havamall.vn\/wp-content\/uploads\/2021\/07\/b\u1ed9t-kem-768x512.png 768w, https:\/\/havamall.vn\/wp-content\/uploads\/2021\/07\/b\u1ed9t-kem-1024x682.png 1024w, https:\/\/havamall.vn\/wp-content\/uploads\/2021\/07\/b\u1ed9t-kem-1200x800.png 1200w, https:\/\/havamall.vn\/wp-content\/uploads\/2021\/07\/b\u1ed9t-kem-600x400.png 600w, https:\/\/havamall.vn\/wp-content\/uploads\/2021\/07\/b\u1ed9t-kem.png 1600w\" sizes=\"(max-width: 711px) 100vw, 711px\" \/><\/p>\n<p>B\u1ed9t kem b\u00e9o th\u1ef1c v\u1eadt\u00a0Golden Classic c\u00f3 d\u1ea1ng b\u1ed9t, \u0111\u1ed9 m\u1ecbn cao, d\u1ec5 h\u00f2a tan trong n\u01b0\u1edbc, c\u00f3 ngu\u1ed3n g\u1ed1c t\u1eeb th\u1ef1c v\u1eadt. B\u1ed9t kem b\u00e9o \u0111\u01b0\u1ee3c d\u00f9ng thay th\u1ebf s\u1eefa ho\u1eb7c kem trong pha ch\u1ebf, l\u00e0m b\u00e1nh gi\u00fap l\u00e0m t\u0103ng h\u01b0\u01a1ng v\u1ecb.\u00a0 \u0110\u1ed9 b\u00e9o l\u00ean \u0111\u1ebfn 35, m\u00f9i v\u1ecb th\u01a1m ngon, m\u00e0u s\u1eafc h\u1ea5p d\u1eabn. S\u1ea3n ph\u1ea9m l\u00e0 l\u1ef1a ch\u1ecdn h\u00e0ng \u0111\u1ea7u \u0111\u1ec3 pha ch\u1ebf c\u00e0 ph\u00ea, tr\u00e0 s\u1eefa, kem, s\u1eefa chua v\u00e0 c\u00e1c m\u00f3n tr\u00e1ng mi\u1ec7ng.<\/p>\n<p><img decoding=\"async\" class=\"wp-image-20996 aligncenter\" src=\"https:\/\/havamall.vn\/wp-content\/uploads\/2021\/07\/5c0fe0705d10373-300x209.png\" alt=\"\" width=\"716\" height=\"499\" srcset=\"https:\/\/havamall.vn\/wp-content\/uploads\/2021\/07\/5c0fe0705d10373-300x209.png 300w, https:\/\/havamall.vn\/wp-content\/uploads\/2021\/07\/5c0fe0705d10373-430x300.png 430w, https:\/\/havamall.vn\/wp-content\/uploads\/2021\/07\/5c0fe0705d10373-150x105.png 150w, https:\/\/havamall.vn\/wp-content\/uploads\/2021\/07\/5c0fe0705d10373-700x488.png 700w, https:\/\/havamall.vn\/wp-content\/uploads\/2021\/07\/5c0fe0705d10373-768x535.png 768w, https:\/\/havamall.vn\/wp-content\/uploads\/2021\/07\/5c0fe0705d10373-1024x714.png 1024w, https:\/\/havamall.vn\/wp-content\/uploads\/2021\/07\/5c0fe0705d10373-220x154.png 220w, https:\/\/havamall.vn\/wp-content\/uploads\/2021\/07\/5c0fe0705d10373-1200x836.png 1200w, https:\/\/havamall.vn\/wp-content\/uploads\/2021\/07\/5c0fe0705d10373-600x418.png 600w\" sizes=\"(max-width: 716px) 100vw, 716px\" \/><\/p>\n<p>Trong c\u00f4ng th\u1ee9c l\u00e0m c\u00e1c m\u00f3n ch\u00e8, kem t\u01b0\u01a1i, kem d\u1eeba hay tr\u00e0 s\u1eefa, ng\u01b0\u1eddi ta th\u01b0\u1eddng s\u1eed d\u1ee5ng\u00a0b\u1ed9t kem b\u00e9o th\u1ef1c v\u1eadt Golden Classic \u0111\u1ec3 t\u1ea1o h\u01b0\u01a1ng v\u1ecb b\u00e9o th\u01a1m. Trong c\u00e1c m\u00f3n \u0103n, c\u00f4ng d\u1ee5ng c\u1ee7a b\u1ed9t b\u00e9o l\u00e0 t\u1ea1o \u0111\u1ed9 s\u00e1nh v\u00e0 b\u00e9o, l\u00e0m m\u00f3n \u0103n tr\u1edf n\u00ean h\u1ea5p d\u1eabn h\u01a1n. Ngo\u00e0i ra, b\u1ed9t kem b\u00e9o th\u1ef1c v\u1eadt c\u00f2n mang \u0111\u1ebfn h\u01b0\u01a1ng v\u1ecb th\u01a1m ngon h\u01a1n khi \u0111\u01b0\u1ee3c d\u00f9ng \u0111\u1ec3 ch\u1ebf bi\u1ebfn c\u00e1c m\u00f3n b\u00e1nh m\u00ec, kem, tr\u00e0 s\u1eefa\u2026<\/p>\n<p><img loading=\"lazy\" decoding=\"async\" class=\"wp-image-20997 aligncenter\" src=\"https:\/\/havamall.vn\/wp-content\/uploads\/2021\/07\/\u1ec1gr-300x188.png\" alt=\"\" width=\"721\" height=\"452\" srcset=\"https:\/\/havamall.vn\/wp-content\/uploads\/2021\/07\/\u1ec1gr-300x188.png 300w, https:\/\/havamall.vn\/wp-content\/uploads\/2021\/07\/\u1ec1gr-430x269.png 430w, https:\/\/havamall.vn\/wp-content\/uploads\/2021\/07\/\u1ec1gr-150x94.png 150w, https:\/\/havamall.vn\/wp-content\/uploads\/2021\/07\/\u1ec1gr-700x438.png 700w, https:\/\/havamall.vn\/wp-content\/uploads\/2021\/07\/\u1ec1gr-768x480.png 768w, https:\/\/havamall.vn\/wp-content\/uploads\/2021\/07\/\u1ec1gr-1024x640.png 1024w, https:\/\/havamall.vn\/wp-content\/uploads\/2021\/07\/\u1ec1gr-1200x750.png 1200w, https:\/\/havamall.vn\/wp-content\/uploads\/2021\/07\/\u1ec1gr-600x375.png 600w, https:\/\/havamall.vn\/wp-content\/uploads\/2021\/07\/\u1ec1gr.png 1280w\" sizes=\"(max-width: 721px) 100vw, 721px\" \/><\/p>\n<h4><strong>\u0110\u1eb7c \u0111i\u1ec3m n\u1ed5i b\u1eadt c\u1ee7a s\u1ea3n ph\u1ea9m:<\/strong><\/h4>\n<p>\u2013 Cho ly tr\u00e0 s\u1eefa chu\u1ea9n v\u1ecb v\u1edbi \u0111\u1ed9 b\u00e9o 35%<br \/>\n\u2013 T\u1ed1i \u01b0u h\u01a1n c\u00e1c d\u00f2ng b\u1ed9t s\u1eefa th\u00f4ng th\u01b0\u1eddng \u1edf \u0111i\u1ec3m v\u1eabn gi\u1eef \u0111\u01b0\u1ee3c \u0111\u1ed9 ng\u1eady b\u00e9o nh\u01b0ng l\u1ea1i thanh nh\u1eb9 h\u01a1n, kh\u00f4ng c\u00f3 m\u00f9i n\u1ed3ng v\u00e0 u\u1ed1ng kh\u00f4ng g\u00e2y c\u1ea3m gi\u00e1c ng\u00e1n.<br \/>\n\u2013 Ph\u00f9 h\u1ee3p \u0111\u1ec3 pha ch\u1ebf c\u00f9ng nhi\u1ec1u lo\u1ea1i tr\u00e0 kh\u00e1c nhau nh\u01b0 H\u1ed3ng tr\u00e0, L\u1ee5c tr\u00e0, Tr\u00e0 Oolong, Tr\u00e0 Sen, Tr\u00e0 Th\u00e1i Xanh, Tr\u00e0 Th\u00e1i \u0110\u1ecf\u2026 nh\u1eb9 nh\u00e0ng l\u00e0m t\u00f4n l\u00ean v\u1ecb tr\u00e0 \u0111\u1eadm th\u01a1m m\u00e0 v\u1eabn gi\u1eef tr\u1ecdn v\u1ecb s\u1eefa th\u01a1m b\u00e9o v\u1eeba v\u1eb7n.<br \/>\n\u2013 Pha ch\u1ebf \u0111\u01a1n gi\u1ea3n, thu\u1eadn ti\u1ec7n, \u0111\u00e1p \u1ee9ng nhu c\u1ea7u s\u1eed d\u1ee5ng s\u1ed1 l\u01b0\u1ee3ng l\u1edbn.<br \/>\n\u2013 Gi\u1ea3m thi\u1ec3u s\u1ed1 l\u01b0\u1ee3ng nguy\u00ean li\u1ec7u c\u1ea7n chu\u1ea9n b\u1ecb.<br \/>\n\u2013 C\u00f3 th\u1ec3 b\u1ea3o qu\u1ea3n trong nhi\u1ec1u ng\u00e0y.<\/p>\n<p>S\u1ea3n ph\u1ea9m hi\u1ec7n \u0111\u00e3 c\u00f3 m\u1eb7t t\u1ea1i Havamall.<\/p>","protected":false},"excerpt":{"rendered":"<p>Th\u01b0\u01a1ng hi\u1ec7u Golden Clasic Xu\u1ea5t x\u1ee9 Th\u00e1i Lan Th\u00e0nh ph\u1ea7n Siro glucozo, d\u1ea7uh\u1ea1t c\u1ecd, ch\u1ea5t d\u1eabn xu\u1ea5t s\u1eefa sodium caseinate,&#8230;<\/p>","protected":false},"featured_media":20993,"comment_status":"open","ping_status":"closed","template":"","meta":[],"product_brand":[],"product_cat":[36,135],"product_tag":[],"class_list":{"0":"post-20992","1":"product","2":"type-product","3":"status-publish","4":"has-post-thumbnail","6":"product_cat-thuc-pham-tieu-dung","7":"product_cat-sua-do-uong","9":"first","10":"outofstock","11":"sale","12":"shipping-taxable","13":"purchasable","14":"product-type-simple"},"_links":{"self":[{"href":"https:\/\/havamall.vn\/en\/wp-json\/wp\/v2\/product\/20992"}],"collection":[{"href":"https:\/\/havamall.vn\/en\/wp-json\/wp\/v2\/product"}],"about":[{"href":"https:\/\/havamall.vn\/en\/wp-json\/wp\/v2\/types\/product"}],"replies":[{"embeddable":true,"href":"https:\/\/havamall.vn\/en\/wp-json\/wp\/v2\/comments?post=20992"}],"version-history":[{"count":0,"href":"https:\/\/havamall.vn\/en\/wp-json\/wp\/v2\/product\/20992\/revisions"}],"wp:featuredmedia":[{"embeddable":true,"href":"https:\/\/havamall.vn\/en\/wp-json\/wp\/v2\/media\/20993"}],"wp:attachment":[{"href":"https:\/\/havamall.vn\/en\/wp-json\/wp\/v2\/media?parent=20992"}],"wp:term":[{"taxonomy":"product_brand","embeddable":true,"href":"https:\/\/havamall.vn\/en\/wp-json\/wp\/v2\/product_brand?post=20992"},{"taxonomy":"product_cat","embeddable":true,"href":"https:\/\/havamall.vn\/en\/wp-json\/wp\/v2\/product_cat?post=20992"},{"taxonomy":"product_tag","embeddable":true,"href":"https:\/\/havamall.vn\/en\/wp-json\/wp\/v2\/product_tag?post=20992"}],"curies":[{"name":"wp","href":"https:\/\/api.w.org\/{rel}","templated":true}]}}