{"id":20983,"date":"2021-07-28T11:36:28","date_gmt":"2021-07-28T04:36:28","guid":{"rendered":"https:\/\/havamall.vn\/?post_type=product&#038;p=20983"},"modified":"2024-05-21T15:29:27","modified_gmt":"2024-05-21T08:29:27","slug":"bot-whipping-cream-ciel-tui-100g","status":"publish","type":"product","link":"https:\/\/havamall.vn\/en\/shop\/bot-whipping-cream-ciel-tui-100g\/","title":{"rendered":"B\u1ed9t Whipping Cream &#8211; Ciel Whipping Cream Powder 100G"},"content":{"rendered":"<p>Whipping cream l\u00e0 m\u1ed9t nguy\u00ean li\u1ec7u r\u1ea5t quen thu\u1ed9c m\u00e0 ch\u00fang ta th\u01b0\u1eddng g\u1eb7p trong c\u00e1c m\u00f3n ng\u1ecdt nh\u01b0 b\u00e1nh kem, cupcake, pudding hay \u0111\u1ed3 u\u1ed1ng smoothie.\u01afu \u0111i\u1ec3m c\u1ee7a lo\u1ea1i B\u1ed9t Whipping cream \u0111\u00f3 l\u00e0 \u1edf vi\u1ec7c n\u00f3 kh\u00f4ng ch\u1ee9a \u0111\u01b0\u1eddng n\u00ean c\u00f3 th\u1ec3 gia gi\u1ea3m \u0111\u1ed9 ng\u1ecdt t\u00f9y \u00fd.<\/p>\n<p><img fetchpriority=\"high\" decoding=\"async\" class=\"wp-image-20985 aligncenter\" src=\"https:\/\/havamall.vn\/wp-content\/uploads\/2021\/07\/ikl-300x188.png\" alt=\"\" width=\"733\" height=\"459\" srcset=\"https:\/\/havamall.vn\/wp-content\/uploads\/2021\/07\/ikl-300x188.png 300w, https:\/\/havamall.vn\/wp-content\/uploads\/2021\/07\/ikl-430x269.png 430w, https:\/\/havamall.vn\/wp-content\/uploads\/2021\/07\/ikl-150x94.png 150w, https:\/\/havamall.vn\/wp-content\/uploads\/2021\/07\/ikl-700x438.png 700w, https:\/\/havamall.vn\/wp-content\/uploads\/2021\/07\/ikl-768x480.png 768w, https:\/\/havamall.vn\/wp-content\/uploads\/2021\/07\/ikl-600x375.png 600w, https:\/\/havamall.vn\/wp-content\/uploads\/2021\/07\/ikl.png 960w\" sizes=\"(max-width: 733px) 100vw, 733px\" \/><\/p>\n<p>B\u1ed9t whipping cream Ciel \u0111\u01b0\u1ee3c s\u1eed d\u1ee5ng \u0111\u1ec3 ph\u1ee7 b\u00e1nh, l\u00e0m l\u1edbp kem trong c\u00e1c m\u00f3n tr\u00e1ng mi\u1ec7ng nh\u01b0 shortcake, mousse, pudding, b\u00e1nh t\u00e1o\u2026c\u0169ng nh\u01b0 d\u00f9ng l\u00e0m t\u0103ng h\u01b0\u01a1ng v\u1ecb b\u00e9o ng\u1eady cho c\u00e1c m\u00f3n s\u00fap, l\u00e0m nama chocolate ho\u1eb7c truffle. \u0110\u1ed1i v\u1edbi whipping cream d\u1ea1ng b\u1ed9t, b\u1ea1n s\u1ebd gi\u1ea3i quy\u1ebft \u0111\u01b0\u1ee3c r\u1ea5t nhi\u1ec1u v\u1ea5n \u0111\u1ec1 trong qu\u00e1 tr\u00ecnh v\u1eadn chuy\u1ec3n v\u00e0 s\u1eed d\u1ee5ng.<\/p>\n<p><img decoding=\"async\" class=\"aligncenter\" src=\"http:\/\/chefjob.vn\/wp-content\/uploads\/2020\/07\/heavy-cream-la-gi.jpg\" alt=\"Heavy Cream L\u00e0 G\u00ec? Heavy Cream C\u00f3 G\u00ec Kh\u00e1c Whipping Cream?\" width=\"731\" height=\"488\" \/><\/p>\n<p>Ngo\u00e0i ra, whipping cream Ciel c\u00f2n c\u00f3 th\u1ec3 d\u00f9ng \u0111\u1ec3 n\u1ea5u c\u00e1c m\u00f3n \u0103n nh\u01b0 s\u00fap ho\u1eb7c tr\u1ed9n chung v\u1edbi tr\u00e1i c\u00e2y. B\u1ea1n c\u0169ng c\u00f3 th\u1ec3 d\u00f9ng kem s\u1eefa t\u01b0\u01a1i \u0111\u1ec3 l\u00e0m m\u1ed9t s\u1ed1 m\u00f3n \u0103n d\u1eb7m cho b\u00e9, t\u0103ng th\u00eam \u0111\u1ed9 ng\u1eady cho m\u00f3n \u0103n, gi\u00fap b\u00e9 th\u00eam ngon mi\u1ec7ng.<\/p>\n<p><img decoding=\"async\" class=\"wp-image-20987 aligncenter\" src=\"https:\/\/havamall.vn\/wp-content\/uploads\/2021\/07\/hgf\u1ef7t-300x300.png\" alt=\"\" width=\"733\" height=\"733\" srcset=\"https:\/\/havamall.vn\/wp-content\/uploads\/2021\/07\/hgf\u1ef7t-300x300.png 300w, https:\/\/havamall.vn\/wp-content\/uploads\/2021\/07\/hgf\u1ef7t-430x430.png 430w, https:\/\/havamall.vn\/wp-content\/uploads\/2021\/07\/hgf\u1ef7t-150x150.png 150w, https:\/\/havamall.vn\/wp-content\/uploads\/2021\/07\/hgf\u1ef7t-700x700.png 700w, https:\/\/havamall.vn\/wp-content\/uploads\/2021\/07\/hgf\u1ef7t-768x768.png 768w, https:\/\/havamall.vn\/wp-content\/uploads\/2021\/07\/hgf\u1ef7t-1024x1024.png 1024w, https:\/\/havamall.vn\/wp-content\/uploads\/2021\/07\/hgf\u1ef7t.png 1200w, https:\/\/havamall.vn\/wp-content\/uploads\/2021\/07\/hgf\u1ef7t-600x600.png 600w, https:\/\/havamall.vn\/wp-content\/uploads\/2021\/07\/hgf\u1ef7t-100x100.png 100w\" sizes=\"(max-width: 733px) 100vw, 733px\" \/><\/p>\n<p dir=\"ltr\">Whipping cream Ciel kh\u00f4 v\u1edbi c\u00e1c th\u00e0nh ph\u1ea7n t\u1ef1 nhi\u00ean, an to\u00e0n cho s\u1ee9c kh\u1ecfe s\u1ebd mang l\u1ea1i cho b\u1ea1n h\u01b0\u01a1ng v\u1ecb th\u01a1m ng\u1ecdt, ng\u1eady b\u00e9o kh\u00f4ng thua k\u00e9m kem t\u01b0\u01a1i kh\u00e1c. S\u1ea3n ph\u1ea9m c\u00f3 d\u1ea1ng b\u1ed9t \u0111\u01b0\u1ee3c xay nhuy\u1ec5n m\u1ecbn, c\u00f3 v\u1ecb b\u00e9o, th\u01a1m. B\u1ed9t whipping cream \u0111\u01b0\u1ee3c \u0111\u00f3ng g\u00f3i ch\u1eafc ch\u1eafn v\u1edbi kh\u1ed1i l\u01b0\u1ee3ng 100g r\u00e2\u0301t ti\u00ea\u0323n l\u01a1\u0323i trong vi\u00ea\u0323c s\u01b0\u0309 du\u0323ng, d\u00ea\u0303 ba\u0309o qua\u0309n.<\/p>\n<p dir=\"ltr\"><img loading=\"lazy\" decoding=\"async\" class=\"aligncenter\" src=\"https:\/\/havamall.vn\/wp-content\/uploads\/2021\/07\/Chocolate-Mousse-2-2.jpg\" alt=\"Chocolate Mousse - Live Well Bake Often\" width=\"732\" height=\"732\" \/><\/p>\n<h4><strong>\u00a0\u0110\u0103\u0323c \u0111i\u00ea\u0309m n\u00f4\u0309i b\u00e2\u0323t cu\u0309a sa\u0309n ph\u00e2\u0309m:<\/strong><\/h4>\n<p>\u2013 Sa\u0309n ph\u00e2\u0309m d\u00ea\u0303 da\u0300ng v\u00e2\u0323n chuy\u00ea\u0309n va\u0300\u00a0 ba\u0309o qua\u0309n, th\u01a1\u0300i ha\u0323n s\u01b0\u0309 du\u0323ng l\u00e2u h\u01a1n da\u0323ng whipping da\u0323ng lo\u0309ng<\/p>\n<p>\u2013 \u0110\u01b0\u01a1\u0323c \u0111o\u0301ng go\u0301i tu\u0301i l\u01a1\u0301n ti\u00ea\u0301t ki\u00ea\u0323m h\u01a1n \u0111a\u0309m ba\u0309o an toa\u0300n ch\u00e2\u0301t l\u01b0\u01a1\u0323ng, sa\u0309n ph\u00e2\u0309m \u0111\u01b0\u01a1\u0323c sa\u0309n xu\u00e2\u0301t ta\u0323i Malysia<\/p>\n<p>\u2013 H\u01b0\u01a1ng vi\u0323 th\u01a1m ngon, be\u0301o ng\u00e2\u0323y \u0111\u01b0\u01a1\u0323c s\u01b0\u0309 du\u0323ng la\u0300m kem trang tri\u0301 ba\u0301nh, pha tra\u0300 s\u01b0\u0303a, ca\u0301c mo\u0301n kem, n\u00e2\u0301u su\u0301p\u2026.<\/p>\n<p><img loading=\"lazy\" decoding=\"async\" class=\"wp-image-20988 aligncenter\" src=\"https:\/\/havamall.vn\/wp-content\/uploads\/2021\/07\/hrty-300x200.png\" alt=\"\" width=\"729\" height=\"486\" srcset=\"https:\/\/havamall.vn\/wp-content\/uploads\/2021\/07\/hrty-300x200.png 300w, https:\/\/havamall.vn\/wp-content\/uploads\/2021\/07\/hrty-430x287.png 430w, https:\/\/havamall.vn\/wp-content\/uploads\/2021\/07\/hrty-150x100.png 150w, https:\/\/havamall.vn\/wp-content\/uploads\/2021\/07\/hrty-700x467.png 700w, https:\/\/havamall.vn\/wp-content\/uploads\/2021\/07\/hrty-768x512.png 768w, https:\/\/havamall.vn\/wp-content\/uploads\/2021\/07\/hrty-1024x683.png 1024w, https:\/\/havamall.vn\/wp-content\/uploads\/2021\/07\/hrty-1200x800.png 1200w, https:\/\/havamall.vn\/wp-content\/uploads\/2021\/07\/hrty-600x400.png 600w, https:\/\/havamall.vn\/wp-content\/uploads\/2021\/07\/hrty.png 1500w\" sizes=\"(max-width: 729px) 100vw, 729px\" \/><\/p>\n<h4><strong>C\u00f4ng D\u1ee5ng c\u1ee7a b\u1ed9t whiping cream Ciel:<\/strong><\/h4>\n<p>&#8211; D\u00f9ng \u0111\u1ec3 l\u00e0m kem trang tr\u00ed m\u1eb7t b\u00e1nh (Khi \u0111\u00e1nh b\u00f4ng kem \u0111\u1ec3 ph\u1ee7 m\u1eb7t b\u00e1nh, b\u1ea1n c\u1ea7n cho th\u00eam \u0111\u01b0\u1eddng, gia gi\u1ea3m l\u01b0\u1ee3ng \u0111\u01b0\u1eddng t\u00f9y theo kh\u1ea9u v\u1ecb),<\/p>\n<p>\u2013 D\u00f9ng \u0111\u1ec3 l\u00e0m b\u00e1nh Mousse (1 lo\u1ea1i kh\u00f4ng d\u00f9ng l\u00f2 n\u01b0\u1edbng v\u00e0 l\u00e0m \u0111\u00f4ng b\u1eb1ng l\u00e1 gelatin)<\/p>\n<p>\u2013 L\u00e0m b\u00e1nh pudding, caramen, k\u1eb9o s\u00f4c\u00f4la t\u01b0\u01a1i (chocolate truffles), k\u1eb9o caramen<\/p>\n<p>\u2013 \u0110\u1eb7c bi\u1ec7t d\u00f9ng l\u00e0m nguy\u00ean li\u1ec7u cho m\u00f3n kem ng\u00e0y h\u00e8.<\/p>\n<p>\u2013 V\u00e0 nhi\u1ec1u m\u00f3n \u0103n kh\u00e1c<\/p>\n<p><img loading=\"lazy\" decoding=\"async\" class=\"aligncenter\" src=\"https:\/\/havamall.vn\/wp-content\/uploads\/2021\/07\/tra-sua33-1.jpg\" alt=\"Blog - 1s Coffee - C\u00e0 ph\u00ea th\u01b0\u1ee3ng h\u1ea1ng Vi\u1ec7t Nam\" width=\"726\" height=\"726\" \/><\/p>\n<h4><strong>C\u00e1ch s\u1eed d\u1ee5ng<\/strong><\/h4>\n<p>&#8211; Tr\u1ed9n b\u1ed9t whipping cream v\u1edbi n\u01b0\u1edbc \u0111\u1ec3 l\u1ea1nh<\/p>\n<p>&#8211; D\u00f9ng m\u00e1y \u0111\u00e1nh tr\u1ee9ng \u0111\u00e1nh trong kho\u1ea3ng 5-10 ph\u00fat cho \u0111\u1ebfn khi h\u1ed7n h\u1ee3p b\u00f4ng l\u00ean<\/p>\n<p>&#8211; B\u00f4\u0323t s\u1eefa \u0111\u01b0\u1ee3c d\u00f9ng tr\u00ean n\u01b0\u1edbc u\u1ed1ng v\u00e0 ph\u1ea7n c\u00f2n l\u1ea1i d\u01b0 b\u1ea3o qu\u1ea3n trong t\u1ee7 l\u1ea1nh .<\/p>\n<p><img loading=\"lazy\" decoding=\"async\" class=\"aligncenter\" src=\"https:\/\/havamall.vn\/wp-content\/uploads\/2021\/07\/strawberry-cupcakes-with-fresh-strawberry-buttercream-fb-ig-4-scaled.jpg\" alt=\"Strawberry Cupcakes with Fresh Strawberry Buttercream - The Busy Baker\" width=\"723\" height=\"723\" \/><\/p>\n<p>S\u1ea3n ph\u1ea9m hi\u1ec7n \u0111\u00e3 c\u00f3 m\u1eb7t t\u1ea1i Havamall.<\/p>","protected":false},"excerpt":{"rendered":"<p>Whipping cream l\u00e0 m\u1ed9t nguy\u00ean li\u1ec7u r\u1ea5t quen thu\u1ed9c m\u00e0 ch\u00fang ta th\u01b0\u1eddng g\u1eb7p trong c\u00e1c m\u00f3n ng\u1ecdt nh\u01b0 b\u00e1nh<\/p>","protected":false},"featured_media":25220,"comment_status":"open","ping_status":"closed","template":"","meta":[],"product_brand":[],"product_cat":[36,135],"product_tag":[],"class_list":{"0":"post-20983","1":"product","2":"type-product","3":"status-publish","4":"has-post-thumbnail","6":"product_cat-thuc-pham-tieu-dung","7":"product_cat-sua-do-uong","8":"pa_brand-ciel","10":"first","11":"instock","12":"sale","13":"shipping-taxable","14":"purchasable","15":"product-type-simple"},"_links":{"self":[{"href":"https:\/\/havamall.vn\/en\/wp-json\/wp\/v2\/product\/20983"}],"collection":[{"href":"https:\/\/havamall.vn\/en\/wp-json\/wp\/v2\/product"}],"about":[{"href":"https:\/\/havamall.vn\/en\/wp-json\/wp\/v2\/types\/product"}],"replies":[{"embeddable":true,"href":"https:\/\/havamall.vn\/en\/wp-json\/wp\/v2\/comments?post=20983"}],"version-history":[{"count":0,"href":"https:\/\/havamall.vn\/en\/wp-json\/wp\/v2\/product\/20983\/revisions"}],"wp:featuredmedia":[{"embeddable":true,"href":"https:\/\/havamall.vn\/en\/wp-json\/wp\/v2\/media\/25220"}],"wp:attachment":[{"href":"https:\/\/havamall.vn\/en\/wp-json\/wp\/v2\/media?parent=20983"}],"wp:term":[{"taxonomy":"product_brand","embeddable":true,"href":"https:\/\/havamall.vn\/en\/wp-json\/wp\/v2\/product_brand?post=20983"},{"taxonomy":"product_cat","embeddable":true,"href":"https:\/\/havamall.vn\/en\/wp-json\/wp\/v2\/product_cat?post=20983"},{"taxonomy":"product_tag","embeddable":true,"href":"https:\/\/havamall.vn\/en\/wp-json\/wp\/v2\/product_tag?post=20983"}],"curies":[{"name":"wp","href":"https:\/\/api.w.org\/{rel}","templated":true}]}}