{"id":20980,"date":"2021-07-28T10:52:01","date_gmt":"2021-07-28T03:52:01","guid":{"rendered":"https:\/\/havamall.vn\/?post_type=product&#038;p=20980"},"modified":"2022-05-10T09:51:18","modified_gmt":"2022-05-10T02:51:18","slug":"dung-cj-nuong-banh-cay-vet-bot-sieu-ben-uncle-bills","status":"publish","type":"product","link":"https:\/\/havamall.vn\/en\/shop\/dung-cj-nuong-banh-cay-vet-bot-sieu-ben-uncle-bills\/","title":{"rendered":"D\u1ee5ng C\u1ee5 N\u01b0\u1edbng B\u00e1nh C\u00e2y V\u00e9t B\u1ed9t Si\u00eau B\u1ec1n Uncle Bills"},"content":{"rendered":"<p>Uncle Bills (UBL) cung c\u1ea5p h\u01a1n 1800 s\u1ea3n ph\u1ea9m ti\u00eau d\u00f9ng ti\u1ec7n \u00edch, t\u1ea5t c\u1ea3 \u0111\u1ec1u h\u1ea5p d\u1eabn, ti\u1ec7n l\u1ee3i v\u00e0 gi\u00e1 tr\u1ecb n\u1ed5i b\u1eadt x\u1ee9ng v\u1edbi s\u1ed1 ti\u1ec1n b\u1ecf ra. S\u1ea3n ph\u1ea9m bao g\u1ed3m nhi\u1ec1u lo\u1ea1i, t\u1eeb \u0111\u1ed3 d\u00f9ng nh\u00e0 b\u1ebfp, ch\u0103m s\u00f3c c\u00e1 nh\u00e2n, v\u1ec7 sinh v\u00e0 l\u01b0u tr\u1eef, d\u1ee5ng c\u1ee5 DIY (t\u1ef1 l\u00e0m), ngo\u00e0i tr\u1eddi, v\u0103n ph\u00f2ng ph\u1ea9m v\u00e0 \u0111\u1ed3 d\u00f9ng cho tr\u1ebb em.<\/p>\n<p>S\u1ea3n ph\u1ea9m c\u1ee7a UBL do Uncle Bills Australia ph\u00e1t tri\u1ec3n, gi\u00e1m s\u00e1t v\u00e0 ki\u1ec3m tra ch\u1ea5t l\u01b0\u1ee3ng. S\u1ea3n ph\u1ea9m \u0111\u00e3 \u0111\u01b0\u1ee3c b\u00e1n t\u1ea1i h\u01a1n 10,000 c\u1eeda h\u00e0ng tr\u00ean h\u01a1n 50 qu\u1ed1c gia, bao g\u1ed3m Ch\u00e2u \u00c2u, Ch\u00e2u \u00dac, Ch\u00e2u \u00c1 v\u00e0 Ch\u00e2u Phi.<\/p>\n<p><img fetchpriority=\"high\" decoding=\"async\" class=\"aligncenter\" src=\"https:\/\/cf.shopee.vn\/file\/f6797de1ee745a2dc0d45cb02727d617\" alt=\"T\u00fai \u0110\u1ef1ng R\u00e1c Th\u00fa C\u01b0ng T\u1ef1 Ph\u00e2n H\u1ee7y Uncle Bills PA3372 | Shopee Vi\u1ec7t Nam\" width=\"584\" height=\"584\" \/><\/p>\n<p><span style=\"font-weight: 400\">D\u1ee5ng c\u1ee5 n\u01b0\u1edbng b\u00e1nh c\u00e2y v\u00e9t b\u1ed9t Uncle Bills \u0111\u01b0\u1ee3c l\u00e0m t\u1eeb ch\u1ea5t li\u1ec7u b\u1eb1ng silicon cao c\u1ea5p \u0111\u1ea3m b\u1ea3o an to\u00e0n, ch\u1ed1ng n\u00f3ng v\u00e0 c\u00f3 \u0111\u1ed9 b\u1ec1n d\u00e0i l\u00e2u. T\u1eeb nay vi\u1ec7c l\u00e0m b\u00e1nh s\u1ebd tr\u1edf n\u00ean d\u1ec5 d\u00e0ng h\u01a1n bao gi\u1edd h\u1ebft.\u00a0<\/span><\/p>\n<p>L\u00e0 m\u1ed9t d\u1ee5ng c\u1ee5 c\u01a1 b\u1ea3n trong qu\u00e1 tr\u00ecnh t\u1ea1o n\u00ean l\u1edbp b\u1ed9t b\u00e1nh nh\u01b0 \u00fd, c\u00e2y v\u00e9t b\u1ed9t Uncle Bills s\u1ebd khi\u1ebfn b\u1ea1n h\u00e0i l\u00f2ng khi c\u00f3 th\u1ec3 c\u1ea7m v\u1eeba v\u1eb7n tr\u00ean tay v\u00e0 th\u1ef1c hi\u1ec7n c\u00e1c thao t\u00e1c nh\u00e0o b\u1ed9t nhanh h\u01a1n v\u00e0 v\u00e9t b\u1ed9t \u0111\u01b0\u1ee3c g\u1ecdn h\u01a1n.<\/p>\n<p><span style=\"font-weight: 400\">D\u1ee5ng c\u1ee5 \u0111\u01b0\u1ee3c l\u00e0m ho\u00e0n to\u00e0n t\u1eeb silicon cao c\u1ea5p, tuy\u1ec7t \u0111\u1ed1i an to\u00e0n cho s\u1ee9c kh\u1ecfe ng\u01b0\u1eddi s\u1eed d\u1ee5ng. \u0110\u1eb7c bi\u1ec7t ch\u1ea5t li\u1ec7u silicon b\u1ec1n \u0111\u1eb9p v\u1edbi th\u1eddi gian, ch\u1ecbu \u0111\u01b0\u1ee3c nhi\u1ec7t \u0111\u1ed9 t\u1ed1t. S\u1ea3n ph\u1ea9m c\u00f2n c\u00f3 t\u00ednh n\u0103ng ch\u1ecbu d\u1ea7u v\u00e0 n\u01b0\u1edbc r\u1ea5t t\u1ed1t, d\u1ec5 d\u00e0ng v\u1ec7 sinh, ch\u1ec9 c\u1ea7n r\u1eeda s\u1ea1ch l\u00e0 c\u00f3 th\u1ec3 s\u1eed d\u1ee5ng l\u1ea1i.<\/span><\/p>\n<p><span style=\"font-weight: 400\"> <img decoding=\"async\" class=\"aligncenter\" src=\"https:\/\/havamall.vn\/wp-content\/uploads\/2021\/07\/155f161d804eadde8e2d01e3851b7d8b.jpg_1200x1200q80.jpg_.webp\" alt=\"B\u1ed9 3 D\u1ee5ng c\u1ee5 l\u00e0m b\u00e1nh b\u1eb1ng Silicon UBL KA0160 ch\u00ednh h\u00e3ng s\u1eed d\u1ee5ng r\u1ea5t b\u1ec1n | Lazada.vn\" width=\"707\" height=\"471\" \/><\/span><\/p>\n<p>C\u00e2y v\u00e9t b\u1ed9t Uncle Bills hay c\u00f2n g\u1ecdi l\u00e0 spatula \u0111\u01b0\u1ee3c l\u00e0m b\u1eb1ng silicon nguy\u00ean ch\u1ea5t kh\u00f4ng m\u00f9i, kh\u00f4ng \u0111\u1ed9c h\u1ea1i, kh\u00f4ng phai v\u00e0 ch\u1ecbu \u0111\u01b0\u1ee3c nhi\u1ec7t \u0111\u1ed9 cao. \u0110\u00e2y l\u00e0 d\u1ee5ng c\u1ee5 kh\u00f4ng th\u1ec3 thi\u1ebfu khi l\u00e0m b\u00e1nh, v\u00e9t b\u1ed9t silicone thi\u1ebft k\u1ebf nh\u1ecf g\u1ecdn m\u1ec1m m\u1ea1i d\u1ebbo dai r\u1ea5t d\u1ec5 khi thao t\u00e1c.<\/p>\n<p><img decoding=\"async\" class=\"aligncenter\" src=\"https:\/\/cf.shopee.vn\/file\/ccc9b03f6fbc498f0b2fff77bc4d9fee\" alt=\"Review c\u00e2y tr\u1ed9n b\u1ed9t silicon uncle bills ka0160 25cm | Canhsale.net\" width=\"698\" height=\"698\" \/><\/p>\n<p>Thi\u1ebft k\u1ebf v\u1eeba tay c\u1ea7m kh\u00f4ng g\u00e2y m\u1ecfi tay khi s\u1eed d\u1ee5ng. Ch\u1ea5t li\u1ec7u silicon v\u00f4 c\u00f9ng d\u1ec5 lau r\u1eeda, b\u1ec1 m\u1eb7t kh\u00f4ng c\u00f3 c\u00e1c \u0111\u01b0\u1eddng v\u00e2n, kh\u1edbp n\u1ed1i n\u00ean ch\u1ec9 c\u1ea7n x\u1ed1i n\u01b0\u1edbc b\u1ed9t s\u1ebd tr\u00f4i m\u1ea5t kh\u00f4ng m\u1ea5t c\u00f4ng c\u1ecd r\u1eeda. C\u1ea3 chi\u1ebfc ph\u1edbi l\u00e0 m\u1ed9t kh\u1ed1i li\u1ec1n nguy\u00ean kh\u1ed1i r\u1ea5t d\u1ebbo dai, c\u1ee9ng ch\u1eafc v\u00e0 c\u1ea7m ch\u1eafc tay n\u00ean c\u00f3 th\u1ec3 tr\u1ed9n \u0111\u01b0\u1ee3c c\u00e1c lo\u1ea1i b\u1ed9t c\u1ee9ng nh\u01b0 b\u1ed9t b\u00e1nh n\u01b0\u1edbng, dai nh\u01b0 b\u1ed9t b\u00e1nh d\u1ebbo, b\u1ed9t ng\u00e0n l\u1edbp\u2026 m\u00e0 kh\u00f4ng lo b\u1ecb \u0111\u1ee9t g\u00e3y. Ph\u1edbi v\u00e9t b\u1ed9t Uncle Bills \u0111\u01b0\u1ee3c thi\u1ebft k\u1ebf c\u00f3 l\u1ed7 tr\u00f2n \u1edf th\u00e2n \u0111\u1ec3 treo l\u00ean sau m\u1ed7i l\u1ea7n s\u1eed d\u1ee5ng.<\/p>\n<p><img loading=\"lazy\" decoding=\"async\" class=\"aligncenter\" src=\"https:\/\/havamall.vn\/wp-content\/uploads\/2021\/05\/cac-dia-chi-cua-hang-ban-dung-cu-va-nguyen-vat-lieu-lam-banh-o-vung-tau%202.jpg\" alt=\"\u0110\u1ecba Ch\u1ec9 B\u00e1n D\u1ee5ng C\u1ee5 V\u00e0 Nguy\u00ean Li\u1ec7u L\u00e0m B\u00e1nh \u1ede V\u0169ng T\u00e0u | Cooky.vn\" width=\"709\" height=\"399\" \/><\/p>\n<p><span style=\"font-weight: 400\">Tr\u1ecdng l\u01b0\u1ee3ng nh\u1eb9 v\u00e0 k\u00edch th\u01b0\u1edbc nh\u1ecf D\u1ec5 mang theo thu\u1eadn ti\u1ec7n khi s\u1eed d\u1ee5ng v\u00e0 v\u1ec7 sinh b\u1ec1n v\u00e0 thi\u1ebft th\u1ef1c \u0111\u01b0\u1ee3c l\u00e0m t\u1eeb silicone c\u1ea5p th\u1ef1c ph\u1ea9m C\u00f4ng c\u1ee5 tuy\u1ec7t v\u1eddi cho l\u00e0m b\u00e1nh.<\/span><\/p>\n<h4><strong>\u0110\u1eb7c \u0111i\u1ec3m c\u1ee7a s\u1ea3n ph\u1ea9m:<\/strong><\/h4>\n<p><span style=\"font-weight: 400\">&#8211; Ch\u1ea5t li\u1ec7u silicon an to\u00e0n. Ch\u1ecbu \u0111\u01b0\u1ee3c nhi\u1ec7t \u0111\u1ed9 cao r\u1ea5t t\u1ed1t.Thi\u1ebft k\u1ebf \u0111\u1eb9p, m\u00e0u s\u1eafc b\u1eaft m\u1eaft, s\u1eed d\u1ee5ng b\u1ec1n.<\/span><\/p>\n<p><span style=\"font-weight: 400\">&#8211; K\u00edch th\u01b0\u1edbc: d\u00e0i 25cm, tay c\u1ea7m d\u00e0y, ch\u1eafc ch\u1eafn cho thao t\u00e1c d\u1ec5 d\u00e0ng.<\/span><\/p>\n<p><span style=\"font-weight: 400\">&#8211; C\u00f3 m\u00f3c treo, d\u1ec5 d\u00e0ng v\u1ec7 sinh.<\/span><\/p>\n<p><span style=\"font-weight: 400\">&#8211; Thi\u1ebft k\u1ebf nh\u1ecf g\u1ecdn, d\u1ec5 s\u1eed d\u1ee5ng<\/span><\/p>\n<p><span style=\"font-weight: 400\">&#8211; Thi\u1ebft k\u1ebf nh\u1ecf g\u1ecdn, ti\u1ec7n d\u1ee5ng, kh\u00f4ng chi\u1ebfm nhi\u1ec1u kh\u00f4ng gian trong b\u1ebfp.<\/span><\/p>\n<p>S\u1ea3n ph\u1ea9m \u0111\u00e3 c\u00f3 m\u1eb7t t\u1ea1i Havamall.<\/p>","protected":false},"excerpt":{"rendered":"<p>Uncle Bills (UBL) cung c\u1ea5p h\u01a1n 1800 s\u1ea3n ph\u1ea9m ti\u00eau d\u00f9ng ti\u1ec7n \u00edch, t\u1ea5t c\u1ea3 \u0111\u1ec1u h\u1ea5p d\u1eabn, ti\u1ec7n l\u1ee3i<\/p>","protected":false},"featured_media":21708,"comment_status":"open","ping_status":"closed","template":"","meta":[],"product_brand":[],"product_cat":[393,255,35],"product_tag":[],"class_list":{"0":"post-20980","1":"product","2":"type-product","3":"status-publish","4":"has-post-thumbnail","6":"product_cat-bep-phong-an","7":"product_cat-nguyen-lieu-lam-banh","8":"product_cat-nha-cua-doi-song","9":"pa_brand-uncle-bills","11":"first","12":"instock","13":"sale","14":"shipping-taxable","15":"purchasable","16":"product-type-simple"},"_links":{"self":[{"href":"https:\/\/havamall.vn\/en\/wp-json\/wp\/v2\/product\/20980"}],"collection":[{"href":"https:\/\/havamall.vn\/en\/wp-json\/wp\/v2\/product"}],"about":[{"href":"https:\/\/havamall.vn\/en\/wp-json\/wp\/v2\/types\/product"}],"replies":[{"embeddable":true,"href":"https:\/\/havamall.vn\/en\/wp-json\/wp\/v2\/comments?post=20980"}],"version-history":[{"count":0,"href":"https:\/\/havamall.vn\/en\/wp-json\/wp\/v2\/product\/20980\/revisions"}],"wp:featuredmedia":[{"embeddable":true,"href":"https:\/\/havamall.vn\/en\/wp-json\/wp\/v2\/media\/21708"}],"wp:attachment":[{"href":"https:\/\/havamall.vn\/en\/wp-json\/wp\/v2\/media?parent=20980"}],"wp:term":[{"taxonomy":"product_brand","embeddable":true,"href":"https:\/\/havamall.vn\/en\/wp-json\/wp\/v2\/product_brand?post=20980"},{"taxonomy":"product_cat","embeddable":true,"href":"https:\/\/havamall.vn\/en\/wp-json\/wp\/v2\/product_cat?post=20980"},{"taxonomy":"product_tag","embeddable":true,"href":"https:\/\/havamall.vn\/en\/wp-json\/wp\/v2\/product_tag?post=20980"}],"curies":[{"name":"wp","href":"https:\/\/api.w.org\/{rel}","templated":true}]}}