{"id":20971,"date":"2021-07-28T10:09:58","date_gmt":"2021-07-28T03:09:58","guid":{"rendered":"https:\/\/havamall.vn\/?post_type=product&#038;p=20971"},"modified":"2022-05-23T17:34:55","modified_gmt":"2022-05-23T10:34:55","slug":"nuoc-sot-me-rang-kewpie-roasted-sesame-sauce-180ml","status":"publish","type":"product","link":"https:\/\/havamall.vn\/en\/shop\/nuoc-sot-me-rang-kewpie-roasted-sesame-sauce-180ml\/","title":{"rendered":"N\u01b0\u1edbc S\u1ed1t M\u00e8 Rang &#8211; Kewpie Roasted Sesame Sauce 180ml"},"content":{"rendered":"<h3><strong>TH\u00d4NG TIN S\u1ea2N PH\u1ea8M<\/strong><\/h3>\n<table>\n<tbody>\n<tr>\n<td>Th\u01b0\u01a1ng hi\u1ec7u<\/td>\n<td>Kewpie<\/td>\n<\/tr>\n<tr>\n<td>Xu\u1ea5t x\u1ee9<\/td>\n<td>Vi\u1ec7t Nam<\/td>\n<\/tr>\n<tr>\n<td>Th\u00e0nh ph\u1ea7n<\/td>\n<td>N\u01b0\u1edbc, d\u1ea7u \u0111\u1eadu n\u00e0nh, m\u00e8, \u0111\u01b0\u1eddng, tr\u1ee9ng g\u00e0,&#8230;<\/td>\n<\/tr>\n<tr>\n<td>H\u1ea1n s\u1eed d\u1ee5ng<\/td>\n<td>10 th\u00e1ng k\u1ec3 t\u1eeb ng\u00e0y s\u1ea3n xu\u1ea5t.<\/td>\n<\/tr>\n<tr>\n<td>B\u1ea3o qu\u1ea3n<\/td>\n<td>\u0110\u1ec3 n\u01a1i kh\u00f4 r\u00e1o, tho\u00e1ng m\u00e1t, tr\u00e1nh \u00e1nh n\u1eafng tr\u1ef1c ti\u1ebfp, \u0111\u1eady k\u00edn sau khi s\u1eed d\u1ee5ng<\/td>\n<\/tr>\n<tr>\n<td>Kh\u1ed1i l\u01b0\u1ee3ng t\u1ecbnh<\/td>\n<td>180ml<\/td>\n<\/tr>\n<\/tbody>\n<\/table>\n<p>C\u00f4ng ty th\u1ef1c ph\u1ea9m Kewpie \u0111\u01b0\u1ee3c s\u00e1ng l\u1eadp b\u1edfi \u00d4ng Nakashima Touichiro v\u00e0o n\u0103m 1919 t\u1ea1i Nh\u1eadt B\u1ea3n. V\u1edbi s\u1ea3n ph\u1ea9m ch\u1ee7 l\u1ef1c l\u00e0 s\u1ed1t Mayonnaise, c\u00f9ng v\u1edbi nh\u00e3n hi\u1ec7u h\u00ecnh \u1ea3nh b\u00fap b\u00ea Kewpie \u0111\u00e3 nhanh ch\u00f3ng \u0111\u01b0\u1ee3c \u01b0a chu\u1ed9ng v\u00e0 ph\u00e1t tri\u1ec3n cho \u0111\u1ebfn ng\u00e0y nay.<\/p>\n<p>N\u01b0\u1edbc x\u1ed1t Kewpie m\u00e8 rang ra \u0111\u1eddi t\u1ea1i Nh\u1eadt ch\u1ec9 trong kho\u1ea3ng th\u1eddi gian ng\u1eafn \u0111\u00e3 chi\u1ebfm gi\u1eef v\u1ecb tr\u00ed d\u1eabn \u0111\u1ea7u trong th\u1ecb tr\u01b0\u1eddng n\u01b0\u1edbc x\u1ed1t t\u1ea1i \u0111\u1ea5t n\u01b0\u1edbc \u201choa anh \u0111\u00e0o\u201d n\u00e0y v\u00ec h\u01b0\u01a1ng v\u1ecb th\u01a1m ngon kh\u00e1c bi\u1ec7t. Ri\u00eang t\u1ea1i Vi\u1ec7t Nam lo\u1ea1i x\u1ed1t n\u00e0y \u0111\u01b0\u1ee3c r\u1ea5t nhi\u1ec1u ng\u01b0\u1eddi y\u00eau th\u00edch v\u00e0 c\u0169ng l\u00e0 s\u1ea3n ph\u1ea9m b\u00e1n ch\u1ea1y nh\u1ea5t c\u1ee7a Kewpie Vi\u1ec7t Nam.<\/p>\n<p><img fetchpriority=\"high\" decoding=\"async\" class=\"wp-image-20975 aligncenter\" src=\"https:\/\/havamall.vn\/wp-content\/uploads\/2021\/07\/yue5t-300x300.png\" alt=\"\" width=\"765\" height=\"765\" srcset=\"https:\/\/havamall.vn\/wp-content\/uploads\/2021\/07\/yue5t-300x300.png 300w, https:\/\/havamall.vn\/wp-content\/uploads\/2021\/07\/yue5t-430x430.png 430w, https:\/\/havamall.vn\/wp-content\/uploads\/2021\/07\/yue5t-150x150.png 150w, https:\/\/havamall.vn\/wp-content\/uploads\/2021\/07\/yue5t-700x700.png 700w, https:\/\/havamall.vn\/wp-content\/uploads\/2021\/07\/yue5t-768x768.png 768w, https:\/\/havamall.vn\/wp-content\/uploads\/2021\/07\/yue5t-1024x1024.png 1024w, https:\/\/havamall.vn\/wp-content\/uploads\/2021\/07\/yue5t.png 1200w, https:\/\/havamall.vn\/wp-content\/uploads\/2021\/07\/yue5t-600x600.png 600w, https:\/\/havamall.vn\/wp-content\/uploads\/2021\/07\/yue5t-100x100.png 100w\" sizes=\"(max-width: 765px) 100vw, 765px\" \/><\/p>\n<p>N\u01b0\u1edbc S\u1ed1t M\u00e8 Rang l\u00e0 lo\u1ea1i s\u1ed1t \u0111\u1eb7c bi\u1ec7t c\u00f3 h\u01b0\u01a1ng v\u1ecb \u0111\u1eadm \u0111\u00e0, th\u01a1m l\u1eebng, \u0111\u1eb7c tr\u01b0ng c\u1ee7a m\u00e8 rang. V\u1edbi h\u01b0\u01a1ng v\u1ecb nh\u1eb9 nh\u00e0ng v\u00e0 d\u1ea1ng kem h\u1ea5p d\u1eabn, lo\u1ea1i s\u1ed1t n\u00e0y kh\u00f4ng ch\u1ec9 l\u00e0 s\u1ef1 k\u1ebft h\u1ee3p ho\u00e0n h\u1ea3o cho c\u00e1c m\u00f3n salad m\u00e0 c\u00f2n l\u00e0 n\u01b0\u1edbc ch\u1ea5m tuy\u1ec7t v\u1eddi cho m\u00f3n g\u1ecfi cu\u1ed1n v\u00e0 th\u1ecbt lu\u1ed9c.<\/p>\n<p><img decoding=\"async\" class=\"wp-image-20976 aligncenter\" src=\"https:\/\/havamall.vn\/wp-content\/uploads\/2021\/07\/uyy6t-300x154.png\" alt=\"\" width=\"763\" height=\"392\" srcset=\"https:\/\/havamall.vn\/wp-content\/uploads\/2021\/07\/uyy6t-300x154.png 300w, https:\/\/havamall.vn\/wp-content\/uploads\/2021\/07\/uyy6t-430x221.png 430w, https:\/\/havamall.vn\/wp-content\/uploads\/2021\/07\/uyy6t-150x77.png 150w, https:\/\/havamall.vn\/wp-content\/uploads\/2021\/07\/uyy6t-700x360.png 700w, https:\/\/havamall.vn\/wp-content\/uploads\/2021\/07\/uyy6t-768x395.png 768w, https:\/\/havamall.vn\/wp-content\/uploads\/2021\/07\/uyy6t-1024x527.png 1024w, https:\/\/havamall.vn\/wp-content\/uploads\/2021\/07\/uyy6t-1200x617.png 1200w, https:\/\/havamall.vn\/wp-content\/uploads\/2021\/07\/uyy6t-600x309.png 600w\" sizes=\"(max-width: 763px) 100vw, 763px\" \/><\/p>\n<p>S\u1ea3n ph\u1ea9m \u0111\u01b0\u1ee3c l\u00e0m t\u1eeb ngu\u1ed3n nguy\u00ean li\u1ec7u s\u1ea1ch v\u00e0 an to\u00e0n, \u0111\u00e3 qua qu\u00e1 tr\u00ecnh ki\u1ec3m duy\u1ec7t k\u1ef9 l\u01b0\u1ee1ng. S\u1ed1t ho\u00e0n to\u00e0n kh\u00f4ng ch\u1ee9a ch\u1ea5t b\u1ea3o qu\u1ea3n hay ch\u1ea5t t\u1ea1o m\u00e0u g\u00e2y h\u1ea1i cho ng\u01b0\u1eddi d\u00f9ng. N\u01b0\u1edbc s\u1ed1t \u0111\u01b0\u1ee3c ch\u1ebf bi\u1ebfn tr\u00ean d\u00e2y chuy\u1ec1n c\u00f4ng ngh\u1ec7 hi\u1ec7n \u0111\u1ea1i, h\u1ee3p v\u1ec7 sinh. Quy tr\u00ecnh ch\u1ebf bi\u1ebfn \u0111\u01b0\u1ee3c s\u1ef1 gi\u00e1m s\u00e1t c\u1ee7a c\u00e1c chuy\u00ean gia uy t\u00edn \u0111\u1ec3 \u0111\u1ea3m b\u1ea3o \u0111\u01b0\u1ee3c ch\u1ea5t l\u01b0\u1ee3ng v\u00e0 \u0111\u1ed9 v\u1ec7 sinh an to\u00e0n c\u1ee7a s\u1ea3n ph\u1ea9m.<\/p>\n<p><img decoding=\"async\" class=\"wp-image-20977 aligncenter\" src=\"https:\/\/havamall.vn\/wp-content\/uploads\/2021\/07\/hjyh-300x300.png\" alt=\"\" width=\"751\" height=\"751\" srcset=\"https:\/\/havamall.vn\/wp-content\/uploads\/2021\/07\/hjyh-300x300.png 300w, https:\/\/havamall.vn\/wp-content\/uploads\/2021\/07\/hjyh-430x430.png 430w, https:\/\/havamall.vn\/wp-content\/uploads\/2021\/07\/hjyh-150x150.png 150w, https:\/\/havamall.vn\/wp-content\/uploads\/2021\/07\/hjyh-700x700.png 700w, https:\/\/havamall.vn\/wp-content\/uploads\/2021\/07\/hjyh-768x768.png 768w, https:\/\/havamall.vn\/wp-content\/uploads\/2021\/07\/hjyh-1024x1024.png 1024w, https:\/\/havamall.vn\/wp-content\/uploads\/2021\/07\/hjyh-1200x1200.png 1200w, https:\/\/havamall.vn\/wp-content\/uploads\/2021\/07\/hjyh-600x600.png 600w, https:\/\/havamall.vn\/wp-content\/uploads\/2021\/07\/hjyh-100x100.png 100w, https:\/\/havamall.vn\/wp-content\/uploads\/2021\/07\/hjyh.png 1551w\" sizes=\"(max-width: 751px) 100vw, 751px\" \/><\/p>\n<p>N\u01b0\u1edbc ch\u1ea5m m\u00e8 rang Kewpie\u00a0c\u00f3 h\u01b0\u01a1ng v\u1ecb \u0111\u1eb7c tr\u01b0ng\u00a0\u0111\u1ebfn t\u1eeb s\u1ef1 k\u1ebft h\u1ee3p h\u00e0i h\u00f2a gi\u1eefa c\u00e1c lo\u1ea1i gia v\u1ecb, s\u1ea3n ph\u1ea9m l\u00e0\u00a0n\u01b0\u1edbc ch\u1ea5m kh\u00f4ng th\u1ec3 thi\u1ebfu cho c\u00e1c m\u00f3n g\u00e0 chi\u00ean gi\u00f2n, g\u00e0 h\u1ea5p v\u00e0 c\u00e1c m\u00f3n g\u1ecfi tr\u1ed9n, salad&#8230;\u00a0S\u1ea3n ph\u1ea9m \u0111\u01b0\u1ee3c l\u00e0m t\u1eeb ngu\u1ed3n nguy\u00ean li\u1ec7u s\u1ea1ch v\u00e0 an to\u00e0n, \u0111\u00e3 qua qu\u00e1 tr\u00ecnh ki\u1ec3m duy\u1ec7t k\u1ef9 l\u01b0\u1ee1ng \u0111\u1ea3m b\u1ea3o v\u1ec7 sinh an to\u00e0n th\u1ef1c ph\u1ea9m.<\/p>\n<p><img loading=\"lazy\" decoding=\"async\" class=\"wp-image-20978 aligncenter\" src=\"https:\/\/havamall.vn\/wp-content\/uploads\/2021\/07\/23244383_1304512206327029_7-300x300.jpg\" alt=\"\" width=\"743\" height=\"743\" srcset=\"https:\/\/havamall.vn\/wp-content\/uploads\/2021\/07\/23244383_1304512206327029_7-300x300.jpg 300w, https:\/\/havamall.vn\/wp-content\/uploads\/2021\/07\/23244383_1304512206327029_7-430x430.jpg 430w, https:\/\/havamall.vn\/wp-content\/uploads\/2021\/07\/23244383_1304512206327029_7-150x150.jpg 150w, https:\/\/havamall.vn\/wp-content\/uploads\/2021\/07\/23244383_1304512206327029_7-700x700.jpg 700w, https:\/\/havamall.vn\/wp-content\/uploads\/2021\/07\/23244383_1304512206327029_7-768x768.jpg 768w, https:\/\/havamall.vn\/wp-content\/uploads\/2021\/07\/23244383_1304512206327029_7-600x600.jpg 600w, https:\/\/havamall.vn\/wp-content\/uploads\/2021\/07\/23244383_1304512206327029_7-100x100.jpg 100w, https:\/\/havamall.vn\/wp-content\/uploads\/2021\/07\/23244383_1304512206327029_7.jpg 960w\" sizes=\"(max-width: 743px) 100vw, 743px\" \/><\/p>\n<p>\u0110\u01b0\u1ee3c s\u1ea3n xu\u1ea5t theo m\u1ed9t quy tr\u00ecnh \u0111\u1eb7c bi\u1ec7t t\u1eeb l\u00fac m\u00e8 v\u1eeba \u0111\u01b0\u1ee3c rang n\u00f3ng, n\u01b0\u1edbc x\u1ed1t Kewpie gi\u1eef \u0111\u01b0\u1ee3c v\u1ecb \u0111\u1eb7c bi\u1ec7t th\u01a1m ngon tr\u1ecdn v\u1eb9n. Nh\u1edd v\u00e0o h\u01b0\u01a1ng v\u1ecb th\u01a1m l\u1eebng v\u00e0 c\u00f3 kh\u1ea3 n\u0103ng k\u1ebft h\u1ee3p v\u1edbi nhi\u1ec1u lo\u1ea1i m\u00f3n \u0103n kh\u00e1c nhau, Kewpie lu\u00f4n l\u00e0 s\u1ef1 l\u1ef1a ch\u1ecdn h\u00e0ng \u0111\u1ea7u trong m\u1ecdi b\u1eefa c\u01a1m gia \u0111\u00ecnh.<\/p>\n<p>N\u01b0\u1edbc ch\u1ea5m m\u00e8 rang Kewpie 180ml \u0111\u01b0\u1ee3c \u0111\u00f3ng chai nh\u1ecf g\u1ecdn, ti\u1ec7n l\u1ee3i cho b\u1ea1n s\u1eed d\u1ee5ng c\u0169ng nh\u01b0 b\u1ea3o qu\u1ea3n.\u00a0S\u1ea3n ph\u1ea9m do Havamall ph\u00e2n ph\u1ed1i lu\u00f4n mang \u0111\u1ebfn ch\u1ea5t l\u01b0\u1ee3ng\u00a0t\u1ed1t nh\u1ea5t cho ng\u01b0\u1eddi ti\u00eau d\u00f9ng.<\/p>\n<p><img loading=\"lazy\" decoding=\"async\" class=\"wp-image-20979 aligncenter\" src=\"https:\/\/havamall.vn\/wp-content\/uploads\/2021\/07\/ythfg-300x223.png\" alt=\"\" width=\"733\" height=\"545\" srcset=\"https:\/\/havamall.vn\/wp-content\/uploads\/2021\/07\/ythfg-300x223.png 300w, https:\/\/havamall.vn\/wp-content\/uploads\/2021\/07\/ythfg-430x320.png 430w, https:\/\/havamall.vn\/wp-content\/uploads\/2021\/07\/ythfg-150x112.png 150w, https:\/\/havamall.vn\/wp-content\/uploads\/2021\/07\/ythfg-700x521.png 700w, https:\/\/havamall.vn\/wp-content\/uploads\/2021\/07\/ythfg-768x572.png 768w, https:\/\/havamall.vn\/wp-content\/uploads\/2021\/07\/ythfg-1024x762.png 1024w, https:\/\/havamall.vn\/wp-content\/uploads\/2021\/07\/ythfg-600x447.png 600w, https:\/\/havamall.vn\/wp-content\/uploads\/2021\/07\/ythfg.png 1080w\" sizes=\"(max-width: 733px) 100vw, 733px\" \/><\/p>\n<h3><strong>\u0110\u0103\u0323c \u0111i\u00ea\u0309m n\u00f4\u0309i b\u00e2\u0323t:<\/strong><\/h3>\n<p>&#8211; S\u1ea3n ph\u1ea9m \u0111\u01b0\u1ee3c l\u00e0m t\u1eeb c\u00e1c nguy\u00ean li\u1ec7u ch\u1ecdn l\u1ecdc t\u1ef1 nhi\u00ean k\u1ef9 c\u00e0ng v\u00e0 ch\u1ea5t l\u01b0\u1ee3ng.<\/p>\n<p>&#8211; D\u00e2y chuy\u1ec1n sa\u0309n xu\u00e2\u0301t hi\u1ec7n \u0111\u1ea1i v\u00e0 kh\u00e9p k\u00edn n\u00ean gi\u01b0\u0303 nguy\u00ean d\u01b0\u1ee1ng ch\u1ea5t t\u1eeb c\u00e1c th\u00e0nh ph\u1ea7n t\u1ef1 nhi\u00ean.<\/p>\n<p>S\u1ea3n ph\u1ea9m hi\u1ec7n \u0111\u00e3 c\u00f3 m\u1eb7t t\u1ea1i Havamall.<\/p>","protected":false},"excerpt":{"rendered":"<p>TH\u00d4NG TIN S\u1ea2N PH\u1ea8M Th\u01b0\u01a1ng hi\u1ec7u Kewpie Xu\u1ea5t x\u1ee9 Vi\u1ec7t Nam Th\u00e0nh ph\u1ea7n N\u01b0\u1edbc, d\u1ea7u \u0111\u1eadu n\u00e0nh, m\u00e8, \u0111\u01b0\u1eddng, tr\u1ee9ng<\/p>","protected":false},"featured_media":20972,"comment_status":"open","ping_status":"closed","template":"","meta":[],"product_brand":[],"product_cat":[36,143],"product_tag":[],"class_list":{"0":"post-20971","1":"product","2":"type-product","3":"status-publish","4":"has-post-thumbnail","6":"product_cat-thuc-pham-tieu-dung","7":"product_cat-thuc-pham-dong-hop","9":"first","10":"outofstock","11":"sale","12":"shipping-taxable","13":"purchasable","14":"product-type-simple"},"_links":{"self":[{"href":"https:\/\/havamall.vn\/en\/wp-json\/wp\/v2\/product\/20971"}],"collection":[{"href":"https:\/\/havamall.vn\/en\/wp-json\/wp\/v2\/product"}],"about":[{"href":"https:\/\/havamall.vn\/en\/wp-json\/wp\/v2\/types\/product"}],"replies":[{"embeddable":true,"href":"https:\/\/havamall.vn\/en\/wp-json\/wp\/v2\/comments?post=20971"}],"version-history":[{"count":0,"href":"https:\/\/havamall.vn\/en\/wp-json\/wp\/v2\/product\/20971\/revisions"}],"wp:featuredmedia":[{"embeddable":true,"href":"https:\/\/havamall.vn\/en\/wp-json\/wp\/v2\/media\/20972"}],"wp:attachment":[{"href":"https:\/\/havamall.vn\/en\/wp-json\/wp\/v2\/media?parent=20971"}],"wp:term":[{"taxonomy":"product_brand","embeddable":true,"href":"https:\/\/havamall.vn\/en\/wp-json\/wp\/v2\/product_brand?post=20971"},{"taxonomy":"product_cat","embeddable":true,"href":"https:\/\/havamall.vn\/en\/wp-json\/wp\/v2\/product_cat?post=20971"},{"taxonomy":"product_tag","embeddable":true,"href":"https:\/\/havamall.vn\/en\/wp-json\/wp\/v2\/product_tag?post=20971"}],"curies":[{"name":"wp","href":"https:\/\/api.w.org\/{rel}","templated":true}]}}