{"id":20966,"date":"2021-07-27T20:07:52","date_gmt":"2021-07-27T13:07:52","guid":{"rendered":"https:\/\/havamall.vn\/?post_type=product&#038;p=20966"},"modified":"2022-06-14T15:17:29","modified_gmt":"2022-06-14T08:17:29","slug":"mi-soi-rau-cu-huu-co-cho-be-vi-bi-ngo-men-no-sato-baby-eggs-organic-pumpkin-noodles-200g","status":"publish","type":"product","link":"https:\/\/havamall.vn\/en\/shop\/mi-soi-rau-cu-huu-co-cho-be-vi-bi-ngo-men-no-sato-baby-eggs-organic-pumpkin-noodles-200g\/","title":{"rendered":"M\u00ec S\u1ee3i Rau C\u1ee7 H\u1eefu C\u01a1 Cho B\u00e9 V\u1ecb B\u00ed Ng\u00f4 &#8211; Men No Sato Baby Eggs Organic Pumpkin Noodles 200g"},"content":{"rendered":"<p><span style=\"font-weight: 400;\">Men No Sato l\u00e0 m\u1ed9t trong ba th\u01b0\u01a1ng hi\u1ec7u c\u1ee7a Ever Prosper \u2013 nh\u00e0 s\u1ea3n xu\u1ea5t v\u00e0 cung c\u1ea5p c\u00e1c lo\u1ea1i m\u00ec h\u1eefu c\u01a1 Malaysia. Kh\u00e1c v\u1edbi th\u01b0\u01a1ng hi\u1ec7u m\u00ec \u0103n d\u1eb7m h\u1eefu c\u01a1 Golden Noodle, th\u01b0\u01a1ng hi\u1ec7u Men No Sato h\u01b0\u1edbng \u0111\u1ebfn th\u1ecb tr\u01b0\u1eddng Nh\u1eadt B\u1ea3n \u2013 m\u1ed9t th\u1ecb tr\u01b0\u1eddng c\u00f3 ti\u00eau chu\u1ea9n kh\u1eaft khe v\u1ec1 ch\u1ea5t l\u01b0\u1ee3ng, an to\u00e0n s\u1ee9c kh\u1ecfe. C\u00e1c s\u1ea3n ph\u1ea9m m\u00ec \u0103n d\u1eb7m h\u1eefu c\u01a1 Men No Sato r\u1ea5t \u0111a d\u1ea1ng, l\u00e0m t\u1eeb b\u1ed9t l\u00faa m\u00ec k\u1ebft h\u1ee3p 10 v\u1ecb rau c\u1ee7 qu\u1ea3, m\u00ec c\u00f3 \u0111\u1ed9 tr\u01a1n m\u1ec1m, ch\u1ee9a nhi\u1ec1u dinh d\u01b0\u1ee1ng.<\/span><\/p>\n<p><img fetchpriority=\"high\" decoding=\"async\" class=\"aligncenter\" src=\"https:\/\/havamall.vn\/wp-content\/uploads\/2021\/04\/BANNER-For-Web-01721x625.jpg\" alt=\"BANNER For Web-01(721\u00d7625) \u2013 Organic Life\" width=\"664\" height=\"576\" \/><\/p>\n<p><span style=\"font-weight: 400;\">\u1ede th\u1ecb tr\u01b0\u1eddng Malaysia, Nh\u1eadt b\u1ea3n, \u1ea4n \u0110\u1ed9, c\u00e1c s\u1ea3n ph\u1ea9m m\u00ec \u0103n d\u1eb7m h\u1eefu c\u01a1 cho b\u00e9 Men No Sato \u0111\u00e3 tr\u1edf n\u00ean r\u1ea5t quen thu\u1ed9c \u0111\u1ed1i v\u1edbi c\u00e1c gia \u0111\u00ecnh c\u00f3 tr\u1ebb \u0111\u1ebfn tu\u1ed5i \u0103n d\u1eb7m. S\u1ea3n ph\u1ea9m m\u00ec \u0103n d\u1eb7m h\u1eefu c\u01a1 \u0111\u01b0\u1ee3c s\u1ea3n xu\u1ea5t v\u00e0 h\u01b0\u1edbng \u0111\u1ebfn s\u1ef1 ti\u1ec7n l\u1ee3i cho vi\u1ec7c n\u1ea5u \u0103n nhanh ch\u00f3ng v\u00e0 d\u1ec5 d\u00e0ng. Ngo\u00e0i ra, m\u00ec \u0103n d\u1eb7m h\u1eefu c\u01a1 c\u00f2n h\u01b0\u1edbng \u0111\u1ebfn vi\u1ec7c t\u1eadp cho b\u00e9 nhai, cho b\u00e9 c\u01a1 h\u1ed9i tr\u1ea3i nghi\u1ec7m v\u1edbi nhi\u1ec1u v\u1ecb kh\u00e1c nhau tr\u01b0\u1edbc khi chuy\u1ec3n sang b\u1eefa \u0103n c\u00f9ng gia \u0111\u00ecnh \u2013 \u0111\u00e2y c\u0169ng l\u00e0 s\u1ef1 mong mu\u1ed1n h\u1ea7u h\u1ebft c\u1ee7a ng\u01b0\u1eddi l\u00e0m cha m\u1eb9.<\/span><\/p>\n<p><img decoding=\"async\" class=\"wp-image-20967 aligncenter\" src=\"https:\/\/havamall.vn\/wp-content\/uploads\/2021\/07\/grtrf-300x169.png\" alt=\"\" width=\"715\" height=\"402\" srcset=\"https:\/\/havamall.vn\/wp-content\/uploads\/2021\/07\/grtrf-300x169.png 300w, https:\/\/havamall.vn\/wp-content\/uploads\/2021\/07\/grtrf-430x242.png 430w, https:\/\/havamall.vn\/wp-content\/uploads\/2021\/07\/grtrf-150x84.png 150w, https:\/\/havamall.vn\/wp-content\/uploads\/2021\/07\/grtrf-700x394.png 700w, https:\/\/havamall.vn\/wp-content\/uploads\/2021\/07\/grtrf-768x432.png 768w, https:\/\/havamall.vn\/wp-content\/uploads\/2021\/07\/grtrf-1024x576.png 1024w, https:\/\/havamall.vn\/wp-content\/uploads\/2021\/07\/grtrf-1200x675.png 1200w, https:\/\/havamall.vn\/wp-content\/uploads\/2021\/07\/grtrf-600x338.png 600w, https:\/\/havamall.vn\/wp-content\/uploads\/2021\/07\/grtrf.png 2048w\" sizes=\"(max-width: 715px) 100vw, 715px\" \/><\/p>\n<p><span style=\"font-weight: 400;\">\u0110\u1ebfn th\u1eddi \u0111i\u1ec3m hi\u1ec7n t\u1ea1i, Men No Sato c\u00f3 11 s\u1ea3n ph\u1ea9m m\u00ec \u0103n d\u1eb7m cho b\u00e9 v\u1edbi 10 v\u1ecb rau c\u1ee7 kh\u00e1c nhau v\u00e0 m\u1ed9t v\u1ecb h\u1ed7n h\u1ee3p. C\u00e1c s\u1ea3n ph\u1ea9m n\u00e0y \u0111\u1ec1u \u0111\u1ea1t ch\u1ee9ng nh\u1eadn h\u1eefu c\u01a1 qu\u1ed1c t\u1ebf nh\u01b0: USDA, NASAA, JAS, EU ORGANIC, IFOAM\u2026 C\u00e1c th\u00e0nh ph\u1ea7n s\u1ea3n ph\u1ea9m: Kh\u00f4ng mu\u1ed1i, kh\u00f4ng m\u00e0u th\u1ef1c ph\u1ea9m, kh\u00f4ng h\u01b0\u01a1ng t\u1ed5ng h\u1ee3p, kh\u00f4ng \u0111\u01b0\u1eddng v\u00e0 ch\u1ea5t b\u1ea3o qu\u1ea3n.<\/span><\/p>\n<p><img decoding=\"async\" class=\"wp-image-20968 aligncenter\" src=\"https:\/\/havamall.vn\/wp-content\/uploads\/2021\/07\/rgre-300x169.png\" alt=\"\" width=\"707\" height=\"398\" srcset=\"https:\/\/havamall.vn\/wp-content\/uploads\/2021\/07\/rgre-300x169.png 300w, https:\/\/havamall.vn\/wp-content\/uploads\/2021\/07\/rgre-430x242.png 430w, https:\/\/havamall.vn\/wp-content\/uploads\/2021\/07\/rgre-150x84.png 150w, https:\/\/havamall.vn\/wp-content\/uploads\/2021\/07\/rgre-700x394.png 700w, https:\/\/havamall.vn\/wp-content\/uploads\/2021\/07\/rgre-768x432.png 768w, https:\/\/havamall.vn\/wp-content\/uploads\/2021\/07\/rgre-1024x576.png 1024w, https:\/\/havamall.vn\/wp-content\/uploads\/2021\/07\/rgre-1200x675.png 1200w, https:\/\/havamall.vn\/wp-content\/uploads\/2021\/07\/rgre-600x338.png 600w, https:\/\/havamall.vn\/wp-content\/uploads\/2021\/07\/rgre.png 1920w\" sizes=\"(max-width: 707px) 100vw, 707px\" \/><\/p>\n<p><span style=\"font-weight: 400;\">T\u1ea1i nh\u00e0 m\u00e1y Sungai Petani \u2013 Malaysia, l\u00e0 n\u01a1i s\u1ea3n xu\u1ea5t ch\u00ednh v\u00e0 cung c\u1ea5p c\u00e1c s\u1ea3n ph\u1ea9m th\u01b0\u01a1ng hi\u1ec7u Men No Sato. Ch\u1ec9 s\u1eed d\u1ee5ng nguy\u00ean li\u1ec7u s\u1ea3n xu\u1ea5t c\u00f3 ngu\u1ed3n g\u1ed1c, ch\u1ee9ng nh\u1eadn h\u1eefu c\u01a1\u00a0 v\u1edbi h\u01b0\u01a1ng v\u1ecb nh\u01b0 rau bina, c\u00e0 r\u1ed1t, b\u00ed ng\u00f4, ng\u00f4, b\u00f4ng c\u1ea3i xanh c\u00e0 chua,\u2026. Ngo\u00e0i ra, nh\u00e0 m\u00e1y c\u00f2n c\u00f3 d\u00e2y chuy\u1ec1n \u0111\u00f3ng g\u00f3i th\u00e0nh s\u1ea3n ph\u1ea9m h\u1eefu c\u01a1 kh\u00f4 nh\u01b0 \u0111\u1eadu n\u00e0nh, ki\u1ec1u m\u1ea1ch, \u0111\u1eadu pinto, m\u00e8 \u0111en, m\u00e8 tr\u1eafng, h\u1ea1t b\u00ed ng\u00f4, \u0111\u01b0\u1eddng m\u00eda, qu\u1ea3 m\u01a1 kh\u00f4, xanh tr\u00e0, h\u1ea1t chia,\u2026<\/span><\/p>\n<p><span style=\"font-weight: 400;\">V\u1edbi 10 v\u1ecb rau c\u1ee7 q<\/span><span style=\"font-weight: 400;\">u\u1ea3 kh\u00e1c nhau nh\u01b0 b\u00ed ng\u00f4, b\u00f4ng c\u1ea3i xanh,&#8230; ch\u1eafc ch\u1eafn b\u1ea1n v\u00e0 b\u00e9 s\u1ebd nh\u1eadn th\u1ea5y cu\u1ed9c phi\u00eau l\u01b0u \u0111\u1ea7y th\u00fa v\u1ecb.<\/span><\/p>\n<p><img loading=\"lazy\" decoding=\"async\" class=\"wp-image-19868 aligncenter\" src=\"https:\/\/havamall.vn\/wp-content\/uploads\/2021\/04\/M\u00cc4-300x169.jpg\" alt=\"\" width=\"694\" height=\"391\" srcset=\"https:\/\/havamall.vn\/wp-content\/uploads\/2021\/04\/M\u00cc4-300x169.jpg 300w, https:\/\/havamall.vn\/wp-content\/uploads\/2021\/04\/M\u00cc4-430x242.jpg 430w, https:\/\/havamall.vn\/wp-content\/uploads\/2021\/04\/M\u00cc4-150x84.jpg 150w, https:\/\/havamall.vn\/wp-content\/uploads\/2021\/04\/M\u00cc4-700x394.jpg 700w, https:\/\/havamall.vn\/wp-content\/uploads\/2021\/04\/M\u00cc4-768x432.jpg 768w, https:\/\/havamall.vn\/wp-content\/uploads\/2021\/04\/M\u00cc4-1024x576.jpg 1024w, https:\/\/havamall.vn\/wp-content\/uploads\/2021\/04\/M\u00cc4-1200x675.jpg 1200w, https:\/\/havamall.vn\/wp-content\/uploads\/2021\/04\/M\u00cc4-600x338.jpg 600w, https:\/\/havamall.vn\/wp-content\/uploads\/2021\/04\/M\u00cc4.jpg 1920w\" sizes=\"(max-width: 694px) 100vw, 694px\" \/><\/p>\n<p><span style=\"font-weight: 400;\">T\u1eadp cho b\u00e9 nhai, cho b\u00e9 c\u01a1 h\u1ed9i tr\u1ea3i nghi\u1ec7m v\u1edbi nhi\u1ec1u v\u1ecb kh\u00e1c nhau t\u1eeb M\u00ec \u0103n d\u1eb7m h\u1eefu c\u01a1 tr\u01b0\u1edbc khi chuy\u1ec3n sang b\u1eefa \u0103n c\u00f9ng gia \u0111\u00ecnh l\u00e0 s\u1ef1 mong mu\u1ed1n h\u1ea7u h\u1ebft c\u1ee7a ng\u01b0\u1eddi l\u00e0m cha m\u1eb9.<\/span><\/p>\n<p><span style=\"font-weight: 400;\">B\u01b0\u1edbc sang th\u00e1ng th\u1ee9 6 b\u00e9 \u0111\u00e3 quen v\u1edbi c\u00e1c th\u1ee9c \u0103n \u0111\u01b0\u1ee3c nghi\u1ec1n nhuy\u1ec5n v\u00e0 r\u00e2y m\u1ecbn. H\u01a1n n\u1eefa, giai \u0111o\u1ea1n n\u00e0y nhi\u1ec1u b\u00e9 \u0111\u00e3 b\u1eaft \u0111\u1ea7u m\u1ecdc r\u0103ng c\u1eeda, l\u01b0\u1ee1i b\u00e9 c\u0169ng chuy\u1ec3n \u0111\u1ed9ng linh ho\u1ea1t h\u01a1n, bi\u1ebft m\u00edm m\u00f4i, d\u00f9ng l\u01b0\u1ee1i \u0111\u1ea9y th\u1ee9c \u0103n. Do \u0111\u00f3 vi\u1ec7c t\u0103ng d\u1ea7n \u0111\u1ed9 th\u00f4 c\u1ee7a th\u1ee9c \u0103n cho b\u00e9 \u1edf d\u1ea1ng h\u1ea1t l\u1ed5n nh\u1ed5n l\u00e0 r\u1ea5t c\u1ea7n thi\u1ebft.<\/span><\/p>\n<p><img loading=\"lazy\" decoding=\"async\" class=\"wp-image-20969 aligncenter\" src=\"https:\/\/havamall.vn\/wp-content\/uploads\/2021\/07\/gre-300x169.png\" alt=\"\" width=\"701\" height=\"395\" srcset=\"https:\/\/havamall.vn\/wp-content\/uploads\/2021\/07\/gre-300x169.png 300w, https:\/\/havamall.vn\/wp-content\/uploads\/2021\/07\/gre-430x242.png 430w, https:\/\/havamall.vn\/wp-content\/uploads\/2021\/07\/gre-150x84.png 150w, https:\/\/havamall.vn\/wp-content\/uploads\/2021\/07\/gre-700x393.png 700w, https:\/\/havamall.vn\/wp-content\/uploads\/2021\/07\/gre-768x432.png 768w, https:\/\/havamall.vn\/wp-content\/uploads\/2021\/07\/gre-600x337.png 600w, https:\/\/havamall.vn\/wp-content\/uploads\/2021\/07\/gre.png 1000w\" sizes=\"(max-width: 701px) 100vw, 701px\" \/><\/p>\n<p><span style=\"font-weight: 400;\">M\u00ec \u0111\u01b0\u1ee3c l\u00e0m t\u1eeb l\u00faa m\u00ec nguy\u00ean c\u00e1m c\u00f9ng nhi\u1ec1u v\u1ecb rau c\u1ee7 qu\u1ea3 kh\u00e1c nhau, thu\u1eadn ti\u1ec7n cho c\u00e1c m\u1eb9 ch\u1ebf bi\u1ebfn nhi\u1ec1u m\u00f3n \u0103n kh\u00e1c nhau, gi\u00fap cho b\u1eefa \u0103n c\u1ee7a th\u00eam nhi\u1ec1u th\u00fa v\u1ecb. N\u00ean b\u1ed5 sung v\u00e0o th\u1ef1c \u0111\u01a1n \u0103n d\u1eb7m cho b\u00e9 t\u1eeb 9 \u0111\u1ebfn 11 th\u00e1ng.<\/span><\/p>\n<p><img loading=\"lazy\" decoding=\"async\" class=\"wp-image-19869 aligncenter\" src=\"https:\/\/havamall.vn\/wp-content\/uploads\/2021\/04\/M\u00cc-4-300x200.jpg\" alt=\"\" width=\"702\" height=\"468\" srcset=\"https:\/\/havamall.vn\/wp-content\/uploads\/2021\/04\/M\u00cc-4-300x200.jpg 300w, https:\/\/havamall.vn\/wp-content\/uploads\/2021\/04\/M\u00cc-4-430x287.jpg 430w, https:\/\/havamall.vn\/wp-content\/uploads\/2021\/04\/M\u00cc-4-150x100.jpg 150w, https:\/\/havamall.vn\/wp-content\/uploads\/2021\/04\/M\u00cc-4-700x467.jpg 700w, https:\/\/havamall.vn\/wp-content\/uploads\/2021\/04\/M\u00cc-4-768x512.jpg 768w, https:\/\/havamall.vn\/wp-content\/uploads\/2021\/04\/M\u00cc-4-1024x683.jpg 1024w, https:\/\/havamall.vn\/wp-content\/uploads\/2021\/04\/M\u00cc-4-1200x800.jpg 1200w, https:\/\/havamall.vn\/wp-content\/uploads\/2021\/04\/M\u00cc-4-600x400.jpg 600w, https:\/\/havamall.vn\/wp-content\/uploads\/2021\/04\/M\u00cc-4.jpg 2048w\" sizes=\"(max-width: 702px) 100vw, 702px\" \/><\/p>\n<h4><strong>H\u01b0\u1edbng d\u1eabn s\u1eed d\u1ee5ng:<\/strong><\/h4>\n<p><span style=\"font-weight: 400;\">&#8211; C\u1eaft g\u00f3i m\u00ec, cho m\u00ec v\u00e0o n\u01b0\u1edbc s\u00f4i v\u00e0 khu\u1ea5y nh\u1eb9 nh\u00e0ng 6 -7 ph\u00fat.\u00a0<\/span><\/p>\n<p><span style=\"font-weight: 400;\">&#8211; \u0110\u1ed5 m\u00ec ra cho r\u00e1o n\u01b0\u1edbc r\u1ed3i cho c\u00e1c th\u00e0nh ph\u1ea7n gia v\u1ecb v\u00e0o. Sau \u0111\u00f3 \u0111\u1ec3 m\u00ec ngu\u1ed9i r\u1ed3i cho b\u00e9 th\u01b0\u1edfng th\u1ee9c<\/span><\/p>\n<p><img loading=\"lazy\" decoding=\"async\" class=\"wp-image-19870 aligncenter\" src=\"https:\/\/havamall.vn\/wp-content\/uploads\/2021\/04\/M\u00cc-2-300x169.jpg\" alt=\"\" width=\"721\" height=\"407\" srcset=\"https:\/\/havamall.vn\/wp-content\/uploads\/2021\/04\/M\u00cc-2-300x169.jpg 300w, https:\/\/havamall.vn\/wp-content\/uploads\/2021\/04\/M\u00cc-2-430x242.jpg 430w, https:\/\/havamall.vn\/wp-content\/uploads\/2021\/04\/M\u00cc-2-150x84.jpg 150w, https:\/\/havamall.vn\/wp-content\/uploads\/2021\/04\/M\u00cc-2-700x394.jpg 700w, https:\/\/havamall.vn\/wp-content\/uploads\/2021\/04\/M\u00cc-2-768x432.jpg 768w, https:\/\/havamall.vn\/wp-content\/uploads\/2021\/04\/M\u00cc-2-1024x576.jpg 1024w, https:\/\/havamall.vn\/wp-content\/uploads\/2021\/04\/M\u00cc-2-1200x675.jpg 1200w, https:\/\/havamall.vn\/wp-content\/uploads\/2021\/04\/M\u00cc-2-600x338.jpg 600w, https:\/\/havamall.vn\/wp-content\/uploads\/2021\/04\/M\u00cc-2.jpg 1920w\" sizes=\"(max-width: 721px) 100vw, 721px\" \/><\/p>\n<h4><span style=\"font-weight: 400;\"><strong>Th\u00e0nh ph\u1ea7n :<\/strong>\u00a0<\/span><\/h4>\n<p><span style=\"font-weight: 400;\">&#8211; B\u1ed9t m\u00ec h\u1eefu c\u01a1 97%<\/span><\/p>\n<p><span style=\"font-weight: 400;\">&#8211; 2% b\u1ed9t rau c\u1ee7 h\u1eefu c\u01a1 m\u1ed7i v\u1ecb kh\u00e1c nhau<\/span><\/p>\n<p><span style=\"font-weight: 400;\">&#8211; N\u01b0\u1edbc 1%\u00a0<\/span><\/p>\n<p>S\u1ea3n ph\u1ea9m hi\u1ec7n \u0111\u00e3 c\u00f3 m\u1eb7t t\u1ea1i Havamall.<\/p>","protected":false},"excerpt":{"rendered":"<p>Men No Sato l\u00e0 m\u1ed9t trong ba th\u01b0\u01a1ng hi\u1ec7u c\u1ee7a Ever Prosper \u2013 nh\u00e0 s\u1ea3n xu\u1ea5t v\u00e0 cung c\u1ea5p c\u00e1c<\/p>","protected":false},"featured_media":20970,"comment_status":"open","ping_status":"closed","template":"","meta":[],"product_brand":[],"product_cat":[256,36,134,143],"product_tag":[],"class_list":{"0":"post-20966","1":"product","2":"type-product","3":"status-publish","4":"has-post-thumbnail","6":"product_cat-thuc-pham-huu-co","7":"product_cat-thuc-pham-tieu-dung","8":"product_cat-thucpham-saykho","9":"product_cat-thuc-pham-dong-hop","11":"first","12":"outofstock","13":"sale","14":"shipping-taxable","15":"purchasable","16":"product-type-simple"},"_links":{"self":[{"href":"https:\/\/havamall.vn\/en\/wp-json\/wp\/v2\/product\/20966"}],"collection":[{"href":"https:\/\/havamall.vn\/en\/wp-json\/wp\/v2\/product"}],"about":[{"href":"https:\/\/havamall.vn\/en\/wp-json\/wp\/v2\/types\/product"}],"replies":[{"embeddable":true,"href":"https:\/\/havamall.vn\/en\/wp-json\/wp\/v2\/comments?post=20966"}],"version-history":[{"count":0,"href":"https:\/\/havamall.vn\/en\/wp-json\/wp\/v2\/product\/20966\/revisions"}],"wp:featuredmedia":[{"embeddable":true,"href":"https:\/\/havamall.vn\/en\/wp-json\/wp\/v2\/media\/20970"}],"wp:attachment":[{"href":"https:\/\/havamall.vn\/en\/wp-json\/wp\/v2\/media?parent=20966"}],"wp:term":[{"taxonomy":"product_brand","embeddable":true,"href":"https:\/\/havamall.vn\/en\/wp-json\/wp\/v2\/product_brand?post=20966"},{"taxonomy":"product_cat","embeddable":true,"href":"https:\/\/havamall.vn\/en\/wp-json\/wp\/v2\/product_cat?post=20966"},{"taxonomy":"product_tag","embeddable":true,"href":"https:\/\/havamall.vn\/en\/wp-json\/wp\/v2\/product_tag?post=20966"}],"curies":[{"name":"wp","href":"https:\/\/api.w.org\/{rel}","templated":true}]}}