{"id":20937,"date":"2021-07-27T17:00:08","date_gmt":"2021-07-27T10:00:08","guid":{"rendered":"https:\/\/havamall.vn\/?post_type=product&#038;p=20937"},"modified":"2022-06-01T11:47:08","modified_gmt":"2022-06-01T04:47:08","slug":"dau-cuc-dong-hop-sottolestelle-400g","status":"publish","type":"product","link":"https:\/\/havamall.vn\/en\/shop\/dau-cuc-dong-hop-sottolestelle-400g\/","title":{"rendered":"\u0110\u1eadu C\u00fac \u0110\u00f3ng H\u1ed9p Sottolestelle 400g"},"content":{"rendered":"<h3><strong>TH\u00d4NG TIN S\u1ea2N PH\u1ea8M<\/strong><\/h3>\n<table>\n<tbody>\n<tr>\n<td>Th\u01b0\u01a1ng hi\u1ec7u<\/td>\n<td>Sottolestelle<\/td>\n<\/tr>\n<tr>\n<td>Xu\u1ea5t x\u1ee9<\/td>\n<td>\u00dd<\/td>\n<\/tr>\n<tr>\n<td>Th\u00e0nh ph\u1ea7n<\/td>\n<td>\u0110\u1eadu c\u00fac h\u1eefu c\u01a1, n\u01b0\u1edbc, mu\u1ed1i<\/td>\n<\/tr>\n<tr>\n<td>H\u1ea1n s\u1eed d\u1ee5ng<\/td>\n<td>36 th\u00e1ng k\u1ec3 t\u1eeb ng\u00e0y s\u1ea3n xu\u1ea5t.<\/td>\n<\/tr>\n<tr>\n<td>B\u1ea3o qu\u1ea3n<\/td>\n<td>\u0110\u1ec3 n\u01a1i kh\u00f4 r\u00e1o, tho\u00e1ng m\u00e1t, tr\u00e1nh \u00e1nh n\u1eafng tr\u1ef1c ti\u1ebfp<\/td>\n<\/tr>\n<tr>\n<td>Kh\u1ed1i l\u01b0\u1ee3ng t\u1ecbnh<\/td>\n<td>400g<\/td>\n<\/tr>\n<\/tbody>\n<\/table>\n<p>Sottolestelle \u0111\u01b0\u1ee3c th\u00e0nh l\u1eadp n\u0103m 1992 t\u1ea1i v\u00f9ng \u0111\u1ed3ng qu\u00ea Gargano (Puglia) ph\u00eda \u0110\u00f4ng Nam n\u01b0\u1edbc \u00dd, v\u1edbi \u0111\u1ecbnh h\u01b0\u1edbng ph\u00e1t tri\u1ec3n theo m\u00f4 h\u00ecnh kh\u00e9p k\u00edn, g\u1ed3m 4 nh\u00f3m c\u1ea5u tr\u00fac: trang tr\u1ea1i, s\u1ea3n xu\u1ea5t, \u0111\u00f3ng g\u00f3i v\u00e0 ph\u00e2n ph\u1ed1i.\u00a0T\u1ea5t c\u1ea3 c\u00e1c nguy\u00ean li\u1ec7u c\u1ee7a Sottolestelle \u0111\u1ec1u \u0111\u01b0\u1ee3c \u0111\u00f3ng h\u1ed9p trong v\u00f2ng 48h sau khi thu ho\u1ea1ch \u0111\u1ec3 \u0111\u1ea3m b\u1ea3o \u0111\u1ed9 t\u01b0\u01a1i v\u00e0 ngon nh\u1ea5t cho s\u1ea3n ph\u1ea9m. Mang l\u1ea1i h\u01b0\u01a1ng v\u1ecb t\u01b0\u01a1i ngon v\u00e0 t\u1ef1 nhi\u00ean nh\u1ea5t.<\/p>\n<p><img fetchpriority=\"high\" decoding=\"async\" class=\"wp-image-20939 aligncenter\" src=\"https:\/\/havamall.vn\/wp-content\/uploads\/2021\/07\/rewrf-212x300.png\" alt=\"\" width=\"733\" height=\"1039\" srcset=\"https:\/\/havamall.vn\/wp-content\/uploads\/2021\/07\/rewrf-212x300.png 212w, https:\/\/havamall.vn\/wp-content\/uploads\/2021\/07\/rewrf-150x212.png 150w, https:\/\/havamall.vn\/wp-content\/uploads\/2021\/07\/rewrf-600x849.png 600w\" sizes=\"(max-width: 733px) 100vw, 733px\" \/><\/p>\n<p>\u0110\u1eadu pinto \u2013 hay c\u00f2n g\u1ecdi l\u00e0 \u0111\u1eadu c\u00fac (\u0111\u1eadu \u0111\u1ed1m), l\u00e0 m\u1ed9t lo\u1ea1i \u0111\u1eadu r\u1ea5t \u201cn\u1ed5i ti\u1ebfng\u201d t\u1ea1i M\u1ef9 v\u00e0 Mexico v\u00ec nh\u1eefng l\u1ee3i \u00edch dinh d\u01b0\u1ee1ng r\u1ea5t t\u1ed1t cho s\u1ee9c kh\u1ecfe. Lo\u1ea1i \u0111\u1eadu c\u00f3 ngu\u1ed3n g\u1ed1c t\u1eeb \u1ea4n \u0110\u1ed9 n\u00e0y c\u00f3 l\u1edbp v\u1ecf m\u00e0u \u0111\u1ecf ho\u1eb7c tr\u1eafng v\u00e0 \u0111\u01b0\u1ee3c \u01b0a chu\u1ed9ng kh\u00f4ng k\u00e9m g\u00ec \u0111\u1eadu n\u00e0nh. T\u1ea1i n\u01b0\u1edbc ta, do c\u00f3 h\u01b0\u01a1ng v\u1ecb th\u01a1m b\u00f9i \u0111\u1eb7c tr\u01b0ng v\u00e0 gi\u00e0u \u0111\u1ea1m, \u0111\u1eadu pinto c\u0169ng th\u01b0\u1eddng \u0111\u01b0\u1ee3c s\u1eed d\u1ee5ng \u0111\u1ec3 ch\u1ebf bi\u1ebfn c\u00e1c m\u00f3n s\u00fap, canh h\u1ea7m c\u00f9ng salad tr\u1ed9n.<\/p>\n<p>\u0110\u1eadu pinto kh\u00f4ng ch\u1ec9 gi\u00e0u protein, \u0111\u1eadu pinto c\u00f2n l\u00e0 ngu\u1ed3n gi\u00e0u ch\u1ea5t x\u01a1 c\u00f9ng nhi\u1ec1u d\u01b0\u1ee1ng ch\u1ea5t kh\u00e1c. V\u00e0 \u0111\u1eb7c bi\u1ec7t, lo\u1ea1i \u0111\u1eadu n\u00e0y ch\u00ednh l\u00e0 ngu\u1ed3n th\u1ef1c ph\u1ea9m c\u1ef1c k\u1ef3 t\u1ed1t cho h\u1ec7 ti\u00eau h\u00f3a v\u00e0 gi\u00fap\u00a0ng\u0103n ng\u1eeba b\u1ec7nh ti\u1ec3u \u0111\u01b0\u1eddng.<\/p>\n<p><img decoding=\"async\" class=\"wp-image-20941 aligncenter\" src=\"https:\/\/havamall.vn\/wp-content\/uploads\/2021\/07\/trg-300x225.png\" alt=\"\" width=\"743\" height=\"558\" srcset=\"https:\/\/havamall.vn\/wp-content\/uploads\/2021\/07\/trg-300x225.png 300w, https:\/\/havamall.vn\/wp-content\/uploads\/2021\/07\/trg-430x323.png 430w, https:\/\/havamall.vn\/wp-content\/uploads\/2021\/07\/trg-150x113.png 150w, https:\/\/havamall.vn\/wp-content\/uploads\/2021\/07\/trg-700x525.png 700w, https:\/\/havamall.vn\/wp-content\/uploads\/2021\/07\/trg-768x576.png 768w, https:\/\/havamall.vn\/wp-content\/uploads\/2021\/07\/trg-1024x768.png 1024w, https:\/\/havamall.vn\/wp-content\/uploads\/2021\/07\/trg-1200x900.png 1200w, https:\/\/havamall.vn\/wp-content\/uploads\/2021\/07\/trg-600x450.png 600w, https:\/\/havamall.vn\/wp-content\/uploads\/2021\/07\/trg.png 1500w\" sizes=\"(max-width: 743px) 100vw, 743px\" \/><\/p>\n<p>\u0110\u1eadu pinto l\u00e0 lo\u1ea1i \u0111\u1eadu c\u00f3 ch\u1ec9 s\u1ed1 glycemic (GI) kh\u00e1 th\u1ea5p. GI l\u00e0 ch\u1ec9 s\u1ed1 \u0111\u01b0\u1eddng huy\u1ebft c\u1ee7a th\u1ef1c ph\u1ea9m c\u00f3 t\u00e1c d\u1ee5ng ph\u1ea3n \u00e1nh t\u1ed1c \u0111\u1ed9 l\u00e0m t\u0103ng \u0111\u01b0\u1eddng huy\u1ebft trong c\u01a1 th\u1ec3. V\u00e0 trong \u0111\u00f3, m\u1ed9t kh\u1ea9u ph\u1ea7n \u0111\u1eadu pinto h\u1ea5p c\u00f3 gi\u00e1 tr\u1ecb GI l\u00e0 33 \u2013 \u0111i\u1ec1u n\u00e0y c\u00f3 ngh\u0129a l\u00e0 sau khi \u0103n \u0111\u1eadu pinto, m\u1ee9c \u0111\u01b0\u1eddng trong m\u00e1u c\u1ee7a b\u1ea1n ch\u1ec9 t\u0103ng nh\u1eb9. \u0110\u00e2y c\u0169ng l\u00e0 l\u00fd do t\u1ea1i sao lo\u1ea1i \u0111\u1eadu n\u00e0y r\u1ea5t hi\u1ec7u qu\u1ea3 trong vi\u1ec7c ng\u0103n ng\u1eeba v\u00e0 ki\u1ec3m so\u00e1t b\u1ec7nh ti\u1ec3u \u0111\u01b0\u1eddng.<\/p>\n<p><img decoding=\"async\" class=\"wp-image-20942 aligncenter\" src=\"https:\/\/havamall.vn\/wp-content\/uploads\/2021\/07\/htg-300x157.png\" alt=\"\" width=\"747\" height=\"391\" srcset=\"https:\/\/havamall.vn\/wp-content\/uploads\/2021\/07\/htg-300x157.png 300w, https:\/\/havamall.vn\/wp-content\/uploads\/2021\/07\/htg-430x225.png 430w, https:\/\/havamall.vn\/wp-content\/uploads\/2021\/07\/htg-150x79.png 150w, https:\/\/havamall.vn\/wp-content\/uploads\/2021\/07\/htg-700x366.png 700w, https:\/\/havamall.vn\/wp-content\/uploads\/2021\/07\/htg-768x402.png 768w, https:\/\/havamall.vn\/wp-content\/uploads\/2021\/07\/htg-1024x536.png 1024w, https:\/\/havamall.vn\/wp-content\/uploads\/2021\/07\/htg.png 1200w, https:\/\/havamall.vn\/wp-content\/uploads\/2021\/07\/htg-600x314.png 600w\" sizes=\"(max-width: 747px) 100vw, 747px\" \/><\/p>\n<p>C\u00e1c carbohydrate ph\u1ee9c h\u1ee3p ch\u1ee9a trong \u0111\u1eadu pinto c\u00f3 th\u1ec3 cung c\u1ea5p cho b\u1ea1n m\u1ed9t l\u01b0\u1ee3ng ch\u1ea5t x\u01a1 c\u00f9ng ngu\u1ed3n n\u0103ng l\u01b0\u1ee3ng \u00edt calo, \u0111\u1ed3ng th\u1eddi g\u1ea7n nh\u01b0 kh\u00f4ng l\u00e0m t\u0103ng m\u1ee9c \u0111\u01b0\u1eddng huy\u1ebft. \u0110\u1eadu pinto l\u00e0 ngu\u1ed3n th\u1ef1c ph\u1ea9m c\u00f3 ch\u1ee9a \u0111\u1ebfn 2 lo\u1ea1i ch\u1ea5t x\u01a1 t\u1ed1t cho s\u1ee9c kh\u1ecfe. Hai lo\u1ea1i ch\u1ea5t x\u01a1 n\u00e0y ch\u1ecbu tr\u00e1ch nhi\u1ec7m cho c\u00e1c ch\u1ee9c n\u0103ng kh\u00e1c nhau c\u1ee7a\u00a0qu\u00e1 tr\u00ecnh ti\u00eau h\u00f3a. Trong \u0111\u00f3, ch\u1ea5t x\u01a1 h\u00f2a tan s\u1ebd ph\u00e2n h\u1ee7y m\u1ed9t ph\u1ea7n th\u00e0nh h\u1ee3p ch\u1ea5t gelatin gi\u00fap l\u00e0m ch\u1eadm s\u1ef1 ph\u00e1 h\u1ee7y c\u00e1c carbohydrate trong su\u1ed1t qu\u00e1 tr\u00ecnh ti\u00eau h\u00f3a, c\u00f3 t\u00e1c d\u1ee5ng \u1ed5n \u0111\u1ecbnh m\u1ee9c \u0111\u01b0\u1eddng huy\u1ebft.<\/p>\n<p><img loading=\"lazy\" decoding=\"async\" class=\"wp-image-20944 aligncenter\" src=\"https:\/\/havamall.vn\/wp-content\/uploads\/2021\/07\/c7bc295cd8e32e92ff74f84c4a7a6cf8-300x193.jpg\" alt=\"\" width=\"749\" height=\"482\" srcset=\"https:\/\/havamall.vn\/wp-content\/uploads\/2021\/07\/c7bc295cd8e32e92ff74f84c4a7a6cf8-300x193.jpg 300w, https:\/\/havamall.vn\/wp-content\/uploads\/2021\/07\/c7bc295cd8e32e92ff74f84c4a7a6cf8-430x276.jpg 430w, https:\/\/havamall.vn\/wp-content\/uploads\/2021\/07\/c7bc295cd8e32e92ff74f84c4a7a6cf8-150x96.jpg 150w, https:\/\/havamall.vn\/wp-content\/uploads\/2021\/07\/c7bc295cd8e32e92ff74f84c4a7a6cf8-700x450.jpg 700w, https:\/\/havamall.vn\/wp-content\/uploads\/2021\/07\/c7bc295cd8e32e92ff74f84c4a7a6cf8-768x494.jpg 768w, https:\/\/havamall.vn\/wp-content\/uploads\/2021\/07\/c7bc295cd8e32e92ff74f84c4a7a6cf8.jpg 1024w, https:\/\/havamall.vn\/wp-content\/uploads\/2021\/07\/c7bc295cd8e32e92ff74f84c4a7a6cf8-600x386.jpg 600w\" sizes=\"(max-width: 749px) 100vw, 749px\" \/><\/p>\n<p>B\u00ean c\u1ea1nh \u0111\u00f3, do ch\u1ee9a h\u00e0m l\u01b0\u1ee3ng cao ch\u1ea5t x\u01a1 h\u00f2a tan n\u00ean k\u00e9o d\u00e0i qu\u00e1 tr\u00ecnh ti\u00eau h\u00f3a gi\u00fap b\u1ea1n no l\u00e2u h\u01a1n. C\u00e1c lo\u1ea1i \u0111\u1eadu, \u0111\u1eb7c bi\u1ec7t l\u00e0 \u0111\u1eadu pinto, ch\u1ec9 g\u00e2y s\u1ef1 dao \u0111\u1ed9ng nh\u1ecf v\u1ec1 m\u1ee9c \u0111\u01b0\u1eddng huy\u1ebft trong c\u01a1 th\u1ec3. V\u00ec th\u1ebf, vi\u1ec7c ti\u00eau th\u1ee5 \u0111\u1eadu pinto m\u1ed7i ng\u00e0y c\u00f3 th\u1ec3 gi\u00fap \u1ed5n \u0111\u1ecbnh m\u1ee9c \u0111\u01b0\u1eddng trong m\u00e1u, \u0111\u1ed3ng th\u1eddi c\u1ea3i thi\u1ec7n s\u1ef1 ki\u1ec3m so\u00e1t m\u1ee9c glucose trong m\u00e1u.<\/p>\n<p>\u0110\u1ec3 ng\u0103n ng\u1eeba c\u0169ng nh\u01b0 ki\u1ec3m so\u00e1t h\u00e0m l\u01b0\u1ee3ng \u0111\u01b0\u1eddng trong m\u00e1u, b\u1ea1n c\u00f3 th\u1ec3 th\u00eam \u0111\u1eadu pinto v\u00e0o ch\u1ebf \u0111\u1ed9 \u0103n h\u1eb1ng ng\u00e0y. B\u1eb1ng c\u00e1ch ch\u1ebf bi\u1ebfn lo\u1ea1i \u0111\u1eadu n\u00e0y k\u1ebft h\u1ee3p c\u00f9ng c\u00e1c th\u1ef1c ph\u1ea9m l\u00e0nh m\u1ea1nh kh\u00e1c, b\u1eefa \u0103n c\u1ee7a gia \u0111\u00ecnh b\u1ea1n s\u1ebd tr\u1edf n\u00ean dinh d\u01b0\u1ee1ng h\u01a1n r\u1ea5t nhi\u1ec1u.<\/p>\n<p><img loading=\"lazy\" decoding=\"async\" class=\"aligncenter\" src=\"https:\/\/havamall.vn\/wp-content\/uploads\/2018\/06\/iStock_000022897591_Medium-min-e1444410605937-1200x810.jpg\" alt=\"K\u00e1\u00ba\u00bft qu\u00e1\u00ba\u00a3 h\u00c3\u00acnh \u00e1\u00ba\u00a3nh cho pinto beans\" width=\"754\" height=\"509\" \/><\/p>\n<h3><strong>H\u01b0\u1edbng d\u1eabn s\u1eed d\u1ee5ng:<\/strong><\/h3>\n<div>\n<p>\u2013 R\u1eeda s\u1ea1ch v\u1edbi n\u01b0\u1edbc l\u1ea1nh va\u0300 \u0111\u00ea\u0309 ra\u0301o. N\u00e2\u0301u v\u00e0 n\u00eam gia vi\u0323 tuy\u0300 y\u0301.<\/p>\n<p>\u2013 C\u00f3 th\u1ec3 s\u1eed d\u1ee5ng s\u1ea3n ph\u1ea9m trong c\u00e1c c\u00f4ng th\u1ee9c n\u1ea5u \u0103n c\u00e1c m\u00f3n ch\u00ednh ho\u1eb7c ph\u1ee5.<\/p>\n<p>\u2013 \u0110\u1ec3 n\u01a1i kh\u00f4 r\u00e1o, tho\u00e1ng m\u00e1t. \u0110\u1eady k\u00edn sau m\u1ed7i l\u1ea7n s\u1eed d\u1ee5ng. Sau khi m\u1edf n\u1eafp, \u0111\u1ed5 s\u1ea3n ph\u1ea9m v\u00e0o h\u1ed9p \u0111\u1ef1ng th\u1ef1c ph\u1ea9m v\u00e0 b\u1ea3o qu\u1ea3n trong t\u1ee7 l\u1ea1nh. S\u1eed d\u1ee5ng trong v\u00f2ng 3 \u0111\u1ebfn 4 ng\u00e0y.<\/p>\n<\/div>","protected":false},"excerpt":{"rendered":"<p>TH\u00d4NG TIN S\u1ea2N PH\u1ea8M Th\u01b0\u01a1ng hi\u1ec7u Sottolestelle Xu\u1ea5t x\u1ee9 \u00dd Th\u00e0nh ph\u1ea7n \u0110\u1eadu c\u00fac h\u1eefu c\u01a1, n\u01b0\u1edbc, mu\u1ed1i H\u1ea1n s\u1eed<\/p>","protected":false},"featured_media":20940,"comment_status":"open","ping_status":"closed","template":"","meta":[],"product_brand":[],"product_cat":[256,130,36,143],"product_tag":[],"class_list":{"0":"post-20937","1":"product","2":"type-product","3":"status-publish","4":"has-post-thumbnail","6":"product_cat-thuc-pham-huu-co","7":"product_cat-khuyen-mai","8":"product_cat-thuc-pham-tieu-dung","9":"product_cat-thuc-pham-dong-hop","10":"pa_brand-sottolestell","12":"first","13":"instock","14":"sale","15":"shipping-taxable","16":"purchasable","17":"product-type-simple"},"_links":{"self":[{"href":"https:\/\/havamall.vn\/en\/wp-json\/wp\/v2\/product\/20937"}],"collection":[{"href":"https:\/\/havamall.vn\/en\/wp-json\/wp\/v2\/product"}],"about":[{"href":"https:\/\/havamall.vn\/en\/wp-json\/wp\/v2\/types\/product"}],"replies":[{"embeddable":true,"href":"https:\/\/havamall.vn\/en\/wp-json\/wp\/v2\/comments?post=20937"}],"version-history":[{"count":0,"href":"https:\/\/havamall.vn\/en\/wp-json\/wp\/v2\/product\/20937\/revisions"}],"wp:featuredmedia":[{"embeddable":true,"href":"https:\/\/havamall.vn\/en\/wp-json\/wp\/v2\/media\/20940"}],"wp:attachment":[{"href":"https:\/\/havamall.vn\/en\/wp-json\/wp\/v2\/media?parent=20937"}],"wp:term":[{"taxonomy":"product_brand","embeddable":true,"href":"https:\/\/havamall.vn\/en\/wp-json\/wp\/v2\/product_brand?post=20937"},{"taxonomy":"product_cat","embeddable":true,"href":"https:\/\/havamall.vn\/en\/wp-json\/wp\/v2\/product_cat?post=20937"},{"taxonomy":"product_tag","embeddable":true,"href":"https:\/\/havamall.vn\/en\/wp-json\/wp\/v2\/product_tag?post=20937"}],"curies":[{"name":"wp","href":"https:\/\/api.w.org\/{rel}","templated":true}]}}