{"id":20924,"date":"2021-07-27T15:53:08","date_gmt":"2021-07-27T08:53:08","guid":{"rendered":"https:\/\/havamall.vn\/?post_type=product&#038;p=20924"},"modified":"2023-06-05T17:35:33","modified_gmt":"2023-06-05T10:35:33","slug":"dau-ga-huu-co-dong-hop-400g","status":"publish","type":"product","link":"https:\/\/havamall.vn\/en\/shop\/dau-ga-huu-co-dong-hop-400g\/","title":{"rendered":"\u0110\u1eadu G\u00e0 H\u1eefu C\u01a1 \u0110\u00f3ng H\u1ed9p 400g"},"content":{"rendered":"<h3><strong>TH\u00d4NG TIN S\u1ea2N PH\u1ea8M<\/strong><\/h3>\n<table>\n<tbody>\n<tr>\n<td>Th\u01b0\u01a1ng hi\u1ec7u<\/td>\n<td>Sottolestelle<\/td>\n<\/tr>\n<tr>\n<td>Xu\u1ea5t x\u1ee9<\/td>\n<td>\u00dd<\/td>\n<\/tr>\n<tr>\n<td>Th\u00e0nh ph\u1ea7n<\/td>\n<td>\u0110\u00e2u g\u00e0 h\u1eefu c\u01a1, n\u01b0\u1edbc<\/td>\n<\/tr>\n<tr>\n<td>H\u1ea1n s\u1eed d\u1ee5ng<\/td>\n<td>36 th\u00e1ng k\u1ec3 t\u1eeb ng\u00e0y s\u1ea3n xu\u1ea5t.<\/td>\n<\/tr>\n<tr>\n<td>B\u1ea3o qu\u1ea3n<\/td>\n<td>\u0110\u1ec3 n\u01a1i kh\u00f4 r\u00e1o, tho\u00e1ng m\u00e1t, tr\u00e1nh \u00e1nh n\u1eafng tr\u1ef1c ti\u1ebfp, \u0111\u1eady k\u00edn sau khi s\u1eed d\u1ee5ng<\/td>\n<\/tr>\n<tr>\n<td>Kh\u1ed1i l\u01b0\u1ee3ng t\u1ecbnh<\/td>\n<td>400g<\/td>\n<\/tr>\n<\/tbody>\n<\/table>\n<p><span style=\"font-weight: 400;\">\u0110\u1eadu g\u00e0 h\u1eefu c\u01a1 Sottolestelle <\/span><span style=\"font-weight: 400;\">kh\u00f4ng s\u1eed d\u1ee5ng h\u1ea1t gi\u1ed1ng bi\u1ebfn \u0111\u1ed5i Gen GMO, \u0111\u1ea1t ch\u1ee9ng nh\u1eadn Ti\u00eau chu\u1ea9n sinh h\u1ecdc Ch\u00e2u \u00c2u v\u00e0 ch\u1ee9ng nh\u1eadn h\u1eefu c\u01a1 ICEA. T\u1ea5t c\u1ea3 c\u00e1c nguy\u00ean li\u1ec7u \u0111\u1ec1u \u0111\u01b0\u1ee3c \u0111\u00f3ng h\u1ed9p trong v\u00f2ng 48h sau khi thu ho\u1ea1ch \u0111\u1ec3 \u0111\u1ea3m b\u1ea3o \u0111\u1ed9 t\u01b0\u01a1i v\u00e0 ngon nh\u1ea5t cho s\u1ea3n ph\u1ea9m. Mang l\u1ea1i h\u01b0\u01a1ng v\u1ecb t\u01b0\u01a1i ngon v\u00e0 t\u1ef1 nhi\u00ean nh\u1ea5t .<\/span><\/p>\n<p><img fetchpriority=\"high\" decoding=\"async\" class=\"wp-image-20938 aligncenter\" src=\"https:\/\/havamall.vn\/wp-content\/uploads\/2021\/07\/r\u00eafr-212x300.png\" alt=\"\" width=\"694\" height=\"982\" srcset=\"https:\/\/havamall.vn\/wp-content\/uploads\/2021\/07\/r\u00eafr-212x300.png 212w, https:\/\/havamall.vn\/wp-content\/uploads\/2021\/07\/r\u00eafr-430x608.png 430w, https:\/\/havamall.vn\/wp-content\/uploads\/2021\/07\/r\u00eafr-150x212.png 150w, https:\/\/havamall.vn\/wp-content\/uploads\/2021\/07\/r\u00eafr-700x990.png 700w, https:\/\/havamall.vn\/wp-content\/uploads\/2021\/07\/r\u00eafr-768x1086.png 768w, https:\/\/havamall.vn\/wp-content\/uploads\/2021\/07\/r\u00eafr-724x1024.png 724w, https:\/\/havamall.vn\/wp-content\/uploads\/2021\/07\/r\u00eafr-1200x1697.png 1200w, https:\/\/havamall.vn\/wp-content\/uploads\/2021\/07\/r\u00eafr-600x849.png 600w, https:\/\/havamall.vn\/wp-content\/uploads\/2021\/07\/r\u00eafr.png 1240w\" sizes=\"(max-width: 694px) 100vw, 694px\" \/><\/p>\n<p><span style=\"font-weight: 400;\">\u0110\u1eadu g\u00e0 c\u00f3 th\u1ec3 g\u1ecdi l\u00e0 m\u1ed9t th\u1ef1c ph\u1ea9m cung c\u1ea5p Protein tuy\u1ec7t v\u1eddi \u0111\u00f3, trong 28g \u0111\u1eadu g\u00e0 c\u00f3 \u0111\u1ebfn 3g Protein v\u1eady n\u00ean c\u1ef1c th\u00edch h\u1ee3p \u0111\u1ec3 b\u1ed5 sung Protein th\u1ef1c v\u1eadt cho ng\u01b0\u1eddi \u0103n chay.<\/span><\/p>\n<p><span style=\"font-weight: 400;\">100g \u0111\u1eadu g\u00e0 n\u1ea5u ch\u00edn c\u00f3 ch\u1ee9a 269 calo , 15g protein , 13g ch\u1ea5t x\u01a1 , 4g ch\u1ea5t b\u00e9o v\u00e0 0g cholesterol.\u0111\u00e1p \u1ee9ng 19% l\u01b0\u1ee3ng protein c\u1ea7n thi\u1ebft m\u1ed7i ng\u00e0y cho c\u01a1 th\u1ec3 : l\u00e0 th\u1ef1c ph\u1ea9m l\u00fd t\u01b0\u1edfng cho ch\u1ebf \u0111\u1ed9 \u0103n ki\u00eang, vegan, \u0103n chay th\u1ef1c d\u01b0\u1ee1ng.<\/span><\/p>\n<p><img decoding=\"async\" class=\"aligncenter\" src=\"https:\/\/havamall.vn\/wp-content\/uploads\/2021\/05\/dau-ga.png\" alt=\"\u0110\u1eadu g\u00e0 h\u1eefu c\u01a1 Markal 500gr | Can.D Confectionery\" width=\"685\" height=\"514\" \/><\/p>\n<p><span style=\"font-weight: 400;\">C\u00e1c ch\u1ea5t s\u1eaft, phosphate, canxi, magi\u00ea, mangan, k\u1ebdm, protein, acid folic v\u00e0 vitamin K trong \u0111\u1eadu g\u00e0 r\u1ea5t t\u1ed1t cho s\u1ef1 ph\u00e1t tri\u1ec3n c\u1ee7a thai nhi v\u00e0 gi\u00fap b\u00e9 ph\u00e1t tri\u1ec3n chi\u1ec1u cao, x\u01b0\u01a1ng v\u00e0 r\u0103ng ch\u1eafc kh\u1ecfe. Do \u0111\u00f3, \u0111\u00e2y l\u00e0 th\u1ef1c ph\u1ea9m \u0103n d\u1eb7m r\u1ea5t ph\u1ed5 bi\u1ebfn \u1edf ph\u01b0\u01a1ng T\u00e2y. V\u1edbi h\u00e0m l\u01b0\u1ee3ng ch\u1ea5t x\u01a1 cao c\u0169ng ng\u0103n t\u00e1o b\u00f3n cho m\u1eb9 b\u1ea7u n\u1eefa \u0111\u1ea5y.<\/span><\/p>\n<p><span style=\"font-weight: 400;\">Ngo\u00e0i ra, \u0103n \u0111\u1eadu g\u00e0 th\u01b0\u1eddng xuy\u00ean gi\u00fap duy tr\u00ec m\u1ed9t tr\u00e1i tim kh\u1ecfe m\u1ea1nh, h\u1ed7 tr\u1ee3 ti\u00eau h\u00f3a , ng\u0103n ng\u1eeba b\u1ec7nh ti\u1ec3u \u0111\u01b0\u1eddng v\u00e0 c\u1ea3 ung th\u01b0 .<\/span><\/p>\n<p><img decoding=\"async\" class=\"wp-image-20927 aligncenter\" src=\"https:\/\/havamall.vn\/wp-content\/uploads\/2021\/07\/\u1ebbdf-300x161.png\" alt=\"\" width=\"688\" height=\"369\" srcset=\"https:\/\/havamall.vn\/wp-content\/uploads\/2021\/07\/\u1ebbdf-300x161.png 300w, https:\/\/havamall.vn\/wp-content\/uploads\/2021\/07\/\u1ebbdf-430x230.png 430w, https:\/\/havamall.vn\/wp-content\/uploads\/2021\/07\/\u1ebbdf-150x80.png 150w, https:\/\/havamall.vn\/wp-content\/uploads\/2021\/07\/\u1ebbdf-700x375.png 700w, https:\/\/havamall.vn\/wp-content\/uploads\/2021\/07\/\u1ebbdf-768x411.png 768w, https:\/\/havamall.vn\/wp-content\/uploads\/2021\/07\/\u1ebbdf-1024x549.png 1024w, https:\/\/havamall.vn\/wp-content\/uploads\/2021\/07\/\u1ebbdf-1200x643.png 1200w, https:\/\/havamall.vn\/wp-content\/uploads\/2021\/07\/\u1ebbdf-600x321.png 600w, https:\/\/havamall.vn\/wp-content\/uploads\/2021\/07\/\u1ebbdf.png 1900w\" sizes=\"(max-width: 688px) 100vw, 688px\" \/><\/p>\n<p><span style=\"font-weight: 400;\">\u0110\u1eadu g\u00e0 gi\u00e0u ch\u1ea5t x\u01a1 h\u00f2a tan v\u00e0 tinh b\u1ed9t kh\u00e1ng gi\u00fap k\u00edch th\u00edch s\u1ef1 ph\u00e1t tri\u1ec3n vi l\u1ee3i khu\u1ea9n bifidobacterium, gi\u00fap c\u1ee7ng c\u1ed1 h\u1ec7 \u0111\u01b0\u1eddng ru\u1ed9t v\u00e0 ng\u0103n ng\u1eeba b\u1ec7nh ung th\u01b0 \u0111\u1ea1i tr\u1ef1c tr\u00e0ng.<\/span><\/p>\n<p><span style=\"font-weight: 400;\">B\u00ean c\u1ea1nh \u0111\u00f3 b\u1ed9t \u0111\u1eadu g\u00e0 c\u00f3 t\u00e1c d\u1ee5ng t\u1ea9y t\u1ebf b\u00e0o ch\u1ebft, ki\u1ec3m so\u00e1t d\u1ea7u th\u1eeba v\u00e0 cung c\u1ea5p ch\u1ea5t dinh d\u01b0\u1ee1ng c\u1ea7n thi\u1ebft cho da , gi\u00fap c\u1ea3i thi\u1ec7n v\u00e0 l\u00e0m tr\u1eafng da m\u1ed9t c\u00e1ch t\u1ef1 nhi\u00ean.<\/span><\/p>\n<p><img loading=\"lazy\" decoding=\"async\" class=\"wp-image-19810 aligncenter\" src=\"https:\/\/havamall.vn\/wp-content\/uploads\/2021\/05\/hbf-212x300.jpg\" alt=\"\" width=\"683\" height=\"966\" srcset=\"https:\/\/havamall.vn\/wp-content\/uploads\/2021\/05\/hbf-212x300.jpg 212w, https:\/\/havamall.vn\/wp-content\/uploads\/2021\/05\/hbf-430x609.jpg 430w, https:\/\/havamall.vn\/wp-content\/uploads\/2021\/05\/hbf-150x212.jpg 150w, https:\/\/havamall.vn\/wp-content\/uploads\/2021\/05\/hbf-700x991.jpg 700w, https:\/\/havamall.vn\/wp-content\/uploads\/2021\/05\/hbf-768x1087.jpg 768w, https:\/\/havamall.vn\/wp-content\/uploads\/2021\/05\/hbf-724x1024.jpg 724w, https:\/\/havamall.vn\/wp-content\/uploads\/2021\/05\/hbf-1200x1698.jpg 1200w, https:\/\/havamall.vn\/wp-content\/uploads\/2021\/05\/hbf-600x849.jpg 600w, https:\/\/havamall.vn\/wp-content\/uploads\/2021\/05\/hbf.jpg 1447w\" sizes=\"(max-width: 683px) 100vw, 683px\" \/><\/p>\n<h3><strong>C\u00f4ng d\u1ee5ng c\u1ee7a \u0111\u1eadu g\u00e0:<\/strong><\/h3>\n<p><span style=\"font-weight: 400;\">\u2013 \u0110\u1eadu g\u00e0 cung c\u1ea5p nhi\u1ec1u vitamin v\u00e0 c\u00e1c kho\u00e1ng ch\u1ea5t nh\u01b0: ch\u1ea5t x\u01a1, protein, acid folic, s\u1eaft, \u0111\u1ed3ng, k\u1ebdm v\u00e0 magi\u00ea.<\/span><\/p>\n<p><span style=\"font-weight: 400;\">\u2013 Gi\u1ea3m nguy c\u01a1 m\u1eafc m\u1ed9t s\u1ed1 b\u1ec7nh nh\u01b0 b\u1ec7nh tim, b\u1ec7nh b\u00e9o ph\u00ec , b\u1ec7nh ti\u1ec3u \u0111\u01b0\u1eddng v\u00e0 duy tr\u00ec m\u1ed9t s\u1ee9c kh\u1ecfe l\u00e0nh m\u1ea1nh.<\/span><\/p>\n<p><span style=\"font-weight: 400;\">\u2013 L\u00e0 m\u00f3n protein th\u1ef1c v\u1eadt n\u00ean th\u01b0\u1eddng d\u00f9ng trong ch\u1ebf \u0111\u1ed9 \u0103n \u0111\u1ec3 gi\u1ea3m c\u00e2n.<\/span><\/p>\n<p><span style=\"font-weight: 400;\">\u2013 \u0110\u1eadu Chickpea c\u00f3 th\u00e0nh ph\u1ea7n dinh d\u01b0\u1ee1ng \u0111\u1eb7c bi\u1ec7t t\u1ed1t cho ph\u1ee5 n\u1eef c\u00f3 thai, \u0111ang cho con b\u00fa. Tr\u1ebb em trong giai \u0111o\u1ea1n ph\u00e1t tri\u1ec3n. Ng\u01b0\u1eddi m\u1eafc b\u1ec7nh ti\u1ec3u \u0111\u01b0\u1eddng, huy\u1ebft \u00e1p cao, m\u1ee1 m\u00e1u c\u1ea7n \u0103n ki\u00eang, ng\u01b0\u1eddi mu\u1ed1n gi\u1ea3m c\u00e2n v\u00e0 m\u1edbi \u1ed1m d\u1eady.<\/span><\/p>\n<p><img loading=\"lazy\" decoding=\"async\" class=\"wp-image-19811 aligncenter\" src=\"https:\/\/havamall.vn\/wp-content\/uploads\/2021\/05\/trg-300x200.jpg\" alt=\"\" width=\"685\" height=\"457\" srcset=\"https:\/\/havamall.vn\/wp-content\/uploads\/2021\/05\/trg-300x200.jpg 300w, https:\/\/havamall.vn\/wp-content\/uploads\/2021\/05\/trg-430x287.jpg 430w, https:\/\/havamall.vn\/wp-content\/uploads\/2021\/05\/trg-150x100.jpg 150w, https:\/\/havamall.vn\/wp-content\/uploads\/2021\/05\/trg-700x467.jpg 700w, https:\/\/havamall.vn\/wp-content\/uploads\/2021\/05\/trg-768x513.jpg 768w, https:\/\/havamall.vn\/wp-content\/uploads\/2021\/05\/trg-1024x683.jpg 1024w, https:\/\/havamall.vn\/wp-content\/uploads\/2021\/05\/trg-1200x801.jpg 1200w, https:\/\/havamall.vn\/wp-content\/uploads\/2021\/05\/trg-600x400.jpg 600w, https:\/\/havamall.vn\/wp-content\/uploads\/2021\/05\/trg.jpg 1840w\" sizes=\"(max-width: 685px) 100vw, 685px\" \/><\/p>\n<h3><strong>H\u01b0\u1edbng d\u1eabn s\u1eed d\u1ee5ng:<\/strong><\/h3>\n<p>&#8211; R\u1eeda s\u1ea1ch v\u1edbi n\u01b0\u1edbc l\u1ea1nh va\u0300 \u0111\u00ea\u0309 ra\u0301o. N\u00e2\u0301u v\u00e0 n\u00eam gia vi\u0323 tuy\u0300 y\u0301.<\/p>\n<p>&#8211; C\u00f3 th\u1ec3 s\u1eed d\u1ee5ng s\u1ea3n ph\u1ea9m trong c\u00e1c c\u00f4ng th\u1ee9c n\u1ea5u \u0103n c\u00e1c m\u00f3n ch\u00ednh ho\u1eb7c ph\u1ee5.<\/p>\n<p>&#8211; \u0110\u1ec3 n\u01a1i kh\u00f4 r\u00e1o, tho\u00e1ng m\u00e1t. \u0110\u1eady k\u00edn sau m\u1ed7i l\u1ea7n s\u1eed d\u1ee5ng. Sau khi m\u1edf n\u1eafp, \u0111\u1ed5 s\u1ea3n ph\u1ea9m v\u00e0o h\u1ed9p \u0111\u1ef1ng th\u1ef1c ph\u1ea9m v\u00e0 b\u1ea3o qu\u1ea3n trong t\u1ee7 l\u1ea1nh. S\u1eed d\u1ee5ng trong v\u00f2ng 3 \u0111\u1ebfn 4 ng\u00e0y.<\/p>\n<p>S\u1ea3n ph\u1ea9m hi\u1ec7n \u0111\u00e3 c\u00f3 m\u1eb7t t\u1ea1i Havamall.<\/p>","protected":false},"excerpt":{"rendered":"<p>TH\u00d4NG TIN S\u1ea2N PH\u1ea8M Th\u01b0\u01a1ng hi\u1ec7u Sottolestelle Xu\u1ea5t x\u1ee9 \u00dd Th\u00e0nh ph\u1ea7n \u0110\u00e2u g\u00e0 h\u1eefu c\u01a1, n\u01b0\u1edbc H\u1ea1n s\u1eed d\u1ee5ng<\/p>","protected":false},"featured_media":21101,"comment_status":"open","ping_status":"closed","template":"","meta":[],"product_brand":[],"product_cat":[256,36,143],"product_tag":[],"class_list":{"0":"post-20924","1":"product","2":"type-product","3":"status-publish","4":"has-post-thumbnail","6":"product_cat-thuc-pham-huu-co","7":"product_cat-thuc-pham-tieu-dung","8":"product_cat-thuc-pham-dong-hop","9":"pa_brand-sottolestell","11":"first","12":"instock","13":"sale","14":"shipping-taxable","15":"purchasable","16":"product-type-simple"},"_links":{"self":[{"href":"https:\/\/havamall.vn\/en\/wp-json\/wp\/v2\/product\/20924"}],"collection":[{"href":"https:\/\/havamall.vn\/en\/wp-json\/wp\/v2\/product"}],"about":[{"href":"https:\/\/havamall.vn\/en\/wp-json\/wp\/v2\/types\/product"}],"replies":[{"embeddable":true,"href":"https:\/\/havamall.vn\/en\/wp-json\/wp\/v2\/comments?post=20924"}],"version-history":[{"count":0,"href":"https:\/\/havamall.vn\/en\/wp-json\/wp\/v2\/product\/20924\/revisions"}],"wp:featuredmedia":[{"embeddable":true,"href":"https:\/\/havamall.vn\/en\/wp-json\/wp\/v2\/media\/21101"}],"wp:attachment":[{"href":"https:\/\/havamall.vn\/en\/wp-json\/wp\/v2\/media?parent=20924"}],"wp:term":[{"taxonomy":"product_brand","embeddable":true,"href":"https:\/\/havamall.vn\/en\/wp-json\/wp\/v2\/product_brand?post=20924"},{"taxonomy":"product_cat","embeddable":true,"href":"https:\/\/havamall.vn\/en\/wp-json\/wp\/v2\/product_cat?post=20924"},{"taxonomy":"product_tag","embeddable":true,"href":"https:\/\/havamall.vn\/en\/wp-json\/wp\/v2\/product_tag?post=20924"}],"curies":[{"name":"wp","href":"https:\/\/api.w.org\/{rel}","templated":true}]}}