{"id":20918,"date":"2021-07-27T11:53:46","date_gmt":"2021-07-27T04:53:46","guid":{"rendered":"https:\/\/havamall.vn\/?post_type=product&#038;p=20918"},"modified":"2021-09-13T14:24:40","modified_gmt":"2021-09-13T07:24:40","slug":"nuoc-duong-nho-huu-co-sottoletelle-organic-grape-sugar-juice-250ml","status":"publish","type":"product","link":"https:\/\/havamall.vn\/en\/shop\/nuoc-duong-nho-huu-co-sottoletelle-organic-grape-sugar-juice-250ml\/","title":{"rendered":"N\u01b0\u1edbc \u0110\u01b0\u1eddng Nho H\u1eefu C\u01a1-  Sottoletelle Organic Grape Sugar Juice 250ml"},"content":{"rendered":"<h3><strong>TH\u00d4NG TIN S\u1ea2N PH\u1ea8M<\/strong><\/h3>\n<table>\n<tbody>\n<tr>\n<td>Th\u01b0\u01a1ng hi\u1ec7u<\/td>\n<td>Sottoletelle<\/td>\n<\/tr>\n<tr>\n<td>Xu\u1ea5t x\u1ee9<\/td>\n<td>\u00dd<\/td>\n<\/tr>\n<tr>\n<td>Th\u00e0nh ph\u1ea7n<\/td>\n<td>100% n\u01b0\u1edbc \u0111\u01b0\u1eddng nho h\u1eefu c\u01a1 c\u00f4 \u0111\u1eb7c<\/td>\n<\/tr>\n<tr>\n<td>H\u1ea1n s\u1eed d\u1ee5ng<\/td>\n<td>24 th\u00e1ng k\u1ec3 t\u1eeb ng\u00e0y s\u1ea3n xu\u1ea5t.<\/td>\n<\/tr>\n<tr>\n<td>B\u1ea3o qu\u1ea3n<\/td>\n<td>\u0110\u1eady k\u00edn v\u00e0 b\u1ea3o qu\u1ea3n n\u01a1i tho\u00e1ng m\u00e1t<\/td>\n<\/tr>\n<tr>\n<td>Th\u1ec3 t\u00edch th\u1ef1c<\/td>\n<td>250ml<\/td>\n<\/tr>\n<\/tbody>\n<\/table>\n<p><span style=\"font-weight: 400\">\u0110\u01b0\u1eddng nho xu\u1ea5t hi\u1ec7n t\u1eeb th\u1eddi La M\u00e3 c\u1ed5 \u0111\u1ea1i, v\u00e0 \u0111\u00e3 tr\u1edf th\u00e0nh 1 ph\u1ea7n c\u01a1 b\u1ea3n c\u1ee7a \u1ea9m th\u1ef1c truy\u1ec1n th\u1ed1ng. N\u01b0\u1edbc \u0111\u01b0\u1eddng nho l\u00e0 ch\u1ea5t l\u00e0m ng\u1ecdt t\u1ef1 nhi\u00ean ch\u1ea5t l\u01b0\u1ee3ng cao, ban \u0111\u1ea7u ch\u1ee7 y\u1ebfu \u0111\u01b0\u1ee3c s\u1eed d\u1ee5ng trong l\u0129nh v\u1ef1c s\u1ea3n xu\u1ea5t r\u01b0\u1ee3u vang <\/span><span style=\"font-weight: 400\"> \u0111\u1ec3 t\u0103ng n\u1ed3ng \u0111\u1ed9 c\u1ed3n, v\u00e0 r\u1ea5t nhanh ch\u00f3ng x\u00e1c \u0111\u1ecbnh ch\u1ed7 \u0111\u1ee9ng trong ng\u00e0nh c\u00f4ng nghi\u1ec7p ch\u1ebf bi\u1ebfn th\u1ef1c ph\u1ea9m, l\u00e0 nguy\u00ean li\u1ec7u c\u01a1 b\u1ea3n cho c\u00e1c m\u00f3n ch\u1ebf bi\u1ebfn t\u1eeb nho g\u1ed3m m\u1ee9t, n\u01b0\u1edbc ng\u1ecdt, cocktail, n\u01b0\u1edbc \u00e9p nho t\u01b0\u01a1i, gi\u1ea5m balsamic <\/span><span style=\"font-weight: 400\"> N\u00f3 c\u00f3 d\u1ea1ng l\u1ecfng, kh\u00f4ng m\u00e0u, g\u1ea7n nh\u01b0 kh\u00f4ng m\u00f9i. 100g s\u1ea3n ph\u1ea9m ch\u1ee9a 65g \u0111\u01b0\u1eddng v\u00e0 35g n\u01b0\u1edbc, cung c\u1ea5p n\u0103ng l\u01b0\u1ee3ng kho\u1ea3ng 267 calo.<\/span><\/p>\n<p><img fetchpriority=\"high\" decoding=\"async\" class=\"wp-image-20919 aligncenter\" src=\"https:\/\/havamall.vn\/wp-content\/uploads\/2021\/07\/gtfg-300x277.png\" alt=\"\" width=\"775\" height=\"716\" srcset=\"https:\/\/havamall.vn\/wp-content\/uploads\/2021\/07\/gtfg-300x277.png 300w, https:\/\/havamall.vn\/wp-content\/uploads\/2021\/07\/gtfg-430x397.png 430w, https:\/\/havamall.vn\/wp-content\/uploads\/2021\/07\/gtfg-150x138.png 150w, https:\/\/havamall.vn\/wp-content\/uploads\/2021\/07\/gtfg-700x646.png 700w, https:\/\/havamall.vn\/wp-content\/uploads\/2021\/07\/gtfg-768x709.png 768w, https:\/\/havamall.vn\/wp-content\/uploads\/2021\/07\/gtfg-1024x945.png 1024w, https:\/\/havamall.vn\/wp-content\/uploads\/2021\/07\/gtfg-1200x1107.png 1200w, https:\/\/havamall.vn\/wp-content\/uploads\/2021\/07\/gtfg-600x554.png 600w, https:\/\/havamall.vn\/wp-content\/uploads\/2021\/07\/gtfg.png 1749w\" sizes=\"(max-width: 775px) 100vw, 775px\" \/><\/p>\n<p><span style=\"font-weight: 400\"> \u0110\u01b0\u1eddng nho l\u00e0 m\u1ed9t h\u1ed7n h\u1ee3p c\u1ee7a monosacarit v\u00e0 c\u00e1c lo\u1ea1i \u0111\u01b0\u1eddng \u0111\u01a1n: kho\u1ea3ng 50% fructose, 48% glucose, 2% pentose v\u00e0 d\u1ea7u. Glucose v\u00e0 fructose c\u00f3 th\u1ec3 l\u00ean men, v\u00ec v\u1eady n\u1ebfu l\u00e0 s\u1ea3n ph\u1ea9m d\u00e0nh ri\u00eang cho s\u1ea3n xu\u1ea5t r\u01b0\u1ee3u vang, \u0111\u01b0\u1eddng nho c\u00e0ng gi\u00e0u \u0111\u01b0\u1eddng, n\u1ed3ng \u0111\u1ed9 c\u1ed3n c\u1ee7a r\u01b0\u1ee3u c\u00e0ng cao. Ngo\u00e0i ra c\u00f2n ch\u1ee9a c\u00e1c axit h\u1eefu c\u01a1 th\u1ef1c v\u1eadt (axit tartaric, axit malic v\u00e0 axit citric), ch\u1ea5t kho\u00e1ng, c\u00e1c h\u1ee3p ch\u1ea5t phenolic v\u00e0 vitamin B, C, A (trong h\u1ea1t nho).<\/span><\/p>\n<p><img decoding=\"async\" class=\"wp-image-21282 aligncenter\" src=\"https:\/\/havamall.vn\/wp-content\/uploads\/2021\/07\/YYUT-300x300.png\" alt=\"\" width=\"769\" height=\"769\" srcset=\"https:\/\/havamall.vn\/wp-content\/uploads\/2021\/07\/YYUT-300x300.png 300w, https:\/\/havamall.vn\/wp-content\/uploads\/2021\/07\/YYUT-430x430.png 430w, https:\/\/havamall.vn\/wp-content\/uploads\/2021\/07\/YYUT-150x150.png 150w, https:\/\/havamall.vn\/wp-content\/uploads\/2021\/07\/YYUT-700x700.png 700w, https:\/\/havamall.vn\/wp-content\/uploads\/2021\/07\/YYUT-768x768.png 768w, https:\/\/havamall.vn\/wp-content\/uploads\/2021\/07\/YYUT-600x600.png 600w, https:\/\/havamall.vn\/wp-content\/uploads\/2021\/07\/YYUT-100x100.png 100w, https:\/\/havamall.vn\/wp-content\/uploads\/2021\/07\/YYUT.png 960w\" sizes=\"(max-width: 769px) 100vw, 769px\" \/><\/p>\n<p><span style=\"font-weight: 400\"> N\u01b0\u1edbc \u0111\u01b0\u1eddng nho ng\u00e0y c\u00e0ng \u0111\u01b0\u1ee3c s\u1eed d\u1ee5ng nhi\u1ec1u h\u01a1n trong vi\u1ec7c chu\u1ea9n b\u1ecb c\u00e1c m\u00f3n tr\u00e1ng mi\u1ec7ng v\u00e0 b\u00e1nh t\u1ef1 l\u00e0m v\u00ec h\u00e0m l\u01b0\u1ee3ng fructose \u1edf d\u1ea1ng t\u1ef1 do t\u1ea1o ra h\u01b0\u01a1ng v\u1ecb \u0111\u1eb7c tr\u01b0ng, c\u1ed9ng th\u00eam kh\u1ea3 n\u0103ng ch\u1ed1ng oxy ho\u00e1 c\u1ee7a glucose gi\u00fap tr\u00e1i c\u00e2y\/rau c\u1ee7 kh\u00f4ng b\u1ecb \u201c\u0111\u1ed5i m\u00e0u\u201d trong th\u1eddi gian d\u00e0i ngo\u00e0i kh\u00f4ng kh\u00ed, th\u1eadm ch\u00ed ho\u00e0 tan t\u1ed1t trong n\u01b0\u1edbc l\u1ea1nh.<\/span><\/p>\n<p><img decoding=\"async\" class=\"wp-image-20921 aligncenter\" src=\"https:\/\/havamall.vn\/wp-content\/uploads\/2021\/07\/rgretr-300x200.png\" alt=\"\" width=\"774\" height=\"517\" srcset=\"https:\/\/havamall.vn\/wp-content\/uploads\/2021\/07\/rgretr-300x200.png 300w, https:\/\/havamall.vn\/wp-content\/uploads\/2021\/07\/rgretr-430x287.png 430w, https:\/\/havamall.vn\/wp-content\/uploads\/2021\/07\/rgretr-150x100.png 150w, https:\/\/havamall.vn\/wp-content\/uploads\/2021\/07\/rgretr-700x467.png 700w, https:\/\/havamall.vn\/wp-content\/uploads\/2021\/07\/rgretr-768x512.png 768w, https:\/\/havamall.vn\/wp-content\/uploads\/2021\/07\/rgretr.png 1024w, https:\/\/havamall.vn\/wp-content\/uploads\/2021\/07\/rgretr-600x400.png 600w\" sizes=\"(max-width: 774px) 100vw, 774px\" \/><\/p>\n<p><span style=\"font-weight: 400\">Nho l\u00e0 m\u1ed9t trong nh\u1eefng lo\u1ea1i qu\u1ea3 c\u00f3 t\u00ednh bi\u1ec3u t\u01b0\u1ee3ng cao trong \u0111\u1eddi s\u1ed1ng v\u0103n ho\u00e1 c\u1ee7a con ng\u01b0\u1eddi. Trong c\u00e1c n\u1ec1n v\u0103n minh thu\u1ed9c Hy L\u1ea1p, nho xu\u1ea5t hi\u1ec7n tr\u00ean v\u01b0\u01a1ng mi\u1ec7n c\u1ee7a c\u00e1c n\u1eef th\u1ea7n, nh\u1eefng v\u1ecb anh h\u00f9ng huy\u1ec1n tho\u1ea1i. Tr\u00ean b\u00e0n ti\u1ec7c c\u1ee7a qu\u00fd t\u1ed9c La M\u00e3 c\u1ed5 \u0111\u1ea1i c\u0169ng kh\u00f4ng th\u1ec3 thi\u1ebfu nho, lo\u1ea1i qu\u1ea3 \u0111\u01b0\u1ee3c \u0111\u1eb7t t\u1ea1i v\u1ecb tr\u00ed trang tr\u1ecdng, \u0111\u1ea1i di\u1ec7n cho th\u00fa vui ti\u00eau khi\u1ec3n.<\/span><\/p>\n<p><img loading=\"lazy\" decoding=\"async\" class=\"wp-image-20922 aligncenter\" src=\"https:\/\/havamall.vn\/wp-content\/uploads\/2021\/07\/tyhtr-300x212.png\" alt=\"\" width=\"783\" height=\"553\" srcset=\"https:\/\/havamall.vn\/wp-content\/uploads\/2021\/07\/tyhtr-300x212.png 300w, https:\/\/havamall.vn\/wp-content\/uploads\/2021\/07\/tyhtr-430x303.png 430w, https:\/\/havamall.vn\/wp-content\/uploads\/2021\/07\/tyhtr-150x106.png 150w, https:\/\/havamall.vn\/wp-content\/uploads\/2021\/07\/tyhtr-700x494.png 700w, https:\/\/havamall.vn\/wp-content\/uploads\/2021\/07\/tyhtr-768x542.png 768w, https:\/\/havamall.vn\/wp-content\/uploads\/2021\/07\/tyhtr-1024x722.png 1024w, https:\/\/havamall.vn\/wp-content\/uploads\/2021\/07\/tyhtr-220x154.png 220w, https:\/\/havamall.vn\/wp-content\/uploads\/2021\/07\/tyhtr-1200x846.png 1200w, https:\/\/havamall.vn\/wp-content\/uploads\/2021\/07\/tyhtr-600x423.png 600w, https:\/\/havamall.vn\/wp-content\/uploads\/2021\/07\/tyhtr.png 1238w\" sizes=\"(max-width: 783px) 100vw, 783px\" \/><\/p>\n<p><span style=\"font-weight: 400\">N\u01b0\u1edbc \u0111\u01b0\u1eddng nho d\u00f9 l\u00e0 ch\u1ea5t l\u00e0m ng\u1ecdt t\u1ef1 nhi\u00ean, nh\u01b0ng v\u1eabn thu\u1ed9c nh\u00f3m th\u1ef1c ph\u1ea9m c\u1ea7n gi\u1edbi h\u1ea1n theo l\u1eddi khuy\u00ean c\u1ee7a chuy\u00ean gia \u0111\u1ec3 \u0111\u1ea3m b\u1ea3o s\u1ee9c kho\u1ebb l\u00e0nh m\u1ea1nh.<\/span><\/p>\n<p><img loading=\"lazy\" decoding=\"async\" class=\"wp-image-20920 aligncenter\" src=\"https:\/\/havamall.vn\/wp-content\/uploads\/2021\/07\/frbffgr-300x225.png\" alt=\"\" width=\"771\" height=\"579\" srcset=\"https:\/\/havamall.vn\/wp-content\/uploads\/2021\/07\/frbffgr-300x225.png 300w, https:\/\/havamall.vn\/wp-content\/uploads\/2021\/07\/frbffgr-430x323.png 430w, https:\/\/havamall.vn\/wp-content\/uploads\/2021\/07\/frbffgr-150x113.png 150w, https:\/\/havamall.vn\/wp-content\/uploads\/2021\/07\/frbffgr-700x525.png 700w, https:\/\/havamall.vn\/wp-content\/uploads\/2021\/07\/frbffgr-768x576.png 768w, https:\/\/havamall.vn\/wp-content\/uploads\/2021\/07\/frbffgr-1024x768.png 1024w, https:\/\/havamall.vn\/wp-content\/uploads\/2021\/07\/frbffgr-1200x900.png 1200w, https:\/\/havamall.vn\/wp-content\/uploads\/2021\/07\/frbffgr-600x450.png 600w, https:\/\/havamall.vn\/wp-content\/uploads\/2021\/07\/frbffgr.png 1280w\" sizes=\"(max-width: 771px) 100vw, 771px\" \/><\/p>\n<h3><strong>H\u01b0\u1edbng d\u1eabn s\u1eed d\u1ee5ng:<\/strong><\/h3>\n<p>&#8211; Pha n\u01b0\u1edbc hoa qu\u1ea3 v\u00e0 n\u1ea5u ch\u00e8, n\u1ea5u t\u00e0o ph\u1edb \u0111\u1ec1u ngon.<\/p>\n<p>&#8211; Ch\u1ea5t l\u00e0m ng\u1ecdt c\u00f3 \u0111\u1ed9 \u0111\u1eb7c t\u01b0\u01a1ng t\u1ef1 nh\u01b0 m\u1eadt ong.<\/p>\n<p>&#8211; Th\u00edch h\u1ee3p \u0111\u1ec3 l\u00e0m ng\u1ecdt t\u1ea5t c\u1ea3 c\u00e1c s\u1ea3n ph\u1ea9m th\u1ef1c ph\u1ea9m, m\u00e0 kh\u00f4ng thay \u0111\u1ed5i h\u01b0\u01a1ng v\u1ecb c\u1ee7a ch\u00fang.<\/p>\n<p>&#8211; \u0110\u01b0\u1eddng nho khi n\u1ebfm \u00a0ban \u0111\u1ea7u c\u00f3 v\u1ecb ng\u1ecdt r\u1ed3i chuy\u1ec3n d\u1ea7n sang chua.<\/p>\n<p>&#8211; \u01afu \u0111i\u1ec3m c\u1ee7a \u0111\u01b0\u1eddng nho l\u00e0 c\u00f3 t\u00ednh axit nh\u1eb9, kh\u00f4ng m\u00f9i n\u00ean \u0111\u01b0\u1ee3c s\u1eed d\u1ee5ng r\u1ed9ng r\u00e3i v\u1edbi vai tr\u00f2 b\u1ed5 sung v\u1ecb th\u01a1m n\u1ed3ng cho m\u00f3n \u0103n, \u0111\u1eb7c bi\u1ec7t l\u00e0 m\u00f3n t\u00e0u ph\u1edb.<\/p>\n<p>S\u1ea3n ph\u1ea9m hi\u1ec7n \u0111\u00e3 c\u00f3 m\u1eb7t t\u1ea1i Havamall.<\/p>","protected":false},"excerpt":{"rendered":"<p>TH\u00d4NG TIN S\u1ea2N PH\u1ea8M Th\u01b0\u01a1ng hi\u1ec7u Sottoletelle Xu\u1ea5t x\u1ee9 \u00dd Th\u00e0nh ph\u1ea7n 100% n\u01b0\u1edbc \u0111\u01b0\u1eddng nho h\u1eefu c\u01a1 c\u00f4 \u0111\u1eb7c<\/p>","protected":false},"featured_media":20923,"comment_status":"open","ping_status":"closed","template":"","meta":[],"product_brand":[],"product_cat":[256,36,135,143],"product_tag":[],"class_list":{"0":"post-20918","1":"product","2":"type-product","3":"status-publish","4":"has-post-thumbnail","6":"product_cat-thuc-pham-huu-co","7":"product_cat-thuc-pham-tieu-dung","8":"product_cat-sua-do-uong","9":"product_cat-thuc-pham-dong-hop","10":"pa_brand-sottolestell","12":"first","13":"outofstock","14":"sale","15":"shipping-taxable","16":"purchasable","17":"product-type-simple"},"_links":{"self":[{"href":"https:\/\/havamall.vn\/en\/wp-json\/wp\/v2\/product\/20918"}],"collection":[{"href":"https:\/\/havamall.vn\/en\/wp-json\/wp\/v2\/product"}],"about":[{"href":"https:\/\/havamall.vn\/en\/wp-json\/wp\/v2\/types\/product"}],"replies":[{"embeddable":true,"href":"https:\/\/havamall.vn\/en\/wp-json\/wp\/v2\/comments?post=20918"}],"version-history":[{"count":0,"href":"https:\/\/havamall.vn\/en\/wp-json\/wp\/v2\/product\/20918\/revisions"}],"wp:featuredmedia":[{"embeddable":true,"href":"https:\/\/havamall.vn\/en\/wp-json\/wp\/v2\/media\/20923"}],"wp:attachment":[{"href":"https:\/\/havamall.vn\/en\/wp-json\/wp\/v2\/media?parent=20918"}],"wp:term":[{"taxonomy":"product_brand","embeddable":true,"href":"https:\/\/havamall.vn\/en\/wp-json\/wp\/v2\/product_brand?post=20918"},{"taxonomy":"product_cat","embeddable":true,"href":"https:\/\/havamall.vn\/en\/wp-json\/wp\/v2\/product_cat?post=20918"},{"taxonomy":"product_tag","embeddable":true,"href":"https:\/\/havamall.vn\/en\/wp-json\/wp\/v2\/product_tag?post=20918"}],"curies":[{"name":"wp","href":"https:\/\/api.w.org\/{rel}","templated":true}]}}