{"id":20910,"date":"2021-07-27T11:12:35","date_gmt":"2021-07-27T04:12:35","guid":{"rendered":"https:\/\/havamall.vn\/?post_type=product&#038;p=20910"},"modified":"2022-01-09T23:32:09","modified_gmt":"2022-01-09T16:32:09","slug":"ngu-coc-gion-muesli-mix-trai-cay-sottolestelle-muesli-crispy-cereal-mix-fruit-350g","status":"publish","type":"product","link":"https:\/\/havamall.vn\/en\/shop\/ngu-coc-gion-muesli-mix-trai-cay-sottolestelle-muesli-crispy-cereal-mix-fruit-350g\/","title":{"rendered":"Ng\u0169 C\u1ed1c Gi\u00f2n Muesli Mix Tr\u00e1i C\u00e2y &#8211; Sottolestelle Muesli Crispy Cereal Mix Fruit 350g"},"content":{"rendered":"<p><span style=\"font-weight: 400;\">Ng\u0169 c\u1ed1c Muesli l\u00e0 th\u1ef1c ph\u1ea9m dinh d\u01b0\u1ee1ng \u0111\u01b0\u1ee3c y\u00eau th\u00edch t\u1ea1i c\u00e1c n\u01b0\u1edbc ph\u01b0\u01a1ng T\u00e2y, \u0111\u01b0\u1ee3c l\u00e0m t\u1eeb c\u00e1c lo\u1ea1i h\u1ea1t, hoa qu\u1ea3 kh\u00f4. Muesli c\u00f3 th\u1ec3 k\u1ebft h\u1ee3p v\u1edbi c\u00e1c lo\u1ea1i s\u1eefa h\u1ea1t, s\u1eefa chua. Th\u00eam h\u01b0\u01a1ng v\u1ecb t\u1eeb c\u00e1c lo\u1ea1i tr\u00e1i c\u00e2y nh\u01b0 nho kh\u00f4, t\u00e1o, d\u1eeba gi\u00fap ng\u0169 c\u1ed1c kh\u00f4ng h\u1ec1 ng\u1ea5y khi s\u1eed d\u1ee5ng. B\u00ean c\u1ea1nh \u0111\u00f3, \u0111\u1ed9 gi\u00f2n tan c\u1ee7a s\u1ea3n ph\u1ea9m c\u0169ng l\u00e0 m\u1ed9t \u01b0u \u0111i\u1ec3m \u0111\u1ec3 b\u1ea1n c\u00f3 th\u1ec3 s\u1eed d\u1ee5ng nh\u01b0 l\u00e0 m\u00f3n \u0103n v\u1eb7t h\u00e0ng ng\u00e0y.<\/span><\/p>\n<p><img fetchpriority=\"high\" decoding=\"async\" class=\"wp-image-20911 aligncenter\" src=\"https:\/\/havamall.vn\/wp-content\/uploads\/2021\/07\/rtrvg-212x300.png\" alt=\"\" width=\"687\" height=\"971\" srcset=\"https:\/\/havamall.vn\/wp-content\/uploads\/2021\/07\/rtrvg-212x300.png 212w, https:\/\/havamall.vn\/wp-content\/uploads\/2021\/07\/rtrvg-430x608.png 430w, https:\/\/havamall.vn\/wp-content\/uploads\/2021\/07\/rtrvg-150x212.png 150w, https:\/\/havamall.vn\/wp-content\/uploads\/2021\/07\/rtrvg-700x990.png 700w, https:\/\/havamall.vn\/wp-content\/uploads\/2021\/07\/rtrvg-768x1086.png 768w, https:\/\/havamall.vn\/wp-content\/uploads\/2021\/07\/rtrvg-724x1024.png 724w, https:\/\/havamall.vn\/wp-content\/uploads\/2021\/07\/rtrvg-1200x1697.png 1200w, https:\/\/havamall.vn\/wp-content\/uploads\/2021\/07\/rtrvg-600x849.png 600w, https:\/\/havamall.vn\/wp-content\/uploads\/2021\/07\/rtrvg.png 1240w\" sizes=\"(max-width: 687px) 100vw, 687px\" \/><\/p>\n<p><span style=\"font-weight: 400;\">V\u1edbi ch\u1ea5t x\u01a1 t\u1eeb b\u1ed9t y\u1ebfn m\u1ea1ch &#8211; l\u00faa m\u00ec &#8211; l\u00faa m\u1ea1ch nguy\u00ean c\u00e1m gi\u00fap gi\u1eef c\u1ea3m gi\u00e1c no l\u00e2u m\u00e0 kh\u00f4ng c\u1ea7n \u0103n qu\u00e1 nhi\u1ec1u.\u00a0<\/span><span style=\"font-weight: 400;\">Ti\u00eau th\u1ee5 \u0111\u1ee7 l\u01b0\u1ee3ng ch\u1ea5t x\u01a1 c\u00f2n gi\u00fap t\u1ed1i \u01b0u h\u00f3a ch\u1ee9c n\u0103ng c\u1ee7a c\u00e1c vi khu\u1ea9n c\u00f3 l\u1ee3i trong \u0111\u01b0\u1eddng ru\u1ed9t.<\/span><\/p>\n<p><span style=\"font-weight: 400;\"> Th\u00eam h\u01b0\u01a1ng v\u1ecb t\u1eeb c\u00e1c lo\u1ea1i tr\u00e1i c\u00e2y nh\u01b0 nho kh\u00f4, t\u00e1o, d\u1eeba s\u1ebd kh\u00f4ng h\u1ec1 ng\u1ea5y khi s\u1eed d\u1ee5ng. B\u00ean c\u1ea1nh \u0111\u00f3, v\u1edbi \u0111\u1ed9 gi\u00f2n tan c\u1ee7a s\u1ea3n ph\u1ea9m c\u0169ng l\u00e0 m\u1ed9t \u01b0u \u0111i\u1ec3m \u0111\u1ec3 b\u1ea1n c\u00f3 th\u1ec3 s\u1eed d\u1ee5ng nh\u01b0 l\u00e0 m\u00f3n \u0103n v\u1eb7t h\u00e0ng ng\u00e0y.\u00a0 Ch\u1ea5t ch\u1ed1ng oxy ho\u00e1 t\u1eeb t\u00e1o, nho, d\u00e2u t\u00e2y\u2026 s\u1ea5y gi\u00fap t\u0103ng m\u1ee9c \u0111\u1ed9 ch\u1ed1ng oxy h\u00f3a trong m\u00e1u c\u1ee7a b\u1ea1n \u0111\u1ec3 ch\u1ed1ng l\u1ea1i stress oxy h\u00f3a v\u00e0 gi\u1ea3m nguy c\u01a1 m\u1eafc b\u1ec7nh b\u1edfi c\u00e1c g\u1ed1c t\u1ef1 do c\u00f3 h\u1ea1i.<\/span><\/p>\n<p><img decoding=\"async\" class=\"wp-image-20912 aligncenter\" src=\"https:\/\/havamall.vn\/wp-content\/uploads\/2021\/07\/dffv-293x300.png\" alt=\"\" width=\"674\" height=\"690\" srcset=\"https:\/\/havamall.vn\/wp-content\/uploads\/2021\/07\/dffv-293x300.png 293w, https:\/\/havamall.vn\/wp-content\/uploads\/2021\/07\/dffv-430x441.png 430w, https:\/\/havamall.vn\/wp-content\/uploads\/2021\/07\/dffv-150x154.png 150w, https:\/\/havamall.vn\/wp-content\/uploads\/2021\/07\/dffv-700x717.png 700w, https:\/\/havamall.vn\/wp-content\/uploads\/2021\/07\/dffv-768x787.png 768w, https:\/\/havamall.vn\/wp-content\/uploads\/2021\/07\/dffv-600x615.png 600w, https:\/\/havamall.vn\/wp-content\/uploads\/2021\/07\/dffv.png 841w\" sizes=\"(max-width: 674px) 100vw, 674px\" \/><\/p>\n<p><span style=\"font-weight: 400;\"> Ngo\u00e0i ra, ngu\u1ed3n omega-6 t\u1eeb d\u1ea7u h\u01b0\u1edbng h\u01b0\u01a1ng v\u00e0 ch\u1ea5t t\u1ea1o ng\u1ecdt t\u1eeb c\u00e1c nguy\u00ean li\u1ec7u t\u1ef1 nhi\u00ean nh\u01b0 m\u1ea1ch nha kh\u00f4ng ch\u1ec9 t\u1ed1t cho s\u1ee9c kho\u1ebb m\u00e0 c\u00f2n gi\u00fap c\u00e2n b\u1eb1ng h\u01b0\u01a1ng v\u1ecb, khi\u1ebfn b\u1eefa s\u00e1ng c\u1ee7a b\u1ea1n l\u00e0nh m\u1ea1nh v\u00e0 nh\u1eb9 nh\u00e0ng h\u01a1n.<\/span><\/p>\n<p><span style=\"font-weight: 400;\">H\u01b0\u01a1ng v\u1ecb h\u1ea1t ng\u0169 c\u1ed1c nh\u01b0ng ng\u1ecdt ng\u00e0o v\u00e0 nh\u1eefng c\u1ee5m h\u1ea1t gi\u00f2n khi\u1ebfn b\u1eefa s\u00e1ng c\u1ee7a b\u1ea1n tr\u1edf n\u00ean gi\u00f2n h\u01a1n v\u00e0 th\u00fa v\u1ecb h\u01a1n r\u1ea5t nhi\u1ec1u.\u00a0<\/span><span style=\"font-weight: 400;\">Ng\u0169 c\u1ed1c gi\u00f2n muesli mix tr\u00e1i c\u00e2y h\u1eefu c\u01a1 Sottolestlle c\u00f3 th\u1ec3 s\u1eed d\u1ee5ng k\u00e8m v\u1edbi s\u1eefa chua, kem, smoothie bowl \u0111\u1ec3 t\u0103ng th\u00eam ph\u1ea7n h\u1ea5p d\u1eabn v\u00e0 kh\u00f4ng b\u1ecb ng\u00e1n.\u00a0<\/span><\/p>\n<p><img decoding=\"async\" class=\"wp-image-20913 aligncenter\" src=\"https:\/\/havamall.vn\/wp-content\/uploads\/2021\/07\/hggfb-216x300.png\" alt=\"\" width=\"677\" height=\"940\" srcset=\"https:\/\/havamall.vn\/wp-content\/uploads\/2021\/07\/hggfb-216x300.png 216w, https:\/\/havamall.vn\/wp-content\/uploads\/2021\/07\/hggfb-430x597.png 430w, https:\/\/havamall.vn\/wp-content\/uploads\/2021\/07\/hggfb-150x208.png 150w, https:\/\/havamall.vn\/wp-content\/uploads\/2021\/07\/hggfb-700x972.png 700w, https:\/\/havamall.vn\/wp-content\/uploads\/2021\/07\/hggfb-768x1067.png 768w, https:\/\/havamall.vn\/wp-content\/uploads\/2021\/07\/hggfb-737x1024.png 737w, https:\/\/havamall.vn\/wp-content\/uploads\/2021\/07\/hggfb-1200x1667.png 1200w, https:\/\/havamall.vn\/wp-content\/uploads\/2021\/07\/hggfb-600x833.png 600w, https:\/\/havamall.vn\/wp-content\/uploads\/2021\/07\/hggfb.png 1440w\" sizes=\"(max-width: 677px) 100vw, 677px\" \/><\/p>\n<p><span style=\"font-weight: 400;\">Do c\u00f3 th\u00e0nh ph\u1ea7n s\u00e1ng t\u1ea1o \u0111\u01b0\u1ee3c l\u00e0m t\u1eeb c\u00e1c lo\u1ea1i ng\u0169 c\u1ed1c n\u01b0\u1edbng, siro ,th\u00eam tr\u00e1i c\u00e2y gi\u00f2n v\u00e0 c\u00e1c lo\u1ea1i qu\u1ea3 Berry n\u00ean n\u00f3 \u0111\u00e3 s\u1edbm chi\u1ebfm l\u0129nh c\u00e1c k\u1ec7 h\u00e0ng v\u00e0 hi\u1ec7n \u0111ang \u0111\u01b0\u1ee3c tr\u1ebb em ng\u01b0\u1ee1ng m\u1ed9 r\u1ed9ng r\u00e3i.\u00a0Ng\u0169 c\u1ed1c Sottolestelle th\u01a1m ngon, ch\u1ea5t l\u01b0\u1ee3ng h\u00e0ng \u0111\u1ea7u t\u1eeb \u00dd , c\u1ef1c k\u1ef3 l\u00fd t\u01b0\u1edfng cho b\u1eefa \u0103n s\u00e1ng nhanh m\u00e0 v\u1eabn \u0111\u00e1p \u1ee9ng \u0111\u1ea7y \u0111\u1ee7 nhu c\u1ea7u d\u01b0\u1ee1ng ch\u1ea5t m\u1ed9t c\u00e1ch t\u1ef1 nhi\u00ean nh\u1ea5t.<\/span><\/p>\n<p><img loading=\"lazy\" decoding=\"async\" class=\"wp-image-20914 aligncenter\" src=\"https:\/\/havamall.vn\/wp-content\/uploads\/2021\/07\/ghfg-300x200.png\" alt=\"\" width=\"683\" height=\"455\" srcset=\"https:\/\/havamall.vn\/wp-content\/uploads\/2021\/07\/ghfg-300x200.png 300w, https:\/\/havamall.vn\/wp-content\/uploads\/2021\/07\/ghfg-430x287.png 430w, https:\/\/havamall.vn\/wp-content\/uploads\/2021\/07\/ghfg-150x100.png 150w, https:\/\/havamall.vn\/wp-content\/uploads\/2021\/07\/ghfg-700x467.png 700w, https:\/\/havamall.vn\/wp-content\/uploads\/2021\/07\/ghfg-768x512.png 768w, https:\/\/havamall.vn\/wp-content\/uploads\/2021\/07\/ghfg-1024x683.png 1024w, https:\/\/havamall.vn\/wp-content\/uploads\/2021\/07\/ghfg-1200x800.png 1200w, https:\/\/havamall.vn\/wp-content\/uploads\/2021\/07\/ghfg-600x400.png 600w, https:\/\/havamall.vn\/wp-content\/uploads\/2021\/07\/ghfg.png 2048w\" sizes=\"(max-width: 683px) 100vw, 683px\" \/><\/p>\n<h3><strong>\u0110\u1eb7c \u0111i\u1ec3m n\u1ed5i b\u1eadt c\u1ee7a s\u1ea3n ph\u1ea9m:<\/strong><\/h3>\n<p>&#8211; Th\u00eam h\u01b0\u01a1ng v\u1ecb t\u1eeb c\u00e1c lo\u1ea1i tr\u00e1i c\u00e2y nh\u01b0 nho kh\u00f4, t\u00e1o, d\u1eeba s\u1ebd kh\u00f4ng h\u1ec1 ng\u1ea5y khi s\u1eed d\u1ee5ng. B\u00ean c\u1ea1nh \u0111\u00f3, v\u1edbi \u0111\u1ed9 gi\u00f2n tan c\u1ee7a s\u1ea3n ph\u1ea9m c\u0169ng l\u00e0 m\u1ed9t \u01b0u \u0111i\u1ec3m \u0111\u1ec3 b\u1ea1n c\u00f3 th\u1ec3 s\u1eed d\u1ee5ng nh\u01b0 l\u00e0 m\u00f3n \u0103n v\u1eb7t h\u00e0ng ng\u00e0y.<\/p>\n<p>&#8211; Y\u1ebfn m\u1ea1ch n\u01b0\u1edbng k\u1ebft h\u1ee3p v\u1edbi ng\u0169 c\u1ed1c b\u1eafp ng\u00f4 Corn Flakes t\u1ea1o ra m\u1ed9t m\u00f3n ng\u0169 c\u1ed1c gi\u00f2n ngon kh\u00f3 c\u01b0\u1ee1ng. L\u00e0 l\u1ef1a ch\u1ecdn l\u00fd t\u01b0\u1edfng cho c\u00e1c b\u1ea1n \u0111am m\u00ea ng\u0169 c\u1ed1c Muesli, ch\u1ebf \u0111\u1ed9 \u0103n healthy, diet\u2026<\/p>\n<p><span style=\"font-weight: 400;\">&#8211; \u0110\u1ea1t ch\u1ee9ng nh\u1eadn h\u1eefu c\u01a1 Ch\u00e2u \u00c2u n\u00ean ch\u1eafc ch\u1eafn l\u00e0 an to\u00e0n cho b\u00e9 v\u00e0 ph\u00f9 h\u1ee3p v\u1edbi c\u1ea3 ng\u01b0\u1eddi mu\u1ed1n gi\u1ea3m c\u00e2n.<\/span><\/p>\n<p><span style=\"font-weight: 400;\">&#8211; Ngo\u00e0i ra s\u1ea3n ph\u1ea9m c\u0169ng ti\u1ec7n l\u1ee3i cho vi\u1ec7c mang theo khi l\u00e0m vi\u1ec7c, \u0111i h\u1ecdc, picnic.<\/span><\/p>\n<p><span style=\"font-weight: 400;\">&#8211; B\u1ed1 m\u1eb9 c\u00f3 th\u1ec3 s\u1eed d\u1ee5ng ng\u0169 c\u1ed1c gi\u00f2n n\u00e0y thay th\u1ebf cho c\u00e1c lo\u1ea1i snack \u0111\u1ed9c h\u1ea1i tr\u00ean th\u1ecb tr\u01b0\u1eddng. Cho b\u00e9 \u0103n ch\u01a1i, \u0103n v\u1eb7t\u2026hay l\u00e0 m\u1ed9t b\u1eefa \u0103n\u00a0<\/span><span style=\"font-weight: 400;\">s\u00e1ng ngon l\u00e0nh cho b\u00e9.<\/span><\/p>\n<p><img loading=\"lazy\" decoding=\"async\" class=\"wp-image-20999 aligncenter\" src=\"https:\/\/havamall.vn\/wp-content\/uploads\/2021\/07\/tttt4-211x300.png\" alt=\"\" width=\"698\" height=\"992\" srcset=\"https:\/\/havamall.vn\/wp-content\/uploads\/2021\/07\/tttt4-211x300.png 211w, https:\/\/havamall.vn\/wp-content\/uploads\/2021\/07\/tttt4-430x610.png 430w, https:\/\/havamall.vn\/wp-content\/uploads\/2021\/07\/tttt4-150x213.png 150w, https:\/\/havamall.vn\/wp-content\/uploads\/2021\/07\/tttt4-768x1090.png 768w, https:\/\/havamall.vn\/wp-content\/uploads\/2021\/07\/tttt4-1200x1703.png 1200w, https:\/\/havamall.vn\/wp-content\/uploads\/2021\/07\/tttt4-600x852.png 600w, https:\/\/havamall.vn\/wp-content\/uploads\/2021\/07\/tttt4.png 1443w\" sizes=\"(max-width: 698px) 100vw, 698px\" \/><\/p>\n<h3><strong>L\u1ee3i \u00edch c\u1ee7a s\u1ea3n ph\u1ea9m:<\/strong><\/h3>\n<p>\u2013 L\u00e0 m\u1ed9t ngu\u1ed3n gi\u00e0u ch\u1ea5t x\u01a1 h\u00f2a tan v\u00e0 r\u1ea5t h\u1eefu \u00edch trong vi\u1ec7c l\u00e0m gi\u1ea3m cholesterol.<\/p>\n<p>\u2013 \u0102n k\u00e8m muesli v\u1edbi tr\u00e1i c\u00e2y t\u01b0\u01a1i gi\u00fap l\u00e0m cho l\u00e0n da kh\u1ecfe m\u1ea1nh v\u00e0 s\u00e1ng b\u00f3ng.<\/p>\n<p>\u2013 Muesli l\u00e0 m\u1ed9t ngu\u1ed3n kho\u00e1ng ch\u1ea5t phong ph\u00fa l\u00e0m t\u0103ng s\u1ef1 trao \u0111\u1ed5i ch\u1ea5t trong c\u01a1 th\u1ec3.<\/p>\n<p>\u2013 Gi\u00e0u canxi gi\u00fap h\u1ed7 tr\u1ee3 ph\u00f2ng lo\u00e3ng x\u01b0\u01a1ng \u1edf ph\u1ee5 n\u1eef ti\u1ec1n m\u00e3n kinh ho\u1eb7c ng\u01b0\u1eddi cao tu\u1ed5i<\/p>\n<p><img loading=\"lazy\" decoding=\"async\" class=\"wp-image-20916 aligncenter\" src=\"https:\/\/havamall.vn\/wp-content\/uploads\/2021\/07\/\u00c8DEG-225x300.png\" alt=\"\" width=\"691\" height=\"920\" srcset=\"https:\/\/havamall.vn\/wp-content\/uploads\/2021\/07\/\u00c8DEG-225x300.png 225w, https:\/\/havamall.vn\/wp-content\/uploads\/2021\/07\/\u00c8DEG-430x573.png 430w, https:\/\/havamall.vn\/wp-content\/uploads\/2021\/07\/\u00c8DEG-150x200.png 150w, https:\/\/havamall.vn\/wp-content\/uploads\/2021\/07\/\u00c8DEG-700x933.png 700w, https:\/\/havamall.vn\/wp-content\/uploads\/2021\/07\/\u00c8DEG-768x1024.png 768w, https:\/\/havamall.vn\/wp-content\/uploads\/2021\/07\/\u00c8DEG-1200x1600.png 1200w, https:\/\/havamall.vn\/wp-content\/uploads\/2021\/07\/\u00c8DEG-600x800.png 600w, https:\/\/havamall.vn\/wp-content\/uploads\/2021\/07\/\u00c8DEG.png 1536w\" sizes=\"(max-width: 691px) 100vw, 691px\" \/><\/p>\n<h3><strong>H\u01b0\u1edbng d\u1eabn s\u1eed d\u1ee5ng:<\/strong><\/h3>\n<p>&#8211; C\u00f3 nhi\u1ec1u c\u00e1ch \u0111\u1ec3 th\u01b0\u1edfng th\u1ee9c Muesli nh\u01b0 ng\u00e2m qua \u0111\u00eam trong s\u1eefa l\u1ea1nh ho\u1eb7c n\u01b0\u1edbc t\u00e1o, n\u01b0\u1edbc cam \u0111\u1ec3 Muesli m\u1ec1m m\u1ea1i h\u01a1n<\/p>\n<p>&#8211; N\u1ea5u ch\u00edn nh\u01b0 b\u1ed9t y\u1ebfn m\u1ea1ch b\u1eb1ng c\u00e1ch b\u1ecf v\u00e0o s\u1eefa ho\u1eb7c n\u01b0\u1edbc s\u00f4i v\u00e0 th\u01b0\u1edfng th\u1ee9c hay ch\u1ec9 \u0111\u01a1n gi\u1ea3n l\u00e0 khu\u1ea5y v\u00e0o s\u1eefa chua.<\/p>\n<p>S\u1ea3n ph\u1ea9m \u0111\u00e3 c\u00f3 m\u1eb7t t\u1ea1i Havamall.<\/p>","protected":false},"excerpt":{"rendered":"<p>Ng\u0169 c\u1ed1c Muesli l\u00e0 th\u1ef1c ph\u1ea9m dinh d\u01b0\u1ee1ng \u0111\u01b0\u1ee3c y\u00eau th\u00edch t\u1ea1i c\u00e1c n\u01b0\u1edbc ph\u01b0\u01a1ng T\u00e2y, \u0111\u01b0\u1ee3c l\u00e0m t\u1eeb c\u00e1c<\/p>","protected":false},"featured_media":20917,"comment_status":"open","ping_status":"closed","template":"","meta":[],"product_brand":[],"product_cat":[256,36,134],"product_tag":[],"class_list":{"0":"post-20910","1":"product","2":"type-product","3":"status-publish","4":"has-post-thumbnail","6":"product_cat-thuc-pham-huu-co","7":"product_cat-thuc-pham-tieu-dung","8":"product_cat-thucpham-saykho","9":"pa_brand-sottolestell","11":"first","12":"outofstock","13":"sale","14":"shipping-taxable","15":"purchasable","16":"product-type-simple"},"_links":{"self":[{"href":"https:\/\/havamall.vn\/en\/wp-json\/wp\/v2\/product\/20910"}],"collection":[{"href":"https:\/\/havamall.vn\/en\/wp-json\/wp\/v2\/product"}],"about":[{"href":"https:\/\/havamall.vn\/en\/wp-json\/wp\/v2\/types\/product"}],"replies":[{"embeddable":true,"href":"https:\/\/havamall.vn\/en\/wp-json\/wp\/v2\/comments?post=20910"}],"version-history":[{"count":0,"href":"https:\/\/havamall.vn\/en\/wp-json\/wp\/v2\/product\/20910\/revisions"}],"wp:featuredmedia":[{"embeddable":true,"href":"https:\/\/havamall.vn\/en\/wp-json\/wp\/v2\/media\/20917"}],"wp:attachment":[{"href":"https:\/\/havamall.vn\/en\/wp-json\/wp\/v2\/media?parent=20910"}],"wp:term":[{"taxonomy":"product_brand","embeddable":true,"href":"https:\/\/havamall.vn\/en\/wp-json\/wp\/v2\/product_brand?post=20910"},{"taxonomy":"product_cat","embeddable":true,"href":"https:\/\/havamall.vn\/en\/wp-json\/wp\/v2\/product_cat?post=20910"},{"taxonomy":"product_tag","embeddable":true,"href":"https:\/\/havamall.vn\/en\/wp-json\/wp\/v2\/product_tag?post=20910"}],"curies":[{"name":"wp","href":"https:\/\/api.w.org\/{rel}","templated":true}]}}