{"id":20837,"date":"2021-07-17T18:07:06","date_gmt":"2021-07-17T11:07:06","guid":{"rendered":"https:\/\/havamall.vn\/?post_type=product&#038;p=20837"},"modified":"2022-05-24T15:21:09","modified_gmt":"2022-05-24T08:21:09","slug":"nuoc-mam-nhi-phan-rang-chai-thuy-tinh-250ml","status":"publish","type":"product","link":"https:\/\/havamall.vn\/en\/shop\/nuoc-mam-nhi-phan-rang-chai-thuy-tinh-250ml\/","title":{"rendered":"N\u01b0\u1edbc M\u1eafm Nh\u0129 Nguy\u00ean Ch\u1ea5t Phan Rang HavaFoodies Chai Thu\u1ef7 Tinh 300ml"},"content":{"rendered":"<p>T\u1eeb x\u01b0a \u0111\u1ebfn nay, d\u00f9 trong ho\u00e0n c\u1ea3nh kh\u00f3 kh\u0103n hay no \u0111\u1ee7, h\u1ea7u nh\u01b0 gia \u0111\u00ecnh ng\u01b0\u1eddi Vi\u1ec7t n\u00e0o c\u0169ng \u0111\u1ec1u c\u00f3 chai n\u01b0\u1edbc m\u1eafm tr\u00ean k\u1ec7 b\u1ebfp. N\u00f3i \u0111\u1ebfn \u201c\u00f4ng t\u1ed5\u201d c\u1ee7a ngh\u1ec1 n\u01b0\u1edbc m\u1eafm truy\u1ec1n th\u1ed1ng th\u00ec \u0111\u1ebfn nay v\u1eabn ch\u01b0a ai \u201cgi\u1ea3i m\u00e3\u201d \u0111\u01b0\u1ee3c. Nhi\u1ec1u ng\u01b0\u1eddi \u0111\u1eb7t gi\u1ea3 thuy\u1ebft, n\u01b0\u1edbc m\u1eafm truy\u1ec1n th\u1ed1ng c\u00f3 th\u1ec3 \u0111\u01b0\u1ee3c t\u1ea1o ra t\u1eeb c\u1ed9ng \u0111\u1ed3ng nh\u01b0 m\u1ed9t y\u00eau c\u1ea7u t\u1ea5t y\u1ebfu c\u1ee7a l\u1ecbch s\u1eed bi\u1ec3n Vi\u1ec7t Nam.<\/p>\n<p><img fetchpriority=\"high\" decoding=\"async\" class=\"wp-image-20861 aligncenter\" src=\"https:\/\/havamall.vn\/wp-content\/uploads\/2021\/07\/138593242_1705571656288062_2128755191127326830_n-281x300.png\" alt=\"\" width=\"672\" height=\"716\" srcset=\"https:\/\/havamall.vn\/wp-content\/uploads\/2021\/07\/138593242_1705571656288062_2128755191127326830_n-281x300.png 281w, https:\/\/havamall.vn\/wp-content\/uploads\/2021\/07\/138593242_1705571656288062_2128755191127326830_n-430x458.png 430w, https:\/\/havamall.vn\/wp-content\/uploads\/2021\/07\/138593242_1705571656288062_2128755191127326830_n-150x160.png 150w, https:\/\/havamall.vn\/wp-content\/uploads\/2021\/07\/138593242_1705571656288062_2128755191127326830_n-700x746.png 700w, https:\/\/havamall.vn\/wp-content\/uploads\/2021\/07\/138593242_1705571656288062_2128755191127326830_n-768x819.png 768w, https:\/\/havamall.vn\/wp-content\/uploads\/2021\/07\/138593242_1705571656288062_2128755191127326830_n-961x1024.png 961w, https:\/\/havamall.vn\/wp-content\/uploads\/2021\/07\/138593242_1705571656288062_2128755191127326830_n-1200x1279.png 1200w, https:\/\/havamall.vn\/wp-content\/uploads\/2021\/07\/138593242_1705571656288062_2128755191127326830_n-600x640.png 600w, https:\/\/havamall.vn\/wp-content\/uploads\/2021\/07\/138593242_1705571656288062_2128755191127326830_n.png 1921w\" sizes=\"(max-width: 672px) 100vw, 672px\" \/><\/p>\n<p>S\u1ea3n ph\u1ea9m N\u01b0\u1edbc M\u1eafm Nh\u0129 Phan Rang c\u00f3 \u0111\u1ed9 \u0111\u1ea1m cao, h\u01b0\u01a1ng v\u1ecb \u0111\u1eadm \u0111\u00e0, m\u00e0u v\u00e0ng r\u01a1m \u00f3ng \u00e1nh. Kh\u00f4ng ch\u1ec9 th\u01a1m ngon b\u1ed5 d\u01b0\u1ee1ng, n\u01b0\u1edbc m\u1eafm N\u01b0\u1edbc M\u1eafm Nh\u0129 Phan Rang c\u00f2n \u0111\u1ea3m b\u1ea3o tuy\u1ec7t \u0111\u1ed1i an to\u00e0n v\u1ec7 sinh th\u1ef1c ph\u1ea9m, g\u00f3p ph\u1ea7n b\u1ea3o v\u1ec7 s\u1ee9c kho\u1ebb ng\u01b0\u1eddi ti\u00eau d\u00f9ng.<\/p>\n<p><img decoding=\"async\" class=\"aligncenter\" src=\"https:\/\/havamall.vn\/wp-content\/uploads\/2021\/07\/nuoc-mam-nhi-khac-nuoc-mam-thong-thuong.jpg\" alt=\"N\u01b0\u1edbc m\u1eafm nh\u0129 kh\u00e1c n\u01b0\u1edbc m\u1eafm th\u00f4ng th\u01b0\u1eddng nh\u01b0 th\u1ebf n\u00e0o? - N\u01b0\u1edbc m\u1eafm Ph\u00fa Nh\u0129\" width=\"671\" height=\"447\" \/><\/p>\n<p>V\u1edbi h\u01b0\u01a1ng v\u1ecb \u0111\u1ed9c \u0111\u00e1o kh\u00f3 tr\u1ed9n l\u1eabn, n\u01b0\u1edbc m\u1eafm nh\u1ec9 Phan Rang kh\u00f4ng nh\u1eefng \u0111\u01b0\u1ee3c d\u00f9ng l\u00e0m n\u01b0\u1edbc ch\u1ea5m tr\u1ef1c ti\u1ebfp m\u00e0 c\u00f2n c\u00f3 th\u1ec3 d\u00f9ng \u0111\u1ec3 l\u00e0m gia v\u1ecb t\u1ea9m \u01b0\u1edbp, g\u00f3p ph\u1ea7n t\u0103ng th\u00eam h\u01b0\u01a1ng v\u1ecb cho c\u00e1c m\u00f3n \u0103n.<\/p>\n<p><img decoding=\"async\" class=\"wp-image-20841 aligncenter\" src=\"https:\/\/havamall.vn\/wp-content\/uploads\/2021\/07\/le-gia-nuoc-mam-dam-da-hau-vi-thanh-300x200.png\" alt=\"\" width=\"669\" height=\"445\" srcset=\"https:\/\/havamall.vn\/wp-content\/uploads\/2021\/07\/le-gia-nuoc-mam-dam-da-hau-vi-thanh-300x200.png 300w, https:\/\/havamall.vn\/wp-content\/uploads\/2021\/07\/le-gia-nuoc-mam-dam-da-hau-vi-thanh-430x287.png 430w, https:\/\/havamall.vn\/wp-content\/uploads\/2021\/07\/le-gia-nuoc-mam-dam-da-hau-vi-thanh-150x100.png 150w, https:\/\/havamall.vn\/wp-content\/uploads\/2021\/07\/le-gia-nuoc-mam-dam-da-hau-vi-thanh-700x467.png 700w, https:\/\/havamall.vn\/wp-content\/uploads\/2021\/07\/le-gia-nuoc-mam-dam-da-hau-vi-thanh-768x512.png 768w, https:\/\/havamall.vn\/wp-content\/uploads\/2021\/07\/le-gia-nuoc-mam-dam-da-hau-vi-thanh-1024x683.png 1024w, https:\/\/havamall.vn\/wp-content\/uploads\/2021\/07\/le-gia-nuoc-mam-dam-da-hau-vi-thanh-1200x800.png 1200w, https:\/\/havamall.vn\/wp-content\/uploads\/2021\/07\/le-gia-nuoc-mam-dam-da-hau-vi-thanh-600x400.png 600w, https:\/\/havamall.vn\/wp-content\/uploads\/2021\/07\/le-gia-nuoc-mam-dam-da-hau-vi-thanh.png 1824w\" sizes=\"(max-width: 669px) 100vw, 669px\" \/><\/p>\n<p>N\u01b0\u1edbc N\u01b0\u1edbc M\u1eafm Nh\u0129 Phan Rang 50 \u0111\u1ed9 \u0111\u1ea1m 250ml v\u1edbi h\u01b0\u01a1ng v\u1ecb \u0111\u1ed9c \u0111\u00e1o t\u1eeb nguy\u00ean li\u1ec7u c\u00e1 c\u01a1m Phan Rang nguy\u00ean ch\u1ea5t gi\u00fap cho c\u00e1c m\u00f3n \u0103n c\u1ee7a gia \u0111\u00ecnh b\u1ea1n th\u00eam ngon v\u00e0 h\u1ea5p d\u1eabn h\u01a1n. Nguy\u00ean li\u1ec7u \u0111\u1ec3 s\u1ea3n xu\u1ea5t n\u00ean nh\u1eefng chai n\u01b0\u1edbc m\u1eafm nh\u1ec9 \u0111\u01b0\u1ee3c ch\u1ecdn l\u1ecdc t\u1eeb ngu\u1ed3n c\u00e1 c\u01a1m t\u01b0\u01a1i ngon \u0111\u01b0\u1ee3c \u0111\u00e1nh b\u1eaft xa b\u1edd. Tr\u1ea3i qua c\u00e1c quy tr\u00ecnh ng\u00e2m \u1ee7 l\u00e2u d\u00e0i, nh\u1eefng gi\u1ecdt n\u01b0\u1edbc m\u1eafm nh\u1ec9 \u0111\u1ea7u ti\u00ean \u0111\u01b0\u1ee3c l\u1eafng \u0111\u1ecdng v\u00e0 ch\u01b0ng c\u1ea5t theo ti\u00eau chu\u1ea9n an to\u00e0n v\u1ec7 sinh \u0111\u01b0\u1ee3c b\u1ea3o \u0111\u1ea3m.<\/p>\n<p><img decoding=\"async\" class=\"aligncenter\" src=\"https:\/\/havamall.vn\/wp-content\/uploads\/2021\/07\/pha-nuoc-mam-chua-ngot-9_250de0df57974a34a62a7ee8b05788c6_1024x1024.jpeg\" alt=\"C\u00c1CH L\u00c0M N\u01af\u1edaC M\u1eaeM CHUA NG\u1eccT CH\u1ea4M C\u1ea2 TH\u1ebe GI\u1edaI \u2013 Color Man Food\" \/><\/p>\n<h4><strong>Quy tr\u00ecnh s\u1ea3n xu\u1ea5t:<\/strong><\/h4>\n<p>&#8211; Quy tr\u00ecnh s\u1ea3n xu\u1ea5t n\u01b0\u1edbc m\u1eafm truy\u1ec1n th\u1ed1ng r\u1ea5t b\u00e0i b\u1ea3n ch\u1eb7t ch\u1ebd, c\u00f2n b\u00ed k\u00edp \u0111\u1ec3 ngon hay d\u1edf t\u00f9y thu\u1ed9c v\u00e0o qu\u00e1 tr\u00ecnh \u01b0\u1edbp c\u00e1, \u1ee7 mu\u1ed1i (ch\u1ee3p)\u2026 Kh\u00e1c v\u1edbi nhi\u1ec1u l\u00e0ng ngh\u1ec1 kh\u00e1c, \u1edf Phan Rang c\u00e1 \u0111\u00e1nh b\u1eaft v\u1ec1 kh\u00f4ng r\u1eeda n\u01b0\u1edbc, m\u00e0 \u01b0\u1edbp ngay v\u00ec ch\u00ednh n\u01b0\u1edbc bi\u1ec3n \u0111\u00e3 l\u00e0m s\u1ea1ch c\u00e1 t\u1eeb ngo\u00e0i kh\u01a1i.<\/p>\n<p>&#8211; C\u00f3 3 lo\u1ea1i th\u00f9ng: th\u00f9ng tr\u1ed5, th\u00f9ng ph\u01a1i v\u00e0 th\u00f9ng ch\u1ee9a t\u01b0\u01a1ng \u1ee9ng v\u1edbi ba lo\u1ea1i n\u01b0\u1edbc trong quy tr\u00ecnh l\u00e0m n\u01b0\u1edbc m\u1eafm l\u00e0 n\u01b0\u1edbc b\u1ed5i, n\u01b0\u1edbc \u0111\u1ee5c v\u00e0 n\u01b0\u1edbc nh\u1ec9.<\/p>\n<p>&#8211; Sau \u0111\u00f3 r\u00fat l\u00f9, h\u1ee9ng l\u1ea5y n\u01b0\u1edbc \u0111\u1ea7u ti\u00ean g\u1ecdi l\u00e0 n\u01b0\u1edbc b\u1ed5i. Khi l\u1ea5y h\u1ebft s\u1ea1ch n\u01b0\u1edbc, tr\u1ea3i m\u1ed9t l\u1edbp l\u00e1 d\u1eeba l\u00ean m\u1eb7t th\u00f9ng c\u00e1 tr\u00ean mi\u1ec7ng v\u00e0 \u00e9p m\u1ed9t v\u1ec9 tre xu\u1ed1ng, \u0111\u1eb7t h\u00f2n \u0111\u00e1 n\u1eb7ng l\u00ean tr\u00ean, bu\u1ed9c ch\u1eb7t, r\u00fat \u00e9p b\u1eb1ng hai c\u00e2y \u0111\u00f2n d\u01b0\u1edbi \u0111\u00e1y l\u1ec1u \u0111\u1ec3 \u00e9p l\u1ea5y h\u1ebft n\u01b0\u1edbc b\u1ed5i.<\/p>\n<p><img loading=\"lazy\" decoding=\"async\" class=\"wp-image-20860 aligncenter\" src=\"https:\/\/havamall.vn\/wp-content\/uploads\/2021\/07\/118693876_1593906980787864_790-300x160.png\" alt=\"\" width=\"709\" height=\"378\" srcset=\"https:\/\/havamall.vn\/wp-content\/uploads\/2021\/07\/118693876_1593906980787864_790-300x160.png 300w, https:\/\/havamall.vn\/wp-content\/uploads\/2021\/07\/118693876_1593906980787864_790-430x230.png 430w, https:\/\/havamall.vn\/wp-content\/uploads\/2021\/07\/118693876_1593906980787864_790-150x80.png 150w, https:\/\/havamall.vn\/wp-content\/uploads\/2021\/07\/118693876_1593906980787864_790-700x374.png 700w, https:\/\/havamall.vn\/wp-content\/uploads\/2021\/07\/118693876_1593906980787864_790-768x410.png 768w, https:\/\/havamall.vn\/wp-content\/uploads\/2021\/07\/118693876_1593906980787864_790-1024x547.png 1024w, https:\/\/havamall.vn\/wp-content\/uploads\/2021\/07\/118693876_1593906980787864_790-1200x641.png 1200w, https:\/\/havamall.vn\/wp-content\/uploads\/2021\/07\/118693876_1593906980787864_790-600x321.png 600w, https:\/\/havamall.vn\/wp-content\/uploads\/2021\/07\/118693876_1593906980787864_790.png 2000w\" sizes=\"(max-width: 709px) 100vw, 709px\" \/><\/p>\n<p>&#8211; Mu\u1ed1i s\u1ebd l\u00e0m cho th\u1ea5m \u0111\u1ec1u v\u00e0 c\u00e1 ch\u00edn, th\u1eddi gian l\u00e2u hay mau t\u00f9y v\u00e0o lo\u1ea1i c\u00e1. Kho\u1ea3ng 10 ng\u00e0y c\u00e1 ch\u00edn, ng\u01b0\u1eddi d\u00e2n nh\u00e0 l\u1ec1u r\u00fat l\u00f9 cho n\u01b0\u1edbc m\u1eafm ch\u1ea3y ra, h\u1ee9ng \u0111\u1ea7y \u0111\u1ed5 l\u1ea1i v\u00e0o l\u1ec1u l\u00e0m nhi\u1ec1u l\u1ea7n, nhi\u1ec1u ng\u00e0y cho \u0111\u1ebfn khi n\u01b0\u1edbc m\u1eafm trong, kh\u00f4ng c\u00f2n v\u1ea9n \u0111\u1ee5c \u0111\u00f3 l\u00e0 n\u01b0\u1edbc m\u1eafm nh\u1ea5t.<\/p>\n<p>&#8211; Qu\u00e1 tr\u00ecnh \u1ee7 ch\u1ee3p mu\u1ed1i ti\u1ebfn h\u00e0nh l\u1ed9 thi\u00ean, v\u1edbi n\u1eafng gi\u00f3 c\u1ef1c k\u1ef3 kh\u1eafc nghi\u1ec7t, kh\u00ed h\u1eadu v\u00e0 \u0111\u1ed9 \u1ea9m \u1edf \u0111\u00e2y c\u0169ng s\u1ebd t\u1ea1o ra m\u1ed9t c\u01a1 ch\u1ebf l\u00ean men v\u00e0 t\u1ea1o ra s\u1ea3n ph\u1ea9m n\u01b0\u1edbc m\u1eafm Phan Rang \u0111\u1ed9c \u0111\u00e1o, ri\u00eang bi\u1ec7t.<\/p>\n<p>&#8211;\u00a0T\u1ea5t nhi\u00ean Phan Rang c\u00f2n c\u00f3 m\u1ed9t lo\u1ea1i n\u01b0\u1edbc m\u1eafm gia truy\u1ec1n nh\u01b0 m\u1ed9t lo\u1ea1i thu\u1ed1c qu\u00fd l\u00e0 m\u1eafm nh\u1ec9 (m\u1eafm l\u00fa) m\u00e0u c\u00e1nh gi\u00e1n d\u00f9ng tr\u1ecb nhi\u1ec1u b\u1ec7nh v\u00e0 d\u00f9ng cho th\u1ee3 l\u1eb7n s\u00e2u u\u1ed1ng kh\u00f4ng ra m\u00e1u tai ho\u1eb7c ngh\u1ec7 s\u0129 mu\u1ed1n ca d\u00e0i h\u01a1i\u2026<\/p>\n<p><img loading=\"lazy\" decoding=\"async\" class=\"aligncenter\" src=\"https:\/\/havamall.vn\/wp-content\/uploads\/2021\/07\/nuoc-mam-va-ot-ngon.jpg\" alt=\"N\u01b0\u1edbc m\u1eafm nh\u1ec9 hay n\u01b0\u1edbc m\u1eafm nh\u0129 m\u1edbi l\u00e0 c\u00e1ch g\u1ecdi \u0111\u00fang? - Gia V\u1ecb N\u01b0\u1edbc M\u1eafm\" width=\"700\" height=\"525\" \/><\/p>\n<h4><strong>H\u01b0\u1edbng d\u1eabn s\u1eed d\u1ee5ng:<\/strong><\/h4>\n<div>\n<p>&#8211; N\u01b0\u1edbc m\u1eafm HavaFoodies kh\u00f4ng nh\u1eefng \u0111\u01b0\u1ee3c d\u00f9ng l\u00e0m n\u01b0\u1edbc ch\u1ea5m tr\u1ef1c ti\u1ebfp m\u00e0 c\u00f2n \u0111\u01b0\u1ee3c d\u00f9ng l\u00e0m gia v\u1ecb \u0111\u1ec3 t\u1ea9m \u01b0\u1edbp, g\u00f3p ph\u1ea7n t\u0103ng th\u00eam h\u01b0\u01a1ng v\u1ecb cho c\u00e1c m\u00f3n \u0103n<\/p>\n<p>&#8211; V\u1edbi c\u00e1c m\u00f3n \u0103n d\u1eb7m c\u1ee7a b\u00e9, ch\u1ec9 c\u1ea7n m\u1ed9t mu\u1ed7ng c\u00e0 ph\u00ea n\u01b0\u1edbc m\u1eafm l\u00e0 b\u1ea1n \u0111\u00e3 gi\u00fap m\u00f3n \u0103n c\u1ee7a b\u00e9 t\u0103ng th\u00eam l\u01b0\u1ee3ng iot v\u00e0 l\u01b0\u1ee3ng \u0111\u1ea1m c\u1ea7n thi\u1ebft gi\u00fap h\u1ea1n ch\u1ebf b\u1ec7nh b\u01b0\u1edbu c\u1ed5<\/p>\n<p>S\u1ea3n ph\u1ea9m hi\u1ec7n \u0111\u00e3 c\u00f3 m\u1eb7t t\u1ea1i Havamall.<\/p>\n<\/div>","protected":false},"excerpt":{"rendered":"<p>T\u1eeb x\u01b0a \u0111\u1ebfn nay, d\u00f9 trong ho\u00e0n c\u1ea3nh kh\u00f3 kh\u0103n hay no \u0111\u1ee7, h\u1ea7u nh\u01b0 gia \u0111\u00ecnh ng\u01b0\u1eddi Vi\u1ec7t n\u00e0o<\/p>","protected":false},"featured_media":20842,"comment_status":"open","ping_status":"closed","template":"","meta":[],"product_brand":[],"product_cat":[36,143],"product_tag":[],"class_list":{"0":"post-20837","1":"product","2":"type-product","3":"status-publish","4":"has-post-thumbnail","6":"product_cat-thuc-pham-tieu-dung","7":"product_cat-thuc-pham-dong-hop","8":"pa_brand-skx","10":"first","11":"instock","12":"sale","13":"shipping-taxable","14":"purchasable","15":"product-type-simple"},"_links":{"self":[{"href":"https:\/\/havamall.vn\/en\/wp-json\/wp\/v2\/product\/20837"}],"collection":[{"href":"https:\/\/havamall.vn\/en\/wp-json\/wp\/v2\/product"}],"about":[{"href":"https:\/\/havamall.vn\/en\/wp-json\/wp\/v2\/types\/product"}],"replies":[{"embeddable":true,"href":"https:\/\/havamall.vn\/en\/wp-json\/wp\/v2\/comments?post=20837"}],"version-history":[{"count":0,"href":"https:\/\/havamall.vn\/en\/wp-json\/wp\/v2\/product\/20837\/revisions"}],"wp:featuredmedia":[{"embeddable":true,"href":"https:\/\/havamall.vn\/en\/wp-json\/wp\/v2\/media\/20842"}],"wp:attachment":[{"href":"https:\/\/havamall.vn\/en\/wp-json\/wp\/v2\/media?parent=20837"}],"wp:term":[{"taxonomy":"product_brand","embeddable":true,"href":"https:\/\/havamall.vn\/en\/wp-json\/wp\/v2\/product_brand?post=20837"},{"taxonomy":"product_cat","embeddable":true,"href":"https:\/\/havamall.vn\/en\/wp-json\/wp\/v2\/product_cat?post=20837"},{"taxonomy":"product_tag","embeddable":true,"href":"https:\/\/havamall.vn\/en\/wp-json\/wp\/v2\/product_tag?post=20837"}],"curies":[{"name":"wp","href":"https:\/\/api.w.org\/{rel}","templated":true}]}}