{"id":20777,"date":"2021-07-09T17:39:01","date_gmt":"2021-07-09T10:39:01","guid":{"rendered":"https:\/\/havamall.vn\/?post_type=product&#038;p=20777"},"modified":"2025-03-19T11:08:59","modified_gmt":"2025-03-19T04:08:59","slug":"pho-mai-cheddar-do-red-cheese-cheddar150g","status":"publish","type":"product","link":"https:\/\/havamall.vn\/en\/shop\/pho-mai-cheddar-do-red-cheese-cheddar150g\/","title":{"rendered":"Ph\u00f4 Mai Cheddar \u0110\u1ecf  &#8211; Red Cheese Cheddar 150g"},"content":{"rendered":"<p class=\"amp-wp-7d27179\">Ph\u00f4 mai Cheddar l\u00e0 m\u1ed9t lo\u1ea1i ph\u00f4 mai ph\u1ed5 bi\u1ebfn \u1edf Anh v\u00e0 l\u00e0 lo\u1ea1i\u00a0cheese\u00a0\u0111\u01b0\u1ee3c ti\u00eau th\u1ee5 nhi\u1ec1u nh\u1ea5t tr\u00ean th\u1ebf gi\u1edbi. T\u00ean g\u1ecdi Cheddar b\u1eaft ngu\u1ed3n t\u1eeb ngu\u1ed3n g\u1ed1c s\u1ea3n xu\u1ea5t ra lo\u1ea1i ph\u00f4 mai n\u00e0y l\u00e0 l\u00e0ng Cheddar, Somerser, n\u01b0\u1edbc Anh. \u0110\u1eb7c tr\u01b0ng c\u1ee7a Cheddar l\u00e0 ch\u00fang lu\u00f4n \u1edf d\u1ea1ng c\u1ee9ng, c\u00f3 m\u00e0u v\u00e0ng su\u1ed9m ho\u1eb7c v\u00e0ng nh\u1ea1t ng\u00e0 tr\u1eafng v\u00e0 c\u00f3 v\u1ecb m\u1eb7n.<\/p>\n<p><img fetchpriority=\"high\" decoding=\"async\" class=\"wp-image-20781 aligncenter\" src=\"https:\/\/havamall.vn\/wp-content\/uploads\/2025\/03\/west-rust-re-300x225.png\" alt=\"\" width=\"738\" height=\"553\" \/><\/p>\n<p>Cheddar cheese l\u00e0 m\u1ed9t trong nh\u1eefng nguy\u00ean li\u1ec7u \u0111\u01b0\u1ee3c s\u1eed d\u1ee5ng \u0111\u1ec3 ch\u1ebf bi\u1ebfn ra nh\u1eefng chi\u1ebfc b\u00e1nh th\u01a1m ngon. V\u1edbi nh\u1eefng chuy\u00ean gia l\u00e0m b\u00e1nh, cheddar cheese l\u00e0 th\u1ee9 nguy\u00ean li\u1ec7u kh\u00f4ng th\u1ec3 thi\u1ebfu trong c\u0103n b\u1ebfp c\u1ee7a h\u1ecd v\u00e0 ch\u00fang c\u0169ng l\u00e0 ng\u01b0\u1eddi b\u1ea1n th\u01b0\u1eddng xuy\u00ean c\u00f9ng h\u1ecd \u0111\u1ed3ng h\u00e0nh \u0111\u1ec3 t\u1ea1o ra nh\u1eefng m\u00f3n b\u00e1nh ngon nh\u1ea5t g\u1eedi \u0111\u1ebfn th\u1ef1c kh\u00e1ch.<\/p>\n<p><img decoding=\"async\" class=\"wp-image-20782 aligncenter\" src=\"https:\/\/havamall.vn\/wp-content\/uploads\/2025\/03\/f-300x300.png\" alt=\"\" width=\"730\" height=\"731\" \/><\/p>\n<p class=\"amp-wp-7d27179\">\u0110\u1ec3 c\u00f3 \u0111\u01b0\u1ee3c m\u1ebb ph\u00f4 mai cheddar \u201cs\u1eafc\u201d nh\u1ea5t, ng\u01b0\u1eddi ta ph\u1ea3i \u1ee7 trong m\u1ed9t th\u1eddi gian r\u1ea5t d\u00e0i, th\u01b0\u1eddng th\u00ec s\u1ebd m\u1ea5t kho\u1ea3ng 9 \u2013 24 th\u00e1ng \u1ee7 \u0111\u1ec3 cheddar \u0111\u1ea1t \u0111\u01b0\u1ee3c \u0111\u1ed9 \u201cch\u00edn\u201d v\u00e0 mang l\u1ea1i h\u01b0\u01a1ng v\u1ecb ho\u00e0n h\u1ea3o nh\u1ea5t. L\u00fac \u0111\u1ea7u, lo\u1ea1i ph\u00f4 mai n\u00e0y ch\u1ec9 ph\u1ed5 bi\u1ebfn \u1edf Anh v\u00e0 c\u00e1c n\u01b0\u1edbc ch\u00e2u \u00c2u, nh\u01b0ng c\u00f9ng v\u1edbi s\u1ef1 du nh\u1eadp c\u1ee7a \u1ea9m th\u1ef1c, Cheddar \u0111ang tr\u1edf n\u00ean n\u1ed5i ti\u1ebfng v\u00e0 \u0111\u01b0\u1ee3c s\u1eed d\u1ee5ng nhi\u1ec1u tr\u00ean to\u00e0n th\u1ebf gi\u1edbi.<\/p>\n<p>Cheddar cheese\u00a0th\u01b0\u1eddng d\u00f9ng theo 2 c\u00e1ch kh\u00e1c nhau, b\u1ea1n c\u00f3 th\u1ec3 c\u1eaft l\u00e1t \u0111\u1ec3 d\u00f9ng k\u00e8m burger, b\u00e1nh m\u00ec sandwich ho\u1eb7c m\u1ed9t s\u1ed1 m\u00f3n n\u01b0\u1edbng nh\u01b0 pizza, pasta n\u01b0\u1edbng, hay c\u0169ng c\u00f3 th\u1ec3 d\u00f9ng v\u1edbi rissotto v\u00e0 casserole.<\/p>\n<p><img decoding=\"async\" class=\"wp-image-20783 aligncenter\" src=\"https:\/\/havamall.vn\/wp-content\/uploads\/2025\/03\/frce-300x225.png\" alt=\"\" width=\"746\" height=\"560\" \/><\/p>\n<p>Cheddar c\u0169ng c\u00f3 th\u1ec3 \u0111\u01b0\u1ee3c d\u00f9ng l\u00e0m nguy\u00ean li\u1ec7u cho c\u00e1c m\u00f3n b\u00e1nh m\u1eb7n nh\u01b0 b\u00e1nh quy, muffin m\u1eb7n, tart m\u1eb7n, ho\u1eb7c b\u00e1nh m\u00ec n\u01b0\u1edbng \u0111\u1ec3 \u0103n s\u00e1ng,\u2026 \u0110\u1ec3 h\u01b0\u01a1ng v\u1ecb c\u1ee7a lo\u1ea1i\u00a0ph\u00f4 mai\u00a0n\u00e0y \u0111\u01b0\u1ee3c nguy\u00ean v\u1eb9n nh\u1ea5t, b\u1ea1n n\u00ean mua nguy\u00ean mi\u1ebfng l\u1edbn v\u1ec1, sau \u0111\u00f3 khi s\u1eed d\u1ee5ng th\u00ec c\u00f3 th\u1ec3 d\u00f9ng dao s\u1eafc v\u00e0 c\u1eaft theo nhu c\u1ea7u. Nh\u01b0 v\u1eady th\u00ec h\u01b0\u01a1ng v\u1ecb nguy\u00ean th\u1ee7y c\u1ee7a Cheddar s\u1ebd kh\u00f4ng b\u1ecb \u1ea3nh h\u01b0\u1edfng qua qu\u00e1 tr\u00ecnh b\u1ea3o qu\u1ea3n.<\/p>\n<p><img loading=\"lazy\" decoding=\"async\" class=\"aligncenter\" src=\"https:\/\/havamall.vn\/wp-content\/uploads\/2025\/03\/200623110902-cheddar-cubes-full-169.jpg\" alt=\"How cheddar cheese took over the world | CNN Travel\" width=\"749\" height=\"421\" \/><\/p>\n<h4><strong>C\u00e1ch s\u1eed d\u1ee5ng:<\/strong><\/h4>\n<p>&#8211; Ph\u00f4 mai cheddar th\u01b0\u1eddng xuy\u00ean \u0111\u01b0\u1ee3c s\u1eed d\u1ee5ng v\u00e0o vi\u1ec7c ch\u1ebf bi\u1ebfn c\u00e1c m\u00f3n b\u00e1nh.<\/p>\n<p>&#8211; Cheddar cheese c\u00f3 th\u1ec3 \u0103n tr\u1ef1c ti\u1ebfp b\u1eb1ng c\u00e1ch c\u1eaft th\u00e0nh t\u1eebng l\u00e1t ph\u00f4 mai m\u1ecfng r\u1ed3i d\u00f9ng k\u00e8m burger, b\u00e1nh m\u00ec sandwich,\u2026<\/p>\n<p>&#8211; L\u00e0 nguy\u00ean li\u1ec7u ch\u1ebf bi\u1ebfn m\u00f3n b\u00e1nh pizza l\u1eebng danh hay pasta n\u01b0\u1edbng. B\u1ea1n \u00a0c\u0169ng c\u00f3 th\u1ec3 d\u00f9ng cheddar cheese v\u1edbi rissotto v\u00e0 casserole\u2026<\/p>\n<p>S\u1ea3n ph\u1ea9m hi\u1ec7n \u0111\u00e3 c\u00f3 m\u1eb7t t\u1ea1i Havamall.<\/p>","protected":false},"excerpt":{"rendered":"<p>Ph\u00f4 mai Cheddar l\u00e0 m\u1ed9t lo\u1ea1i ph\u00f4 mai ph\u1ed5 bi\u1ebfn \u1edf Anh v\u00e0 l\u00e0 lo\u1ea1i\u00a0cheese\u00a0\u0111\u01b0\u1ee3c ti\u00eau th\u1ee5 nhi\u1ec1u nh\u1ea5t tr\u00ean<\/p>","protected":false},"featured_media":20784,"comment_status":"open","ping_status":"closed","template":"","meta":[],"product_brand":[],"product_cat":[677,255,275,36,135],"product_tag":[],"class_list":{"0":"post-20777","1":"product","2":"type-product","3":"status-publish","4":"has-post-thumbnail","6":"product_cat-cac-nuoc-khac","7":"product_cat-nguyen-lieu-lam-banh","8":"product_cat-thuc-pham-dong-lanh","9":"product_cat-thuc-pham-tieu-dung","10":"product_cat-sua-do-uong","11":"pa_brand-skx","13":"first","14":"instock","15":"sale","16":"shipping-taxable","17":"purchasable","18":"product-type-simple"},"_links":{"self":[{"href":"https:\/\/havamall.vn\/en\/wp-json\/wp\/v2\/product\/20777"}],"collection":[{"href":"https:\/\/havamall.vn\/en\/wp-json\/wp\/v2\/product"}],"about":[{"href":"https:\/\/havamall.vn\/en\/wp-json\/wp\/v2\/types\/product"}],"replies":[{"embeddable":true,"href":"https:\/\/havamall.vn\/en\/wp-json\/wp\/v2\/comments?post=20777"}],"version-history":[{"count":0,"href":"https:\/\/havamall.vn\/en\/wp-json\/wp\/v2\/product\/20777\/revisions"}],"wp:featuredmedia":[{"embeddable":true,"href":"https:\/\/havamall.vn\/en\/wp-json\/wp\/v2\/media\/20784"}],"wp:attachment":[{"href":"https:\/\/havamall.vn\/en\/wp-json\/wp\/v2\/media?parent=20777"}],"wp:term":[{"taxonomy":"product_brand","embeddable":true,"href":"https:\/\/havamall.vn\/en\/wp-json\/wp\/v2\/product_brand?post=20777"},{"taxonomy":"product_cat","embeddable":true,"href":"https:\/\/havamall.vn\/en\/wp-json\/wp\/v2\/product_cat?post=20777"},{"taxonomy":"product_tag","embeddable":true,"href":"https:\/\/havamall.vn\/en\/wp-json\/wp\/v2\/product_tag?post=20777"}],"curies":[{"name":"wp","href":"https:\/\/api.w.org\/{rel}","templated":true}]}}