{"id":20768,"date":"2021-07-09T16:43:19","date_gmt":"2021-07-09T09:43:19","guid":{"rendered":"https:\/\/havamall.vn\/?post_type=product&#038;p=20768"},"modified":"2025-08-17T17:17:23","modified_gmt":"2025-08-17T10:17:23","slug":"pho-mai-mozzarella-40-bao-soi-goi-150gr-mozzarella-shredded-cheese","status":"publish","type":"product","link":"https:\/\/havamall.vn\/en\/shop\/pho-mai-mozzarella-40-bao-soi-goi-150gr-mozzarella-shredded-cheese\/","title":{"rendered":"Ph\u00f4 Mai Mozzarella 40% B\u00e0o S\u1ee3i G\u00f3i 1000gr \u2013 Mozzarella Shredded Cheese"},"content":{"rendered":"<p style=\"text-align: left\">Ph\u00f4 mai l\u00e0 m\u1ed9t s\u1ea3n ph\u1ea9m m\u00e0 trong th\u00e0nh ph\u1ea7n c\u00f3 ch\u1ee9a nhi\u1ec1u protein v\u00e0 ch\u1ea5t b\u00e9o t\u1eeb s\u1eefa, th\u01b0\u1eddng l\u00e0 c\u00e1c lo\u1ea1i s\u1eefa b\u00f2, d\u00ea, c\u1eebu. N\u00f3 c\u00f3 ngu\u1ed3n g\u1ed1c t\u1eeb ph\u01b0\u01a1ng T\u00e2y, v\u00e0 khi \u0111\u1ebfn Vi\u1ec7t Nam, xu\u1ea5t hi\u1ec7n trong c\u00e1c m\u00f3n \u0103n hay c\u00e1c lo\u1ea1i b\u00e1nh ng\u1ecdt c\u1ee7a Vi\u1ec7t Nam th\u00ec ng\u01b0\u1eddi ta hay g\u1ecdi n\u00f3 v\u1edbi c\u00e1i t\u00ean l\u00e0 pho m\u00e1t ho\u1eb7c l\u00e0 ph\u00f4 mai. Ch\u1ee7ng lo\u1ea1i v\u00e0 h\u01b0\u01a1ng v\u1ecb c\u1ee7a ph\u00f4 mai r\u1ea5t \u0111\u1ea1 d\u1ea1ng v\u00e0 phong ph\u00fa, c\u00f3 \u0111\u1ebfn h\u00e0ng tr\u0103m lo\u1ea1i ph\u00f4 mai \u0111\u01b0\u1ee3c \u0111i\u1ec3m m\u1eb7t \u0111\u1eb7t t\u00ean tr\u00ean th\u1ebf gi\u1edbi. V\u1edbi nh\u1eefng t\u00edn \u0111\u1ed3 c\u1ee7a m\u00ec \u00dd, pasta hay \u0111\u1eb7c bi\u1ec7t l\u00e0 pizza th\u00ec kh\u00f4ng th\u1ec3 kh\u00f4ng bi\u1ebft \u0111\u1ebfn ph\u00f4 mai, b\u1edfi ph\u00f4 mai ch\u00ednh l\u00e0 n\u00e9t \u0111\u1eb7c tr\u01b0ng t\u1ea1o l\u00ean h\u01b0\u01a1ng v\u1ecb th\u01a1m ngon, b\u00e9o ng\u1eady c\u1ee7a c\u00e1c m\u00f3n \u0103n n\u00e0y.<\/p>\n<p><img fetchpriority=\"high\" decoding=\"async\" class=\"wp-image-20770 aligncenter\" src=\"https:\/\/havamall.com\/wp-content\/uploads\/2025\/08\/hngfg-300x169.png\" alt=\"\" width=\"794\" height=\"447\" \/><\/p>\n<p>Ph\u00f4 mai Mozzarella b\u00e0o s\u1ee3i l\u00e0 s\u1ea3n ph\u1ea9m l\u00ean men \u0111\u01b0\u1ee3c ch\u1ebf bi\u1ebfn t\u1eeb s\u1eefa, \u0111\u01b0\u1ee3c s\u1eed d\u1ee5ng \u0111\u1ec3 l\u00e0m nhi\u1ec1u m\u00f3n \u0103n \u0111\u1eb7c s\u1eafc, th\u01a1m ngon l\u00e0 s\u1ea3n ph\u1ea9m \u0111\u01b0\u1ee3c s\u1ea3n xu\u1ea5t t\u1eeb s\u1eefa \u0111\u1ed9ng v\u1eadt nh\u01b0 b\u00f2, c\u1eebu, d\u00ea,\u2026n\u00ean c\u00f3 h\u00e0m l\u01b0\u1ee3ng \u0111\u1ea1m, ch\u1ea5t b\u00e9o, protein, vitamin, c\u00e1c kho\u00e1ng ch\u1ea5t v\u00e0 canxi cao. Ph\u00f4 mai Mozzarella nh\u1eadp kh\u1ea9u t\u1eeb Ph\u00e1p c\u00f3 m\u00e0u v\u00e0ng nh\u1ea1t, kh\u00e1 m\u1ec1m, d\u1ec5 tan ch\u1ea3y n\u00ean l\u00e0 lo\u1ea1i phomai ngon nh\u1ea5t \u0111\u1ec3 ch\u1ebf bi\u1ebfn pizza.<\/p>\n<p><img decoding=\"async\" class=\"aligncenter\" src=\"https:\/\/havamall.com\/wp-content\/uploads\/2025\/08\/Pho-mai-Mozzarella-thuong-su-dung-trong-khi-lam-banh-pizza-de-tao-nen-do-deo-dinh-dai-gion-khi-an.jpg\" alt=\"K\u00e1\u00ba\u00bft qu\u00e1\u00ba\u00a3 h\u00c3\u00acnh \u00e1\u00ba\u00a3nh cho mozzarella cheese b\u00c3\u00a0o s\u00e1\u00bb\u00a3i\" width=\"792\" height=\"594\" \/><\/p>\n<p>Khi ch\u00edn, phomai r\u1ea5t th\u01a1m, d\u1ebbo m\u1ecbn, b\u00f9i v\u00e0 d\u00ednh. S\u1ea3n ph\u1ea9m c\u00f3 \u0111\u1ed9 \u0111\u00e0n h\u1ed3i cao n\u00ean d\u1ec5 c\u1eaft l\u00e1t, b\u00e0o m\u1ecfng \u0111\u1ec3 ch\u1ebf bi\u1ebfn m\u00f3n \u0103n. S\u1ea3n ph\u1ea9m kh\u00f4ng s\u1eed d\u1ee5ng h\u00f3a ch\u1ea5t, ch\u1ea5t b\u1ea3o qu\u1ea3n, \u0111\u1ea3m b\u1ea3o v\u1ec7 sinh an to\u00e0n th\u1ef1c ph\u1ea9m cho ng\u01b0\u1eddi s\u1eed d\u1ee5ng.<\/p>\n<p><img decoding=\"async\" class=\"wp-image-20771 aligncenter\" src=\"https:\/\/havamall.com\/wp-content\/uploads\/2025\/08\/PHO-MAI-1-300x200.png\" alt=\"\" width=\"790\" height=\"526\" \/><\/p>\n<p>So v\u1edbi c\u00e1c lo\u1ea1i th\u1ef1c ph\u1ea9m c\u00f9ng nh\u00f3m, ph\u00f4 mai c\u00f3 l\u01b0\u1ee3ng ch\u1ea5t b\u00e9o nhi\u1ec1u g\u1ea5p 3 l\u1ea7n, do v\u1eady n\u0103ng l\u01b0\u1ee3ng cung c\u1ea5p c\u0169ng nhi\u1ec1u h\u01a1n g\u1ea5p \u0111\u00f4i. Ch\u00ednh v\u00ec v\u1eady, ph\u00f4 mai l\u00e0 lo\u1ea1i th\u1ef1c ph\u1ea9m \u0111\u1eb7c bi\u1ec7t c\u00f3 t\u00e1c d\u1ee5ng r\u1ea5t t\u1ed1t v\u1edbi s\u1ef1 ph\u00e1t tri\u1ec3n c\u1ee7a tr\u1ebb em.\u00a0Ph\u00f4 mai Mozzarella kh\u00f4ng ch\u1ec9 t\u1ed1t cho s\u1ef1 ph\u00e1t tri\u1ec3n c\u1ee7a tr\u1ebb em m\u00e0 c\u00f2n l\u00e0 th\u1ef1c ph\u1ea9m b\u1ed5 d\u01b0\u1ee1ng gi\u00fap b\u1ed5 sung dinh d\u01b0\u1ee1ng v\u00e0 canxi cho ng\u01b0\u1eddi l\u1edbn.<\/p>\n<p><img loading=\"lazy\" decoding=\"async\" class=\"wp-image-20776 aligncenter\" src=\"https:\/\/havamall.com\/wp-content\/uploads\/2025\/08\/FVD-300x200.png\" alt=\"\" width=\"798\" height=\"533\" \/><\/p>\n<p>B\u00ean c\u1ea1nh \u0111\u00f3, c\u00e1c lo\u1ea1i protein, ch\u1ea5t b\u00e9o trong ph\u00f4 mai \u0111\u1ec1u l\u00e0 d\u1ea1ng c\u01a1 th\u1ec3 d\u1ec5 h\u1ea5p th\u1ee5, c\u00f3 \u0111\u1ea7y \u0111\u1ee7 c\u00e1c axit amin kh\u00f4ng thay th\u1ebf, c\u00e1c vitamin v\u00e0 kho\u00e1ng ch\u1ea5t. Ngo\u00e0i ra trong ph\u00f4 mai c\u00f2n c\u00f3 ch\u1ea5t k\u1ebdm r\u1ea5t t\u1ed1t cho n\u00e3o, da v\u00e0 h\u1ec7 mi\u1ec5n d\u1ecbch. \u0110\u00e2y l\u00e0 m\u1ed9t lo\u1ea1i th\u1ef1c ph\u1ea9m v\u00f4 c\u00f9ng c\u00f3 l\u1ee3i cho s\u1ee9c kh\u1ecfe.<\/p>\n<p>Ph\u00f4 mai Mozzarella d\u00f9ng l\u00e0m nguy\u00ean li\u1ec7u ch\u1ebf bi\u1ebfn c\u00e1c m\u00f3n n\u01b0\u1edbng, m\u1ef3 \u00dd, pasta, l\u00e0m b\u00e1nh, phomai que, n\u1ea5u s\u00fap, n\u1ea5u ch\u00e1o ho\u1eb7c l\u00e0m c\u00e1c lo\u1ea1i n\u01b0\u1edbc s\u1ed1t. S\u1ea3n ph\u1ea9m c\u00f3 th\u1ec3 \u0103n k\u00e8m v\u1edbi b\u00e1nh sandwich, hamburger ho\u1eb7c tr\u1ed9n salad.<\/p>\n<p><img loading=\"lazy\" decoding=\"async\" class=\"wp-image-20773 aligncenter\" src=\"https:\/\/havamall.com\/wp-content\/uploads\/2025\/08\/GB-300x169.png\" alt=\"\" width=\"795\" height=\"449\" \/><\/p>\n<h4><strong>H\u01b0\u1edbng d\u1eabn s\u1eed d\u1ee5ng:<\/strong><\/h4>\n<p>&#8211; Ph\u00f4 mai Mozzarella b\u00e0o s\u1ee3i l\u00e0 l\u1ef1a ch\u1ecdn l\u00fd t\u01b0\u1edfng \u0111\u1ec3 l\u00e0m c\u00e1c m\u00f3n \u0111\u00fat l\u00f2, ho\u1eb7c c\u00e1c m\u00f3n ki\u1ec3u \u00dd, c\u0169ng c\u00f3 th\u1ec3 d\u00f9ng k\u00e8m v\u1edbi c\u00e1c lo\u1ea1i s\u1ed1t \u0103n v\u1edbi b\u00e1nh m\u00ec n\u01b0\u1edbng, \u0111\u1ed3 \u0103n nh\u1eb9, sandwiches, b\u00e1nh quy,&#8230;t\u1ea1o n\u00ean h\u01b0\u01a1ng v\u1ecb ng\u1ecdt ng\u00e0o v\u00e0 b\u00e9o ng\u1eady cho c\u00e1c m\u00f3n b\u00e1nh ng\u1ecdt v\u00e0 kem.<\/p>\n<p>&#8211; L\u00e0 th\u00e0nh ph\u1ea7n kh\u00f4ng th\u1ec3 thi\u1ebfu trong c\u00e1c m\u00f3n pizza. Sau khi n\u01b0\u1edbng ph\u00f4 mai s\u1ebd ch\u1ea3y ra v\u00e0 t\u1ea1o th\u00e0nh nh\u1eefng s\u1ee3i ph\u00f4 mai dai v\u00e0 k\u1ebft d\u00ednh.<\/p>\n<p>&#8211; \u0110\u01b0\u1ee3c s\u1eed d\u1ee5ng \u0111\u1ec3 r\u1eafc l\u00ean c\u00e1c m\u00f3n nh\u01b0 m\u00ec \u1ed1ng ho\u1eb7c k\u1ebft h\u1ee3p nh\u01b0 1 nguy\u00ean li\u1ec7u v\u1edbi b\u00e1nh m\u00ec, tr\u1ee9ng tr\u00e1ng, n\u01b0\u1edbc s\u1ed1t, &#8230;<\/p>","protected":false},"excerpt":{"rendered":"<p>Ph\u00f4 mai l\u00e0 m\u1ed9t s\u1ea3n ph\u1ea9m m\u00e0 trong th\u00e0nh ph\u1ea7n c\u00f3 ch\u1ee9a nhi\u1ec1u protein v\u00e0 ch\u1ea5t b\u00e9o t\u1eeb s\u1eefa, th\u01b0\u1eddng<\/p>","protected":false},"featured_media":20780,"comment_status":"open","ping_status":"closed","template":"","meta":[],"product_brand":[],"product_cat":[255,275,36],"product_tag":[],"class_list":{"0":"post-20768","1":"product","2":"type-product","3":"status-publish","4":"has-post-thumbnail","6":"product_cat-nguyen-lieu-lam-banh","7":"product_cat-thuc-pham-dong-lanh","8":"product_cat-thuc-pham-tieu-dung","9":"pa_brand-skx","11":"first","12":"instock","13":"sale","14":"shipping-taxable","15":"purchasable","16":"product-type-simple"},"_links":{"self":[{"href":"https:\/\/havamall.vn\/en\/wp-json\/wp\/v2\/product\/20768"}],"collection":[{"href":"https:\/\/havamall.vn\/en\/wp-json\/wp\/v2\/product"}],"about":[{"href":"https:\/\/havamall.vn\/en\/wp-json\/wp\/v2\/types\/product"}],"replies":[{"embeddable":true,"href":"https:\/\/havamall.vn\/en\/wp-json\/wp\/v2\/comments?post=20768"}],"version-history":[{"count":0,"href":"https:\/\/havamall.vn\/en\/wp-json\/wp\/v2\/product\/20768\/revisions"}],"wp:featuredmedia":[{"embeddable":true,"href":"https:\/\/havamall.vn\/en\/wp-json\/wp\/v2\/media\/20780"}],"wp:attachment":[{"href":"https:\/\/havamall.vn\/en\/wp-json\/wp\/v2\/media?parent=20768"}],"wp:term":[{"taxonomy":"product_brand","embeddable":true,"href":"https:\/\/havamall.vn\/en\/wp-json\/wp\/v2\/product_brand?post=20768"},{"taxonomy":"product_cat","embeddable":true,"href":"https:\/\/havamall.vn\/en\/wp-json\/wp\/v2\/product_cat?post=20768"},{"taxonomy":"product_tag","embeddable":true,"href":"https:\/\/havamall.vn\/en\/wp-json\/wp\/v2\/product_tag?post=20768"}],"curies":[{"name":"wp","href":"https:\/\/api.w.org\/{rel}","templated":true}]}}