{"id":20758,"date":"2021-07-09T15:54:47","date_gmt":"2021-07-09T08:54:47","guid":{"rendered":"https:\/\/havamall.vn\/?post_type=product&#038;p=20758"},"modified":"2023-02-17T09:10:20","modified_gmt":"2023-02-17T02:10:20","slug":"banh-canh-ong-khoai-lang-tim-fuma-500g","status":"publish","type":"product","link":"https:\/\/havamall.vn\/en\/shop\/banh-canh-ong-khoai-lang-tim-fuma-500g\/","title":{"rendered":"B\u00e1nh Canh \u1ed0ng Khoai Lang T\u00edm Fuma 500g"},"content":{"rendered":"<table>\n<tbody>\n<tr>\n<td>Th\u01b0\u01a1ng hi\u1ec7u<\/td>\n<td>Fuma<\/td>\n<\/tr>\n<tr>\n<td>Xu\u1ea5t x\u1ee9<\/td>\n<td>Vi\u1ec7t Nam<\/td>\n<\/tr>\n<tr>\n<td>Th\u00e0nh ph\u1ea7n<\/td>\n<td>Tinh b\u1ed9t khoai lang t\u00edm, tinh b\u1ed9t khoai m\u00ec,\u2026<\/td>\n<\/tr>\n<tr>\n<td>H\u1ea1n s\u1eed d\u1ee5ng<\/td>\n<td>12 th\u00e1ng k\u1ec3 t\u1eeb ng\u00e0y s\u1ea3n xu\u1ea5t.<\/td>\n<\/tr>\n<tr>\n<td>B\u1ea3o qu\u1ea3n<\/td>\n<td>\u0110\u1ec3 n\u01a1i kh\u00f4 r\u00e1o, tho\u00e1ng m\u00e1t, tr\u00e1nh \u00e1nh n\u1eafng tr\u1ef1c ti\u1ebfp<\/td>\n<\/tr>\n<tr>\n<td>Kh\u1ed1i l\u01b0\u1ee3ng t\u1ecbnh<\/td>\n<td>500g<\/td>\n<\/tr>\n<\/tbody>\n<\/table>\n<p>L\u00e0ng b\u1ed9t Sa \u0110\u00e9c v\u1ed1n l\u00e0 m\u1ed9t l\u00e0ng ngh\u1ec1 truy\u1ec1n th\u1ed1ng v\u00e0 l\u00e2u \u0111\u1eddi t\u1ea1i Sa \u0110\u00e9c, \u0110\u1ed3ng Th\u00e1p. N\u1eb1m b\u00ean d\u00f2ng Sa Giang hi\u1ec1n h\u00f2a, l\u00e0ng b\u1ed9t Sa \u0110\u00e9c n\u1ee9c ti\u1ebfng nh\u1edd ch\u1ea5t l\u01b0\u1ee3ng v\u01b0\u1ee3t tr\u1ed9i v\u00e0 h\u01b0\u01a1ng v\u1ecb \u0111\u1eb7c tr\u01b0ng ri\u00eang bi\u1ec7t kh\u00f3 c\u00f3 n\u01a1i n\u00e0o s\u00e1nh k\u1ecbp. H\u01a1n 100 n\u0103m h\u00ecnh th\u00e0nh v\u00e0 ph\u00e1t tri\u1ec3n, l\u00e0ng ngh\u1ec1 b\u1ed9t \u0111\u00e3 tr\u1edf th\u00e0nh m\u1ed9t trong nh\u1eefng \u0111\u1ecba \u0111i\u1ec3m du l\u1ecbch \u0110\u1ed3ng Th\u00e1p th\u00fa v\u1ecb thu h\u00fat \u0111\u00f4ng \u0111\u1ea3o du kh\u00e1ch \u0111\u1ebfn tham quan.<\/p>\n<p><img fetchpriority=\"high\" decoding=\"async\" class=\"wp-image-20759 aligncenter\" src=\"https:\/\/havamall.vn\/wp-content\/uploads\/2021\/07\/gevc-2-300x200.png\" alt=\"\" width=\"698\" height=\"466\" srcset=\"https:\/\/havamall.vn\/wp-content\/uploads\/2021\/07\/gevc-2-300x200.png 300w, https:\/\/havamall.vn\/wp-content\/uploads\/2021\/07\/gevc-2-430x287.png 430w, https:\/\/havamall.vn\/wp-content\/uploads\/2021\/07\/gevc-2-150x100.png 150w, https:\/\/havamall.vn\/wp-content\/uploads\/2021\/07\/gevc-2-700x467.png 700w, https:\/\/havamall.vn\/wp-content\/uploads\/2021\/07\/gevc-2-768x512.png 768w, https:\/\/havamall.vn\/wp-content\/uploads\/2021\/07\/gevc-2-1024x683.png 1024w, https:\/\/havamall.vn\/wp-content\/uploads\/2021\/07\/gevc-2-600x400.png 600w, https:\/\/havamall.vn\/wp-content\/uploads\/2021\/07\/gevc-2.png 1160w\" sizes=\"(max-width: 698px) 100vw, 698px\" \/><\/p>\n<p>S\u1ea3n ph\u1ea9m b\u1ed9t l\u1ecdcn\u01a1i \u0111\u00e2y ch\u1ea5t l\u01b0\u1ee3ng v\u00e0 mang nh\u1eefng \u0111\u1eb7c tr\u01b0ng r\u1ea5t ri\u00eang nh\u01b0 t\u01b0\u01a1i, th\u01a1m, dai v\u00e0 ho\u00e0n to\u00e0n t\u1ef1 nhi\u00ean. Th\u1ef1c ph\u1ea9m \u0111\u01b0\u1ee3c ch\u1ebf bi\u1ebfn t\u1eeb b\u1ed9t Sa \u0110\u00e9c dai m\u00e0 m\u1ec1m, th\u01a1m ngon \u0111\u1eb7c tr\u01b0ng. Hi\u1ec7n n\u01a1i \u0111\u00e2y l\u00e0 \u0111\u1ea7u m\u1ed1i cung \u1ee9ng b\u1ed9t cho c\u00e1c t\u1ec9nh mi\u1ec1n T\u00e2y, TP.HCM, mi\u1ec1n \u0110\u00f4ng Nam B\u1ed9, xu\u1ea5t kh\u1ea9u sang c\u00e1c n\u01b0\u1edbc \u0110\u00f4ng Nam \u00c1 v\u00e0 m\u1ed9t s\u1ed1 n\u01b0\u1edbc ch\u00e2u \u00c2u.<\/p>\n<p><img decoding=\"async\" class=\"wp-image-20760 aligncenter\" src=\"https:\/\/havamall.vn\/wp-content\/uploads\/2021\/07\/51a0a36c80-2-300x169.png\" alt=\"\" width=\"693\" height=\"391\" srcset=\"https:\/\/havamall.vn\/wp-content\/uploads\/2021\/07\/51a0a36c80-2-300x169.png 300w, https:\/\/havamall.vn\/wp-content\/uploads\/2021\/07\/51a0a36c80-2-430x242.png 430w, https:\/\/havamall.vn\/wp-content\/uploads\/2021\/07\/51a0a36c80-2-150x84.png 150w, https:\/\/havamall.vn\/wp-content\/uploads\/2021\/07\/51a0a36c80-2-700x394.png 700w, https:\/\/havamall.vn\/wp-content\/uploads\/2021\/07\/51a0a36c80-2-768x432.png 768w, https:\/\/havamall.vn\/wp-content\/uploads\/2021\/07\/51a0a36c80-2-1024x576.png 1024w, https:\/\/havamall.vn\/wp-content\/uploads\/2021\/07\/51a0a36c80-2-1200x675.png 1200w, https:\/\/havamall.vn\/wp-content\/uploads\/2021\/07\/51a0a36c80-2-600x338.png 600w, https:\/\/havamall.vn\/wp-content\/uploads\/2021\/07\/51a0a36c80-2.png 1920w\" sizes=\"(max-width: 693px) 100vw, 693px\" \/><\/p>\n<p>Khoai lang t\u00edm l\u00e0 v\u1ecb thu\u1ed1c, m\u00f3n \u0103n b\u1ed5 d\u01b0\u1ee1ng cho m\u1ecdi ng\u01b0\u1eddi \u0111\u1eb7c bi\u1ec7t l\u00e0 gi\u1ed1ng Khoai lang t\u00edm gi\u1ed1ng Nh\u1eadt B\u1ea3n \u0111\u01b0\u1ee3c tr\u1ed3ng nhi\u1ec1u \u1edf c\u00e1c t\u1ec9nh \u0110\u1ed3ng Th\u00e1p, V\u0129nh Long. G\u1ea7n \u0111\u00e2y, khoai lang t\u00edm tr\u1edf th\u00e0nh m\u00f3n \u0103n \u0111\u01b0\u1ee3c nhi\u1ec1u ng\u01b0\u1eddi \u01b0a th\u00edch.<\/p>\n<p>Tuy l\u00e0 m\u1ed9t th\u1ef1c ph\u1ea9m r\u1ea5t nhi\u1ec1u ch\u1ea5t dinh d\u01b0\u1ee1ng v\u00e0 b\u1ed5 \u00edch nh\u01b0ng khi \u0103n nhi\u1ec1u c\u1ee7 khoai lang lu\u1ed9c, h\u1ea5p d\u1ec5 khi\u1ebfn ch\u00fang ta mau ng\u00e1n v\u00e0 kh\u00f4ng th\u1ec3 s\u1eed d\u1ee5ng li\u00ean t\u1ee5c h\u00e0ng ng\u00e0y. N\u1eafm b\u1eaft t\u00e2m t\u01b0, th\u1ecb hi\u1ebfu c\u1ee7a ng\u01b0\u1eddi ti\u00eau d\u00f9ng c\u0169ng nh\u01b0 c\u00f3 th\u1ebf m\u1ea1nh v\u1ec1 v\u00f9ng nguy\u00ean li\u1ec7u tr\u1ed3ng khoai lang d\u1ed3i d\u00e0o v\u00e0 ch\u1ea5t l\u01b0\u1ee3ng t\u1ea1i \u0110\u1ed3ng Th\u00e1p. C\u00f4ng ty CP Tinh B\u1ed9t Xanh \u0111\u00e3 ch\u00ednh th\u1ee9c cho ra \u0111\u1eddi d\u00f2ng s\u1ea3n ph\u1ea9m B\u00e1nh Canh \u1ed0ng Khoai Lang T\u00edm \u0111\u1ed9c \u0111\u00e1o v\u00e0 \u0111\u1eb7c s\u1eafc.<\/p>\n<p><img decoding=\"async\" class=\"wp-image-20763 aligncenter\" src=\"https:\/\/havamall.vn\/wp-content\/uploads\/2021\/07\/maxresdefault-2-2-300x172.png\" alt=\"\" width=\"687\" height=\"393\" srcset=\"https:\/\/havamall.vn\/wp-content\/uploads\/2021\/07\/maxresdefault-2-2-300x172.png 300w, https:\/\/havamall.vn\/wp-content\/uploads\/2021\/07\/maxresdefault-2-2-430x246.png 430w, https:\/\/havamall.vn\/wp-content\/uploads\/2021\/07\/maxresdefault-2-2-150x86.png 150w, https:\/\/havamall.vn\/wp-content\/uploads\/2021\/07\/maxresdefault-2-2-700x401.png 700w, https:\/\/havamall.vn\/wp-content\/uploads\/2021\/07\/maxresdefault-2-2-768x440.png 768w, https:\/\/havamall.vn\/wp-content\/uploads\/2021\/07\/maxresdefault-2-2-1024x587.png 1024w, https:\/\/havamall.vn\/wp-content\/uploads\/2021\/07\/maxresdefault-2-2-1200x688.png 1200w, https:\/\/havamall.vn\/wp-content\/uploads\/2021\/07\/maxresdefault-2-2-600x344.png 600w, https:\/\/havamall.vn\/wp-content\/uploads\/2021\/07\/maxresdefault-2-2.png 1256w\" sizes=\"(max-width: 687px) 100vw, 687px\" \/><\/p>\n<p>S\u1ea3n ph\u1ea9m b\u1ed9t l\u1ecdc n\u01a1i \u0111\u00e2y ch\u1ea5t l\u01b0\u1ee3ng v\u00e0 mang nh\u1eefng \u0111\u1eb7c tr\u01b0ng r\u1ea5t ri\u00eang nh\u01b0 t\u01b0\u01a1i, th\u01a1m, dai v\u00e0 ho\u00e0n to\u00e0n t\u1ef1 nhi\u00ean. Th\u1ef1c ph\u1ea9m \u0111\u01b0\u1ee3c ch\u1ebf bi\u1ebfn t\u1eeb b\u1ed9t Sa \u0110\u00e9c dai m\u00e0 m\u1ec1m, th\u01a1m ngon \u0111\u1eb7c tr\u01b0ng. Hi\u1ec7n n\u01a1i \u0111\u00e2y l\u00e0 \u0111\u1ea7u m\u1ed1i cung \u1ee9ng b\u1ed9t cho c\u00e1c t\u1ec9nh mi\u1ec1n T\u00e2y, TP.HCM, mi\u1ec1n \u0110\u00f4ng Nam B\u1ed9, xu\u1ea5t kh\u1ea9u sang c\u00e1c n\u01b0\u1edbc \u0110\u00f4ng Nam \u00c1 v\u00e0 m\u1ed9t s\u1ed1 n\u01b0\u1edbc ch\u00e2u \u00c2u.<\/p>\n<p><img loading=\"lazy\" decoding=\"async\" class=\"wp-image-20766 aligncenter\" src=\"https:\/\/havamall.vn\/wp-content\/uploads\/2021\/07\/1916264-300x200.png\" alt=\"\" width=\"700\" height=\"466\" srcset=\"https:\/\/havamall.vn\/wp-content\/uploads\/2021\/07\/1916264-300x200.png 300w, https:\/\/havamall.vn\/wp-content\/uploads\/2021\/07\/1916264-430x286.png 430w, https:\/\/havamall.vn\/wp-content\/uploads\/2021\/07\/1916264-150x100.png 150w, https:\/\/havamall.vn\/wp-content\/uploads\/2021\/07\/1916264-700x466.png 700w, https:\/\/havamall.vn\/wp-content\/uploads\/2021\/07\/1916264-768x512.png 768w, https:\/\/havamall.vn\/wp-content\/uploads\/2021\/07\/1916264-1024x682.png 1024w, https:\/\/havamall.vn\/wp-content\/uploads\/2021\/07\/1916264-1200x799.png 1200w, https:\/\/havamall.vn\/wp-content\/uploads\/2021\/07\/1916264-600x400.png 600w, https:\/\/havamall.vn\/wp-content\/uploads\/2021\/07\/1916264.png 1360w\" sizes=\"(max-width: 700px) 100vw, 700px\" \/><\/p>\n<h4><strong>C\u00f4ng d\u1ee5ng tuy\u1ec7t v\u1eddi c\u1ee7a khoai lang:<\/strong><\/h4>\n<p>\u2013 Nhi\u1ec1u dinh d\u01b0\u1ee1ng<\/p>\n<p>\u2013 T\u1ed1t cho \u0111\u01b0\u1eddng huy\u1ebft<\/p>\n<p>\u2013 Ch\u1ee9a nhi\u1ec1u ch\u1ea5t ch\u1ed1ng oxy ho\u00e1<\/p>\n<p>\u2013 C\u1ea3i thi\u1ec7n huy\u1ebft \u00e1p<\/p>\n<p>\u2013 Gi\u1ea3m r\u1ee7i ro ung th\u01b0<\/p>\n<p>\u2013 T\u0103ng c\u01b0\u1eddng ch\u1ea5t x\u01a1.<\/p>\n<p><img loading=\"lazy\" decoding=\"async\" class=\"aligncenter\" src=\"https:\/\/havamall.vn\/wp-content\/uploads\/2021\/07\/cach-nau-banh-canh-cua-ngon.jpg\" alt=\"C\u00e1ch n\u1ea5u b\u00e1nh canh cua ngon, n\u01b0\u1edbc d\u00f9ng \u0111\u1eadm \u0111\u00e0 \u0111\u1ed5i v\u1ecb cu\u1ed1i tu\u1ea7n\" width=\"671\" height=\"448\" \/><\/p>\n<h4><strong>H\u01b0\u1edbng d\u1eabn s\u1eed d\u1ee5ng:\u00a0<\/strong><\/h4>\n<p>\u2013 Lu\u1ed9c b\u00e1nh canh \u1ed1ng v\u1edbi n\u01b0\u1edbc \u0111ang s\u00f4i trong kho\u1ea3ng 7 ph\u00fat<\/p>\n<p>\u2013 Sau \u0111\u00f3 v\u1edbt ra x\u1ea3 b\u1eb1ng n\u01b0\u1edbc l\u1ea1nh v\u00e0 \u0111\u1ec3 r\u00e1o n\u01b0\u1edbc r\u1ed3i tr\u1ed9n b\u00e1nh canh v\u1edbi 1 mu\u1ed7ng d\u1ea7u th\u1ef1c v\u1eadt \u0111\u1ec3 banh kh\u00f4ng d\u00ednh v\u00e0o nhau.<\/p>\n<p>\u2013 Sau \u0111\u00f3 ch\u1ebf bi\u1ebfn th\u00e0nh c\u00e1c m\u00f3n \u0103n t\u00f9y theo \u00fd th\u00edch.<\/p>\n<p>S\u1ea3n ph\u1ea9m hi\u1ec7n \u0111\u00e3 c\u00f3 m\u1eb7t t\u1ea1i Havamall.<\/p>","protected":false},"excerpt":{"rendered":"<p>Th\u01b0\u01a1ng hi\u1ec7u Fuma Xu\u1ea5t x\u1ee9 Vi\u1ec7t Nam Th\u00e0nh ph\u1ea7n Tinh b\u1ed9t khoai lang t\u00edm, tinh b\u1ed9t khoai m\u00ec,\u2026 H\u1ea1n s\u1eed<\/p>","protected":false},"featured_media":20764,"comment_status":"open","ping_status":"closed","template":"","meta":[],"product_brand":[],"product_cat":[36,134],"product_tag":[],"class_list":{"0":"post-20758","1":"product","2":"type-product","3":"status-publish","4":"has-post-thumbnail","6":"product_cat-thuc-pham-tieu-dung","7":"product_cat-thucpham-saykho","8":"pa_brand-tinh-bot-xanh","10":"first","11":"instock","12":"sale","13":"shipping-taxable","14":"purchasable","15":"product-type-simple"},"_links":{"self":[{"href":"https:\/\/havamall.vn\/en\/wp-json\/wp\/v2\/product\/20758"}],"collection":[{"href":"https:\/\/havamall.vn\/en\/wp-json\/wp\/v2\/product"}],"about":[{"href":"https:\/\/havamall.vn\/en\/wp-json\/wp\/v2\/types\/product"}],"replies":[{"embeddable":true,"href":"https:\/\/havamall.vn\/en\/wp-json\/wp\/v2\/comments?post=20758"}],"version-history":[{"count":0,"href":"https:\/\/havamall.vn\/en\/wp-json\/wp\/v2\/product\/20758\/revisions"}],"wp:featuredmedia":[{"embeddable":true,"href":"https:\/\/havamall.vn\/en\/wp-json\/wp\/v2\/media\/20764"}],"wp:attachment":[{"href":"https:\/\/havamall.vn\/en\/wp-json\/wp\/v2\/media?parent=20758"}],"wp:term":[{"taxonomy":"product_brand","embeddable":true,"href":"https:\/\/havamall.vn\/en\/wp-json\/wp\/v2\/product_brand?post=20758"},{"taxonomy":"product_cat","embeddable":true,"href":"https:\/\/havamall.vn\/en\/wp-json\/wp\/v2\/product_cat?post=20758"},{"taxonomy":"product_tag","embeddable":true,"href":"https:\/\/havamall.vn\/en\/wp-json\/wp\/v2\/product_tag?post=20758"}],"curies":[{"name":"wp","href":"https:\/\/api.w.org\/{rel}","templated":true}]}}