{"id":20749,"date":"2021-07-08T17:44:26","date_gmt":"2021-07-08T10:44:26","guid":{"rendered":"https:\/\/havamall.vn\/?post_type=product&#038;p=20749"},"modified":"2023-04-10T13:56:19","modified_gmt":"2023-04-10T06:56:19","slug":"banh-canh-ong-tinh-bot-gao-fuma-500g","status":"publish","type":"product","link":"https:\/\/havamall.vn\/en\/shop\/banh-canh-ong-tinh-bot-gao-fuma-500g\/","title":{"rendered":"B\u00e1nh Canh \u1ed0ng Tinh B\u1ed9t G\u1ea1o Fuma 500g"},"content":{"rendered":"<table>\n<tbody>\n<tr>\n<td><span style=\"font-weight: 400\">Th\u01b0\u01a1ng hi\u1ec7u<\/span><\/td>\n<td><span style=\"font-weight: 400\">Fuma<\/span><\/td>\n<\/tr>\n<tr>\n<td><span style=\"font-weight: 400\">Xu\u1ea5t x\u1ee9<\/span><\/td>\n<td><span style=\"font-weight: 400\">Vi\u1ec7t Nam<\/span><\/td>\n<\/tr>\n<tr>\n<td><span style=\"font-weight: 400\">Th\u00e0nh ph\u1ea7n<\/span><\/td>\n<td><span style=\"font-weight: 400\">Tinh b\u1ed9t g\u1ea1o, tinh b\u1ed9t khoai m\u00ec, m\u00e0u t\u1ef1 nhi\u00ean t\u1eeb rau c\u1ee7,&#8230;<\/span><\/td>\n<\/tr>\n<tr>\n<td><span style=\"font-weight: 400\">H\u1ea1n s\u1eed d\u1ee5ng<\/span><\/td>\n<td><span style=\"font-weight: 400\">12 th\u00e1ng k\u1ec3 t\u1eeb ng\u00e0y s\u1ea3n xu\u1ea5t.<\/span><\/td>\n<\/tr>\n<tr>\n<td><span style=\"font-weight: 400\">B\u1ea3o qu\u1ea3n<\/span><\/td>\n<td><span style=\"font-weight: 400\">\u0110\u1ec3 n\u01a1i kh\u00f4 r\u00e1o, tho\u00e1ng m\u00e1t, tr\u00e1nh \u00e1nh n\u1eafng tr\u1ef1c ti\u1ebfp<\/span><\/td>\n<\/tr>\n<tr>\n<td><span style=\"font-weight: 400\">Kh\u1ed1i l\u01b0\u1ee3ng t\u1ecbnh<\/span><\/td>\n<td><span style=\"font-weight: 400\">500g<\/span><\/td>\n<\/tr>\n<\/tbody>\n<\/table>\n<p><span style=\"font-weight: 400\">L\u00e0ng b\u1ed9t Sa \u0110\u00e9c v\u1ed1n l\u00e0 m\u1ed9t l\u00e0ng ngh\u1ec1 truy\u1ec1n th\u1ed1ng v\u00e0 l\u00e2u \u0111\u1eddi t\u1ea1i Sa \u0110\u00e9c, \u0110\u1ed3ng Th\u00e1p. N\u1eb1m b\u00ean d\u00f2ng Sa Giang hi\u1ec1n h\u00f2a, l\u00e0ng b\u1ed9t Sa \u0110\u00e9c n\u1ee9c ti\u1ebfng nh\u1edd ch\u1ea5t l\u01b0\u1ee3ng v\u01b0\u1ee3t tr\u1ed9i v\u00e0 h\u01b0\u01a1ng v\u1ecb \u0111\u1eb7c tr\u01b0ng ri\u00eang bi\u1ec7t kh\u00f3 c\u00f3 n\u01a1i n\u00e0o s\u00e1nh k\u1ecbp. H\u01a1n 100 n\u0103m h\u00ecnh th\u00e0nh v\u00e0 ph\u00e1t tri\u1ec3n, l\u00e0ng ngh\u1ec1 b\u1ed9t \u0111\u00e3 tr\u1edf th\u00e0nh m\u1ed9t trong nh\u1eefng \u0111\u1ecba \u0111i\u1ec3m du l\u1ecbch \u0110\u1ed3ng Th\u00e1p th\u00fa v\u1ecb thu h\u00fat \u0111\u00f4ng \u0111\u1ea3o du kh\u00e1ch \u0111\u1ebfn tham quan.\u00a0<\/span><\/p>\n<p><img fetchpriority=\"high\" decoding=\"async\" class=\"wp-image-20743 aligncenter\" src=\"https:\/\/havamall.vn\/wp-content\/uploads\/2021\/07\/gevc-1-300x200.png\" alt=\"\" width=\"774\" height=\"517\" srcset=\"https:\/\/havamall.vn\/wp-content\/uploads\/2021\/07\/gevc-1-300x200.png 300w, https:\/\/havamall.vn\/wp-content\/uploads\/2021\/07\/gevc-1-430x287.png 430w, https:\/\/havamall.vn\/wp-content\/uploads\/2021\/07\/gevc-1-150x100.png 150w, https:\/\/havamall.vn\/wp-content\/uploads\/2021\/07\/gevc-1-700x467.png 700w, https:\/\/havamall.vn\/wp-content\/uploads\/2021\/07\/gevc-1-768x512.png 768w, https:\/\/havamall.vn\/wp-content\/uploads\/2021\/07\/gevc-1-1024x683.png 1024w, https:\/\/havamall.vn\/wp-content\/uploads\/2021\/07\/gevc-1-600x400.png 600w, https:\/\/havamall.vn\/wp-content\/uploads\/2021\/07\/gevc-1.png 1160w\" sizes=\"(max-width: 774px) 100vw, 774px\" \/><\/p>\n<p><span style=\"font-weight: 400\">S\u1ea3n ph\u1ea9m b\u1ed9t l\u1ecdc n\u01a1i \u0111\u00e2y ch\u1ea5t l\u01b0\u1ee3ng v\u00e0 mang nh\u1eefng \u0111\u1eb7c tr\u01b0ng r\u1ea5t ri\u00eang nh\u01b0 t\u01b0\u01a1i, th\u01a1m, dai v\u00e0 ho\u00e0n to\u00e0n t\u1ef1 nhi\u00ean. Th\u1ef1c ph\u1ea9m \u0111\u01b0\u1ee3c ch\u1ebf bi\u1ebfn t\u1eeb b\u1ed9t Sa \u0110\u00e9c dai m\u00e0 m\u1ec1m, th\u01a1m ngon \u0111\u1eb7c tr\u01b0ng. Hi\u1ec7n n\u01a1i \u0111\u00e2y l\u00e0 \u0111\u1ea7u m\u1ed1i cung \u1ee9ng b\u1ed9t cho c\u00e1c t\u1ec9nh mi\u1ec1n T\u00e2y, TP.HCM, mi\u1ec1n \u0110\u00f4ng Nam B\u1ed9, xu\u1ea5t kh\u1ea9u sang c\u00e1c n\u01b0\u1edbc \u0110\u00f4ng Nam \u00c1 v\u00e0 m\u1ed9t s\u1ed1 n\u01b0\u1edbc ch\u00e2u \u00c2u.<\/span><\/p>\n<p><img decoding=\"async\" class=\"wp-image-20744 aligncenter\" src=\"https:\/\/havamall.vn\/wp-content\/uploads\/2021\/07\/51a0a36c80-1-300x169.png\" alt=\"\" width=\"776\" height=\"437\" srcset=\"https:\/\/havamall.vn\/wp-content\/uploads\/2021\/07\/51a0a36c80-1-300x169.png 300w, https:\/\/havamall.vn\/wp-content\/uploads\/2021\/07\/51a0a36c80-1-430x242.png 430w, https:\/\/havamall.vn\/wp-content\/uploads\/2021\/07\/51a0a36c80-1-150x84.png 150w, https:\/\/havamall.vn\/wp-content\/uploads\/2021\/07\/51a0a36c80-1-700x394.png 700w, https:\/\/havamall.vn\/wp-content\/uploads\/2021\/07\/51a0a36c80-1-768x432.png 768w, https:\/\/havamall.vn\/wp-content\/uploads\/2021\/07\/51a0a36c80-1-1024x576.png 1024w, https:\/\/havamall.vn\/wp-content\/uploads\/2021\/07\/51a0a36c80-1-1200x675.png 1200w, https:\/\/havamall.vn\/wp-content\/uploads\/2021\/07\/51a0a36c80-1-600x338.png 600w, https:\/\/havamall.vn\/wp-content\/uploads\/2021\/07\/51a0a36c80-1.png 1920w\" sizes=\"(max-width: 776px) 100vw, 776px\" \/><\/p>\n<p><span style=\"font-weight: 400\">B\u00e1nh canh \u1ed1ng tinh b\u1ed9t g\u1ea1o c\u1ee7a C\u00f4ng ty Tinh B\u1ed9t Xanh v\u1edbi th\u00e0nh ph\u1ea7n nguy\u00ean li\u1ec7u 100% t\u1ef1 nhi\u00ean, kh\u00f4ng s\u1eed d\u1ee5ng ph\u1ee5 gia \u0111\u1ed9c h\u1ea1i, an to\u00e0n tuy\u1ec7t \u0111\u1ed1i cho s\u1ee9c kh\u1ecfe ng\u01b0\u1eddi ti\u00eau d\u00f9ng. S\u1ea3n ph\u1ea9m Nui tinh b\u1ed9t g\u1ea1o \u0111\u01b0\u1ee3c s\u1ea3n xu\u1ea5t theo c\u00f4ng ngh\u1ec7 hi\u1ec7n \u0111\u1ea1i, quy tr\u00ecnh s\u1ea3n xu\u1ea5t kh\u00e9p k\u00edn, gi\u00e1m s\u00e1t nghi\u00eam ng\u1eb7t, \u0111\u1ec3 t\u1ea1o ra nh\u1eefng c\u1ecdng nui dai ngon v\u00e0 b\u1ed5 d\u01b0\u1ee1ng. B\u00e1nh canh \u1ed1ng tinh b\u1ed9t g\u1ea1o c\u0169ng gi\u00fap cung c\u1ea5p h\u00e0m l\u01b0\u1ee3ng tinh b\u1ed9t, protein \u0111\u00e1ng k\u1ec3 v\u00e0 cung c\u1ea5p ngu\u1ed3n n\u0103ng l\u01b0\u1ee3ng d\u1ed3i d\u00e0o cho c\u01a1 th\u1ec3 ho\u1ea1t \u0111\u1ed9ng su\u1ed1t ng\u00e0y d\u00e0i.<\/span><\/p>\n<p><img decoding=\"async\" class=\"wp-image-20751 aligncenter\" src=\"https:\/\/havamall.vn\/wp-content\/uploads\/2021\/07\/asian-uncooked-white-rice-sunset-field-background-burlap-sack-wooden-table-grains-healthy-food-201492516-300x200.png\" alt=\"\" width=\"778\" height=\"519\" srcset=\"https:\/\/havamall.vn\/wp-content\/uploads\/2021\/07\/asian-uncooked-white-rice-sunset-field-background-burlap-sack-wooden-table-grains-healthy-food-201492516-300x200.png 300w, https:\/\/havamall.vn\/wp-content\/uploads\/2021\/07\/asian-uncooked-white-rice-sunset-field-background-burlap-sack-wooden-table-grains-healthy-food-201492516-430x286.png 430w, https:\/\/havamall.vn\/wp-content\/uploads\/2021\/07\/asian-uncooked-white-rice-sunset-field-background-burlap-sack-wooden-table-grains-healthy-food-201492516-150x100.png 150w, https:\/\/havamall.vn\/wp-content\/uploads\/2021\/07\/asian-uncooked-white-rice-sunset-field-background-burlap-sack-wooden-table-grains-healthy-food-201492516-700x466.png 700w, https:\/\/havamall.vn\/wp-content\/uploads\/2021\/07\/asian-uncooked-white-rice-sunset-field-background-burlap-sack-wooden-table-grains-healthy-food-201492516-768x511.png 768w, https:\/\/havamall.vn\/wp-content\/uploads\/2021\/07\/asian-uncooked-white-rice-sunset-field-background-burlap-sack-wooden-table-grains-healthy-food-201492516-600x399.png 600w\" sizes=\"(max-width: 778px) 100vw, 778px\" \/><\/p>\n<p><span style=\"font-weight: 400\">B\u00e1nh canh \u1ed1ng tinh b\u1ed9t g\u1ea1o \u0111\u01b0\u1ee3c l\u00e0m t\u1eeb c\u00e1c nguy\u00ean li\u1ec7u t\u1ef1 nhi\u00ean nh\u01b0 tinh b\u1ed9t g\u1ea1o, tinh b\u1ed9t khoai m\u00ec.\u00a0<\/span><span style=\"font-weight: 400\">B\u00e1nh canh \u1ed1ng tinh b\u1ed9t g\u1ea1o th\u01b0\u1eddng \u0111\u01b0\u1ee3c s\u1eed d\u1ee5ng trong c\u00e1c m\u00f3n \u0103n \u0111\u1eadm ch\u1ea5t truy\u1ec1n th\u1ed1ng c\u1ee7a ng\u01b0\u1eddi Vi\u1ec7t, \u0111\u1ec3 m\u00f3n \u0103n th\u00eam ph\u1ea7n phong ph\u00fa v\u00e0 th\u01a1m ngon th\u00ec B\u00e1nh canh \u1ed1ng ng\u0169 s\u1eafc c\u1ee7a C\u00f4ng ty Tinh B\u1ed9t Xanh l\u00e0 s\u1ef1 l\u1ef1a ch\u1ecdn ho\u00e0n h\u1ea3o cho b\u1ea1n v\u00e0 gia \u0111\u00ecnh.<\/span><\/p>\n<p><img loading=\"lazy\" decoding=\"async\" class=\"aligncenter\" src=\"https:\/\/havamall.vn\/wp-content\/uploads\/2021\/07\/cach-nau-banh-canh-cua-ngon.jpg\" alt=\"C\u00e1ch n\u1ea5u b\u00e1nh canh cua ngon, n\u01b0\u1edbc d\u00f9ng \u0111\u1eadm \u0111\u00e0 \u0111\u1ed5i v\u1ecb cu\u1ed1i tu\u1ea7n\" width=\"762\" height=\"509\" \/><\/p>\n<p><span style=\"font-weight: 400\">C\u00e1c m\u00f3n \u0103n \u0111\u01b0\u1ee3c ch\u1ebf bi\u1ebfn t\u1eeb b\u00e1nh canh \u1ed1ng r\u1ea5t phong ph\u00fa v\u00e0 th\u01a1m ngon b\u1ed5 d\u01b0\u1ee1ng nh\u01b0 b\u00e1nh canh x\u00e0o b\u00f2, b\u00e1nh canh h\u1ea7m\u2026<\/span><\/p>\n<h4><strong>H\u01b0\u1edbng d\u1eabn s\u1eed d\u1ee5ng:\u00a0<\/strong><\/h4>\n<p><span style=\"font-weight: 400\">&#8211; Lu\u1ed9c b\u00e1nh canh \u1ed1ng v\u1edbi n\u01b0\u1edbc \u0111ang s\u00f4i trong kho\u1ea3ng 7 ph\u00fat<\/span><\/p>\n<p><span style=\"font-weight: 400\">&#8211; Sau \u0111\u00f3 v\u1edbt ra x\u1ea3 b\u1eb1ng n\u01b0\u1edbc l\u1ea1nh v\u00e0 \u0111\u1ec3 r\u00e1o n\u01b0\u1edbc r\u1ed3i tr\u1ed9n b\u00e1nh canh v\u1edbi 1 mu\u1ed7ng d\u1ea7u th\u1ef1c v\u1eadt \u0111\u1ec3 banh kh\u00f4ng d\u00ednh v\u00e0o nhau.\u00a0<\/span><\/p>\n<p><span style=\"font-weight: 400\">&#8211; Sau \u0111\u00f3 ch\u1ebf bi\u1ebfn th\u00e0nh c\u00e1c m\u00f3n \u0103n t\u00f9y theo \u00fd th\u00edch.<\/span><\/p>\n<p>S\u1ea3n ph\u1ea9m hi\u1ec7n \u0111\u00e3 c\u00f3 m\u1eb7t t\u1ea1i Havamall.<\/p>","protected":false},"excerpt":{"rendered":"<p>Th\u01b0\u01a1ng hi\u1ec7u Fuma Xu\u1ea5t x\u1ee9 Vi\u1ec7t Nam Th\u00e0nh ph\u1ea7n Tinh b\u1ed9t g\u1ea1o, tinh b\u1ed9t khoai m\u00ec, m\u00e0u t\u1ef1 nhi\u00ean t\u1eeb<\/p>","protected":false},"featured_media":20752,"comment_status":"open","ping_status":"closed","template":"","meta":[],"product_brand":[],"product_cat":[36,134],"product_tag":[],"class_list":{"0":"post-20749","1":"product","2":"type-product","3":"status-publish","4":"has-post-thumbnail","6":"product_cat-thuc-pham-tieu-dung","7":"product_cat-thucpham-saykho","8":"pa_brand-tinh-bot-xanh","10":"first","11":"outofstock","12":"sale","13":"shipping-taxable","14":"purchasable","15":"product-type-simple"},"_links":{"self":[{"href":"https:\/\/havamall.vn\/en\/wp-json\/wp\/v2\/product\/20749"}],"collection":[{"href":"https:\/\/havamall.vn\/en\/wp-json\/wp\/v2\/product"}],"about":[{"href":"https:\/\/havamall.vn\/en\/wp-json\/wp\/v2\/types\/product"}],"replies":[{"embeddable":true,"href":"https:\/\/havamall.vn\/en\/wp-json\/wp\/v2\/comments?post=20749"}],"version-history":[{"count":0,"href":"https:\/\/havamall.vn\/en\/wp-json\/wp\/v2\/product\/20749\/revisions"}],"wp:featuredmedia":[{"embeddable":true,"href":"https:\/\/havamall.vn\/en\/wp-json\/wp\/v2\/media\/20752"}],"wp:attachment":[{"href":"https:\/\/havamall.vn\/en\/wp-json\/wp\/v2\/media?parent=20749"}],"wp:term":[{"taxonomy":"product_brand","embeddable":true,"href":"https:\/\/havamall.vn\/en\/wp-json\/wp\/v2\/product_brand?post=20749"},{"taxonomy":"product_cat","embeddable":true,"href":"https:\/\/havamall.vn\/en\/wp-json\/wp\/v2\/product_cat?post=20749"},{"taxonomy":"product_tag","embeddable":true,"href":"https:\/\/havamall.vn\/en\/wp-json\/wp\/v2\/product_tag?post=20749"}],"curies":[{"name":"wp","href":"https:\/\/api.w.org\/{rel}","templated":true}]}}