{"id":20707,"date":"2021-07-06T14:42:05","date_gmt":"2021-07-06T07:42:05","guid":{"rendered":"https:\/\/havamall.vn\/?post_type=product&#038;p=20707"},"modified":"2025-08-11T14:23:39","modified_gmt":"2025-08-11T07:23:39","slug":"kem-bulla-creamy-classics-huong-kem-va-banh-quy-socola-bulla-ice-cream-cookies-cream-460ml","status":"publish","type":"product","link":"https:\/\/havamall.vn\/en\/shop\/kem-bulla-creamy-classics-huong-kem-va-banh-quy-socola-bulla-ice-cream-cookies-cream-460ml\/","title":{"rendered":"Kem Bulla Creamy Classics H\u01b0\u01a1ng Kem V\u00e0 B\u00e1nh Quy Socola &#8211; Bulla Ice Cream Cookies &amp; Cream 460ml"},"content":{"rendered":"<table>\n<tbody>\n<tr>\n<td>Th\u01b0\u01a1ng hi\u1ec7u<\/td>\n<td>Bulla Family Dairy<\/td>\n<\/tr>\n<tr>\n<td>Xu\u1ea5t x\u1ee9<\/td>\n<td>\u00dac<\/td>\n<\/tr>\n<tr>\n<td>Th\u00e0nh ph\u1ea7n<\/td>\n<td>S\u1eefa t\u01b0\u01a1i, kem t\u01b0\u01a1i, n\u01b0\u1edbc, b\u1ed9t m\u00ec, s\u1eefa r\u1eafn&#8230;.<\/td>\n<\/tr>\n<tr>\n<td>H\u1ea1n s\u1eed d\u1ee5ng<\/td>\n<td>24 th\u00e1ng k\u1ec3 t\u1eeb ng\u00e0y s\u1ea3n xu\u1ea5t.<\/td>\n<\/tr>\n<tr>\n<td>B\u1ea3o qu\u1ea3n<\/td>\n<td>B\u1ea3o qu\u1ea3n \u0111\u00f4ng l\u1ea1nh<\/td>\n<\/tr>\n<tr>\n<td>Th\u1ec3 t\u00edch th\u1ef1c<\/td>\n<td>460ml<\/td>\n<\/tr>\n<\/tbody>\n<\/table>\n<p><span style=\"font-weight: 400\">Bulla Dairy Foods l\u00e0 m\u1ed9t c\u00f4ng ty s\u1eefa c\u1ee7a \u00dac s\u1ea3n xu\u1ea5t nhi\u1ec1u lo\u1ea1i kem , ke<\/span><span style=\"font-weight: 400\">m \u0103n<\/span><span style=\"font-weight: 400\"> , s\u1eefa chua , kem chua , pho m\u00e1t., v\u00e0 kem nh\u00e1i d\u01b0\u1edbi nhi\u1ec1u nh\u00e3n hi\u1ec7u kh\u00e1c nhau.C\u00e1c s\u1ea3n ph\u1ea9m c\u1ee7a Bulla Dairy Foods \u0111\u01b0\u1ee3c b\u00e1n t\u1ea1i nhi\u1ec1u c\u1eeda h\u00e0ng v\u00e0 si\u00eau th\u1ecb t\u1ea1p h\u00f3a tr\u00ean to\u00e0n qu\u1ed1c \u1edf \u00dac v\u00e0 qu\u1ed1c t\u1ebf. D\u00f2ng s\u1ea3n ph\u1ea9m s\u1eefa n\u00e0y bao g\u1ed3m Kem Classics, kem c\u00e2y, ph\u00f4 mai, yogurt.<\/span><\/p>\n<p><img fetchpriority=\"high\" decoding=\"async\" class=\"wp-image-20685 aligncenter\" src=\"https:\/\/havamall.com\/wp-content\/uploads\/2025\/08\/gvrc-300x170.png\" alt=\"\" width=\"616\" height=\"349\" \/><\/p>\n<p><span style=\"font-weight: 400\">Bulla Creamy Classics Cookies and Cream \u0111\u01b0\u1ee3c l\u00e0m t\u1eeb kem th\u1eadt, kem t\u01b0\u01a1i v\u00e0 s\u1eefa nguy\u00ean kem cho m\u1ed9t k\u1ebft c\u1ea5u kem m\u1ecbn v\u00e0 th\u01a1m ngon, tr\u1ed9n v\u1edbi b\u00e1nh quy, s\u00f4 c\u00f4 la. \u0110\u01b0\u1ee3c ch\u1ebf t\u00e1c theo c\u00e1ch truy\u1ec1n th\u1ed1ng c\u1ee7a Bulla.<\/span><\/p>\n<p><img decoding=\"async\" class=\"wp-image-20712 aligncenter\" src=\"https:\/\/havamall.com\/wp-content\/uploads\/2025\/08\/kem-4-1-300x300.png\" alt=\"\" width=\"623\" height=\"623\" \/><\/p>\n<p>Bulla \u0111\u00e3 cho ra \u0111\u1eddi kem v\u1ecb kem v\u00e0 b\u00e1nh quy th\u01a1m ngon \u0111\u1eb7c bi\u1ec7t m\u00e0 kh\u00f4ng 1 h\u00e3ng kem n\u00e0o c\u00f3 th\u1ec3 s\u00e1nh k\u1ecbp, b\u1ea1n s\u1ebd kh\u00f4ng th\u1ec3 c\u01b0\u1ee1ng l\u1ea1i \u0111\u01b0\u1ee3c nh\u1eefng th\u00eca kem m\u1ecbn m\u01b0\u1ee3t, kh\u00f4ng \u0111\u00f3ng \u0111\u00e1 tuy\u1ec7t v\u1eddi n\u00e0y. Khi \u0103n, kem tan ch\u1ea3y trong mi\u1ec7ng v\u1edbi m\u1ed9t\u00a0c\u1ea3m gi\u00e1c r\u1ea5t m\u00ea say.<\/p>\n<p><img decoding=\"async\" class=\"wp-image-20708 aligncenter\" src=\"https:\/\/havamall.com\/wp-content\/uploads\/2025\/08\/banh-quy-choco-300x300.png\" alt=\"\" width=\"625\" height=\"625\" \/><\/p>\n<p>B\u1ed9 \u0111\u00f4i b\u00e1nh quy v\u00e0 s\u00f4 c\u00f4 la l\u00e0 s\u1ef1 k\u1ebft h\u1ee3p tr\u00ean c\u1ea3 tuy\u1ec7t v\u1eddi v\u1ec1 h\u01b0\u01a1ng, v\u1ecb v\u00e0 th\u00e0nh ph\u1ea7n dinh d\u01b0\u1ee1ng. K\u1ebft qu\u1ea3 c\u1ee7a nh\u1eefng nghi\u00ean c\u1ee9u g\u1ea7n \u0111\u00e2y cho th\u1ea5y s\u00f4 c\u00f4 la c\u00f3 th\u00e0nh ph\u1ea7n ch\u1ed1ng oxy h\u00f3a cao, gi\u00fap gi\u1ea3m nguy c\u01a1 b\u1ec7nh tim m\u1ea1ch, \u0111\u1ed9t qu\u1ef5 v\u00e0 t\u0103ng c\u01b0\u1eddng ch\u1ee9c n\u0103ng nh\u1eadn th\u1ee9c, ghi nh\u1edb.<\/p>\n<p><img loading=\"lazy\" decoding=\"async\" class=\"wp-image-20686 aligncenter\" src=\"https:\/\/havamall.com\/wp-content\/uploads\/2025\/08\/kem-2-300x300.png\" alt=\"\" width=\"621\" height=\"621\" \/><\/p>\n<p><span style=\"font-weight: 400\">Kem Bulla Creamy Classics h\u01b0\u01a1ng kem b\u00e1nh quy socola<\/span><span style=\"font-weight: 400\">\u00a0gi\u00fap cung c\u1ea5p n\u0103ng l\u01b0\u1ee3ng, vitamin, d\u01b0\u1ee1ng ch\u1ea5t c\u1ea7n thi\u1ebft cho c\u00e1c ho\u1ea1t \u0111\u1ed9ng h\u00e0ng ng\u00e0y, v\u1edbi h\u01b0\u01a1ng v\u1ecb m\u00e1t l\u1ea1nh c\u1ee7a kem mang l\u1ea1i cho b\u1ea1n c\u1ea3m gi\u00e1c th\u1eadt s\u1ea3ng kho\u00e1i m\u1ed7i khi th\u01b0\u1edfng th\u1ee9c.<\/span><\/p>\n<p><img loading=\"lazy\" decoding=\"async\" class=\"wp-image-20710 aligncenter\" src=\"https:\/\/havamall.com\/wp-content\/uploads\/2025\/08\/29792791_1678104072302224_5530128628232224768_n-1-300x169.jpg\" alt=\"\" width=\"633\" height=\"356\" \/><\/p>\n<p><span style=\"font-weight: 400\">S\u1ea3n ph\u1ea9m \u0111\u01b0\u1ee3c s\u1ea3n xu\u1ea5t theo d\u00e2y chuy\u1ec1n c\u00f4ng ngh\u1ec7 hi\u1ec7n \u0111\u1ea1i c\u1ee7a \u00dac v\u1edbi quy tr\u00ecnh ki\u1ec3m \u0111\u1ecbnh ch\u1ea5t l\u01b0\u1ee3ng nghi\u00eam ng\u1eb7t.\u00a0<\/span><span style=\"font-weight: 400\">Kem Bulla Creamy Classics kem b\u00e1nh quy socola 460ml<\/span><span style=\"font-weight: 400\"> \u0111\u01b0\u1ee3c thi\u1ebft k\u1ebf v\u00e0 \u0111\u00f3ng g\u00f3i nh\u1ecf g\u1ecdn, ti\u1ec7n l\u1ee3i cho b\u1ea1n s\u1eed d\u1ee5ng c\u0169ng nh\u01b0 b\u1ea3o qu\u1ea3n.<\/span><\/p>\n<p>S\u1ea3n ph\u1ea9m hi\u1ec7n \u0111\u00e3 c\u00f3 m\u1eb7t t\u1ea1i Havamall.<\/p>","protected":false},"excerpt":{"rendered":"<p>Th\u01b0\u01a1ng hi\u1ec7u Bulla Family Dairy Xu\u1ea5t x\u1ee9 \u00dac Th\u00e0nh ph\u1ea7n S\u1eefa t\u01b0\u01a1i, kem t\u01b0\u01a1i, n\u01b0\u1edbc, b\u1ed9t m\u00ec, s\u1eefa r\u1eafn&#8230;. H\u1ea1n<\/p>","protected":false},"featured_media":20711,"comment_status":"open","ping_status":"closed","template":"","meta":[],"product_brand":[],"product_cat":[275,36],"product_tag":[],"class_list":{"0":"post-20707","1":"product","2":"type-product","3":"status-publish","4":"has-post-thumbnail","6":"product_cat-thuc-pham-dong-lanh","7":"product_cat-thuc-pham-tieu-dung","8":"pa_brand-bulla","10":"first","11":"outofstock","12":"sale","13":"shipping-taxable","14":"purchasable","15":"product-type-simple"},"_links":{"self":[{"href":"https:\/\/havamall.vn\/en\/wp-json\/wp\/v2\/product\/20707"}],"collection":[{"href":"https:\/\/havamall.vn\/en\/wp-json\/wp\/v2\/product"}],"about":[{"href":"https:\/\/havamall.vn\/en\/wp-json\/wp\/v2\/types\/product"}],"replies":[{"embeddable":true,"href":"https:\/\/havamall.vn\/en\/wp-json\/wp\/v2\/comments?post=20707"}],"version-history":[{"count":0,"href":"https:\/\/havamall.vn\/en\/wp-json\/wp\/v2\/product\/20707\/revisions"}],"wp:featuredmedia":[{"embeddable":true,"href":"https:\/\/havamall.vn\/en\/wp-json\/wp\/v2\/media\/20711"}],"wp:attachment":[{"href":"https:\/\/havamall.vn\/en\/wp-json\/wp\/v2\/media?parent=20707"}],"wp:term":[{"taxonomy":"product_brand","embeddable":true,"href":"https:\/\/havamall.vn\/en\/wp-json\/wp\/v2\/product_brand?post=20707"},{"taxonomy":"product_cat","embeddable":true,"href":"https:\/\/havamall.vn\/en\/wp-json\/wp\/v2\/product_cat?post=20707"},{"taxonomy":"product_tag","embeddable":true,"href":"https:\/\/havamall.vn\/en\/wp-json\/wp\/v2\/product_tag?post=20707"}],"curies":[{"name":"wp","href":"https:\/\/api.w.org\/{rel}","templated":true}]}}