{"id":20702,"date":"2021-07-06T14:12:58","date_gmt":"2021-07-06T07:12:58","guid":{"rendered":"https:\/\/havamall.vn\/?post_type=product&#038;p=20702"},"modified":"2025-08-11T14:23:52","modified_gmt":"2025-08-11T07:23:52","slug":"kem-bulla-creamy-classics-huong-socola-chip-bulla-ice-cream-mint-choc-chip-460ml","status":"publish","type":"product","link":"https:\/\/havamall.vn\/en\/shop\/kem-bulla-creamy-classics-huong-socola-chip-bulla-ice-cream-mint-choc-chip-460ml\/","title":{"rendered":"Kem Bulla Creamy Classics H\u01b0\u01a1ng Socola Chip &#8211; Bulla Ice Cream Choc Chip 460ml"},"content":{"rendered":"<table>\n<tbody>\n<tr>\n<td>Th\u01b0\u01a1ng hi\u1ec7u<\/td>\n<td>Bulla Family Dairy<\/td>\n<\/tr>\n<tr>\n<td>Xu\u1ea5t x\u1ee9<\/td>\n<td>\u00dac<\/td>\n<\/tr>\n<tr>\n<td>Th\u00e0nh ph\u1ea7n<\/td>\n<td>S\u1eefa t\u01b0\u01a1i, kem t\u01b0\u01a1i, ca cao r\u1eafn, n\u01b0\u1edbc,&#8230;.<\/td>\n<\/tr>\n<tr>\n<td>H\u1ea1n s\u1eed d\u1ee5ng<\/td>\n<td>24 th\u00e1ng k\u1ec3 t\u1eeb ng\u00e0y s\u1ea3n xu\u1ea5t.<\/td>\n<\/tr>\n<tr>\n<td>B\u1ea3o qu\u1ea3n<\/td>\n<td>B\u1ea3o qu\u1ea3n \u0111\u00f4ng l\u1ea1nh<\/td>\n<\/tr>\n<tr>\n<td>Th\u1ec3 t\u00edch th\u1ef1c<\/td>\n<td>460ml<\/td>\n<\/tr>\n<\/tbody>\n<\/table>\n<p><span style=\"font-weight: 400\">Bulla Dairy Foods l\u00e0 m\u1ed9t c\u00f4ng ty s\u1eefa c\u1ee7a \u00dac s\u1ea3n xu\u1ea5t nhi\u1ec1u lo\u1ea1i kem , ke<\/span><span style=\"font-weight: 400\">m \u0103n<\/span><span style=\"font-weight: 400\"> , s\u1eefa chua , kem chua , pho m\u00e1t., v\u00e0 kem nh\u00e1i d\u01b0\u1edbi nhi\u1ec1u nh\u00e3n hi\u1ec7u kh\u00e1c nhau.C\u00e1c s\u1ea3n ph\u1ea9m c\u1ee7a Bulla Dairy Foods \u0111\u01b0\u1ee3c b\u00e1n t\u1ea1i nhi\u1ec1u c\u1eeda h\u00e0ng v\u00e0 si\u00eau th\u1ecb t\u1ea1p h\u00f3a tr\u00ean to\u00e0n qu\u1ed1c \u1edf \u00dac v\u00e0 qu\u1ed1c t\u1ebf. D\u00f2ng s\u1ea3n ph\u1ea9m s\u1eefa n\u00e0y bao g\u1ed3m Kem Classics, kem c\u00e2y, ph\u00f4 mai, yogurt.<\/span><\/p>\n<p><img fetchpriority=\"high\" decoding=\"async\" class=\"wp-image-20685 aligncenter\" src=\"https:\/\/havamall.com\/wp-content\/uploads\/2025\/08\/gvrc-300x170.png\" alt=\"\" width=\"616\" height=\"349\" \/><\/p>\n<p>Bulla \u0111\u00e3 cho ra \u0111\u1eddi kem v\u1ecb socola chip\u00a0l\u00e0 m\u1ed9t m\u00f3n kem h\u1ebft s\u1ee9c tuy\u1ec7t v\u1eddi. Socola bi\u1ec3u t\u01b0\u1ee3ng cho t\u00ecnh y\u00eau v\u00e0 c\u00e1i h\u01b0\u01a1ng v\u1ecb n\u00e0y c\u00f3 m\u1ed9t s\u1ef1 l\u00f4i cu\u1ed1n m\u00e3nh li\u1ec7t c\u0169ng nh\u01b0 t\u00e1c d\u1ee5ng kh\u00f4ng th\u1ec3 n\u00e0o ph\u1ea3n b\u00e1c c\u1ee7a socola. M\u00f3n kem kh\u00f4ng d\u00e0nh ri\u00eang cho m\u1ed9t \u0111\u1ed9 tu\u1ed5i n\u00e0o, kh\u00f4ng ph\u00e2n bi\u1ec7t ch\u1ee7ng t\u1ed9c v\u00e0 kh\u00f4ng ph\u00e2n bi\u1ec7t giai c\u1ea5p, m\u00f3n kem c\u00f2n c\u00f3 th\u1ec3 khi\u1ebfn ch\u00fang ta x\u00edch l\u1ea1i g\u1ea7n nhau h\u01a1n<\/p>\n<p>V\u1ecb kem th\u01a1m ngon \u0111\u1eb7c bi\u1ec7t m\u00e0 kh\u00f4ng 1 h\u00e3ng kem n\u00e0o c\u00f3 th\u1ec3 s\u00e1nh k\u1ecbp, b\u1ea1n s\u1ebd kh\u00f4ng th\u1ec3 c\u01b0\u1ee1ng l\u1ea1i \u0111\u01b0\u1ee3c nh\u1eefng th\u00eca kem m\u1ecbn m\u01b0\u1ee3t, kh\u00f4ng \u0111\u00f3ng \u0111\u00e1 tuy\u1ec7t v\u1eddi n\u00e0y. Khi \u0103n, kem tan ch\u1ea3y trong mi\u1ec7ng v\u1edbi m\u1ed9t\u00a0c\u1ea3m gi\u00e1c r\u1ea5t m\u00ea say.<\/p>\n<p><img decoding=\"async\" class=\"wp-image-20703 aligncenter\" src=\"https:\/\/havamall.com\/wp-content\/uploads\/2025\/08\/socola-chip-1-300x300.png\" alt=\"\" width=\"620\" height=\"620\" \/><\/p>\n<p>Kem S\u00f4c\u00f4la hi\u1eb9\u0302n l\u00e0 m\u1ecd\u0302t trong nh\u01b0\u0303ng v\u1ecb kem lu\u00f4n \u0111\u01b0\u1ee3c gi\u1edbi tr\u1ebb \u01b0a chu\u1ed9ng. C\u00f3 th\u00ea\u0309 n\u00f3i s\u00f4c\u00f4la l\u00e0 h\u01b0\u01a1ng v\u1ecb \u201ckh\u00f4ng th\u00ea\u0309 kh\u00f4ng bi\u00ea\u0301t \u0111\u00ea\u0301n\u201d c\u1ee7a b\u00e2\u0301t k\u1ef3 th\u01b0\u0323c kh\u00e1ch s\u00e0nh \u0103n n\u00e0o. Nh\u0103\u0301c \u0111\u00ea\u0301n s\u00f4c\u00f4la l\u00e0 ph\u1ea3i nh\u0103\u0301c \u0111\u00ea\u0301n c\u00e1i v\u1ecb \u0111\u0103\u0301ng v\u00e0 ngo\u0323t t\u01b0\u1edfng ch\u1eebng nh\u01b0 \u0111\u00f4\u0301i nghi\u0323ch nh\u01b0ng la\u0323i r\u00e2\u0301t h\u01a1\u0323p nhau.<\/p>\n<p>V\u1ecb kem m\u00e1t l\u1ea1nh, k\u1ebft h\u1ee3p v\u1edbi v\u1ecb \u0111\u1eafng c\u1ee7a\u00a0S\u00f4c\u00f4la v\u00e0 v\u1ecb ng\u1ecdt d\u1ecbu c\u00e1c c\u00e1c nguy\u00ean li\u1ec7u, mang l\u1ea1i s\u1ef1 ngon mi\u1ec7ng, s\u1ea3ng kho\u00e1i cho ng\u01b0\u1eddi th\u01b0\u1edfng th\u1ee9c.<\/p>\n<p><img decoding=\"async\" class=\"wp-image-20691 aligncenter\" src=\"https:\/\/havamall.com\/wp-content\/uploads\/2025\/08\/kem-4-300x300.png\" alt=\"\" width=\"616\" height=\"617\" \/><\/p>\n<p>Kh\u00f4ng ch\u1ec9 h\u1ea5p d\u1eabn v\u1ec1 h\u00ecnh th\u1ee9c, ngon v\u1ec1 h\u01b0\u01a1ng v\u1ecb m\u00e0 kem socola chip c\u00f2n mang m\u1ed9t tinh th\u1ea7n ri\u00eang, m\u1ed9t phong c\u00e1ch th\u01b0\u1edfng th\u1ee9c ri\u00eang \u1ea5n t\u01b0\u1ee3ng.<\/p>\n<p><img loading=\"lazy\" decoding=\"async\" class=\"wp-image-20686 aligncenter\" src=\"https:\/\/havamall.com\/wp-content\/uploads\/2025\/08\/kem-2-300x300.png\" alt=\"\" width=\"621\" height=\"621\" \/><\/p>\n<p>Kem socola chip h\u1ed9p 460ml \u0111\u01b0\u1ee3c s\u1ea3n xu\u1ea5t tr\u00ean d\u00e2y chuy\u1ec1n hi\u1ec7n \u0111\u1ea1i, c\u00f4ng ngh\u1ec7 ti\u00ean ti\u1ebfn v\u1edbi nh\u1eefng th\u00e0nh ph\u1ea7n \u0111\u01b0\u1ee3c l\u1ef1a ch\u1ecdn k\u1ef9. S\u1ea3n ph\u1ea9m kh\u00f4ng ch\u1ee9a \u0111\u01b0\u1eddng h\u00f3a h\u1ecdc, ch\u1ea5t t\u1ea1o ng\u1ecdt, ph\u1ea9m m\u00e0u, an to\u00e0n cho ng\u01b0\u1eddi s\u1eed d\u1ee5ng. Kem socola chip b\u1ea1c h\u00e0 Bulla \u0111\u01b0\u1ee3c s\u1ea3n xu\u1ea5t t\u1eeb ngu\u1ed3n nguy\u00ean li\u1ec7u t\u01b0\u01a1i ngon, \u0111\u1ea3m b\u1ea3o ch\u1ea5t l\u01b0\u1ee3ng. V\u1ecb kem m\u00e1t l\u1ea1nh, k\u1ebft h\u1ee3p socola mang l\u1ea1i s\u1ef1 ngon mi\u1ec7ng, s\u1ea3ng kho\u00e1i cho ng\u01b0\u1eddi th\u01b0\u1edfng th\u1ee9c.<\/p>\n<p><img loading=\"lazy\" decoding=\"async\" class=\"wp-image-20705 aligncenter\" src=\"https:\/\/havamall.com\/wp-content\/uploads\/2025\/08\/29792791_1678104072302224_5530128628232224768_n-300x169.jpg\" alt=\"\" width=\"626\" height=\"353\" \/><\/p>\n<p>Kem s\u00f4 c\u00f4 la chip Bulla c\u00f3 v\u1ecb ng\u1ecdt, nh\u1eabn nh\u1eabn\u00a0c\u1ee7a s\u00f4 c\u00f4 la nguy\u00ean ch\u1ea5t.\u00a0<span style=\"font-weight: 400\">S\u1ea3n ph\u1ea9m \u0111\u01b0\u1ee3c s\u1ea3n xu\u1ea5t theo d\u00e2y chuy\u1ec1n c\u00f4ng ngh\u1ec7 hi\u1ec7n \u0111\u1ea1i c\u1ee7a \u00dac v\u1edbi quy tr\u00ecnh ki\u1ec3m \u0111\u1ecbnh ch\u1ea5t l\u01b0\u1ee3ng nghi\u00eam ng\u1eb7t.\u00a0<\/span><span style=\"font-weight: 400\">Kem Bulla Creamy Classics H\u01b0\u01a1ng socola chip 460ml<\/span><span style=\"font-weight: 400\"> \u0111\u01b0\u1ee3c thi\u1ebft k\u1ebf v\u00e0 \u0111\u00f3ng g\u00f3i nh\u1ecf g\u1ecdn, ti\u1ec7n l\u1ee3i cho b\u1ea1n s\u1eed d\u1ee5ng c\u0169ng nh\u01b0 b\u1ea3o qu\u1ea3n.<\/span><\/p>\n<p>S\u1ea3n ph\u1ea9m hi\u1ec7n \u0111\u00e3 c\u00f3 m\u1eb7t t\u1ea1i Havamall.<\/p>","protected":false},"excerpt":{"rendered":"<p>Th\u01b0\u01a1ng hi\u1ec7u Bulla Family Dairy Xu\u1ea5t x\u1ee9 \u00dac Th\u00e0nh ph\u1ea7n S\u1eefa t\u01b0\u01a1i, kem t\u01b0\u01a1i, ca cao r\u1eafn, n\u01b0\u1edbc,&#8230;. H\u1ea1n s\u1eed<\/p>","protected":false},"featured_media":20706,"comment_status":"open","ping_status":"closed","template":"","meta":[],"product_brand":[],"product_cat":[275,36],"product_tag":[],"class_list":{"0":"post-20702","1":"product","2":"type-product","3":"status-publish","4":"has-post-thumbnail","6":"product_cat-thuc-pham-dong-lanh","7":"product_cat-thuc-pham-tieu-dung","8":"pa_brand-bulla","10":"first","11":"outofstock","12":"sale","13":"shipping-taxable","14":"purchasable","15":"product-type-simple"},"_links":{"self":[{"href":"https:\/\/havamall.vn\/en\/wp-json\/wp\/v2\/product\/20702"}],"collection":[{"href":"https:\/\/havamall.vn\/en\/wp-json\/wp\/v2\/product"}],"about":[{"href":"https:\/\/havamall.vn\/en\/wp-json\/wp\/v2\/types\/product"}],"replies":[{"embeddable":true,"href":"https:\/\/havamall.vn\/en\/wp-json\/wp\/v2\/comments?post=20702"}],"version-history":[{"count":0,"href":"https:\/\/havamall.vn\/en\/wp-json\/wp\/v2\/product\/20702\/revisions"}],"wp:featuredmedia":[{"embeddable":true,"href":"https:\/\/havamall.vn\/en\/wp-json\/wp\/v2\/media\/20706"}],"wp:attachment":[{"href":"https:\/\/havamall.vn\/en\/wp-json\/wp\/v2\/media?parent=20702"}],"wp:term":[{"taxonomy":"product_brand","embeddable":true,"href":"https:\/\/havamall.vn\/en\/wp-json\/wp\/v2\/product_brand?post=20702"},{"taxonomy":"product_cat","embeddable":true,"href":"https:\/\/havamall.vn\/en\/wp-json\/wp\/v2\/product_cat?post=20702"},{"taxonomy":"product_tag","embeddable":true,"href":"https:\/\/havamall.vn\/en\/wp-json\/wp\/v2\/product_tag?post=20702"}],"curies":[{"name":"wp","href":"https:\/\/api.w.org\/{rel}","templated":true}]}}