{"id":20617,"date":"2021-06-23T15:00:20","date_gmt":"2021-06-23T08:00:20","guid":{"rendered":"https:\/\/havamall.vn\/?post_type=product&#038;p=20617"},"modified":"2024-04-05T14:36:35","modified_gmt":"2024-04-05T07:36:35","slug":"thung-12-lon-cocktail-trai-cay-nhiet-doi-box-12-bottles-of-dole-tropical-fruit-cocktail-836g","status":"publish","type":"product","link":"https:\/\/havamall.vn\/en\/shop\/thung-12-lon-cocktail-trai-cay-nhiet-doi-box-12-bottles-of-dole-tropical-fruit-cocktail-836g\/","title":{"rendered":"Th\u00f9ng 12 Lon Cocktail Tr\u00e1i C\u00e2y Nhi\u1ec7t \u0110\u1edbi &#8211; Box 12 Bottles of Dole Tropical Fruit Cocktail 836g"},"content":{"rendered":"<p>Dole l\u00e0 th\u01b0\u01a1ng hi\u1ec7u tr\u00e1i c\u00e2y h\u00e0ng \u0111\u1ea7u t\u1ea1i M\u1ef9, \u0111\u01b0\u1ee3c ch\u1ecdn l\u1ecdc t\u1eeb ngu\u1ed3n tr\u00e1i c\u00e2y t\u01b0\u01a1i tr\u1ed3ng t\u1ea1i c\u00e1c trang tr\u1ea1i Dole v\u00e0 tu\u00e2n th\u1ee7 theo quy tr\u00ecnh s\u1ea3n xu\u1ea5t ti\u00ean ti\u1ebfn nh\u1eb1m b\u1ea3o \u0111\u1ea3m gi\u1eef nguy\u00ean h\u01b0\u01a1ng v\u1ecb t\u1ef1 nhi\u00ean, gi\u00e0u dinh d\u01b0\u1ee1ng v\u00e0 t\u1ed1t cho s\u1ee9c kh\u1ecfe ng\u01b0\u1eddi ti\u00eau d\u00f9ng.<\/p>\n<p>V\u1edbi kinh nghi\u1ec7m v\u00e0 truy\u1ec1n th\u1ed1ng h\u01a1n 100 n\u0103m trong l\u0129nh v\u1ef1c s\u1ea3n xu\u1ea5t v\u00e0 ti\u1ebfp th\u1ecb tr\u00e1i c\u00e2y \u2013 rau c\u1ee7 t\u01b0\u01a1i \u0111\u1ea1t ch\u1ea5t l\u01b0\u1ee3ng cao tr\u00ean th\u1ebf gi\u1edbi, Dole th\u1ea5u hi\u1ec3u kh\u00e1ch h\u00e0ng tr\u1ebb, n\u0103ng \u0111\u1ed9ng v\u00e0 hi\u1ec7n \u0111\u1ea1i lu\u00f4n t\u00ecm ki\u1ebfm gi\u1ea3i ph\u00e1p \u0111\u1ec3 c\u00f3 cu\u1ed9c s\u1ed1ng kh\u1ecfe m\u1ea1nh v\u00e0 t\u1ed1t cho s\u1ee9c kh\u1ecfe m\u00e0 v\u1eabn gi\u1eef s\u1ef1 th\u01a1m ngon c\u1ee7a h\u01b0\u01a1ng v\u1ecb khu\u1ea7n khi\u1ebft c\u1ee7a tr\u00e1i c\u00e2y t\u01b0\u01a1i trong t\u1eebng s\u1ea3n ph\u1ea9m. C\u00f9ng v\u1edbi cam k\u1ebft v\u1ec1 ch\u1ea5t l\u01b0\u1ee3ng, Dole c\u0169ng h\u1ee9a h\u1eb9n mang \u0111\u1ebfn nh\u1eefng s\u1ea3n ph\u1ea9m cho \u201cb\u1eefa \u0103n nh\u1eb9\u201d trong gi\u1edd gi\u1ea3i lao t\u1ea1i c\u00f4ng s\u1edf th\u00eam r\u1ed9n r\u00e3 ti\u1ebfng c\u01b0\u1eddi, nh\u1eefng chuy\u1ebfn du ngo\u1ea1n hay nh\u1eefng k\u1ef3 ngh\u1ec9 m\u00f9a h\u00e8 th\u00eam th\u00fa v\u1ecb, tr\u00e0n ng\u1eadp ni\u1ec1m vui.<\/p>\n<p><img fetchpriority=\"high\" decoding=\"async\" class=\"wp-image-20616 aligncenter\" src=\"https:\/\/havamall.vn\/wp-content\/uploads\/2018\/05\/hnf-300x111.png\" alt=\"\" width=\"624\" height=\"231\" srcset=\"https:\/\/havamall.vn\/wp-content\/uploads\/2018\/05\/hnf-300x111.png 300w, https:\/\/havamall.vn\/wp-content\/uploads\/2018\/05\/hnf-430x159.png 430w, https:\/\/havamall.vn\/wp-content\/uploads\/2018\/05\/hnf-150x56.png 150w, https:\/\/havamall.vn\/wp-content\/uploads\/2018\/05\/hnf-700x259.png 700w, https:\/\/havamall.vn\/wp-content\/uploads\/2018\/05\/hnf-768x284.png 768w, https:\/\/havamall.vn\/wp-content\/uploads\/2018\/05\/hnf-1024x379.png 1024w, https:\/\/havamall.vn\/wp-content\/uploads\/2018\/05\/hnf-1200x444.png 1200w, https:\/\/havamall.vn\/wp-content\/uploads\/2018\/05\/hnf-600x222.png 600w, https:\/\/havamall.vn\/wp-content\/uploads\/2018\/05\/hnf.png 1702w\" sizes=\"(max-width: 624px) 100vw, 624px\" \/><\/p>\n<p>Cocktail Tr\u00e1i C\u00e2y Nhi\u1ec7t \u0110\u1edbi Dole H\u1ed9p 836G\u00a0\u0111\u01b0\u1ee3c s\u1ea3n xu\u1ea5t tr\u00ean quy tr\u00ecnh c\u00f4ng ngh\u1ec7 hi\u1ec7n \u0111\u1ea1i, \u0111\u1ea3m b\u1ea3o ch\u1ea5t l\u01b0\u1ee3ng v\u00e0 an to\u00e0n cho ng\u01b0\u1eddi s\u1eed d\u1ee5ng. S\u1ea3n ph\u1ea9m tr\u00e1i c\u00e2y \u0111\u00f3ng h\u1ed9p ch\u1ee9a nhi\u1ec1u vitamin r\u1ea5t t\u1ed1t cho s\u1ee9c kh\u1ecfe ng\u01b0\u1eddi s\u1eed d\u1ee5ng.<\/p>\n<p><img decoding=\"async\" class=\"wp-image-20613 aligncenter\" src=\"https:\/\/havamall.vn\/wp-content\/uploads\/2018\/05\/bbff-300x300.png\" alt=\"\" width=\"609\" height=\"608\" srcset=\"https:\/\/havamall.vn\/wp-content\/uploads\/2018\/05\/bbff-300x300.png 300w, https:\/\/havamall.vn\/wp-content\/uploads\/2018\/05\/bbff-430x430.png 430w, https:\/\/havamall.vn\/wp-content\/uploads\/2018\/05\/bbff-150x150.png 150w, https:\/\/havamall.vn\/wp-content\/uploads\/2018\/05\/bbff-700x700.png 700w, https:\/\/havamall.vn\/wp-content\/uploads\/2018\/05\/bbff-768x768.png 768w, https:\/\/havamall.vn\/wp-content\/uploads\/2018\/05\/bbff-1024x1024.png 1024w, https:\/\/havamall.vn\/wp-content\/uploads\/2018\/05\/bbff-1200x1200.png 1200w, https:\/\/havamall.vn\/wp-content\/uploads\/2018\/05\/bbff-600x600.png 600w, https:\/\/havamall.vn\/wp-content\/uploads\/2018\/05\/bbff-100x100.png 100w, https:\/\/havamall.vn\/wp-content\/uploads\/2018\/05\/bbff.png 2048w\" sizes=\"(max-width: 609px) 100vw, 609px\" \/><\/p>\n<p>Tr\u00e1i c\u00e2y l\u00e0 ngu\u1ed3n th\u1ef1c ph\u1ea9m v\u1eeba c\u00f3 t\u00ednh gi\u1ea3i nhi\u1ec7t, l\u1ea1i c\u00f3 th\u00e0nh ph\u1ea7n dinh d\u01b0\u1ee1ng cao cung c\u1ea5p cho c\u01a1 th\u1ec3 n\u00ean kh\u00f4ng kh\u00f3 \u0111\u1ec3 hi\u1ec3u v\u00ec sao nhi\u1ec1u b\u1ea1n r\u1ea5t \u01b0a chu\u1ed9ng tr\u00e1i c\u00e2y v\u00e0 l\u00fac n\u00e0o trong nh\u00e0 c\u0169ng c\u00f3 kh\u00f4ng nhi\u1ec1u th\u00ec \u00edt. Tuy nhi\u00ean tr\u00e1i c\u00e2y th\u01b0\u1eddng kh\u00f3 b\u1ea3o qu\u1ea3n l\u00e2u \u0111\u1ec3 s\u1eed d\u1ee5ng d\u1ea7n \u0111\u01b0\u1ee3c v\u00ec th\u1ebf m\u00e0 cocktail tr\u00e1i c\u00e2y nhi\u1ec7t \u0111\u1edbi Dole 836g ra \u0111\u1eddi nh\u01b0 m\u1ed9t v\u1ecb c\u1ee9u tinh c\u1ee7a b\u1ea1n.<\/p>\n<p><img decoding=\"async\" class=\"wp-image-20614 aligncenter\" src=\"https:\/\/havamall.vn\/wp-content\/uploads\/2018\/05\/vfv-f-300x200.png\" alt=\"\" width=\"614\" height=\"410\" srcset=\"https:\/\/havamall.vn\/wp-content\/uploads\/2018\/05\/vfv-f-300x200.png 300w, https:\/\/havamall.vn\/wp-content\/uploads\/2018\/05\/vfv-f-430x287.png 430w, https:\/\/havamall.vn\/wp-content\/uploads\/2018\/05\/vfv-f-150x100.png 150w, https:\/\/havamall.vn\/wp-content\/uploads\/2018\/05\/vfv-f-700x467.png 700w, https:\/\/havamall.vn\/wp-content\/uploads\/2018\/05\/vfv-f-768x512.png 768w, https:\/\/havamall.vn\/wp-content\/uploads\/2018\/05\/vfv-f-1024x683.png 1024w, https:\/\/havamall.vn\/wp-content\/uploads\/2018\/05\/vfv-f-1200x800.png 1200w, https:\/\/havamall.vn\/wp-content\/uploads\/2018\/05\/vfv-f-600x400.png 600w, https:\/\/havamall.vn\/wp-content\/uploads\/2018\/05\/vfv-f.png 2048w\" sizes=\"(max-width: 614px) 100vw, 614px\" \/><\/p>\n<p>Cocktail tr\u00e1i c\u00e2y nhi\u1ec7t \u0111\u1edbi Dole\u200b \u0111\u01b0\u1ee3c l\u00e0m t\u1eeb nhi\u1ec1u lo\u1ea1i hoa qu\u1ea3 t\u01b0\u01a1i nh\u01b0 d\u1eeba, \u0111u \u0111\u1ee7, anh \u0111\u00e0o gi\u00fap cung c\u1ea5p n\u01b0\u1edbc v\u00e0 c\u00e1c vitamin c\u1ea7n thi\u1ebft cho c\u01a1 th\u1ec3, mang l\u1ea1i cho b\u1ea1n v\u00f3c d\u00e1ng v\u00e0 l\u00e0n da ho\u00e0n h\u1ea3o.<\/p>\n<h4><strong>\u0110\u1eb7c \u0111i\u1ec3m s\u1ea3n ph\u1ea9m:<\/strong><\/h4>\n<p>&#8211; N\u1eafp khoen thu\u1eadn l\u1ee3i \u0111\u1ec3 m\u1edf h\u1ed9p v\u00e0 b\u1ea3o qu\u1ea3n s\u1ea3n ph\u1ea9m t\u1ed1t h\u01a1n.<\/p>\n<p>&#8211; H\u01b0\u01a1ng v\u1ecb chua ng\u1ecdt v\u1eeba v\u1eb7n, g\u1ed3m nhi\u1ec1u lo\u1ea1i tr\u00e1i c\u00e2y kh\u00e1c nhau mang \u0111\u1ebfn h\u01b0\u01a1ng v\u1ecb Tr\u00e1i C\u00e2y Nhi\u1ec7t \u0110\u1edbi b\u00f9ng n\u1ed5 m\u1ea1nh m\u1ebd.<\/p>\n<p>&#8211; Cung c\u1ea5p n\u01b0\u1edbc v\u00e0 c\u00e1c vitamin thi\u1ebft y\u1ebfu cho c\u01a1 th\u1ec3, mang l\u1ea1i cho b\u1ea1n v\u00f3c d\u00e1ng v\u00e0 l\u00e0n da ho\u00e0n h\u1ea3o.<\/p>\n<p>&#8211; S\u1ea3n xu\u1ea5t tr\u00ean quy tr\u00ecnh hi\u1ec7n \u0111\u1ea1i, kh\u00e2u ki\u1ec3m tra nghi\u00eam ng\u1eb7t.<\/p>\n<p>&#8211; \u0110\u00f3ng h\u1ed9p c\u1ea9n th\u1eadn, bao b\u00ec, th\u00f4ng tin chi ti\u1ebft.<\/p>\n<p>&#8211; Kh\u00f4ng ch\u1ee9a ch\u1ea5t b\u1ea3o qu\u1ea3n \u0111\u1ed9c h\u1ea1i, \u0111\u1ea3m b\u1ea3o v\u1ec7 sinh an to\u00e0n th\u1ef1c ph\u1ea9m.<\/p>\n<p>&#8211; S\u1ea3n ph\u1ea9m v\u1edbi d\u1ea1ng lon ti\u1ec7n d\u1ee5ng, b\u1ea1n c\u00f3 th\u1ec3 mang theo khi \u0111i ch\u01a1i, \u0111i l\u00e0m ho\u1eb7c trong c\u00e1c chuy\u1ebfn du l\u1ecbch, d\u00e3 ngo\u1ea1i&#8230; v\u00e0 b\u1ed5 sung ngu\u1ed3n n\u0103ng l\u01b0\u1ee3ng k\u1ecbp th\u1eddi cho c\u01a1 th\u1ec3 ngay khi c\u1ea7n thi\u1ebft.<\/p>\n<p><img loading=\"lazy\" decoding=\"async\" class=\"wp-image-20615 aligncenter\" src=\"https:\/\/havamall.vn\/wp-content\/uploads\/2018\/05\/kjyty-300x169.png\" alt=\"\" width=\"644\" height=\"363\" srcset=\"https:\/\/havamall.vn\/wp-content\/uploads\/2018\/05\/kjyty-300x169.png 300w, https:\/\/havamall.vn\/wp-content\/uploads\/2018\/05\/kjyty-430x242.png 430w, https:\/\/havamall.vn\/wp-content\/uploads\/2018\/05\/kjyty-150x84.png 150w, https:\/\/havamall.vn\/wp-content\/uploads\/2018\/05\/kjyty-700x394.png 700w, https:\/\/havamall.vn\/wp-content\/uploads\/2018\/05\/kjyty-768x432.png 768w, https:\/\/havamall.vn\/wp-content\/uploads\/2018\/05\/kjyty-1024x576.png 1024w, https:\/\/havamall.vn\/wp-content\/uploads\/2018\/05\/kjyty-1200x675.png 1200w, https:\/\/havamall.vn\/wp-content\/uploads\/2018\/05\/kjyty-600x338.png 600w, https:\/\/havamall.vn\/wp-content\/uploads\/2018\/05\/kjyty.png 1280w\" sizes=\"(max-width: 644px) 100vw, 644px\" \/><\/p>\n<h4><strong>H\u01b0\u1edbng d\u1eabn s\u1eed d\u1ee5ng:<\/strong><\/h4>\n<p>&#8211; \u0102n tr\u1ef1c ti\u1ebfp ho\u1eb7c c\u00f3 th\u1ec3 d\u00f9ng \u0111\u1ec3 pha cocktail, l\u00e0m b\u00e1nh ho\u1eb7c c\u00e1c m\u00f3n tr\u00e1ng mi\u1ec7ng.<\/p>\n<p>&#8211; L\u00e0m salad gi\u00fap gi\u1ea3m c\u00e2n gi\u1eef d\u00e1ng.<\/p>\n<p>&#8211; L\u00e0m kem gi\u1ea3i nhi\u1ec7t m\u00f9a h\u00e8.<\/p>\n<p>S\u1ea3n ph\u1ea9m hi\u1ec7n \u0111\u00e3 c\u00f3 m\u1eb7t t\u1ea1i Havamall.<\/p>","protected":false},"excerpt":{"rendered":"<p>Dole l\u00e0 th\u01b0\u01a1ng hi\u1ec7u tr\u00e1i c\u00e2y h\u00e0ng \u0111\u1ea7u t\u1ea1i M\u1ef9, \u0111\u01b0\u1ee3c ch\u1ecdn l\u1ecdc t\u1eeb ngu\u1ed3n tr\u00e1i c\u00e2y t\u01b0\u01a1i tr\u1ed3ng t\u1ea1i<\/p>","protected":false},"featured_media":20630,"comment_status":"open","ping_status":"closed","template":"","meta":[],"product_brand":[],"product_cat":[40,131,36,135,143],"product_tag":[],"class_list":{"0":"post-20617","1":"product","2":"type-product","3":"status-publish","4":"has-post-thumbnail","6":"product_cat-sieuthi-giasi","7":"product_cat-nguyen-lieu-lam-bep","8":"product_cat-thuc-pham-tieu-dung","9":"product_cat-sua-do-uong","10":"product_cat-thuc-pham-dong-hop","11":"pa_brand-dole","13":"first","14":"instock","15":"sale","16":"shipping-taxable","17":"purchasable","18":"product-type-simple"},"_links":{"self":[{"href":"https:\/\/havamall.vn\/en\/wp-json\/wp\/v2\/product\/20617"}],"collection":[{"href":"https:\/\/havamall.vn\/en\/wp-json\/wp\/v2\/product"}],"about":[{"href":"https:\/\/havamall.vn\/en\/wp-json\/wp\/v2\/types\/product"}],"replies":[{"embeddable":true,"href":"https:\/\/havamall.vn\/en\/wp-json\/wp\/v2\/comments?post=20617"}],"version-history":[{"count":0,"href":"https:\/\/havamall.vn\/en\/wp-json\/wp\/v2\/product\/20617\/revisions"}],"wp:featuredmedia":[{"embeddable":true,"href":"https:\/\/havamall.vn\/en\/wp-json\/wp\/v2\/media\/20630"}],"wp:attachment":[{"href":"https:\/\/havamall.vn\/en\/wp-json\/wp\/v2\/media?parent=20617"}],"wp:term":[{"taxonomy":"product_brand","embeddable":true,"href":"https:\/\/havamall.vn\/en\/wp-json\/wp\/v2\/product_brand?post=20617"},{"taxonomy":"product_cat","embeddable":true,"href":"https:\/\/havamall.vn\/en\/wp-json\/wp\/v2\/product_cat?post=20617"},{"taxonomy":"product_tag","embeddable":true,"href":"https:\/\/havamall.vn\/en\/wp-json\/wp\/v2\/product_tag?post=20617"}],"curies":[{"name":"wp","href":"https:\/\/api.w.org\/{rel}","templated":true}]}}