{"id":20588,"date":"2021-06-23T08:55:19","date_gmt":"2021-06-23T01:55:19","guid":{"rendered":"https:\/\/havamall.vn\/?post_type=product&#038;p=20588"},"modified":"2023-04-04T17:04:10","modified_gmt":"2023-04-04T10:04:10","slug":"nuoc-tuong-dac-biet-hai-thien-premium-soy-sauce-380ml-2","status":"publish","type":"product","link":"https:\/\/havamall.vn\/en\/shop\/nuoc-tuong-dac-biet-hai-thien-premium-soy-sauce-380ml-2\/","title":{"rendered":"N\u01b0\u1edbc T\u01b0\u01a1ng \u0110\u1eb7c Bi\u1ec7t H\u1ea3i Thi\u00ean &#8211; Premium Soy Sauce 380ml"},"content":{"rendered":"<table>\n<tbody>\n<tr>\n<td><span style=\"font-weight: 400\">Th\u01b0\u01a1ng hi\u1ec7u<\/span><\/td>\n<td><span style=\"font-weight: 400\">H\u1ea3i Thi\u00ean<\/span><\/td>\n<\/tr>\n<tr>\n<td><span style=\"font-weight: 400\">Xu\u1ea5t x\u1ee9<\/span><\/td>\n<td><span style=\"font-weight: 400\">Trung Qu\u1ed1c<\/span><\/td>\n<\/tr>\n<tr>\n<td><span style=\"font-weight: 400\">Th\u00e0nh ph\u1ea7n<\/span><\/td>\n<td><span style=\"font-weight: 400\">Mu\u1ed1i, \u0111\u1eadu n\u00e0nh, mu\u1ed1i \u0103n, l\u00faa m\u1ef3,&#8230;<\/span><\/td>\n<\/tr>\n<tr>\n<td><span style=\"font-weight: 400\">H\u1ea1n s\u1eed d\u1ee5ng<\/span><\/td>\n<td><span style=\"font-weight: 400\">24 th\u00e1ng k\u1ec3 t\u1eeb ng\u00e0y s\u1ea3n xu\u1ea5t.<\/span><\/td>\n<\/tr>\n<tr>\n<td><span style=\"font-weight: 400\">B\u1ea3o qu\u1ea3n<\/span><\/td>\n<td><span style=\"font-weight: 400\">\u0110\u1ec3 n\u01a1i kh\u00f4 r\u00e1o, tho\u00e1ng m\u00e1t, tr\u00e1nh \u00e1nh n\u1eafng tr\u1ef1c ti\u1ebfp<\/span><\/td>\n<\/tr>\n<tr>\n<td><span style=\"font-weight: 400\">Kh\u1ed1i l\u01b0\u1ee3ng t\u1ecbnh<\/span><\/td>\n<td><span style=\"font-weight: 400\">260g<\/span><\/td>\n<\/tr>\n<\/tbody>\n<\/table>\n<p><span style=\"font-weight: 400\">N\u01b0\u1edbc t\u01b0\u01a1ng \u0111\u1eb7c bi\u1ec7t &#8211; \u0111\u1eb7c bi\u1ec7t nh\u01b0 ch\u00ednh c\u00e1i t\u00ean c\u1ee7a n\u00f3. L\u00e0 lo\u1ea1i n\u01b0\u1edbc t\u01b0\u01a1ng ngon nh\u1ea5t th\u1ebf gi\u1edbi theo b\u00ecnh ch\u1ecdn c\u1ee7a h\u01a1n 86 tri\u1ec7u \u0111\u1ea7u b\u1ebfp h\u00e0ng \u0111\u1ea7u Ch\u00e2u \u00c1. Lo\u1ea1i n\u01b0\u1edbc t\u01b0\u01a1ng n\u00e0y \u0111\u01b0\u1ee3c b\u1ed5 sung th\u00eam c\u00e1c lo\u1ea1i th\u1ea3o m\u1ed9c t\u1ed1t cho s\u1ee9c kh\u1ecfe, \u0111\u1ed9 ng\u1ecdt c\u1ee7a n\u00f3 \u0111\u1ebfn t\u1eeb ch\u00ednh c\u00e1c lo\u1ea1i th\u1ea3o m\u1ed9c \u1ea5y ch\u1ee9 kh\u00f4ng v\u00ec b\u1ea5t c\u1ee9 ph\u1ee5 gia n\u00e0o.<\/span><\/p>\n<p><img fetchpriority=\"high\" decoding=\"async\" class=\"wp-image-20560 aligncenter\" src=\"https:\/\/havamall.vn\/wp-content\/uploads\/2021\/06\/TB2umfApr4npuFjSZFmXXXl4FXa_1031524252-277x300.png\" alt=\"\" width=\"601\" height=\"651\" srcset=\"https:\/\/havamall.vn\/wp-content\/uploads\/2021\/06\/TB2umfApr4npuFjSZFmXXXl4FXa_1031524252-277x300.png 277w, https:\/\/havamall.vn\/wp-content\/uploads\/2021\/06\/TB2umfApr4npuFjSZFmXXXl4FXa_1031524252-430x465.png 430w, https:\/\/havamall.vn\/wp-content\/uploads\/2021\/06\/TB2umfApr4npuFjSZFmXXXl4FXa_1031524252-150x162.png 150w, https:\/\/havamall.vn\/wp-content\/uploads\/2021\/06\/TB2umfApr4npuFjSZFmXXXl4FXa_1031524252-700x758.png 700w, https:\/\/havamall.vn\/wp-content\/uploads\/2021\/06\/TB2umfApr4npuFjSZFmXXXl4FXa_1031524252-768x831.png 768w, https:\/\/havamall.vn\/wp-content\/uploads\/2021\/06\/TB2umfApr4npuFjSZFmXXXl4FXa_1031524252-600x649.png 600w, https:\/\/havamall.vn\/wp-content\/uploads\/2021\/06\/TB2umfApr4npuFjSZFmXXXl4FXa_1031524252.png 790w\" sizes=\"(max-width: 601px) 100vw, 601px\" \/><\/p>\n<p><span style=\"font-weight: 400\">N\u01b0\u1edbc t\u01b0\u01a1ng \u0111\u1eb7c bi\u1ec7t H\u1ea3i thi\u00ean \u0111\u01b0\u1ee3c s\u1ea3n xu\u1ea5t v\u00e0 ch\u1ebf bi\u1ebfn theo ph\u01b0\u01a1ng ph\u00e1p truy\u1ec1n th\u1ed1ng. \u00c1p d\u1ee5ng c\u00f4ng ngh\u1ec7 hi\u1ec7n \u0111\u1ea1i, \u0111\u1ea3m b\u1ea3o an to\u00e0n v\u1ec7 sinh th\u1ef1c ph\u1ea9m. D\u00f9ng tr\u1ef1c ti\u1ebfp l\u00e0m n\u01b0\u1edbc ch\u1ea5m, l\u00e0m gia v\u1ecb t\u1ea9m \u01b0\u1edbp, kho, x\u00e0o, \u2026Gia v\u1ecb kh\u00f4ng th\u1ec3 thi\u1ebfu c\u1ee7a c\u00e1c m\u00f3n h\u1ea3i s\u1ea3n.<\/span><\/p>\n<p><span style=\"font-weight: 400\">S\u1ea3n ph\u1ea9m \u0111\u01b0\u1ee3c s\u1ea3n xu\u1ea5t v\u00e0 ch\u1ebf bi\u1ebfn theo ph\u01b0\u01a1ng ph\u00e1p l\u00ean men truy\u1ec1n th\u1ed1ng theo c\u00f4ng ngh\u1ec7 hi\u1ec7n \u0111\u1ea1i, \u0111\u1ea3m b\u1ea3o an to\u00e0n v\u1ec7 sinh th\u1ef1c ph\u1ea9m v\u00e0 \u0111\u1ea1t ti\u00eau chu\u1ea9n xu\u1ea5t\/nh\u1eadp kh\u1ea9u.<\/span><\/p>\n<p><img decoding=\"async\" class=\"wp-image-20573 aligncenter\" src=\"https:\/\/havamall.vn\/wp-content\/uploads\/2021\/06\/WeChatScreenshot_-1-300x300.png\" alt=\"\" width=\"607\" height=\"607\" srcset=\"https:\/\/havamall.vn\/wp-content\/uploads\/2021\/06\/WeChatScreenshot_-1-300x300.png 300w, https:\/\/havamall.vn\/wp-content\/uploads\/2021\/06\/WeChatScreenshot_-1-430x430.png 430w, https:\/\/havamall.vn\/wp-content\/uploads\/2021\/06\/WeChatScreenshot_-1-150x150.png 150w, https:\/\/havamall.vn\/wp-content\/uploads\/2021\/06\/WeChatScreenshot_-1-700x700.png 700w, https:\/\/havamall.vn\/wp-content\/uploads\/2021\/06\/WeChatScreenshot_-1-768x768.png 768w, https:\/\/havamall.vn\/wp-content\/uploads\/2021\/06\/WeChatScreenshot_-1-600x600.png 600w, https:\/\/havamall.vn\/wp-content\/uploads\/2021\/06\/WeChatScreenshot_-1-100x100.png 100w, https:\/\/havamall.vn\/wp-content\/uploads\/2021\/06\/WeChatScreenshot_-1.png 790w\" sizes=\"(max-width: 607px) 100vw, 607px\" \/><\/p>\n<h4><strong>H\u01b0\u1edbng d\u1eabn s\u1eed d\u1ee5ng:<\/strong><\/h4>\n<p><span style=\"font-weight: 400\">\u2013 D\u00f9ng tr\u1ef1c ti\u1ebfp l\u00e0m n\u01b0\u1edbc ch\u1ea5m:<\/span><\/p>\n<p><span style=\"font-weight: 400\">+ Ch\u1ea5m c\u00e1c m\u00f3n rau, c\u1ee7, qu\u1ea3<\/span><\/p>\n<p><span style=\"font-weight: 400\">+ Pha l\u1eabn v\u1edbi m\u00f9 t\u1ea1t ch\u1ea5m g\u1ecfi cu\u1ed1n, sushi, c\u00e1c m\u00f3n g\u1ecfi t\u01b0\u01a1i s\u1ed1ng,..<\/span><\/p>\n<p><span style=\"font-weight: 400\">+ Pha ch\u1ebf v\u1edbi t\u1ecfi, \u1edbt b\u0103m nh\u1ecf ch\u1ea5m c\u00e1c m\u00f3n n\u01b0\u1edbng, lu\u1ed9c, chi\u00ean,..<\/span><\/p>\n<p><span style=\"font-weight: 400\">\u2013 D\u00f9ng l\u00e0m gia v\u1ecb \u01b0\u1edbp kho, x\u00e0o, t\u1ea1o m\u00e0u s\u1eafc \u0111\u1eadm \u0111\u00e0 v\u00e0 th\u01a1m ngon h\u01a1n c\u00e1ch th\u1eafng \u0111\u01b0\u1eddng th\u00f4ng th\u01b0\u1eddng.<\/span><\/p>\n<p><span style=\"font-weight: 400\">\u2013 D\u00f9ng l\u00e0m gia v\u1ecb t\u1ea7m \u01b0\u1edbp v\u00e0 ch\u1ebf bi\u1ebfn c\u00e1c m\u00f3n h\u1ea3i s\u1ea3n, th\u1ecbt, c\u00e1,.. n\u01b0\u1edbng, l\u1ea9u v\u00e0 nhi\u1ec1u m\u00f3n \u0103n kh\u00e1c mang l\u1ea1i h\u01b0\u01a1ng v\u1ecb r\u1ea5t ngon v\u00e0 kh\u00e1c bi\u1ec7t.<\/span><\/p>\n<p><span style=\"font-weight: 400\">S\u1ea3n ph\u1ea9m hi\u1ec7n \u0111\u00e3 c\u00f3 m\u1eb7t y\u1ea1i Havamall.<\/span><\/p>","protected":false},"excerpt":{"rendered":"<p>Th\u01b0\u01a1ng hi\u1ec7u H\u1ea3i Thi\u00ean Xu\u1ea5t x\u1ee9 Trung Qu\u1ed1c Th\u00e0nh ph\u1ea7n Mu\u1ed1i, \u0111\u1eadu n\u00e0nh, mu\u1ed1i \u0103n, l\u00faa m\u1ef3,&#8230; H\u1ea1n s\u1eed d\u1ee5ng<\/p>","protected":false},"featured_media":20564,"comment_status":"open","ping_status":"closed","template":"","meta":[],"product_brand":[],"product_cat":[496,36,143],"product_tag":[],"class_list":{"0":"post-20588","1":"product","2":"type-product","3":"status-publish","4":"has-post-thumbnail","6":"product_cat-thuc-pham-thuan-chay","7":"product_cat-thuc-pham-tieu-dung","8":"product_cat-thuc-pham-dong-hop","9":"pa_brand-hai-thien","11":"first","12":"instock","13":"sale","14":"shipping-taxable","15":"purchasable","16":"product-type-simple"},"_links":{"self":[{"href":"https:\/\/havamall.vn\/en\/wp-json\/wp\/v2\/product\/20588"}],"collection":[{"href":"https:\/\/havamall.vn\/en\/wp-json\/wp\/v2\/product"}],"about":[{"href":"https:\/\/havamall.vn\/en\/wp-json\/wp\/v2\/types\/product"}],"replies":[{"embeddable":true,"href":"https:\/\/havamall.vn\/en\/wp-json\/wp\/v2\/comments?post=20588"}],"version-history":[{"count":0,"href":"https:\/\/havamall.vn\/en\/wp-json\/wp\/v2\/product\/20588\/revisions"}],"wp:featuredmedia":[{"embeddable":true,"href":"https:\/\/havamall.vn\/en\/wp-json\/wp\/v2\/media\/20564"}],"wp:attachment":[{"href":"https:\/\/havamall.vn\/en\/wp-json\/wp\/v2\/media?parent=20588"}],"wp:term":[{"taxonomy":"product_brand","embeddable":true,"href":"https:\/\/havamall.vn\/en\/wp-json\/wp\/v2\/product_brand?post=20588"},{"taxonomy":"product_cat","embeddable":true,"href":"https:\/\/havamall.vn\/en\/wp-json\/wp\/v2\/product_cat?post=20588"},{"taxonomy":"product_tag","embeddable":true,"href":"https:\/\/havamall.vn\/en\/wp-json\/wp\/v2\/product_tag?post=20588"}],"curies":[{"name":"wp","href":"https:\/\/api.w.org\/{rel}","templated":true}]}}