{"id":20582,"date":"2021-06-22T17:45:34","date_gmt":"2021-06-22T10:45:34","guid":{"rendered":"https:\/\/havamall.vn\/?post_type=product&#038;p=20582"},"modified":"2022-10-28T17:19:43","modified_gmt":"2022-10-28T10:19:43","slug":"cha-ca-cuon-thanh-cua-surimy-fried-fish-roll-with-crab-stick-75g","status":"publish","type":"product","link":"https:\/\/havamall.vn\/en\/shop\/cha-ca-cuon-thanh-cua-surimy-fried-fish-roll-with-crab-stick-75g\/","title":{"rendered":"Ch\u1ea3 C\u00e1 Cu\u1ed9n Thanh Cua Surimy &#8211; Fried Fish Roll with Crab Stick 75g"},"content":{"rendered":"<p><span style=\"font-weight: 400\">Ch\u1ea3 c\u00e1 cu\u1ed9n thanh cua l\u00e0 m\u1ed9t trong nh\u1eefng m\u00f3n ch\u1ea3 c\u00f3 h\u01b0\u01a1ng v\u1ecb cu\u1ed1n h\u00fat m\u1ed9t c\u00e1ch v\u00f4 c\u00f9ng \u0111\u1eb7c tr\u01b0ng v\u00e0 \u0111\u1ed9c \u0111\u00e1o, khi\u1ebfn ai \u0103n th\u1eed c\u0169ng \u0111\u1ec1u nh\u1edb m\u00e3i. V\u1ecb c\u1ee7a nh\u1eefng khoanh ch\u1ea3 xinh x\u1eafn, thu h\u00fat \u00e1nh nh\u00ecn th\u1ef1c s\u1ef1 t\u1ea1o \u1ea5n t\u01b0\u1ee3ng b\u1edfi \u0111\u1ed9 m\u1ec1m v\u1eeba, ng\u1ecdt ng\u1ecdt l\u1ea1i th\u01a1m gi\u00f2n, c\u00f9ng ch\u00fat b\u00f9i b\u00f9i, ng\u1eady ng\u1eady,\u0111\u1eb7c bi\u1ec7t l\u00e0 t\u1eebng mi\u1ebfng ch\u1ea3 cua cu\u1ed1n th\u01a1m l\u1eebng,ngon ng\u1ecdt v\u1ecb th\u1ecbt c\u00e1 surimi,v\u1ecb cua k\u1ebft h\u1ee3p v\u1edbi nhi\u1ec1u th\u00e0nh ph\u1ea7n k\u1ebft h\u1ee3p l\u1ea1i r\u1ea5t l\u1ea1 mi\u1ec7ng,\u0111\u1ee7 dinh d\u01b0\u1ee1ng r\u1ea5t ngon.<\/span><\/p>\n<p><img fetchpriority=\"high\" decoding=\"async\" class=\"wp-image-20585 aligncenter\" src=\"https:\/\/havamall.vn\/wp-content\/uploads\/2021\/06\/O1CN011HIfZ-300x300.png\" alt=\"\" width=\"619\" height=\"619\" srcset=\"https:\/\/havamall.vn\/wp-content\/uploads\/2021\/06\/O1CN011HIfZ-300x300.png 300w, https:\/\/havamall.vn\/wp-content\/uploads\/2021\/06\/O1CN011HIfZ-430x430.png 430w, https:\/\/havamall.vn\/wp-content\/uploads\/2021\/06\/O1CN011HIfZ-150x150.png 150w, https:\/\/havamall.vn\/wp-content\/uploads\/2021\/06\/O1CN011HIfZ-700x700.png 700w, https:\/\/havamall.vn\/wp-content\/uploads\/2021\/06\/O1CN011HIfZ-768x768.png 768w, https:\/\/havamall.vn\/wp-content\/uploads\/2021\/06\/O1CN011HIfZ-600x600.png 600w, https:\/\/havamall.vn\/wp-content\/uploads\/2021\/06\/O1CN011HIfZ-100x100.png 100w, https:\/\/havamall.vn\/wp-content\/uploads\/2021\/06\/O1CN011HIfZ.png 800w\" sizes=\"(max-width: 619px) 100vw, 619px\" \/><\/p>\n<p><span style=\"font-weight: 400\">Ch\u1ea3 c\u00e1 l\u00e0m th\u1ee7 c\u00f4ng truy\u1ec1n th\u1ed1ng n\u1ed5i ti\u1ebfng t\u1ea1i v\u00f9ng Busan \u1edf H\u00e0n \u0111\u01b0\u1ee3c \u0111\u00f4i b\u00e0n tay kh\u00e9o l\u00e9o. V\u1edbi s\u1ee9 m\u1ec7nh mang l\u1ea1i cho b\u1ea1n nh\u1eefng n\u00e9t \u0111\u1eb7c s\u1eafc t\u1eeb ch\u1ea3 c\u00e1 l\u00e0m tay t\u1ea1i H\u00e0n.<\/span><\/p>\n<p><span style=\"font-weight: 400\">Surimi l\u00e0 s\u1ea3n ph\u1ea9m c\u1ee7a th\u1ecbt c\u00e1 t\u01b0\u01a1i \u0111\u01b0\u1ee3c s\u1ea3n xu\u1ea5t b\u1eb1ng c\u00f4ng ngh\u1ec7 v\u00e0 d\u00e2y chuy\u1ec1n hi\u1ec7n \u0111\u1ea1i c\u1ee7a H\u00e0n Qu\u1ed1c. C\u00e1 t\u01b0\u01a1i sau khi qua nhi\u1ec1u c\u00f4ng \u0111o\u1ea1n s\u01a1 ch\u1ebf v\u00e0 r\u1eeda s\u1ea1ch lo\u1ea1i b\u1ecf t\u1ea1p ch\u1ea5t, b\u1ee5i b\u1ea9n th\u00ec ti\u1ebfn h\u00e0nh t\u00e1ch b\u1ecf x\u01b0\u01a1ng. Sau \u0111\u00f3, th\u1ef1c hi\u1ec7n ly t\u00e2m t\u00e1ch n\u01b0\u1edbc, ch\u1ec9 gi\u1eef l\u1ea1i nh\u1eefng d\u01b0\u1ee1ng ch\u1ea5t c\u00f3 l\u1ee3i cho c\u01a1 th\u1ec3.<\/span><\/p>\n<p><img decoding=\"async\" class=\"wp-image-20586 aligncenter\" src=\"https:\/\/havamall.vn\/wp-content\/uploads\/2021\/06\/cua--300x201.png\" alt=\"\" width=\"606\" height=\"406\" srcset=\"https:\/\/havamall.vn\/wp-content\/uploads\/2021\/06\/cua--300x201.png 300w, https:\/\/havamall.vn\/wp-content\/uploads\/2021\/06\/cua--430x288.png 430w, https:\/\/havamall.vn\/wp-content\/uploads\/2021\/06\/cua--150x100.png 150w, https:\/\/havamall.vn\/wp-content\/uploads\/2021\/06\/cua--700x469.png 700w, https:\/\/havamall.vn\/wp-content\/uploads\/2021\/06\/cua--768x514.png 768w, https:\/\/havamall.vn\/wp-content\/uploads\/2021\/06\/cua--1024x685.png 1024w, https:\/\/havamall.vn\/wp-content\/uploads\/2021\/06\/cua--1200x803.png 1200w, https:\/\/havamall.vn\/wp-content\/uploads\/2021\/06\/cua--600x402.png 600w, https:\/\/havamall.vn\/wp-content\/uploads\/2021\/06\/cua-.png 1494w\" sizes=\"(max-width: 606px) 100vw, 606px\" \/><\/p>\n<p><span style=\"font-weight: 400\">Nguy\u00ean li\u1ec7u ch\u00ednh l\u00e0m ch\u1ea3 c\u00e1 cu\u1ed9n thanh cua l\u00e0 Surimi, c\u00f3 h\u00e0m l\u01b0\u1ee3ng protein cao, lipid th\u1ea5p, kh\u00f4ng ch\u1ee9a cholesterol v\u00e0 glucid, c\u01a1 th\u1ec3 d\u1ec5 h\u1ea5p th\u1ee5 . Thanh cua ch\u1ee9a kh\u00e1 \u00edt ch\u1ea5t b\u00e9o v\u00e0 n\u0103ng l\u01b0\u1ee3ng. N\u1ebfu ai \u0111ang c\u1ea7n ki\u1ec3m so\u00e1t cholesterol th\u00ec thanh cua d\u01b0\u1eddng nh\u01b0 l\u00e0 m\u1ed9t l\u1ef1a ch\u1ecdn t\u1ed1t cho c\u01a1 th\u1ec3 , ngo\u00e0i ra c\u00f2n ch\u1ee9a h\u00e0m l\u01b0\u1ee3ng phospho r\u1ea5t cao n\u00ean n\u00f3 c\u00f3 l\u1ee3i cho vi\u1ec7c h\u1ed7 tr\u1ee3 ch\u1ee9c n\u0103ng c\u1ee7a c\u01a1 v\u00e0 th\u1eadn<\/span><\/p>\n<p><img decoding=\"async\" class=\"wp-image-20587 aligncenter\" src=\"https:\/\/havamall.vn\/wp-content\/uploads\/2021\/06\/O1CN011HIfZ4vwC2-300x300.png\" alt=\"\" width=\"606\" height=\"606\" srcset=\"https:\/\/havamall.vn\/wp-content\/uploads\/2021\/06\/O1CN011HIfZ4vwC2-300x300.png 300w, https:\/\/havamall.vn\/wp-content\/uploads\/2021\/06\/O1CN011HIfZ4vwC2-430x430.png 430w, https:\/\/havamall.vn\/wp-content\/uploads\/2021\/06\/O1CN011HIfZ4vwC2-150x150.png 150w, https:\/\/havamall.vn\/wp-content\/uploads\/2021\/06\/O1CN011HIfZ4vwC2-700x700.png 700w, https:\/\/havamall.vn\/wp-content\/uploads\/2021\/06\/O1CN011HIfZ4vwC2-768x768.png 768w, https:\/\/havamall.vn\/wp-content\/uploads\/2021\/06\/O1CN011HIfZ4vwC2-600x600.png 600w, https:\/\/havamall.vn\/wp-content\/uploads\/2021\/06\/O1CN011HIfZ4vwC2-100x100.png 100w, https:\/\/havamall.vn\/wp-content\/uploads\/2021\/06\/O1CN011HIfZ4vwC2.png 800w\" sizes=\"(max-width: 606px) 100vw, 606px\" \/><\/p>\n<h4><strong>H\u01b0\u1edbng d\u1eabn s\u1eed d\u1ee5ng:<\/strong><\/h4>\n<p><span style=\"font-weight: 400\">&#8211; L\u00e0m n\u00f3ng ch\u1ea3 c\u00e1 cu\u1ed9n thanh cua d\u00f9ng tr\u1ef1c ti\u1ebfp v\u1edbi t\u01b0\u01a1ng \u1edbt<\/span><\/p>\n<p><span style=\"font-weight: 400\">&#8211; L\u1ea9u ch\u1ea3 c\u00e1 Eomuk Tang<\/span><\/p>\n<p>S\u1ea3n ph\u1ea9m hi\u1ec7n \u0111\u00e3 c\u00f3 m\u1eb7t t\u1ea1i Havamall.<\/p>","protected":false},"excerpt":{"rendered":"<p>Ch\u1ea3 c\u00e1 cu\u1ed9n thanh cua l\u00e0 m\u1ed9t trong nh\u1eefng m\u00f3n ch\u1ea3 c\u00f3 h\u01b0\u01a1ng v\u1ecb cu\u1ed1n h\u00fat m\u1ed9t c\u00e1ch v\u00f4 c\u00f9ng<\/p>","protected":false},"featured_media":20584,"comment_status":"open","ping_status":"closed","template":"","meta":[],"product_brand":[],"product_cat":[275,36],"product_tag":[],"class_list":{"0":"post-20582","1":"product","2":"type-product","3":"status-publish","4":"has-post-thumbnail","6":"product_cat-thuc-pham-dong-lanh","7":"product_cat-thuc-pham-tieu-dung","9":"first","10":"outofstock","11":"sale","12":"shipping-taxable","13":"purchasable","14":"product-type-simple"},"_links":{"self":[{"href":"https:\/\/havamall.vn\/en\/wp-json\/wp\/v2\/product\/20582"}],"collection":[{"href":"https:\/\/havamall.vn\/en\/wp-json\/wp\/v2\/product"}],"about":[{"href":"https:\/\/havamall.vn\/en\/wp-json\/wp\/v2\/types\/product"}],"replies":[{"embeddable":true,"href":"https:\/\/havamall.vn\/en\/wp-json\/wp\/v2\/comments?post=20582"}],"version-history":[{"count":0,"href":"https:\/\/havamall.vn\/en\/wp-json\/wp\/v2\/product\/20582\/revisions"}],"wp:featuredmedia":[{"embeddable":true,"href":"https:\/\/havamall.vn\/en\/wp-json\/wp\/v2\/media\/20584"}],"wp:attachment":[{"href":"https:\/\/havamall.vn\/en\/wp-json\/wp\/v2\/media?parent=20582"}],"wp:term":[{"taxonomy":"product_brand","embeddable":true,"href":"https:\/\/havamall.vn\/en\/wp-json\/wp\/v2\/product_brand?post=20582"},{"taxonomy":"product_cat","embeddable":true,"href":"https:\/\/havamall.vn\/en\/wp-json\/wp\/v2\/product_cat?post=20582"},{"taxonomy":"product_tag","embeddable":true,"href":"https:\/\/havamall.vn\/en\/wp-json\/wp\/v2\/product_tag?post=20582"}],"curies":[{"name":"wp","href":"https:\/\/api.w.org\/{rel}","templated":true}]}}