{"id":20575,"date":"2021-06-22T16:58:46","date_gmt":"2021-06-22T09:58:46","guid":{"rendered":"https:\/\/havamall.vn\/?post_type=product&#038;p=20575"},"modified":"2022-11-02T11:46:23","modified_gmt":"2022-11-02T04:46:23","slug":"20575","status":"publish","type":"product","link":"https:\/\/havamall.vn\/en\/shop\/20575\/","title":{"rendered":"Ph\u00f4 Mai Mozzarella 45% FIDM G\u00f3i 150gr &#8211; Mozzarella Cheese 45% FIDM"},"content":{"rendered":"<p>Ph\u00f4 mai Mozzarella \u0111\u01b0\u1ee3c l\u00e0m t\u1eeb s\u1eefa b\u00f2 t\u01b0\u01a1i nguy\u00ean ch\u1ea5t, Mozzarella l\u00e0 th\u00e0nh ph\u1ea7n kh\u00f4ng th\u1ec3 thi\u1ebfu trong c\u00e1c m\u00f3n pizza. Sau khi n\u01b0\u1edbng ph\u00f4 mai s\u1ebd ch\u1ea3y ra v\u00e0 t\u1ea1o th\u00e0nh nh\u1eefng s\u1ee3i ph\u00f4 mai dai v\u00e0 k\u1ebft d\u00ednh. Ngo\u00e0i ra, ph\u00f4 mai mozzarella c\u00f2n \u0111\u01b0\u1ee3c s\u1eed d\u1ee5ng \u0111\u1ec3 r\u1eafc l\u00ean c\u00e1c m\u00f3n nh\u01b0 m\u00ec \u1ed1ng ho\u1eb7c k\u1ebft h\u1ee3p nh\u01b0 1 nguy\u00ean li\u1ec7u v\u1edbi b\u00e1nh m\u00ec, tr\u1ee9ng tr\u00e1ng, n\u01b0\u1edbc s\u1ed1t, v\u2026v<\/p>\n<p><img fetchpriority=\"high\" decoding=\"async\" class=\"wp-image-20577 aligncenter\" src=\"https:\/\/havamall.vn\/wp-content\/uploads\/2021\/06\/b0a8d4ac56dc2d61a-300x300.png\" alt=\"\" width=\"683\" height=\"683\" srcset=\"https:\/\/havamall.vn\/wp-content\/uploads\/2021\/06\/b0a8d4ac56dc2d61a-300x300.png 300w, https:\/\/havamall.vn\/wp-content\/uploads\/2021\/06\/b0a8d4ac56dc2d61a-430x430.png 430w, https:\/\/havamall.vn\/wp-content\/uploads\/2021\/06\/b0a8d4ac56dc2d61a-150x150.png 150w, https:\/\/havamall.vn\/wp-content\/uploads\/2021\/06\/b0a8d4ac56dc2d61a-700x700.png 700w, https:\/\/havamall.vn\/wp-content\/uploads\/2021\/06\/b0a8d4ac56dc2d61a-768x768.png 768w, https:\/\/havamall.vn\/wp-content\/uploads\/2021\/06\/b0a8d4ac56dc2d61a-600x600.png 600w, https:\/\/havamall.vn\/wp-content\/uploads\/2021\/06\/b0a8d4ac56dc2d61a-100x100.png 100w, https:\/\/havamall.vn\/wp-content\/uploads\/2021\/06\/b0a8d4ac56dc2d61a.png 1000w\" sizes=\"(max-width: 683px) 100vw, 683px\" \/><\/p>\n<p>Phomai Mozzarella c\u00f3 m\u00e0u v\u00e0ng nh\u1ea1t, kh\u00e1 m\u1ec1m, d\u1ec5 tan ch\u1ea3y n\u00ean l\u00e0 lo\u1ea1i phomai ngon nh\u1ea5t \u0111\u1ec3 ch\u1ebf bi\u1ebfn pizza. Khi chin, phomai r\u1ea5t th\u01a1m, d\u1ebbo m\u1ecbn, b\u00f9i v\u00e0 d\u00ednh. S\u1ea3n ph\u1ea9m c\u00f3 \u0111\u1ed9 \u0111\u00e0n h\u1ed3i cao n\u00ean d\u1ec5 c\u1eaft l\u00e1t, b\u00e0o m\u1ecfng \u0111\u1ec3 ch\u1ebf bi\u1ebfn m\u00f3n \u0103n. S\u1ea3n ph\u1ea9m kh\u00f4ng s\u1eed d\u1ee5ng h\u00f3a ch\u1ea5t, ch\u1ea5t b\u1ea3o qu\u1ea3n, \u0111\u1ea3m b\u1ea3o v\u1ec7 sinh an to\u00e0n th\u1ef1c ph\u1ea9m cho ng\u01b0\u1eddi s\u1eed d\u1ee5ng.<\/p>\n<p><img decoding=\"async\" class=\"aligncenter\" src=\"https:\/\/havamall.vn\/wp-content\/uploads\/2019\/03\/Pho-mai-Mozzarella-thuong-su-dung-trong-khi-lam-banh-pizza-de-tao-nen-do-deo-dinh-dai-gion-khi-an.jpg\" alt=\"K\u00e1\u00ba\u00bft qu\u00e1\u00ba\u00a3 h\u00c3\u00acnh \u00e1\u00ba\u00a3nh cho mozzarella cheese b\u00c3\u00a0o s\u00e1\u00bb\u00a3i\" width=\"685\" height=\"514\" \/><\/p>\n<p>Khi ch\u00edn, phomai r\u1ea5t th\u01a1m, d\u1ebbo m\u1ecbn, b\u00f9i v\u00e0 d\u00ednh. S\u1ea3n ph\u1ea9m c\u00f3 \u0111\u1ed9 \u0111\u00e0n h\u1ed3i cao n\u00ean d\u1ec5 c\u1eaft l\u00e1t, b\u00e0o m\u1ecfng \u0111\u1ec3 ch\u1ebf bi\u1ebfn m\u00f3n \u0103n. S\u1ea3n ph\u1ea9m kh\u00f4ng s\u1eed d\u1ee5ng h\u00f3a ch\u1ea5t, ch\u1ea5t b\u1ea3o qu\u1ea3n, \u0111\u1ea3m b\u1ea3o v\u1ec7 sinh an to\u00e0n th\u1ef1c ph\u1ea9m cho ng\u01b0\u1eddi s\u1eed d\u1ee5ng.<\/p>\n<p><img decoding=\"async\" class=\"wp-image-20579 aligncenter\" src=\"https:\/\/havamall.vn\/wp-content\/uploads\/2021\/06\/Baked-Sticks-sm-30-200x300.png\" alt=\"\" width=\"695\" height=\"1043\" srcset=\"https:\/\/havamall.vn\/wp-content\/uploads\/2021\/06\/Baked-Sticks-sm-30-200x300.png 200w, https:\/\/havamall.vn\/wp-content\/uploads\/2021\/06\/Baked-Sticks-sm-30-430x645.png 430w, https:\/\/havamall.vn\/wp-content\/uploads\/2021\/06\/Baked-Sticks-sm-30-150x225.png 150w, https:\/\/havamall.vn\/wp-content\/uploads\/2021\/06\/Baked-Sticks-sm-30-700x1050.png 700w, https:\/\/havamall.vn\/wp-content\/uploads\/2021\/06\/Baked-Sticks-sm-30-768x1152.png 768w, https:\/\/havamall.vn\/wp-content\/uploads\/2021\/06\/Baked-Sticks-sm-30-683x1024.png 683w, https:\/\/havamall.vn\/wp-content\/uploads\/2021\/06\/Baked-Sticks-sm-30-1200x1800.png 1200w, https:\/\/havamall.vn\/wp-content\/uploads\/2021\/06\/Baked-Sticks-sm-30-600x900.png 600w, https:\/\/havamall.vn\/wp-content\/uploads\/2021\/06\/Baked-Sticks-sm-30.png 1500w\" sizes=\"(max-width: 695px) 100vw, 695px\" \/><\/p>\n<p>So v\u1edbi c\u00e1c lo\u1ea1i th\u1ef1c ph\u1ea9m c\u00f9ng nh\u00f3m, ph\u00f4 mai c\u00f3 l\u01b0\u1ee3ng ch\u1ea5t b\u00e9o nhi\u1ec1u g\u1ea5p 3 l\u1ea7n, do v\u1eady n\u0103ng l\u01b0\u1ee3ng cung c\u1ea5p c\u0169ng nhi\u1ec1u h\u01a1n g\u1ea5p \u0111\u00f4i. Ch\u00ednh v\u00ec v\u1eady, ph\u00f4 mai l\u00e0 lo\u1ea1i th\u1ef1c ph\u1ea9m \u0111\u1eb7c bi\u1ec7t c\u00f3 t\u00e1c d\u1ee5ng r\u1ea5t t\u1ed1t v\u1edbi s\u1ef1 ph\u00e1t tri\u1ec3n c\u1ee7a tr\u1ebb em,\u00a0l\u00e0 th\u1ef1c ph\u1ea9m b\u1ed5 d\u01b0\u1ee1ng gi\u00fap b\u1ed5 sung dinh d\u01b0\u1ee1ng v\u00e0 canxi cho ng\u01b0\u1eddi l\u1edbn.<\/p>\n<p><img loading=\"lazy\" decoding=\"async\" class=\"aligncenter\" src=\"http:\/\/thitbosach.vn\/media\/images\/S%E1%BA%A3n%20ph%E1%BA%A9m%20t%E1%BB%AB%20s%E1%BB%AFa\/cheese\/g%C3%A0%20n%C6%B0%E1%BB%9Bng%20ph%C3%B4%20mai.jpg\" alt=\"H\u00c3\u00acnh \u00e1\u00ba\u00a3nh c\u00c3\u00b3 li\u00c3\u00aan quan\" width=\"677\" height=\"451\" \/><\/p>\n<p>Ph\u00f4 mai Mozzarella l\u00e0 s\u1ea3n ph\u1ea9m l\u00ean men \u0111\u01b0\u1ee3c ch\u1ebf bi\u1ebfn t\u1eeb s\u1eefa, \u0111\u01b0\u1ee3c s\u1eed d\u1ee5ng \u0111\u1ec3 l\u00e0m nhi\u1ec1u m\u00f3n \u0103n \u0111\u1eb7c s\u1eafc, th\u01a1m ngon l\u00e0 s\u1ea3n ph\u1ea9m \u0111\u01b0\u1ee3c s\u1ea3n xu\u1ea5t t\u1eeb s\u1eefa \u0111\u1ed9ng v\u1eadt nh\u01b0 b\u00f2, c\u1eebu, d\u00ea,\u2026n\u00ean c\u00f3 h\u00e0m l\u01b0\u1ee3ng \u0111\u1ea1m, ch\u1ea5t b\u00e9o, protein, vitamin, c\u00e1c kho\u00e1ng ch\u1ea5t v\u00e0 canxi cao.<\/p>\n<p><img loading=\"lazy\" decoding=\"async\" class=\"wp-image-20578 aligncenter\" src=\"https:\/\/havamall.vn\/wp-content\/uploads\/2021\/06\/pho-mai-Mozzarella-ph-300x200.png\" alt=\"\" width=\"683\" height=\"455\" srcset=\"https:\/\/havamall.vn\/wp-content\/uploads\/2021\/06\/pho-mai-Mozzarella-ph-300x200.png 300w, https:\/\/havamall.vn\/wp-content\/uploads\/2021\/06\/pho-mai-Mozzarella-ph-430x287.png 430w, https:\/\/havamall.vn\/wp-content\/uploads\/2021\/06\/pho-mai-Mozzarella-ph-150x100.png 150w, https:\/\/havamall.vn\/wp-content\/uploads\/2021\/06\/pho-mai-Mozzarella-ph-700x467.png 700w, https:\/\/havamall.vn\/wp-content\/uploads\/2021\/06\/pho-mai-Mozzarella-ph-768x512.png 768w, https:\/\/havamall.vn\/wp-content\/uploads\/2021\/06\/pho-mai-Mozzarella-ph-1024x683.png 1024w, https:\/\/havamall.vn\/wp-content\/uploads\/2021\/06\/pho-mai-Mozzarella-ph-1200x800.png 1200w, https:\/\/havamall.vn\/wp-content\/uploads\/2021\/06\/pho-mai-Mozzarella-ph-600x400.png 600w, https:\/\/havamall.vn\/wp-content\/uploads\/2021\/06\/pho-mai-Mozzarella-ph.png 1332w\" sizes=\"(max-width: 683px) 100vw, 683px\" \/><\/p>\n<p>Ph\u00f4 mai Mozzarella kh\u00f4ng ch\u1ec9 t\u1ed1t cho s\u1ef1 ph\u00e1t tri\u1ec3n c\u1ee7a tr\u1ebb em m\u00e0 c\u00f2n l\u00e0 th\u1ef1c ph\u1ea9m b\u1ed5 d\u01b0\u1ee1ng gi\u00fap b\u1ed5 sung dinh d\u01b0\u1ee1ng v\u00e0 canxi cho ng\u01b0\u1eddi l\u1edbn.<br \/>\nPh\u00f4 mai Mozzarella d\u00f9ng l\u00e0m nguy\u00ean li\u1ec7u ch\u1ebf bi\u1ebfn c\u00e1c m\u00f3n n\u01b0\u1edbng, m\u1ef3 \u00dd, pasta, l\u00e0m b\u00e1nh, phomai que, n\u1ea5u s\u00fap, n\u1ea5u ch\u00e1o ho\u1eb7c l\u00e0m c\u00e1c lo\u1ea1i n\u01b0\u1edbc s\u1ed1t. S\u1ea3n ph\u1ea9m c\u00f3 th\u1ec3 \u0103n k\u00e8m v\u1edbi b\u00e1nh sandwich, hamburger ho\u1eb7c tr\u1ed9n salad.<\/p>\n<p><img loading=\"lazy\" decoding=\"async\" class=\"wp-image-20635 aligncenter\" src=\"https:\/\/havamall.vn\/wp-content\/uploads\/2021\/06\/ban-da--300x225.png\" alt=\"\" width=\"678\" height=\"508\" srcset=\"https:\/\/havamall.vn\/wp-content\/uploads\/2021\/06\/ban-da--300x225.png 300w, https:\/\/havamall.vn\/wp-content\/uploads\/2021\/06\/ban-da--430x323.png 430w, https:\/\/havamall.vn\/wp-content\/uploads\/2021\/06\/ban-da--150x113.png 150w, https:\/\/havamall.vn\/wp-content\/uploads\/2021\/06\/ban-da--700x525.png 700w, https:\/\/havamall.vn\/wp-content\/uploads\/2021\/06\/ban-da--768x576.png 768w, https:\/\/havamall.vn\/wp-content\/uploads\/2021\/06\/ban-da--600x450.png 600w, https:\/\/havamall.vn\/wp-content\/uploads\/2021\/06\/ban-da-.png 800w\" sizes=\"(max-width: 678px) 100vw, 678px\" \/><\/p>\n<p>Ph\u00f4 mai Mozzarella l\u00e0 l\u1ef1a ch\u1ecdn l\u00fd t\u01b0\u1edfng \u0111\u1ec3 l\u00e0m c\u00e1c m\u00f3n \u0111\u00fat l\u00f2, ho\u1eb7c c\u00e1c m\u00f3n ki\u1ec3u \u00dd, c\u0169ng c\u00f3 th\u1ec3 d\u00f9ng k\u00e8m v\u1edbi c\u00e1c lo\u1ea1i s\u1ed1t \u0103n v\u1edbi b\u00e1nh m\u00ec n\u01b0\u1edbng, \u0111\u1ed3 \u0103n nh\u1eb9, sandwiches, b\u00e1nh quy,\u2026t\u1ea1o n\u00ean h\u01b0\u01a1ng v\u1ecb ng\u1ecdt ng\u00e0o v\u00e0 b\u00e9o ng\u1eady cho c\u00e1c m\u00f3n b\u00e1nh ng\u1ecdt v\u00e0 kem.<\/p>\n<p>S\u1ea3n ph\u1ea9m hi\u1ec7n \u0111\u00e3 c\u00f3 m\u1eb7t t\u1ea1i Havamall.<\/p>","protected":false},"excerpt":{"rendered":"<p>Ph\u00f4 mai Mozzarella \u0111\u01b0\u1ee3c l\u00e0m t\u1eeb s\u1eefa b\u00f2 t\u01b0\u01a1i nguy\u00ean ch\u1ea5t, Mozzarella l\u00e0 th\u00e0nh ph\u1ea7n kh\u00f4ng th\u1ec3 thi\u1ebfu trong c\u00e1c<\/p>","protected":false},"featured_media":20576,"comment_status":"open","ping_status":"closed","template":"","meta":[],"product_brand":[],"product_cat":[255,275,130,36],"product_tag":[],"class_list":{"0":"post-20575","1":"product","2":"type-product","3":"status-publish","4":"has-post-thumbnail","6":"product_cat-nguyen-lieu-lam-banh","7":"product_cat-thuc-pham-dong-lanh","8":"product_cat-khuyen-mai","9":"product_cat-thuc-pham-tieu-dung","10":"pa_brand-skx","12":"first","13":"instock","14":"sale","15":"shipping-taxable","16":"purchasable","17":"product-type-simple"},"_links":{"self":[{"href":"https:\/\/havamall.vn\/en\/wp-json\/wp\/v2\/product\/20575"}],"collection":[{"href":"https:\/\/havamall.vn\/en\/wp-json\/wp\/v2\/product"}],"about":[{"href":"https:\/\/havamall.vn\/en\/wp-json\/wp\/v2\/types\/product"}],"replies":[{"embeddable":true,"href":"https:\/\/havamall.vn\/en\/wp-json\/wp\/v2\/comments?post=20575"}],"version-history":[{"count":0,"href":"https:\/\/havamall.vn\/en\/wp-json\/wp\/v2\/product\/20575\/revisions"}],"wp:featuredmedia":[{"embeddable":true,"href":"https:\/\/havamall.vn\/en\/wp-json\/wp\/v2\/media\/20576"}],"wp:attachment":[{"href":"https:\/\/havamall.vn\/en\/wp-json\/wp\/v2\/media?parent=20575"}],"wp:term":[{"taxonomy":"product_brand","embeddable":true,"href":"https:\/\/havamall.vn\/en\/wp-json\/wp\/v2\/product_brand?post=20575"},{"taxonomy":"product_cat","embeddable":true,"href":"https:\/\/havamall.vn\/en\/wp-json\/wp\/v2\/product_cat?post=20575"},{"taxonomy":"product_tag","embeddable":true,"href":"https:\/\/havamall.vn\/en\/wp-json\/wp\/v2\/product_tag?post=20575"}],"curies":[{"name":"wp","href":"https:\/\/api.w.org\/{rel}","templated":true}]}}