{"id":20544,"date":"2021-06-22T11:09:23","date_gmt":"2021-06-22T04:09:23","guid":{"rendered":"https:\/\/havamall.vn\/?post_type=product&#038;p=20544"},"modified":"2022-09-14T10:21:42","modified_gmt":"2022-09-14T03:21:42","slug":"tuong-ca-chua-vedan-tomato-sauce-270g","status":"publish","type":"product","link":"https:\/\/havamall.vn\/en\/shop\/tuong-ca-chua-vedan-tomato-sauce-270g\/","title":{"rendered":"T\u01b0\u01a1ng C\u00e0 Chua &#8211; Vedan Tomato Sauce 270g"},"content":{"rendered":"<table>\n<tbody>\n<tr>\n<td><span style=\"font-weight: 400\">Th\u01b0\u01a1ng hi\u1ec7u<\/span><\/td>\n<td><span style=\"font-weight: 400\">Vedan<\/span><\/td>\n<\/tr>\n<tr>\n<td><span style=\"font-weight: 400\">Xu\u1ea5t x\u1ee9<\/span><\/td>\n<td><span style=\"font-weight: 400\">Vi\u1ec7t Nam<\/span><\/td>\n<\/tr>\n<tr>\n<td><span style=\"font-weight: 400\">Th\u00e0nh ph\u1ea7n<\/span><\/td>\n<td><span style=\"font-weight: 400\">C\u00e0 chua c\u00f4 \u0111\u1eb7c, h\u00e0nh t\u00edm, n\u01b0\u1edbc, \u0111\u01b0\u1eddng, mu\u1ed1i i-\u1ed1t,&#8230;<\/span><\/td>\n<\/tr>\n<tr>\n<td><span style=\"font-weight: 400\">H\u1ea1n s\u1eed d\u1ee5ng<\/span><\/td>\n<td><span style=\"font-weight: 400\">12 th\u00e1ng k\u1ec3 t\u1eeb ng\u00e0y s\u1ea3n xu\u1ea5t.<\/span><\/td>\n<\/tr>\n<tr>\n<td><span style=\"font-weight: 400\">B\u1ea3o qu\u1ea3n<\/span><\/td>\n<td><span style=\"font-weight: 400\">\u0110\u1ec3 n\u01a1i kh\u00f4 r\u00e1o, tho\u00e1ng m\u00e1t, tr\u00e1nh \u00e1nh n\u1eafng tr\u1ef1c ti\u1ebfp<\/span><\/td>\n<\/tr>\n<tr>\n<td><span style=\"font-weight: 400\">Kh\u1ed1i l\u01b0\u1ee3ng t\u1ecbnh<\/span><\/td>\n<td><span style=\"font-weight: 400\">270g<\/span><\/td>\n<\/tr>\n<\/tbody>\n<\/table>\n<p><span style=\"font-weight: 400\">T\u01b0\u01a1ng c\u00e0<\/span><span style=\"font-weight: 400\"> l\u00e0 gia v\u1ecb ch\u1eb3ng th\u1ec3 thi\u1ebfu trong c\u00f4ng cu\u1ed9c chinh ph\u1ee5c \u1ea9m th\u1ef1c c\u1ee7a ch\u00fang ta. V\u1edbi t\u01b0\u01a1ng c\u00e0, c\u00e1c m\u00f3n chi\u00ean tr\u1edf n\u00ean ngon mi\u1ec7ng h\u01a1n, nh\u1eefng m\u00f3n m\u00ec \u00fd tr\u1edf n\u00ean \u0111\u1eadm v\u1ecb h\u01a1n. Th\u1ebf n\u00ean t\u01b0\u01a1ng c\u00e0 d\u01b0\u1eddng nh\u01b0 tr\u1edf th\u00e0nh m\u1ed9t gia v\u1ecb lu\u00f4n ph\u1ea3i c\u00f3 trong m\u1ed7i gia \u0111\u00ecnh.\u00a0<\/span><\/p>\n<p><img fetchpriority=\"high\" decoding=\"async\" class=\"wp-image-20548 aligncenter\" src=\"https:\/\/havamall.vn\/wp-content\/uploads\/2021\/06\/dauvan-300x300.png\" alt=\"\" width=\"608\" height=\"608\" srcset=\"https:\/\/havamall.vn\/wp-content\/uploads\/2021\/06\/dauvan-300x300.png 300w, https:\/\/havamall.vn\/wp-content\/uploads\/2021\/06\/dauvan-430x430.png 430w, https:\/\/havamall.vn\/wp-content\/uploads\/2021\/06\/dauvan-150x150.png 150w, https:\/\/havamall.vn\/wp-content\/uploads\/2021\/06\/dauvan-700x700.png 700w, https:\/\/havamall.vn\/wp-content\/uploads\/2021\/06\/dauvan-768x768.png 768w, https:\/\/havamall.vn\/wp-content\/uploads\/2021\/06\/dauvan-600x600.png 600w, https:\/\/havamall.vn\/wp-content\/uploads\/2021\/06\/dauvan-100x100.png 100w, https:\/\/havamall.vn\/wp-content\/uploads\/2021\/06\/dauvan.png 1000w\" sizes=\"(max-width: 608px) 100vw, 608px\" \/><\/p>\n<p><span style=\"font-weight: 400\">T\u01b0\u01a1ng c\u00e0 Vedan l\u00e0 m\u1ed9t lo\u1ea1i gia v\u1ecb kh\u00f4ng th\u1ec3 thi\u1ebfu, c\u00f3 m\u1eb7t trong h\u1ea7u h\u1ebft c\u00e1c m\u00f3n \u0103n chi\u00ean, n\u01b0\u1edbng ho\u1eb7c \u0103n v\u1eb7t. T\u01b0\u01a1ng \u1edbt Vedan c\u00f3 m\u00e0u \u0111\u1ecf th\u1eabm, v\u1ecb ng\u1ecdt v\u00e0 h\u01a1i chua \u0111\u01b0\u1ee3c l\u00e0m t\u1eeb c\u00e0 chua c\u00f4 \u0111\u1eb7c,n\u01b0\u1edbc, \u0111\u01b0\u1eddng, mu\u1ed1i,&#8230;.\u00a0<\/span><\/p>\n<p><span style=\"font-weight: 400\">T\u01b0\u01a1ng c\u00e0 Vedan c\u00f3 v\u1ecb chua chua ng\u1ecdt ng\u1ecdt r\u1ea5t v\u1eeba \u0103n. Ph\u00f9 h\u1ee3p v\u1edbi kh\u1ea9u v\u1ecb c\u1ee7a nhi\u1ec1u gia \u0111\u00ecnh. Khi \u0103n b\u1ea1n c\u00f3 th\u1ec3 c\u1ea3m nh\u1eadn \u0111\u01b0\u1ee3c h\u01b0\u01a1ng v\u1ecb \u0111\u1eadm \u0111\u00e0 c\u1ee7a c\u00e0 chua. Gi\u00fap k\u00edch th\u00edch v\u1ecb gi\u00e1c v\u00e0 l\u00e0m m\u00f3n \u0103n ngon h\u01a1n.<\/span><\/p>\n<p><img decoding=\"async\" class=\"wp-image-20545 aligncenter\" src=\"https:\/\/havamall.vn\/wp-content\/uploads\/2021\/06\/red-tomat-300x204.jpg\" alt=\"\" width=\"613\" height=\"417\" srcset=\"https:\/\/havamall.vn\/wp-content\/uploads\/2021\/06\/red-tomat-300x204.jpg 300w, https:\/\/havamall.vn\/wp-content\/uploads\/2021\/06\/red-tomat-430x293.jpg 430w, https:\/\/havamall.vn\/wp-content\/uploads\/2021\/06\/red-tomat-150x102.jpg 150w, https:\/\/havamall.vn\/wp-content\/uploads\/2021\/06\/red-tomat-700x476.jpg 700w, https:\/\/havamall.vn\/wp-content\/uploads\/2021\/06\/red-tomat-768x523.jpg 768w, https:\/\/havamall.vn\/wp-content\/uploads\/2021\/06\/red-tomat-1024x697.jpg 1024w, https:\/\/havamall.vn\/wp-content\/uploads\/2021\/06\/red-tomat-1200x817.jpg 1200w, https:\/\/havamall.vn\/wp-content\/uploads\/2021\/06\/red-tomat-600x408.jpg 600w, https:\/\/havamall.vn\/wp-content\/uploads\/2021\/06\/red-tomat.jpg 1600w\" sizes=\"(max-width: 613px) 100vw, 613px\" \/><\/p>\n<p><span style=\"font-weight: 400\">S\u1ea3n ph\u1ea9m mang h\u01b0\u01a1ng th\u01a1m n\u1ed3ng c\u1ee7a h\u00e0nh k\u1ebft h\u1ee3p c\u00f9ng m\u00e0u \u0111\u1ecf t\u01b0\u01a1i c\u1ee7a c\u00e0 chua, v\u1ecb chua ng\u1ecdt h\u00f2a quy\u1ec7n v\u00e0o nhau, l\u00e0m cho m\u00f3n \u0103n c\u1ee7a b\u1ea1n th\u00eam ngon v\u00e0 h\u1ea5p d\u1eabn h\u01a1n. V\u1edbi h\u01b0\u01a1ng v\u1ecb \u0111\u1eadm \u0111\u00e0 c\u1ee7a t\u01b0\u01a1ng c\u00e0, c\u00e1c m\u00f3n chi\u00ean, n\u01b0\u1edbng hay quay s\u1ebd tr\u1edf n\u00ean ngon h\u01a1n, mang \u0111\u1ebfn cho gia \u0111\u00ecnh b\u1ea1n b\u1eefa \u0103n ngon mi\u1ec7ng.<\/span><\/p>\n<p><img decoding=\"async\" class=\"wp-image-20546 aligncenter\" src=\"https:\/\/havamall.vn\/wp-content\/uploads\/2021\/06\/HEtSrS6Sg2BzR4KSBVdB_sim-200x300.jpg\" alt=\"\" width=\"613\" height=\"920\" srcset=\"https:\/\/havamall.vn\/wp-content\/uploads\/2021\/06\/HEtSrS6Sg2BzR4KSBVdB_sim-200x300.jpg 200w, https:\/\/havamall.vn\/wp-content\/uploads\/2021\/06\/HEtSrS6Sg2BzR4KSBVdB_sim-430x645.jpg 430w, https:\/\/havamall.vn\/wp-content\/uploads\/2021\/06\/HEtSrS6Sg2BzR4KSBVdB_sim-150x225.jpg 150w, https:\/\/havamall.vn\/wp-content\/uploads\/2021\/06\/HEtSrS6Sg2BzR4KSBVdB_sim.jpg 683w, https:\/\/havamall.vn\/wp-content\/uploads\/2021\/06\/HEtSrS6Sg2BzR4KSBVdB_sim-600x900.jpg 600w\" sizes=\"(max-width: 613px) 100vw, 613px\" \/><\/p>\n<p><span style=\"font-weight: 400\">B\u1ea1n ch\u1ec9 c\u1ea7n m\u1edf n\u1eafp v\u00e0 d\u00f9ng tr\u1ef1c ti\u1ebfp t\u01b0\u01a1ng c\u00e0 Vedan v\u1edbi c\u00e1c m\u00f3n \u0103n \u0111\u00e3 qua ch\u1ebf bi\u1ebfn. Sau khi s\u1eed d\u1ee5ng l\u1ea7n \u0111\u1ea7u, b\u1ea1n h\u00e3y \u0111\u1eady k\u00edn n\u1eafp, b\u1ea3o qu\u1ea3n s\u1ea3n ph\u1ea9m \u1edf n\u01a1i kh\u00f4 r\u00e1o, tho\u00e1ng m\u00e1t v\u00e0 tr\u00e1nh \u00e1nh n\u1eafng m\u1eb7t tr\u1eddi, th\u1eddi gian s\u1eed d\u1ee5ng c\u1ee7a s\u1ea3n ph\u1ea9m s\u1ebd \u0111\u01b0\u1ee3c k\u00e9o d\u00e0i.<\/span><\/p>\n<p><img loading=\"lazy\" decoding=\"async\" class=\"wp-image-20549 aligncenter\" src=\"https:\/\/havamall.vn\/wp-content\/uploads\/2021\/06\/13509089_5-300x300.png\" alt=\"\" width=\"617\" height=\"616\" srcset=\"https:\/\/havamall.vn\/wp-content\/uploads\/2021\/06\/13509089_5-300x300.png 300w, https:\/\/havamall.vn\/wp-content\/uploads\/2021\/06\/13509089_5-430x430.png 430w, https:\/\/havamall.vn\/wp-content\/uploads\/2021\/06\/13509089_5-150x150.png 150w, https:\/\/havamall.vn\/wp-content\/uploads\/2021\/06\/13509089_5-700x700.png 700w, https:\/\/havamall.vn\/wp-content\/uploads\/2021\/06\/13509089_5-768x768.png 768w, https:\/\/havamall.vn\/wp-content\/uploads\/2021\/06\/13509089_5-600x600.png 600w, https:\/\/havamall.vn\/wp-content\/uploads\/2021\/06\/13509089_5-100x100.png 100w, https:\/\/havamall.vn\/wp-content\/uploads\/2021\/06\/13509089_5.png 900w\" sizes=\"(max-width: 617px) 100vw, 617px\" \/><\/p>\n<p><span style=\"font-weight: 400\">Vedan ch\u00fa tr\u1ecdng \u0111\u1ebfn ch\u1ea5t l\u01b0\u1ee3ng s\u1ea3n ph\u1ea9m n\u00ean l\u1ef1a ch\u1ecdn ngu\u1ed3n nguy\u00ean li\u1ec7u ho\u00e0n to\u00e0n t\u1eeb thi\u00ean nhi\u00ean nh\u01b0 c\u00e0 chua t\u01b0\u01a1i,b\u1ed9t h\u00e0nh, h\u00e0nh t\u00edm, t\u1ecfi&#8230; C\u00e1c nguy\u00ean li\u1ec7u n\u00e0y kh\u00f4ng nh\u1eefng l\u00e0m n\u00ean h\u01b0\u01a1ng v\u1ecb \u0111\u1eadm \u0111\u00e0, m\u00e0 c\u00f2n ho\u00e0n to\u00e0n kh\u00f4ng g\u00e2y h\u1ea1i cho s\u1ee9c kh\u1ecfe ng\u01b0\u1eddi d\u00f9ng, \u0111\u1ea3m b\u1ea3o an to\u00e0n v\u1ec7 sinh th\u1ef1c ph\u1ea9m.<\/span><\/p>\n<p><img loading=\"lazy\" decoding=\"async\" class=\"wp-image-22681 aligncenter\" src=\"https:\/\/havamall.vn\/wp-content\/uploads\/2021\/06\/t\u01b0\u01a1ng-c\u00e0-300x300.png\" alt=\"\" width=\"621\" height=\"621\" srcset=\"https:\/\/havamall.vn\/wp-content\/uploads\/2021\/06\/t\u01b0\u01a1ng-c\u00e0-300x300.png 300w, https:\/\/havamall.vn\/wp-content\/uploads\/2021\/06\/t\u01b0\u01a1ng-c\u00e0-430x430.png 430w, https:\/\/havamall.vn\/wp-content\/uploads\/2021\/06\/t\u01b0\u01a1ng-c\u00e0-150x150.png 150w, https:\/\/havamall.vn\/wp-content\/uploads\/2021\/06\/t\u01b0\u01a1ng-c\u00e0-700x700.png 700w, https:\/\/havamall.vn\/wp-content\/uploads\/2021\/06\/t\u01b0\u01a1ng-c\u00e0-768x768.png 768w, https:\/\/havamall.vn\/wp-content\/uploads\/2021\/06\/t\u01b0\u01a1ng-c\u00e0-1024x1024.png 1024w, https:\/\/havamall.vn\/wp-content\/uploads\/2021\/06\/t\u01b0\u01a1ng-c\u00e0-600x600.png 600w, https:\/\/havamall.vn\/wp-content\/uploads\/2021\/06\/t\u01b0\u01a1ng-c\u00e0-100x100.png 100w, https:\/\/havamall.vn\/wp-content\/uploads\/2021\/06\/t\u01b0\u01a1ng-c\u00e0.png 1100w\" sizes=\"(max-width: 621px) 100vw, 621px\" \/><\/p>\n<h4><strong>Nh\u1eefng c\u00f4ng d\u1ee5ng tuy\u1ec7t v\u1eddi c\u1ee7a t\u01b0\u01a1ng c\u00e0 c\u00f3 th\u1ec3 b\u1ea1n ch\u01b0a bi\u1ebft:<\/strong><\/h4>\n<p><b>&#8211; <\/b><span style=\"font-weight: 400\">N\u1ebfu \u0111\u1ed3 d\u00f9ng b\u1eb1ng \u0111\u1ed3ng nh\u00e0 b\u1ea1n b\u1ecb hoen g\u1ec9, h\u00e3y ph\u1ebft l\u00ean m\u1ed9t l\u1edbp t\u01b0\u01a1ng c\u00e0 chua v\u00e0 lau ch\u00f9i s\u1ea1ch s\u1ebd<\/span><\/p>\n<p><span style=\"font-weight: 400\">&#8211; Kh\u00f4ng c\u00f3 g\u00ec \u0111\u00e1ng ng\u1ea1c nhi\u00ean khi t\u01b0\u01a1ng c\u00e0 chua l\u00e0 n\u01b0\u1edbc s\u1ed1t tuy\u1ec7t v\u1eddi cho h\u1ea7u h\u1ebft c\u00e1c m\u00f3n \u0103n, t\u1eeb m\u00f3n ph\u01b0\u01a1ng \u0110\u00f4ng \u0111\u1ebfn c\u00e1c m\u00f3n ph\u01b0\u01a1ng T\u00e2y, t\u1eeb m\u00f3n chay \u0111\u1ebfn m\u00f3n m\u1eb7n, th\u1eadm ch\u00ed l\u00e0 b\u00e1nh ng\u1ecdt, salad\u2026 b\u1edfi v\u00ec qu\u1ea3 c\u00e0 chua l\u00e0 lo\u1ea1i tr\u00e1i c\u00e2y\/rau c\u1ee7 ph\u1ed5 bi\u1ebfn, d\u1ec5 \u0103n, d\u1ec5 ch\u1ebf bi\u1ebfn.<\/span><\/p>\n<p><span style=\"font-weight: 400\">&#8211; Khi b\u1ea1n l\u1ee1 tay n\u00eam m\u1ed9t m\u00f3n \u0103n qu\u00e1 m\u1eb7n, h\u00e3y cho v\u00e0o m\u00f3n \u0103n \u0111\u00f3 m\u1ed9t \u00edt t\u01b0\u01a1ng c\u00e0 chua. V\u1ecb umami s\u1ebd l\u1eadp t\u1ee9c \u0111i\u1ec1u ti\u1ebft v\u1ecb m\u1eb7n, l\u00e0m cho m\u00f3n \u0103n nh\u1ea1t h\u01a1n, d\u1ec5 \u0103n h\u01a1n.<\/span><\/p>\n<p><span style=\"font-weight: 400\">&#8211; C\u00e0 chua ch\u1ee9a ch\u1ea5t lycopen \u2013 ch\u1ea5t t\u1ea1o m\u00e0u \u0111\u1ecf \u0111\u1eb9p m\u1eaft cho c\u00e0 chua \u2013 \u0111\u01b0\u1ee3c xem l\u00e0 c\u00f3 kh\u1ea3 n\u0103ng ng\u0103n ng\u1eeba m\u1ed9t s\u1ed1 lo\u1ea1i ung th\u01b0 nh\u1edd kh\u1ea3 n\u0103ng ch\u1ed1ng oxy h\u00f3a v\u00e0 \u1ee9c ch\u1ebf c\u00e1c t\u1ebf b\u00e0o vi\u00eam v\u00e0 vi khu\u1ea9n g\u00e2y vi\u00eam m\u1ed9t c\u00e1ch hi\u1ec7u qu\u1ea3. Ngo\u00e0i ra, t\u01b0\u01a1ng c\u00e0 c\u0169ng g\u00f3p ph\u1ea7n b\u1ea3o v\u1ec7 tim m\u1ea1ch t\u1ed1t h\u01a1n nh\u1edd ngu\u1ed3n vitamin v\u00e0 lycopen d\u1ed3i d\u00e0o.<\/span><\/p>\n<p><img loading=\"lazy\" decoding=\"async\" class=\"wp-image-20551 aligncenter\" src=\"https:\/\/havamall.vn\/wp-content\/uploads\/2021\/06\/cach-lam-tu-300x145.jpg\" alt=\"\" width=\"648\" height=\"313\" srcset=\"https:\/\/havamall.vn\/wp-content\/uploads\/2021\/06\/cach-lam-tu-300x145.jpg 300w, https:\/\/havamall.vn\/wp-content\/uploads\/2021\/06\/cach-lam-tu-430x208.jpg 430w, https:\/\/havamall.vn\/wp-content\/uploads\/2021\/06\/cach-lam-tu-150x72.jpg 150w, https:\/\/havamall.vn\/wp-content\/uploads\/2021\/06\/cach-lam-tu-700x338.jpg 700w, https:\/\/havamall.vn\/wp-content\/uploads\/2021\/06\/cach-lam-tu-600x290.jpg 600w, https:\/\/havamall.vn\/wp-content\/uploads\/2021\/06\/cach-lam-tu.jpg 760w\" sizes=\"(max-width: 648px) 100vw, 648px\" \/><\/p>\n<h4><strong>H\u01b0\u1edbng d\u1eabn s\u1eed d\u1ee5ng:<\/strong><\/h4>\n<p><span style=\"font-weight: 400\">&#8211; \u0102n c\u00f9ng b\u00fan, ph\u1edf, c\u00e1c m\u00f3n mi\u1ebfn x\u00e0o, mi\u1ebfn n\u01b0\u1edbc.<\/span><\/p>\n<p><span style=\"font-weight: 400\">&#8211; T\u01b0\u01a1ng c\u00e0 d\u00f9ng \u0111\u1ec3 n\u1ea5u ho\u1eb7c ch\u1ea5m v\u1edbi m\u00ec spaghetti, m\u00ec x\u00e0o, nui x\u00e0o, hamburger, pizza, b\u00f2 kho, raguo<\/span><\/p>\n<p><span style=\"font-weight: 400\">&#8211; D\u00f9ng \u0111\u1ec3 ch\u1ea5m c\u00e1c s\u1ea3n ph\u1ea9m chi\u00ean nh\u01b0 khoai t\u00e2y chi\u00ean, g\u00e0 r\u00e1n, c\u00e1 chi\u00ean, x\u00fac x\u00edch n\u01b0\u1edbng\u2026 cho m\u00f3n \u0103n th\u00eam h\u01b0\u01a1ng v\u1ecb \u0111\u1eadm \u0111\u00e0, th\u01a1m ngon.<\/span><\/p>\n<p><span style=\"font-weight: 400\">&#8211; D\u00f9ng ch\u1ea5m m\u1ef1c n\u01b0\u1edbng, th\u1ecbt n\u01b0\u1edbng.<\/span><\/p>\n<p><span style=\"font-weight: 400\">&#8211; Gia t\u0103ng \u0111\u1ed9 ngon c\u1ee7a c\u00e1c m\u00f3n \u0103n h\u00e0ng ng\u00e0y.<\/span><\/p>\n<p>S\u1ea3n ph\u1ea9m hi\u1ec7n \u0111ac c\u00f3 m\u1eb7t t\u1ea1i Havamall.<\/p>","protected":false},"excerpt":{"rendered":"<p>Th\u01b0\u01a1ng hi\u1ec7u Vedan Xu\u1ea5t x\u1ee9 Vi\u1ec7t Nam Th\u00e0nh ph\u1ea7n C\u00e0 chua c\u00f4 \u0111\u1eb7c, h\u00e0nh t\u00edm, n\u01b0\u1edbc, \u0111\u01b0\u1eddng, mu\u1ed1i i-\u1ed1t,&#8230; H\u1ea1n<\/p>","protected":false},"featured_media":20552,"comment_status":"open","ping_status":"closed","template":"","meta":[],"product_brand":[],"product_cat":[36,143],"product_tag":[],"class_list":{"0":"post-20544","1":"product","2":"type-product","3":"status-publish","4":"has-post-thumbnail","6":"product_cat-thuc-pham-tieu-dung","7":"product_cat-thuc-pham-dong-hop","9":"first","10":"outofstock","11":"sale","12":"shipping-taxable","13":"purchasable","14":"product-type-simple"},"_links":{"self":[{"href":"https:\/\/havamall.vn\/en\/wp-json\/wp\/v2\/product\/20544"}],"collection":[{"href":"https:\/\/havamall.vn\/en\/wp-json\/wp\/v2\/product"}],"about":[{"href":"https:\/\/havamall.vn\/en\/wp-json\/wp\/v2\/types\/product"}],"replies":[{"embeddable":true,"href":"https:\/\/havamall.vn\/en\/wp-json\/wp\/v2\/comments?post=20544"}],"version-history":[{"count":0,"href":"https:\/\/havamall.vn\/en\/wp-json\/wp\/v2\/product\/20544\/revisions"}],"wp:featuredmedia":[{"embeddable":true,"href":"https:\/\/havamall.vn\/en\/wp-json\/wp\/v2\/media\/20552"}],"wp:attachment":[{"href":"https:\/\/havamall.vn\/en\/wp-json\/wp\/v2\/media?parent=20544"}],"wp:term":[{"taxonomy":"product_brand","embeddable":true,"href":"https:\/\/havamall.vn\/en\/wp-json\/wp\/v2\/product_brand?post=20544"},{"taxonomy":"product_cat","embeddable":true,"href":"https:\/\/havamall.vn\/en\/wp-json\/wp\/v2\/product_cat?post=20544"},{"taxonomy":"product_tag","embeddable":true,"href":"https:\/\/havamall.vn\/en\/wp-json\/wp\/v2\/product_tag?post=20544"}],"curies":[{"name":"wp","href":"https:\/\/api.w.org\/{rel}","templated":true}]}}