{"id":20536,"date":"2021-06-22T10:07:22","date_gmt":"2021-06-22T03:07:22","guid":{"rendered":"https:\/\/havamall.vn\/?post_type=product&#038;p=20536"},"modified":"2022-09-14T10:21:11","modified_gmt":"2022-09-14T03:21:11","slug":"tuong-ot-vedan-chili-sauce-270g","status":"publish","type":"product","link":"https:\/\/havamall.vn\/en\/shop\/tuong-ot-vedan-chili-sauce-270g\/","title":{"rendered":"T\u01b0\u01a1ng \u1edat &#8211; Vedan Chili Sauce 270g"},"content":{"rendered":"<table>\n<tbody>\n<tr>\n<td><span style=\"font-weight: 400\">Th\u01b0\u01a1ng hi\u1ec7u<\/span><\/td>\n<td><span style=\"font-weight: 400\">Vedan<\/span><\/td>\n<\/tr>\n<tr>\n<td><span style=\"font-weight: 400\">Xu\u1ea5t x\u1ee9<\/span><\/td>\n<td><span style=\"font-weight: 400\">Vi\u1ec7t Nam<\/span><\/td>\n<\/tr>\n<tr>\n<td><span style=\"font-weight: 400\">Th\u00e0nh ph\u1ea7n<\/span><\/td>\n<td><span style=\"font-weight: 400\">\u1edat, n\u01b0\u1edbc, \u0111\u01b0\u1eddng, mu\u1ed1i i-\u1ed1t,&#8230;<\/span><\/td>\n<\/tr>\n<tr>\n<td><span style=\"font-weight: 400\">H\u1ea1n s\u1eed d\u1ee5ng<\/span><\/td>\n<td><span style=\"font-weight: 400\">12 th\u00e1ng k\u1ec3 t\u1eeb ng\u00e0y s\u1ea3n xu\u1ea5t.<\/span><\/td>\n<\/tr>\n<tr>\n<td><span style=\"font-weight: 400\">B\u1ea3o qu\u1ea3n<\/span><\/td>\n<td><span style=\"font-weight: 400\">\u0110\u1ec3 n\u01a1i kh\u00f4 r\u00e1o, tho\u00e1ng m\u00e1t, tr\u00e1nh \u00e1nh n\u1eafng tr\u1ef1c ti\u1ebfp<\/span><\/td>\n<\/tr>\n<tr>\n<td><span style=\"font-weight: 400\">Kh\u1ed1i l\u01b0\u1ee3ng t\u1ecbnh<\/span><\/td>\n<td><span style=\"font-weight: 400\">270g<\/span><\/td>\n<\/tr>\n<\/tbody>\n<\/table>\n<p><span style=\"font-weight: 400\">T\u1eeb l\u00e2u, t\u01b0\u01a1ng \u1edbt tr\u1edf th\u00e0nh m\u1ed9t lo\u1ea1i n\u01b0\u1edbc ch\u1ea5m c\u00f3 m\u1eb7t h\u1ea7u h\u1ebft trong m\u1ecdi gia \u0111\u00ecnh, h\u00e0ng qu\u00e1n. T\u01b0\u01a1ng \u1edbt \u0111\u01b0\u1ee3c d\u00f9ng \u0111\u1ec3 ch\u1ea5m v\u1edbi r\u1ea5t nhi\u1ec1u m\u00f3n \u0103n nh\u01b0 g\u00e0 r\u00e1n, ph\u1edf, b\u00fan, c\u01a1m chi\u00ean&#8230; Nh\u1eefng m\u00f3n \u0103n \u0111\u01b0\u1ee3c k\u1ebft h\u1ee3p v\u1edbi t\u01b0\u01a1ng \u1edbt th\u01a1m ngon h\u01a1n r\u1ea5t nhi\u1ec1u, v\u1ecb c\u0169ng \u0111\u1eb7c s\u1eafc, k\u00edch th\u00edch v\u1ecb gi\u00e1c h\u01a1n.<\/span><\/p>\n<p><img fetchpriority=\"high\" decoding=\"async\" class=\"wp-image-20537 aligncenter\" src=\"https:\/\/havamall.vn\/wp-content\/uploads\/2021\/06\/dauvan-9-300x300.png\" alt=\"\" width=\"706\" height=\"706\" srcset=\"https:\/\/havamall.vn\/wp-content\/uploads\/2021\/06\/dauvan-9-300x300.png 300w, https:\/\/havamall.vn\/wp-content\/uploads\/2021\/06\/dauvan-9-430x430.png 430w, https:\/\/havamall.vn\/wp-content\/uploads\/2021\/06\/dauvan-9-150x150.png 150w, https:\/\/havamall.vn\/wp-content\/uploads\/2021\/06\/dauvan-9-700x700.png 700w, https:\/\/havamall.vn\/wp-content\/uploads\/2021\/06\/dauvan-9-768x768.png 768w, https:\/\/havamall.vn\/wp-content\/uploads\/2021\/06\/dauvan-9-600x600.png 600w, https:\/\/havamall.vn\/wp-content\/uploads\/2021\/06\/dauvan-9-100x100.png 100w, https:\/\/havamall.vn\/wp-content\/uploads\/2021\/06\/dauvan-9.png 1000w\" sizes=\"(max-width: 706px) 100vw, 706px\" \/><\/p>\n<p><span style=\"font-weight: 400\">T\u01b0\u01a1ng \u1edbt Vedan l\u00e0 m\u1ed9t lo\u1ea1i gia v\u1ecb kh\u00f4ng th\u1ec3 thi\u1ebfu, c\u00f3 m\u1eb7t trong h\u1ea7u h\u1ebft c\u00e1c m\u00f3n \u0103n chi\u00ean, n\u01b0\u1edbng ho\u1eb7c \u0103n v\u1eb7t. T\u01b0\u01a1ng \u1edbt Vedan c\u00f3 m\u00e0u \u0111\u1ecf th\u1eabm, v\u1ecb ng\u1ecdt v\u00e0 h\u01a1i cay \u0111\u01b0\u1ee3c l\u00e0m t\u1eeb \u1edbt \u0111\u1ecf,n\u01b0\u1edbc, \u0111\u01b0\u1eddng, mu\u1ed1i,&#8230;.\u00a0<\/span><\/p>\n<p><span style=\"font-weight: 400\">S\u1ea3n ph\u1ea9m mang h\u01b0\u01a1ng th\u01a1m n\u1ed3ng k\u1ebft h\u1ee3p c\u00f9ng m\u00e0u \u0111\u1ecf t\u01b0\u01a1i c\u1ee7a \u1edbt hi\u1ec3m, v\u1ecb chua cay h\u00f2a quy\u1ec7n v\u00e0o nhau, l\u00e0m cho m\u00f3n \u0103n c\u1ee7a b\u1ea1n th\u00eam ngon v\u00e0 h\u1ea5p d\u1eabn h\u01a1n. V\u1edbi h\u01b0\u01a1ng v\u1ecb \u0111\u1eadm \u0111\u00e0 c\u1ee7a t\u01b0\u01a1ng \u1edbt, c\u00e1c m\u00f3n chi\u00ean, n\u01b0\u1edbng hay quay s\u1ebd tr\u1edf n\u00ean ngon h\u01a1n, mang \u0111\u1ebfn cho gia \u0111\u00ecnh b\u1ea1n b\u1eefa \u0103n ngon mi\u1ec7ng.<\/span><\/p>\n<p><img decoding=\"async\" class=\"wp-image-20538 aligncenter\" src=\"https:\/\/havamall.vn\/wp-content\/uploads\/2021\/06\/75081230_2177856755-300x300.jpg\" alt=\"\" width=\"701\" height=\"701\" srcset=\"https:\/\/havamall.vn\/wp-content\/uploads\/2021\/06\/75081230_2177856755-300x300.jpg 300w, https:\/\/havamall.vn\/wp-content\/uploads\/2021\/06\/75081230_2177856755-430x430.jpg 430w, https:\/\/havamall.vn\/wp-content\/uploads\/2021\/06\/75081230_2177856755-150x150.jpg 150w, https:\/\/havamall.vn\/wp-content\/uploads\/2021\/06\/75081230_2177856755-700x700.jpg 700w, https:\/\/havamall.vn\/wp-content\/uploads\/2021\/06\/75081230_2177856755-768x768.jpg 768w, https:\/\/havamall.vn\/wp-content\/uploads\/2021\/06\/75081230_2177856755-1024x1024.jpg 1024w, https:\/\/havamall.vn\/wp-content\/uploads\/2021\/06\/75081230_2177856755-600x600.jpg 600w, https:\/\/havamall.vn\/wp-content\/uploads\/2021\/06\/75081230_2177856755-100x100.jpg 100w, https:\/\/havamall.vn\/wp-content\/uploads\/2021\/06\/75081230_2177856755.jpg 1100w\" sizes=\"(max-width: 701px) 100vw, 701px\" \/><\/p>\n<p><span style=\"font-weight: 400\">B\u1ea1n ch\u1ec9 c\u1ea7n m\u1edf n\u1eafp v\u00e0 d\u00f9ng tr\u1ef1c ti\u1ebfp t\u01b0\u01a1ng\u00a0<\/span><span style=\"font-weight: 400\">\u1edbt Vedan v\u1edbi c\u00e1c m\u00f3n \u0103n \u0111\u00e3 qua ch\u1ebf bi\u1ebfn. Sau khi s\u1eed d\u1ee5ng l\u1ea7n \u0111\u1ea7u, b\u1ea1n h\u00e3y \u0111\u1eady k\u00edn n\u1eafp, b\u1ea3o qu\u1ea3n s\u1ea3n ph\u1ea9m \u1edf n\u01a1i kh\u00f4 r\u00e1o, tho\u00e1ng m\u00e1t v\u00e0 tr\u00e1nh \u00e1nh n\u1eafng m\u1eb7t tr\u1eddi, th\u1eddi gian s\u1eed d\u1ee5ng c\u1ee7a s\u1ea3n ph\u1ea9m s\u1ebd \u0111\u01b0\u1ee3c k\u00e9o d\u00e0i.<\/span><\/p>\n<p><img decoding=\"async\" class=\"wp-image-20539 aligncenter\" src=\"https:\/\/havamall.vn\/wp-content\/uploads\/2021\/06\/202040401_2618139095147302_5589627169321976246_n-300x300.png\" alt=\"\" width=\"693\" height=\"692\" srcset=\"https:\/\/havamall.vn\/wp-content\/uploads\/2021\/06\/202040401_2618139095147302_5589627169321976246_n-300x300.png 300w, https:\/\/havamall.vn\/wp-content\/uploads\/2021\/06\/202040401_2618139095147302_5589627169321976246_n-430x430.png 430w, https:\/\/havamall.vn\/wp-content\/uploads\/2021\/06\/202040401_2618139095147302_5589627169321976246_n-150x150.png 150w, https:\/\/havamall.vn\/wp-content\/uploads\/2021\/06\/202040401_2618139095147302_5589627169321976246_n-700x700.png 700w, https:\/\/havamall.vn\/wp-content\/uploads\/2021\/06\/202040401_2618139095147302_5589627169321976246_n-768x768.png 768w, https:\/\/havamall.vn\/wp-content\/uploads\/2021\/06\/202040401_2618139095147302_5589627169321976246_n-1024x1024.png 1024w, https:\/\/havamall.vn\/wp-content\/uploads\/2021\/06\/202040401_2618139095147302_5589627169321976246_n.png 1200w, https:\/\/havamall.vn\/wp-content\/uploads\/2021\/06\/202040401_2618139095147302_5589627169321976246_n-600x600.png 600w, https:\/\/havamall.vn\/wp-content\/uploads\/2021\/06\/202040401_2618139095147302_5589627169321976246_n-100x100.png 100w\" sizes=\"(max-width: 693px) 100vw, 693px\" \/><\/p>\n<p><span style=\"font-weight: 400\">Vedan ch\u00fa tr\u1ecdng \u0111\u1ebfn ch\u1ea5t l\u01b0\u1ee3ng s\u1ea3n ph\u1ea9m n\u00ean l\u1ef1a ch\u1ecdn ngu\u1ed3n nguy\u00ean li\u1ec7u ho\u00e0n to\u00e0n t\u1eeb thi\u00ean nhi\u00ean nh\u01b0 \u1edbt \u0111\u1ecf t\u01b0\u01a1i, tinh b\u1ed9t ng\u00f4, h\u00e0nh, t\u1ecfi&#8230; C\u00e1c nguy\u00ean li\u1ec7u n\u00e0y kh\u00f4ng nh\u1eefng l\u00e0m n\u00ean h\u01b0\u01a1ng v\u1ecb \u0111\u1eadm \u0111\u00e0, m\u00e0 c\u00f2n ho\u00e0n to\u00e0n kh\u00f4ng g\u00e2y h\u1ea1i cho s\u1ee9c kh\u1ecfe ng\u01b0\u1eddi d\u00f9ng, \u0111\u1ea3m b\u1ea3o an to\u00e0n v\u1ec7 sinh th\u1ef1c ph\u1ea9m.<\/span><\/p>\n<p><img loading=\"lazy\" decoding=\"async\" class=\"wp-image-20540 aligncenter\" src=\"https:\/\/havamall.vn\/wp-content\/uploads\/2021\/06\/187866941_2606455792982299_3362922280990432627_n-300x300.png\" alt=\"\" width=\"688\" height=\"689\" srcset=\"https:\/\/havamall.vn\/wp-content\/uploads\/2021\/06\/187866941_2606455792982299_3362922280990432627_n-300x300.png 300w, https:\/\/havamall.vn\/wp-content\/uploads\/2021\/06\/187866941_2606455792982299_3362922280990432627_n-430x430.png 430w, https:\/\/havamall.vn\/wp-content\/uploads\/2021\/06\/187866941_2606455792982299_3362922280990432627_n-150x150.png 150w, https:\/\/havamall.vn\/wp-content\/uploads\/2021\/06\/187866941_2606455792982299_3362922280990432627_n-700x700.png 700w, https:\/\/havamall.vn\/wp-content\/uploads\/2021\/06\/187866941_2606455792982299_3362922280990432627_n-768x768.png 768w, https:\/\/havamall.vn\/wp-content\/uploads\/2021\/06\/187866941_2606455792982299_3362922280990432627_n-600x600.png 600w, https:\/\/havamall.vn\/wp-content\/uploads\/2021\/06\/187866941_2606455792982299_3362922280990432627_n-100x100.png 100w, https:\/\/havamall.vn\/wp-content\/uploads\/2021\/06\/187866941_2606455792982299_3362922280990432627_n.png 1000w\" sizes=\"(max-width: 688px) 100vw, 688px\" \/><\/p>\n<h4><strong>C\u00f4ng d\u1ee5ng c\u1ee7a t\u01b0\u01a1ng \u1edbt:<\/strong><\/h4>\n<p><span style=\"font-weight: 400\">&#8211; T\u01b0\u01a1ng \u1edbt h\u1ed7 tr\u1ee3 gi\u1ea3m thi\u1ec3u v\u00e0 ng\u0103n ch\u1eb7n s\u1ef1 h\u00ecnh th\u00e0nh c\u00e1c kh\u1ed1i m\u1ee1 th\u1eeba trong m\u1ea1ch m\u00e1u (nguy\u00ean nh\u00e2n g\u00e2y ra b\u1ec7nh nh\u1ed3i m\u00e1u c\u01a1 tim, \u0111\u1ed9t qu\u1ef5 v\u00e0 tai bi\u1ebfn), \u0111\u1ea3m b\u1ea3o s\u1ef1 th\u00f4ng tho\u00e1ng l\u01b0u th\u00f4ng m\u00e1u trong c\u01a1 th\u1ec3.<\/span><\/p>\n<p><span style=\"font-weight: 400\">&#8211; Ngo\u00e0i ra, t\u01b0\u01a1ng \u1edbt gi\u00fap t\u0103ng c\u01b0\u1eddng vitamin A v\u00e0 C, ch\u1ed1ng l\u00e3o h\u00f3a, ch\u1ed1ng oxy h\u00f3a, t\u0103ng c\u01b0\u1eddng s\u1ee9c \u0111\u1ec1 kh\u00e1ng.<\/span><\/p>\n<p><img loading=\"lazy\" decoding=\"async\" class=\"wp-image-22682 aligncenter\" src=\"https:\/\/havamall.vn\/wp-content\/uploads\/2021\/06\/t\u01b0\u01a1ng-\u1edbt-300x300.png\" alt=\"\" width=\"705\" height=\"705\" srcset=\"https:\/\/havamall.vn\/wp-content\/uploads\/2021\/06\/t\u01b0\u01a1ng-\u1edbt-300x300.png 300w, https:\/\/havamall.vn\/wp-content\/uploads\/2021\/06\/t\u01b0\u01a1ng-\u1edbt-430x430.png 430w, https:\/\/havamall.vn\/wp-content\/uploads\/2021\/06\/t\u01b0\u01a1ng-\u1edbt-150x150.png 150w, https:\/\/havamall.vn\/wp-content\/uploads\/2021\/06\/t\u01b0\u01a1ng-\u1edbt-700x700.png 700w, https:\/\/havamall.vn\/wp-content\/uploads\/2021\/06\/t\u01b0\u01a1ng-\u1edbt-768x768.png 768w, https:\/\/havamall.vn\/wp-content\/uploads\/2021\/06\/t\u01b0\u01a1ng-\u1edbt-600x600.png 600w, https:\/\/havamall.vn\/wp-content\/uploads\/2021\/06\/t\u01b0\u01a1ng-\u1edbt-100x100.png 100w, https:\/\/havamall.vn\/wp-content\/uploads\/2021\/06\/t\u01b0\u01a1ng-\u1edbt.png 1000w\" sizes=\"(max-width: 705px) 100vw, 705px\" \/><\/p>\n<h4><strong>H\u01b0\u1edbng d\u1eabn s\u1eed d\u1ee5ng:<\/strong><\/h4>\n<p><span style=\"font-weight: 400\">&#8211; \u0102n c\u00f9ng b\u00fan, ph\u1edf, c\u00e1c m\u00f3n mi\u1ebfn x\u00e0o, mi\u1ebfn n\u01b0\u1edbc.<\/span><\/p>\n<p><span style=\"font-weight: 400\">&#8211; D\u00f9ng ch\u1ea5m m\u1ef1c n\u01b0\u1edbng, th\u1ecbt n\u01b0\u1edbng.<\/span><\/p>\n<p><span style=\"font-weight: 400\">&#8211; Gia t\u0103ng \u0111\u1ed9 ngon c\u1ee7a c\u00e1c m\u00f3n \u0103n h\u00e0ng ng\u00e0y.<\/span><\/p>\n<p>S\u1ea3n ph\u1ea9m hi\u1ec7n \u0111\u00e3 c\u00f3 m\u1eb7t t\u1ea1i Havamall.<\/p>","protected":false},"excerpt":{"rendered":"<p>Th\u01b0\u01a1ng hi\u1ec7u Vedan Xu\u1ea5t x\u1ee9 Vi\u1ec7t Nam Th\u00e0nh ph\u1ea7n \u1edat, n\u01b0\u1edbc, \u0111\u01b0\u1eddng, mu\u1ed1i i-\u1ed1t,&#8230; H\u1ea1n s\u1eed d\u1ee5ng 12 th\u00e1ng k\u1ec3<\/p>","protected":false},"featured_media":20543,"comment_status":"open","ping_status":"closed","template":"","meta":[],"product_brand":[],"product_cat":[36,143],"product_tag":[],"class_list":{"0":"post-20536","1":"product","2":"type-product","3":"status-publish","4":"has-post-thumbnail","6":"product_cat-thuc-pham-tieu-dung","7":"product_cat-thuc-pham-dong-hop","9":"first","10":"outofstock","11":"sale","12":"shipping-taxable","13":"purchasable","14":"product-type-simple"},"_links":{"self":[{"href":"https:\/\/havamall.vn\/en\/wp-json\/wp\/v2\/product\/20536"}],"collection":[{"href":"https:\/\/havamall.vn\/en\/wp-json\/wp\/v2\/product"}],"about":[{"href":"https:\/\/havamall.vn\/en\/wp-json\/wp\/v2\/types\/product"}],"replies":[{"embeddable":true,"href":"https:\/\/havamall.vn\/en\/wp-json\/wp\/v2\/comments?post=20536"}],"version-history":[{"count":0,"href":"https:\/\/havamall.vn\/en\/wp-json\/wp\/v2\/product\/20536\/revisions"}],"wp:featuredmedia":[{"embeddable":true,"href":"https:\/\/havamall.vn\/en\/wp-json\/wp\/v2\/media\/20543"}],"wp:attachment":[{"href":"https:\/\/havamall.vn\/en\/wp-json\/wp\/v2\/media?parent=20536"}],"wp:term":[{"taxonomy":"product_brand","embeddable":true,"href":"https:\/\/havamall.vn\/en\/wp-json\/wp\/v2\/product_brand?post=20536"},{"taxonomy":"product_cat","embeddable":true,"href":"https:\/\/havamall.vn\/en\/wp-json\/wp\/v2\/product_cat?post=20536"},{"taxonomy":"product_tag","embeddable":true,"href":"https:\/\/havamall.vn\/en\/wp-json\/wp\/v2\/product_tag?post=20536"}],"curies":[{"name":"wp","href":"https:\/\/api.w.org\/{rel}","templated":true}]}}