{"id":20418,"date":"2021-06-03T15:29:36","date_gmt":"2021-06-03T08:29:36","guid":{"rendered":"https:\/\/havamall.vn\/?post_type=product&#038;p=20418"},"modified":"2022-05-13T11:53:42","modified_gmt":"2022-05-13T04:53:42","slug":"siro-cam-golden-farm-orange-syrup-520ml","status":"publish","type":"product","link":"https:\/\/havamall.vn\/en\/shop\/siro-cam-golden-farm-orange-syrup-520ml\/","title":{"rendered":"Siro Cam &#8211; Golden Farm Orange Syrup 520ml"},"content":{"rendered":"<p>Golden Farm l\u00e0 th\u01b0\u01a1ng hi\u1ec7u n\u1ed5i ti\u1ebfng trong n\u01b0\u1edbc v\u1ec1 s\u1ea3n xu\u1ea5t siro, n\u01b0\u1edbc tr\u00e1i c\u00e2y. V\u1edbi ti\u00eau ch\u00ed an to\u00e0n, b\u1ed5 d\u01b0\u1ee1ng, ti\u1ec7n l\u1ee3i, ch\u1ea5t l\u01b0\u1ee3ng theo ti\u00eau chu\u1ea9n qu\u1ed1c t\u1ebf, m\u1eabu m\u00e3 bao b\u00ec h\u1ea5p d\u1eabn c\u0169ng nh\u01b0 gi\u00e1 c\u1ea3 ph\u00f9 h\u1ee3p n\u00ean \u0111\u01b0\u1ee3c c\u00e1c ch\u1ee7 qu\u00e1n tin d\u00f9ng. C\u00f4ng ty Golden Farm chuy\u00ean s\u1ea3n xu\u1ea5t c\u00e1c th\u1ef1c ph\u1ea9m qu\u1ed1c t\u1ebf nh\u01b0: m\u1ee9t tr\u00e1i c\u00e2y, b\u01a1 \u0111\u1eadu ph\u1ed9ng, x\u1ed1t salat, t\u01b0\u01a1ng c\u00e0, th\u1ef1c ph\u1ea9m dinh d\u01b0\u1ee1ng, siro,\u2026 ch\u1ea5t l\u01b0\u1ee3ng theo ti\u00eau chu\u1ea9n qu\u1ed1c t\u1ebf, m\u1eabu m\u00e3 bao b\u00ec h\u1ea5p d\u1eabn v\u00e0 gi\u00e1 c\u1ea3 ph\u00f9 h\u1ee3p. Golden Farm ng\u00e0y c\u00e0ng ph\u00e1t tri\u1ec3n cho ra \u0111\u1eddi nhi\u1ec1u s\u1ea3n ph\u1ea9m v\u1edbi c\u00e1c h\u01b0\u01a1ng v\u1ecb kh\u00e1c nhau nh\u01b0ng v\u1eabn gi\u1eef nguy\u00ean n\u00e9t \u0111\u1eb7c tr\u01b0ng c\u1ee7a t\u1eebng lo\u1ea1i nh\u01b0: Siro d\u00e2u, Siro cam, Siro b\u1ea1c h\u00e0, m\u1ee9t ph\u00fac b\u1ed3n t\u1eed&#8230;<\/p>\n<p><img fetchpriority=\"high\" decoding=\"async\" class=\"wp-image-20420 aligncenter\" src=\"https:\/\/havamall.vn\/wp-content\/uploads\/2021\/06\/127739184_2740018789571812_5118805347868641476_n-300x200.jpg\" alt=\"\" width=\"692\" height=\"461\" srcset=\"https:\/\/havamall.vn\/wp-content\/uploads\/2021\/06\/127739184_2740018789571812_5118805347868641476_n-300x200.jpg 300w, https:\/\/havamall.vn\/wp-content\/uploads\/2021\/06\/127739184_2740018789571812_5118805347868641476_n-430x287.jpg 430w, https:\/\/havamall.vn\/wp-content\/uploads\/2021\/06\/127739184_2740018789571812_5118805347868641476_n-150x100.jpg 150w, https:\/\/havamall.vn\/wp-content\/uploads\/2021\/06\/127739184_2740018789571812_5118805347868641476_n-700x467.jpg 700w, https:\/\/havamall.vn\/wp-content\/uploads\/2021\/06\/127739184_2740018789571812_5118805347868641476_n-768x512.jpg 768w, https:\/\/havamall.vn\/wp-content\/uploads\/2021\/06\/127739184_2740018789571812_5118805347868641476_n-1024x683.jpg 1024w, https:\/\/havamall.vn\/wp-content\/uploads\/2021\/06\/127739184_2740018789571812_5118805347868641476_n-1200x800.jpg 1200w, https:\/\/havamall.vn\/wp-content\/uploads\/2021\/06\/127739184_2740018789571812_5118805347868641476_n-600x400.jpg 600w, https:\/\/havamall.vn\/wp-content\/uploads\/2021\/06\/127739184_2740018789571812_5118805347868641476_n.jpg 2048w\" sizes=\"(max-width: 692px) 100vw, 692px\" \/><\/p>\n<p>Siro Golden Farm cam l\u00e0 d\u00f2ng si r\u00f4\u00a0b\u00e1n ch\u1ea1y nh\u1ea5t th\u1ecb tr\u01b0\u1eddng hi\u1ec7n t\u1ea1i. V\u1edbi \u0111\u1ed9 th\u01a1m s\u00e1nh\u00a0ho\u00e0n h\u1ea3o, m\u00f9i h\u01b0\u01a1ng cam t\u01b0\u01a1i m\u00e1t, m\u1edbi l\u1ea1\u00a0th\u00edch h\u1ee3p \u0111\u1ec3 l\u00e0m th\u1ea1ch, tr\u00e0 tr\u00e1i c\u00e2y, soda\u2026 V\u1edbi gi\u00e1 th\u00e0nh trung b\u00ecnh m\u00e0 v\u1eabn \u0111\u1ea3m b\u1ea3o \u0111\u1ed9 ngon c\u1ee7a \u0111\u1ed3 u\u1ed1ng n\u00ean siro Golden Farm l\u00e0 s\u1ef1 l\u1ef1a ch\u1ecdn c\u1ee7a c\u00e1c qu\u00e1n b\u00ecnh d\u00e2n, take away\u2026<\/p>\n<p><img decoding=\"async\" class=\"wp-image-20426 aligncenter\" src=\"https:\/\/havamall.vn\/wp-content\/uploads\/2021\/06\/d41577c16cc6b1c5e3fa44a760e6f8e7-300x300.png\" alt=\"\" width=\"698\" height=\"698\" srcset=\"https:\/\/havamall.vn\/wp-content\/uploads\/2021\/06\/d41577c16cc6b1c5e3fa44a760e6f8e7-300x300.png 300w, https:\/\/havamall.vn\/wp-content\/uploads\/2021\/06\/d41577c16cc6b1c5e3fa44a760e6f8e7-430x430.png 430w, https:\/\/havamall.vn\/wp-content\/uploads\/2021\/06\/d41577c16cc6b1c5e3fa44a760e6f8e7-150x150.png 150w, https:\/\/havamall.vn\/wp-content\/uploads\/2021\/06\/d41577c16cc6b1c5e3fa44a760e6f8e7-700x700.png 700w, https:\/\/havamall.vn\/wp-content\/uploads\/2021\/06\/d41577c16cc6b1c5e3fa44a760e6f8e7-768x768.png 768w, https:\/\/havamall.vn\/wp-content\/uploads\/2021\/06\/d41577c16cc6b1c5e3fa44a760e6f8e7-600x600.png 600w, https:\/\/havamall.vn\/wp-content\/uploads\/2021\/06\/d41577c16cc6b1c5e3fa44a760e6f8e7-100x100.png 100w, https:\/\/havamall.vn\/wp-content\/uploads\/2021\/06\/d41577c16cc6b1c5e3fa44a760e6f8e7.png 960w\" sizes=\"(max-width: 698px) 100vw, 698px\" \/><\/p>\n<p>T\u1ea5t c\u1ea3 c\u00e1c lo\u1ea1i Siro Golden Farm \u0111\u1ec1u c\u00f3 gi\u1ea5y ch\u1ee9ng nh\u1eadn VSATTP n\u00ean r\u1ea5t an to\u00e0n. C\u00f4ng ty \u0111\u01b0\u1ee3c ch\u1ee9ng nh\u1eadn \u0111\u1ea1t ti\u00eau chu\u1ea9n VSATTP ISO 22000: 2005 v\u1edbi c\u00f4ng ngh\u1ec7 s\u1ea3n xu\u1ea5t hi\u1ec7n \u0111\u1ea1i nh\u1eb1m mang \u0111\u1ebfn ng\u01b0\u1eddi ti\u00eau d\u00f9ng v\u1edbi nh\u1eefng d\u00f2ng s\u1ea3n ph\u1ea9m t\u1ed1t nh\u1ea5t, b\u1ea3o v\u1ec7 s\u1ee9c kh\u1ecfe v\u00e0 g\u00f3p ph\u1ea7n \u0111\u01a1ngi\u1ea3n h\u00f3a cho cu\u1ed9c s\u1ed1ng m\u1ed7i gia \u0111\u00ecnh.<\/p>\n<p><img decoding=\"async\" class=\"aligncenter\" src=\"https:\/\/havamall.vn\/wp-content\/uploads\/2021\/06\/263431.jpg\" alt=\"Orange Jellies - Cookidoo\u00ae \u2013 the official Thermomix\u00ae recipe platform\" width=\"700\" height=\"583\" \/><\/p>\n<p>V\u1edbi ch\u1ea5t li\u1ec7u chai b\u1eb1ng th\u1ee7y tinh d\u00e0y gi\u00fap b\u1ea1n d\u1ec5 d\u00e0ng b\u1ea3o qu\u1ea3n s\u1ea3n ph\u1ea9m. \u01afu \u0111i\u1ec3m c\u1ee7a s\u1ea3n ph\u1ea9m l\u00e0 siro r\u1ea5t \u0111\u1eadm \u0111\u00e0 v\u00e0\u00a0kh\u00f4ng c\u00f3 c\u1eb7n, l\u00e0m cho\u00a0\u0111\u1ed3 u\u1ed1ng c\u1ee7a b\u1ea1n th\u00eam ph\u1ea7n ch\u1ea5t l\u01b0\u1ee3ng v\u00e0 h\u1ea5p d\u1eabn h\u01a1n.\u00a0\u0110\u01b0\u1ee3c chi\u1ebft xu\u1ea5t t\u1eeb nh\u1eefng tr\u00e1i cam t\u01b0\u01a1i ngon nh\u1ea5t, s\u1ea3n ph\u1ea9m \u0111em \u0111\u1ebfn tay ng\u01b0\u1eddi ti\u00eau d\u00f9ng m\u1ed9t h\u01b0\u01a1ng v\u1ecb t\u1ef1 nhi\u00ean v\u1edbi\u00a0m\u1ed9t gi\u00e1 tr\u1ecb dinh d\u01b0\u1ee1ng ho\u00e0n h\u1ea3o, an to\u00e0n cho ng\u01b0\u1eddi s\u1eed d\u1ee5ng.<\/p>\n<p><img loading=\"lazy\" decoding=\"async\" class=\"aligncenter\" src=\"https:\/\/havamall.vn\/wp-content\/uploads\/2021\/06\/Orange-baby-sherbet.jpg\" alt=\"buy &amp;gt; orange juice for babies 6 months, Up to 64% OFF\" width=\"706\" height=\"470\" \/><\/p>\n<p>Sir\u00f4 Cam Golden Farm\u00a0l\u00e0 s\u1ea3n ph\u1ea9m \u0111\u01b0\u1ee3c \u01b0u ti\u00ean h\u00e0ng \u0111\u00e2u khi b\u1ea1n c\u00f3 c\u00e1c bu\u1ed5i ti\u1ec7c v\u1edbi gia \u0111\u00ecnh hay nh\u1eefng khi h\u1ecdp m\u1eb7t b\u1ea1n b\u00e8. S\u1ea3n ph\u1ea9m c\u00f3 th\u1ec3 d\u00f9ng \u0111\u1ec3 pha ch\u1ebf t\u1ea1o n\u00ean nh\u1eefng th\u1ee9c u\u1ed1ng th\u01a1m ngon nh\u01b0 cocktail, s\u1eefa t\u01b0\u01a1i tr\u00e1i c\u00e2y, tr\u00e0 s\u1eefa hay rau c\u00e2u, b\u00e1nh&#8230;.Sir\u00f4 Cam Golden Farm \u0111\u01b0\u1ee3c s\u1eed d\u1ee5ng nguy\u00ean li\u1ec7u t\u1ef1 nhi\u00ean ho\u00e0n to\u00e0n l\u00e0 nh\u1eefng tr\u00e1i cam ch\u00edn m\u1ecdng.<\/p>\n<p><img loading=\"lazy\" decoding=\"async\" class=\"aligncenter\" src=\"https:\/\/havamall.vn\/wp-content\/uploads\/2021\/06\/Orange-Semolina-Cake.jpg\" alt=\"Mastic Orange Semolina Cake - SpiceBreeze\" width=\"687\" height=\"458\" \/><\/p>\n<h4><strong>C\u00e1ch s\u1eed d\u1ee5ng siro cam Golden Farm:<\/strong><\/h4>\n<p>\u2013 D\u00f9ng \u0111\u1ec3 pha n\u01b0\u1edbc gi\u1ea3i kh\u00e1t: Pha 30ml siro v\u01a1i 120ml n\u01b0\u1edbc, cho \u0111\u00e1 v\u00e0o ly v\u00e0 th\u01b0\u1edfng th\u1ee9c.<\/p>\n<p>\u2013 D\u00f9ng \u0111\u1ec3 pha cocktail: Cho 30ml siro, 30ml r\u01b0\u1ee3u Vodka, 50ml n\u01b0\u1edbc, 2 mu\u1ed7ng nh\u1ecf s\u1eefa chua v\u00e0o b\u00ecnh l\u1eafc. Cho \u0111\u00e1 v\u00e0o v\u00e0 l\u1eafc \u0111\u1ec1u. R\u00f3t ra ly v\u00e0 th\u01b0\u1edfng th\u1ee9c.<\/p>\n<p>\u2013 D\u00f9ng \u0111\u1ec3 pha s\u1eefa t\u01b0\u01a1i tr\u00e1i c\u00e2y: Pha siro v\u1edbi s\u1eefa t\u01b0\u01a1i l\u00e0m s\u1eefa t\u01b0\u01a1i tr\u00e1i c\u00e2y<\/p>\n<p>\u2013 D\u00f9ng \u0111\u1ec3 l\u00e0m th\u1ea1ch rau c\u00e2u: Pha siro v\u00e0o h\u1ed7n h\u1ee3p l\u00e0m rau c\u00e2u \u0111\u1ec3 t\u1ea1o th\u00eam h\u01b0\u01a1ng v\u1ecb v\u00e0 m\u00e0u s\u1eafc h\u1ea5p d\u1eabn.<\/p>\n<p>S\u1ea3n ph\u1ea9m hi\u1ec7n \u0111\u00e3 c\u00f3 m\u1eb7t t\u1ea1i Havamall.<\/p>","protected":false},"excerpt":{"rendered":"<p>Golden Farm l\u00e0 th\u01b0\u01a1ng hi\u1ec7u n\u1ed5i ti\u1ebfng trong n\u01b0\u1edbc v\u1ec1 s\u1ea3n xu\u1ea5t siro, n\u01b0\u1edbc tr\u00e1i c\u00e2y. V\u1edbi ti\u00eau ch\u00ed an<\/p>","protected":false},"featured_media":20421,"comment_status":"open","ping_status":"closed","template":"","meta":[],"product_brand":[],"product_cat":[36,135],"product_tag":[],"class_list":{"0":"post-20418","1":"product","2":"type-product","3":"status-publish","4":"has-post-thumbnail","6":"product_cat-thuc-pham-tieu-dung","7":"product_cat-sua-do-uong","8":"pa_brand-golden-farm","10":"first","11":"instock","12":"sale","13":"shipping-taxable","14":"purchasable","15":"product-type-simple"},"_links":{"self":[{"href":"https:\/\/havamall.vn\/en\/wp-json\/wp\/v2\/product\/20418"}],"collection":[{"href":"https:\/\/havamall.vn\/en\/wp-json\/wp\/v2\/product"}],"about":[{"href":"https:\/\/havamall.vn\/en\/wp-json\/wp\/v2\/types\/product"}],"replies":[{"embeddable":true,"href":"https:\/\/havamall.vn\/en\/wp-json\/wp\/v2\/comments?post=20418"}],"version-history":[{"count":0,"href":"https:\/\/havamall.vn\/en\/wp-json\/wp\/v2\/product\/20418\/revisions"}],"wp:featuredmedia":[{"embeddable":true,"href":"https:\/\/havamall.vn\/en\/wp-json\/wp\/v2\/media\/20421"}],"wp:attachment":[{"href":"https:\/\/havamall.vn\/en\/wp-json\/wp\/v2\/media?parent=20418"}],"wp:term":[{"taxonomy":"product_brand","embeddable":true,"href":"https:\/\/havamall.vn\/en\/wp-json\/wp\/v2\/product_brand?post=20418"},{"taxonomy":"product_cat","embeddable":true,"href":"https:\/\/havamall.vn\/en\/wp-json\/wp\/v2\/product_cat?post=20418"},{"taxonomy":"product_tag","embeddable":true,"href":"https:\/\/havamall.vn\/en\/wp-json\/wp\/v2\/product_tag?post=20418"}],"curies":[{"name":"wp","href":"https:\/\/api.w.org\/{rel}","templated":true}]}}