{"id":20411,"date":"2021-06-03T14:32:08","date_gmt":"2021-06-03T07:32:08","guid":{"rendered":"https:\/\/havamall.vn\/?post_type=product&#038;p=20411"},"modified":"2022-11-02T11:44:22","modified_gmt":"2022-11-02T04:44:22","slug":"bo-3-ca-do-luong-uncle-bills-set-of-3-measuring-jugs","status":"publish","type":"product","link":"https:\/\/havamall.vn\/en\/shop\/bo-3-ca-do-luong-uncle-bills-set-of-3-measuring-jugs\/","title":{"rendered":"B\u1ed9 3 Ca \u0110o L\u01b0\u1eddng &#8211; Uncle Bills Set Of 3 Measuring Jugs"},"content":{"rendered":"<p>Uncle Bills (UBL) cung c\u1ea5p h\u01a1n 1800 s\u1ea3n ph\u1ea9m ti\u00eau d\u00f9ng ti\u1ec7n \u00edch, t\u1ea5t c\u1ea3 \u0111\u1ec1u h\u1ea5p d\u1eabn, ti\u1ec7n l\u1ee3i v\u00e0 gi\u00e1 tr\u1ecb n\u1ed5i b\u1eadt x\u1ee9ng v\u1edbi s\u1ed1 ti\u1ec1n b\u1ecf ra. S\u1ea3n ph\u1ea9m bao g\u1ed3m nhi\u1ec1u lo\u1ea1i, t\u1eeb \u0111\u1ed3 d\u00f9ng nh\u00e0 b\u1ebfp, ch\u0103m s\u00f3c c\u00e1 nh\u00e2n, v\u1ec7 sinh v\u00e0 l\u01b0u tr\u1eef, d\u1ee5ng c\u1ee5 DIY (t\u1ef1 l\u00e0m), ngo\u00e0i tr\u1eddi, v\u0103n ph\u00f2ng ph\u1ea9m v\u00e0 \u0111\u1ed3 d\u00f9ng cho tr\u1ebb em.<\/p>\n<p>S\u1ea3n ph\u1ea9m c\u1ee7a UBL do Uncle Bills Australia ph\u00e1t tri\u1ec3n, gi\u00e1m s\u00e1t v\u00e0 ki\u1ec3m tra ch\u1ea5t l\u01b0\u1ee3ng. S\u1ea3n ph\u1ea9m \u0111\u00e3 \u0111\u01b0\u1ee3c b\u00e1n t\u1ea1i h\u01a1n 10,000 c\u1eeda h\u00e0ng tr\u00ean h\u01a1n 50 qu\u1ed1c gia, bao g\u1ed3m Ch\u00e2u \u00c2u, Ch\u00e2u \u00dac, Ch\u00e2u \u00c1 v\u00e0 Ch\u00e2u Phi.<\/p>\n<p><img fetchpriority=\"high\" decoding=\"async\" class=\"aligncenter\" src=\"https:\/\/cf.shopee.vn\/file\/f6797de1ee745a2dc0d45cb02727d617\" alt=\"T\u00fai \u0110\u1ef1ng R\u00e1c Th\u00fa C\u01b0ng T\u1ef1 Ph\u00e2n H\u1ee7y Uncle Bills PA3372 | Shopee Vi\u1ec7t Nam\" width=\"584\" height=\"584\" \/><\/p>\n<p>B\u1ed9 3 Ca Nh\u1ef1a \u0110o Th\u1ec3 T\u00edch Uncle Bills<strong>\u00a0<\/strong>\u0111\u01b0\u1ee3c l\u00e0m t\u1eeb ch\u1ea5t li\u1ec7u nh\u1ef1a cao c\u1ea5p,\u00a0trong su\u1ed1t v\u1edbi nh\u1eefng v\u1ea1ch \u0111o r\u00f5 r\u00e0ng, gi\u00fap b\u1ea1n \u0111o l\u01b0\u1eddng ch\u00ednh x\u00e1c l\u01b0\u1ee3ng n\u01b0\u1edbc m\u00e0 m\u00ecnh mong mu\u1ed1n trong ph\u1ea1m vi t\u1eeb 200ml \u0111\u1ebfn 1000ml. S\u1ea3n ph\u1ea9m ti\u1ec7n \u00edch t\u1ea1o n\u00ean s\u1ef1 ti\u1ec7n nghi cho\u00a0gia \u0111\u00ecnh b\u1ea1n.<\/p>\n<p><img decoding=\"async\" class=\"aligncenter\" src=\"https:\/\/cf.shopee.com.my\/file\/853711b554b08a4a71232f5171707d56\" alt=\"Zyliss Measuring Cup Set (3 in 1) Plastic Transparent Measuring Jug Cawan Penyukat Kitchen Baking Scale | Shopee Malaysia\" width=\"577\" height=\"577\" \/><\/p>\n<p>\u01af\u1edbc l\u01b0\u1ee3ng, \u0111ong \u0111\u1ebfm b\u1eb1ng linh c\u1ea3m, c\u1ea3m gi\u00e1c lu\u00f4n kh\u00f4ng \u0111\u01b0\u1ee3c ch\u00ednh x\u00e1c. Nh\u1ea5t l\u00e0 trong n\u1ea5u \u0103n n\u1ebfu kh\u00f4ng cho \u0111\u00fang l\u01b0\u1ee3ng nguy\u00ean li\u1ec7u v\u1eeba ph\u1ea3i s\u1ebd ph\u00e1 h\u1ecfng c\u1ea3 m\u1ed9t m\u00f3n \u0103n \u0111\u1eaft ti\u1ec1n, ngon mi\u1ec7ng, \u0111\u1eb9p m\u1eaft. Mu\u1ed1n t\u1ea1o \u0111\u01b0\u1ee3c m\u1ed9t chi\u1ebfc b\u00e1nh ngon hay m\u1ed9t c\u1ed1c cocktail tuy\u1ec7t v\u1eddi c\u1ea7n c\u00f3 t\u1ef7 l\u1ec7 c\u00e1c th\u00e0nh ph\u1ea7n v\u00e0 nguy\u00ean li\u1ec7u ch\u00ednh x\u00e1c \u0111\u1ec3 t\u1ea1o n\u00ean \u0111\u1ed9 h\u00f2a quy\u1ec7n v\u00e0 \u0111\u1ed9 m\u1ec1m m\u1ecbn c\u1ee7a h\u1ed7n h\u1ee3p. V\u00ec v\u1eadt b\u1ed9 3 ca \u0111o l\u01b0\u1eddng Uncle Bills\u00a0 l\u00e0 m\u1ed9t v\u1eadt d\u1ee5ng r\u1ea5t quan tr\u1ecdng v\u00e0 h\u1ed7 tr\u1ee3 \u0111\u1eafc l\u1ef1c cho nh\u1eefng b\u00e0 n\u1ed9i tr\u1ee3 \u0111\u1ea3m \u0111ang, \u0111\u1eb7c bi\u1ec7t l\u00e0 v\u1edbi c\u00e1c b\u00e0 m\u1eb9, ch\u1ecb em b\u1eaft \u0111\u1ea7u l\u00e0m quen v\u1edbi vi\u1ec7c l\u00e0m b\u00e1nh v\u00e0 n\u1ea5u n\u01b0\u1edbng.<\/p>\n<p><img decoding=\"async\" class=\"aligncenter\" src=\"https:\/\/havamall.vn\/wp-content\/uploads\/2021\/06\/fa5e95d15410303849057f3b6412f4f3.jpeg\" alt=\"B\u1ed9 ba ca \u0111o l\u01b0\u1eddng cao c\u1ea5p UBL KC0457 | Lazada.vn\" width=\"575\" height=\"592\" \/><\/p>\n<p>Ca nh\u1ef1a c\u00f3 nh\u1eefng v\u1ea1ch \u0111o r\u00f5 r\u00e0ng, v\u1edbi nhi\u1ec1u dung t\u00edch kh\u00e1c nhau t\u1eeb 250ml, 500ml \u0111\u1ebfn 1000ml, gi\u00fap b\u1ea1n \u0111o \u0111\u01b0\u1ee3c l\u01b0\u1ee3ng n\u01b0\u1edbc ch\u00ednh x\u00e1c nh\u01b0 b\u1ea1n mong mu\u1ed1n.<\/p>\n<p>V\u1edbi b\u1ed9 ba ca nh\u1ef1a \u0111o th\u1ec3 t\u00edch, t\u1eeb nay vi\u1ec7c n\u1ea5u n\u01b0\u1edbng v\u00e0 \u0111o l\u01b0\u1eddng l\u01b0\u1ee3ng n\u01b0\u1edbc cho c\u00e1c m\u00f3n \u0103n, m\u00f3n s\u00fap s\u1ebd ch\u00ednh x\u00e1c h\u01a1n, cho m\u00f3n \u0103n ngon h\u01a1n. \u0110\u1eb7c bi\u1ec7t h\u1eefu \u00edch khi b\u1ea1n \u0111ong n\u01b0\u1edbc \u0111\u1ec3 pha s\u1eefa cho b\u00e9, ho\u1eb7c \u0111ong n\u01b0\u1edbc khi khu\u1ea5y b\u1ed9t l\u00e0m b\u00e1nh.<\/p>\n<p><img loading=\"lazy\" decoding=\"async\" class=\"aligncenter\" src=\"https:\/\/havamall.vn\/wp-content\/uploads\/2021\/06\/d36a2713a487c642e8ffe68830dc2e26.jpg\" alt=\"Set of 3 - Acrylic Clear Measuring Jug With Measurements &amp;amp; Handle, 900 ML \/400 ML \/200 ML Stackable Clear Heat-resistant Measuring Cups With Angled Grip and Spout For Dry Ingredients &amp;amp;\" width=\"577\" height=\"578\" \/><\/p>\n<p>B\u1ed9 hai ca nh\u1ef1a \u0111o th\u1ec3 t\u00edch \u0111\u01b0\u1ee3c l\u00e0m t\u1eeb nh\u1ef1a cao c\u1ea5p, tuy\u1ec7t \u0111\u1ed1i an to\u00e0n cho s\u1ee9c kh\u1ecfe ng\u01b0\u1eddi s\u1eed d\u1ee5ng. Ca c\u00f3 thi\u1ebft k\u1ebf \u00a0ti\u1ec7n d\u1ee5ng v\u1edbi ki\u1ec3u d\u00e1ng hi\u1ec7n \u0111\u1ea1i, kh\u00f4ng chi\u1ebfm nhi\u1ec1u kh\u00f4ng gian trong b\u1ebfp. M\u00e0u s\u1eafc t\u01b0\u01a1i s\u00e1ng c\u1ee7a s\u1ea3n ph\u1ea9m s\u1ebd l\u00e0m cho gian b\u1ebfp th\u00eam ph\u1ea7n sinh \u0111\u1ed9ng, \u1ea5n t\u01b0\u1ee3ng.<\/p>\n<p><img loading=\"lazy\" decoding=\"async\" class=\"aligncenter\" src=\"https:\/\/havamall.vn\/wp-content\/uploads\/2021\/06\/81gnWTWFUbL.jpg\" alt=\"Amazon.com: 200ml 400ml 900ml Red Colourworks Three Piece Measuring Jug Set: Kitchen &amp;amp; Dining\" width=\"556\" height=\"519\" \/><\/p>\n<h4><strong>Th\u00f4ng s\u1ed1 k\u1ef9 thu\u1eadt:<\/strong><\/h4>\n<p>&#8211; Lo\u1ea1i s\u1ea3n ph\u1ea9m:\u00a0Ca nh\u1ef1a c\u00f3 v\u1ea1ch \u0111o th\u1ec3 t\u00edch<\/p>\n<p>&#8211; Ch\u1ea5t li\u1ec7u:\u00a0Nh\u1ef1a PP<\/p>\n<p>&#8211; Dung t\u00edch \u0111o: 250ml &#8211; 500ml &#8211; 1000ml<\/p>\n<p>&#8211; M\u00e0u s\u1eafc:\u00a0Trong su\u1ed1t<\/p>\n<p>S\u1ea3n ph\u1ea9m \u0111\u00e3 c\u00f3 m\u1eb7t t\u1ea1i Havamall.<\/p>","protected":false},"excerpt":{"rendered":"<p>Uncle Bills (UBL) cung c\u1ea5p h\u01a1n 1800 s\u1ea3n ph\u1ea9m ti\u00eau d\u00f9ng ti\u1ec7n \u00edch, t\u1ea5t c\u1ea3 \u0111\u1ec1u h\u1ea5p d\u1eabn, ti\u1ec7n l\u1ee3i<\/p>","protected":false},"featured_media":20432,"comment_status":"open","ping_status":"closed","template":"","meta":[],"product_brand":[],"product_cat":[393,255,35],"product_tag":[],"class_list":{"0":"post-20411","1":"product","2":"type-product","3":"status-publish","4":"has-post-thumbnail","6":"product_cat-bep-phong-an","7":"product_cat-nguyen-lieu-lam-banh","8":"product_cat-nha-cua-doi-song","9":"pa_brand-uncle-bills","11":"first","12":"instock","13":"sale","14":"shipping-taxable","15":"purchasable","16":"product-type-simple"},"_links":{"self":[{"href":"https:\/\/havamall.vn\/en\/wp-json\/wp\/v2\/product\/20411"}],"collection":[{"href":"https:\/\/havamall.vn\/en\/wp-json\/wp\/v2\/product"}],"about":[{"href":"https:\/\/havamall.vn\/en\/wp-json\/wp\/v2\/types\/product"}],"replies":[{"embeddable":true,"href":"https:\/\/havamall.vn\/en\/wp-json\/wp\/v2\/comments?post=20411"}],"version-history":[{"count":0,"href":"https:\/\/havamall.vn\/en\/wp-json\/wp\/v2\/product\/20411\/revisions"}],"wp:featuredmedia":[{"embeddable":true,"href":"https:\/\/havamall.vn\/en\/wp-json\/wp\/v2\/media\/20432"}],"wp:attachment":[{"href":"https:\/\/havamall.vn\/en\/wp-json\/wp\/v2\/media?parent=20411"}],"wp:term":[{"taxonomy":"product_brand","embeddable":true,"href":"https:\/\/havamall.vn\/en\/wp-json\/wp\/v2\/product_brand?post=20411"},{"taxonomy":"product_cat","embeddable":true,"href":"https:\/\/havamall.vn\/en\/wp-json\/wp\/v2\/product_cat?post=20411"},{"taxonomy":"product_tag","embeddable":true,"href":"https:\/\/havamall.vn\/en\/wp-json\/wp\/v2\/product_tag?post=20411"}],"curies":[{"name":"wp","href":"https:\/\/api.w.org\/{rel}","templated":true}]}}