{"id":20398,"date":"2021-06-03T11:10:42","date_gmt":"2021-06-03T04:10:42","guid":{"rendered":"https:\/\/havamall.vn\/?post_type=product&#038;p=20398"},"modified":"2021-06-03T11:39:00","modified_gmt":"2021-06-03T04:39:00","slug":"cuon-lan-bui-quan-ao-nho-gon-uncle-bills-travel-lint-roller","status":"publish","type":"product","link":"https:\/\/havamall.vn\/en\/shop\/cuon-lan-bui-quan-ao-nho-gon-uncle-bills-travel-lint-roller\/","title":{"rendered":"Cu\u1ed9n L\u0103n B\u1ee5i Qu\u1ea7n \u00c1o Nh\u1ecf G\u1ecdn &#8211; Uncle Bills Travel Lint Roller"},"content":{"rendered":"<p>Uncle Bills (UBL) cung c\u1ea5p h\u01a1n 1800 s\u1ea3n ph\u1ea9m ti\u00eau d\u00f9ng ti\u1ec7n \u00edch, t\u1ea5t c\u1ea3 \u0111\u1ec1u h\u1ea5p d\u1eabn, ti\u1ec7n l\u1ee3i v\u00e0 gi\u00e1 tr\u1ecb n\u1ed5i b\u1eadt x\u1ee9ng v\u1edbi s\u1ed1 ti\u1ec1n b\u1ecf ra. S\u1ea3n ph\u1ea9m bao g\u1ed3m nhi\u1ec1u lo\u1ea1i, t\u1eeb \u0111\u1ed3 d\u00f9ng nh\u00e0 b\u1ebfp, ch\u0103m s\u00f3c c\u00e1 nh\u00e2n, v\u1ec7 sinh v\u00e0 l\u01b0u tr\u1eef, d\u1ee5ng c\u1ee5 DIY (t\u1ef1 l\u00e0m), ngo\u00e0i tr\u1eddi, v\u0103n ph\u00f2ng ph\u1ea9m v\u00e0 \u0111\u1ed3 d\u00f9ng cho tr\u1ebb em.<\/p>\n<p>S\u1ea3n ph\u1ea9m c\u1ee7a UBL do Uncle Bills Australia ph\u00e1t tri\u1ec3n, gi\u00e1m s\u00e1t v\u00e0 ki\u1ec3m tra ch\u1ea5t l\u01b0\u1ee3ng. S\u1ea3n ph\u1ea9m \u0111\u00e3 \u0111\u01b0\u1ee3c b\u00e1n t\u1ea1i h\u01a1n 10,000 c\u1eeda h\u00e0ng tr\u00ean h\u01a1n 50 qu\u1ed1c gia, bao g\u1ed3m Ch\u00e2u \u00c2u, Ch\u00e2u \u00dac, Ch\u00e2u \u00c1 v\u00e0 Ch\u00e2u Phi.<\/p>\n<p><img fetchpriority=\"high\" decoding=\"async\" class=\"aligncenter\" src=\"https:\/\/cf.shopee.vn\/file\/f6797de1ee745a2dc0d45cb02727d617\" alt=\"T\u00fai \u0110\u1ef1ng R\u00e1c Th\u00fa C\u01b0ng T\u1ef1 Ph\u00e2n H\u1ee7y Uncle Bills PA3372 | Shopee Vi\u1ec7t Nam\" width=\"584\" height=\"584\" \/><\/p>\n<p><span style=\"font-weight: 400\">B\u1ee5i g\u00e2y bao phi\u1ec1n to\u00e1i cho cu\u1ed9c s\u1ed1ng v\u00e0 ng\u00e0y c\u00e0ng d\u00e0y \u0111\u1eb7c h\u01a1n trong kh\u00f4ng kh\u00ed. \u0110\u00f3 l\u00e0 th\u1ef1c t\u1ebf ch\u1ee9 kh\u00f4ng ph\u1ea3i \u1ea3o gi\u00e1c. Th\u1eddi ti\u1ebft kh\u1eafc nhi\u1ec7t h\u01a1n v\u1edbi s\u1ee9c gi\u00f3 m\u1ea1nh \u0111\u01b0a b\u1ee5i \u0111\u1ebfn ng\u00e0y c\u00e0ng nhi\u1ec1u h\u01a1n. Cu\u1ed9n l\u0103n b\u1ee5i qu\u1ea7n \u00e1o Uncle Bills v\u1edbi thi\u1ebft k\u1ebf tinh t\u1ebf, nh\u1ecf g\u1ecdn gi\u00fap d\u1ec5 d\u00e0ng l\u1ea5y \u0111i b\u1ee5i b\u1ea9n tr\u00ean \u0111\u1ed3 d\u00f9ng, lo\u1ea1i b\u1ecf l\u00f4ng th\u00fa c\u01b0ng, l\u00f4ng t\u01a1 v\u00e0 b\u1ee5i b\u1ea9n t\u1eeb v\u1ea3i, sofa, gh\u1ebf, t\u1ea5m th\u1ea3m v\u00e0 c\u00e1c v\u1eadt d\u1ee5ng kh\u00e1c.<\/span><\/p>\n<p><img decoding=\"async\" class=\"aligncenter\" src=\"https:\/\/havamall.vn\/wp-content\/uploads\/2021\/06\/rBVaEFnEwK6ANIrYAACHWWXDnhI322.jpg\" alt=\"2021 Candy Mini Lint Roller Travel Portable Sticky Picker Roller Foldable Washable Lint Sticking Roller Dust Hair Remover Brushes Cleaning Brush From Yiwuxiuxue, %image_alt%.86 | DHgate.Com\" width=\"572\" height=\"571\" \/><\/p>\n<p><span style=\"font-weight: 400\">Thi\u1ebft k\u1ebf trang nh\u00e3 v\u1edbi\u00a0 h\u1ed9p \u0111\u1ef1ng v\u00e0 c\u00e1n c\u1ea7m thu\u1eadn ti\u1ec7n, ph\u00f9 h\u1ee3p \u0111\u1ec3 tr\u01b0ng b\u00e0y v\u00e0 s\u1eed d\u1ee5ng trong ph\u00f2ng h\u1ecdp, ph\u00f2ng kh\u00e1ch, ph\u00f2ng ng\u1ee7 gia \u0111\u00ecnh. Cu\u1ed9n l\u0103n b\u1ee5i qu\u1ea7n \u00e1o Uncle Bills c\u00f3 th\u1ec3 l\u0103n<\/span><span style=\"font-weight: 400\"> tr\u00ean ch\u1ea5t li\u1ec7u v\u1ea3i, tr\u00ean qu\u1ea7n \u00e1o, th\u1ea3m, gi\u01b0\u1eddng \u0111\u1ec7m, s\u00f4 pha \u0111\u1ec3 lo\u1ea1i b\u1ecf t\u00f3c\/l\u00f4ng th\u00fa r\u1ee5ng, v\u1ee5n th\u1ee9c \u0103n v\u00e0 b\u1ee5i m\u00e0 kh\u00f4ng \u0111\u1ec3 l\u1ea1i ch\u1ea5t d\u00ednh hay l\u00e0m h\u01b0 h\u1ea1i v\u1ea3i. L\u0103n tr\u00ean qu\u1ea7n \u00e1o \u0111\u1ec3 lo\u1ea1i b\u1ecf b\u1ee5i, t\u00f3c, l\u00f4ng th\u00fa r\u1ee5ng, v\u1ee5i th\u1ee9c \u0103n.<\/span><\/p>\n<p><img decoding=\"async\" class=\"aligncenter\" src=\"https:\/\/havamall.vn\/wp-content\/uploads\/2021\/06\/colorful-travel-portable-sticky-picker-roller.jpg\" alt=\"2021 Candy Mini Lint Roller Travel Portable Sticky Picker Roller Foldable Washable Lint Sticking Roller Dust Hair Remover Brushes Cleaning Brush From Yiwuxiuxue, %image_alt%.86 | DHgate.Com\" width=\"587\" height=\"586\" \/><\/p>\n<p><span style=\"font-weight: 400\">Thi\u1ebft k\u1ebf nh\u1ecf g\u1ecdn ti\u1ec7n l\u1ee3i, c\u00f3 th\u1ec3 g\u1eadp l\u1ea1i v\u00e0 b\u1ecf trong gi\u1ecf x\u00e1ch, d\u1ec5 d\u00e0ng mang theo khi di chuy\u1ec3n. <\/span><span style=\"font-weight: 400\">Cu\u1ed9n l\u0103n b\u1ee5i qu\u1ea7n \u00e1o Uncle Bills s\u1ebd l\u00e0 s\u1ef1 l\u1ef1a ch\u1ecdn ho\u00e0n h\u1ea3o \u0111\u1ec3 gi\u00fap c\u00f4ng vi\u1ec7c v\u1ec7 sinh nh\u00e0 c\u1eeda c\u1ee7a b\u1ea1n tr\u1edf n\u00ean nh\u1eb9 nh\u00e0ng h\u01a1n r\u1ea5t nhi\u1ec1u.<\/span><\/p>\n<p><img loading=\"lazy\" decoding=\"async\" class=\"aligncenter\" src=\"https:\/\/havamall.vn\/wp-content\/uploads\/2021\/06\/Portable-washable-dust-remover-drum-Portable-folding-clothes-sticky-hair-remover-Pet-Cat-dog-hair-removal-3.jpg\" alt=\"Portable washable dust remover drum Portable folding clothes sticky hair remover Pet Cat dog hair removal dust dust brush roll \u2013 THE GOLDEN ROO\" width=\"584\" height=\"584\" \/><\/p>\n<h4><strong>Th\u00f4ng tin s\u1ea3n ph\u1ea9m:<\/strong><\/h4>\n<p>&#8211; C\u00f4ng d\u1ee5ng: v\u1eadt v\u1eadt v\u1ec7 sinh b\u1ee5i tr\u00ean qu\u1ea7n \u00e1o, sofa, th\u00fa c\u01b0ng,&#8230;<\/p>\n<p>&#8211; Th\u00e0nh ph\u1ea7n: pp, silicon<\/p>\n<p>&#8211; Xu\u1ea5t x\u1ee9: Trung Qu\u1ed1c<\/p>\n<p><span style=\"font-weight: 400\">&#8211; K\u00edch th\u01b0\u1edbc: 10x6x3 cm, \u0111\u01b0\u1eddng k\u00ednh 1,5cm\u00a0<\/span><\/p>\n<p><span style=\"font-weight: 400\">&#8211; \u0110\u1ed9 d\u00ednh m\u1ea1nh, an to\u00e0n khi s\u1eed d\u1ee5ng<\/span><\/p>\n<p>S\u1ea3n ph\u1ea9m hi\u1ec7n \u0111\u00e3 c\u00f3 m\u1eb7t t\u1ea1i Havamall<\/p>","protected":false},"excerpt":{"rendered":"<p>Uncle Bills (UBL) cung c\u1ea5p h\u01a1n 1800 s\u1ea3n ph\u1ea9m ti\u00eau d\u00f9ng ti\u1ec7n \u00edch, t\u1ea5t c\u1ea3 \u0111\u1ec1u h\u1ea5p d\u1eabn, ti\u1ec7n l\u1ee3i<\/p>","protected":false},"featured_media":20399,"comment_status":"open","ping_status":"closed","template":"","meta":[],"product_brand":[],"product_cat":[35],"product_tag":[],"class_list":{"0":"post-20398","1":"product","2":"type-product","3":"status-publish","4":"has-post-thumbnail","6":"product_cat-nha-cua-doi-song","7":"pa_brand-uncle-bills","9":"first","10":"instock","11":"sale","12":"shipping-taxable","13":"purchasable","14":"product-type-simple"},"_links":{"self":[{"href":"https:\/\/havamall.vn\/en\/wp-json\/wp\/v2\/product\/20398"}],"collection":[{"href":"https:\/\/havamall.vn\/en\/wp-json\/wp\/v2\/product"}],"about":[{"href":"https:\/\/havamall.vn\/en\/wp-json\/wp\/v2\/types\/product"}],"replies":[{"embeddable":true,"href":"https:\/\/havamall.vn\/en\/wp-json\/wp\/v2\/comments?post=20398"}],"version-history":[{"count":0,"href":"https:\/\/havamall.vn\/en\/wp-json\/wp\/v2\/product\/20398\/revisions"}],"wp:featuredmedia":[{"embeddable":true,"href":"https:\/\/havamall.vn\/en\/wp-json\/wp\/v2\/media\/20399"}],"wp:attachment":[{"href":"https:\/\/havamall.vn\/en\/wp-json\/wp\/v2\/media?parent=20398"}],"wp:term":[{"taxonomy":"product_brand","embeddable":true,"href":"https:\/\/havamall.vn\/en\/wp-json\/wp\/v2\/product_brand?post=20398"},{"taxonomy":"product_cat","embeddable":true,"href":"https:\/\/havamall.vn\/en\/wp-json\/wp\/v2\/product_cat?post=20398"},{"taxonomy":"product_tag","embeddable":true,"href":"https:\/\/havamall.vn\/en\/wp-json\/wp\/v2\/product_tag?post=20398"}],"curies":[{"name":"wp","href":"https:\/\/api.w.org\/{rel}","templated":true}]}}