{"id":20382,"date":"2021-06-03T09:36:13","date_gmt":"2021-06-03T02:36:13","guid":{"rendered":"https:\/\/havamall.vn\/?post_type=product&#038;p=20382"},"modified":"2022-05-10T09:51:30","modified_gmt":"2022-05-10T02:51:30","slug":"co-lam-banh-bang-silicon-uncle-bills-silicon-baking-utensils","status":"publish","type":"product","link":"https:\/\/havamall.vn\/en\/shop\/co-lam-banh-bang-silicon-uncle-bills-silicon-baking-utensils\/","title":{"rendered":"C\u1ecd L\u00e0m B\u00e1nh B\u1eb1ng Silicon &#8211; Uncle Bills Silicon Baking Utensils"},"content":{"rendered":"<p>Uncle Bills (UBL) cung c\u1ea5p h\u01a1n 1800 s\u1ea3n ph\u1ea9m ti\u00eau d\u00f9ng ti\u1ec7n \u00edch, t\u1ea5t c\u1ea3 \u0111\u1ec1u h\u1ea5p d\u1eabn, ti\u1ec7n l\u1ee3i v\u00e0 gi\u00e1 tr\u1ecb n\u1ed5i b\u1eadt x\u1ee9ng v\u1edbi s\u1ed1 ti\u1ec1n b\u1ecf ra. S\u1ea3n ph\u1ea9m bao g\u1ed3m nhi\u1ec1u lo\u1ea1i, t\u1eeb \u0111\u1ed3 d\u00f9ng nh\u00e0 b\u1ebfp, ch\u0103m s\u00f3c c\u00e1 nh\u00e2n, v\u1ec7 sinh v\u00e0 l\u01b0u tr\u1eef, d\u1ee5ng c\u1ee5 DIY (t\u1ef1 l\u00e0m), ngo\u00e0i tr\u1eddi, v\u0103n ph\u00f2ng ph\u1ea9m v\u00e0 \u0111\u1ed3 d\u00f9ng cho tr\u1ebb em.<\/p>\n<p>S\u1ea3n ph\u1ea9m c\u1ee7a UBL do Uncle Bills Australia ph\u00e1t tri\u1ec3n, gi\u00e1m s\u00e1t v\u00e0 ki\u1ec3m tra ch\u1ea5t l\u01b0\u1ee3ng. S\u1ea3n ph\u1ea9m \u0111\u00e3 \u0111\u01b0\u1ee3c b\u00e1n t\u1ea1i h\u01a1n 10,000 c\u1eeda h\u00e0ng tr\u00ean h\u01a1n 50 qu\u1ed1c gia, bao g\u1ed3m Ch\u00e2u \u00c2u, Ch\u00e2u \u00dac, Ch\u00e2u \u00c1 v\u00e0 Ch\u00e2u Phi.<\/p>\n<p><img fetchpriority=\"high\" decoding=\"async\" class=\"aligncenter\" src=\"https:\/\/cf.shopee.vn\/file\/f6797de1ee745a2dc0d45cb02727d617\" alt=\"T\u00fai \u0110\u1ef1ng R\u00e1c Th\u00fa C\u01b0ng T\u1ef1 Ph\u00e2n H\u1ee7y Uncle Bills PA3372 | Shopee Vi\u1ec7t Nam\" width=\"584\" height=\"584\" \/><\/p>\n<p><span style=\"font-weight: 400\">C\u1ecd qu\u00e9t d\u00f9ng \u0111\u1ec3 l\u00e0m b\u00e1nh Uncle Bills \u0111\u01b0\u1ee3c l\u00e0m t\u1eeb ch\u1ea5t li\u1ec7u b\u1eb1ng silicon cao c\u1ea5p \u0111\u1ea3m b\u1ea3o an to\u00e0n, ch\u1ed1ng n\u00f3ng v\u00e0 c\u00f3 \u0111\u1ed9 b\u1ec1n d\u00e0i l\u00e2u. T\u1eeb nay vi\u1ec7c l\u00e0m b\u00e1nh s\u1ebd tr\u1edf n\u00ean d\u1ec5 d\u00e0ng h\u01a1n bao gi\u1edd h\u1ebft.\u00a0<\/span><\/p>\n<p><span style=\"font-weight: 400\">D\u1ee5ng c\u1ee5 \u0111\u01b0\u1ee3c l\u00e0m ho\u00e0n to\u00e0n t\u1eeb silicon cao c\u1ea5p, tuy\u1ec7t \u0111\u1ed1i an to\u00e0n cho s\u1ee9c kh\u1ecfe ng\u01b0\u1eddi s\u1eed d\u1ee5ng. \u0110\u1eb7c bi\u1ec7t ch\u1ea5t li\u1ec7u silicon b\u1ec1n \u0111\u1eb9p v\u1edbi th\u1eddi gian, ch\u1ecbu \u0111\u01b0\u1ee3c nhi\u1ec7t \u0111\u1ed9 t\u1ed1t. S\u1ea3n ph\u1ea9m c\u00f2n c\u00f3 t\u00ednh n\u0103ng ch\u1ecbu d\u1ea7u v\u00e0 n\u01b0\u1edbc r\u1ea5t t\u1ed1t, d\u1ec5 d\u00e0ng v\u1ec7 sinh, ch\u1ec9 c\u1ea7n r\u1eeda s\u1ea1ch l\u00e0 c\u00f3 th\u1ec3 s\u1eed d\u1ee5ng l\u1ea1i.<\/span><\/p>\n<p><span style=\"font-weight: 400\">\u00a0<img decoding=\"async\" class=\"aligncenter\" src=\"https:\/\/havamall.vn\/wp-content\/uploads\/2021\/06\/155f161d804eadde8e2d01e3851b7d8b.jpg_1200x1200q80.jpg_.webp\" alt=\"B\u1ed9 3 D\u1ee5ng c\u1ee5 l\u00e0m b\u00e1nh b\u1eb1ng Silicon UBL KA0160 ch\u00ednh h\u00e3ng s\u1eed d\u1ee5ng r\u1ea5t b\u1ec1n | Lazada.vn\" width=\"597\" height=\"398\" \/><\/span><\/p>\n<p><span style=\"font-weight: 400\">\u0110\u1ec3 v\u1ecf b\u00e1nh v\u00e0ng \u0111\u1eb9p, b\u1ea1n c\u1ea7n qu\u00e9t l\u00ean b\u1ed9t m\u1ed9t l\u1edbp tr\u1ee9ng ho\u1eb7c s\u1eefa. Khi \u0111\u00f3 chi\u1ebfc ch\u1ed5i qu\u00e9t b\u1eb1ng silicon s\u1ebd tr\u1ee3 gi\u00fap b\u1ea1n \u0111\u1eafc l\u1ef1c. V\u1edbi \u0111\u1ea7u l\u00f4ng si\u00eau m\u01b0\u1ee3t gi\u00fap b\u1ea1n d\u1ec5 d\u00e0ng qu\u00e9t b\u01a1, tr\u1ee9ng l\u00ean m\u1eb7t b\u00e1nh ti\u1ec7n l\u1ee3i nh\u1ea5t.<\/span><\/p>\n<p><span style=\"font-weight: 400\">C\u1ecd qu\u00e9t c\u00f3 c\u00e1n b\u1eb1ng nh\u1ef1a c\u1ee9ng v\u1eeba nh\u1eb9 v\u1eeba an to\u00e0n ngay c\u1ea3 khi \u1edf nhi\u1ec7t \u0111\u1ed9 cao, ch\u1eafc ch\u1eafn s\u1ebd l\u00e0 d\u1ee5ng c\u1ee5 kh\u00f4ng th\u1ec3 thi\u1ebfu m\u1ed7i khi b\u1ea1n c\u1ea7n qu\u00e9t tr\u1ee9ng khi l\u00e0m b\u00e1nh ho\u1eb7c qu\u00e9t n\u01b0\u1edbc s\u1ed1t l\u00ean th\u1ecbt n\u01b0\u1edbng.<\/span><\/p>\n<p><img decoding=\"async\" class=\"aligncenter\" src=\"https:\/\/havamall.vn\/wp-content\/uploads\/2021\/06\/37ca031a5607d63cc4394f0166dc12e3.jpg\" alt=\"C\u1ecd Ch\u1ed5i Qu\u00e9t Silicone L\u00e0m B\u1ebfp N\u01b0\u1edbng B\u00e1nh Ph\u1ebft Th\u1ecbt N\u01b0\u1edbng BBQ Gia V\u1ecb \u0110\u1eafp M\u1eb7t N\u1ea1 | Lazada.vn\" width=\"613\" height=\"612\" \/><\/p>\n<p><span style=\"font-weight: 400\">D\u00f9ng qu\u00e9t d\u1ea1ng ch\u1ea5t l\u1ecfng nh\u01b0 d\u1ea7u, m\u1eadt ong\u2026 \u0111\u1ec3 n\u01b0\u1edbng th\u1ecbt, b\u00e1nh trung thu, ph\u1ebft b\u01a1, tr\u1ee9ng l\u00ean b\u00e1nh..Ch\u1ed5i qu\u00e9t silicon c\u00e1n nh\u1ef1a v\u1edbi k\u00edch th\u01b0\u1edbc nh\u1ecf g\u1ecdn, t\u00ednh n\u0103ng linh ho\u1ea1t, s\u1ebd khi\u1ebfn m\u1ecdi m\u00f3n n\u01b0\u1edbng tr\u1edf n\u00ean b\u00f3ng \u0111\u1eb9p, h\u1ea5p d\u1eabn v\u1edbi l\u1edbp b\u01a1, d\u1ea7u ph\u1ebft \u0111\u1eb9p m\u1eaft. Ch\u1ea5t li\u1ec7u silicone ch\u1ecbu nhi\u1ec7t t\u1ed1t, l\u00f4ng qu\u00e9t kh\u00f4ng b\u1ecb r\u1ee5ng so v\u1edbi c\u00e1c lo\u1ea1i ch\u1ed5i qu\u00e9t kh\u00e1c.<\/span><\/p>\n<p><img loading=\"lazy\" decoding=\"async\" class=\"aligncenter\" src=\"https:\/\/cf.shopee.vn\/file\/5bca41bbb2ee8dbeebe756500514f8c8\" alt=\"Ch\u1ed5i qu\u00e9t d\u1ea7u silicon, Gi\u00e1 th\u00e1ng 11\/2020\" width=\"598\" height=\"599\" \/><\/p>\n<p><span style=\"font-weight: 400\">Tr\u1ecdng l\u01b0\u1ee3ng nh\u1eb9 v\u00e0 k\u00edch th\u01b0\u1edbc nh\u1ecf D\u1ec5 mang theo Thu\u1eadn ti\u1ec7n khi s\u1eed d\u1ee5ng v\u00e0 v\u1ec7 sinh B\u1ec1n v\u00e0 thi\u1ebft th\u1ef1c \u0110\u01b0\u1ee3c l\u00e0m t\u1eeb silicone c\u1ea5p th\u1ef1c ph\u1ea9m C\u00f4ng c\u1ee5 tuy\u1ec7t v\u1eddi cho l\u00e0m b\u00e1nh ho\u1eb7c th\u1ecbt n\u01b0\u1edbng.<\/span><\/p>\n<h4><strong>\u0110\u1eb7c \u0111i\u1ec3m c\u1ee7a s\u1ea3n ph\u1ea9m:<\/strong><\/h4>\n<p><span style=\"font-weight: 400\">&#8211; Ch\u1ea5t li\u1ec7u silicon an to\u00e0n. Ch\u1ecbu \u0111\u01b0\u1ee3c nhi\u1ec7t \u0111\u1ed9 cao r\u1ea5t t\u1ed1t.Thi\u1ebft k\u1ebf \u0111\u1eb9p, m\u00e0u s\u1eafc b\u1eaft m\u1eaft, s\u1eed d\u1ee5ng b\u1ec1n.<\/span><\/p>\n<p><span style=\"font-weight: 400\">&#8211; S\u1eed d\u1ee5ng ph\u1ebft kem l\u00e0m b\u00e1nh, ph\u1ebft m\u1eadt ong ho\u1eb7c ph\u1ebft d\u1ea7u, gia v\u1ecb khi n\u1ea5u n\u01b0\u1edbng.<\/span><\/p>\n<p><span style=\"font-weight: 400\">&#8211; K\u00edch th\u01b0\u1edbc: d\u00e0i 25cm, tay c\u1ea7m d\u00e0y, ch\u1eafc ch\u1eafn cho thao t\u00e1c d\u1ec5 d\u00e0ng.<\/span><\/p>\n<p><span style=\"font-weight: 400\">&#8211; C\u00f3 m\u00f3c treo, d\u1ec5 d\u00e0ng v\u1ec7 sinh.<\/span><\/p>\n<p><span style=\"font-weight: 400\">&#8211; Thi\u1ebft k\u1ebf nh\u1ecf g\u1ecdn, d\u1ec5 s\u1eed d\u1ee5ng<\/span><\/p>\n<p><span style=\"font-weight: 400\">&#8211; Thi\u1ebft k\u1ebf nh\u1ecf g\u1ecdn, ti\u1ec7n d\u1ee5ng, kh\u00f4ng chi\u1ebfm nhi\u1ec1u kh\u00f4ng gian trong b\u1ebfp.<\/span><\/p>\n<p><img loading=\"lazy\" decoding=\"async\" class=\"aligncenter\" src=\"https:\/\/havamall.vn\/wp-content\/uploads\/2021\/06\/co-choi-silicon-duc-21cm-4-b66bd57e-36bb-40d8-a5da-409dca13a61c.png\" alt=\"C\u1ecd, Ch\u1ed5i Qu\u00e9t D\u1ea7u Silicon \u0110\u00fac 21cm (Brush Silicon Oil)\" width=\"611\" height=\"611\" \/><\/p>\n<h4><strong>H\u01b0\u1edbng d\u1eabn s\u1eed d\u1ee5ng:<\/strong><\/h4>\n<p><span style=\"font-weight: 400\">\u2013 D\u00f9ng \u0111\u1ec3 qu\u00e9t, ph\u1ebft b\u01a1, tr\u1ee9ng l\u00ean m\u1eb7t b\u00e1nh ti\u1ec7n l\u1ee3i<\/span><\/p>\n<p><span style=\"font-weight: 400\">\u2013 Qu\u00e9t d\u1ea7u b\u01a1 l\u00ean khu\u00f4n ho\u1eb7c ch\u1ea3o.<\/span><\/p>\n<p><span style=\"font-weight: 400\">\u2013 Ngo\u00e0i ra c\u00f2n c\u00f3 th\u1ec3 d\u00f9ng \u0111\u1ec3 qu\u00e9t n\u01b0\u1edbc s\u1ed1t khi n\u01b0\u1edbng th\u1ecbt<\/span><\/p>\n<p>S\u1ea3n ph\u1ea9m \u0111\u00e3 c\u00f3 m\u1eb7t t\u1ea1i Havamall.<\/p>","protected":false},"excerpt":{"rendered":"<p>Uncle Bills (UBL) cung c\u1ea5p h\u01a1n 1800 s\u1ea3n ph\u1ea9m ti\u00eau d\u00f9ng ti\u1ec7n \u00edch, t\u1ea5t c\u1ea3 \u0111\u1ec1u h\u1ea5p d\u1eabn, ti\u1ec7n l\u1ee3i<\/p>","protected":false},"featured_media":20440,"comment_status":"open","ping_status":"closed","template":"","meta":[],"product_brand":[],"product_cat":[393,255,35],"product_tag":[],"class_list":{"0":"post-20382","1":"product","2":"type-product","3":"status-publish","4":"has-post-thumbnail","6":"product_cat-bep-phong-an","7":"product_cat-nguyen-lieu-lam-banh","8":"product_cat-nha-cua-doi-song","9":"pa_brand-uncle-bills","11":"first","12":"instock","13":"sale","14":"shipping-taxable","15":"purchasable","16":"product-type-simple"},"_links":{"self":[{"href":"https:\/\/havamall.vn\/en\/wp-json\/wp\/v2\/product\/20382"}],"collection":[{"href":"https:\/\/havamall.vn\/en\/wp-json\/wp\/v2\/product"}],"about":[{"href":"https:\/\/havamall.vn\/en\/wp-json\/wp\/v2\/types\/product"}],"replies":[{"embeddable":true,"href":"https:\/\/havamall.vn\/en\/wp-json\/wp\/v2\/comments?post=20382"}],"version-history":[{"count":0,"href":"https:\/\/havamall.vn\/en\/wp-json\/wp\/v2\/product\/20382\/revisions"}],"wp:featuredmedia":[{"embeddable":true,"href":"https:\/\/havamall.vn\/en\/wp-json\/wp\/v2\/media\/20440"}],"wp:attachment":[{"href":"https:\/\/havamall.vn\/en\/wp-json\/wp\/v2\/media?parent=20382"}],"wp:term":[{"taxonomy":"product_brand","embeddable":true,"href":"https:\/\/havamall.vn\/en\/wp-json\/wp\/v2\/product_brand?post=20382"},{"taxonomy":"product_cat","embeddable":true,"href":"https:\/\/havamall.vn\/en\/wp-json\/wp\/v2\/product_cat?post=20382"},{"taxonomy":"product_tag","embeddable":true,"href":"https:\/\/havamall.vn\/en\/wp-json\/wp\/v2\/product_tag?post=20382"}],"curies":[{"name":"wp","href":"https:\/\/api.w.org\/{rel}","templated":true}]}}