{"id":20374,"date":"2021-06-02T17:28:32","date_gmt":"2021-06-02T10:28:32","guid":{"rendered":"https:\/\/havamall.vn\/?post_type=product&#038;p=20374"},"modified":"2023-09-25T15:28:18","modified_gmt":"2023-09-25T08:28:18","slug":"luoc-chai-chi-uncle-bills-lice-comb","status":"publish","type":"product","link":"https:\/\/havamall.vn\/en\/shop\/luoc-chai-chi-uncle-bills-lice-comb\/","title":{"rendered":"L\u01b0\u1ee3c Ch\u1ea3i Ch\u00ed &#8211; Uncle Bills Lice Comb"},"content":{"rendered":"<p>Uncle Bills (UBL) cung c\u1ea5p h\u01a1n 1800 s\u1ea3n ph\u1ea9m ti\u00eau d\u00f9ng ti\u1ec7n \u00edch, t\u1ea5t c\u1ea3 \u0111\u1ec1u h\u1ea5p d\u1eabn, ti\u1ec7n l\u1ee3i v\u00e0 gi\u00e1 tr\u1ecb n\u1ed5i b\u1eadt x\u1ee9ng v\u1edbi s\u1ed1 ti\u1ec1n b\u1ecf ra. S\u1ea3n ph\u1ea9m bao g\u1ed3m nhi\u1ec1u lo\u1ea1i, t\u1eeb \u0111\u1ed3 d\u00f9ng nh\u00e0 b\u1ebfp, ch\u0103m s\u00f3c c\u00e1 nh\u00e2n, v\u1ec7 sinh v\u00e0 l\u01b0u tr\u1eef, d\u1ee5ng c\u1ee5 DIY (t\u1ef1 l\u00e0m), ngo\u00e0i tr\u1eddi, v\u0103n ph\u00f2ng ph\u1ea9m v\u00e0 \u0111\u1ed3 d\u00f9ng cho tr\u1ebb em.<\/p>\n<p>S\u1ea3n ph\u1ea9m c\u1ee7a UBL do Uncle Bills Australia ph\u00e1t tri\u1ec3n, gi\u00e1m s\u00e1t v\u00e0 ki\u1ec3m tra ch\u1ea5t l\u01b0\u1ee3ng. S\u1ea3n ph\u1ea9m \u0111\u00e3 \u0111\u01b0\u1ee3c b\u00e1n t\u1ea1i h\u01a1n 10,000 c\u1eeda h\u00e0ng tr\u00ean h\u01a1n 50 qu\u1ed1c gia, bao g\u1ed3m Ch\u00e2u \u00c2u, Ch\u00e2u \u00dac, Ch\u00e2u \u00c1 v\u00e0 Ch\u00e2u Phi.<\/p>\n<p><img fetchpriority=\"high\" decoding=\"async\" class=\"aligncenter\" src=\"https:\/\/cf.shopee.vn\/file\/f6797de1ee745a2dc0d45cb02727d617\" alt=\"T\u00fai \u0110\u1ef1ng R\u00e1c Th\u00fa C\u01b0ng T\u1ef1 Ph\u00e2n H\u1ee7y Uncle Bills PA3372 | Shopee Vi\u1ec7t Nam\" width=\"584\" height=\"584\" \/><\/p>\n<p>Tr\u1ebb em \u1edf \u0111\u1ed9 tu\u1ed5i \u0111i h\u1ecdc th\u01b0\u1eddng hay b\u1ecb ch\u00ed, ch\u00fang g\u00e2y ng\u1ee9a khi\u1ebfn tr\u1ebb kh\u00f3 ch\u1ecbu v\u00e0 kh\u00f4ng th\u1ec3 t\u1eadp trung cho vi\u1ec7c h\u1ecdc. Do \u0111\u00f3,\u00a0L\u01b0\u1ee3c ch\u1ea3i ch\u00ed Uncle bills AH2250\u00a0&#8211; M\u1ed9t b\u1ed9 g\u1ed3m 2 l\u01b0\u1ee3c, m\u1ed9t b\u1eb1ng kim lo\u1ea1i v\u00e0 m\u1ed9t b\u1eb1ng nh\u1ef1a l\u00e0 s\u1ef1 l\u1ef1a ch\u1ecdn l\u00fd t\u01b0\u1edfng c\u1ee7a nh\u1eefng b\u1eadc ph\u1ee5 huynh lo l\u1eafng cho tr\u1ebb nh\u1ecf.<\/p>\n<p><img decoding=\"async\" class=\"aligncenter\" src=\"https:\/\/havamall.vn\/wp-content\/uploads\/2021\/06\/ah2250__1__ec76aca7c35640248b835c03eb0444ae.jpg\" alt=\"L\u01b0\u1ee3c ch\u1ea3i ch\u00ed 2 c\u00e1i\/b\u1ed9 - Uncle Bills\" width=\"575\" height=\"574\" \/><br \/>\nB\u1ed9 l\u01b0\u1ee3c ch\u1ea3i 2 c\u00e1i UBL c\u00f3 tay c\u1ea7m t\u1eadn d\u1ee5ng ch\u1ea5t li\u1ec7u nh\u1ef1a PP nh\u1eb9 nh\u00e0ng k\u1ebft h\u1ee3p v\u1edbi b\u1ed9 r\u0103ng l\u01b0\u1ee3c \u0111\u01b0\u1ee3c thi\u1ebft k\u1ebf b\u1edfi c\u00e1c s\u1ee3i kim lo\u1ea1i hay nh\u1ef1a m\u1ec1m v\u1edbi \u0111\u01b0\u1eddng k\u00ednh nh\u1ecf, m\u1ec1m m\u1ea1i \u0111\u1ea3m b\u1ea3o qu\u00e9t s\u1ea1ch ch\u00ed v\u00e0 kh\u00f4ng g\u00e2y t\u1ed5n th\u01b0\u01a1ng cho da \u0111\u1ea7u ph\u00f9 h\u1ee3p v\u1edbi m\u1ecdi \u0111\u1ed1i t\u01b0\u1ee3ng s\u1eed d\u1ee5ng.<\/p>\n<p><img decoding=\"async\" class=\"aligncenter\" src=\"https:\/\/havamall.vn\/wp-content\/uploads\/2021\/06\/713MZZnatUL._SL1200_.jpg\" alt=\"Acu-Life Lice Comb, 2 Pack: Amazon.in: Health &amp;amp; Personal Care\" width=\"592\" height=\"592\" \/><\/p>\n<p>B\u1ed9 l\u01b0\u1ee3c ch\u1ea3i ch\u00ed c\u00f3 thi\u1ebft k\u1ebf g\u1ecdn g\u00e0ng, m\u1ecfng nh\u1eb9 nh\u01b0ng kh\u00f4ng d\u1ec5 g\u00e3y, c\u00f3 th\u1ec3 ch\u1ecbu \u0111\u01b0\u1ee3c c\u00e1c lo\u1ea1i va ch\u1ea1m v\u1eeba ph\u1ea3i v\u00e0 \u0111\u1eb7c bi\u1ec7t c\u00f2n c\u00f3 tay c\u1ea7m ch\u1eafc ch\u1eafn thu\u1eadn ti\u1ec7n cho vi\u1ec7c s\u1eed d\u1ee5ng.<\/p>\n<p><img loading=\"lazy\" decoding=\"async\" class=\"aligncenter\" src=\"https:\/\/havamall.vn\/wp-content\/uploads\/2021\/06\/chay-trung.jpg\" alt=\"Ch\u1ea5y c\u00f9ng t\u1ea5t c\u1ea3 nh\u1eefng ki\u1ebfn th\u1ee9c v\u1ec1 ch\u1ea5y\" width=\"594\" height=\"321\" \/><\/p>\n<p id=\"tw-target-text\" class=\"tw-data-text tw-text-large XcVN5d tw-ta\" dir=\"ltr\"><span class=\"Y2IQFc\" lang=\"vi\">Com bo g\u1ed3m 2 s\u1ea3n ph\u1ea9m ti\u1ec7n d\u1ee5ng. L\u01b0\u1ee3c ghim ng\u1eafn d\u00e0nh cho ch\u00ed v\u00e0 tr\u1ee9ng, \u0111\u01b0\u1ee3c thi\u1ebft k\u1ebf \u0111\u1ec3 d\u1ec5 d\u00e0ng ti\u1ebfp c\u1eadn ch\u00e2n t\u00f3c n\u01a1i c\u00f3 ch\u1ea5y v\u00e0 tr\u1ee9ng. L\u01b0\u1ee3c ghim d\u00e0i d\u00e0nh cho tr\u1ee9ng ch\u00ed, \u0111\u01b0\u1ee3c thi\u1ebft k\u1ebf \u0111\u1ec3 \u0111\u1ea1t hi\u1ec7u qu\u1ea3 t\u1ed1i \u0111a b\u1eb1ng c\u00e1ch lo\u1ea1i b\u1ecf nhi\u1ec1u tr\u1ee9ng ch\u1ea5y v\u1edbi m\u1ed7i l\u1ea7n \u0111i qua t\u00f3c.<\/span><\/p>\n<p dir=\"ltr\">S\u1ea3n ph\u1ea9m hi\u1ec7n \u0111\u00e3 c\u00f3 m\u1eb7t t\u1ea1i Havamall.<\/p>","protected":false},"excerpt":{"rendered":"<p>Uncle Bills (UBL) cung c\u1ea5p h\u01a1n 1800 s\u1ea3n ph\u1ea9m ti\u00eau d\u00f9ng ti\u1ec7n \u00edch, t\u1ea5t c\u1ea3 \u0111\u1ec1u h\u1ea5p d\u1eabn, ti\u1ec7n l\u1ee3i<\/p>","protected":false},"featured_media":30874,"comment_status":"open","ping_status":"closed","template":"","meta":[],"product_brand":[],"product_cat":[35],"product_tag":[],"class_list":{"0":"post-20374","1":"product","2":"type-product","3":"status-publish","4":"has-post-thumbnail","6":"product_cat-nha-cua-doi-song","7":"pa_brand-uncle-bills","9":"first","10":"instock","11":"sale","12":"shipping-taxable","13":"purchasable","14":"product-type-simple"},"_links":{"self":[{"href":"https:\/\/havamall.vn\/en\/wp-json\/wp\/v2\/product\/20374"}],"collection":[{"href":"https:\/\/havamall.vn\/en\/wp-json\/wp\/v2\/product"}],"about":[{"href":"https:\/\/havamall.vn\/en\/wp-json\/wp\/v2\/types\/product"}],"replies":[{"embeddable":true,"href":"https:\/\/havamall.vn\/en\/wp-json\/wp\/v2\/comments?post=20374"}],"version-history":[{"count":0,"href":"https:\/\/havamall.vn\/en\/wp-json\/wp\/v2\/product\/20374\/revisions"}],"wp:featuredmedia":[{"embeddable":true,"href":"https:\/\/havamall.vn\/en\/wp-json\/wp\/v2\/media\/30874"}],"wp:attachment":[{"href":"https:\/\/havamall.vn\/en\/wp-json\/wp\/v2\/media?parent=20374"}],"wp:term":[{"taxonomy":"product_brand","embeddable":true,"href":"https:\/\/havamall.vn\/en\/wp-json\/wp\/v2\/product_brand?post=20374"},{"taxonomy":"product_cat","embeddable":true,"href":"https:\/\/havamall.vn\/en\/wp-json\/wp\/v2\/product_cat?post=20374"},{"taxonomy":"product_tag","embeddable":true,"href":"https:\/\/havamall.vn\/en\/wp-json\/wp\/v2\/product_tag?post=20374"}],"curies":[{"name":"wp","href":"https:\/\/api.w.org\/{rel}","templated":true}]}}