{"id":20366,"date":"2021-06-02T17:01:13","date_gmt":"2021-06-02T10:01:13","guid":{"rendered":"https:\/\/havamall.vn\/?post_type=product&#038;p=20366"},"modified":"2022-01-09T23:31:29","modified_gmt":"2022-01-09T16:31:29","slug":"nen-ly-thom-uncle-bills-candle-scented-glass","status":"publish","type":"product","link":"https:\/\/havamall.vn\/en\/shop\/nen-ly-thom-uncle-bills-candle-scented-glass\/","title":{"rendered":"N\u1ebfn Ly Th\u01a1m &#8211; Uncle Bills Candle Scented Glass"},"content":{"rendered":"<p>Uncle Bills (UBL) cung c\u1ea5p h\u01a1n 1800 s\u1ea3n ph\u1ea9m ti\u00eau d\u00f9ng ti\u1ec7n \u00edch, t\u1ea5t c\u1ea3 \u0111\u1ec1u h\u1ea5p d\u1eabn, ti\u1ec7n l\u1ee3i v\u00e0 gi\u00e1 tr\u1ecb n\u1ed5i b\u1eadt x\u1ee9ng v\u1edbi s\u1ed1 ti\u1ec1n b\u1ecf ra. S\u1ea3n ph\u1ea9m bao g\u1ed3m nhi\u1ec1u lo\u1ea1i, t\u1eeb \u0111\u1ed3 d\u00f9ng nh\u00e0 b\u1ebfp, ch\u0103m s\u00f3c c\u00e1 nh\u00e2n, v\u1ec7 sinh v\u00e0 l\u01b0u tr\u1eef, d\u1ee5ng c\u1ee5 DIY (t\u1ef1 l\u00e0m), ngo\u00e0i tr\u1eddi, v\u0103n ph\u00f2ng ph\u1ea9m v\u00e0 \u0111\u1ed3 d\u00f9ng cho tr\u1ebb em.<\/p>\n<p>S\u1ea3n ph\u1ea9m c\u1ee7a UBL do Uncle Bills Australia ph\u00e1t tri\u1ec3n, gi\u00e1m s\u00e1t v\u00e0 ki\u1ec3m tra ch\u1ea5t l\u01b0\u1ee3ng. S\u1ea3n ph\u1ea9m \u0111\u00e3 \u0111\u01b0\u1ee3c b\u00e1n t\u1ea1i h\u01a1n 10,000 c\u1eeda h\u00e0ng tr\u00ean h\u01a1n 50 qu\u1ed1c gia, bao g\u1ed3m Ch\u00e2u \u00c2u, Ch\u00e2u \u00dac, Ch\u00e2u \u00c1 v\u00e0 Ch\u00e2u Phi.<\/p>\n<p><img fetchpriority=\"high\" decoding=\"async\" class=\"aligncenter\" src=\"https:\/\/cf.shopee.vn\/file\/f6797de1ee745a2dc0d45cb02727d617\" alt=\"T\u00fai \u0110\u1ef1ng R\u00e1c Th\u00fa C\u01b0ng T\u1ef1 Ph\u00e2n H\u1ee7y Uncle Bills PA3372 | Shopee Vi\u1ec7t Nam\" width=\"584\" height=\"584\" \/><\/p>\n<p>N\u1ebfn ly th\u01a1m Uncle Bills 8.5x9cm\u00a0\u0111\u01b0\u1ee3c l\u00e0m t\u1eeb s\u00e1p c\u00e2y c\u1ecd kh\u00f4ng b\u1ecb v\u1ee1 v\u1ee5n trong qu\u00e1 tr\u00ecnh s\u1eed d\u1ee5ng. S\u1ea3n ph\u1ea9m kh\u00f4ng ch\u1ee9a th\u00e0nh ph\u1ea7n \u0111\u1ed9c h\u1ea1i, \u0111\u1ea3m b\u1ea3o an to\u00e0n cho s\u1ee9c kh\u1ecfe.<br \/>\nLy n\u1ebfn th\u01a1m thu\u1ef7 tinh Uncle Bills \u0111\u01b0\u01a1\u0323c l\u00e0m t\u1eeb ch\u1ea5t li\u1ec7u th\u1ee7y tinh v\u00e0 s\u00e1p ch\u1ea5t l\u01b0\u1ee3ng cao, \u0111\u1ea3m b\u1ea3o kh\u00f4ng ch\u1ee9a c\u00e1c ch\u1ea5t \u0111\u1ed9c h\u1ea1i n\u00ean r\u1ea5t an to\u00e0n cho s\u1ee9c kh\u1ecfe c\u1ee7a ng\u01b0\u1eddi d\u00f9ng.<\/p>\n<p><img decoding=\"async\" class=\"wp-image-20370 aligncenter\" src=\"https:\/\/havamall.vn\/wp-content\/uploads\/2021\/06\/Kulecha_Candle-300x200.png\" alt=\"\" width=\"587\" height=\"391\" srcset=\"https:\/\/havamall.vn\/wp-content\/uploads\/2021\/06\/Kulecha_Candle-300x200.png 300w, https:\/\/havamall.vn\/wp-content\/uploads\/2021\/06\/Kulecha_Candle-430x287.png 430w, https:\/\/havamall.vn\/wp-content\/uploads\/2021\/06\/Kulecha_Candle-150x100.png 150w, https:\/\/havamall.vn\/wp-content\/uploads\/2021\/06\/Kulecha_Candle-700x467.png 700w, https:\/\/havamall.vn\/wp-content\/uploads\/2021\/06\/Kulecha_Candle-768x512.png 768w, https:\/\/havamall.vn\/wp-content\/uploads\/2021\/06\/Kulecha_Candle-1024x683.png 1024w, https:\/\/havamall.vn\/wp-content\/uploads\/2021\/06\/Kulecha_Candle.png 1200w, https:\/\/havamall.vn\/wp-content\/uploads\/2021\/06\/Kulecha_Candle-600x400.png 600w\" sizes=\"(max-width: 587px) 100vw, 587px\" \/><br \/>\nS\u1ea3n ph\u1ea9m th\u01b0\u1eddng \u0111\u01b0\u1ee3c th\u1eafp nhi\u1ec1u ly c\u00f9ng m\u1ed9t l\u00fac \u0111\u1ec3 t\u1ea1o ra m\u1ed9t khung c\u1ea3nh \u00e1nh s\u00e1ng lung linh \u0111\u1eb9p m\u1eaft. Do k\u00edch th\u01b0\u1edbc c\u1ee7a ly n\u1ebfn nh\u1ecf n\u00ean m\u1ee9c \u0111\u1ed9 \u00e1nh s\u00e1ng r\u1ea5t d\u1ecbu v\u00e0 l\u00e3ng m\u1ea1n, r\u1ea5t h\u1ee3p v\u1edbi c\u00e1c khung c\u1ea3nh c\u1ee7a ti\u1ec7c sinh nh\u1eadt, s\u1ef1 ki\u1ec7n hay \u0111\u01a1n gi\u1ea3n l\u00e0 th\u1eafp trong ph\u00f2ng tr\u00e0 ho\u1eb7c ph\u00f2ng t\u00ecnh y\u00eau c\u1ee7a \u0111\u00f4i uy\u00ean \u01b0\u01a1ng.<\/p>\n<p><img decoding=\"async\" class=\"wp-image-20371 aligncenter\" src=\"https:\/\/havamall.vn\/wp-content\/uploads\/2021\/06\/original_scented-glass-candles-with-petals-20-hour-burn-time-300x300.png\" alt=\"\" width=\"598\" height=\"598\" srcset=\"https:\/\/havamall.vn\/wp-content\/uploads\/2021\/06\/original_scented-glass-candles-with-petals-20-hour-burn-time-300x300.png 300w, https:\/\/havamall.vn\/wp-content\/uploads\/2021\/06\/original_scented-glass-candles-with-petals-20-hour-burn-time-430x430.png 430w, https:\/\/havamall.vn\/wp-content\/uploads\/2021\/06\/original_scented-glass-candles-with-petals-20-hour-burn-time-150x150.png 150w, https:\/\/havamall.vn\/wp-content\/uploads\/2021\/06\/original_scented-glass-candles-with-petals-20-hour-burn-time-700x700.png 700w, https:\/\/havamall.vn\/wp-content\/uploads\/2021\/06\/original_scented-glass-candles-with-petals-20-hour-burn-time-768x768.png 768w, https:\/\/havamall.vn\/wp-content\/uploads\/2021\/06\/original_scented-glass-candles-with-petals-20-hour-burn-time-600x600.png 600w, https:\/\/havamall.vn\/wp-content\/uploads\/2021\/06\/original_scented-glass-candles-with-petals-20-hour-burn-time-100x100.png 100w, https:\/\/havamall.vn\/wp-content\/uploads\/2021\/06\/original_scented-glass-candles-with-petals-20-hour-burn-time.png 1024w\" sizes=\"(max-width: 598px) 100vw, 598px\" \/><br \/>\nN\u1ebfn \u0111\u01b0\u1ee3c \u0111\u1ef1ng trong ly nh\u1ecf c\u00f3 m\u00e0u s\u1eafc \u0111\u1eb9p m\u1eaft v\u00e0 tinh t\u1ebf, \u0111\u1ea7u n\u1ebfn d\u1ec5 \u0111\u1ed1t gi\u00fap ti\u1ebft ki\u1ec7m th\u1eddi gian. S\u1ea3n ph\u1ea9m th\u00edch h\u1ee3p s\u1eed d\u1ee5ng \u0111\u1ec3 trang tr\u00ed trong c\u00e1c qu\u00e1n c\u00e0 ph\u00ea, spa, kh\u00e1ch s\u1ea1n nh\u00e0 h\u00e0ng ho\u1eb7c c\u00e1c s\u1ef1 ki\u1ec7n, l\u1ec5 h\u1ed9i&#8230;<\/p>\n<p><img loading=\"lazy\" decoding=\"async\" class=\"aligncenter\" src=\"https:\/\/havamall.vn\/wp-content\/uploads\/2021\/06\/de70a2f14fd97ed8487e4af2230d5ac9.jpg\" alt=\"Ly N\u1ebfn Th\u01a1m 7.5 x 5cm - Uncle Bills - Giao M\u00e0u Ng\u1eabu Nhi\u00ean - N\u1ebfn trang tr\u00ed | NoiThatRuby.com\" width=\"607\" height=\"607\" \/><\/p>\n<h4><strong>\u01afu \u0111i\u1ec3m:<\/strong><\/h4>\n<p>&#8211; N\u1ebfn ly th\u01a1m c\u00f3 thi\u1ebft k\u1ebf trang nh\u00e3, c\u00f9ng v\u1edbi h\u01b0\u01a1ng th\u01a1m nh\u1eb9 d\u1ecbu \u0111em l\u1ea1i cho b\u1ea1n c\u1ea3m gi\u00e1c d\u1ec5 ch\u1ecbu v\u00e0 th\u01b0 gi\u00e3n.<\/p>\n<p>&#8211; \u0110\u1ea7u \u0111\u1ed1t b\u1eaft l\u1eeda nhanh v\u00e0 kh\u00f4ng t\u1ea1o ra kh\u00f3i m\u00f9i kh\u00f3 ch\u1ecbu khi \u0111\u1ed1t, mang \u0111\u1ebfn c\u1ea3m gi\u00e1c tho\u1ea3i m\u00e1i cho ng\u01b0\u1eddi d\u00f9ng.<\/p>\n<p>&#8211; N\u1ebfn\u00a0th\u00edch h\u1ee3p d\u00f9ng \u0111\u1ec3 th\u1eafp khi c\u00fap \u0111i\u1ec7n ho\u1eb7c khi u\u1ed1ng tr\u00e0, \u0103n t\u1ed1i, t\u1ea1o n\u00ean \u00e1nh s\u00e1ng lung linh v\u00e0 c\u1ea3m gi\u00e1c \u1ea5m c\u00fang cho kh\u00f4ng gian.<\/p>\n<p>&#8211; N\u1ebfn ly th\u01a1m c\u00f2n \u0111\u01b0\u1ee3c d\u00f9ng \u0111\u1ec3 trang tr\u00ed ph\u00f2ng ng\u1ee7 th\u00eam l\u00e3ng m\u1ea1n, ho\u1eb7c trang tr\u00ed \u1edf\u00a0ph\u00f2ng kh\u00e1ch\u00a0hay trong nh\u00e0 t\u1eafm c\u0169ng r\u1ea5t th\u00edch h\u1ee3p.<\/p>\n<p>S\u1ea3n ph\u1ea9m hi\u1ec7n \u0111\u00e3 c\u00f3 m\u1eb7t t\u1ea1i Havamall.<\/p>","protected":false},"excerpt":{"rendered":"<p>Uncle Bills (UBL) cung c\u1ea5p h\u01a1n 1800 s\u1ea3n ph\u1ea9m ti\u00eau d\u00f9ng ti\u1ec7n \u00edch, t\u1ea5t c\u1ea3 \u0111\u1ec1u h\u1ea5p d\u1eabn, ti\u1ec7n l\u1ee3i<\/p>","protected":false},"featured_media":20372,"comment_status":"open","ping_status":"closed","template":"","meta":[],"product_brand":[],"product_cat":[394,35],"product_tag":[],"class_list":{"0":"post-20366","1":"product","2":"type-product","3":"status-publish","4":"has-post-thumbnail","6":"product_cat-trang-tri-nha-cua","7":"product_cat-nha-cua-doi-song","8":"pa_brand-uncle-bills","10":"first","11":"outofstock","12":"sale","13":"shipping-taxable","14":"purchasable","15":"product-type-simple"},"_links":{"self":[{"href":"https:\/\/havamall.vn\/en\/wp-json\/wp\/v2\/product\/20366"}],"collection":[{"href":"https:\/\/havamall.vn\/en\/wp-json\/wp\/v2\/product"}],"about":[{"href":"https:\/\/havamall.vn\/en\/wp-json\/wp\/v2\/types\/product"}],"replies":[{"embeddable":true,"href":"https:\/\/havamall.vn\/en\/wp-json\/wp\/v2\/comments?post=20366"}],"version-history":[{"count":0,"href":"https:\/\/havamall.vn\/en\/wp-json\/wp\/v2\/product\/20366\/revisions"}],"wp:featuredmedia":[{"embeddable":true,"href":"https:\/\/havamall.vn\/en\/wp-json\/wp\/v2\/media\/20372"}],"wp:attachment":[{"href":"https:\/\/havamall.vn\/en\/wp-json\/wp\/v2\/media?parent=20366"}],"wp:term":[{"taxonomy":"product_brand","embeddable":true,"href":"https:\/\/havamall.vn\/en\/wp-json\/wp\/v2\/product_brand?post=20366"},{"taxonomy":"product_cat","embeddable":true,"href":"https:\/\/havamall.vn\/en\/wp-json\/wp\/v2\/product_cat?post=20366"},{"taxonomy":"product_tag","embeddable":true,"href":"https:\/\/havamall.vn\/en\/wp-json\/wp\/v2\/product_tag?post=20366"}],"curies":[{"name":"wp","href":"https:\/\/api.w.org\/{rel}","templated":true}]}}