{"id":20348,"date":"2021-06-02T15:30:00","date_gmt":"2021-06-02T08:30:00","guid":{"rendered":"https:\/\/havamall.vn\/?post_type=product&#038;p=20348"},"modified":"2022-05-10T09:51:40","modified_gmt":"2022-05-10T02:51:40","slug":"bo-thia-va-dao-tron-bot-3-cai-uncle-bills-kitchen-spatula-set-3-piece","status":"publish","type":"product","link":"https:\/\/havamall.vn\/en\/shop\/bo-thia-va-dao-tron-bot-3-cai-uncle-bills-kitchen-spatula-set-3-piece\/","title":{"rendered":"B\u1ed9 Th\u00eca V\u00e0 Dao Tr\u1ed9n B\u1ed9t 3 C\u00e1i &#8211; Uncle Bills Kitchen Spatula Set 3 Piece"},"content":{"rendered":"<p>Uncle Bills (UBL) cung c\u1ea5p h\u01a1n 1800 s\u1ea3n ph\u1ea9m ti\u00eau d\u00f9ng ti\u1ec7n \u00edch, t\u1ea5t c\u1ea3 \u0111\u1ec1u h\u1ea5p d\u1eabn, ti\u1ec7n l\u1ee3i v\u00e0 gi\u00e1 tr\u1ecb n\u1ed5i b\u1eadt x\u1ee9ng v\u1edbi s\u1ed1 ti\u1ec1n b\u1ecf ra. S\u1ea3n ph\u1ea9m bao g\u1ed3m nhi\u1ec1u lo\u1ea1i, t\u1eeb \u0111\u1ed3 d\u00f9ng nh\u00e0 b\u1ebfp, ch\u0103m s\u00f3c c\u00e1 nh\u00e2n, v\u1ec7 sinh v\u00e0 l\u01b0u tr\u1eef, d\u1ee5ng c\u1ee5 DIY (t\u1ef1 l\u00e0m), ngo\u00e0i tr\u1eddi, v\u0103n ph\u00f2ng ph\u1ea9m v\u00e0 \u0111\u1ed3 d\u00f9ng cho tr\u1ebb em.<\/p>\n<p>S\u1ea3n ph\u1ea9m c\u1ee7a UBL do Uncle Bills Australia ph\u00e1t tri\u1ec3n, gi\u00e1m s\u00e1t v\u00e0 ki\u1ec3m tra ch\u1ea5t l\u01b0\u1ee3ng. S\u1ea3n ph\u1ea9m \u0111\u00e3 \u0111\u01b0\u1ee3c b\u00e1n t\u1ea1i h\u01a1n 10,000 c\u1eeda h\u00e0ng tr\u00ean h\u01a1n 50 qu\u1ed1c gia, bao g\u1ed3m Ch\u00e2u \u00c2u, Ch\u00e2u \u00dac, Ch\u00e2u \u00c1 v\u00e0 Ch\u00e2u Phi.<\/p>\n<p><img fetchpriority=\"high\" decoding=\"async\" class=\"aligncenter\" src=\"https:\/\/cf.shopee.vn\/file\/f6797de1ee745a2dc0d45cb02727d617\" alt=\"T\u00fai \u0110\u1ef1ng R\u00e1c Th\u00fa C\u01b0ng T\u1ef1 Ph\u00e2n H\u1ee7y Uncle Bills PA3372 | Shopee Vi\u1ec7t Nam\" width=\"552\" height=\"552\" \/><\/p>\n<p><span style=\"font-weight: 400\">B\u1ed9 th\u00eca v\u00e0 dao Uncle Bills<\/span><span style=\"font-weight: 400\"> \u0111a n\u0103ng \u0111\u1ec3 l\u00e0m \u0111\u01b0\u1ee3c nh\u1eefng chi\u1ebfc b\u00e1nh n\u01b0\u1edbng v\u1eeba ngon v\u1eeba \u0111\u1eb9p m\u1eaft\u00a0 m\u1ed9t c\u00e1ch nhanh ch\u00f3ng, th\u00ec b\u1ea1n c\u1ea7n c\u00f3 \u0111\u1ea7y \u0111\u1ee7 d\u1ee5ng c\u1ee5 \u0111\u1ec3 l\u00e0m b\u00e1nh. Ch\u00fang t\u00f4i xin gi\u1edbi thi\u1ec7u t\u1edbi b\u1ea1n b\u1ed9 th\u00eca tr\u1ed9n b\u1ed9t l\u00e0m b\u00e1nh \u0111a n\u0103ng. B\u1ed9 g\u1ed3m 3 th\u00eca c\u00f3 th\u1ec3 s\u1eed d\u1ee5ng \u0111\u1ec3 v\u00e9t b\u1ed9t, c\u1eaft b\u1ed9t ho\u1eb7c c\u1eaft b\u00e1nh khi ch\u00edn. V\u1edbi nhi\u1ec1u k\u00edch c\u1ee1 kh\u00e1c nhau. B\u1ed9 th\u00eca l\u00e0m b\u00e1nh \u0111a n\u0103ng l\u00e0 s\u1ef1 l\u1ef1a ch\u1ecdn th\u00f4ng minh c\u1ee7a ng\u01b0\u1eddi n\u1ed9i tr\u1ee3. Ho\u1eb7c d\u00f9ng \u0111\u1ec3 tr\u1ed9n v\u00e0 khu\u1ea5y th\u1ee9c \u0103n khi n\u1ea5u n\u01b0\u1edbng.Ch\u1ea5t li\u1ec7u an to\u00e0n, m\u00e0u s\u1eafc b\u1eaft m\u1eaft.<\/span><\/p>\n<p><img decoding=\"async\" class=\"aligncenter\" src=\"https:\/\/havamall.vn\/wp-content\/uploads\/2021\/06\/untitled_4b5a427b2c1c4af093bf7baf188faf49_master.jpg\" alt=\"B\u1ed9 Th\u00eca v\u00e0 Dao 3 c\u00e1i KA0041 \u2013 AeonEshop\" width=\"548\" height=\"547\" \/><\/p>\n<p><span style=\"font-weight: 400\">\u0110\u1ec3 l\u00e0m \u0111\u01b0\u1ee3c nh\u1eefng chi\u1ebfc b\u00e1nh n\u01b0\u1edbng v\u1eeba ngon v\u1eeba \u0111\u1eb9p m\u1eaft nhanh ch\u00f3ng, b\u1ea1n c\u1ea7n c\u00f3 \u0111\u1ea7y \u0111\u1ee7 d\u1ee5ng c\u1ee5 \u0111\u1ec3 l\u00e0m b\u00e1nh.\u00a0<\/span><span style=\"font-weight: 400\">B\u1ed9 th\u00eca v\u00e0 dao s\u1ebd gi\u00fap c\u00f4ng vi\u1ec7c l\u00e0m b\u00e1nh c\u1ee7a b\u1ea1n tr\u1edf n\u00ean th\u00fa v\u1ecb v\u00e0 nhanh ch\u00f3ng h\u01a1n. B\u1ed9 s\u1ea3n ph\u1ea9m g\u1ed3m 3 th\u00eca, v\u1edbi c\u00e1c k\u00edch th\u01b0\u1edbc 26cm, 24cm, 22cm.<\/span><\/p>\n<p><span style=\"font-weight: 400\">B\u1ed9 g\u1ed3m 3 th\u00eca c\u00f3 th\u1ec3 s\u1eed d\u1ee5ng \u0111\u1ec3 v\u00e9t b\u1ed9t, c\u1eaft b\u1ed9t ho\u1eb7c c\u1eaft b\u00e1nh khi ch\u00edn. V\u1edbi nhi\u1ec1u k\u00edch c\u1ee1 kh\u00e1c nhau. B\u1ed9 th\u00eca l\u00e0m b\u00e1nh \u0111a n\u0103ng l\u00e0 s\u1ef1 l\u1ef1a ch\u1ecdn th\u00f4ng minh c\u1ee7a ng\u01b0\u1eddi n\u1ed9i tr\u1ee3. B\u1ed9 3 th\u00eca v\u00e9t b\u1ed9t \u0111a n\u0103ng v\u1edbi ch\u1ea5t li\u1ec7u an to\u00e0n, mang \u0111\u1ebfn s\u1ef1 an t\u00e2m cho ng\u01b0\u1eddi s\u1eed d\u1ee5ng.<\/span><\/p>\n<p><img decoding=\"async\" class=\"wp-image-20355 aligncenter\" src=\"https:\/\/havamall.vn\/wp-content\/uploads\/2021\/06\/146808-bo-da-300x215.jpg\" alt=\"\" width=\"545\" height=\"391\" srcset=\"https:\/\/havamall.vn\/wp-content\/uploads\/2021\/06\/146808-bo-da-300x215.jpg 300w, https:\/\/havamall.vn\/wp-content\/uploads\/2021\/06\/146808-bo-da-430x308.jpg 430w, https:\/\/havamall.vn\/wp-content\/uploads\/2021\/06\/146808-bo-da-150x107.jpg 150w, https:\/\/havamall.vn\/wp-content\/uploads\/2021\/06\/146808-bo-da-700x501.jpg 700w, https:\/\/havamall.vn\/wp-content\/uploads\/2021\/06\/146808-bo-da-600x429.jpg 600w, https:\/\/havamall.vn\/wp-content\/uploads\/2021\/06\/146808-bo-da.jpg 710w\" sizes=\"(max-width: 545px) 100vw, 545px\" \/><\/p>\n<h4><strong>\u0110i\u1ec3m n\u1ed5i b\u1eadt:<\/strong><\/h4>\n<p><span style=\"font-weight: 400\">&#8211; B\u1ed9 th\u00eca v\u00e0 dao nh\u1ef1a 3 c\u00e1i gi\u00fap b\u1ea1n d\u1ec5 d\u00e0ng ch\u1ebf bi\u1ebfn nh\u1eefng m\u00f3n b\u00e1nh th\u01a1m ngon, ng\u1ecdt ng\u00e0o \u0111\u1ec3 \u0111\u00e3i c\u1ea3 nh\u00e0, ho\u1eb7c l\u00e0m qu\u00e0 t\u1eb7ng.<\/span><\/p>\n<p><span style=\"font-weight: 400\">&#8211; C\u00e1c d\u1ee5ng c\u1ee5 \u0111a n\u0103ng, c\u00f3 th\u1ec3 s\u1eed d\u1ee5ng \u0111\u1ec3 tr\u1ed9n b\u1ed9t, v\u00e9t b\u1ed9t, t\u00e1ch b\u00e1nh ra kh\u1ecfi khu\u00f4n, c\u1eaft b\u00e1nh khi ch\u00edn.<\/span><\/p>\n<p><span style=\"font-weight: 400\">&#8211; Ch\u1ea5t\u00a0 li\u1ec7u an to\u00e0n, \u0111\u01b0\u1ee3c ki\u1ec3m ch\u1ee9ng theo ti\u00eau chu\u1ea9n ch\u1ea5t l\u01b0\u1ee3ng c\u1ee7a Ch\u00e2u \u00c2u.<\/span><\/p>\n<p><span style=\"font-weight: 400\">&#8211; Ki\u1ec3u d\u00e1ng nh\u1ecf nh\u1eafn, v\u1eeba v\u1eb7n tay c\u1ea7m, gi\u00fap cho thao t\u00e1c nhanh ch\u00f3ng v\u00e0 d\u1ec5 d\u00e0ng h\u01a1n.<\/span><\/p>\n<p><img loading=\"lazy\" decoding=\"async\" class=\"wp-image-20356 aligncenter\" src=\"https:\/\/havamall.vn\/wp-content\/uploads\/2021\/06\/Screensh-300x201.png\" alt=\"\" width=\"551\" height=\"369\" srcset=\"https:\/\/havamall.vn\/wp-content\/uploads\/2021\/06\/Screensh-300x201.png 300w, https:\/\/havamall.vn\/wp-content\/uploads\/2021\/06\/Screensh-430x289.png 430w, https:\/\/havamall.vn\/wp-content\/uploads\/2021\/06\/Screensh-150x101.png 150w, https:\/\/havamall.vn\/wp-content\/uploads\/2021\/06\/Screensh-600x403.png 600w, https:\/\/havamall.vn\/wp-content\/uploads\/2021\/06\/Screensh.png 608w\" sizes=\"(max-width: 551px) 100vw, 551px\" \/><\/p>\n<h4><strong>Th\u00f4ng tin s\u1ea3n ph\u1ea9m:<\/strong><\/h4>\n<p><span style=\"font-weight: 400\">&#8211; T\u00ean s\u1ea3n ph\u1ea9m: B\u1ed9 th\u00eca v\u00e0 dao nh\u1ef1a 3 c\u00e1i<\/span><\/p>\n<p><span style=\"font-weight: 400\">&#8211; Ch\u1ea5t li\u1ec7u: Nh\u1ef1a cao c\u1ea5p<\/span><\/p>\n<p><span style=\"font-weight: 400\">&#8211; M\u00e0u s\u1eafc: Tr\u1eafng, xanh<\/span><\/p>\n<p><span style=\"font-weight: 400\">&#8211; Bao g\u1ed3m: 2 th\u00eca, 1 dao<\/span><\/p>\n<p><span style=\"font-weight: 400\">&#8211; K\u00edch th\u01b0\u1edbc: 33&#215;13 cm<\/span><\/p>\n<p>S\u1ea3n ph\u1ea9m hi\u1ec7n \u0111\u00e3 c\u00f3 m\u1eb7t t\u1ea1i Havamall.<\/p>","protected":false},"excerpt":{"rendered":"<p>Uncle Bills (UBL) cung c\u1ea5p h\u01a1n 1800 s\u1ea3n ph\u1ea9m ti\u00eau d\u00f9ng ti\u1ec7n \u00edch, t\u1ea5t c\u1ea3 \u0111\u1ec1u h\u1ea5p d\u1eabn, ti\u1ec7n l\u1ee3i<\/p>","protected":false},"featured_media":20354,"comment_status":"open","ping_status":"closed","template":"","meta":[],"product_brand":[],"product_cat":[393,255,35],"product_tag":[],"class_list":{"0":"post-20348","1":"product","2":"type-product","3":"status-publish","4":"has-post-thumbnail","6":"product_cat-bep-phong-an","7":"product_cat-nguyen-lieu-lam-banh","8":"product_cat-nha-cua-doi-song","9":"pa_brand-uncle-bills","11":"first","12":"instock","13":"sale","14":"shipping-taxable","15":"purchasable","16":"product-type-simple"},"_links":{"self":[{"href":"https:\/\/havamall.vn\/en\/wp-json\/wp\/v2\/product\/20348"}],"collection":[{"href":"https:\/\/havamall.vn\/en\/wp-json\/wp\/v2\/product"}],"about":[{"href":"https:\/\/havamall.vn\/en\/wp-json\/wp\/v2\/types\/product"}],"replies":[{"embeddable":true,"href":"https:\/\/havamall.vn\/en\/wp-json\/wp\/v2\/comments?post=20348"}],"version-history":[{"count":0,"href":"https:\/\/havamall.vn\/en\/wp-json\/wp\/v2\/product\/20348\/revisions"}],"wp:featuredmedia":[{"embeddable":true,"href":"https:\/\/havamall.vn\/en\/wp-json\/wp\/v2\/media\/20354"}],"wp:attachment":[{"href":"https:\/\/havamall.vn\/en\/wp-json\/wp\/v2\/media?parent=20348"}],"wp:term":[{"taxonomy":"product_brand","embeddable":true,"href":"https:\/\/havamall.vn\/en\/wp-json\/wp\/v2\/product_brand?post=20348"},{"taxonomy":"product_cat","embeddable":true,"href":"https:\/\/havamall.vn\/en\/wp-json\/wp\/v2\/product_cat?post=20348"},{"taxonomy":"product_tag","embeddable":true,"href":"https:\/\/havamall.vn\/en\/wp-json\/wp\/v2\/product_tag?post=20348"}],"curies":[{"name":"wp","href":"https:\/\/api.w.org\/{rel}","templated":true}]}}