{"id":20319,"date":"2021-06-02T10:06:07","date_gmt":"2021-06-02T03:06:07","guid":{"rendered":"https:\/\/havamall.vn\/?post_type=product&#038;p=20319"},"modified":"2021-10-26T17:01:45","modified_gmt":"2021-10-26T10:01:45","slug":"gia-phoi-quan-ao-tron-18-moc-uncle-bills-clip-dry-hanger-18-pegs","status":"publish","type":"product","link":"https:\/\/havamall.vn\/en\/shop\/gia-phoi-quan-ao-tron-18-moc-uncle-bills-clip-dry-hanger-18-pegs\/","title":{"rendered":"Gi\u00e1 Ph\u01a1i Qu\u1ea7n \u00c1o Tr\u00f2n 18 M\u00f3c &#8211; Uncle Bills Clip &amp; Dry Hanger 18 Pegs"},"content":{"rendered":"<table>\n<thead>\n<tr>\n<td>Th\u01b0\u01a1ng hi\u1ec7u<\/td>\n<td>Uncle Bills<\/td>\n<\/tr>\n<tr>\n<td>Xu\u1ea5t x\u1ee9<\/td>\n<td>Trung Qu\u1ed1c<\/td>\n<\/tr>\n<tr>\n<td>M\u00e0u s\u1eafc<\/td>\n<td>\u0110en<\/td>\n<\/tr>\n<tr>\n<td>Ch\u1ea5t li\u1ec7u<\/td>\n<td>Nh\u1ef1a<\/td>\n<\/tr>\n<tr>\n<td>K\u00edch th\u01b0\u1edbc<\/td>\n<td>\u0110\u01b0\u1eddng k\u00ednh 30cm, 18 m\u00f3c d\u00e0i 5cm<\/td>\n<\/tr>\n<\/thead>\n<\/table>\n<p>Uncle Bills (UBL) cung c\u1ea5p h\u01a1n 1800 s\u1ea3n ph\u1ea9m ti\u00eau d\u00f9ng phi th\u01b0\u0323c ph\u00e2\u0309m h\u00e2\u0301p d\u00e2\u0303n, ti\u00ea\u0323n i\u0301ch, gia\u0301 ph\u1ea3i ch\u0103ng. S\u1ea3n ph\u1ea9m bao g\u1ed3m nhi\u1ec1u lo\u1ea1i ha\u0300ng ho\u0301a kh\u00e1c nhau, t\u1eeb \u0111\u1ed3 du\u0300ng nh\u00e0 b\u1ebfp, ch\u0103m s\u00f3c c\u00e1 nh\u00e2n, l\u00e0m s\u1ea1ch nha\u0300 c\u01b0\u0309a, \u0111\u00f4\u0300 l\u01b0u tr\u1eef, ca\u0301c loa\u0323i du\u0323ng cu\u0323, v\u00e2\u0323t du\u0323ng ngo\u00e0i tr\u1eddi v\u00e0 ca\u0309 cho tr\u1ebb em.\u00a0 UBL Lu\u00f4n lu\u00f4n c\u00e2\u0323p nh\u00e2\u0323t ca\u0301c sa\u0309n ph\u00e2\u0309m m\u01a1\u0301i.<\/p>\n<p>S\u1ea3n ph\u1ea9m UBL \u0111\u01b0\u1ee3c s\u1ea3n xu\u1ea5t theo ti\u00eau chu\u1ea9n ch\u1ea5t l\u01b0\u1ee3ng nghi\u00eam ng\u1eb7t c\u1ee7a UBL Hongkong v\u00e0 b\u00e1n t\u1ea1i h\u01a1n 50 qu\u1ed1c gia v\u01a1\u0301i h\u01a1n 10.000 c\u1eeda h\u00e0ng, bao g\u1ed3m ch\u00e2u \u00c2u, \u00dac, Ch\u00e2u \u00c1, Ch\u00e2u Phi. S\u1ee9 m\u1ec7nh c\u1ee7a UBL l\u00e0 cung c\u1ea5p nh\u1eefng s\u1ea3n ph\u1ea9m ti\u1ec7n \u00edch v\u00e0 h\u1ea5p d\u1eabn cho ng\u00f4i nh\u00e0 hi\u1ec7n \u0111\u1ea1i c\u1ee7a ng\u01b0\u1eddi Vi\u1ec7t Nam.<\/p>\n<p><img fetchpriority=\"high\" decoding=\"async\" class=\"aligncenter\" src=\"https:\/\/cf.shopee.vn\/file\/f6797de1ee745a2dc0d45cb02727d617\" alt=\"T\u00fai \u0110\u1ef1ng R\u00e1c Th\u00fa C\u01b0ng T\u1ef1 Ph\u00e2n H\u1ee7y Uncle Bills PA3372 | Shopee Vi\u1ec7t Nam\" width=\"626\" height=\"626\" \/><\/p>\n<p>M\u00f3c Tr\u00f2n Ph\u01a1i Qu\u1ea7n \u00c1o 18 K\u1eb9p Uncle Bills \u0111\u01b0\u1ee3c l\u00e0m t\u1eeb ch\u1ea5t li\u1ec7u nh\u1ef1a cao c\u1ea5p, kh\u00f4ng ch\u1ee9a ch\u1ea5t \u0111\u1ed9c h\u1ea1i, an to\u00e0n cho ng\u01b0\u1eddi d\u00f9ng. S\u1ea3n ph\u1ea9m ch\u1ecbu l\u1ef1c t\u1ed1t, \u0111\u1ea3m b\u1ea3o b\u1ec1n \u0111\u1eb9p v\u1edbi th\u1eddi gian.<\/p>\n<p>S\u1ea3n ph\u1ea9m c\u00f3 thi\u1ebft k\u1ebf ti\u1ec7n d\u1ee5ng d\u1ec5 d\u00e0ng th\u00e1o l\u1eafp, gi\u00fap ti\u1ebft ki\u1ec7m kh\u00f4ng gian cho gia \u0111\u00ecnh b\u1ea1n. Gi\u00e1 treo thi\u1ebft k\u1ebf c\u00e1c k\u1eb9p kho\u1ea3ng c\u00e1ch xa nhau, qu\u1ea7n \u00e1o c\u1ee7a gia \u0111\u00ecnh s\u1ebd nhanh kh\u00f4 h\u01a1n.<\/p>\n<p><img decoding=\"async\" class=\"wp-image-20323 aligncenter\" src=\"https:\/\/havamall.vn\/wp-content\/uploads\/2021\/06\/item_294-240x300.jpg\" alt=\"\" width=\"548\" height=\"685\" srcset=\"https:\/\/havamall.vn\/wp-content\/uploads\/2021\/06\/item_294-240x300.jpg 240w, https:\/\/havamall.vn\/wp-content\/uploads\/2021\/06\/item_294-430x537.jpg 430w, https:\/\/havamall.vn\/wp-content\/uploads\/2021\/06\/item_294-150x187.jpg 150w, https:\/\/havamall.vn\/wp-content\/uploads\/2021\/06\/item_294.jpg 559w\" sizes=\"(max-width: 548px) 100vw, 548px\" \/><\/p>\n<p>M\u00f3c ph\u01a1i qu\u1ea7n ao tr\u00f2n 18 k\u1eb9p Uncle Bills g\u1ed3m 18 k\u1eb9p ti\u1ec7n d\u1ee5ng, ph\u00f9 h\u1ee3p \u0111\u1ec3 ph\u01a1i c\u00e1c lo\u1ea1i qu\u1ea7n \u00e1o, kh\u0103n,\u0111\u1ed3 tr\u1ebb em&#8230;b\u1ea1n c\u00f3 th\u1ec3 ph\u01a1i c\u00f9ng l\u00fac nhi\u1ec1u qu\u1ea7n \u00e1o, gi\u00fap ti\u1ebft ki\u1ec7m th\u1eddi gian cho b\u1ea1n. K\u1eb9p ph\u01a1i \u0111\u1ed3 d\u1ea1ng treo l\u00e0 v\u1eadt d\u1ee5ng kh\u00f4ng th\u1ec3 thi\u1ebfu cho m\u1ecdi gia \u0111\u00ecnh.<\/p>\n<p><img decoding=\"async\" class=\"aligncenter\" src=\"https:\/\/havamall.vn\/wp-content\/uploads\/2021\/06\/uxdesn_simg_de2fe0_500x500_maxb_f8d8f7e45baa48a8a4ea864e07d60ba7_grande.jpg\" alt=\"Gi\u00e1 Ph\u01a1i Qu\u1ea7n \u00c1o Tr\u00f2n 18 M\u00f3c - BL0246 - Uncle Bills \u2013 Si\u00eau Th\u1ecb S\u00e1ch Nh\u00e2n V\u0103n\" \/><\/p>\n<p>M\u00f3c Tr\u00f2n Ph\u01a1i Qu\u1ea7n \u00c1o 18 K\u1eb9p Uncle Bills \u0111\u01b0\u1ee3c l\u00e0m t\u1eeb ch\u1ea5t li\u1ec7u nh\u1ef1a cao c\u1ea5p n\u00ean r\u1ea5t ch\u1eafc ch\u1eafn v\u00e0 an to\u00e0n, \u0111\u1ea3m b\u1ea3o kh\u00f4ng m\u1ee5c khi ph\u01a1i n\u1eafng. S\u1ed1 l\u01b0\u1ee3ng k\u1eb9p 18 k\u1eb9p ph\u00f9 h\u1ee3p cho gia \u0111\u00ecnh c\u00f3 tr\u1ebb nh\u1ecf. Dd\u1eb7c bi\u1ec7t v\u1edbi ki\u1ec3u d\u00e1ng nh\u1ecf g\u1ecdn ti\u1ebft ki\u1ec7m di\u1ec7n t\u00edch Kh\u00f3a ch\u1eafc ch\u1eafn \u0111\u1ea3m b\u1ea3o kh\u00f4ng r\u1edbt m\u00f3c d\u00f9 c\u00f3 gi\u00f3 l\u1edbn.<\/p>\n<p><img decoding=\"async\" class=\"wp-image-20322 aligncenter\" src=\"https:\/\/havamall.vn\/wp-content\/uploads\/2021\/06\/4DeOW6_simg_de2-300x300.jpg\" alt=\"\" width=\"555\" height=\"555\" srcset=\"https:\/\/havamall.vn\/wp-content\/uploads\/2021\/06\/4DeOW6_simg_de2-300x300.jpg 300w, https:\/\/havamall.vn\/wp-content\/uploads\/2021\/06\/4DeOW6_simg_de2-430x430.jpg 430w, https:\/\/havamall.vn\/wp-content\/uploads\/2021\/06\/4DeOW6_simg_de2-150x150.jpg 150w, https:\/\/havamall.vn\/wp-content\/uploads\/2021\/06\/4DeOW6_simg_de2-100x100.jpg 100w, https:\/\/havamall.vn\/wp-content\/uploads\/2021\/06\/4DeOW6_simg_de2.jpg 500w\" sizes=\"(max-width: 555px) 100vw, 555px\" \/><\/p>\n<h4><strong>\u0110\u1eb7c \u0111i\u1ec3m n\u1ed5i b\u1eadt c\u1ee7a s\u1ea3n ph\u1ea9m:<\/strong><\/h4>\n<p>&#8211; Ch\u1ea5t li\u1ec7u nh\u1ef1a cao c\u1ea5p kh\u00f4ng g\u00e2y r\u00e1ch qu\u1ea7n \u00e1o<br \/>\n&#8211; D\u1ec5 d\u00e0ng th\u00e1o l\u1eafp, c\u1ea5t gi\u1eef khi kh\u00f4ng s\u1eed d\u1ee5ng<br \/>\n&#8211; 18 k\u1eb9p treo gi\u00fap ph\u01a1i nhi\u1ec1u \u0111\u1ed3 c\u00f9ng l\u00fac<br \/>\n&#8211; D\u00f9ng ph\u01a1i \u0111\u1ed3 nh\u1ecf, nh\u1eb9 nh\u01b0 \u0111\u1ed3 l\u00f3t, kh\u0103n m\u1ecfng<\/p>\n<p>S\u1ea3n ph\u1ea9m hi\u1ec7n \u0111\u00e3 c\u00f3 m\u1eb7t t\u1ea1i Havamall.<\/p>","protected":false},"excerpt":{"rendered":"<p>Th\u01b0\u01a1ng hi\u1ec7u Uncle Bills Xu\u1ea5t x\u1ee9 Trung Qu\u1ed1c M\u00e0u s\u1eafc \u0110en Ch\u1ea5t li\u1ec7u Nh\u1ef1a K\u00edch th\u01b0\u1edbc \u0110\u01b0\u1eddng k\u00ednh 30cm, 18<\/p>","protected":false},"featured_media":20321,"comment_status":"open","ping_status":"closed","template":"","meta":[],"product_brand":[],"product_cat":[397,35],"product_tag":[],"class_list":{"0":"post-20319","1":"product","2":"type-product","3":"status-publish","4":"has-post-thumbnail","6":"product_cat-hang-me-be-do-choi","7":"product_cat-nha-cua-doi-song","8":"pa_brand-uncle-bills","10":"first","11":"instock","12":"sale","13":"shipping-taxable","14":"purchasable","15":"product-type-simple"},"_links":{"self":[{"href":"https:\/\/havamall.vn\/en\/wp-json\/wp\/v2\/product\/20319"}],"collection":[{"href":"https:\/\/havamall.vn\/en\/wp-json\/wp\/v2\/product"}],"about":[{"href":"https:\/\/havamall.vn\/en\/wp-json\/wp\/v2\/types\/product"}],"replies":[{"embeddable":true,"href":"https:\/\/havamall.vn\/en\/wp-json\/wp\/v2\/comments?post=20319"}],"version-history":[{"count":0,"href":"https:\/\/havamall.vn\/en\/wp-json\/wp\/v2\/product\/20319\/revisions"}],"wp:featuredmedia":[{"embeddable":true,"href":"https:\/\/havamall.vn\/en\/wp-json\/wp\/v2\/media\/20321"}],"wp:attachment":[{"href":"https:\/\/havamall.vn\/en\/wp-json\/wp\/v2\/media?parent=20319"}],"wp:term":[{"taxonomy":"product_brand","embeddable":true,"href":"https:\/\/havamall.vn\/en\/wp-json\/wp\/v2\/product_brand?post=20319"},{"taxonomy":"product_cat","embeddable":true,"href":"https:\/\/havamall.vn\/en\/wp-json\/wp\/v2\/product_cat?post=20319"},{"taxonomy":"product_tag","embeddable":true,"href":"https:\/\/havamall.vn\/en\/wp-json\/wp\/v2\/product_tag?post=20319"}],"curies":[{"name":"wp","href":"https:\/\/api.w.org\/{rel}","templated":true}]}}