{"id":20303,"date":"2021-06-01T16:00:33","date_gmt":"2021-06-01T09:00:33","guid":{"rendered":"https:\/\/havamall.vn\/?post_type=product&#038;p=20303"},"modified":"2025-10-10T14:42:27","modified_gmt":"2025-10-10T07:42:27","slug":"dau-huong-duong-tinh-luyen-vita-organica-premium-sunflower-oil-1l","status":"publish","type":"product","link":"https:\/\/havamall.vn\/en\/shop\/dau-huong-duong-tinh-luyen-vita-organica-premium-sunflower-oil-1l\/","title":{"rendered":"D\u1ea7u H\u01b0\u1edbng D\u01b0\u01a1ng Tinh Luy\u1ec7n &#8211; Vita Organica Premium Sunflower Oil 1L"},"content":{"rendered":"<table>\n<tbody>\n<tr>\n<td>Th\u01b0\u01a1ng hi\u1ec7u<\/td>\n<td>Vita Organica<\/td>\n<\/tr>\n<tr>\n<td>Xu\u1ea5t x\u1ee9<\/td>\n<td>Nga<\/td>\n<\/tr>\n<tr>\n<td>Th\u00e0nh ph\u1ea7n<\/td>\n<td>D\u1ea7u h\u01b0\u1edbng d\u01b0\u01a1ng tinh luy\u1ec7n 100%<\/td>\n<\/tr>\n<tr>\n<td>H\u1ea1n s\u1eed d\u1ee5ng<\/td>\n<td>18 th\u00e1ng k\u1ec3 t\u1eeb ng\u00e0y s\u1ea3n xu\u1ea5t.<\/td>\n<\/tr>\n<tr>\n<td>B\u1ea3o qu\u1ea3n<\/td>\n<td>\u0110\u1ec3 n\u01a1i kh\u00f4 r\u00e1o, tho\u00e1ng m\u00e1t, tr\u00e1nh \u00e1nh n\u1eafng tr\u1ef1c ti\u1ebfp<\/td>\n<\/tr>\n<tr>\n<td>Th\u1ec3 t\u00edch th\u1ef1c<\/td>\n<td>1 l\u00edt<\/td>\n<\/tr>\n<\/tbody>\n<\/table>\n<p>Nga l\u00e0 m\u1ed9t trong nh\u1eefng \u0111\u1ea5t n\u01b0\u1edbc c\u00f3 di\u1ec7n t\u00edch tr\u1ed3ng hoa h\u01b0\u1edbng d\u01b0\u01a1ng l\u1edbn nh\u1ea5t th\u1ebf gi\u1edbi. \u1ede n\u01a1i \u0111\u00e2y, kh\u00f4ng kh\u00f3 \u0111\u1ec3 b\u1ea1n c\u00f3 th\u1ec3 ng\u1eafm nh\u00ecn nh\u1eefng c\u00e1nh \u0111\u1ed3ng hoa m\u1eb7t tr\u1eddi b\u1ea1t ng\u00e0n, v\u00e0ng r\u1ef1c v\u1edbi nh\u1eefng th\u00e2n c\u00e2y cao h\u01a1n c\u1ea3 \u0111\u1ea7u ng\u01b0\u1eddi. H\u1ea1t h\u01b0\u1edbng d\u01b0\u01a1ng, hoa h\u01b0\u1edbng d\u01b0\u01a1ng \u0111i v\u00e0o cu\u1ed9c s\u1ed1ng c\u1ee7a ng\u01b0\u1eddi Nga c\u0169ng gi\u1ed1ng nh\u01b0 c\u00e1ch m\u00e0 k\u1eb9o cao su hay b\u1ecfng ng\u00f4 t\u1ed3n t\u1ea1i trong \u0111\u1eddi s\u1ed1ng c\u1ee7a ng\u01b0\u1eddi M\u1ef9 v\u1eady.<\/p>\n<p><img fetchpriority=\"high\" decoding=\"async\" class=\"wp-image-20304 aligncenter\" src=\"https:\/\/havamall.com\/wp-content\/uploads\/2025\/10\/176096457_1764945-300x156.jpg\" alt=\"\" width=\"611\" height=\"318\" \/><\/p>\n<p>D\u1ea7u h\u01b0\u1edbng d\u01b0\u01a1ng tinh luy\u1ec7n Vita Organica \u0111\u01b0\u1ee3c s\u1ea3n xu\u1ea5t v\u1edbi quy tr\u00ecnh h\u1ebft s\u1ee9c nghi\u00eam ng\u1eb7t. S\u1eed d\u1ee5ng c\u00f4ng ngh\u1ec7 \u00e9p l\u1ea1nh,c\u00f4ng ngh\u1ec7 hi\u1ec7n \u0111\u1ea1i theo ti\u00eau chu\u1ea9n Ch\u00e2u \u00c2u. \u0110\u1ea3m b\u1ea3o vi\u1ec7c l\u01b0u gi\u1eef t\u1ea5t c\u1ea3 c\u00e1c ch\u1ea5t dinh d\u01b0\u1ee1ng t\u1ef1 nhi\u00ean, m\u00e0 kh\u00f4ng ch\u1ee9a ch\u1ea5t b\u1ea3o qu\u1ea3n v\u00e0 ho\u00e0n to\u00e0n kh\u00f4ng c\u00f3 cholesterol, t\u1ed1t cho s\u1ee9c kh\u1ecfe ng\u01b0\u1eddi ti\u00eau d\u00f9ng.<\/p>\n<p>Trong d\u1ea7u h\u01b0\u1edbng d\u01b0\u01a1ng c\u00f3 2 lo\u1ea1i axit b\u00e9o kh\u00f4ng b\u00e3o h\u00f2a \u0111\u00f3 l\u00e0 Omega-3 v\u00e0 Omega-6, gi\u00fap l\u00e0m gi\u1ea3m h\u00e0m l\u01b0\u1ee3ng cholesterol, h\u1ea1n ch\u1ebf c\u00e1c b\u1ec7nh v\u1ec1 tim m\u1ea1ch. H\u00e0m l\u01b0\u1ee3ng Vitamin E trong d\u1ea7u h\u01b0\u1edbng d\u01b0\u01a1ng l\u00e0 cao nh\u1ea5t trong t\u1ea5t c\u1ea3 c\u00e1c lo\u1ea1i d\u1ea7u th\u1ef1c v\u1eadt. \u0110\u00e2y l\u00e0 m\u1ed9t ch\u1ea5t ch\u1ed1ng oxi h\u00f3a c\u1ef1c m\u1ea1nh, t\u0103ng c\u01b0\u1eddng h\u1ec7 tu\u1ea7n ho\u00e0n. Th\u00e0nh ph\u1ea7n Vitamin A c\u00f3 trong d\u1ea7u h\u01b0\u1edbng d\u01b0\u01a1ng c\u00f3 vai tr\u00f2 quan tr\u1ecdng trong vi\u1ec7c gi\u1ea3m thi\u1ec3u c\u00e1c b\u1ec7nh v\u1ec1 m\u1eaft, t\u1ed1t cho th\u1ecb l\u1ef1c. Ngo\u00e0i ra, d\u1ea7u h\u01b0\u1edbng d\u01b0\u01a1ng c\u00f2n gi\u00fap b\u1ed5 sung Protein, duy tr\u00ec h\u1ec7 mi\u1ec5n d\u1ecbch c\u1ee7a c\u01a1 th\u1ec3, gi\u00fap c\u01a1 th\u1ec3 kh\u1ecfe m\u1ea1nh v\u00e0 ti\u00eau h\u00f3a t\u1ed1t.<\/p>\n<p><img decoding=\"async\" class=\"wp-image-20305 aligncenter\" src=\"https:\/\/havamall.com\/wp-content\/uploads\/2025\/10\/143069038_1702941349886-300x225.jpg\" alt=\"\" width=\"603\" height=\"453\" \/><\/p>\n<p>Vi\u1ec7c s\u1eed d\u1ee5ng d\u1ea7u \u0103n h\u01b0\u1edbng d\u01b0\u01a1ng m\u1ed7i ng\u00e0y s\u1ebd gi\u00fap t\u0103ng c\u01b0\u1eddng tr\u00ed nh\u1edb, ng\u0103n ng\u1eeba l\u00e3o h\u00f3a, r\u1ea5t t\u1ed1t cho s\u1ee9c kh\u1ecfe.D\u1ea7u h\u01b0\u1edbng d\u01b0\u01a1ng Vita Organica tinh luy\u1ec7n th\u01b0\u1eddng c\u00f3 m\u00e0u h\u1ed5 ph\u00e1ch nh\u1ea1t, c\u00f3 m\u00f9i b\u00e9o nh\u01b0ng ho\u00e0n to\u00e0n ph\u00f9 h\u1ee3p v\u1edbi c\u00e1c ch\u1ebf \u0111\u1ed9 gi\u1ea3m c\u00e2n v\u00e0 c\u1ef1c k\u00ec t\u1ed1t cho tim m\u1ea1ch.<\/p>\n<p><img decoding=\"async\" class=\"aligncenter\" src=\"https:\/\/havamall.com\/wp-content\/uploads\/2025\/10\/Sunflower_AdobeStock_67768946_E.jpg\" alt=\"CME launches Black Sea sunflower oil futures | 2019-07-26 | World Grain\" width=\"604\" height=\"403\" \/><\/p>\n<p>Khoa h\u1ecdc \u0111\u00e3 ch\u1ee9ng minh c\u00e1c th\u00e0nh ph\u1ea7n h\u1ee3p ch\u1ea5t trong h\u1ea1t h\u01b0\u1edbng d\u01b0\u01a1ng ng\u0103n ch\u1eb7n c\u00e1c enzyme khi\u1ebfn c\u00e1c m\u1ea1ch m\u00e1u co l\u1ea1i, m\u1ea1ch m\u00e1u c\u1ee7a b\u1ea1n th\u01b0 gi\u00e3n h\u01a1n, gi\u1ea3m huy\u1ebft \u00e1p v\u00e0 ng\u0103n ng\u1eeba \u0111\u1ed9t qu\u1ef5 hi\u1ec7u qu\u1ea3. Ngo\u00e0i ra, h\u1ea1t h\u01b0\u1edbng d\u01b0\u01a1ng r\u1ea5t gi\u00e0u axit b\u00e9o kh\u00f4ng b\u00e3o h\u00f2a, \u0111\u1eb7c bi\u1ec7t l\u00e0 axit linoleic, c\u01a1 th\u1ec3 b\u1ea1n c\u00f3 th\u1ec3 s\u1eed d\u1ee5ng ch\u1ea5t n\u00e0y \u0111\u1ec3 t\u1ea1o ra m\u1ed9t h\u1ee3p ch\u1ea5t gi\u1ed1ng nh\u01b0 hormone gi\u00fap th\u01b0 gi\u00e3n c\u00e1c m\u1ea1ch m\u00e1u, th\u00fac \u0111\u1ea9y huy\u1ebft \u00e1p th\u1ea5p h\u01a1n. Axit b\u00e9o n\u00e0y c\u0169ng gi\u00fap gi\u1ea3m cholesterol, \u0111\u1ea9y l\u00f9i c\u00e1c b\u1ec7nh v\u1ec1 tim m\u1ea1ch.<\/p>\n<p><img loading=\"lazy\" decoding=\"async\" class=\"aligncenter\" src=\"https:\/\/havamall.com\/wp-content\/uploads\/2025\/10\/059ead9f233bec65d0d44984f9fd42a6-1800w-1200h.jpg\" alt=\"Th\u00e0nh ph\u1ea7n dinh d\u01b0\u1ee1ng c\u1ee7a d\u1ea7u oliu, c\u00f4ng th\u1ee9c ch\u1ebf bi\u1ebfn m\u00f3n \u0103n t\u1eeb d\u1ea7u n\u00e0y - Santorino\" width=\"599\" height=\"399\" \/><\/p>\n<h4><strong>\u0110\u1eb7c \u0111i\u1ec3m n\u1ed5i b\u1eadt c\u1ee7a s\u1ea3n ph\u1ea9m:<\/strong><\/h4>\n<p>&#8211; Ti\u1ebft ki\u1ec7m g\u1ea7n 30% so v\u1edbi d\u1ea7u th\u00f4ng th\u01b0\u1eddng.<br \/>\n&#8211; H\u00e0m l\u01b0\u1ee3ng Vitamln E cao v\u00e0 \u00edt ch\u1ea5t b\u00e9o b\u00e3o h\u00f2a c\u00f3 l\u1ee3i cho da v\u00e0 h\u1ec7 mi\u1ec5n d\u1ecbch.<br \/>\n&#8211; Kh\u00f4ng ch\u1ee9a cholesterol t\u1ed1t cho s\u1ee9c kh\u1ecfe. V\u00e0 l\u00e0m gi\u1ea3m n\u1ed3ng \u0111\u1ed9 cholesterol v\u00ec ch\u1ee9a nhi\u1ec1u axlt b\u00e9o kh\u00f4ng b\u00e3o h\u00f2a \u0111\u01a1n v\u00e0 \u0111a.<br \/>\n&#8211; Chi\u00ean r\u00e1n \u0111\u01b0\u1ee3c \u1edf nhi\u1ec7t \u0111\u1ed9 l\u00ean t\u1edbi 240 \u0111\u1ed9 (d\u1ea7u th\u00f4ng th\u01b0\u1eddng 170 \u0111\u1ed9)<br \/>\n&#8211; Gi\u1ea3m n\u1ed7i lo ung th\u01b0 99%, gi\u1ea3m nguy c\u01a1 m\u1ee1 m\u00e1u &#8211; nh\u1edd c\u00f4ng ngh\u1ec7 7 b\u01b0\u1edbc l\u1ecdc hi\u1ec7n \u0111\u1ea1i &#8211; lo\u1ea1i b\u1ecf ho\u00e0n to\u00e0n nh\u1eefng t\u1ea1p ch\u1ea5t.<br \/>\n&#8211; 1OO% t\u1eeb h\u1ea1t h\u01b0\u1edbng d\u01b0\u01a1ng t\u1ef1 nhi\u00ean gi\u00e0u d\u01b0\u1ee1ng ch\u1ea5t.<br \/>\n&#8211; T\u1ed1t cho tr\u1ebb nh\u1ecf, ph\u00f9 h\u1ee3p \u0111\u1ec3 ch\u1ebf bi\u1ebfn c\u00e1c m\u00f3n \u0103n cho b\u00e9<\/p>\n<p><img loading=\"lazy\" decoding=\"async\" class=\"aligncenter\" src=\"https:\/\/havamall.com\/wp-content\/uploads\/2025\/10\/Untitled-1-1200x676-6.jpg\" alt=\"D\u1ea7u h\u01b0\u1edbng d\u01b0\u01a1ng l\u00e0 g\u00ec? T\u00e1c d\u1ee5ng, l\u1ee3i \u00edch v\u00e0 m\u1ed9t s\u1ed1 l\u01b0u \u00fd khi d\u00f9ng\" width=\"608\" height=\"343\" \/><\/p>\n<h4><strong>C\u00f4ng d\u1ee5ng:<\/strong><\/h4>\n<p>&#8211; D\u1ea7u \u0103n h\u01b0\u1edbng d\u01b0\u01a1ng Vita Organica \u0111\u01b0\u1ee3c tinh ch\u1ebf 100% t\u1eeb h\u1ea1t h\u01b0\u1edbng d\u01b0\u01a1ng kh\u00f4ng bi\u1ebfn \u0111\u1ed5i gen v\u1edbi c\u00f4ng ngh\u1ec7 hi\u1ec7n \u0111\u1ea1i c\u1ee7a ch\u00e2u \u00c2u.<\/p>\n<p>&#8211; D\u1ea7u \u0103n h\u01b0\u1edbng d\u01b0\u01a1ng Vita Organica c\u00f3 l\u01b0\u1ee3ng ch\u1ea5t b\u00e9o b\u00e3o h\u00f2a th\u1ea5p v\u00e0 ch\u1ea5t ch\u1ed1ng oxi h\u00f3a r\u1ea5t t\u1ed1t cho tim m\u1ea1ch, huy\u1ebft \u00e1p, \u0111\u1ed3ng th\u1eddi l\u00e0m gi\u1ea3m l\u01b0\u1ee3ng choresterol trong m\u00e1u.<\/p>\n<p>&#8211; D\u1ea7u \u0103n h\u01b0\u1edbng d\u01b0\u01a1ng Vita Organica, s\u1ea3n ph\u1ea9m d\u00e0nh cho ng\u01b0\u1eddi ti\u00eau d\u00f9ng th\u00f4ng minh, nguy\u00ean li\u1ec7u t\u1ea1o nhi\u1ec1u m\u00f3n \u0103n ngon \u0111\u1ed3ng th\u1eddi b\u1ea3o v\u1ec7 s\u1ee9c kh\u1ecfe cho gia \u0111\u00ecnh b\u1ea1n.<\/p>\n<p>&#8211; D\u1ea7u h\u01b0\u1edbng d\u01b0\u01a1ng\u00a0r\u1ea5t gi\u00e0u vitamin E v\u00e0 \u00edt ch\u1ea5t b\u00e9o b\u00e3o h\u00f2a n\u00ean r\u1ea5t t\u1ed1t cho tim m\u1ea1ch. B\u00ean c\u1ea1nh \u0111\u00f3 s\u1eed\u00a0d\u1ee5ng d\u1ea7u h\u01b0\u1edbng d\u01b0\u01a1ng\u00a0c\u00f2n gi\u00fap ng\u0103n ng\u1eeba b\u1ec7nh th\u1ea5p kh\u1edbp, hen suy\u1ec5n, gi\u1ea3m n\u1ed3ng \u0111\u1ed9 cholesterol trong m\u00e1u, duy tr\u00ec h\u1ec7 mi\u1ec5n d\u1ecbch lu\u00f4n kh\u1ecfe m\u1ea1nh<\/p>\n<p>H\u00e3y tin d\u00f9ng d\u1ea7u h\u01b0\u1edbng d\u01b0\u01a1ng t\u1ea1i Havamall \u0111\u1ec3 nh\u1eadn \u0111\u01b0\u1ee3c s\u1ea3n ph\u1ea9m \u0111\u01b0\u1ee3c \u0111\u1ea3m b\u1ea3o ch\u1ea5t l\u01b0\u1ee3ng v\u00e0 gi\u00e1 c\u1ea3 ph\u1ea3i ch\u0103ng nh\u00e9!!!<\/p>","protected":false},"excerpt":{"rendered":"<p>Th\u01b0\u01a1ng hi\u1ec7u Vita Organica Xu\u1ea5t x\u1ee9 Nga Th\u00e0nh ph\u1ea7n D\u1ea7u h\u01b0\u1edbng d\u01b0\u01a1ng tinh luy\u1ec7n 100% H\u1ea1n s\u1eed d\u1ee5ng 18 th\u00e1ng<\/p>","protected":false},"featured_media":20320,"comment_status":"open","ping_status":"closed","template":"","meta":[],"product_brand":[],"product_cat":[36],"product_tag":[],"class_list":{"0":"post-20303","1":"product","2":"type-product","3":"status-publish","4":"has-post-thumbnail","6":"product_cat-thuc-pham-tieu-dung","8":"first","9":"outofstock","10":"sale","11":"shipping-taxable","12":"purchasable","13":"product-type-simple"},"_links":{"self":[{"href":"https:\/\/havamall.vn\/en\/wp-json\/wp\/v2\/product\/20303"}],"collection":[{"href":"https:\/\/havamall.vn\/en\/wp-json\/wp\/v2\/product"}],"about":[{"href":"https:\/\/havamall.vn\/en\/wp-json\/wp\/v2\/types\/product"}],"replies":[{"embeddable":true,"href":"https:\/\/havamall.vn\/en\/wp-json\/wp\/v2\/comments?post=20303"}],"version-history":[{"count":0,"href":"https:\/\/havamall.vn\/en\/wp-json\/wp\/v2\/product\/20303\/revisions"}],"wp:featuredmedia":[{"embeddable":true,"href":"https:\/\/havamall.vn\/en\/wp-json\/wp\/v2\/media\/20320"}],"wp:attachment":[{"href":"https:\/\/havamall.vn\/en\/wp-json\/wp\/v2\/media?parent=20303"}],"wp:term":[{"taxonomy":"product_brand","embeddable":true,"href":"https:\/\/havamall.vn\/en\/wp-json\/wp\/v2\/product_brand?post=20303"},{"taxonomy":"product_cat","embeddable":true,"href":"https:\/\/havamall.vn\/en\/wp-json\/wp\/v2\/product_cat?post=20303"},{"taxonomy":"product_tag","embeddable":true,"href":"https:\/\/havamall.vn\/en\/wp-json\/wp\/v2\/product_tag?post=20303"}],"curies":[{"name":"wp","href":"https:\/\/api.w.org\/{rel}","templated":true}]}}