{"id":20301,"date":"2021-06-01T14:53:49","date_gmt":"2021-06-01T07:53:49","guid":{"rendered":"https:\/\/havamall.vn\/?post_type=product&#038;p=20301"},"modified":"2021-06-01T14:53:49","modified_gmt":"2021-06-01T07:53:49","slug":"bong-tam-hinh-thu-bath-ball-kids-uncle-bills-2","status":"publish","type":"product","link":"https:\/\/havamall.vn\/en\/shop\/bong-tam-hinh-thu-bath-ball-kids-uncle-bills-2\/","title":{"rendered":"B\u00f4ng T\u1eafm H\u00ecnh Th\u00fa \u2013 Bath Ball Kids Uncle Bills"},"content":{"rendered":"<p>Uncle-Bills l\u00e0 c\u1eeda h\u00e0ng khuy\u1ebfn m\u00e3i theo m\u00f4 h\u00ecnh si\u00eau th\u1ecb thu nh\u1ecf \u0111\u1ea7u ti\u00ean t\u1ea1i Vi\u1ec7t Nam, cung c\u1ea5p h\u00e0ng ng\u00e0n m\u1eb7t h\u00e0ng ti\u00eau d\u00f9ng ph\u1ed5 bi\u1ebfn theo nhu c\u1ea7u c\u1ee7a kh\u00e1ch h\u00e0ng v\u1edbi m\u1ee9c gi\u00e1 h\u1ea5p d\u1eabn. V\u1edbi \u0111a d\u1ea1ng c\u00e1c m\u1eb7t h\u00e0ng ti\u00eau d\u00f9ng thi\u1ebft y\u1ebfu t\u1eeb ch\u0103m s\u00f3c c\u00e1 nh\u00e2n, ch\u0103m s\u00f3c gia \u0111\u00ecnh, qu\u1ea7n \u00e1o, \u0111\u1ed3 \u0111i\u1ec7n, ph\u1ee5 ki\u1ec7n m\u00e1y t\u00ednh, ph\u1ee5 ki\u1ec7n ti\u1ec7c t\u00f9ng, trang tr\u00ed v\u00e0 c\u1ea3 c\u00e1c m\u1eb7t h\u00e0ng v\u0103n ph\u00f2ng ph\u1ea9m\u2026 Uncle-Bills s\u1ebd mang \u0111\u1ebfn cho b\u1ea1n nhi\u1ec1u s\u1ef1 ch\u1ecdn l\u1ef1a th\u00f4ng minh v\u00e0 h\u1eefu \u00edch.<\/p>\n<p>Uncle Bills (UBL) cung c\u1ea5p h\u01a1n 1800 s\u1ea3n ph\u1ea9m ti\u00eau d\u00f9ng phi th\u01b0\u0323c ph\u00e2\u0309m h\u00e2\u0301p d\u00e2\u0303n, ti\u00ea\u0323n i\u0301ch, gia\u0301 ph\u1ea3i ch\u0103ng. S\u1ea3n ph\u1ea9m bao g\u1ed3m nhi\u1ec1u lo\u1ea1i ha\u0300ng ho\u0301a kh\u00e1c nhau, t\u1eeb \u0111\u1ed3 du\u0300ng nh\u00e0 b\u1ebfp, ch\u0103m s\u00f3c c\u00e1 nh\u00e2n, l\u00e0m s\u1ea1ch nha\u0300 c\u01b0\u0309a, \u0111\u00f4\u0300 l\u01b0u tr\u1eef, ca\u0301c loa\u0323i du\u0323ng cu\u0323, v\u00e2\u0323t du\u0323ng ngo\u00e0i tr\u1eddi v\u00e0 ca\u0309 cho tr\u1ebb em.UBL Lu\u00f4n lu\u00f4n c\u00e2\u0323p nh\u00e2\u0323t ca\u0301c sa\u0309n ph\u00e2\u0309m m\u01a1\u0301i.<\/p>\n<p><img fetchpriority=\"high\" decoding=\"async\" class=\"aligncenter\" src=\"https:\/\/cf.shopee.vn\/file\/f6797de1ee745a2dc0d45cb02727d617\" alt=\"T\u00fai \u0110\u1ef1ng R\u00e1c Th\u00fa C\u01b0ng T\u1ef1 Ph\u00e2n H\u1ee7y Uncle Bills PA3372 | Shopee Vi\u1ec7t Nam\" width=\"772\" height=\"773\" \/><\/p>\n<p>S\u1ea3n ph\u1ea9m UBL \u0111\u01b0\u1ee3c s\u1ea3n xu\u1ea5t theo ti\u00eau chu\u1ea9n ch\u1ea5t l\u01b0\u1ee3ng nghi\u00eam ng\u1eb7t c\u1ee7a UBL Hongkong v\u00e0 b\u00e1n t\u1ea1i h\u01a1n 50 qu\u1ed1c gia v\u01a1\u0301i h\u01a1n 10.000 c\u1eeda h\u00e0ng, bao g\u1ed3m ch\u00e2u \u00c2u, \u00dac, Ch\u00e2u \u00c1, Ch\u00e2u Phi. S\u1ee9 m\u1ec7nh c\u1ee7a UBL l\u00e0 cung c\u1ea5p nh\u1eefng s\u1ea3n ph\u1ea9m ti\u1ec7n \u00edch v\u00e0 h\u1ea5p d\u1eabn cho ng\u00f4i nh\u00e0 hi\u1ec7n \u0111\u1ea1i c\u1ee7a ng\u01b0\u1eddi Vi\u1ec7t Nam.<\/p>\n<p>B\u00f4ng t\u1eafm h\u00ecnh th\u00fa cho tr\u1ebb em \u0111\u01b0\u1ee3c l\u00e0m t\u1eeb ch\u1ea5t li\u1ec7u cao c\u1ea5p, an to\u00e0n cho l\u00e0n da nh\u1ea1y c\u1ea3m c\u1ee7a b\u00e9. Gi\u00fap b\u1ea1n ch\u0103m s\u00f3c b\u00e9 m\u1ed9t c\u00e1ch hi\u1ec7u qu\u1ea3 nh\u1ea5t v\u00ec l\u00e0n da c\u1ee7a tr\u1ebb nh\u1ecf r\u1ea5t nh\u1ea1y c\u1ea3m v\u00e0 d\u1ec5 b\u1ecb t\u1ed5n th\u01b0\u01a1ng, v\u00e2y n\u00ean l\u1ef1a ch\u1ecdn m\u1ed9t s\u1ea3n ph\u1ea9m t\u1eafm ph\u00f9 h\u1ee3p nh\u1ea5t cho b\u00e9, an to\u00e0n v\u1edbi l\u00e0n da c\u1ee7a b\u00e9.<\/p>\n<p><img decoding=\"async\" class=\"aligncenter\" src=\"https:\/\/havamall.vn\/wp-content\/uploads\/2021\/03\/d176a50f3a128c035ccdfc1d0cbea50c.JPG\" alt=\"B\u00f4ng t\u1eafm h\u00ecnh th\u00fa cho b\u00e9 Uncle Bills AG0361 | Tiki\" width=\"756\" height=\"504\" \/><\/p>\n<p>B\u00f4ng t\u1eafm s\u1ebd nh\u1eb9 nh\u00e0ng l\u00e0m s\u1ea1ch l\u00e0m da c\u1ee7a b\u00e9 m\u00e0 kh\u00f4ng g\u00e2y tr\u1ea7y x\u01b0\u1edbc cho b\u00e9. V\u1edbi ch\u1ea5t li\u1ec7u m\u1ec1m m\u1ea1i kh\u00f4ng ch\u1ee9a nh\u1eefng ch\u1ea5t g\u00e2y h\u1ea1i cho s\u1ee9c kh\u1ecfe c\u1ee7a tr\u1ebb n\u00ean b\u1ed1 m\u1eb9 ho\u00e0n to\u00e0n y\u00ean t\u00e2m khi d\u00f9ng \u0111\u1ec3 t\u1eafm cho con m\u00ecnh.<\/p>\n<p>B\u00f4ng t\u1eafm c\u00f3 thi\u1ebft k\u1ebf \u0111\u1ed9c \u0111\u00e1o v\u00e0 ng\u1ed9 ngh\u0129nh v\u1edbi h\u00ecnh nh\u1eefng con th\u00fa \u0111\u00e1ng y\u00eau ch\u1eafc ch\u1eafn s\u1ebd l\u00e0m cho b\u00e9 c\u1ea3m th\u1ea5y th\u00edch th\u00fa m\u1ed7i khi t\u1eafm. T\u1eeb nay b\u00e9 nh\u00e0 b\u1ea1n s\u1ebd c\u1ea3m th\u1ea5y tho\u1ea3i m\u00e1i, vui v\u1ebb h\u01a1n m\u1ed7i khi t\u1eafm.<\/p>\n<p><img decoding=\"async\" class=\"aligncenter\" src=\"https:\/\/havamall.vn\/wp-content\/uploads\/2021\/03\/d2652baf9e25c57979ef61da43272514.jpg\" alt=\"B\u00f4ng t\u1eafm h\u00ecnh th\u00fa cho b\u00e9 Uncle Bills AG0361 | Tiki\" width=\"753\" height=\"753\" \/><\/p>\n<p>Thi\u1ebft k\u1ebf xinh x\u1eafn c\u00f9ng m\u00e0u s\u1eafc \u0111\u00e1ng y\u00eau s\u1ebd thu h\u00fat s\u1ef1 ch\u00fa \u00fd c\u1ee7a b\u00e9 nh\u1edd \u0111\u00f3 k\u00edch th\u00edch \u0111\u01b0\u1ee3c s\u1ef1 ph\u00e1t tri\u1ec3n c\u1ee7a th\u1ecb gi\u00e1c.\u00a0M\u1ed7i b\u00f4ng t\u1eafm c\u00f3 ph\u1ea7n quai treo ti\u1ec7n l\u1ee3i, \u0111\u1ec3 b\u1ea1n d\u1ec5 d\u00e0ng treo v\u00e0 c\u1ea5t b\u00f4ng t\u1eafm kh\u00f4 r\u00e1o m\u1ed7i khi kh\u00f4ng s\u1eed d\u1ee5ng \u0111\u1ebfn.<\/p>\n<p><img loading=\"lazy\" decoding=\"async\" class=\"aligncenter\" src=\"https:\/\/havamall.vn\/wp-content\/uploads\/2021\/03\/su-dung-xa-phong-va-dau-goi-dung-cach-cho-be1448957863.jpg\" alt=\"S\u1eed d\u1ee5ng x\u00e0 ph\u00f2ng v\u00e0 d\u1ea7u g\u1ed9i \u0111\u00fang c\u00e1ch cho b\u00e9\" width=\"746\" height=\"497\" \/><\/p>\n<h4><strong>\u0110\u1eb7c \u0111i\u1ec3m s\u1ea3n ph\u1ea9m:<\/strong><\/h4>\n<p>\u2013 Ch\u1ea5t li\u1ec7u cao c\u1ea5p an to\u00e0n cho l\u00e0n da nh\u1ea1y c\u1ea3m c\u1ee7a b\u00e9<\/p>\n<p>\u2013 T\u1ea1o nhi\u1ec1u b\u1ecdt khi s\u1eed d\u1ee5ng<\/p>\n<p>\u2013 C\u00f3 th\u1ec3 d\u00f9ng v\u1edbi s\u1eefa t\u1eafm ho\u1eb7c x\u00e0 ph\u00f2ng<\/p>\n<p>\u2013 Masage l\u00ean da t\u1ea9y t\u1ebf b\u00e0o ch\u1ebft, r\u1eeda s\u1ea1ch b\u1ee5i b\u1ea9n tr\u00ean da<\/p>\n<p>\u2013 Th\u00fac \u0111\u1ea9y qu\u00e1 tr\u00ecnh t\u00e1i t\u1ea1o l\u00e0n da m\u1edbi m\u1ecbn m\u00e0ng h\u01a1n<\/p>\n<p>S\u1ea3n ph\u1ea9m hi\u1ec7n \u0111\u00e3 c\u00f3 m\u1eb7t t\u1ea1i Havamall.<\/p>","protected":false},"excerpt":{"rendered":"<p>Uncle-Bills l\u00e0 c\u1eeda h\u00e0ng khuy\u1ebfn m\u00e3i theo m\u00f4 h\u00ecnh si\u00eau th\u1ecb thu nh\u1ecf \u0111\u1ea7u ti\u00ean t\u1ea1i Vi\u1ec7t Nam, cung c\u1ea5p<\/p>","protected":false},"featured_media":20302,"comment_status":"open","ping_status":"closed","template":"","meta":[],"product_brand":[],"product_cat":[397,35],"product_tag":[],"class_list":{"0":"post-20301","1":"product","2":"type-product","3":"status-publish","4":"has-post-thumbnail","6":"product_cat-hang-me-be-do-choi","7":"product_cat-nha-cua-doi-song","8":"pa_brand-uncle-bills","10":"first","11":"instock","12":"sale","13":"shipping-taxable","14":"purchasable","15":"product-type-simple"},"_links":{"self":[{"href":"https:\/\/havamall.vn\/en\/wp-json\/wp\/v2\/product\/20301"}],"collection":[{"href":"https:\/\/havamall.vn\/en\/wp-json\/wp\/v2\/product"}],"about":[{"href":"https:\/\/havamall.vn\/en\/wp-json\/wp\/v2\/types\/product"}],"replies":[{"embeddable":true,"href":"https:\/\/havamall.vn\/en\/wp-json\/wp\/v2\/comments?post=20301"}],"version-history":[{"count":0,"href":"https:\/\/havamall.vn\/en\/wp-json\/wp\/v2\/product\/20301\/revisions"}],"wp:featuredmedia":[{"embeddable":true,"href":"https:\/\/havamall.vn\/en\/wp-json\/wp\/v2\/media\/20302"}],"wp:attachment":[{"href":"https:\/\/havamall.vn\/en\/wp-json\/wp\/v2\/media?parent=20301"}],"wp:term":[{"taxonomy":"product_brand","embeddable":true,"href":"https:\/\/havamall.vn\/en\/wp-json\/wp\/v2\/product_brand?post=20301"},{"taxonomy":"product_cat","embeddable":true,"href":"https:\/\/havamall.vn\/en\/wp-json\/wp\/v2\/product_cat?post=20301"},{"taxonomy":"product_tag","embeddable":true,"href":"https:\/\/havamall.vn\/en\/wp-json\/wp\/v2\/product_tag?post=20301"}],"curies":[{"name":"wp","href":"https:\/\/api.w.org\/{rel}","templated":true}]}}