{"id":20288,"date":"2021-05-28T17:32:16","date_gmt":"2021-05-28T10:32:16","guid":{"rendered":"https:\/\/havamall.vn\/?post_type=product&#038;p=20288"},"modified":"2022-01-09T23:32:14","modified_gmt":"2022-01-09T16:32:14","slug":"nui-tinh-bot-gao-fuma-rice-starch-macaroni","status":"publish","type":"product","link":"https:\/\/havamall.vn\/en\/shop\/nui-tinh-bot-gao-fuma-rice-starch-macaroni\/","title":{"rendered":"Nui Tinh B\u1ed9t G\u1ea1o &#8211; Fuma Rice Starch Macaroni"},"content":{"rendered":"<table>\n<tbody>\n<tr>\n<td><span style=\"font-weight: 400;\">Th\u01b0\u01a1ng hi\u1ec7u<\/span><\/td>\n<td><span style=\"font-weight: 400;\">Fuma<\/span><\/td>\n<\/tr>\n<tr>\n<td><span style=\"font-weight: 400;\">Xu\u1ea5t x\u1ee9<\/span><\/td>\n<td><span style=\"font-weight: 400;\">Vi\u1ec7t Nam<\/span><\/td>\n<\/tr>\n<tr>\n<td><span style=\"font-weight: 400;\">Th\u00e0nh ph\u1ea7n<\/span><\/td>\n<td><span style=\"font-weight: 400;\"> Tinh b\u1ed9t g\u1ea1o, tinh b\u1ed9t khoai m\u00ec<\/span><\/td>\n<\/tr>\n<tr>\n<td><span style=\"font-weight: 400;\">H\u1ea1n s\u1eed d\u1ee5ng<\/span><\/td>\n<td><span style=\"font-weight: 400;\">12 th\u00e1ng k\u1ec3 t\u1eeb ng\u00e0y s\u1ea3n xu\u1ea5t.<\/span><\/td>\n<\/tr>\n<tr>\n<td><span style=\"font-weight: 400;\">B\u1ea3o qu\u1ea3n<\/span><\/td>\n<td><span style=\"font-weight: 400;\">\u0110\u1ec3 n\u01a1i kh\u00f4 r\u00e1o, tho\u00e1ng m\u00e1t, tr\u00e1nh \u00e1nh n\u1eafng tr\u1ef1c ti\u1ebfp<\/span><\/td>\n<\/tr>\n<tr>\n<td><span style=\"font-weight: 400;\">Kh\u1ed1i l\u01b0\u1ee3ng t\u1ecbnh<\/span><\/td>\n<td><span style=\"font-weight: 400;\">500g<\/span><\/td>\n<\/tr>\n<\/tbody>\n<\/table>\n<p><span style=\"font-weight: 400;\">L\u00e0ng b\u1ed9t Sa \u0110\u00e9c v\u1ed1n l\u00e0 m\u1ed9t l\u00e0ng ngh\u1ec1 truy\u1ec1n th\u1ed1ng v\u00e0 l\u00e2u \u0111\u1eddi t\u1ea1i Sa \u0110\u00e9c, \u0110\u1ed3ng Th\u00e1p. N\u1eb1m b\u00ean d\u00f2ng Sa Giang hi\u1ec1n h\u00f2a, l\u00e0ng b\u1ed9t Sa \u0110\u00e9c n\u1ee9c ti\u1ebfng nh\u1edd ch\u1ea5t l\u01b0\u1ee3ng v\u01b0\u1ee3t tr\u1ed9i v\u00e0 h\u01b0\u01a1ng v\u1ecb \u0111\u1eb7c tr\u01b0ng ri\u00eang bi\u1ec7t kh\u00f3 c\u00f3 n\u01a1i n\u00e0o s\u00e1nh k\u1ecbp. H\u01a1n 100 n\u0103m h\u00ecnh th\u00e0nh v\u00e0 ph\u00e1t tri\u1ec3n, l\u00e0ng ngh\u1ec1 b\u1ed9t \u0111\u00e3 tr\u1edf th\u00e0nh m\u1ed9t trong nh\u1eefng \u0111\u1ecba \u0111i\u1ec3m du l\u1ecbch \u0110\u1ed3ng Th\u00e1p th\u00fa v\u1ecb thu h\u00fat \u0111\u00f4ng \u0111\u1ea3o du kh\u00e1ch \u0111\u1ebfn tham quan.\u00a0<\/span><\/p>\n<p><img fetchpriority=\"high\" decoding=\"async\" class=\"aligncenter\" src=\"https:\/\/vcdn1-dulich.vnecdn.net\/2019\/01\/23\/VnExpress-LangbotSaDec-TetNguyendan-PhongVinh10-1548220162.jpg?w=1200&amp;h=0&amp;q=100&amp;dpr=1&amp;fit=crop&amp;s=AmA_7tVlxUqTAoflWsFsZw\" alt=\"L\u00e0ng b\u1ed9t l\u00e2u \u0111\u1eddi \u1edf Sa \u0110\u00e9c l\u00e0m vi\u1ec7c g\u1ea5p ba ng\u00e0y th\u01b0\u1eddng \u0111\u1ec3 \u0111\u00f3n T\u1ebft - VnExpress Du l\u1ecbch\" width=\"551\" height=\"367\" \/><\/p>\n<p><span style=\"font-weight: 400;\">S\u1ea3n ph\u1ea9m b\u1ed9t l\u1ecdc n\u01a1i \u0111\u00e2y ch\u1ea5t l\u01b0\u1ee3ng v\u00e0 mang nh\u1eefng \u0111\u1eb7c tr\u01b0ng r\u1ea5t ri\u00eang nh\u01b0 t\u01b0\u01a1i, th\u01a1m, dai v\u00e0 ho\u00e0n to\u00e0n t\u1ef1 nhi\u00ean. Th\u1ef1c ph\u1ea9m \u0111\u01b0\u1ee3c ch\u1ebf bi\u1ebfn t\u1eeb b\u1ed9t Sa \u0110\u00e9c dai m\u00e0 m\u1ec1m, th\u01a1m ngon \u0111\u1eb7c tr\u01b0ng. Hi\u1ec7n n\u01a1i \u0111\u00e2y l\u00e0 \u0111\u1ea7u m\u1ed1i cung \u1ee9ng b\u1ed9t cho c\u00e1c t\u1ec9nh mi\u1ec1n T\u00e2y, TP.HCM, mi\u1ec1n \u0110\u00f4ng Nam B\u1ed9, xu\u1ea5t kh\u1ea9u sang c\u00e1c n\u01b0\u1edbc \u0110\u00f4ng Nam \u00c1 v\u00e0 m\u1ed9t s\u1ed1 n\u01b0\u1edbc ch\u00e2u \u00c2u.<\/span><\/p>\n<p><img decoding=\"async\" class=\"wp-image-20721 aligncenter\" src=\"https:\/\/havamall.vn\/wp-content\/uploads\/2021\/05\/cdcec-300x273.png\" alt=\"\" width=\"551\" height=\"501\" srcset=\"https:\/\/havamall.vn\/wp-content\/uploads\/2021\/05\/cdcec-300x273.png 300w, https:\/\/havamall.vn\/wp-content\/uploads\/2021\/05\/cdcec-430x392.png 430w, https:\/\/havamall.vn\/wp-content\/uploads\/2021\/05\/cdcec-150x137.png 150w, https:\/\/havamall.vn\/wp-content\/uploads\/2021\/05\/cdcec-700x638.png 700w, https:\/\/havamall.vn\/wp-content\/uploads\/2021\/05\/cdcec-768x700.png 768w, https:\/\/havamall.vn\/wp-content\/uploads\/2021\/05\/cdcec-1024x933.png 1024w, https:\/\/havamall.vn\/wp-content\/uploads\/2021\/05\/cdcec-1200x1093.png 1200w, https:\/\/havamall.vn\/wp-content\/uploads\/2021\/05\/cdcec-600x547.png 600w, https:\/\/havamall.vn\/wp-content\/uploads\/2021\/05\/cdcec.png 1751w\" sizes=\"(max-width: 551px) 100vw, 551px\" \/><\/p>\n<p><span style=\"font-weight: 400;\">Nui g\u1ea1o c\u1ee7a <\/span><span style=\"font-weight: 400;\">C\u00f4ng ty Tinh B\u1ed9t Xanh <\/span><span style=\"font-weight: 400;\">v\u1edbi th\u00e0nh ph\u1ea7n nguy\u00ean li\u1ec7u 100% t\u1ef1 nhi\u00ean, kh\u00f4ng s\u1eed d\u1ee5ng ph\u1ee5 gia \u0111\u1ed9c h\u1ea1i, an to\u00e0n tuy\u1ec7t \u0111\u1ed1i cho s\u1ee9c kh\u1ecfe ng\u01b0\u1eddi ti\u00eau d\u00f9ng. S\u1ea3n ph\u1ea9m Nui tinh b\u1ed9t g\u1ea1o \u0111\u01b0\u1ee3c s\u1ea3n xu\u1ea5t theo c\u00f4ng ngh\u1ec7 hi\u1ec7n \u0111\u1ea1i, quy tr\u00ecnh s\u1ea3n xu\u1ea5t kh\u00e9p k\u00edn, gi\u00e1m s\u00e1t nghi\u00eam ng\u1eb7t, \u0111\u1ec3 t\u1ea1o ra nh\u1eefng c\u1ecdng nui dai ngon v\u00e0 b\u1ed5 d\u01b0\u1ee1ng. Nui tinh b\u1ed9t g\u1ea1o c\u0169ng gi\u00fap cung c\u1ea5p h\u00e0m l\u01b0\u1ee3ng tinh b\u1ed9t, protein \u0111\u00e1ng k\u1ec3 v\u00e0 cung c\u1ea5p ngu\u1ed3n n\u0103ng l\u01b0\u1ee3ng d\u1ed3i d\u00e0o cho c\u01a1 th\u1ec3 ho\u1ea1t \u0111\u1ed9ng su\u1ed1t ng\u00e0y d\u00e0i.<\/span><\/p>\n<p><img decoding=\"async\" class=\"aligncenter\" src=\"https:\/\/havamall.vn\/wp-content\/uploads\/2021\/05\/white_cheddar_mac_n_cheese_800x800.jpg\" alt=\"White Cheddar Mac &amp; Cheese | McCormick\" width=\"566\" height=\"566\" \/><\/p>\n<p><span style=\"font-weight: 400;\">Nui tinh b\u1ed9t g\u1ea1o th\u01b0\u1eddng \u0111\u01b0\u1ee3c s\u1eed d\u1ee5ng trong c\u00e1c m\u00f3n \u0103n \u0111\u1eadm ch\u1ea5t truy\u1ec1n th\u1ed1ng c\u1ee7a ng\u01b0\u1eddi Vi\u1ec7t, \u0111\u1ec3 m\u00f3n \u0103n th\u00eam ph\u1ea7n phong ph\u00fa v\u00e0 th\u01a1m ngon th\u00ec Nui tinh b\u1ed9t g\u1ea1o c\u1ee7a C\u00f4ng ty Tinh B\u1ed9t Xanh l\u00e0 s\u1ef1 l\u1ef1a ch\u1ecdn ho\u00e0n h\u1ea3o cho b\u1ea1n v\u00e0 gia \u0111\u00ecnh.<\/span><\/p>\n<p><img loading=\"lazy\" decoding=\"async\" class=\"aligncenter\" src=\"https:\/\/media.istockphoto.com\/photos\/baked-mac-and-cheese-picture-id1194753924?k=6&amp;m=1194753924&amp;s=612x612&amp;w=0&amp;h=ht8N9UK2sJMS9T-fRcGNJsU4Nq3O6LimeeSewFgfgKY=\" alt=\"46,930 Macaroni Cheese Stock Photos, Pictures &amp; Royalty-Free Images\" width=\"563\" height=\"374\" \/><\/p>\n<p><span style=\"font-weight: 400;\">Nui tinh b\u1ed9t g\u1ea1o <\/span><span style=\"font-weight: 400;\">r\u1ea5t d\u1ec5 \u0103n v\u00e0 mang h\u00e0m l\u01b0\u1ee3ng dinh d\u01b0\u1ee1ng cao ph\u1ee5c v\u1ee5 b\u1eefa \u0103n h\u00e0ng ng\u00e0y. S\u1ea3n ph\u1ea9m ph\u00f9 h\u1ee3p v\u1edbi h\u1ea7u h\u1ebft t\u1ea5t c\u1ea3 m\u1ecdi ng\u01b0\u1eddi \u0111\u1eb7c bi\u1ec7t l\u00e0 nh\u1eefng ng\u01b0\u1eddi \u0103n ki\u00eang, \u0103n chay, gi\u1ea3m c\u00e2n v\u00e0 th\u1ef1c d\u01b0\u1ee1ng. \u0110\u1ec3 m\u00f3n \u0103n th\u00eam ph\u1ea7n phong ph\u00fa cho b\u1eefa \u0103n th\u00ec <\/span><span style=\"font-weight: 400;\">nui tinh b\u1ed9t g\u1ea1o <\/span><span style=\"font-weight: 400;\">\u00a0Fuma c\u1ee7a C\u00f4ng ty Tinh B\u1ed9t Xanh l\u00e0 s\u1ef1 l\u1ef1a ch\u1ecdn ho\u00e0n h\u1ea3o cho b\u1ea1n v\u00e0 gia \u0111\u00ecnh.<\/span><\/p>\n<p><img loading=\"lazy\" decoding=\"async\" class=\"aligncenter\" src=\"https:\/\/havamall.vn\/wp-content\/uploads\/2021\/05\/White-Cheddar-Mac-\u2018N-Cheese-Is-Back-At-Arbys.jpg\" alt=\"White Cheddar Mac \" width=\"578\" height=\"434\" \/><\/p>\n<h4><strong>H\u01b0\u1edbng d\u1eabn s\u1eed d\u1ee5ng:<\/strong><\/h4>\n<p><span style=\"font-weight: 400;\">&#8211; C\u00e1c m\u00f3n \u0103n \u0111\u01b0\u1ee3c ch\u1ebf bi\u1ebfn t\u1eeb nui g\u1ea1o l\u1ee9t r\u1ea5t phong ph\u00fa v\u00e0 t\u1ed1t cho s\u1ee9c kh\u1ecfe\u2026<\/span><\/p>\n<p><span style=\"font-weight: 400;\">&#8211; Ng\u00e2m nui v\u1edbi n\u01b0\u1edbc l\u1ea1nh t\u1eeb 2-3 ti\u1ebfng, r\u1ed3i lu\u1ed9c nui kho\u1ea3ng 10-12 ph\u00fat, k\u1ebf ti\u1ebfp ta v\u1edbt nui ra x\u1ea3 b\u1eb1ng n\u01b0\u1edbc l\u1ea1nh v\u00e0 \u0111\u1ec3 r\u00e1o n\u01b0\u1edbc r\u1ed3i tr\u1ed9n nui v\u1edbi m\u1ed9t \u00edt d\u1ea7u th\u1ef1c v\u1eadt \u0111\u1ec3 nui kh\u00f4ng d\u00ednh v\u00e0o nhau.\u00a0<\/span><\/p>\n<p><span style=\"font-weight: 400;\">&#8211; Sau \u0111\u00f3 \u0111em ch\u1ebf bi\u1ebfn th\u00e0nh c\u00e1c m\u00f3n \u0103n t\u00f9y theo \u00fd th\u00edch.<\/span><\/p>\n<p>S\u1ea3n ph\u1ea9m hi\u1ec7n \u0111\u00e3 c\u00f3 m\u1eb7t t\u1ea1i Havamall.<\/p>","protected":false},"excerpt":{"rendered":"<p>Th\u01b0\u01a1ng hi\u1ec7u Fuma Xu\u1ea5t x\u1ee9 Vi\u1ec7t Nam Th\u00e0nh ph\u1ea7n Tinh b\u1ed9t g\u1ea1o, tinh b\u1ed9t khoai m\u00ec H\u1ea1n s\u1eed d\u1ee5ng 12<\/p>","protected":false},"featured_media":20289,"comment_status":"open","ping_status":"closed","template":"","meta":[],"product_brand":[],"product_cat":[36,134],"product_tag":[],"class_list":{"0":"post-20288","1":"product","2":"type-product","3":"status-publish","4":"has-post-thumbnail","6":"product_cat-thuc-pham-tieu-dung","7":"product_cat-thucpham-saykho","8":"pa_brand-tinh-bot-xanh","10":"first","11":"instock","12":"sale","13":"shipping-taxable","14":"purchasable","15":"product-type-simple"},"_links":{"self":[{"href":"https:\/\/havamall.vn\/en\/wp-json\/wp\/v2\/product\/20288"}],"collection":[{"href":"https:\/\/havamall.vn\/en\/wp-json\/wp\/v2\/product"}],"about":[{"href":"https:\/\/havamall.vn\/en\/wp-json\/wp\/v2\/types\/product"}],"replies":[{"embeddable":true,"href":"https:\/\/havamall.vn\/en\/wp-json\/wp\/v2\/comments?post=20288"}],"version-history":[{"count":0,"href":"https:\/\/havamall.vn\/en\/wp-json\/wp\/v2\/product\/20288\/revisions"}],"wp:featuredmedia":[{"embeddable":true,"href":"https:\/\/havamall.vn\/en\/wp-json\/wp\/v2\/media\/20289"}],"wp:attachment":[{"href":"https:\/\/havamall.vn\/en\/wp-json\/wp\/v2\/media?parent=20288"}],"wp:term":[{"taxonomy":"product_brand","embeddable":true,"href":"https:\/\/havamall.vn\/en\/wp-json\/wp\/v2\/product_brand?post=20288"},{"taxonomy":"product_cat","embeddable":true,"href":"https:\/\/havamall.vn\/en\/wp-json\/wp\/v2\/product_cat?post=20288"},{"taxonomy":"product_tag","embeddable":true,"href":"https:\/\/havamall.vn\/en\/wp-json\/wp\/v2\/product_tag?post=20288"}],"curies":[{"name":"wp","href":"https:\/\/api.w.org\/{rel}","templated":true}]}}