{"id":20235,"date":"2021-05-28T10:41:33","date_gmt":"2021-05-28T03:41:33","guid":{"rendered":"https:\/\/havamall.vn\/?post_type=product&#038;p=20235"},"modified":"2023-02-08T09:31:17","modified_gmt":"2023-02-08T02:31:17","slug":"ong-hut-gao-than-thien-voi-moi-truong-fuma-rice-straws-250g","status":"publish","type":"product","link":"https:\/\/havamall.vn\/en\/shop\/ong-hut-gao-than-thien-voi-moi-truong-fuma-rice-straws-250g\/","title":{"rendered":"\u1ed0ng H\u00fat G\u1ea1o U\u1ed1ng Sinh T\u1ed1 Th\u00e2n Thi\u1ec7n V\u1edbi M\u00f4i Tr\u01b0\u1eddng &#8211; Fuma Rice Straws 250g"},"content":{"rendered":"<p><span style=\"font-weight: 400;\">T\u1eeb r\u1ea5t l\u00e2u nh\u1ef1a \u0111\u00f3ng vai tr\u00f2 quan tr\u1ecdng trong s\u1ea3n xu\u1ea5t, \u0111\u00f3ng g\u00f3i \u0111\u1ec3 d\u1ec5 d\u00e0ng h\u01a1n, ti\u1ebft ki\u1ec7m chi ph\u00ed h\u01a1n. Nh\u01b0ng t\u00e1c \u0111\u1ed9ng c\u1ee7a nh\u1ef1a trong m\u00f4i tr\u01b0\u1eddng bi\u1ec3n c\u0169ng l\u00e0 m\u1ed9t m\u1ed1i \u0111e d\u1ecda \u0111\u00e1ng k\u1ec3 \u0111\u1ed1i v\u1edbi h\u00e0nh tinh c\u1ee7a ch\u00fang ta.<\/span><\/p>\n<p><span style=\"font-weight: 400;\">V\u1eady t\u1ea1i sao ch\u00fang ta kh\u00f4ng thay \u0111\u1ed5i th\u00f3i quen s\u1eed d\u1ee5ng \u1ed0ng H\u00fat Nh\u1ef1a b\u1eb1ng c\u00e1c s\u1ea3n ph\u1ea9m \u1ed0ng H\u00fat l\u00e0m g\u1ea1o \u2013s\u1ea3n ph\u1ea9m th\u00e2n thi\u1ec7n v\u1edbi m\u00f4i tr\u01b0\u1eddng, d\u1ec5 d\u00e0ng ph\u00e2n hu\u1ef7. M\u1ed9t h\u00e0nh \u0111\u1ed9ng nh\u1ecf nh\u01b0ng \u0111\u00f3ng g\u00f3p m\u1ed9t ph\u1ea7n r\u1ea5t l\u1edbn b\u1ea3o v\u1ec7 m\u00f4i tr\u01b0\u1eddng.<\/span><\/p>\n<p><img fetchpriority=\"high\" decoding=\"async\" class=\"wp-image-20668 aligncenter\" src=\"https:\/\/havamall.vn\/wp-content\/uploads\/2021\/06\/agv\u00e8-1-300x114.png\" alt=\"\" width=\"699\" height=\"266\" srcset=\"https:\/\/havamall.vn\/wp-content\/uploads\/2021\/06\/agv\u00e8-1-300x114.png 300w, https:\/\/havamall.vn\/wp-content\/uploads\/2021\/06\/agv\u00e8-1-430x164.png 430w, https:\/\/havamall.vn\/wp-content\/uploads\/2021\/06\/agv\u00e8-1-150x57.png 150w, https:\/\/havamall.vn\/wp-content\/uploads\/2021\/06\/agv\u00e8-1-700x266.png 700w, https:\/\/havamall.vn\/wp-content\/uploads\/2021\/06\/agv\u00e8-1-768x292.png 768w, https:\/\/havamall.vn\/wp-content\/uploads\/2021\/06\/agv\u00e8-1-1024x390.png 1024w, https:\/\/havamall.vn\/wp-content\/uploads\/2021\/06\/agv\u00e8-1-1200x457.png 1200w, https:\/\/havamall.vn\/wp-content\/uploads\/2021\/06\/agv\u00e8-1-600x228.png 600w, https:\/\/havamall.vn\/wp-content\/uploads\/2021\/06\/agv\u00e8-1.png 2000w\" sizes=\"(max-width: 699px) 100vw, 699px\" \/><\/p>\n<p><span style=\"font-weight: 400;\">\u1ed0ng h\u00fat g\u1ea1o l\u00e0 s\u1ef1 thay th\u1ebf xanh cho nh\u1ef1a, gi\u1ea5y, kim lo\u1ea1i, tre c\u0169ng nh\u01b0 c\u00e1c v\u1eadt li\u1ec7u kh\u00e1c v\u00ec ch\u00fang c\u00f3 th\u1ec3 ph\u00e2n h\u1ee7y ho\u00e0n to\u00e0n trong v\u00f2ng 90 ng\u00e0y sau khi s\u1eed d\u1ee5ng (trong khi nh\u1ef1a m\u1ea5t t\u1edbi 500 n\u0103m). \u1ed0ng h\u00fat g\u1ea1o kh\u00f4ng ch\u1ec9 c\u00f3 ch\u1ee9c n\u0103ng u\u1ed1ng m\u00e0 c\u00f2n mang \u0111\u1ebfn m\u1ed9t hi\u1ec7u \u1ee9ng th\u1ea9m m\u1ef9 \u0111\u1ec3 t\u0103ng th\u00eam gia v\u1ecb cho m\u1ed7i th\u1ee9c u\u1ed1ng.<\/span><\/p>\n<p><img decoding=\"async\" class=\"wp-image-20249 aligncenter\" src=\"https:\/\/havamall.vn\/wp-content\/uploads\/2021\/05\/44-300x300.png\" alt=\"\" width=\"698\" height=\"698\" srcset=\"https:\/\/havamall.vn\/wp-content\/uploads\/2021\/05\/44-300x300.png 300w, https:\/\/havamall.vn\/wp-content\/uploads\/2021\/05\/44-430x430.png 430w, https:\/\/havamall.vn\/wp-content\/uploads\/2021\/05\/44-150x150.png 150w, https:\/\/havamall.vn\/wp-content\/uploads\/2021\/05\/44-700x700.png 700w, https:\/\/havamall.vn\/wp-content\/uploads\/2021\/05\/44-768x768.png 768w, https:\/\/havamall.vn\/wp-content\/uploads\/2021\/05\/44-1024x1024.png 1024w, https:\/\/havamall.vn\/wp-content\/uploads\/2021\/05\/44-1200x1199.png 1200w, https:\/\/havamall.vn\/wp-content\/uploads\/2021\/05\/44-600x600.png 600w, https:\/\/havamall.vn\/wp-content\/uploads\/2021\/05\/44-100x100.png 100w, https:\/\/havamall.vn\/wp-content\/uploads\/2021\/05\/44.png 2048w\" sizes=\"(max-width: 698px) 100vw, 698px\" \/><\/p>\n<p><span style=\"font-weight: 400;\">N\u1ebfu t\u1ea5t c\u1ea3 ch\u00fang ta kh\u00f4ng mu\u1ed1n s\u1ed1ng trong t\u00ecnh tr\u1ea1ng ch\u1ea5t th\u1ea3i nh\u1ef1a ng\u00e0y c\u00e0ng gia t\u0103ng th\u00ec h\u00e3y th\u1eed tr\u1ea3i nghi\u1ec7m \u201cH\u00e0nh tinh \u1ed1ng h\u00fat g\u1ea1o\u201d \u2013 m\u1ed9t l\u00e0n s\u00f3ng th\u00e0nh c\u00f4ng trong vi\u1ec7c s\u1eed d\u1ee5ng s\u1ea3n ph\u1ea9m xanh \u0111\u1ed1i v\u1edbi nh\u00e0 h\u00e0ng v\u00e0 c\u00e1c d\u1ecbch v\u1ee5 kinh doanh kh\u00e1c v\u00ec t\u00ednh ch\u1ea5t \u0111\u1eb7c bi\u1ec7t c\u1ee7a \u1ed1ng h\u00fat g\u1ea1o \u2013 100% ph\u00e2n h\u1ee7y sinh h\u1ecdc v\u00e0 th\u00e2n thi\u1ec7n v\u1edbi m\u00f4i tr\u01b0\u1eddng.<\/span><\/p>\n<p><img decoding=\"async\" class=\"wp-image-20241 aligncenter\" src=\"https:\/\/havamall.vn\/wp-content\/uploads\/2021\/05\/7-300x200.jpg\" alt=\"\" width=\"689\" height=\"459\" srcset=\"https:\/\/havamall.vn\/wp-content\/uploads\/2021\/05\/7-300x200.jpg 300w, https:\/\/havamall.vn\/wp-content\/uploads\/2021\/05\/7-430x287.jpg 430w, https:\/\/havamall.vn\/wp-content\/uploads\/2021\/05\/7-150x100.jpg 150w, https:\/\/havamall.vn\/wp-content\/uploads\/2021\/05\/7-700x467.jpg 700w, https:\/\/havamall.vn\/wp-content\/uploads\/2021\/05\/7-768x512.jpg 768w, https:\/\/havamall.vn\/wp-content\/uploads\/2021\/05\/7-1024x683.jpg 1024w, https:\/\/havamall.vn\/wp-content\/uploads\/2021\/05\/7-1200x800.jpg 1200w, https:\/\/havamall.vn\/wp-content\/uploads\/2021\/05\/7-600x400.jpg 600w, https:\/\/havamall.vn\/wp-content\/uploads\/2021\/05\/7.jpg 2048w\" sizes=\"(max-width: 689px) 100vw, 689px\" \/><\/p>\n<p>\u1ed0ng h\u00fat g\u1ea1o u\u1ed1ng sinh t\u1ed1 g\u1ed3m 2 size \u0111\u1ec3 b\u1ea1n d\u1ec5 d\u00e0ng l\u1ef1c ch\u1ecdn \u0111\u01b0\u1ee3c chi\u1ebfc \u1ed1ng h\u00fat ph\u00f9 h\u1ee3p v\u1edbi chi\u1ebfc ly b\u1ea1n \u0111ang d\u00f9ng:<\/p>\n<p>&#8211; \u1ed0ng h\u00fat sinh t\u1ed1 size d\u00e0i 22cm x 8mm<\/p>\n<p>&#8211; \u1ed0ng h\u00fat sinh t\u1ed1 size ng\u1eafn 12cm x 8mm<\/p>\n<p><img loading=\"lazy\" decoding=\"async\" class=\"wp-image-20350 aligncenter\" src=\"https:\/\/havamall.vn\/wp-content\/uploads\/2021\/05\/sinh-to-siz-300x270.jpg\" alt=\"\" width=\"687\" height=\"618\" srcset=\"https:\/\/havamall.vn\/wp-content\/uploads\/2021\/05\/sinh-to-siz-300x270.jpg 300w, https:\/\/havamall.vn\/wp-content\/uploads\/2021\/05\/sinh-to-siz-430x387.jpg 430w, https:\/\/havamall.vn\/wp-content\/uploads\/2021\/05\/sinh-to-siz-150x135.jpg 150w, https:\/\/havamall.vn\/wp-content\/uploads\/2021\/05\/sinh-to-siz-700x629.jpg 700w, https:\/\/havamall.vn\/wp-content\/uploads\/2021\/05\/sinh-to-siz-600x539.jpg 600w, https:\/\/havamall.vn\/wp-content\/uploads\/2021\/05\/sinh-to-siz.jpg 752w\" sizes=\"(max-width: 687px) 100vw, 687px\" \/><\/p>\n<p>\u1ed0ng h\u00fat g\u1ea1o Fuma \u0111\u01b0\u1ee3c ch\u1ebf t\u1ea1o t\u1ea1i l\u00e0ng b\u1ed9t truy\u1ec1n th\u1ed1ng Sa \u0110\u00e9c, \u0111\u01b0\u1ee3c d\u00f9ng \u0111\u1ec3 thay th\u1ebf c\u00e1c lo\u1ea1i \u1ed1ng h\u00fat nh\u1ef1a trong c\u00e1c m\u00f3n n\u01b0\u1edbc u\u1ed1ng nh\u01b0 cafe, n\u01b0\u1edbc \u00e9p tr\u00e1i c\u00e2y, sinh t\u1ed1 ho\u1eb7c tr\u00e0&#8230; S\u1ea3n ph\u1ea9m c\u00f3 th\u1ec3 d\u00f9ng trong th\u1ee9c u\u1ed1ng n\u00f3ng l\u1ea1nh \u0111\u1ec1u \u0111\u01b0\u1ee3c, th\u1eddi gian h\u01a1n 1 ti\u1ebfng.<\/p>\n<p><img loading=\"lazy\" decoding=\"async\" class=\"wp-image-20252 aligncenter\" src=\"https:\/\/havamall.vn\/wp-content\/uploads\/2021\/05\/55-300x186.jpg\" alt=\"\" width=\"685\" height=\"425\" srcset=\"https:\/\/havamall.vn\/wp-content\/uploads\/2021\/05\/55-300x186.jpg 300w, https:\/\/havamall.vn\/wp-content\/uploads\/2021\/05\/55-430x266.jpg 430w, https:\/\/havamall.vn\/wp-content\/uploads\/2021\/05\/55-150x93.jpg 150w, https:\/\/havamall.vn\/wp-content\/uploads\/2021\/05\/55-700x433.jpg 700w, https:\/\/havamall.vn\/wp-content\/uploads\/2021\/05\/55-768x475.jpg 768w, https:\/\/havamall.vn\/wp-content\/uploads\/2021\/05\/55-600x371.jpg 600w, https:\/\/havamall.vn\/wp-content\/uploads\/2021\/05\/55.jpg 970w\" sizes=\"(max-width: 685px) 100vw, 685px\" \/><\/p>\n<p>\u1ed0ng h\u00fat g\u1ea1o nh\u00e3n hi\u1ec7u Fuma \u0111\u01b0\u1ee3c l\u00e0m t\u1eeb b\u1ed9t g\u1ea1o &#8211; kh\u00f4ng s\u1eed d\u1ee5ng nh\u1ef1a ho\u1eb7c h\u00f3a ch\u1ea5t trong qu\u00e1 tr\u00ecnh s\u1ea3n xu\u1ea5t v\u00e0 nh\u1eefng \u1ed1ng h\u00fat n\u00e0y c\u00f3 th\u1ec3 ph\u00e2n h\u1ee7y ho\u00e0n to\u00e0n trong b\u1ea5t k\u1ef3 m\u00f4i tr\u01b0\u1eddng n\u00e0o \u2013 l\u00e0m gi\u1ea3m t\u00e1c \u0111\u1ed9ng l\u00ean m\u00f4i tr\u01b0\u1eddng.<\/p>\n<p><img loading=\"lazy\" decoding=\"async\" class=\"wp-image-20239 aligncenter\" src=\"https:\/\/havamall.vn\/wp-content\/uploads\/2021\/05\/6-1-300x200.jpg\" alt=\"\" width=\"695\" height=\"463\" srcset=\"https:\/\/havamall.vn\/wp-content\/uploads\/2021\/05\/6-1-300x200.jpg 300w, https:\/\/havamall.vn\/wp-content\/uploads\/2021\/05\/6-1-430x287.jpg 430w, https:\/\/havamall.vn\/wp-content\/uploads\/2021\/05\/6-1-150x100.jpg 150w, https:\/\/havamall.vn\/wp-content\/uploads\/2021\/05\/6-1-700x467.jpg 700w, https:\/\/havamall.vn\/wp-content\/uploads\/2021\/05\/6-1-768x512.jpg 768w, https:\/\/havamall.vn\/wp-content\/uploads\/2021\/05\/6-1-1024x683.jpg 1024w, https:\/\/havamall.vn\/wp-content\/uploads\/2021\/05\/6-1-1200x800.jpg 1200w, https:\/\/havamall.vn\/wp-content\/uploads\/2021\/05\/6-1-600x400.jpg 600w, https:\/\/havamall.vn\/wp-content\/uploads\/2021\/05\/6-1.jpg 2048w\" sizes=\"(max-width: 695px) 100vw, 695px\" \/><\/p>\n<p><span style=\"font-weight: 400;\">\u1ed0ng h\u00fat g\u1ea1o c\u00f3 hai th\u00e0nh ph\u1ea7n ch\u00ednh: B\u1ed9t g\u1ea1o v\u00e0 tinh b\u1ed9t s\u1eafn. T\u1ea5t c\u1ea3 nh\u1eefng th\u00e0nh ph\u1ea7n n\u00e0y \u0111\u01b0\u1ee3c l\u00e0m t\u1eeb g\u1ea1o 100% , kh\u00f4ng ch\u1ee9a h\u00f3a ch\u1ea5t.\u00a0<\/span><span style=\"font-weight: 400;\">G\u1ea1o \u0111\u01b0\u1ee3c l\u00e0m s\u1ea1ch, h\u1ea5p \u1edf nhi\u1ec7t \u0111\u1ed9 cao v\u00e0 tr\u1ed9n v\u1edbi tinh b\u1ed9t s\u1eafn. Trong b\u1ed9t g\u1ea1o g\u1ed3m c\u00f3 m\u1ed9t v\u00e0i th\u00e0nh ph\u1ea7n ch\u1ee9a protein cao nh\u01b0 Gluten, ch\u1ea5t x\u01a1, vitamin B, s\u1ebd ph\u00f9 h\u1ee3p v\u00e0 v\u1edbi nh\u1eefng ng\u01b0\u1eddi \u0111ang \u0103n ki\u00eang.Th\u00e0nh ph\u1ea7n ch\u00ednh th\u1ee9 hai l\u00e0 tinh b\u1ed9t s\u1eafn \u2013 \u0111\u01b0\u1ee3c chi\u1ebft xu\u1ea5t t\u1eeb \u200b\u200bc\u1ee7 s\u1eafn, m\u1ed9t lo\u1ea1i c\u1ee7 c\u00f3 ngu\u1ed3n g\u1ed1c t\u1eeb Nam M\u1ef9, kh\u00e1 d\u1ec5 tr\u1ed3ng v\u00e0 c\u00f3 s\u1eb5n \u1edf m\u1ecdi qu\u1ed1c gia.\u00a0<\/span><\/p>\n<p><img loading=\"lazy\" decoding=\"async\" class=\"aligncenter\" src=\"https:\/\/havamall.vn\/wp-content\/uploads\/2021\/05\/70501965_745000592606551_4076886813967384576_o-1.jpg\" alt=\"\u1ed1ng h\u00fat g\u1ea1o (Fuma) - Green Shop \u0110\u1ed3ng Th\u00e1p\" width=\"694\" height=\"691\" \/><\/p>\n<p><span style=\"font-weight: 400;\">\u0110\u1ed1i v\u1edbi nh\u1eefng b\u1ea1n ch\u01b0a bao gi\u1edd s\u1eed d\u1ee5ng s\u1ea3n ph\u1ea9m l\u00e0m b\u1eb1ng l\u00faa g\u1ea1o, b\u1ea1n c\u00f3 th\u1ec3 lo l\u1eafng v\u1ec1 c\u00e1ch b\u1ea3o qu\u1ea3n nh\u01b0ng th\u1ef1c t\u1ebf, vi\u1ec7c b\u1ea3o qu\u1ea3n lo\u1ea1i \u1ed1ng h\u00fat n\u00e0y c\u1ef1c k\u1ef3 d\u1ec5 d\u00e0ng. B\u1ea1n ch\u1ec9 c\u1ea7n c\u1ea5t n\u00f3 \u1edf n\u01a1i kh\u00f4 r\u00e1o, tho\u00e1ng m\u00e1t \u0111\u1ec3 tr\u00e1nh c\u00f4n tr\u00f9ng x\u00e2m nh\u1eadp. Th\u1eddi h\u1ea1n s\u1eed d\u1ee5ng c\u1ee7a s\u1ea3n ph\u1ea9m 3 n\u0103m k\u1ec3 t\u1eeb ng\u00e0y s\u1ea3n xu\u1ea5t \u0111\u01b0\u1ee3c in tr\u00ean bao b\u00ec.<\/span><\/p>\n<p><img loading=\"lazy\" decoding=\"async\" class=\"aligncenter\" src=\"https:\/\/havamall.vn\/wp-content\/uploads\/2021\/05\/ong-hu-gao.jpg\" width=\"690\" height=\"387\" \/><\/p>\n<p><span style=\"font-weight: 400;\">\u1ed0ng h\u00fat g\u1ea1o \u0111\u01b0\u1ee3c l\u00e0m b\u1eb1ng 100% thi\u00ean nhi\u00ean v\u00e0 kh\u00f4ng g\u00e2y h\u1ea1i \u0111\u1ebfn m\u00f4i tr\u01b0\u1eddng. Nh\u1eefng \u1ed1ng h\u00fat n\u00e0y kh\u00f4ng ch\u1ec9 gi\u00fap h\u00e0nh tinh c\u1ee7a ch\u00fang ta trong s\u1ea1ch h\u01a1n m\u00e0 c\u00f2n l\u00e0m cho th\u1ee9c u\u1ed1ng c\u1ee7a b\u1ea1n th\u00fa v\u1ecb h\u01a1n v\u1edbi nh\u1eefng m\u00e0u s\u1eafc b\u1eaft m\u1eaft c\u1ee7a ch\u00fang.<\/span><\/p>\n<p><img loading=\"lazy\" decoding=\"async\" class=\"aligncenter\" src=\"https:\/\/xanhricestraw.com\/wp-content\/uploads\/2020\/07\/where-to-buy-rice-drinking-straws-cover-scaled.jpg\" alt=\"Where Is The Best Place To Buy Rice Drinking Straws? - Xanh Vietnam\" width=\"695\" height=\"463\" \/><\/p>\n<h4><strong>Quy tr\u00ecnh s\u1ea3n xu\u1ea5t \u1ed1ng h\u00fat g\u1ea1o:<\/strong><\/h4>\n<p><span style=\"font-weight: 400;\">&#8211; Thu th\u1eadp nguy\u00ean li\u1ec7u:\u00a0<\/span><\/p>\n<p><span style=\"font-weight: 400;\">&#8211; Tr\u1ed9n b\u1ed9t g\u1ea1o<\/span><\/p>\n<p><span style=\"font-weight: 400;\">&#8211; H\u1ea5p<\/span><\/p>\n<p><span style=\"font-weight: 400;\">&#8211; T\u1ea1o h\u00ecnh cho \u1ed1ng h\u00fat<\/span><\/p>\n<p><span style=\"font-weight: 400;\">&#8211; \u0110\u00f3ng g\u00f3i<\/span><\/p>\n<p><img loading=\"lazy\" decoding=\"async\" class=\"aligncenter\" src=\"https:\/\/havamall.vn\/wp-content\/uploads\/2021\/05\/ONG-CAFE-SIZE-LON-scaled-e1588480554533.jpg\" alt=\"H\u1ed9i ngh\u1ecb giao th\u01b0\u01a1ng k\u1ebft n\u1ed1i cung - c\u1ea7u h\u00e0ng h\u00f3a gi\u1eefa th\u00e0nh ph\u1ed1 H\u00e0 N\u1ed9i v\u00e0 c\u00e1c t\u1ec9nh, th\u00e0nh ph\u1ed1 - Tinh b\u1ed9t xanh - \u1ed0ng h\u00fat g\u1ea1o\" width=\"692\" height=\"461\" \/><\/p>\n<h4><strong>M\u1ed9t s\u1ed1 c\u00e1ch s\u1eed d\u1ee5ng \u1ed1ng h\u00fat g\u1ea1o ngo\u00e0i vi\u1ec7c d\u00f9ng \u0111\u1ec3 u\u1ed1ng n\u01b0\u1edbc:<\/strong><\/h4>\n<p><span style=\"font-weight: 400;\">\u25aa\ufe0f N\u01b0\u1edbng l\u00f2 vi s\u00f3ng s\u1ebd tr\u1edf th\u00e0nh ph\u1ed3ng t\u00f4m phi\u00ean b\u1ea3n c\u00e2y &#8211; nh\u1eadu lai rai<\/span><\/p>\n<p><span style=\"font-weight: 400;\">\u25aa\ufe0f Chi\u00ean d\u1ea7u th\u00e0nh snack que, cho b\u00e9 \u0103n t\u1ea1i nh\u00e0 cho an to\u00e0n\u00a0<\/span><\/p>\n<p><span style=\"font-weight: 400;\">\u25aa\ufe0f N\u01b0\u1edbng \u1ed1ng h\u00fat xong nghi\u1ec1n b\u1eb1ng m\u00e1y sinh t\u1ed1 r\u1ed3i pha ch\u1ebf th\u00eam ch\u00fat n\u01b0\u1edbc = ch\u00e1o dinh d\u01b0\u1ee1ng<\/span><\/p>\n<p><span style=\"font-weight: 400;\">\u25aa\ufe0f H\u00fat n\u01b0\u1edbc &amp; tr\u1edf th\u00e0nh m\u00f3n \u0103n v\u1eb7t t\u1ea1i ch\u1ed7 ki\u1ec3u b\u00e1nh tr\u00e1ng cu\u1ed9n cho vui mi\u1ec7ng: B\u1ea3o v\u1ec7 m\u00f4i tr\u01b0\u1eddng.\u00a0<\/span><\/p>\n<p><span style=\"font-weight: 400;\">\u25aa\ufe0f Tr\u1edf th\u00e0nh b\u00fan \u1ed1ng g\u1ea1o \u0111\u1ec3 ch\u1ebf bi\u1ebfn c\u00e1c m\u00f3n \u0103n x\u00e0o, l\u1ea9u, lu\u1ed9c&#8230;\u00a0 cao c\u1ea5p .<\/span><\/p>\n<p><span style=\"font-weight: 400;\">\u25aa\ufe0f Th\u00eam qu\u1ea3 b\u00f3ng tennis ho\u1eb7c qu\u1ea3 Cam, qu\u1ea3 B\u01b0\u1edfi: Th\u00e0nh v\u1eadt d\u1ee5ng ch\u01a1i th\u1ebb que (ch\u01a1i chuy\u1ec1n): tr\u00f2 ch\u01a1i d\u00e2n gian cho b\u00e9.<\/span><\/p>\n<p><span style=\"font-weight: 400;\">\u25aa\ufe0f L\u00e0m tr\u00f2 ch\u01a1i m\u00f4 h\u00ecnh: Xe t\u0103ng, du thuy\u1ec1n&#8230;.<\/span><\/p>\n<p><span style=\"font-weight: 400;\">\u25aa\ufe0f Khi \u1ed1ng h\u00fat kh\u00f4ng \u0103n h\u1ebft th\u00ec c\u00e1c b\u1ea1n c\u00f3 th\u1ec3 \u1ee6 l\u00e0m ph\u00e2n h\u1eefu c\u01a1 ch\u0103m s\u00f3c c\u00e2y c\u1ea3nh, rau \u0103n&#8230;<\/span><\/p>","protected":false},"excerpt":{"rendered":"<p>T\u1eeb r\u1ea5t l\u00e2u nh\u1ef1a \u0111\u00f3ng vai tr\u00f2 quan tr\u1ecdng trong s\u1ea3n xu\u1ea5t, \u0111\u00f3ng g\u00f3i \u0111\u1ec3 d\u1ec5 d\u00e0ng h\u01a1n, ti\u1ebft ki\u1ec7m<\/p>","protected":false},"featured_media":20349,"comment_status":"open","ping_status":"closed","template":"","meta":[],"product_brand":[],"product_cat":[393,35],"product_tag":[],"class_list":{"0":"post-20235","1":"product","2":"type-product","3":"status-publish","4":"has-post-thumbnail","6":"product_cat-bep-phong-an","7":"product_cat-nha-cua-doi-song","8":"pa_brand-tinh-bot-xanh","10":"first","11":"instock","12":"sale","13":"shipping-taxable","14":"purchasable","15":"product-type-simple"},"_links":{"self":[{"href":"https:\/\/havamall.vn\/en\/wp-json\/wp\/v2\/product\/20235"}],"collection":[{"href":"https:\/\/havamall.vn\/en\/wp-json\/wp\/v2\/product"}],"about":[{"href":"https:\/\/havamall.vn\/en\/wp-json\/wp\/v2\/types\/product"}],"replies":[{"embeddable":true,"href":"https:\/\/havamall.vn\/en\/wp-json\/wp\/v2\/comments?post=20235"}],"version-history":[{"count":0,"href":"https:\/\/havamall.vn\/en\/wp-json\/wp\/v2\/product\/20235\/revisions"}],"wp:featuredmedia":[{"embeddable":true,"href":"https:\/\/havamall.vn\/en\/wp-json\/wp\/v2\/media\/20349"}],"wp:attachment":[{"href":"https:\/\/havamall.vn\/en\/wp-json\/wp\/v2\/media?parent=20235"}],"wp:term":[{"taxonomy":"product_brand","embeddable":true,"href":"https:\/\/havamall.vn\/en\/wp-json\/wp\/v2\/product_brand?post=20235"},{"taxonomy":"product_cat","embeddable":true,"href":"https:\/\/havamall.vn\/en\/wp-json\/wp\/v2\/product_cat?post=20235"},{"taxonomy":"product_tag","embeddable":true,"href":"https:\/\/havamall.vn\/en\/wp-json\/wp\/v2\/product_tag?post=20235"}],"curies":[{"name":"wp","href":"https:\/\/api.w.org\/{rel}","templated":true}]}}