{"id":20215,"date":"2021-05-27T09:30:01","date_gmt":"2021-05-27T02:30:01","guid":{"rendered":"https:\/\/havamall.vn\/?post_type=product&#038;p=20215"},"modified":"2022-03-16T11:12:09","modified_gmt":"2022-03-16T04:12:09","slug":"hop-4-mat-na-mat-na-duong-da-capstay-vitamin-mask-mat-na-duong-am-capstay-pure-gold-shining-ampoule-mask","status":"publish","type":"product","link":"https:\/\/havamall.vn\/en\/shop\/hop-4-mat-na-mat-na-duong-da-capstay-vitamin-mask-mat-na-duong-am-capstay-pure-gold-shining-ampoule-mask\/","title":{"rendered":"H\u1ed9p 4 M\u1eb7t N\u1ea1 M\u1eb7t N\u1ea1 D\u01b0\u1ee1ng Da \u2013 Capstay Vitamin Mask &amp; M\u1eb7t N\u1ea1 D\u01b0\u1ee1ng \u1ea8m \u2013 Capstay Pure Gold Shining Ampoule Mask"},"content":{"rendered":"<p>M\u1eb7t n\u1ea1 Pure Gold Shining Ampoule Mask (c\u0103ng b\u00f3ng, c\u1ea5p \u1ea9m, elastin) g\u1ed3m 10 mi\u1ebfng 25g\/h\u1ed9p.\u00a0M\u1eb7t n\u1ea1 m\u1ecfng chi\u1ebft xu\u1ea5t t\u1eeb l\u00e1 c\u00e2y b\u1ea1ch \u0111\u00e0n c\u00f3 \u0111\u1ed9 b\u00e1m d\u00ednh t\u1ed1t tr\u00ean da, cung c\u1ea5p d\u01b0\u1ee1ng ch\u1ea5t, d\u01b0\u1ee1ng \u1ea9m, d\u01b0\u1ee1ng tr\u1eafng hi\u1ec7u qu\u1ea3.<\/p>\n<p><img fetchpriority=\"high\" decoding=\"async\" class=\"wp-image-20486 aligncenter\" src=\"https:\/\/havamall.vn\/wp-content\/uploads\/2021\/05\/cfa583e23f0fca51931e-300x300.jpg\" alt=\"\" width=\"598\" height=\"598\" srcset=\"https:\/\/havamall.vn\/wp-content\/uploads\/2021\/05\/cfa583e23f0fca51931e-300x300.jpg 300w, https:\/\/havamall.vn\/wp-content\/uploads\/2021\/05\/cfa583e23f0fca51931e-430x430.jpg 430w, https:\/\/havamall.vn\/wp-content\/uploads\/2021\/05\/cfa583e23f0fca51931e-150x150.jpg 150w, https:\/\/havamall.vn\/wp-content\/uploads\/2021\/05\/cfa583e23f0fca51931e-700x700.jpg 700w, https:\/\/havamall.vn\/wp-content\/uploads\/2021\/05\/cfa583e23f0fca51931e-768x768.jpg 768w, https:\/\/havamall.vn\/wp-content\/uploads\/2021\/05\/cfa583e23f0fca51931e-600x600.jpg 600w, https:\/\/havamall.vn\/wp-content\/uploads\/2021\/05\/cfa583e23f0fca51931e-100x100.jpg 100w, https:\/\/havamall.vn\/wp-content\/uploads\/2021\/05\/cfa583e23f0fca51931e.jpg 1000w\" sizes=\"(max-width: 598px) 100vw, 598px\" \/><\/p>\n<p>S\u1ea3n ph\u1ea9m \u0111\u01b0\u1ee3c s\u1ea3n xu\u1ea5t theo c\u00f4ng ngh\u1ec7 H\u00e0n Qu\u1ed1c, bi\u1ebfn \u0111\u1ed5i vitamin v\u00e0 kho\u00e1ng ch\u1ea5t trong n\u01b0\u1edbc th\u00e0nh c\u00e1c d\u01b0\u1ee1ng ch\u1ea5t c\u00f3 c\u1ea5u tr\u00fac si\u00eau nh\u1ecf, d\u1ec5 d\u00e0ng th\u1ea5m s\u00e2u v\u00e0 b\u1ea3o v\u1ec7 l\u00e0n da gi\u00fap d\u01b0\u1ee1ng \u1ea9m, ch\u1ed1ng l\u00e3o h\u00f3a, tr\u1eafng da, n\u00e2ng c\u01a1 v\u00e0 ch\u1ed1ng n\u1ebfp nh\u0103n gi\u00fap da c\u0103ng b\u00f3ng m\u1ecbn m\u00e0ng.<\/p>\n<p><img decoding=\"async\" class=\"wp-image-20487 aligncenter\" src=\"https:\/\/havamall.vn\/wp-content\/uploads\/2021\/05\/2a78a13b1dd6e888b1c7-300x300.jpg\" alt=\"\" width=\"603\" height=\"603\" srcset=\"https:\/\/havamall.vn\/wp-content\/uploads\/2021\/05\/2a78a13b1dd6e888b1c7-300x300.jpg 300w, https:\/\/havamall.vn\/wp-content\/uploads\/2021\/05\/2a78a13b1dd6e888b1c7-430x430.jpg 430w, https:\/\/havamall.vn\/wp-content\/uploads\/2021\/05\/2a78a13b1dd6e888b1c7-150x150.jpg 150w, https:\/\/havamall.vn\/wp-content\/uploads\/2021\/05\/2a78a13b1dd6e888b1c7-700x700.jpg 700w, https:\/\/havamall.vn\/wp-content\/uploads\/2021\/05\/2a78a13b1dd6e888b1c7-768x768.jpg 768w, https:\/\/havamall.vn\/wp-content\/uploads\/2021\/05\/2a78a13b1dd6e888b1c7-600x600.jpg 600w, https:\/\/havamall.vn\/wp-content\/uploads\/2021\/05\/2a78a13b1dd6e888b1c7-100x100.jpg 100w, https:\/\/havamall.vn\/wp-content\/uploads\/2021\/05\/2a78a13b1dd6e888b1c7.jpg 1000w\" sizes=\"(max-width: 603px) 100vw, 603px\" \/><\/p>\n<p>M\u1eb7t n\u1ea1 ch\u1ee9a d\u1ea7u h\u1ea1t jojoba ch\u1ee9a axit hyaluronic v\u00e0 c\u00e1c th\u00e0nh ph\u1ea7n d\u01b0\u1ee1ng \u1ea9m kh\u00e1c c\u00f3 t\u00e1c d\u1ee5ng d\u01b0\u1ee1ng \u1ea9m, c\u1ea5p n\u01b0\u1edbc tuy\u1ec7t v\u1eddi cho l\u00e0n da kh\u00f4 r\u00e1p v\u00e0 s\u1ea7n s\u00f9i.<\/p>\n<p><img decoding=\"async\" class=\"aligncenter\" src=\"https:\/\/havamall.vn\/wp-content\/uploads\/2021\/05\/20201210_110102.png\" alt=\"M\u1eb7t n\u1ea1 d\u01b0\u1ee1ng \u1ea9m t\u0103ng \u0111\u1ed9 \u0111\u00e0n h\u1ed3i da CAPSTAY MASK PACK - Korea Trend Mall\" width=\"597\" height=\"430\" \/><\/p>\n<p>Kh\u00f4ng ch\u1ec9 c\u00f3 c\u00f4ng d\u1ee5ng d\u01b0\u1ee1ng \u1ea9m m\u00e0 tinh ch\u1ea5t trong m\u1eb7t n\u1ea1 c\u00f2n gi\u00fap lo\u1ea1i b\u1ecf b\u00e3 nh\u1eddn v\u00e0 c\u1ea3i thi\u1ec7n l\u00e0n da. Gi\u00fap l\u00e0n da s\u0103n ch\u1eafc kh\u1ecfe m\u1ea1nh v\u00e0 s\u1ea1ch b\u00e3 nh\u1eddn \u0111\u1ec3 d\u01b0\u1ee1ng ch\u1ea5t d\u1ec5 th\u1ea9m th\u1ea5u s\u00e2u trong da.<\/p>\n<p><img loading=\"lazy\" decoding=\"async\" class=\"wp-image-20488 aligncenter\" src=\"https:\/\/havamall.vn\/wp-content\/uploads\/2021\/05\/1a77c6ce7d23887dd132-288x300.jpg\" alt=\"\" width=\"609\" height=\"636\" srcset=\"https:\/\/havamall.vn\/wp-content\/uploads\/2021\/05\/1a77c6ce7d23887dd132-288x300.jpg 288w, https:\/\/havamall.vn\/wp-content\/uploads\/2021\/05\/1a77c6ce7d23887dd132-430x449.jpg 430w, https:\/\/havamall.vn\/wp-content\/uploads\/2021\/05\/1a77c6ce7d23887dd132-150x157.jpg 150w, https:\/\/havamall.vn\/wp-content\/uploads\/2021\/05\/1a77c6ce7d23887dd132-700x730.jpg 700w, https:\/\/havamall.vn\/wp-content\/uploads\/2021\/05\/1a77c6ce7d23887dd132-768x801.jpg 768w, https:\/\/havamall.vn\/wp-content\/uploads\/2021\/05\/1a77c6ce7d23887dd132-981x1024.jpg 981w, https:\/\/havamall.vn\/wp-content\/uploads\/2021\/05\/1a77c6ce7d23887dd132-600x626.jpg 600w, https:\/\/havamall.vn\/wp-content\/uploads\/2021\/05\/1a77c6ce7d23887dd132.jpg 1150w\" sizes=\"(max-width: 609px) 100vw, 609px\" \/><\/p>\n<h4><strong>\u0110\u1eb7c \u0111i\u1ec3m n\u1ed5i b\u1eadt c\u1ee7a m\u1eb7t n\u1ea1 Pure Gold Shining Ampoule Mask :<\/strong><\/h4>\n<p>\u2013 S\u1ea3n ph\u1ea9m ch\u1ee9a d\u1ea7u h\u1ea1t jojoba ch\u1ee9a axit hyaluronic v\u00e0 c\u00e1c th\u00e0nh ph\u1ea7n d\u01b0\u1ee1ng \u1ea9m kh\u00e1c c\u00f3 t\u00e1c d\u1ee5ng\u00a0d\u01b0\u1ee1ng \u1ea9m,\u00a0c\u1ea5p n\u01b0\u1edbc\u00a0tuy\u1ec7t v\u1eddi cho l\u00e0n da kh\u00f4 r\u00e1p v\u00e0 s\u1ea7n s\u00f9i.<\/p>\n<p>\u2013 Kh\u00f4ng ch\u1ec9 c\u00f3 c\u00f4ng d\u1ee5ng d\u01b0\u1ee1ng \u1ea9m m\u00e0 tinh ch\u1ea5t trong m\u1eb7t n\u1ea1 c\u00f2n gi\u00fap\u00a0lo\u1ea1i b\u1ecf b\u00e3 nh\u1eddn\u00a0v\u00e0\u00a0c\u1ea3i thi\u1ec7n l\u00e0n da<\/p>\n<p>\u2013 Gi\u00fap l\u00e0n da s\u0103n ch\u1eafc kh\u1ecfe m\u1ea1nh v\u00e0 s\u1ea1ch b\u00e3 nh\u1eddn \u0111\u1ec3 d\u01b0\u1ee1ng ch\u1ea5t d\u1ec5 th\u1ea9m th\u1ea5u s\u00e2u trong da.<\/p>\n<p><img loading=\"lazy\" decoding=\"async\" class=\"aligncenter\" src=\"https:\/\/havamall.vn\/wp-content\/uploads\/2021\/05\/20210104110829951.jpg\" alt=\"buyKOREA for Buyers-CAPSTAY Mask Pack Sheet Mask Pack Face\" width=\"588\" height=\"588\" \/><\/p>\n<div class=\"woodmart-tab-wrapper\">\n<div id=\"tab-description\" class=\"woocommerce-Tabs-panel woocommerce-Tabs-panel--description panel entry-content wc-tab\">\n<div class=\"wc-tab-inner\">\n<div class=\"\">\n<p>Vitamin Mask Capstay l\u00e0 m\u1eb7t\u00a0n\u1ea1 m\u1ecfng chi\u1ebft xu\u1ea5t t\u1eeb l\u00e1 c\u00e2y b\u1ea1ch \u0111\u00e0n c\u00f3 \u0111\u1ed9 b\u00e1m d\u00ednh t\u1ed1t tr\u00ean da, cung c\u1ea5p d\u01b0\u1ee1ng ch\u1ea5t, d\u01b0\u1ee1ng \u1ea9m, d\u01b0\u1ee1ng tr\u1eafng hi\u1ec7u qu\u1ea3.<\/p>\n<p>M\u1eb7t n\u1ea1 Capstay v\u1edbi th\u00e0nh ph\u1ea7n g\u1ed3m nhi\u1ec1u lo\u1ea1i tinh ch\u1ea5t d\u01b0\u1ee1ng \u1ea9m cao c\u1ea5p gi\u00fap c\u1ea5p \u1ea9m t\u0103ng c\u01b0\u1eddng cho da, ch\u1ed1ng l\u00e3o h\u00f3a v\u00e0 ng\u1eeba m\u1ee5n v\u00e0 t\u1ea9y da ch\u1ebft. M\u1eb7t n\u1ea1 Capstay \u0111\u01b0a c\u00e1c d\u01b0\u1ee1ng ch\u1ea5t th\u1ea5m s\u00e2u v\u00e0o da, t\u1ea1o n\u00ean m\u1ed9t l\u1edbp m\u00e0ng b\u1ea3o v\u1ec7 ho\u00e0n h\u1ea3o, gi\u00fap c\u00e2n b\u1eb1ng v\u00e0 duy tr\u00ec \u0111\u1ed9 \u1ea9m tr\u00ean da. S\u1ea3n ph\u1ea9m n\u00e0y ph\u00f9 h\u1ee3p v\u1edbi c\u1ea3 nh\u1eefng l\u00e0n da nh\u1ea1y c\u1ea3m nh\u1ea5t v\u00e0 \u0111\u1eb7c bi\u1ec7t kh\u00f4ng g\u00e2y b\u1ebft d\u00ednh tr\u00ean da.<\/p>\n<p><img decoding=\"async\" class=\"aligncenter\" src=\"https:\/\/havamall.vn\/wp-content\/uploads\/-000\/\/1\/b135bb8c0a0cf449d8f7b5c3fe9ad5cb.jpg\" alt=\"\ucea1\uc2a4\ud14c\uc774, CAPSTAY\" \/><\/p>\n<p>S\u1ea3n ph\u1ea9m \u0111\u01b0\u1ee3c s\u1ea3n xu\u1ea5t theo c\u00f4ng ngh\u1ec7 H\u00e0n Qu\u1ed1c, bi\u1ebfn \u0111\u1ed5i vitamin v\u00e0 kho\u00e1ng ch\u1ea5t trong n\u01b0\u1edbc th\u00e0nh c\u00e1c d\u01b0\u1ee1ng ch\u1ea5t c\u00f3 c\u1ea5u tr\u00fac si\u00eau nh\u1ecf, d\u1ec5 d\u00e0ng th\u1ea5m s\u00e2u v\u00e0 b\u1ea3o v\u1ec7 l\u00e0n da gi\u00fap d\u01b0\u1ee1ng \u1ea9m, ch\u1ed1ng l\u00e3o h\u00f3a, tr\u1eafng da, n\u00e2ng c\u01a1 v\u00e0 ch\u1ed1ng n\u1ebfp nh\u0103n gi\u00fap da c\u0103ng b\u00f3ng m\u1ecbn m\u00e0ng.<\/p>\n<p><img decoding=\"async\" class=\"aligncenter\" src=\"https:\/\/havamall.vn\/wp-content\/uploads\/-000\/\/1\/e0b1401bfb4dd186cccc6dd475f0b357.png\" alt=\"\ube44\ud0c0\ubbfc \ub9c8\uc2a4\ud06c\ud329 10EA\" \/><\/p>\n<p>M\u1eb7t n\u1ea1 ch\u1ee9a d\u1ea7u h\u1ea1t jojoba ch\u1ee9a axit hyaluronic v\u00e0 c\u00e1c th\u00e0nh ph\u1ea7n d\u01b0\u1ee1ng \u1ea9m kh\u00e1c c\u00f3 t\u00e1c d\u1ee5ng d\u01b0\u1ee1ng \u1ea9m, c\u1ea5p n\u01b0\u1edbc tuy\u1ec7t v\u1eddi cho l\u00e0n da kh\u00f4 r\u00e1p v\u00e0 s\u1ea7n s\u00f9i.<\/p>\n<p>Kh\u00f4ng ch\u1ec9 c\u00f3 c\u00f4ng d\u1ee5ng d\u01b0\u1ee1ng \u1ea9m m\u00e0 tinh ch\u1ea5t trong m\u1eb7t n\u1ea1 c\u00f2n gi\u00fap lo\u1ea1i b\u1ecf b\u00e3 nh\u1eddn v\u00e0 c\u1ea3i thi\u1ec7n l\u00e0n da. Gi\u00fap l\u00e0n da s\u0103n ch\u1eafc kh\u1ecfe m\u1ea1nh v\u00e0 s\u1ea1ch b\u00e3 nh\u1eddn \u0111\u1ec3 d\u01b0\u1ee1ng ch\u1ea5t d\u1ec5 th\u1ea9m th\u1ea5u s\u00e2u trong da.<\/p>\n<p><img loading=\"lazy\" decoding=\"async\" class=\"aligncenter\" src=\"https:\/\/havamall.vn\/wp-content\/uploads\/-000\/\/1\/20200429174206628.jpg\" alt=\"buyKOREA for Buyers-Pure Gold Shining Ampoule Mask\" width=\"602\" height=\"602\" \/><\/p>\n<h4><strong>\u0110\u1eb7c \u0111i\u1ec3m n\u1ed5i b\u1eadt c\u1ee7a Vitamin Mask Capstay:<\/strong><\/h4>\n<p>\u2013 Chi\u1ebft xu\u1ea5t t\u1eeb d\u1ea7u qu\u1ea3 t\u1ea7m xu\u00e2n\u00a0ti\u1ebfp th\u00eam s\u1ee9c s\u1ed1ng\u00a0cho l\u00e0n da x\u1ec9n m\u00e0u nh\u1edd t\u00e1c d\u1ee5ng c\u1ee7a vitamin C (g\u1ea5p 20 l\u1ea7n t\u00e1c d\u1ee5ng c\u1ee7a chanh) v\u00e0 c\u00e1c vitamin kh\u00e1c.<\/p>\n<p>\u2013 C\u00f3 kh\u1ea3 n\u0103ng\u00a0d\u01b0\u1ee1ng \u1ea9m,\u00a0c\u1ea5p n\u01b0\u1edbc\u00a0tuy\u1ec7t v\u1eddi gi\u00fap da duy tr\u00ec \u0111\u1ed9 \u1ea9m v\u00e0\u00a0t\u0103ng c\u01b0\u1eddng h\u00e0ng r\u00e0o b\u1ea3o v\u1ec7 da, gi\u00fap da r\u1ea1ng r\u1ee1 v\u00e0 c\u0103ng m\u1ecdng.<\/p>\n<p>\u2013 Vitamin E (tocopherol)\u00a0b\u1ea3o v\u1ec7\u00a0m\u00e0ng\u00a0t\u1ebf b\u00e0o\u00a0da kh\u1ecfi s\u1ef1 x\u00e2m nh\u1eadp t\u1eeb b\u00ean ngo\u00e0i, ng\u0103n ng\u1eeba t\u1ed5n th\u01b0\u01a1ng v\u00e0\u00a0ch\u1ed1ng l\u00e3o h\u00f3a.<\/p>\n<p><img loading=\"lazy\" decoding=\"async\" class=\"aligncenter\" src=\"https:\/\/havamall.vn\/wp-content\/uploads\/-000\/\/1\/5c0c657ea46724da65d175cd59decdc6.jpg\" alt=\"\ud654\uc7a5\ud488 \ubaa8\ub378 \ucc29\uc6a9 \uc774\ubbf8\uc9c0-S1L2\" width=\"622\" height=\"548\" \/><\/p>\n<\/div>\n<\/div>\n<\/div>\n<\/div>\n<h4><strong>H\u01b0\u1edbng d\u1eabn s\u1eed d\u1ee5ng:<\/strong><\/h4>\n<p>&gt;B\u01b0\u1edbc 1: C\u00e2n b\u1eb1ng da sau khi r\u1eeda m\u1eb7t<\/p>\n<p>&gt;B\u01b0\u1edbc 2: \u0110\u1eafp m\u1eb7t n\u1ea1 l\u00ean v\u00e0 ch\u1ec9nh cho m\u1eb7t n\u1ea1 v\u1eeba m\u1eb7t<\/p>\n<p>&gt;B\u01b0\u1edbc 3: G\u1ee1 m\u1eb7t n\u1ea1 sau 15-20 ph\u00fat<\/p>\n<p>&gt;B\u01b0\u1edbc 4: Massage nh\u1eb9 nh\u00e0ng ph\u1ea7n tinh ch\u1ea5t c\u00f2n l\u1ea1i tr\u00ean da sau khi g\u1ee1 m\u1eb7t n\u1ea1.<\/p>\n<p>S\u1ea3m ph\u1ea9m hi\u1ec7n \u0111\u00e3 c\u00f3 m\u1eb7t t\u1ea1i Havamall.<\/p>","protected":false},"excerpt":{"rendered":"<p>M\u1eb7t n\u1ea1 Pure Gold Shining Ampoule Mask (c\u0103ng b\u00f3ng, c\u1ea5p \u1ea9m, elastin) g\u1ed3m 10 mi\u1ebfng 25g\/h\u1ed9p.\u00a0M\u1eb7t n\u1ea1 m\u1ecfng chi\u1ebft xu\u1ea5t<\/p>","protected":false},"featured_media":20218,"comment_status":"open","ping_status":"closed","template":"","meta":[],"product_brand":[],"product_cat":[396,35],"product_tag":[],"class_list":{"0":"post-20215","1":"product","2":"type-product","3":"status-publish","4":"has-post-thumbnail","6":"product_cat-suc-khoe-lam-dep","7":"product_cat-nha-cua-doi-song","9":"first","10":"instock","11":"sale","12":"shipping-taxable","13":"purchasable","14":"product-type-simple"},"_links":{"self":[{"href":"https:\/\/havamall.vn\/en\/wp-json\/wp\/v2\/product\/20215"}],"collection":[{"href":"https:\/\/havamall.vn\/en\/wp-json\/wp\/v2\/product"}],"about":[{"href":"https:\/\/havamall.vn\/en\/wp-json\/wp\/v2\/types\/product"}],"replies":[{"embeddable":true,"href":"https:\/\/havamall.vn\/en\/wp-json\/wp\/v2\/comments?post=20215"}],"version-history":[{"count":0,"href":"https:\/\/havamall.vn\/en\/wp-json\/wp\/v2\/product\/20215\/revisions"}],"wp:featuredmedia":[{"embeddable":true,"href":"https:\/\/havamall.vn\/en\/wp-json\/wp\/v2\/media\/20218"}],"wp:attachment":[{"href":"https:\/\/havamall.vn\/en\/wp-json\/wp\/v2\/media?parent=20215"}],"wp:term":[{"taxonomy":"product_brand","embeddable":true,"href":"https:\/\/havamall.vn\/en\/wp-json\/wp\/v2\/product_brand?post=20215"},{"taxonomy":"product_cat","embeddable":true,"href":"https:\/\/havamall.vn\/en\/wp-json\/wp\/v2\/product_cat?post=20215"},{"taxonomy":"product_tag","embeddable":true,"href":"https:\/\/havamall.vn\/en\/wp-json\/wp\/v2\/product_tag?post=20215"}],"curies":[{"name":"wp","href":"https:\/\/api.w.org\/{rel}","templated":true}]}}