{"id":20212,"date":"2021-05-27T09:17:38","date_gmt":"2021-05-27T02:17:38","guid":{"rendered":"https:\/\/havamall.vn\/?post_type=product&#038;p=20212"},"modified":"2022-11-15T14:37:45","modified_gmt":"2022-11-15T07:37:45","slug":"combo-kem-danh-rang-huu-co-ban-chai-long-sieu-mem-cho-be-duoi-6-thang-tuoi","status":"publish","type":"product","link":"https:\/\/havamall.vn\/en\/shop\/combo-kem-danh-rang-huu-co-ban-chai-long-sieu-mem-cho-be-duoi-6-thang-tuoi\/","title":{"rendered":"Combo Kem \u0110\u00e1nh R\u0103ng H\u1eefu C\u01a1 Thanh Long &amp; B\u00e0n Ch\u1ea3i L\u00f4ng Si\u00eau M\u1ec1m Cho B\u00e9 T\u1eeb 6 Th\u00e1ng Tu\u1ed5i"},"content":{"rendered":"<p>Kem \u0111\u00e1nh r\u0103ng h\u1eefu c\u01a1 tr\u1ebb em d\u1ea1ng gel, tu\u00fdp 85g v\u1edbi h\u01b0\u01a1ng v\u1ecb nhi\u1ec7t \u0111\u1edbi t\u1eeb thanh long, gi\u00e0u vitamin C l\u00e0 m\u1ed9t s\u1ef1 l\u1ef1a ch\u1ecdn l\u00fd t\u01b0\u1edfng cho b\u00e9 t\u1eeb 6 th\u00e1ng tu\u1ed5i tr\u1edf l\u00ean, an to\u00e0n tuy\u1ec7t \u0111\u1ed1i ngay c\u1ea3 khi b\u00e9 nu\u1ed1t.<\/p>\n<p>S\u1ea3n ph\u1ea9m v\u1edbi c\u00f4ng th\u1ee9c \u0111\u1ed9c quy\u1ec1n c\u1ee7a RADIUS \u0111\u01b0\u1ee3c ch\u1ee9ng nh\u1eadn h\u1eefu c\u01a1 USDA, gi\u00fap b\u00e9 v\u1ec7 sinh r\u0103ng mi\u1ec7ng m\u1ed9t c\u00e1ch t\u1ef1 nhi\u00ean nh\u1ea5t m\u00e0 kh\u00f4ng ch\u1ee9a b\u1ea5t k\u00ec th\u00e0nh ph\u1ea7n ho\u00e1 h\u1ecdc n\u00e0o.<\/p>\n<p><img fetchpriority=\"high\" decoding=\"async\" class=\"wp-image-20186 aligncenter\" src=\"https:\/\/havamall.vn\/wp-content\/uploads\/2021\/05\/653fa7688f9d7ac3238c-300x300.jpg\" alt=\"\" width=\"606\" height=\"606\" srcset=\"https:\/\/havamall.vn\/wp-content\/uploads\/2021\/05\/653fa7688f9d7ac3238c-300x300.jpg 300w, https:\/\/havamall.vn\/wp-content\/uploads\/2021\/05\/653fa7688f9d7ac3238c-430x430.jpg 430w, https:\/\/havamall.vn\/wp-content\/uploads\/2021\/05\/653fa7688f9d7ac3238c-150x150.jpg 150w, https:\/\/havamall.vn\/wp-content\/uploads\/2021\/05\/653fa7688f9d7ac3238c-700x700.jpg 700w, https:\/\/havamall.vn\/wp-content\/uploads\/2021\/05\/653fa7688f9d7ac3238c-768x768.jpg 768w, https:\/\/havamall.vn\/wp-content\/uploads\/2021\/05\/653fa7688f9d7ac3238c-600x600.jpg 600w, https:\/\/havamall.vn\/wp-content\/uploads\/2021\/05\/653fa7688f9d7ac3238c-100x100.jpg 100w, https:\/\/havamall.vn\/wp-content\/uploads\/2021\/05\/653fa7688f9d7ac3238c.jpg 1024w\" sizes=\"(max-width: 606px) 100vw, 606px\" \/><\/p>\n<p>S\u1ea3n ph\u1ea9m v\u1edbi c\u00f4ng th\u1ee9c \u0111\u1ed9c quy\u1ec1n c\u1ee7a RADIUS \u0111\u01b0\u1ee3c ch\u1ee9ng nh\u1eadn h\u1eefu c\u01a1 USDA, gi\u00fap b\u00e9 v\u1ec7 sinh r\u0103ng mi\u1ec7ng m\u1ed9t c\u00e1ch t\u1ef1 nhi\u00ean nh\u1ea5t m\u00e0 kh\u00f4ng ch\u1ee9a b\u1ea5t k\u00ec th\u00e0nh ph\u1ea7n ho\u00e1 h\u1ecdc n\u00e0o.<\/p>\n<p>S\u1ea3n ph\u1ea9m \u0111\u01b0\u1ee3c nh\u1eadp kh\u1ea9u ch\u00ednh ng\u1ea1ch, th\u00f4ng tin s\u1ea3n ph\u1ea9m b\u1eb1ng Ti\u1ebfng Vi\u1ec7t k\u00e8m h\u1ea1n s\u1eed d\u1ee5ng \u0111\u01b0\u1ee3c in tr\u00ean nh\u00e3n ph\u1ee5 v\u00e0 \u0111\u01b0\u1ee3c d\u00e1n \u1edf m\u1eb7t sau h\u1ed9p kem \u0111\u00e1nh r\u0103ng RADIUS.<\/p>\n<p><img decoding=\"async\" class=\"aligncenter\" src=\"https:\/\/havamall.vn\/wp-content\/uploads\/2021\/05\/kem_danh_rang_radius_vi_thanh_long_grande.png\" alt=\"Kem \u0111\u00e1nh r\u0103ng tr\u1ebb em Radius v\u1ecb Thanh Long\" \/><\/p>\n<p>C\u00f4ng th\u1ee9c kem \u0111\u00e1nh r\u0103ng d\u1ea1ng gel m\u1edbi \u0111\u1ea1t ti\u00eau chu\u1ea9n h\u1eefu c\u01a1 USDA, kh\u00f4ng ch\u1ee9a c\u00e1c ch\u1ea5t h\u00f3a h\u1ecdc v\u00e0 ph\u1ee5 gia nh\u01b0 c\u00e1c s\u1ea3n ph\u1ea9m th\u00f4ng th\u01b0\u1eddng. \u0110\u1ea3m b\u1ea3o an to\u00e0n t\u1ed1i \u0111a cho b\u00e9.<\/p>\n<p>Kem \u0111\u00e1nh r\u0103ng h\u1eefu c\u01a1 gi\u00fap l\u00e0m s\u1ea1ch r\u0103ng mi\u1ec7ng t\u1eeb c\u00e1c nguy\u00ean li\u1ec7u t\u1eeb thi\u00ean nhi\u00ean, an to\u00e0n tuy\u1ec7t \u0111\u1ed1i cho c\u1ea3 tr\u1ebb em v\u00e0 ng\u01b0\u1eddi l\u1edbn.<\/p>\n<p><img decoding=\"async\" class=\"aligncenter\" src=\"https:\/\/havamall.vn\/wp-content\/uploads\/2021\/05\/press_release_distribution_0455180_130800.png\" alt=\"RADIUS Launches New USDA Organic Gel Toothpaste\" width=\"600\" height=\"600\" \/><\/p>\n<p>\u0110i k\u00e8m kem \u0111\u00e1nh r\u0103ng l\u00e0 chi\u1ebfc b\u00e0n ch\u1ea3i l\u00f4ng si\u00eau m\u1ec1m cho c\u00e1c b\u00e9 t\u1eeb 6 th\u00e1ng tu\u1ed5i. C\u00e1c nguy\u00ean li\u1ec7u ch\u00fang t\u00f4i s\u1eed d\u1ee5ng trong s\u1ea3n ph\u1ea9m l\u00e0 s\u1ef1 k\u1ebft h\u1ee3p ho\u00e0n h\u1ea3o \u0111\u1ec3 c\u00f3 \u0111\u01b0\u1ee3c lo\u1ea1i kem \u0111\u00e1nh r\u0103ng hi\u1ec7u qu\u1ea3 t\u1ed1t m\u00e0 v\u1eabn c\u00f3 m\u00f9i v\u1ecb h\u1ea5p d\u1eabn. V\u1edbi h\u01b0\u01a1ng v\u1ecb gi\u00e0u Vitamin C t\u1eeb thanh long s\u1ebd th\u00edch th\u00fa v\u1edbi vi\u1ec7c \u0111\u00e1nh r\u0103ng h\u1eb1ng ng\u00e0y h\u01a1n.<\/p>\n<p><img decoding=\"async\" class=\"wp-image-20188 aligncenter\" src=\"https:\/\/havamall.vn\/wp-content\/uploads\/2021\/05\/a1c73e941661e33fba70-1-300x200.jpg\" alt=\"\" width=\"604\" height=\"403\" srcset=\"https:\/\/havamall.vn\/wp-content\/uploads\/2021\/05\/a1c73e941661e33fba70-1-300x200.jpg 300w, https:\/\/havamall.vn\/wp-content\/uploads\/2021\/05\/a1c73e941661e33fba70-1-430x287.jpg 430w, https:\/\/havamall.vn\/wp-content\/uploads\/2021\/05\/a1c73e941661e33fba70-1-150x100.jpg 150w, https:\/\/havamall.vn\/wp-content\/uploads\/2021\/05\/a1c73e941661e33fba70-1-700x467.jpg 700w, https:\/\/havamall.vn\/wp-content\/uploads\/2021\/05\/a1c73e941661e33fba70-1-768x513.jpg 768w, https:\/\/havamall.vn\/wp-content\/uploads\/2021\/05\/a1c73e941661e33fba70-1-1024x683.jpg 1024w, https:\/\/havamall.vn\/wp-content\/uploads\/2021\/05\/a1c73e941661e33fba70-1-1200x801.jpg 1200w, https:\/\/havamall.vn\/wp-content\/uploads\/2021\/05\/a1c73e941661e33fba70-1-600x400.jpg 600w, https:\/\/havamall.vn\/wp-content\/uploads\/2021\/05\/a1c73e941661e33fba70-1.jpg 1864w\" sizes=\"(max-width: 604px) 100vw, 604px\" \/><\/p>\n<p>K\u00edch th\u01b0\u1edbc t\u1eebng s\u1ea3n ph\u1ea9m v\u1eeba tay, ph\u00f9 h\u1ee3p mang \u0111i du l\u1ecbch theo \u0111\u00fang ti\u00eau chu\u1ea9n c\u1ee7a C\u1ee5c an ninh v\u1eadn t\u1ea3i M\u1ef9 (TSA). Nh\u1edd \u0111\u00f3 b\u1ea1n c\u00f3 th\u1ec3 tho\u1ea3i m\u00e1i mang kem \u0111\u00e1nh r\u0103ng RADIUS \u0111i b\u1ea5t k\u00ec n\u01a1i \u0111\u00e2u.<\/p>\n<div class=\"ZUo4Ze\">\n<div class=\"fwCBrd\">\n<div class=\"fDqwl\">\n<div>\n<div class=\"Jx5U7c fLzuYd\"><img loading=\"lazy\" decoding=\"async\" class=\"aligncenter\" src=\"https:\/\/havamall.vn\/wp-content\/uploads\/2021\/05\/RD-5347_other_49578633_20200907111513_01_1200.jpg\" alt=\"RADIUS | \u6709\u6a5f\u5e7c\u5152\u7121\u6c1f\u556b\u55b1\u7259\u818f85g - \u706b\u9f8d\u679c| HKTVmall \u9999\u6e2f\u9818\u5148\u7db2\u8cfc\u5e73\u53f0\" width=\"604\" height=\"604\" \/><\/div>\n<\/div>\n<\/div>\n<\/div>\n<\/div>\n<h4><strong>S\u1ea3n ph\u1ea9m ho\u00e0n to\u00e0n KH\u00d4NG ch\u1ee9a:\u00a0<\/strong><\/h4>\n<p>\u2192\u00a0Th\u00e0nh ph\u1ea7n nh\u00e2n t\u1ea1o, ch\u1ea5t t\u1ea1o m\u00e0u, ch\u1ea5t t\u1ea1o ng\u1ecdt v\u00e0 v\u1ecb, ch\u1ea5t b\u1ea3o qu\u1ea3n<\/p>\n<p>\u2192\u00a0Glutens (ch\u1ea5t t\u1ea1o \u0111\u1ed9 k\u1ebft d\u00ednh)<\/p>\n<p>\u2192\u00a0GMOs (ch\u1ea5t bi\u1ebfn \u0111\u1ed5i gen)<\/p>\n<p>\u2192\u00a0Fluoride (ch\u1ea5t ch\u1ed1ng s\u00e2u r\u0103ng nh\u01b0ng c\u0169ng l\u00e0 th\u00e0nh ph\u1ea7n trong thu\u1ed1c di\u1ec7t chu\u1ed9t,thu\u1ed1c g\u00e2y m\u00ea)<\/p>\n<p>\u2192\u00a0\u0110\u01b0\u1eddng ho\u00e1 h\u1ecdc<\/p>\n<p>\u2192\u00a0Ch\u1ea5t t\u1ea1o b\u1ecdt nh\u00e2n t\u1ea1o (SLS &amp; SLES)<\/p>\n<p>\u2192\u00a0Ch\u1ea5t ph\u1ee5 gia, ch\u1ea5t b\u1ea3o qu\u1ea3n (parabens)<\/p>\n<p>\u2192\u00a0Ch\u1ea5t t\u1ea9y r\u1eeda v\u00e0 ch\u1ea5t t\u1ea1o b\u1ecdt t\u1ed5ng h\u1ee3p.<\/p>\n<p><img loading=\"lazy\" decoding=\"async\" class=\"wp-image-19910 aligncenter\" src=\"https:\/\/havamall.vn\/wp-content\/uploads\/2021\/05\/thanh-long-240x300.jpg\" alt=\"\" width=\"601\" height=\"752\" srcset=\"https:\/\/havamall.vn\/wp-content\/uploads\/2021\/05\/thanh-long-240x300.jpg 240w, https:\/\/havamall.vn\/wp-content\/uploads\/2021\/05\/thanh-long-430x538.jpg 430w, https:\/\/havamall.vn\/wp-content\/uploads\/2021\/05\/thanh-long-150x188.jpg 150w, https:\/\/havamall.vn\/wp-content\/uploads\/2021\/05\/thanh-long-700x875.jpg 700w, https:\/\/havamall.vn\/wp-content\/uploads\/2021\/05\/thanh-long-768x960.jpg 768w, https:\/\/havamall.vn\/wp-content\/uploads\/2021\/05\/thanh-long-819x1024.jpg 819w, https:\/\/havamall.vn\/wp-content\/uploads\/2021\/05\/thanh-long-1200x1500.jpg 1200w, https:\/\/havamall.vn\/wp-content\/uploads\/2021\/05\/thanh-long-600x750.jpg 600w, https:\/\/havamall.vn\/wp-content\/uploads\/2021\/05\/thanh-long.jpg 1620w\" sizes=\"(max-width: 601px) 100vw, 601px\" \/><\/p>\n<h4><strong>\u0110\u1eb7c \u0111i\u1ec3m n\u1ed5i b\u1eadt c\u1ee7a kem \u0111\u00e1nh r\u0103ng h\u1eefu c\u01a1 thanh long:<\/strong><\/h4>\n<p>\u2013 Ho\u00e0n to\u00e0n h\u1eefu c\u01a1<\/p>\n<p>\u2013 Kh\u00f4ng ch\u1ea5t \u0111\u1ed9c h\u1ea1i<\/p>\n<p>\u2013 M\u00f9i v\u1ecb h\u1ea5p d\u1eabn &amp; \u0111\u1ea3m b\u1ea3o hi\u1ec7u qu\u1ea3 khi s\u1eed d\u1ee5ng<\/p>\n<p>\u2013 \u0110\u00f3ng g\u00f3i bao b\u00ec nh\u1ecf g\u1ecdn ti\u1ec7n l\u1ee3i<\/p>\n<p>M\u1ec1m m\u1ea1i, nh\u1eb9 d\u1ecbu, \u0111\u01a1n gi\u1ea3n nh\u01b0ng hi\u1ec7u qu\u1ea3 l\u00e0 nh\u1eefng ti\u00eau ch\u00ed c\u1ea7n c\u00f3 \u1edf m\u1ed9t s\u1ea3n ph\u1ea9m cho tr\u1ebb em. B\u1ed1 m\u1eb9 lu\u00f4n mu\u1ed1n cho b\u00e9 s\u1eed d\u1ee5ng nh\u1eefng s\u1ea3n ph\u1ea9m t\u1ed1t nh\u1ea5t v\u00e0 ch\u00fang t\u00f4i c\u0169ng v\u1eady. V\u1edbi ch\u1ee9c n\u0103ng c\u1ef1c k\u1ef3 nh\u1eb9 d\u1ecbu v\u00e0 hi\u1ec7u qu\u1ea3, b\u00e0n ch\u1ea3i \u0111\u00e1nh r\u0103ng Pure Baby si\u00eau m\u1ec1m l\u00e0 s\u1ea3n ph\u1ea9m ho\u00e0n h\u1ea3o cho b\u00e9 \u2013 kh\u00f4ng ch\u1ee9a BPA (ch\u1ea5t d\u00f9ng trong ch\u1ebf t\u1ea1o nh\u1ef1a), kh\u00f4ng nhu\u1ed9m m\u00e0u v\u00e0 c\u00e1c ch\u1ea5t ho\u00e1 h\u1ecdc.<\/p>\n<p><img loading=\"lazy\" decoding=\"async\" class=\"wp-image-19902 aligncenter\" src=\"https:\/\/havamall.vn\/wp-content\/uploads\/2021\/05\/6-300x300.jpg\" alt=\"\" width=\"582\" height=\"582\" srcset=\"https:\/\/havamall.vn\/wp-content\/uploads\/2021\/05\/6-300x300.jpg 300w, https:\/\/havamall.vn\/wp-content\/uploads\/2021\/05\/6-430x430.jpg 430w, https:\/\/havamall.vn\/wp-content\/uploads\/2021\/05\/6-150x150.jpg 150w, https:\/\/havamall.vn\/wp-content\/uploads\/2021\/05\/6-700x700.jpg 700w, https:\/\/havamall.vn\/wp-content\/uploads\/2021\/05\/6-768x768.jpg 768w, https:\/\/havamall.vn\/wp-content\/uploads\/2021\/05\/6-1024x1024.jpg 1024w, https:\/\/havamall.vn\/wp-content\/uploads\/2021\/05\/6-1200x1200.jpg 1200w, https:\/\/havamall.vn\/wp-content\/uploads\/2021\/05\/6-600x600.jpg 600w, https:\/\/havamall.vn\/wp-content\/uploads\/2021\/05\/6-100x100.jpg 100w, https:\/\/havamall.vn\/wp-content\/uploads\/2021\/05\/6.jpg 2048w\" sizes=\"(max-width: 582px) 100vw, 582px\" \/><\/p>\n<p>\u0110\u01b0\u1ee3c thi\u1ebft k\u1ebf \u0111\u1ec3 b\u1ea3o v\u1ec7 r\u0103ng v\u00e0 n\u01b0\u1edbu cho b\u00e9 t\u1eeb 6 \u2013 18 th\u00e1ng tu\u1ed5i, b\u00e0n ch\u1ea3i gi\u00fap nh\u1eb9 nh\u00e0ng l\u00e0m s\u1ea1ch r\u0103ng mi\u1ec7ng, ng\u0103n s\u1ef1 h\u00ecnh th\u00e0nh m\u1ea3ng b\u00e1m tr\u00ean r\u0103ng.<\/p>\n<p>S\u1ea3n ph\u1ea9m \u0111\u01b0\u1ee3c nh\u1eadp kh\u1ea9u ch\u00ednh ng\u1ea1ch, th\u00f4ng tin s\u1ea3n ph\u1ea9m b\u1eb1ng Ti\u1ebfng Vi\u1ec7t \u0111\u01b0\u1ee3c in tr\u00ean nh\u00e3n ph\u1ee5 v\u00e0 \u0111\u01b0\u1ee3c d\u00e1n \u1edf m\u1eb7t sau bao b\u00ec b\u00e0n ch\u1ea3i RADIUS.<\/p>\n<p><img loading=\"lazy\" decoding=\"async\" class=\"wp-image-20213 aligncenter\" src=\"https:\/\/havamall.vn\/wp-content\/uploads\/2021\/05\/e6d1bf82977762293b66-1-225x300.jpg\" alt=\"\" width=\"579\" height=\"772\" srcset=\"https:\/\/havamall.vn\/wp-content\/uploads\/2021\/05\/e6d1bf82977762293b66-1-225x300.jpg 225w, https:\/\/havamall.vn\/wp-content\/uploads\/2021\/05\/e6d1bf82977762293b66-1-430x574.jpg 430w, https:\/\/havamall.vn\/wp-content\/uploads\/2021\/05\/e6d1bf82977762293b66-1-150x200.jpg 150w, https:\/\/havamall.vn\/wp-content\/uploads\/2021\/05\/e6d1bf82977762293b66-1-700x934.jpg 700w, https:\/\/havamall.vn\/wp-content\/uploads\/2021\/05\/e6d1bf82977762293b66-1-768x1025.jpg 768w, https:\/\/havamall.vn\/wp-content\/uploads\/2021\/05\/e6d1bf82977762293b66-1-767x1024.jpg 767w, https:\/\/havamall.vn\/wp-content\/uploads\/2021\/05\/e6d1bf82977762293b66-1-600x801.jpg 600w, https:\/\/havamall.vn\/wp-content\/uploads\/2021\/05\/e6d1bf82977762293b66-1.jpg 956w\" sizes=\"(max-width: 579px) 100vw, 579px\" \/><\/p>\n<p>V\u1edbi l\u00f4ng t\u01a1 m\u1ec1m l\u00e0m t\u1eeb th\u1ef1c v\u1eadt ZERO PETROLEUM gi\u00fap l\u00e0m s\u1ea1ch r\u0103ng mi\u1ec7ng hi\u1ec7u qu\u1ea3 m\u00e0 kh\u00f4ng h\u1ec1 g\u00e2y ra t\u1ed5n th\u01b0\u01a1ng cho n\u01b0\u1edbu nh\u1ea1y c\u1ea3m c\u1ee7a tr\u1ebb s\u01a1 sinh, s\u1ea3n ph\u1ea9m ch\u00ednh l\u00e0 s\u1ef1 l\u1ef1a ch\u1ecdn an to\u00e0n tuy\u1ec7t \u0111\u1ed1i cho b\u00e9 y\u00eau c\u1ee7a b\u1ea1n.<\/p>\n<p>M\u1ec1m m\u1ea1i, nh\u1eb9 d\u1ecbu, \u0111\u01a1n gi\u1ea3n nh\u01b0ng hi\u1ec7u qu\u1ea3 l\u00e0 nh\u1eefng ti\u00eau ch\u00ed c\u1ea7n c\u00f3 \u1edf m\u1ed9t s\u1ea3n ph\u1ea9m cho tr\u1ebb em. B\u1ed1 m\u1eb9 lu\u00f4n mu\u1ed1n cho b\u00e9 s\u1eed d\u1ee5ng nh\u1eefng s\u1ea3n ph\u1ea9m t\u1ed1t nh\u1ea5t v\u00e0 ch\u00fang t\u00f4i c\u0169ng v\u1eady.<\/p>\n<p><img loading=\"lazy\" decoding=\"async\" class=\"wp-image-19904 aligncenter\" src=\"https:\/\/havamall.vn\/wp-content\/uploads\/2021\/05\/b%C3%A1n-ch%E1%BA%A3i-6-th%C3%A1ng-300x300.jpg\" alt=\"\" width=\"583\" height=\"583\" \/><\/p>\n<p>V\u1edbi ch\u1ee9c n\u0103ng c\u1ef1c k\u1ef3 nh\u1eb9 d\u1ecbu v\u00e0 hi\u1ec7u qu\u1ea3, b\u00e0n ch\u1ea3i \u0111\u00e1nh r\u0103ng Pure Baby si\u00eau m\u1ec1m l\u00e0 s\u1ea3n ph\u1ea9m ho\u00e0n h\u1ea3o cho b\u00e9 \u2013 kh\u00f4ng ch\u1ee9a BPA (ch\u1ea5t d\u00f9ng trong ch\u1ebf t\u1ea1o nh\u1ef1a), kh\u00f4ng nhu\u1ed9m m\u00e0u v\u00e0 c\u00e1c ch\u1ea5t ho\u00e1 h\u1ecdc. \u0110\u01b0\u1ee3c thi\u1ebft k\u1ebf \u0111\u1ec3 b\u1ea3o v\u1ec7 r\u0103ng v\u00e0 n\u01b0\u1edbu cho b\u00e9 t\u1eeb 6 \u2013 18 th\u00e1ng tu\u1ed5i, b\u00e0n ch\u1ea3i gi\u00fap nh\u1eb9 nh\u00e0ng l\u00e0m s\u1ea1ch r\u0103ng mi\u1ec7ng, ng\u0103n s\u1ef1 h\u00ecnh th\u00e0nh m\u1ea3ng b\u00e1m tr\u00ean r\u0103ng.<\/p>\n<p><img loading=\"lazy\" decoding=\"async\" class=\"wp-image-19905 aligncenter\" src=\"https:\/\/havamall.vn\/wp-content\/uploads\/2021\/05\/fefdcs-300x300.jpg\" alt=\"\" width=\"607\" height=\"607\" srcset=\"https:\/\/havamall.vn\/wp-content\/uploads\/2021\/05\/fefdcs-300x300.jpg 300w, https:\/\/havamall.vn\/wp-content\/uploads\/2021\/05\/fefdcs-430x430.jpg 430w, https:\/\/havamall.vn\/wp-content\/uploads\/2021\/05\/fefdcs-150x150.jpg 150w, https:\/\/havamall.vn\/wp-content\/uploads\/2021\/05\/fefdcs-700x700.jpg 700w, https:\/\/havamall.vn\/wp-content\/uploads\/2021\/05\/fefdcs-768x768.jpg 768w, https:\/\/havamall.vn\/wp-content\/uploads\/2021\/05\/fefdcs-1024x1024.jpg 1024w, https:\/\/havamall.vn\/wp-content\/uploads\/2021\/05\/fefdcs-1200x1200.jpg 1200w, https:\/\/havamall.vn\/wp-content\/uploads\/2021\/05\/fefdcs-600x600.jpg 600w, https:\/\/havamall.vn\/wp-content\/uploads\/2021\/05\/fefdcs-100x100.jpg 100w, https:\/\/havamall.vn\/wp-content\/uploads\/2021\/05\/fefdcs.jpg 1875w\" sizes=\"(max-width: 607px) 100vw, 607px\" \/><\/p>\n<h4><strong>\u0110\u1eb7c \u0111i\u1ec3m n\u1ed5i b\u1eadt c\u1ee7a s\u1ea3n ph\u1ea9m:<\/strong><\/h4>\n<p>\u2013 Ho\u00e0n to\u00e0n kh\u00f4ng ch\u1ee9a BPA v\u00e0 s\u1ee3i nhu\u1ed9m m\u00e0u.<\/p>\n<p>\u2013 \u0110\u1ea7u b\u00e0n ch\u1ea3i an to\u00e0n v\u00e0 m\u1ec1m m\u1ea1i.<\/p>\n<p>\u2013 Lo\u1ea1i L\u00f4ng b\u00e0n ch\u1ea3i \u0111\u1eb7c bi\u1ec7t d\u00e0nh ri\u00eang cho tr\u1ebb nh\u1ecf.<\/p>\n<p>\u2013 Tay\u00a0c\u1ea7m\u00a0thon\u00a0g\u1ecdn\u00a0d\u1ec5\u00a0n\u1eafm.<\/p>\n<p>\u0110\u00e2y ch\u1eafc ch\u1eafn l\u00e0 m\u1ed9t s\u1ef1 k\u1ebft h\u1ee3p ho\u00e0n h\u1ea3o d\u00e0nh cho c\u00e1c b\u00e9 y\u00eau c\u1ee7a b\u1ea1n.<\/p>\n<p>S\u1ea3n ph\u1ea9m hi\u1ec7n \u0111\u00e3 c\u00f3 m\u1eb7t t\u1ea1i Havamall.<\/p>","protected":false},"excerpt":{"rendered":"<p>Kem \u0111\u00e1nh r\u0103ng h\u1eefu c\u01a1 tr\u1ebb em d\u1ea1ng gel, tu\u00fdp 85g v\u1edbi h\u01b0\u01a1ng v\u1ecb nhi\u1ec7t \u0111\u1edbi t\u1eeb thanh long, gi\u00e0u<\/p>","protected":false},"featured_media":20214,"comment_status":"open","ping_status":"closed","template":"","meta":[],"product_brand":[],"product_cat":[397,396,35],"product_tag":[],"class_list":{"0":"post-20212","1":"product","2":"type-product","3":"status-publish","4":"has-post-thumbnail","6":"product_cat-hang-me-be-do-choi","7":"product_cat-suc-khoe-lam-dep","8":"product_cat-nha-cua-doi-song","10":"first","11":"outofstock","12":"sale","13":"shipping-taxable","14":"purchasable","15":"product-type-simple"},"_links":{"self":[{"href":"https:\/\/havamall.vn\/en\/wp-json\/wp\/v2\/product\/20212"}],"collection":[{"href":"https:\/\/havamall.vn\/en\/wp-json\/wp\/v2\/product"}],"about":[{"href":"https:\/\/havamall.vn\/en\/wp-json\/wp\/v2\/types\/product"}],"replies":[{"embeddable":true,"href":"https:\/\/havamall.vn\/en\/wp-json\/wp\/v2\/comments?post=20212"}],"version-history":[{"count":0,"href":"https:\/\/havamall.vn\/en\/wp-json\/wp\/v2\/product\/20212\/revisions"}],"wp:featuredmedia":[{"embeddable":true,"href":"https:\/\/havamall.vn\/en\/wp-json\/wp\/v2\/media\/20214"}],"wp:attachment":[{"href":"https:\/\/havamall.vn\/en\/wp-json\/wp\/v2\/media?parent=20212"}],"wp:term":[{"taxonomy":"product_brand","embeddable":true,"href":"https:\/\/havamall.vn\/en\/wp-json\/wp\/v2\/product_brand?post=20212"},{"taxonomy":"product_cat","embeddable":true,"href":"https:\/\/havamall.vn\/en\/wp-json\/wp\/v2\/product_cat?post=20212"},{"taxonomy":"product_tag","embeddable":true,"href":"https:\/\/havamall.vn\/en\/wp-json\/wp\/v2\/product_tag?post=20212"}],"curies":[{"name":"wp","href":"https:\/\/api.w.org\/{rel}","templated":true}]}}