{"id":20164,"date":"2021-05-22T11:54:05","date_gmt":"2021-05-22T04:54:05","guid":{"rendered":"https:\/\/havamall.vn\/?post_type=product&#038;p=20164"},"modified":"2022-05-10T09:51:50","modified_gmt":"2022-05-10T02:51:50","slug":"cay-vet-bot-bang-silicone-sieu-ben-silicone-powder-scraper","status":"publish","type":"product","link":"https:\/\/havamall.vn\/en\/shop\/cay-vet-bot-bang-silicone-sieu-ben-silicone-powder-scraper\/","title":{"rendered":"C\u00e2y V\u00e9t B\u1ed9t B\u1eb1ng Silicone Si\u00eau B\u1ec1n Havafoodies- Silicone Powder Scraper"},"content":{"rendered":"<p>Ph\u1edbi silicon l\u00e0 m\u1ed9t v\u1eadt d\u1ee5ng kh\u00e1 quen thu\u1ed9c. V\u1edbi c\u00f4ng d\u1ee5ng tr\u1ed9n v\u00e0 v\u00e9t b\u1ed9t b\u00e1nh, h\u1ed7n h\u1ee3p tr\u1ee9ng\u2026s\u1ebd gi\u00fap b\u1ea1n ti\u1ebft ki\u1ec7m nguy\u00ean li\u1ec7u v\u00e0 c\u00f4ng vi\u1ec7c l\u00e0m b\u00e1nh s\u1ebd nh\u1eb9 nh\u00e0ng v\u00e0 g\u1ecdn g\u00e0ng ng\u0103n n\u1eafp h\u01a1n.<\/p>\n<p>L\u00e0 m\u1ed9t d\u1ee5ng c\u1ee5 c\u01a1 b\u1ea3n trong qu\u00e1 tr\u00ecnh t\u1ea1o n\u00ean l\u1edbp b\u1ed9t b\u00e1nh nh\u01b0 \u00fd, c\u00e2y v\u00e9t b\u1ed9t s\u1ebd khi\u1ebfn b\u1ea1n h\u00e0i l\u00f2ng khi c\u00f3 th\u1ec3 c\u1ea7m v\u1eeba v\u1eb7n tr\u00ean tay v\u00e0 th\u1ef1c hi\u1ec7n c\u00e1c thao t\u00e1c nh\u00e0o b\u1ed9t nhanh h\u01a1n v\u00e0 v\u00e9t b\u1ed9t \u0111\u01b0\u1ee3c g\u1ecdn h\u01a1n.<\/p>\n<p><img fetchpriority=\"high\" decoding=\"async\" class=\"aligncenter\" src=\"https:\/\/havamall.vn\/wp-content\/uploads\/2021\/05\/21cm_silicone_spatula_cooking__1617707896_ed7f0d65_progressive.jpg\" alt=\"21cm(Small) Silicone Spatula Cooking Baking Scraper Cake Cream Butter Mixing Batter Kitchen Tool (Available: Red, Orange, Yellow and Blue), Furniture &amp; Home Living, Home Improvement &amp; Organization, Home Improvement Tools &amp; Accessories\" width=\"732\" height=\"732\" \/><\/p>\n<p>C\u00e2y v\u00e9t b\u1ed9t hay c\u00f2n g\u1ecdi l\u00e0 spatula \u0111\u01b0\u1ee3c l\u00e0m b\u1eb1ng silicon nguy\u00ean ch\u1ea5t kh\u00f4ng m\u00f9i, kh\u00f4ng \u0111\u1ed9c h\u1ea1i, kh\u00f4ng phai v\u00e0 ch\u1ecbu \u0111\u01b0\u1ee3c nhi\u1ec7t \u0111\u1ed9 cao. \u0110\u00e2y l\u00e0 d\u1ee5ng c\u1ee5 kh\u00f4ng th\u1ec3 thi\u1ebfu khi l\u00e0m b\u00e1nh, v\u00e9t b\u1ed9t silicone thi\u1ebft k\u1ebf nh\u1ecf g\u1ecdn m\u1ec1m m\u1ea1i d\u1ebbo dai r\u1ea5t d\u1ec5 khi thao t\u00e1c.<\/p>\n<p><img decoding=\"async\" class=\"aligncenter\" src=\"https:\/\/imagesvc.meredithcorp.io\/v3\/mm\/image?url=https%3A%2F%2Fstatic.onecms.io%2Fwp-content%2Fuploads%2Fsites%2F43%2F2021%2F02%2F05%2Fsilicone-spatulas-f.png\" alt=\"Why These $3 Mini Spatulas Will Become Your Favorite Kitchen Tool | Allrecipes\" width=\"728\" height=\"485\" \/><\/p>\n<p>\u0110\u1eb7c bi\u1ec7t ch\u1ecbu \u0111\u01b0\u1ee3c nhi\u1ec7t \u0111\u1ed9 cao t\u1eeb -40 \u0111\u1ed9 \u0111\u1ebfn 230 \u0111\u1ed9, n\u00ean b\u1ea1n c\u00f3 th\u1ec3 ho\u00e0n to\u00e0n y\u00ean t\u00e2m khi s\u1eed d\u1ee5ng. V\u1edbi spatula b\u1eb1ng silicon \u0111\u00fac, b\u1ea1n y\u00ean t\u00e2m khi d\u00f9ng \u0111\u1ec3 n\u1ea5u s\u00fap, khu\u1ea5y dung d\u1ecbch ho\u1eb7c n\u1ea5u socola n\u00f3ng ch\u1ea3y, \u0111un h\u1ed7n h\u1ee3p c\u00e1ch th\u1ee7y m\u00e0 kh\u00f4ng lo b\u1ecb h\u1ecfng.<\/p>\n<p><img decoding=\"async\" class=\"aligncenter\" src=\"https:\/\/havamall.vn\/wp-content\/uploads\/2021\/05\/cac-dia-chi-cua-hang-ban-dung-cu-va-nguyen-vat-lieu-lam-banh-o-vung-tau 2.jpg\" alt=\"\u0110\u1ecba Ch\u1ec9 B\u00e1n D\u1ee5ng C\u1ee5 V\u00e0 Nguy\u00ean Li\u1ec7u L\u00e0m B\u00e1nh \u1ede V\u0169ng T\u00e0u | Cooky.vn\" width=\"724\" height=\"408\" \/><\/p>\n<p>Thi\u1ebft k\u1ebf v\u1eeba tay c\u1ea7m kh\u00f4ng g\u00e2y m\u1ecfi tay khi s\u1eed d\u1ee5ng. Ch\u1ea5t li\u1ec7u silicon v\u00f4 c\u00f9ng d\u1ec5 lau r\u1eeda, b\u1ec1 m\u1eb7t kh\u00f4ng c\u00f3 c\u00e1c \u0111\u01b0\u1eddng v\u00e2n, kh\u1edbp n\u1ed1i n\u00ean ch\u1ec9 c\u1ea7n x\u1ed1i n\u01b0\u1edbc b\u1ed9t s\u1ebd tr\u00f4i m\u1ea5t kh\u00f4ng m\u1ea5t c\u00f4ng c\u1ecd r\u1eeda. C\u1ea3 chi\u1ebfc ph\u1edbi l\u00e0 m\u1ed9t kh\u1ed1i li\u1ec1n nguy\u00ean kh\u1ed1i r\u1ea5t d\u1ebbo dai, c\u1ee9ng ch\u1eafc v\u00e0 c\u1ea7m ch\u1eafc tay n\u00ean c\u00f3 th\u1ec3 tr\u1ed9n \u0111\u01b0\u1ee3c c\u00e1c lo\u1ea1i b\u1ed9t c\u1ee9ng nh\u01b0 b\u1ed9t b\u00e1nh n\u01b0\u1edbng, dai nh\u01b0 b\u1ed9t b\u00e1nh d\u1ebbo, b\u1ed9t ng\u00e0n l\u1edbp\u2026 m\u00e0 kh\u00f4ng lo b\u1ecb \u0111\u1ee9t g\u00e3y. Ph\u1edbi v\u00e9t b\u1ed9t \u0111\u01b0\u1ee3c thi\u1ebft k\u1ebf c\u00f3 l\u1ed7 tr\u00f2n \u1edf th\u00e2n \u0111\u1ec3 treo l\u00ean sau m\u1ed7i l\u1ea7n s\u1eed d\u1ee5ng.<\/p>\n<p><img loading=\"lazy\" decoding=\"async\" class=\"aligncenter\" src=\"https:\/\/havamall.vn\/wp-content\/uploads\/2021\/05\/47ee1fbb3f5fae156f9d3eb6a8a066c5.jpg\" alt=\"54 ideias de Cozinha no aliexpress | aliexpress, cozinha, aparelhos de cozinha rosa\" width=\"706\" height=\"706\" \/><\/p>\n<p>Spatula \u0111\u01b0\u1ee3c thi\u1ebft k\u1ebf li\u1ec1n m\u1ea1ch gi\u1eefa ph\u1ea7n \u0111\u1ea7u v\u00e0 ph\u1ea7n c\u00e1n theo khu\u00f4n \u0111\u00fac n\u00ean trong qu\u00e1 tr\u00ecnh s\u1eed d\u1ee5ng kh\u00e1ch h\u00e0ng s\u1ebd kh\u00f4ng ph\u1ea3i lo hai ph\u1ea7n s\u1ebd b\u1ecb long ra kh\u1ecfi nhau. \u0110\u1ed9 nh\u00e1m c\u1ee7a ch\u1ea5t li\u1ec7u silicone t\u1ea1o c\u1ea3m gi\u00e1c ch\u1eafc tay v\u00e0 kh\u00f4ng b\u1ecb tr\u01a1n khi d\u00f9ng.<\/p>\n<p><img loading=\"lazy\" decoding=\"async\" class=\"aligncenter\" src=\"https:\/\/havamall.vn\/wp-content\/uploads\/2021\/05\/HTB1WME.ayLxK1Rjy0Ffq6zYdVXa3.jpg_.webp\" alt=\"Hot Sale Silicone Cake Ice Scraper Food Grade Silicone Butter Spatula - Buy 2020 New Silicone Spatula Set Gadgets Pastry Baking Accessories Kitchenware Baking Supplies Tools Kitchen Cake Rubber Reposteria,Silicone Spatula,Baking Spatula\" width=\"713\" height=\"713\" \/><\/p>\n<p>Spatula \u0111\u01b0\u1ee3c d\u00f9ng nhi\u1ec1u trong l\u00e0m b\u00e1nh , d\u00f9ng \u0111\u1ec3 \u0111\u00e1nh b\u1ed9t, tr\u1ed9n \u0111\u1ec1u b\u1ed9t v\u1edbi c\u00e1c nguy\u00ean li\u1ec7u kh\u00e1c t\u1ea1o ra m\u1ed9t kh\u1ed1i b\u1ed9t m\u1ecbn v\u00e0 kh\u00f4ng v\u00f3n c\u1ee5c ngo\u00e0i ra c\u00f3 th\u1ec3 d\u1ec5 d\u00e0ng l\u00e0m s\u1ea1ch v\u00e0 v\u00e9t s\u1ea1ch b\u1ed9t kh\u00f4ng l\u00e0m s\u01b0\u1edbc v\u00e0 b\u00e1m b\u1ed9t nhi\u1ec1u tr\u00ean th\u00e0nh \u00e2u.<\/p>\n<p>C\u00e2y v\u00e9t b\u1ed9t v\u1edbi thi\u1ebft k\u1ebf \u0111\u01a1n gi\u1ea3n, nh\u01b0ng c\u0169ng kh\u00f4ng k\u00e9m ph\u1ea7n tinh t\u1ebf, m\u00e0u s\u1eafc phong ph\u00fa n\u00ean kh\u00e1ch h\u00e0ng c\u00f3 th\u1ec3 tha h\u1ed3 \u0111\u01b0\u1ee3c l\u1ef1a ch\u1ecdn m\u00e0u s\u1eafc m\u00e0 m\u00ecnh y\u00eau th\u00edch.<\/p>\n<p>S\u1ea3n ph\u1ea9m hi\u1ec7n \u0111\u00e3 c\u00f3 m\u1eb7t t\u1ea1i Havamall.<\/p>","protected":false},"excerpt":{"rendered":"<p>Ph\u1edbi silicon l\u00e0 m\u1ed9t v\u1eadt d\u1ee5ng kh\u00e1 quen thu\u1ed9c. V\u1edbi c\u00f4ng d\u1ee5ng tr\u1ed9n v\u00e0 v\u00e9t b\u1ed9t b\u00e1nh, h\u1ed7n h\u1ee3p tr\u1ee9ng\u2026s\u1ebd<\/p>","protected":false},"featured_media":21363,"comment_status":"open","ping_status":"closed","template":"","meta":[],"product_brand":[],"product_cat":[393,255,35],"product_tag":[],"class_list":{"0":"post-20164","1":"product","2":"type-product","3":"status-publish","4":"has-post-thumbnail","6":"product_cat-bep-phong-an","7":"product_cat-nguyen-lieu-lam-banh","8":"product_cat-nha-cua-doi-song","9":"pa_brand-skx","11":"first","12":"instock","13":"sale","14":"shipping-taxable","15":"purchasable","16":"product-type-simple"},"_links":{"self":[{"href":"https:\/\/havamall.vn\/en\/wp-json\/wp\/v2\/product\/20164"}],"collection":[{"href":"https:\/\/havamall.vn\/en\/wp-json\/wp\/v2\/product"}],"about":[{"href":"https:\/\/havamall.vn\/en\/wp-json\/wp\/v2\/types\/product"}],"replies":[{"embeddable":true,"href":"https:\/\/havamall.vn\/en\/wp-json\/wp\/v2\/comments?post=20164"}],"version-history":[{"count":0,"href":"https:\/\/havamall.vn\/en\/wp-json\/wp\/v2\/product\/20164\/revisions"}],"wp:featuredmedia":[{"embeddable":true,"href":"https:\/\/havamall.vn\/en\/wp-json\/wp\/v2\/media\/21363"}],"wp:attachment":[{"href":"https:\/\/havamall.vn\/en\/wp-json\/wp\/v2\/media?parent=20164"}],"wp:term":[{"taxonomy":"product_brand","embeddable":true,"href":"https:\/\/havamall.vn\/en\/wp-json\/wp\/v2\/product_brand?post=20164"},{"taxonomy":"product_cat","embeddable":true,"href":"https:\/\/havamall.vn\/en\/wp-json\/wp\/v2\/product_cat?post=20164"},{"taxonomy":"product_tag","embeddable":true,"href":"https:\/\/havamall.vn\/en\/wp-json\/wp\/v2\/product_tag?post=20164"}],"curies":[{"name":"wp","href":"https:\/\/api.w.org\/{rel}","templated":true}]}}