{"id":20160,"date":"2021-05-22T11:08:16","date_gmt":"2021-05-22T04:08:16","guid":{"rendered":"https:\/\/havamall.vn\/?post_type=product&#038;p=20160"},"modified":"2021-08-17T19:15:23","modified_gmt":"2021-08-17T12:15:23","slug":"ban-chai-danh-rang-o-right-toothbrush","status":"publish","type":"product","link":"https:\/\/havamall.vn\/en\/shop\/ban-chai-danh-rang-o-right-toothbrush\/","title":{"rendered":"B\u00e0n Ch\u1ea3i \u0110\u00e1nh R\u0103ng L\u00f4ng Si\u00eau M\u1ec1m B\u1ea3o V\u1ec7 R\u0103ng V\u00e0 N\u01b0\u1edbu &#8211; O-Right Super Soft Bristle Toothbrush"},"content":{"rendered":"<div class=\"group-n\">\n<div class=\"group\">B\u1ea1n c\u00f3 bi\u1ebft r\u1eb1ng 80% vi khu\u1ea9n kh\u00f4ng n\u1eb1m tr\u00ean r\u0103ng? \u0110\u00f3 l\u00e0 l\u00fd do t\u1ea1i sao ch\u1ea3i s\u1ea1ch r\u0103ng, l\u01b0\u1ee1i, m\u00e1 v\u00e0 n\u01b0\u1edbu c\u0169ng r\u1ea5t quan tr\u1ecdng. \u0110\u00e1nh r\u0103ng b\u1eb1ng b\u00e0n ch\u1ea3i gi\u00fap kh\u1eed m\u00f9i h\u00f4i v\u00e0 ng\u0103n ng\u1eeba c\u00e1c b\u1ec7nh v\u1ec1 r\u0103ng mi\u1ec7ng. B\u00e0n ch\u1ea3i \u0111\u00e1nh r\u0103ng O-Right v\u1edbi c\u1ea5u tr\u00fac l\u00f4ng b\u00e0n tr\u1ea3i hai t\u1ea7ng, s\u1ee3i 0,01mm len l\u1ecfi v\u00e0o t\u1eebng k\u1ebd r\u0103ng gi\u00fap ch\u1ea3i r\u0103ng s\u1ea1ch h\u01a1n, massage n\u01b0\u1edbu l\u1ee3i v\u00e0 l\u1ee3i gi\u00fap lo\u1ea1i b\u1ecf nh\u1eefng m\u1ea3ng b\u00e1m c\u1ee9ng \u0111\u1ea7u nh\u1ea5t. L\u00e0m s\u1ea1ch t\u1eadn s\u00e2u b\u00ean trong r\u0103ng m\u00e0 kh\u00f4ng l\u00e0m t\u1ed5n th\u01b0\u01a1ng n\u01b0\u1edbu, r\u0103ng.<\/div>\n<div><img decoding=\"async\" class=\"aligncenter\" src=\"https:\/\/havamall.vn\/wp-content\/uploads\/2021\/05\/20201224_111540_1.png\" alt=\"B\u00e0n ch\u1ea3i \u0111\u00e1nh r\u0103ng c\u00e1c lo\u1ea1i ORIGHT Toothbrush (set 4 c\u00e1i) - Korea Trend Mall\" \/><\/div>\n<\/div>\n<p>Th\u00e2n b\u00e0n ch\u1ea3i l\u01b0\u1ee3n s\u00f3ng gi\u00fap ch\u1ea3i s\u1ea1ch to\u00e0n di\u1ec7n \u0111\u1ebfn t\u1eadn r\u0103ng trong c\u00f9ng. S\u1eed d\u1ee5ng c\u00f4ng ngh\u1ec7 h<span style=\"font-weight: 400\">o\u1ea1t t\u00ednh kh\u00e1ng khu\u1ea9n 99,9% \u1ee9c ch\u1ebf s\u1ef1 ph\u00e1t tri\u1ec3n c\u1ee7a vi khu\u1ea9n g\u00e2y b\u1ec7nh n\u01b0\u1edbu r\u0103ng,\u00a0<\/span>gi\u00fap ti\u00eau di\u1ec7t, ng\u0103n ch\u1eb7n s\u1ef1 sinh s\u00f4i, x\u00e2m nh\u1eadp c\u1ee7a vi khu\u1ea9n, kh\u1eed m\u00f9i h\u00f4i, ng\u0103n ng\u1eeba b\u1ec7nh r\u0103ng mi\u1ec7ng.<\/p>\n<p><img fetchpriority=\"high\" decoding=\"async\" class=\"aligncenter\" src=\"http:\/\/gdimg.gmarket.co.kr\/718846179\/still\/600?ver=0\" alt=\"G\ub9c8\ucf13 - 32\uac1c \uc624\ub77c\uc774\ud2b8 \uce6b\uc194 \ud56d\uade0 \uc774\uc911\ubaa8 \uce6b\uc194 \uc774\uc911\ubaa8 \ubbf8\uc138\ubaa8\" width=\"595\" height=\"595\" \/><\/p>\n<p><span style=\"font-weight: 400\">\u0110\u1ea7u b\u00e0n ch\u1ea3i \u0111\u01b0\u1ee3c thi\u1ebft k\u1ebf g\u1ecdn g\u00e0ng l\u00e0m s\u1ea1ch m\u1ecdi ng\u00f3c ng\u00e1ch trong mi\u1ec7ng.\u00a0<\/span><span style=\"font-weight: 400\">Thi\u1ebft k\u1ebf tay c\u1ea7m b\u00e0n ch\u1ea3i \u0111\u00e1nh r\u0103ng h\u00ecnh l\u01b0\u1ee1i li\u1ec1m ch\u1ed1ng tr\u01b0\u1ee3t v\u00e0 tay c\u1ea7m tho\u1ea3i m\u00e1i.<\/span><\/p>\n<p><img decoding=\"async\" class=\"aligncenter\" src=\"https:\/\/havamall.vn\/wp-content\/uploads\/2021\/05\/1b16df60e1.jpg\" alt=\"\uc624\ub77c\uc774\ud2b8 \uc6f0\ube59 \uc544\ub85c\ub9c8 \ud5a5\uae30 \uce6b\uc194 20+1 \ud56d\uade0 \uce6b\uc194\uc138\ud2b8 - \uc625\uc158\" \/><\/p>\n<h4><strong>\u0110\u1eb7c \u0111i\u1ec3m n\u1ed5i b\u1eadt c\u1ee7a s\u1ea3n ph\u1ea9m:<\/strong><\/h4>\n<p>&#8211; \u0110\u1ea7u l\u00f4ng si\u00eau m\u1ea3nh 0.01mm: gi\u00fap nh\u1eb9 nh\u00e0ng lo\u1ea1i b\u1ecf m\u1ea3ng b\u00e1m t\u1eeb c\u00e1c k\u1ebd r\u0103ng gi\u00fap \u0111\u00e1nh b\u00f3ng v\u1ec1 m\u1eb7t r\u0103ng, gi\u1ea3m m\u1ea3ng b\u00e1m \u1ed1 v\u00e0ng, cho r\u0103ng tr\u1eafng b\u00f3ng.<\/p>\n<p>&#8211; Thi\u1ebft k\u1ebf c\u00e1n b\u00e0n ch\u1ea3i kh\u00e1 l\u1ea1 m\u1eaft v\u1edbi c\u1ed5 c\u00f3 c\u00f3 nhi\u1ec1u ng\u1ea5n gi\u00fap chuy\u1ec3n \u0111\u1ed9ng linh ho\u1ea1t, ch\u1ea3i s\u1ea1ch c\u1ea3 nh\u1eefng r\u0103ng trong c\u00f9ng m\u00e0 b\u00e0n ch\u1ea3i th\u00f4ng th\u01b0\u1eddng kh\u00f3 ch\u1ea1m \u0111\u1ebfn nh\u1ea5t<\/p>\n<p>&#8211; M\u1eb7t ch\u1ea3i l\u01b0\u1ee1i b\u1eb1ng nh\u1ef1a d\u1ebbo m\u1ec1m m\u1ea1i: v\u1edbi thi\u1ebft k\u1ebf r\u00e3nh gi\u00fap ch\u1ea3i s\u1ea1ch l\u01b0\u1ee1i m\u00e0 kh\u00f4ng g\u00e2y t\u1ed5n h\u1ea1i, cho h\u01a1i th\u1edf th\u01a1m m\u00e1t.<\/p>\n<h4><strong>H\u01b0\u1edbng d\u1eabn ch\u1ea3i r\u0103ng \u0111\u00fang c\u00e1ch:<\/strong><\/h4>\n<div>&#8211; Ch\u1ea3i m\u1eb7t ngo\u00e0i: \u0110\u1eb7t b\u00e0n ch\u1ea3i nghi\u00eang 45 \u0111\u1ed9, rung nh\u1eb9 v\u00e0 ch\u1ea3i l\u00ean xu\u1ed1ng theo h\u01b0\u1edbng.<\/div>\n<div>&#8211; Ch\u1ea3i m\u1eb7t trong: t\u01b0\u01a1ng t\u1ef1 m\u1eb7t ngo\u00e0i.<\/div>\n<div>&#8211; Ch\u1ea3i m\u1eb7t nhai: Ch\u1ea3i theo chi\u1ec1u t\u1edbi lui.<\/div>\n<div>&#8211; Ch\u1ea3i m\u1eb7t trong r\u0103ng c\u1eeda: \u0110\u1eb7t b\u00e0n ch\u1ea3i theo chi\u1ec1u \u0111\u1ee9ng, rung nh\u1eb9 v\u00e0 ch\u1ea3i v\u1ec1 ph\u00eda c\u1eb1m.<\/div>\n<div>&#8211; Ch\u1ea3i m\u1eb7t l\u01b0\u1ee1i: \u0111\u1eebng qu\u00ean ch\u1ea3i m\u1eb7t l\u01b0\u1ee1i c\u1ee7a b\u1ea1n.<\/div>\n<p>S\u1ea3n ph\u1ea9m hi\u1ec7n \u0111\u00e3 c\u00f3 m\u1eb7t t\u1ea1i Havamall.<\/p>","protected":false},"excerpt":{"rendered":"<p>B\u1ea1n c\u00f3 bi\u1ebft r\u1eb1ng 80% vi khu\u1ea9n kh\u00f4ng n\u1eb1m tr\u00ean r\u0103ng? \u0110\u00f3 l\u00e0 l\u00fd do t\u1ea1i sao ch\u1ea3i s\u1ea1ch r\u0103ng,<\/p>","protected":false},"featured_media":20161,"comment_status":"open","ping_status":"closed","template":"","meta":[],"product_brand":[],"product_cat":[396,35],"product_tag":[],"class_list":{"0":"post-20160","1":"product","2":"type-product","3":"status-publish","4":"has-post-thumbnail","6":"product_cat-suc-khoe-lam-dep","7":"product_cat-nha-cua-doi-song","9":"first","10":"outofstock","11":"sale","12":"shipping-taxable","13":"purchasable","14":"product-type-simple"},"_links":{"self":[{"href":"https:\/\/havamall.vn\/en\/wp-json\/wp\/v2\/product\/20160"}],"collection":[{"href":"https:\/\/havamall.vn\/en\/wp-json\/wp\/v2\/product"}],"about":[{"href":"https:\/\/havamall.vn\/en\/wp-json\/wp\/v2\/types\/product"}],"replies":[{"embeddable":true,"href":"https:\/\/havamall.vn\/en\/wp-json\/wp\/v2\/comments?post=20160"}],"version-history":[{"count":0,"href":"https:\/\/havamall.vn\/en\/wp-json\/wp\/v2\/product\/20160\/revisions"}],"wp:featuredmedia":[{"embeddable":true,"href":"https:\/\/havamall.vn\/en\/wp-json\/wp\/v2\/media\/20161"}],"wp:attachment":[{"href":"https:\/\/havamall.vn\/en\/wp-json\/wp\/v2\/media?parent=20160"}],"wp:term":[{"taxonomy":"product_brand","embeddable":true,"href":"https:\/\/havamall.vn\/en\/wp-json\/wp\/v2\/product_brand?post=20160"},{"taxonomy":"product_cat","embeddable":true,"href":"https:\/\/havamall.vn\/en\/wp-json\/wp\/v2\/product_cat?post=20160"},{"taxonomy":"product_tag","embeddable":true,"href":"https:\/\/havamall.vn\/en\/wp-json\/wp\/v2\/product_tag?post=20160"}],"curies":[{"name":"wp","href":"https:\/\/api.w.org\/{rel}","templated":true}]}}